{"id":3955,"date":"2024-05-03T06:31:20","date_gmt":"2024-05-03T06:31:20","guid":{"rendered":"https:\/\/elfsight.com\/it\/?page_id=3955"},"modified":"2025-03-21T11:12:00","modified_gmt":"2025-03-21T11:12:00","slug":"elementor","status":"publish","type":"page","link":"https:\/\/elfsight.com\/it\/business-hours-widget\/elementor\/","title":{"rendered":"Business Hours &#8211; Elementor"},"content":{"rendered":"\n<div class=\"application-platform-content-item-description application-platform-content-item\" id=\"description\" data-nav-section=\"description\"> <h2>Incorpora l&#8217;orario di lavoro su Elementor con un widget Elfsight<\/h2> <p>Elfsight Business Hours per Elementor \u00e8 un semplice widget senza codice che abilita di costruire un biglietto da visita accattivante contenente i dettagli pi\u00f9 importanti sul tuo lavoro. Puoi condividere informazioni sullo stato attuale della tua attivit\u00e0 e fornire contatti per i tuoi clienti. Il widget ti consente di progettare design intuitivi, in modo che i clienti possano trovare facilmente tutte le informazioni richieste in modo breve o pi\u00f9 dettagliato. <\/p><p>L&#8217;eccellente widget offre diversi modelli, in modo che tu possa selezionare l&#8217;opzione pi\u00f9 efficiente per il tuo sito web. Ogni modello ha impostazioni flessibili per aiutarti a creare un widget personale con gli elementi richiesti come i pulsanti di ordine e registrazione che aumentano le vendite. Aggiungere i periodi lavorativi e i dati di contatto della tua azienda al tuo sito web \u00e8 assolutamente semplice con Elfsight grazie a tutorial e istruzioni chiari. Qualsiasi utente pu\u00f2 sviluppare e incorporare il widget Orario lavorativo senza codice<\/p> <p><b>Integra i dettagli aziendali nel tuo sito web per aumentare le vendite e la fidelizzazione dei clienti. Fornisci informazioni importanti sui tuoi periodi di lavoro in modo chiaro.<\/b><\/p> <p>Con questa soluzione incorporata nel tuo sito Web Elementor, puoi rendere il tuo pubblico pi\u00f9 consapevole dei tuoi processi e garantire vendite migliorate. Scopri alcuni dei maggiori risultati positivi per il tuo sito web quando aggiungi il widget gratuito dell&#8217;orario di lavoro. <\/p><ul><li><b>Fai in modo che i clienti siano sempre tempestivi.<\/b> Aumenta le vendite, grazie alla presenza costante nei periodi lavorativi stabiliti. I visitatori del tuo sito web ricorderanno i tuoi orari di disponibilit\u00e0 e avranno pi\u00f9 sicurezza per effettuare un acquisto di successo quando saranno pronti. <\/li><li><b>Evita confusione riguardo al tuo orario di lavoro.<\/b> Mostrare il tuo orario di lavoro dignitoso ai clienti sul sito web li render\u00e0 pi\u00f9 fedeli alla tua organizzazione poich\u00e9 saranno in grado di pianificare una prenotazione o una visita a te. <\/li><li><b>Fornisci le informazioni di contatto in modo conveniente.<\/b> L&#8217;aggiunta delle informazioni di contatto al widget degli orari di apertura senza codice ti consente di effettuare le vendite pi\u00f9 velocemente. Dimostra che sei qui per rispondere alle loro preoccupazioni sui prodotti e servizi della tua azienda, ottenendo maggiore lealt\u00e0 e rispetto. <\/li><\/ul><div class=\"faq\" data-component=\"FAQ\"><div class=\"faq-item\">\r\n\t\t\t\t\t<div class=\"faq-item-question\">\r\n\t\t\t\t\t\t<h3 class=\"faq-item-question-text\">Ci sono altri plugin per Elementor che posso incorporare nel mio sito web?<\/h3>\r\n\r\n\t\t\t\t\t\t<div class=\"faq-item-question-icon\"><\/div>\r\n\t\t\t\t\t<\/div>\r\n\r\n\t\t\t\t\t<div class=\"faq-item-answer\">\r\n\t\t\t\t\t\t<div class=\"faq-item-answer-text\">Possiamo concederti molti plugin per raggiungere qualsiasi tipo di obiettivo sul tuo sito web. Ecco alcuni esempi: <a href=\"https:\/\/elfsight.com\/google-reviews-widget\/elementor\/\" target=\"_blank\" rel=\"noopener\">Google Recensioni<\/a>, <a href=\"https:\/\/elfsight.com\/whatsapp-chat-widget\/elementor\/\" target=\"_blank\" rel=\"noopener\">Chat di WhatsApp<\/a>, <a href=\"https:\/\/elfsight.com\/event-calendar-widget\/elementor\/\" target=\"_blank\" rel=\"noopener\">Calendario eventi<\/a>, <a href=\"https:\/\/elfsight.com\/countdown-timer-widget\/elementor\/\" target=\" _blank\" rel=\"noopener\">Conto alla rovescia<\/a>, <a href=\"https:\/\/elfsight.com\/qr-code-widget\/elementor\/\" target=\"_blank\" rel=\"noopener\">Codice QR <\/a>. <\/div>\r\n\t\t\t\t\t<\/div>\r\n\t\t\t\t<\/div><div class=\"faq-item\">\r\n\t\t\t\t\t<div class=\"faq-item-question\">\r\n\t\t\t\t\t\t<h3 class=\"faq-item-question-text\">Come posso ottenere risultati con l'orario di lavoro su Elementor?<\/h3>\r\n\r\n\t\t\t\t\t\t<div class=\"faq-item-question-icon\"><\/div>\r\n\t\t\t\t\t<\/div>\r\n\r\n\t\t\t\t\t<div class=\"faq-item-answer\">\r\n\t\t\t\t\t\t<div class=\"faq-item-answer-text\"> Puoi accedere a molti modi per migliorare i tassi di conversione e i risultati di vendita aggiungendo un plug-in dell&#8217;orario di lavoro. Con i modelli di Elfsight per questo meraviglioso plugin per siti web, \u00e8 possibile scegliere una strategia aziendale individuale. Puoi dimostrare informazioni approfondite sul tuo orario di lavoro e sui modi per contattarti o semplicemente inserire una barra di stato operativo minimalista. Puoi creare schede di contatto con il plug-in degli orari di apertura e aggiungerle alle posizioni del sito Web desiderate per attirare l&#8217;attenzione e informare i clienti sulla tua attivit\u00e0 commerciale per ispirare le vendite. <\/div>\r\n\t\t\t\t\t<\/div>\r\n\t\t\t\t<\/div><div class=\"faq-item\">\r\n\t\t\t\t\t<div class=\"faq-item-question\">\r\n\t\t\t\t\t\t<h3 class=\"faq-item-question-text\">Come incorporare gratuitamente l'orario lavorativo sui siti Web Elementor?<\/h3>\r\n\r\n\t\t\t\t\t\t<div class=\"faq-item-question-icon\"><\/div>\r\n\t\t\t\t\t<\/div>\r\n\r\n\t\t\t\t\t<div class=\"faq-item-answer\">\r\n\t\t\t\t\t\t<div class=\"faq-item-answer-text\">Incorporare un orario lavorativo nel tuo sito Web Elementor \u00e8 un metodo perfetto per avviare la comunicazione con i visitatori e informarli sull&#8217;orario e sullo stato validi per effettuare vendita o offerta di servizi. Di seguito sono riportati i tutorial su come aggiungere il plug-in per le ore di funzionamento senza codice al tuo sito web. <ol><li>Quando \u00e8 necessario incorporare gratuitamente un Elfsight Business Hours in Elementor, procedere al sito Web Elfsight e registrarsi. <\/li><li>Crea il plug-in gratuito per le ore di attivit\u00e0 adattandone l&#8217;aspetto e le impostazioni al design del tuo sito Web Elementor. <\/li><li>Dopo aver modificato l&#8217;orario lavorativo, copia il codice generato e incollalo nel tuo sito web Elementor dove desideri che appaia il plug-in. <\/li><\/ol>Aggiungendo l&#8217;orario lavorativo al tuo sito web Elementor, migliorerai sicuramente la sua attrattiva visiva e ispirerai un coinvolgimento sostenibile dei clienti. Sperimenta i vantaggi del plugin Elfsight Business Hours senza alcun costo per te! <\/div>\r\n\t\t\t\t\t<\/div>\r\n\t\t\t\t<\/div><\/div><\/div><div class=\"application-platform-content-item-features application-platform-content-item\" id=\"features\" data-nav-section=\"features\"> <h2>Il widget offre funzionalit\u00e0 utili e semplici, eccone alcune:<\/h2> <ul><li>Mostra la tua attivit\u00e0 &#8216; stato in tempo reale<\/li><li>Semplice regolazione del periodo lavorativo <\/li><li>Configurazione dei giorni speciali<\/li><li>Indicazione dell&#8217;attivit\u00e0 in tempo reale<\/li><li>Tabella incorporabile o stato compatto <\/li><\/ul><p><a href=\"#demo\">Prova semplicemente questa demo per vedere quanto vale il widget<\/a><\/p><\/div> <div class=\"application-platform-content-item-installation application-platform-content-item\" id=\"installation\" data-nav-section=\"installation\"> <h2>Come incorporo l&#8217;orario lavorativo nel mio sito Web Elementor?<\/h2> <p>Basta applicare le istruzioni seguenti per integrare il plug-in con i periodi di disponibilit\u00e0.<\/p> <ol><li><b> Utilizza la nostra demo e inizia a creare il tuo plug-in senza codice personalizzato.<\/b><br> Specifica il layout e le specifiche preferibili del plug-in e salva le modifiche. <\/li> <li><b>Ricevi il codice individuale che appare nella finestra delle app Elfsight.<\/b><br> Una volta terminato il widget delle ore di funzionamento senza codice, copia il codice dalla finestra visualizzata e salva Esso. <\/li> <li><b>Inizia a utilizzare il plug-in sul tuo sito Elementor.<\/b><br> Integra il codice che hai copiato di recente nella tua home page e salva le modifiche. <\/li> <li><b>Fatto! L&#8217;incorporamento del tuo orario lavorativo senza codice \u00e8 stato eseguito correttamente.<\/b><br> Visita il tuo sito web per dare un&#8217;occhiata a come funziona l&#8217;app per gli orari di apertura aggiunti. <\/li><\/ol> <p>Nel caso in cui riscontri delle complicazioni, non aver paura di rivolgerti al nostro team di assistenza clienti. I nostri consulenti saranno felici di aiutarti con tutte le domande che potresti avere sul plugin per Elementor. <\/p><\/div>\n","protected":false},"excerpt":{"rendered":"","protected":false},"author":9,"featured_media":0,"parent":3120,"menu_order":0,"comment_status":"closed","ping_status":"closed","template":"templates\/template-application-platform.php","meta":{"publish_to_discourse":"","publish_post_category":"","wpdc_auto_publish_overridden":"","wpdc_topic_tags":"","wpdc_pin_topic":"","wpdc_pin_until":"","discourse_post_id":"","discourse_permalink":"","wpdc_publishing_response":"","wpdc_publishing_error":"","footnotes":""},"class_list":["post-3955","page","type-page","status-publish","hentry"],"yoast_head":"<!-- This site is optimized with the Yoast SEO plugin v25.3.1 - https:\/\/yoast.com\/wordpress\/plugins\/seo\/ -->\n<title>Aggiungi orari lavorativi a Elementor: incorpora i dettagli di contatto sul sito<\/title>\n<meta name=\"description\" content=\"Integra un&#039;app per l&#039;orario lavorativo regolabile in Elementor per mostrare lo stato della tua attivit\u00e0. Costruisci le tue ore di funzionamento personali nella demo.\" \/>\n<meta name=\"robots\" content=\"index, follow, max-snippet:-1, max-image-preview:large, max-video-preview:-1\" \/>\n<link rel=\"canonical\" href=\"https:\/\/elfsight.com\/it\/business-hours-widget\/elementor\/\" \/>\n<meta property=\"og:locale\" content=\"it_IT\" \/>\n<meta property=\"og:type\" content=\"article\" \/>\n<meta property=\"og:title\" content=\"Aggiungi orari lavorativi a Elementor: incorpora i dettagli di contatto sul sito\" \/>\n<meta property=\"og:description\" content=\"Integra un&#039;app per l&#039;orario lavorativo regolabile in Elementor per mostrare lo stato della tua attivit\u00e0. Costruisci le tue ore di funzionamento personali nella demo.\" \/>\n<meta property=\"og:url\" content=\"https:\/\/elfsight.com\/it\/business-hours-widget\/elementor\/\" \/>\n<meta property=\"og:site_name\" content=\"Elfsight IT\" \/>\n<meta property=\"article:modified_time\" content=\"2025-03-21T11:12:00+00:00\" \/>\n<meta name=\"twitter:card\" content=\"summary_large_image\" \/>\n<meta name=\"twitter:label1\" content=\"Tempo di lettura stimato\" \/>\n\t<meta name=\"twitter:data1\" content=\"5 minuti\" \/>\n<!-- \/ Yoast SEO plugin. -->","yoast_head_json":{"title":"Aggiungi orari lavorativi a Elementor: incorpora i dettagli di contatto sul sito","description":"Integra un'app per l'orario lavorativo regolabile in Elementor per mostrare lo stato della tua attivit\u00e0. Costruisci le tue ore di funzionamento personali nella demo.","robots":{"index":"index","follow":"follow","max-snippet":"max-snippet:-1","max-image-preview":"max-image-preview:large","max-video-preview":"max-video-preview:-1"},"canonical":"https:\/\/elfsight.com\/it\/business-hours-widget\/elementor\/","og_locale":"it_IT","og_type":"article","og_title":"Aggiungi orari lavorativi a Elementor: incorpora i dettagli di contatto sul sito","og_description":"Integra un'app per l'orario lavorativo regolabile in Elementor per mostrare lo stato della tua attivit\u00e0. Costruisci le tue ore di funzionamento personali nella demo.","og_url":"https:\/\/elfsight.com\/it\/business-hours-widget\/elementor\/","og_site_name":"Elfsight IT","article_modified_time":"2025-03-21T11:12:00+00:00","twitter_card":"summary_large_image","twitter_misc":{"Tempo di lettura stimato":"5 minuti"},"schema":{"@context":"https:\/\/schema.org","@graph":[{"@type":"WebPage","@id":"https:\/\/elfsight.com\/it\/business-hours-widget\/elementor\/","url":"https:\/\/elfsight.com\/it\/business-hours-widget\/elementor\/","name":"Aggiungi orari lavorativi a Elementor: incorpora i dettagli di contatto sul sito","isPartOf":{"@id":"https:\/\/elfsight.com\/it\/#website"},"datePublished":"2024-05-03T06:31:20+00:00","dateModified":"2025-03-21T11:12:00+00:00","description":"Integra un'app per l'orario lavorativo regolabile in Elementor per mostrare lo stato della tua attivit\u00e0. Costruisci le tue ore di funzionamento personali nella demo.","breadcrumb":{"@id":"https:\/\/elfsight.com\/it\/business-hours-widget\/elementor\/#breadcrumb"},"inLanguage":"it-IT","potentialAction":[{"@type":"ReadAction","target":["https:\/\/elfsight.com\/it\/business-hours-widget\/elementor\/"]}]},{"@type":"BreadcrumbList","@id":"https:\/\/elfsight.com\/it\/business-hours-widget\/elementor\/#breadcrumb","itemListElement":[{"@type":"ListItem","position":1,"name":"Home","item":"https:\/\/elfsight.com\/it\/"},{"@type":"ListItem","position":2,"name":"Business Hours","item":"https:\/\/elfsight.com\/it\/business-hours-widget\/"},{"@type":"ListItem","position":3,"name":"Business Hours &#8211; Elementor"}]},{"@type":"WebSite","@id":"https:\/\/elfsight.com\/it\/#website","url":"https:\/\/elfsight.com\/it\/","name":"Elfsight IT","description":"Just another Elfsight Sites site","potentialAction":[{"@type":"SearchAction","target":{"@type":"EntryPoint","urlTemplate":"https:\/\/elfsight.com\/it\/?s={search_term_string}"},"query-input":{"@type":"PropertyValueSpecification","valueRequired":true,"valueName":"search_term_string"}}],"inLanguage":"it-IT"}]}},"meta_box":{"industry":"","seo_heading":"","heading":"","description":"","cta_heading":"","cta_description":"","application":"3111","h1":"Widget Orario lavorativo di Elementor","h1_caption":"Visualizza i tuoi orari di lavoro in un formato chiaro e accattivante per informare i visitatori della tua disponibilit\u00e0 nel tuo sito Web Elementor senza sforzo.","application_category":[],"applications_title":"","applications_request_title":"","applications_request_button_text":"","hero_text":"","hero_video":"","hero_video_schema_markup":"","selling_points_title":"","selling_points_caption":"","selling_points":[],"selling_points_cta_text":"","features_title":"","features":"","ed_cta_examples_text":"","ed_cta_examples_hidden":"","ed_cta_demo_text":"","ed_cta_demo_hidden":"","why_caption":"","why_editor_title":"","why_editor_text":"","why_team_title":"","why_team_text":"","why_service_title":"","why_service_text":"","template_catalog_visible":"0","template_catalog_title":"","template_catalog_text":"","template_catalog_categories_visible":"","demo_title":"Crea il tuo widget Orario lavorativo","demo_caption":"Configura il tuo orario lavorativo e aggiungilo gratuitamente al tuo sito Web Elementor!","default_faq_hidden":"","app_template_category":[],"platform":"68","template_public_id":"","codecanyon_url":"","codecanyon_item_id":"","codecanyon_price":"","pricing_caption":"","pricing_elfsight_apps_hide_column":"","pricing_elfsight_apps_url":"","pricing_codecanyon_price_caption":"","integration_category":[],"integration_request_title":"","integration_request_cta":"","integration_platform":"","integrations":[],"platform_category":[],"video_schema_markup":"","price":"da $ 0 al mese","trial":"","benefits":[{"text":"Aiuto per l'installazione gratuito"},{"text":"Supporto premium"},{"text":"Garanzia di rimborso di 14 giorni"},{"text":"Aggiornamento costante"}],"button_url":"#demo","button_target_blank":"0","button_nofollow":"0","attributes":[{"name":"Installazioni"},{"name":"Reattivo","content":"S\u00cc"},{"name":"Browser compatibili","content":"IE11, Firefox, Safari, Opera, Chrome, Edge"}],"tags":[],"tags_disable_links":"0","hide_more_platforms":"0","video_object":"","demo_hide_cta":"0","demo_hide_cloud_options":"0","pricing_title":"","pricing":[{"pricing_icon":"platform","pricing_title":"Elfsight Apps","pricing_title_caption":"Software indipendente dalla piattaforma che funziona su qualsiasi sito","pricing_price":"da $ 0 \/ mese","pricing_price_caption":"inizia con un piano gratuito","pricing_benefits":[{"text":"Siti web illimitati"},{"text":"Supporto premium e puntuale"},{"text":"Servizio di installazione gratuito"},{"text":"Completamente personalizzabile"}],"pricing_button_text":"Aggiungi al sito web","pricing_button_url":"#demo"}],"related_apps_title":"","related_apps_hidden":"0","author":"","image":[],"title":"","job":"","social_networks":[]},"_links":{"self":[{"href":"https:\/\/elfsight.com\/it\/wp-json\/wp\/v2\/pages\/3955","targetHints":{"allow":["GET"]}}],"collection":[{"href":"https:\/\/elfsight.com\/it\/wp-json\/wp\/v2\/pages"}],"about":[{"href":"https:\/\/elfsight.com\/it\/wp-json\/wp\/v2\/types\/page"}],"author":[{"embeddable":true,"href":"https:\/\/elfsight.com\/it\/wp-json\/wp\/v2\/users\/9"}],"replies":[{"embeddable":true,"href":"https:\/\/elfsight.com\/it\/wp-json\/wp\/v2\/comments?post=3955"}],"version-history":[{"count":2,"href":"https:\/\/elfsight.com\/it\/wp-json\/wp\/v2\/pages\/3955\/revisions"}],"predecessor-version":[{"id":9608,"href":"https:\/\/elfsight.com\/it\/wp-json\/wp\/v2\/pages\/3955\/revisions\/9608"}],"up":[{"embeddable":true,"href":"https:\/\/elfsight.com\/it\/wp-json\/wp\/v2\/pages\/3120"}],"wp:attachment":[{"href":"https:\/\/elfsight.com\/it\/wp-json\/wp\/v2\/media?parent=3955"}],"curies":[{"name":"wp","href":"https:\/\/api.w.org\/{rel}","templated":true}]}}