{"id":3954,"date":"2024-05-03T06:31:19","date_gmt":"2024-05-03T06:31:19","guid":{"rendered":"https:\/\/elfsight.com\/it\/?page_id=3954"},"modified":"2025-03-21T11:35:20","modified_gmt":"2025-03-21T11:35:20","slug":"godaddy","status":"publish","type":"page","link":"https:\/\/elfsight.com\/it\/business-hours-widget\/godaddy\/","title":{"rendered":"Business Hours &#8211; GoDaddy"},"content":{"rendered":"\n<div class=\"application-platform-content-item-description application-platform-content-item\" id=\"description\" data-nav-section=\"description\"> <h2>Incorpora l&#8217;orario di lavoro su GoDaddy con un plugin Elfsight<\/h2> <p>Elfsight Business Hours per GoDaddy \u00e8 un semplice widget senza codice che abilita a comporre un simpatico biglietto da visita contenente i momenti principali della tua attivit\u00e0. Puoi condividere informazioni sullo stato della tua attivit\u00e0 e fornire contatti per i tuoi clienti. Il widget ti consente di creare progetti convenienti, in modo che i clienti possano facilmente esaminare tutte le informazioni necessarie brevemente o in modo pi\u00f9 dettagliato. <\/p><p>Il fantastico widget include alcuni modelli, cos\u00ec sei libero di scegliere l&#8217;opzione pi\u00f9 adatta per il tuo sito web. Ogni modello presenta impostazioni flessibili per aiutarti a creare un widget personale con le opzioni richieste come chat e pulsanti di condivisione che aumentano le vendite. Integrare gli orari di lavoro e i tuoi contatti nelle pagine del tuo sito web \u00e8 molto semplice con Elfsight che offre tutorial e linee guida chiare. Qualsiasi titolare di un sito web pu\u00f2 sviluppare e aggiungere gratuitamente il widget Orario lavorativo senza codice.<\/p> <p><b>Aggiungi dettagli aziendali al tuo sito web per aumentare i tassi di vendita e la fidelizzazione dei clienti. Condividi in modo ordinato informazioni significative sui tuoi periodi di lavoro. <\/b><\/p> <p>Con questo widget incorporato nel tuo sito web GoDaddy, puoi rendere il tuo pubblico pi\u00f9 consapevole del tuo programma aziendale e aumentare le vendite. Scopri alcuni dei principali vantaggi per il tuo sito web dopo aver incorporato al suo interno il widget dell&#8217;orario di lavoro senza codice. <\/p><ul><li><b>Fai in modo che i tuoi clienti siano sempre puntuali.<\/b> Incrementa le vendite, grazie al fatto di essere costantemente in contatto nei periodi lavorativi indicati. I visitatori del tuo sito web terranno conto della tua disponibilit\u00e0 e diventeranno pi\u00f9 decisivi per effettuare un acquisto di successo quando ne avranno bisogno. <\/li><li><b>Evita confusione riguardo al tuo orario di lavoro.<\/b> Mostrare i tuoi orari di lavoro semplici ai clienti sul sito web li render\u00e0 pi\u00f9 fedeli alla tua azienda poich\u00e9 saranno in grado di pianificare una prenotazione o una visita a te. <\/li><li><b>Condividi i contatti in modo chiaro.<\/b> L&#8217;aggiunta delle informazioni di contatto al widget degli orari di apertura senza codice ti consente di stabilire una migliore comunicazione con i visitatori del tuo sito web e di effettuare vendite pi\u00f9 velocemente. Dimostra che sei qui per rispondere alle loro domande sui prodotti e servizi della tua azienda, ottenendo maggiore fiducia e prestigio. <\/li><\/ul><div class=\"faq\" data-component=\"FAQ\"><div class=\"faq-item\">\r\n\t\t\t\t\t<div class=\"faq-item-question\">\r\n\t\t\t\t\t\t<h3 class=\"faq-item-question-text\">Ci sono altri plugin per GoDaddy che posso incorporare nel mio sito web?<\/h3>\r\n\r\n\t\t\t\t\t\t<div class=\"faq-item-question-icon\"><\/div>\r\n\t\t\t\t\t<\/div>\r\n\r\n\t\t\t\t\t<div class=\"faq-item-answer\">\r\n\t\t\t\t\t\t<div class=\"faq-item-answer-text\">Possiamo offrirti molti plugin per soddisfare qualsiasi tipo di attivit\u00e0 sul tuo sito web. Ecco alcuni esempi: <a href=\"https:\/\/elfsight.com\/google-reviews-widget\/godaddy\/\" target=\"_blank\" rel=\"noopener\">Google Recensioni<\/a>, <a href=\"https:\/\/elfsight.com\/whatsapp-chat-widget\/godaddy\/\" target=\"_blank\" rel=\"noopener\">Chat di WhatsApp<\/a>, <a href=\"https:\/\/elfsight.com\/event-calendar-widget\/godaddy\/\" target=\"_blank\" rel=\"noopener\">Calendario eventi<\/a>, <a href=\"https:\/\/elfsight.com\/countdown-timer-widget\/godaddy\/\" target=\" _blank\" rel=\"noopener\">Conto alla rovescia<\/a>, <a href=\"https:\/\/elfsight.com\/qr-code-widget\/godaddy\/\" target=\"_blank\" rel=\"noopener\">Codice QR<\/a>. <\/div>\r\n\t\t\t\t\t<\/div>\r\n\t\t\t\t<\/div><div class=\"faq-item\">\r\n\t\t\t\t\t<div class=\"faq-item-question\">\r\n\t\t\t\t\t\t<h3 class=\"faq-item-question-text\">Come posso ottenere risultati con Orario di lavoro su GoDaddy?<\/h3>\r\n\r\n\t\t\t\t\t\t<div class=\"faq-item-question-icon\"><\/div>\r\n\t\t\t\t\t<\/div>\r\n\r\n\t\t\t\t\t<div class=\"faq-item-answer\">\r\n\t\t\t\t\t\t<div class=\"faq-item-answer-text\"> Puoi accedere a molti modi per aumentare le percentuali di successo e le vendite aggiungendo un plug-in Orario di lavoro. Con i modelli di Elfsight per questo entusiasmante plugin per siti Web, puoi scoprire una soluzione personale. Puoi mostrare informazioni approfondite sugli orari di disponibilit\u00e0 e sui modi per contattarti o semplicemente utilizzare una barra di stato corrente minimalista. Puoi creare schede di contatto con il plug-in Orario di lavoro e aggiungerle alle posizioni del sito Web richieste per attirare l&#8217;attenzione e informare i clienti sulla tua attivit\u00e0 per ispirare le vendite. <\/div>\r\n\t\t\t\t\t<\/div>\r\n\t\t\t\t<\/div><div class=\"faq-item\">\r\n\t\t\t\t\t<div class=\"faq-item-question\">\r\n\t\t\t\t\t\t<h3 class=\"faq-item-question-text\">Come incorporare gratuitamente l'orario lavorativo senza codice sui siti GoDaddy?<\/h3>\r\n\r\n\t\t\t\t\t\t<div class=\"faq-item-question-icon\"><\/div>\r\n\t\t\t\t\t<\/div>\r\n\r\n\t\t\t\t\t<div class=\"faq-item-answer\">\r\n\t\t\t\t\t\t<div class=\"faq-item-answer-text\">Incorpora un plug-in per l&#8217;orario lavorativo nel tuo sito Web GoDaddy per informare i clienti sulla tua disponibilit\u00e0 e garantire le vendite. Qui puoi vedere i tutorial su come aggiungere il plugin gratuito per gli orari di apertura al tuo sito web. <ol><li>Per incorporare gratuitamente Elfsight Business Hours in GoDaddy, vai al sito web di Elfsight e crea un account. <\/li><li>Crea l&#8217;orario lavorativo adattandone l&#8217;aspetto e le impostazioni per integrarlo con il tema del tuo sito web GoDaddy. <\/li><li>Dopo aver creato l&#8217;orario lavorativo, copia lo snippet di codice generato e incollalo nel tuo sito web GoDaddy dove desideri che appaia il plug-in. <\/li><\/ol>Aggiungendo l&#8217;orario di lavoro al tuo sito web GoDaddy, aumenterai sicuramente la sua attrattiva visiva e ispirerai la continua fidelizzazione dei clienti. Scopri i vantaggi dell&#8217;orario lavorativo di Elfsight senza alcun costo per te! <\/div>\r\n\t\t\t\t\t<\/div>\r\n\t\t\t\t<\/div><\/div><\/div><div class=\"application-platform-content-item-features application-platform-content-item\" id=\"features\" data-nav-section=\"features\"> <h2>Il widget include funzionalit\u00e0 pratiche e facili, visualizzane alcune:<\/h2> <ul><li>Mostra la realt\u00e0 della tua azienda -stato in tempo<\/li><li>Facile regolazione del periodo di lavoro <\/li><li>Configurazione per occasioni speciali<\/li><li>Indicazione dell&#8217;attivit\u00e0 in tempo reale<\/li><li>Grafico inseribile o stato salvaspazio <\/li><\/ul><p><a href=\"#demo\">Puoi scoprire tutte le funzionalit\u00e0 del widget nella demo in questa pagina<\/a><\/p><\/div> <div class=\"application-platform-content-item-installazione application-platform-content-item\" id=\"installazione\" data-nav-section=\"installazione\"> <h2>Come faccio a incorporare l&#8217;orario di lavoro nel mio sito web GoDaddy?<\/h2> <p>Segui semplicemente questi passaggi descritti di seguito per attivare il plug-in con il tuo orario di lavoro.<\/p> <ol><li><b>Utilizza il nostro configuratore e inizia a dare forma al tuo plugin unico.<\/b><br> Specifica l&#8217;interfaccia e le caratteristiche desiderabili dell&#8217;app e applica le correzioni. <\/li> <li><b>Ottieni il codice univoco esposto nella casella sulle app Elfsight.<\/b><br> Dopo aver completato la configurazione del tuo plug-in personale per le ore di funzionamento senza codice, copia il codice personale nella finestra visualizzata e salvarla per un uso successivo. <\/li> <li><b>Inizia a utilizzare il plug-in sulla tua pagina web GoDaddy.<\/b><br> Incolla il codice copiato in precedenza nella tua pagina web e salva i miglioramenti. <\/li> <li><b>L&#8217;impostazione dell&#8217;orario lavorativo senza codice \u00e8 stata completata con successo.<\/b><br> Visita il tuo sito web per controllare le prestazioni dell&#8217;app per gli orari di apertura aggiunta. <\/li><\/ol> <p>Se hai qualche complicazione, non esitare a contattare il nostro team di assistenza clienti. I nostri consulenti non vedono l&#8217;ora di risolvere tutti i problemi che potresti riscontrare con il plug-in per GoDaddy. <\/p> <\/div>\n","protected":false},"excerpt":{"rendered":"","protected":false},"author":9,"featured_media":0,"parent":3120,"menu_order":0,"comment_status":"closed","ping_status":"closed","template":"templates\/template-application-platform.php","meta":{"publish_to_discourse":"","publish_post_category":"","wpdc_auto_publish_overridden":"","wpdc_topic_tags":"","wpdc_pin_topic":"","wpdc_pin_until":"","discourse_post_id":"","discourse_permalink":"","wpdc_publishing_response":"","wpdc_publishing_error":"","footnotes":""},"class_list":["post-3954","page","type-page","status-publish","hentry"],"yoast_head":"<!-- This site is optimized with the Yoast SEO plugin v25.3.1 - https:\/\/yoast.com\/wordpress\/plugins\/seo\/ -->\n<title>Aggiungi orari di apertura a GoDaddy: incorpora gli orari di apertura sul sito<\/title>\n<meta name=\"description\" content=\"Incorpora un widget Orario lavorativo personalizzabile in GoDaddy per presentare il tuo stato. Costruisci il tuo orario di lavoro personale utilizzando la demo.\" \/>\n<meta name=\"robots\" content=\"index, follow, max-snippet:-1, max-image-preview:large, max-video-preview:-1\" \/>\n<link rel=\"canonical\" href=\"https:\/\/elfsight.com\/it\/business-hours-widget\/godaddy\/\" \/>\n<meta property=\"og:locale\" content=\"it_IT\" \/>\n<meta property=\"og:type\" content=\"article\" \/>\n<meta property=\"og:title\" content=\"Aggiungi orari di apertura a GoDaddy: incorpora gli orari di apertura sul sito\" \/>\n<meta property=\"og:description\" content=\"Incorpora un widget Orario lavorativo personalizzabile in GoDaddy per presentare il tuo stato. Costruisci il tuo orario di lavoro personale utilizzando la demo.\" \/>\n<meta property=\"og:url\" content=\"https:\/\/elfsight.com\/it\/business-hours-widget\/godaddy\/\" \/>\n<meta property=\"og:site_name\" content=\"Elfsight IT\" \/>\n<meta property=\"article:modified_time\" content=\"2025-03-21T11:35:20+00:00\" \/>\n<meta name=\"twitter:card\" content=\"summary_large_image\" \/>\n<meta name=\"twitter:label1\" content=\"Tempo di lettura stimato\" \/>\n\t<meta name=\"twitter:data1\" content=\"5 minuti\" \/>\n<!-- \/ Yoast SEO plugin. -->","yoast_head_json":{"title":"Aggiungi orari di apertura a GoDaddy: incorpora gli orari di apertura sul sito","description":"Incorpora un widget Orario lavorativo personalizzabile in GoDaddy per presentare il tuo stato. Costruisci il tuo orario di lavoro personale utilizzando la demo.","robots":{"index":"index","follow":"follow","max-snippet":"max-snippet:-1","max-image-preview":"max-image-preview:large","max-video-preview":"max-video-preview:-1"},"canonical":"https:\/\/elfsight.com\/it\/business-hours-widget\/godaddy\/","og_locale":"it_IT","og_type":"article","og_title":"Aggiungi orari di apertura a GoDaddy: incorpora gli orari di apertura sul sito","og_description":"Incorpora un widget Orario lavorativo personalizzabile in GoDaddy per presentare il tuo stato. Costruisci il tuo orario di lavoro personale utilizzando la demo.","og_url":"https:\/\/elfsight.com\/it\/business-hours-widget\/godaddy\/","og_site_name":"Elfsight IT","article_modified_time":"2025-03-21T11:35:20+00:00","twitter_card":"summary_large_image","twitter_misc":{"Tempo di lettura stimato":"5 minuti"},"schema":{"@context":"https:\/\/schema.org","@graph":[{"@type":"WebPage","@id":"https:\/\/elfsight.com\/it\/business-hours-widget\/godaddy\/","url":"https:\/\/elfsight.com\/it\/business-hours-widget\/godaddy\/","name":"Aggiungi orari di apertura a GoDaddy: incorpora gli orari di apertura sul sito","isPartOf":{"@id":"https:\/\/elfsight.com\/it\/#website"},"datePublished":"2024-05-03T06:31:19+00:00","dateModified":"2025-03-21T11:35:20+00:00","description":"Incorpora un widget Orario lavorativo personalizzabile in GoDaddy per presentare il tuo stato. Costruisci il tuo orario di lavoro personale utilizzando la demo.","breadcrumb":{"@id":"https:\/\/elfsight.com\/it\/business-hours-widget\/godaddy\/#breadcrumb"},"inLanguage":"it-IT","potentialAction":[{"@type":"ReadAction","target":["https:\/\/elfsight.com\/it\/business-hours-widget\/godaddy\/"]}]},{"@type":"BreadcrumbList","@id":"https:\/\/elfsight.com\/it\/business-hours-widget\/godaddy\/#breadcrumb","itemListElement":[{"@type":"ListItem","position":1,"name":"Home","item":"https:\/\/elfsight.com\/it\/"},{"@type":"ListItem","position":2,"name":"Business Hours","item":"https:\/\/elfsight.com\/it\/business-hours-widget\/"},{"@type":"ListItem","position":3,"name":"Business Hours &#8211; GoDaddy"}]},{"@type":"WebSite","@id":"https:\/\/elfsight.com\/it\/#website","url":"https:\/\/elfsight.com\/it\/","name":"Elfsight IT","description":"Just another Elfsight Sites site","potentialAction":[{"@type":"SearchAction","target":{"@type":"EntryPoint","urlTemplate":"https:\/\/elfsight.com\/it\/?s={search_term_string}"},"query-input":{"@type":"PropertyValueSpecification","valueRequired":true,"valueName":"search_term_string"}}],"inLanguage":"it-IT"}]}},"meta_box":{"industry":"","seo_heading":"","heading":"","description":"","cta_heading":"","cta_description":"","application":"3111","h1":"Plug-in per l'orario lavorativo di GoDaddy","h1_caption":"Visualizza i tuoi orari di lavoro in un formato chiaro e accattivante per informare facilmente i visitatori della tua disponibilit\u00e0 nel tuo sito web GoDaddy.","application_category":[],"applications_title":"","applications_request_title":"","applications_request_button_text":"","hero_text":"","hero_video":"","hero_video_schema_markup":"","selling_points_title":"","selling_points_caption":"","selling_points":[],"selling_points_cta_text":"","features_title":"","features":"","ed_cta_examples_text":"","ed_cta_examples_hidden":"","ed_cta_demo_text":"","ed_cta_demo_hidden":"","why_caption":"","why_editor_title":"","why_editor_text":"","why_team_title":"","why_team_text":"","why_service_title":"","why_service_text":"","template_catalog_visible":"0","template_catalog_title":"","template_catalog_text":"","template_catalog_categories_visible":"","demo_title":"Crea il tuo plug-in per l'orario lavorativo","demo_caption":"Configura il tuo orario lavorativo e aggiungilo gratuitamente al tuo sito web GoDaddy!","default_faq_hidden":"","app_template_category":[],"platform":"53","template_public_id":"","codecanyon_url":"","codecanyon_item_id":"","codecanyon_price":"","pricing_caption":"","pricing_elfsight_apps_hide_column":"","pricing_elfsight_apps_url":"","pricing_codecanyon_price_caption":"","integration_category":[],"integration_request_title":"","integration_request_cta":"","integration_platform":"","integrations":[],"platform_category":[],"video_schema_markup":"","price":"da $ 0 al mese","trial":"","benefits":[{"text":"Assistenza per l'installazione gratuita"},{"text":"Servizio clienti professionale"},{"text":"Garanzia di rimborso di 14 giorni"},{"text":"Aggiornamenti futuri"}],"button_url":"#demo","button_target_blank":"0","button_nofollow":"0","attributes":[{"name":"Installazioni"},{"name":"Reattivo","content":"S\u00cc"},{"name":"Browser compatibili","content":"IE11, Firefox, Safari, Opera, Chrome, Edge"}],"tags":[],"tags_disable_links":"0","hide_more_platforms":"0","video_object":"","demo_hide_cta":"0","demo_hide_cloud_options":"0","pricing_title":"","pricing":[{"pricing_icon":"platform","pricing_title":"Elfsight Apps","pricing_title_caption":"Versione multipiattaforma adatta a qualsiasi sito","pricing_price":"da $ 0 \/ mese","pricing_price_caption":"inizia con un piano gratuito","pricing_benefits":[{"text":"Siti web illimitati"},{"text":"Assistenza clienti professionale"},{"text":"Aiuto gratuito per l'installazione"},{"text":"Completamente personalizzabile"}],"pricing_button_text":"Aggiungi al sito web","pricing_button_url":"#demo"}],"related_apps_title":"","related_apps_hidden":"0","author":"","image":[],"title":"","job":"","social_networks":[]},"_links":{"self":[{"href":"https:\/\/elfsight.com\/it\/wp-json\/wp\/v2\/pages\/3954","targetHints":{"allow":["GET"]}}],"collection":[{"href":"https:\/\/elfsight.com\/it\/wp-json\/wp\/v2\/pages"}],"about":[{"href":"https:\/\/elfsight.com\/it\/wp-json\/wp\/v2\/types\/page"}],"author":[{"embeddable":true,"href":"https:\/\/elfsight.com\/it\/wp-json\/wp\/v2\/users\/9"}],"replies":[{"embeddable":true,"href":"https:\/\/elfsight.com\/it\/wp-json\/wp\/v2\/comments?post=3954"}],"version-history":[{"count":2,"href":"https:\/\/elfsight.com\/it\/wp-json\/wp\/v2\/pages\/3954\/revisions"}],"predecessor-version":[{"id":9629,"href":"https:\/\/elfsight.com\/it\/wp-json\/wp\/v2\/pages\/3954\/revisions\/9629"}],"up":[{"embeddable":true,"href":"https:\/\/elfsight.com\/it\/wp-json\/wp\/v2\/pages\/3120"}],"wp:attachment":[{"href":"https:\/\/elfsight.com\/it\/wp-json\/wp\/v2\/media?parent=3954"}],"curies":[{"name":"wp","href":"https:\/\/api.w.org\/{rel}","templated":true}]}}