{"id":3949,"date":"2024-05-03T06:31:18","date_gmt":"2024-05-03T06:31:18","guid":{"rendered":"https:\/\/elfsight.com\/it\/?page_id=3949"},"modified":"2025-03-21T11:33:46","modified_gmt":"2025-03-21T11:33:46","slug":"google-sites","status":"publish","type":"page","link":"https:\/\/elfsight.com\/it\/business-hours-widget\/google-sites\/","title":{"rendered":"Business Hours &#8211; Google Sites"},"content":{"rendered":"\n<div class=\"application-platform-content-item-description application-platform-content-item\" id=\"description\" data-nav-section=\"description\"> <h2>Incorpora l&#8217;orario di lavoro su Google Sites con un plug-in Elfsight<\/h2> <p>Elfsight Business Hours per Google Sites \u00e8 un semplice programma senza codice widget che ti consente di creare un attraente biglietto da visita contenente i dati pi\u00f9 importanti riguardanti la tua organizzazione. Puoi visualizzare informazioni sul tuo stato operativo attuale e abilitare i contatti per i tuoi clienti. Il widget ti consente di creare design intuitivi, in modo che i visitatori possano facilmente esaminare tutte le informazioni necessarie brevemente o pi\u00f9 in dettaglio. <\/p><p>Il widget offre una serie di modelli, in modo che tu possa selezionare l&#8217;opzione pi\u00f9 efficiente per il tuo sito web. Ogni modello offre impostazioni per aiutarti a creare un widget con le opzioni richieste che aumentano le vendite. Incorporare i periodi lavorativi e i dettagli di contatto della tua organizzazione nelle pagine del tuo sito web \u00e8 estremamente semplice con Elfsight grazie a tutorial e guide facili da seguire. Qualsiasi utente pu\u00f2 creare e aggiungere gratuitamente il widget Orario lavorativo senza codice.<\/p> <p><b>Aggiungi dettagli aziendali alle tue pagine per aumentare i tassi di vendita e la soddisfazione del cliente. Visualizza informazioni importanti sulla tua attivit\u00e0 in modo ordinato con il widget di Elfsight.<\/b><\/p> <p>Utilizza questo widget incorporato nel sito web di Google Sites, rendendo il tuo pubblico consapevole della tua attivit\u00e0 e ottenendo vendite regolari. Scopri alcuni dei risultati positivi pi\u00f9 tipici per il tuo sito web dopo aver incorporato al suo interno il widget dell&#8217;orario di lavoro senza codice. <\/p><ul><li><b>Fai in modo che i tuoi clienti siano sempre tempestivi.<\/b> Aumenta le vendite, essendo costantemente presente nell&#8217;orario di lavoro corrispondente. I visitatori del tuo sito web noteranno i tuoi orari di apertura e diventeranno pi\u00f9 decisivi per effettuare un acquisto di successo quando saranno pronti. <\/li><li><b>Evita malintesi riguardo al tuo orario di lavoro.<\/b> Fornire il tuo orario di lavoro chiaro ai visitatori del sito web li render\u00e0 pi\u00f9 fedeli alla tua organizzazione poich\u00e9 saranno in grado di pianificare una prenotazione o una visita a te. <\/li><li><b>Fornisci i contatti in modo chiaro.<\/b> L&#8217;aggiunta delle informazioni di contatto al widget degli orari di apertura senza codice crea comunicazione con il tuo pubblico e velocizza le vendite. Dimostra che sei pronto a rispondere alle loro domande sulla tua attivit\u00e0, ottenendo cos\u00ec maggiore fiducia e rispetto. <\/li><\/ul><div class=\"faq\" data-component=\"FAQ\"><div class=\"faq-item\">\r\n\t\t\t\t\t<div class=\"faq-item-question\">\r\n\t\t\t\t\t\t<h3 class=\"faq-item-question-text\">Avete altri plugin per Google Sites che posso utilizzare sul mio sito web per migliorare le vendite?<\/h3>\r\n\r\n\t\t\t\t\t\t<div class=\"faq-item-question-icon\"><\/div>\r\n\t\t\t\t\t<\/div>\r\n\r\n\t\t\t\t\t<div class=\"faq-item-answer\">\r\n\t\t\t\t\t\t<div class=\"faq-item-answer-text\">Possiamo concedervi molti plugin per ottenere qualsiasi tipo di puntare sul tuo sito web. Verifica tu stesso: <a href=\"https:\/\/elfsight.com\/google-reviews-widget\/google-sites\/\" target=\"_blank\" rel=\"noopener\">Google Recensioni<\/a>, <a href=\"https:\/\/elfsight.com\/whatsapp-chat-widget\/google-sites\/\" target=\"_blank\" rel=\"noopener\">Chat di WhatsApp<\/a>, <a href=\"https:\/\/elfsight.com\/event-calendar-widget\/google-sites\/\" target=\"_blank\" rel=\"noopener\">Calendario eventi<\/a>, <a href=\"https:\/\/elfsight.com\/countdown-timer-widget\/google-sites\/\" target=\"_blank\" rel=\"noopener\">Conto alla rovescia<\/a>, <a href=\"https:\/\/elfsight.com\/qr-code-widget\/google-sites\/\" target=\"_blank\" rel=\"noopener\">Codice QR<\/a>. <\/div>\r\n\t\t\t\t\t<\/div>\r\n\t\t\t\t<\/div><div class=\"faq-item\">\r\n\t\t\t\t\t<div class=\"faq-item-question\">\r\n\t\t\t\t\t\t<h3 class=\"faq-item-question-text\">Come posso utilizzare l'orario di lavoro su Google Sites?<\/h3>\r\n\r\n\t\t\t\t\t\t<div class=\"faq-item-question-icon\"><\/div>\r\n\t\t\t\t\t<\/div>\r\n\r\n\t\t\t\t\t<div class=\"faq-item-answer\">\r\n\t\t\t\t\t\t<div class=\"faq-item-answer-text\"> Puoi accedere a molti modi per migliorare i risultati di vendita integrando un plug-in dell&#8217;orario di lavoro. Con i modelli di Elfsight per questo entusiasmante plug-in per siti Web, \u00e8 possibile creare tattiche aziendali personalizzate. Puoi mostrare informazioni estese relative al tuo orario di lavoro e agli strumenti per stabilire una comunicazione con te o semplicemente incorporare una piccola barra di stato attuale. Puoi creare schede di contatto con il plug-in Orario di lavoro e aggiungerle alle posizioni del sito Web richieste per attirare l&#8217;attenzione e informare i clienti sulla tua attivit\u00e0. <\/div>\r\n\t\t\t\t\t<\/div>\r\n\t\t\t\t<\/div><div class=\"faq-item\">\r\n\t\t\t\t\t<div class=\"faq-item-question\">\r\n\t\t\t\t\t\t<h3 class=\"faq-item-question-text\">Come incorporare gratuitamente l'orario di lavoro nei siti web di Google Sites?<\/h3>\r\n\r\n\t\t\t\t\t\t<div class=\"faq-item-question-icon\"><\/div>\r\n\t\t\t\t\t<\/div>\r\n\r\n\t\t\t\t\t<div class=\"faq-item-answer\">\r\n\t\t\t\t\t\t<div class=\"faq-item-answer-text\">Incorporare un plug-in dell&#8217;orario di lavoro nel tuo sito web di Google Sites \u00e8 un metodo perfetto per avviare la comunicazione con i clienti e informarli sui tuoi orari e orari validi status per garantire vendite o fornire servizi. Di seguito sono riportati brevi tutorial su come inserire il plug-in gratuito per gli orari di apertura sul tuo sito web. <ol><li>Quando \u00e8 necessario incorporare gratuitamente un Elfsight Business Hours in Google Sites, procedere al sito Web Elfsight e creare un account. <\/li><li>Crea orari di apertura gratuiti adattandone l&#8217;aspetto e le impostazioni allo stile del tuo sito web di Google Sites. <\/li><li>Dopo aver modificato l&#8217;orario di lavoro, copia lo snippet di codice generato e incollalo nel tuo sito web di Google Sites dove desideri che venga visualizzato il plug-in. <\/li><\/ol>Inserendo l&#8217;orario lavorativo nel tuo sito web Google Sites, aumenterai il suo magnetismo visivo e motiverai la fidelizzazione sostenibile dei clienti. Scopri i vantaggi dell&#8217;orario lavorativo di Elfsight senza alcun costo per te! <\/div>\r\n\t\t\t\t\t<\/div>\r\n\t\t\t\t<\/div><\/div><\/div><div class=\"application-platform-content-item-features application-platform-content-item\" id=\"features\" data-nav-section=\"features\"> <h2>Esplora l&#8217;elenco delle funzionalit\u00e0 pi\u00f9 utili:<\/h2> <ul><li>Dimostra la disponibilit\u00e0 in tempo reale della tua azienda<\/li><li>Cancella modifica dell&#8217;orario <\/li><li>Configurazione giorni speciali<\/li><li>Stato attivit\u00e0 corrente<\/li><li>Griglia integrabile o stato compatto<\/li><\/ul><p><a href=\"#demo\">Prova semplicemente questa demo per avere un&#8217;idea completa<\/a><\/p> <\/div> <div class=\"application-platform-content-item-installation application-platform-content-item\" id=\"installation\" data-nav-section=\"installation\"> <h2>Come posso aggiungere l&#8217;orario lavorativo al mio sito web Google Sites?<\/h2> <p>Segui semplicemente un paio di passaggi descritti di seguito per aggiungere il plug-in con i tuoi turni di lavoro.<\/p> <ol><li><b>Utilizza il nostro configuratore e inizia a creare il tuo plugin personalizzato senza codice.<\/b><br> Scegli l&#8217;interfaccia selezionata e le specifiche del plugin e salva le modifiche. <\/li> <li><b>Ottieni il tuo codice personale mostrato nella casella sulle app Elfsight.<\/b><br> Subito dopo aver completato la creazione del widget personale delle ore di funzionamento senza codice, copia il codice individuale in la finestra emersa e salvarla per necessit\u00e0 future. <\/li> <li><b>Avvia l&#8217;utilizzo del plug-in sul tuo sito web Google Sites.<\/b><br> Inserisci il codice che hai copiato in precedenza nella tua pagina e salva i miglioramenti. <\/li> <li><b>Fatto! L&#8217;incorporamento del tuo orario lavorativo senza codice \u00e8 stato eseguito correttamente.<\/b><br> Visita il tuo sito web per vedere le prestazioni del widget degli orari di apertura aggiunto. <\/li><\/ol> <p>Se hai domande o incontri difficolt\u00e0, rivolgiti al nostro team di supporto. I nostri specialisti sono ansiosi di risolvere tutti i problemi che potresti riscontrare con il plug-in per Google Sites. <\/p><\/div>\n","protected":false},"excerpt":{"rendered":"","protected":false},"author":9,"featured_media":0,"parent":3120,"menu_order":0,"comment_status":"closed","ping_status":"closed","template":"templates\/template-application-platform.php","meta":{"publish_to_discourse":"","publish_post_category":"","wpdc_auto_publish_overridden":"","wpdc_topic_tags":"","wpdc_pin_topic":"","wpdc_pin_until":"","discourse_post_id":"","discourse_permalink":"","wpdc_publishing_response":"","wpdc_publishing_error":"","footnotes":""},"class_list":["post-3949","page","type-page","status-publish","hentry"],"yoast_head":"<!-- This site is optimized with the Yoast SEO plugin v25.3.1 - https:\/\/yoast.com\/wordpress\/plugins\/seo\/ -->\n<title>Aggiungi orari di apertura a Google Sites: incorpora gli orari nel sito web<\/title>\n<meta name=\"description\" content=\"Aggiungi un&#039;app Orario lavorativo regolabile a Google Sites per presentare lo stato della tua attivit\u00e0. Costruisci il tuo orario di lavoro con la demo.\" \/>\n<meta name=\"robots\" content=\"index, follow, max-snippet:-1, max-image-preview:large, max-video-preview:-1\" \/>\n<link rel=\"canonical\" href=\"https:\/\/elfsight.com\/it\/business-hours-widget\/google-sites\/\" \/>\n<meta property=\"og:locale\" content=\"it_IT\" \/>\n<meta property=\"og:type\" content=\"article\" \/>\n<meta property=\"og:title\" content=\"Aggiungi orari di apertura a Google Sites: incorpora gli orari nel sito web\" \/>\n<meta property=\"og:description\" content=\"Aggiungi un&#039;app Orario lavorativo regolabile a Google Sites per presentare lo stato della tua attivit\u00e0. Costruisci il tuo orario di lavoro con la demo.\" \/>\n<meta property=\"og:url\" content=\"https:\/\/elfsight.com\/it\/business-hours-widget\/google-sites\/\" \/>\n<meta property=\"og:site_name\" content=\"Elfsight IT\" \/>\n<meta property=\"article:modified_time\" content=\"2025-03-21T11:33:46+00:00\" \/>\n<meta name=\"twitter:card\" content=\"summary_large_image\" \/>\n<meta name=\"twitter:label1\" content=\"Tempo di lettura stimato\" \/>\n\t<meta name=\"twitter:data1\" content=\"5 minuti\" \/>\n<!-- \/ Yoast SEO plugin. -->","yoast_head_json":{"title":"Aggiungi orari di apertura a Google Sites: incorpora gli orari nel sito web","description":"Aggiungi un'app Orario lavorativo regolabile a Google Sites per presentare lo stato della tua attivit\u00e0. Costruisci il tuo orario di lavoro con la demo.","robots":{"index":"index","follow":"follow","max-snippet":"max-snippet:-1","max-image-preview":"max-image-preview:large","max-video-preview":"max-video-preview:-1"},"canonical":"https:\/\/elfsight.com\/it\/business-hours-widget\/google-sites\/","og_locale":"it_IT","og_type":"article","og_title":"Aggiungi orari di apertura a Google Sites: incorpora gli orari nel sito web","og_description":"Aggiungi un'app Orario lavorativo regolabile a Google Sites per presentare lo stato della tua attivit\u00e0. Costruisci il tuo orario di lavoro con la demo.","og_url":"https:\/\/elfsight.com\/it\/business-hours-widget\/google-sites\/","og_site_name":"Elfsight IT","article_modified_time":"2025-03-21T11:33:46+00:00","twitter_card":"summary_large_image","twitter_misc":{"Tempo di lettura stimato":"5 minuti"},"schema":{"@context":"https:\/\/schema.org","@graph":[{"@type":"WebPage","@id":"https:\/\/elfsight.com\/it\/business-hours-widget\/google-sites\/","url":"https:\/\/elfsight.com\/it\/business-hours-widget\/google-sites\/","name":"Aggiungi orari di apertura a Google Sites: incorpora gli orari nel sito web","isPartOf":{"@id":"https:\/\/elfsight.com\/it\/#website"},"datePublished":"2024-05-03T06:31:18+00:00","dateModified":"2025-03-21T11:33:46+00:00","description":"Aggiungi un'app Orario lavorativo regolabile a Google Sites per presentare lo stato della tua attivit\u00e0. Costruisci il tuo orario di lavoro con la demo.","breadcrumb":{"@id":"https:\/\/elfsight.com\/it\/business-hours-widget\/google-sites\/#breadcrumb"},"inLanguage":"it-IT","potentialAction":[{"@type":"ReadAction","target":["https:\/\/elfsight.com\/it\/business-hours-widget\/google-sites\/"]}]},{"@type":"BreadcrumbList","@id":"https:\/\/elfsight.com\/it\/business-hours-widget\/google-sites\/#breadcrumb","itemListElement":[{"@type":"ListItem","position":1,"name":"Home","item":"https:\/\/elfsight.com\/it\/"},{"@type":"ListItem","position":2,"name":"Business Hours","item":"https:\/\/elfsight.com\/it\/business-hours-widget\/"},{"@type":"ListItem","position":3,"name":"Business Hours &#8211; Google Sites"}]},{"@type":"WebSite","@id":"https:\/\/elfsight.com\/it\/#website","url":"https:\/\/elfsight.com\/it\/","name":"Elfsight IT","description":"Just another Elfsight Sites site","potentialAction":[{"@type":"SearchAction","target":{"@type":"EntryPoint","urlTemplate":"https:\/\/elfsight.com\/it\/?s={search_term_string}"},"query-input":{"@type":"PropertyValueSpecification","valueRequired":true,"valueName":"search_term_string"}}],"inLanguage":"it-IT"}]}},"meta_box":{"industry":"","seo_heading":"","heading":"","description":"","cta_heading":"","cta_description":"","application":"3111","h1":"Plug-in per l'orario lavorativo di Google Sites","h1_caption":"Visualizza i tuoi orari di apertura in un formato chiaro e accattivante per informare facilmente i visitatori della tua disponibilit\u00e0 nei tuoi siti Google.","application_category":[],"applications_title":"","applications_request_title":"","applications_request_button_text":"","hero_text":"","hero_video":"","hero_video_schema_markup":"","selling_points_title":"","selling_points_caption":"","selling_points":[],"selling_points_cta_text":"","features_title":"","features":"","ed_cta_examples_text":"","ed_cta_examples_hidden":"","ed_cta_demo_text":"","ed_cta_demo_hidden":"","why_caption":"","why_editor_title":"","why_editor_text":"","why_team_title":"","why_team_text":"","why_service_title":"","why_service_text":"","template_catalog_visible":"0","template_catalog_title":"","template_catalog_text":"","template_catalog_categories_visible":"","demo_title":"Crea il tuo widget Orario lavorativo","demo_caption":"Configura il tuo orario di lavoro e aggiungilo gratuitamente al tuo sito web di Google Sites!","default_faq_hidden":"","app_template_category":[],"platform":"105","template_public_id":"","codecanyon_url":"","codecanyon_item_id":"","codecanyon_price":"","pricing_caption":"","pricing_elfsight_apps_hide_column":"","pricing_elfsight_apps_url":"","pricing_codecanyon_price_caption":"","integration_category":[],"integration_request_title":"","integration_request_cta":"","integration_platform":"","integrations":[],"platform_category":[],"video_schema_markup":"","price":"da $ 0 al mese","trial":"","benefits":[{"text":"Assistenza gratuita per l'installazione"},{"text":"Servizio clienti competente"},{"text":"Garanzia di rimborso di 14 giorni"},{"text":"Sviluppo continuo"}],"button_url":"#demo","button_target_blank":"0","button_nofollow":"0","attributes":[{"name":"Installazioni"},{"name":"Reattivo","content":"S\u00cc"},{"name":"Browser compatibili","content":"IE11, Firefox, Safari, Opera, Chrome, Edge"}],"tags":[],"tags_disable_links":"0","hide_more_platforms":"0","video_object":"","demo_hide_cta":"0","demo_hide_cloud_options":"0","pricing_title":"","pricing":[{"pricing_icon":"platform","pricing_title":"Elfsight Apps","pricing_title_caption":"Versione multipiattaforma adatta a qualsiasi sito web","pricing_price":"da $ 0 \/ mese","pricing_price_caption":"inizia con un piano gratuito","pricing_benefits":[{"text":"Siti web illimitati"},{"text":"Assistenza clienti veloce"},{"text":"Aiuto gratuito per l'installazione"},{"text":"Progettazione flessibile"}],"pricing_button_text":"Aggiungi al sito web","pricing_button_url":"#demo"}],"related_apps_title":"","related_apps_hidden":"0","author":"","image":[],"title":"","job":"","social_networks":[]},"_links":{"self":[{"href":"https:\/\/elfsight.com\/it\/wp-json\/wp\/v2\/pages\/3949","targetHints":{"allow":["GET"]}}],"collection":[{"href":"https:\/\/elfsight.com\/it\/wp-json\/wp\/v2\/pages"}],"about":[{"href":"https:\/\/elfsight.com\/it\/wp-json\/wp\/v2\/types\/page"}],"author":[{"embeddable":true,"href":"https:\/\/elfsight.com\/it\/wp-json\/wp\/v2\/users\/9"}],"replies":[{"embeddable":true,"href":"https:\/\/elfsight.com\/it\/wp-json\/wp\/v2\/comments?post=3949"}],"version-history":[{"count":2,"href":"https:\/\/elfsight.com\/it\/wp-json\/wp\/v2\/pages\/3949\/revisions"}],"predecessor-version":[{"id":9628,"href":"https:\/\/elfsight.com\/it\/wp-json\/wp\/v2\/pages\/3949\/revisions\/9628"}],"up":[{"embeddable":true,"href":"https:\/\/elfsight.com\/it\/wp-json\/wp\/v2\/pages\/3120"}],"wp:attachment":[{"href":"https:\/\/elfsight.com\/it\/wp-json\/wp\/v2\/media?parent=3949"}],"curies":[{"name":"wp","href":"https:\/\/api.w.org\/{rel}","templated":true}]}}