{"id":3948,"date":"2024-05-03T06:31:17","date_gmt":"2024-05-03T06:31:17","guid":{"rendered":"https:\/\/elfsight.com\/it\/?page_id=3948"},"modified":"2025-03-21T11:18:43","modified_gmt":"2025-03-21T11:18:43","slug":"html","status":"publish","type":"page","link":"https:\/\/elfsight.com\/it\/business-hours-widget\/html\/","title":{"rendered":"Business Hours &#8211; HTML"},"content":{"rendered":"\n<div class=\"application-platform-content-item-description application-platform-content-item\" id=\"description\" data-nav-section=\"description\"> <h2>Incorpora l&#8217;orario lavorativo in HTML con un widget Elfsight<\/h2> <p>Elfsight Business Hours per HTML \u00e8 un semplice widget senza codice che ti permette di comporre un accattivante biglietto da visita contenente i dati pi\u00f9 significativi riguardanti la tua attivit\u00e0. Puoi includere informazioni sul tuo attuale stato operativo e fornire contatti per i tuoi clienti. Il widget ti consente di inventare design accattivanti, in modo che i clienti possano facilmente esplorare tutti i dati necessari brevemente o in modo pi\u00f9 dettagliato. <\/p><p>Il fantastico widget ha una serie di modelli, cos\u00ec sei libero di scegliere l&#8217;opzione pi\u00f9 efficiente per il tuo sito. Ogni modello contiene varie impostazioni per aiutarti a creare un widget personalizzato con gli elementi necessari come i pulsanti di ordine e registrazione che aumentano le vendite. Aggiungere gli orari di lavoro e i dettagli di contatto della tua azienda alle pagine del tuo sito web \u00e8 molto semplice con Elfsight grazie a tutorial e guide semplici. Qualsiasi utente pu\u00f2 creare e aggiungere gratuitamente il widget degli orari di apertura senza codice<\/p> <p><b>Aggiungi dettagli aziendali al tuo sito web per aumentare le vendite e la fidelizzazione dei clienti. Condividi informazioni importanti sulla tua attivit\u00e0 lavorativa in modo chiaro con il widget. <\/b><\/p> <p>Con questo widget incorporato nel tuo sito web HTML, puoi rendere i tuoi clienti pi\u00f9 consapevoli dei tuoi processi aziendali ed effettuare vendite regolari. Esplora alcuni dei principali risultati positivi per il tuo sito web quando aggiungi il widget dell&#8217;orario di lavoro senza codice.<\/p><ul><li><b>Consenti ai tuoi clienti di essere sempre puntuali.<\/b> Incrementa le vendite, perch\u00e9 sempre presente negli orari di apertura indicati. I visitatori del tuo sito web ricorderanno i tuoi orari di apertura e saranno pi\u00f9 sicuri di effettuare un acquisto di successo quando necessario. <\/li><li><b>Evita malintesi sugli orari di apertura.<\/b> Fornire orari di lavoro chiari ai clienti sul sito Web li render\u00e0 pi\u00f9 devoti al tuo marchio poich\u00e9 saranno in grado di pianificare una prenotazione o una visita a te. <\/li><li><b>Visualizza i dati di contatto in modo visibile.<\/b> L&#8217;aggiunta dei dati di contatto al widget Orario lavorativo senza codice ti consente di stabilire una migliore comunicazione con i visitatori del tuo sito web e di effettuare le vendite pi\u00f9 rapidamente. Dimostra che sei qui per rispondere alle loro domande sui prodotti e servizi della tua azienda, con conseguente maggiore fiducia e migliori vendite. <\/li><\/ul><div class=\"faq\" data-component=\"FAQ\"><div class=\"faq-item\">\r\n\t\t\t\t\t<div class=\"faq-item-question\">\r\n\t\t\t\t\t\t<h3 class=\"faq-item-question-text\">Ci sono altri plugin per HTML che posso aggiungere al mio sito web?<\/h3>\r\n\r\n\t\t\t\t\t\t<div class=\"faq-item-question-icon\"><\/div>\r\n\t\t\t\t\t<\/div>\r\n\r\n\t\t\t\t\t<div class=\"faq-item-answer\">\r\n\t\t\t\t\t\t<div class=\"faq-item-answer-text\">Possiamo fornire molti plugin per realizzare qualsiasi tipo di attivit\u00e0 sul tuo sito web. Verifica tu stesso: <a href=\"https:\/\/elfsight.com\/google-reviews-widget\/html\/\" target=\"_blank\" rel=\"noopener\">Google Recensioni<\/a>, <a href=\"https:\/\/elfsight.com\/whatsapp-chat-widget\/html\/\" target=\"_blank\" rel=\"noopener\">Chat di WhatsApp<\/a>, <a href=\"https:\/\/elfsight.com\/event-calendar-widget\/html\/\" target=\"_blank\" rel=\"noopener\">Calendario eventi<\/a>, <a href=\"https:\/\/elfsight.com\/countdown-timer-widget\/html\/\" target=\"_blank \" rel=\"noopener\">Conto alla rovescia<\/a>, <a href=\"https:\/\/elfsight.com\/qr-code-widget\/html\/\" target=\"_blank\" rel=\"noopener\">Codice QR<\/a>.<\/div>\r\n\t\t\t\t\t<\/div>\r\n\t\t\t\t<\/div><div class=\"faq-item\">\r\n\t\t\t\t\t<div class=\"faq-item-question\">\r\n\t\t\t\t\t\t<h3 class=\"faq-item-question-text\">Come posso ottenere risultati con l'orario di lavoro su HTML?<\/h3>\r\n\r\n\t\t\t\t\t\t<div class=\"faq-item-question-icon\"><\/div>\r\n\t\t\t\t\t<\/div>\r\n\r\n\t\t\t\t\t<div class=\"faq-item-answer\">\r\n\t\t\t\t\t\t<div class=\"faq-item-answer-text\">Esistono molti modi per migliorare le statistiche di conversione e i risultati di vendita aggiungendo un plug-in per l&#8217;orario di lavoro. Con i modelli di Elfsight per questo entusiasmante plugin per siti web, \u00e8 possibile costruire una strategia aziendale personale. Puoi dimostrare informazioni sugli orari di apertura e sugli strumenti per contattarti o semplicemente incorporare un piccolo popup di stato. Puoi creare schede di contatto con il nostro plug-in degli orari di apertura e aggiungerle al sito Web per attirare l&#8217;attenzione e informare i clienti sulla tua attivit\u00e0.<\/div>\r\n\t\t\t\t\t<\/div>\r\n\t\t\t\t<\/div><div class=\"faq-item\">\r\n\t\t\t\t\t<div class=\"faq-item-question\">\r\n\t\t\t\t\t\t<h3 class=\"faq-item-question-text\">Come incorporare gratuitamente gli orari di apertura sui siti Web HTML?<\/h3>\r\n\r\n\t\t\t\t\t\t<div class=\"faq-item-question-icon\"><\/div>\r\n\t\t\t\t\t<\/div>\r\n\r\n\t\t\t\t\t<div class=\"faq-item-answer\">\r\n\t\t\t\t\t\t<div class=\"faq-item-answer-text\">Incorporamento di Il plug-in dell&#8217;orario lavorativo nel tuo sito Web HTML \u00e8 un metodo eccezionale per coinvolgere i visitatori nella comunicazione e informarli sull&#8217;orario e sullo stato validi per garantire vendite o servizi. Offriamo alcuni tutorial sull&#8217;aggiunta del plug-in degli orari di funzionamento senza codice al tuo sito web.<ol><li>Per integrare gratuitamente Elfsight Business Hours in HTML, vai al sito web di Elfsight e registrati.<\/li><li> Crea il plug-in dell&#8217;orario di lavoro senza codice adattandone l&#8217;aspetto e le impostazioni in modo che corrispondano al tema del tuo sito web.<\/li><li>Dopo aver formato l&#8217;orario di lavoro, trasporta il codice nell&#8217;HTML del tuo sito web dove desideri che il plug-in funzioni.<\/li><\/ol>Inserendo gli orari di apertura nel tuo sito web HTML, aumenterai il suo magnetismo visivo e motiverai la fidelizzazione sostenibile dei visitatori. Scopri i vantaggi del plug-in Elfsight Business Hours senza alcun costo per te!<\/div>\r\n\t\t\t\t\t<\/div>\r\n\t\t\t\t<\/div><\/div><\/div><div class=\"application-platform-content-item-features application-platform-content-item\" id=\"features\" data-nav-section=\"features\"> <h2>Offriamo funzionalit\u00e0 widget utili e convenienti, controlla alcune di esse :<\/h2> <ul><li>Mostra lo stato attuale della tua organizzazione<\/li><li>Semplice modifica dell&#8217;orario<\/li><li>Configurazione delle occasioni speciali<\/li><li>Stato attuale<\/li> <li>Grafico inseribile o stato salvaspazio<\/li><\/ul><p><a href=\"#demo\">Prova tutte le impostazioni nella demo completamente funzionale<\/a><\/p><\/div> <div class=\"application-platform-content-item-installation application-platform-content-item\" id=\"installation\" data-nav-section=\"installation\"> <h2>Come posso incorporare l&#8217;orario di lavoro nel mio sito Web HTML?<\/h2> <p>Segui semplicemente le linee guida seguenti per incorporare il plug-in nei tuoi turni di lavoro.<\/p> <ol> <li><b>Utilizza il nostro configuratore e inizia a creare il tuo plugin unico.<\/b><br> Trova l&#8217;aspetto e le specifiche preferibili e salva le modifiche. <\/li> <li><b>Copia il codice personale che viene visualizzato nell&#8217;apposito form sulle App Elfsight.<\/b><br> Non appena la configurazione del tuo plugin personale sar\u00e0 completata, copia il codice personale sul \u00e8 apparso un popup e conservalo per ulteriori occasioni. <\/li> <li><b>Inizia l&#8217;utilizzo del plugin sul sito HTML.<\/b><br> Inserisci il codice copiato recentemente nella tua home page e applica le correzioni. <\/li> <li><b>L&#8217;impostazione del tuo orario lavorativo senza codice \u00e8 stata completata con successo.<\/b><br> Vai al tuo sito web per vedere le prestazioni del plug-in Orario lavorativo aggiunto. <\/li><\/ol> <p>Se incontri ostacoli, contatta il nostro personale del servizio clienti. I nostri specialisti ti aiuteranno con tutte le difficolt\u00e0 che potresti incontrare con l&#8217;app per HTML. <\/p> <\/div>\n","protected":false},"excerpt":{"rendered":"","protected":false},"author":9,"featured_media":0,"parent":3120,"menu_order":0,"comment_status":"closed","ping_status":"closed","template":"templates\/template-application-platform.php","meta":{"publish_to_discourse":"","publish_post_category":"","wpdc_auto_publish_overridden":"","wpdc_topic_tags":"","wpdc_pin_topic":"","wpdc_pin_until":"","discourse_post_id":"","discourse_permalink":"","wpdc_publishing_response":"","wpdc_publishing_error":"","footnotes":""},"class_list":["post-3948","page","type-page","status-publish","hentry"],"yoast_head":"<!-- This site is optimized with the Yoast SEO plugin v25.3.1 - https:\/\/yoast.com\/wordpress\/plugins\/seo\/ -->\n<title>Aggiungi orari lavorativi gratuiti a HTML: incorpora orari di lavoro nei siti<\/title>\n<meta name=\"description\" content=\"Incorpora un widget Orario lavorativo personalizzabile in HTML per mostrare lo stato della tua attivit\u00e0. Crea il tuo orario di lavoro personale nella demo.\" \/>\n<meta name=\"robots\" content=\"index, follow, max-snippet:-1, max-image-preview:large, max-video-preview:-1\" \/>\n<link rel=\"canonical\" href=\"https:\/\/elfsight.com\/it\/business-hours-widget\/html\/\" \/>\n<meta property=\"og:locale\" content=\"it_IT\" \/>\n<meta property=\"og:type\" content=\"article\" \/>\n<meta property=\"og:title\" content=\"Aggiungi orari lavorativi gratuiti a HTML: incorpora orari di lavoro nei siti\" \/>\n<meta property=\"og:description\" content=\"Incorpora un widget Orario lavorativo personalizzabile in HTML per mostrare lo stato della tua attivit\u00e0. Crea il tuo orario di lavoro personale nella demo.\" \/>\n<meta property=\"og:url\" content=\"https:\/\/elfsight.com\/it\/business-hours-widget\/html\/\" \/>\n<meta property=\"og:site_name\" content=\"Elfsight IT\" \/>\n<meta property=\"article:modified_time\" content=\"2025-03-21T11:18:43+00:00\" \/>\n<meta name=\"twitter:card\" content=\"summary_large_image\" \/>\n<meta name=\"twitter:label1\" content=\"Tempo di lettura stimato\" \/>\n\t<meta name=\"twitter:data1\" content=\"5 minuti\" \/>\n<!-- \/ Yoast SEO plugin. -->","yoast_head_json":{"title":"Aggiungi orari lavorativi gratuiti a HTML: incorpora orari di lavoro nei siti","description":"Incorpora un widget Orario lavorativo personalizzabile in HTML per mostrare lo stato della tua attivit\u00e0. Crea il tuo orario di lavoro personale nella demo.","robots":{"index":"index","follow":"follow","max-snippet":"max-snippet:-1","max-image-preview":"max-image-preview:large","max-video-preview":"max-video-preview:-1"},"canonical":"https:\/\/elfsight.com\/it\/business-hours-widget\/html\/","og_locale":"it_IT","og_type":"article","og_title":"Aggiungi orari lavorativi gratuiti a HTML: incorpora orari di lavoro nei siti","og_description":"Incorpora un widget Orario lavorativo personalizzabile in HTML per mostrare lo stato della tua attivit\u00e0. Crea il tuo orario di lavoro personale nella demo.","og_url":"https:\/\/elfsight.com\/it\/business-hours-widget\/html\/","og_site_name":"Elfsight IT","article_modified_time":"2025-03-21T11:18:43+00:00","twitter_card":"summary_large_image","twitter_misc":{"Tempo di lettura stimato":"5 minuti"},"schema":{"@context":"https:\/\/schema.org","@graph":[{"@type":"WebPage","@id":"https:\/\/elfsight.com\/it\/business-hours-widget\/html\/","url":"https:\/\/elfsight.com\/it\/business-hours-widget\/html\/","name":"Aggiungi orari lavorativi gratuiti a HTML: incorpora orari di lavoro nei siti","isPartOf":{"@id":"https:\/\/elfsight.com\/it\/#website"},"datePublished":"2024-05-03T06:31:17+00:00","dateModified":"2025-03-21T11:18:43+00:00","description":"Incorpora un widget Orario lavorativo personalizzabile in HTML per mostrare lo stato della tua attivit\u00e0. Crea il tuo orario di lavoro personale nella demo.","breadcrumb":{"@id":"https:\/\/elfsight.com\/it\/business-hours-widget\/html\/#breadcrumb"},"inLanguage":"it-IT","potentialAction":[{"@type":"ReadAction","target":["https:\/\/elfsight.com\/it\/business-hours-widget\/html\/"]}]},{"@type":"BreadcrumbList","@id":"https:\/\/elfsight.com\/it\/business-hours-widget\/html\/#breadcrumb","itemListElement":[{"@type":"ListItem","position":1,"name":"Home","item":"https:\/\/elfsight.com\/it\/"},{"@type":"ListItem","position":2,"name":"Business Hours","item":"https:\/\/elfsight.com\/it\/business-hours-widget\/"},{"@type":"ListItem","position":3,"name":"Business Hours &#8211; HTML"}]},{"@type":"WebSite","@id":"https:\/\/elfsight.com\/it\/#website","url":"https:\/\/elfsight.com\/it\/","name":"Elfsight IT","description":"Just another Elfsight Sites site","potentialAction":[{"@type":"SearchAction","target":{"@type":"EntryPoint","urlTemplate":"https:\/\/elfsight.com\/it\/?s={search_term_string}"},"query-input":{"@type":"PropertyValueSpecification","valueRequired":true,"valueName":"search_term_string"}}],"inLanguage":"it-IT"}]}},"meta_box":{"industry":"","seo_heading":"","heading":"","description":"","cta_heading":"","cta_description":"","application":"3111","h1":"Widget HTML orario lavorativo","h1_caption":"Visualizza i tuoi orari di lavoro in un formato chiaro e accattivante per informare facilmente i visitatori della tua disponibilit\u00e0 nel tuo sito Web HTML.","application_category":[],"applications_title":"","applications_request_title":"","applications_request_button_text":"","hero_text":"","hero_video":"","hero_video_schema_markup":"","selling_points_title":"","selling_points_caption":"","selling_points":[],"selling_points_cta_text":"","features_title":"","features":"","ed_cta_examples_text":"","ed_cta_examples_hidden":"","ed_cta_demo_text":"","ed_cta_demo_hidden":"","why_caption":"","why_editor_title":"","why_editor_text":"","why_team_title":"","why_team_text":"","why_service_title":"","why_service_text":"","template_catalog_visible":"0","template_catalog_title":"","template_catalog_text":"","template_catalog_categories_visible":"","demo_title":"Crea il tuo widget Orario lavorativo","demo_caption":"Configura il tuo orario lavorativo e aggiungilo gratuitamente al tuo sito web HTML!","default_faq_hidden":"","app_template_category":[],"platform":"35","template_public_id":"","codecanyon_url":"","codecanyon_item_id":"","codecanyon_price":"","pricing_caption":"","pricing_elfsight_apps_hide_column":"","pricing_elfsight_apps_url":"","pricing_codecanyon_price_caption":"","integration_category":[],"integration_request_title":"","integration_request_cta":"","integration_platform":"","integrations":[],"platform_category":[],"video_schema_markup":"","price":"da $ 0 al mese","trial":"","benefits":[{"text":"Servizio di installazione gratuito"},{"text":"Supporto premium"},{"text":"Garanzia di rimborso di 14 giorni"},{"text":"Aggiornamenti gratuiti a vita"}],"button_url":"#demo","button_target_blank":"0","button_nofollow":"0","attributes":[{"name":"Installazioni"},{"name":"Reattivo","content":"S\u00cc"},{"name":"Browser compatibili","content":"IE11, Firefox, Safari, Opera, Chrome, Edge"}],"tags":[],"tags_disable_links":"0","hide_more_platforms":"0","video_object":"","demo_hide_cta":"0","demo_hide_cloud_options":"0","pricing_title":"","pricing":[{"pricing_icon":"platform","pricing_title":"Elfsight Apps","pricing_title_caption":"Software multipiattaforma che funziona su qualsiasi sito web","pricing_price":"da $ 0 \/ mese","pricing_price_caption":"inizia con un piano gratuito","pricing_benefits":[{"text":"Siti web illimitati"},{"text":"Assistenza clienti premium"},{"text":"Servizio di installazione gratuito"},{"text":"Progettazione flessibile"}],"pricing_button_text":"Aggiungi al sito web","pricing_button_url":"#demo"}],"related_apps_title":"","related_apps_hidden":"0","author":"","image":[],"title":"","job":"","social_networks":[]},"_links":{"self":[{"href":"https:\/\/elfsight.com\/it\/wp-json\/wp\/v2\/pages\/3948","targetHints":{"allow":["GET"]}}],"collection":[{"href":"https:\/\/elfsight.com\/it\/wp-json\/wp\/v2\/pages"}],"about":[{"href":"https:\/\/elfsight.com\/it\/wp-json\/wp\/v2\/types\/page"}],"author":[{"embeddable":true,"href":"https:\/\/elfsight.com\/it\/wp-json\/wp\/v2\/users\/9"}],"replies":[{"embeddable":true,"href":"https:\/\/elfsight.com\/it\/wp-json\/wp\/v2\/comments?post=3948"}],"version-history":[{"count":2,"href":"https:\/\/elfsight.com\/it\/wp-json\/wp\/v2\/pages\/3948\/revisions"}],"predecessor-version":[{"id":9613,"href":"https:\/\/elfsight.com\/it\/wp-json\/wp\/v2\/pages\/3948\/revisions\/9613"}],"up":[{"embeddable":true,"href":"https:\/\/elfsight.com\/it\/wp-json\/wp\/v2\/pages\/3120"}],"wp:attachment":[{"href":"https:\/\/elfsight.com\/it\/wp-json\/wp\/v2\/media?parent=3948"}],"curies":[{"name":"wp","href":"https:\/\/api.w.org\/{rel}","templated":true}]}}