{"id":3947,"date":"2024-05-03T06:31:16","date_gmt":"2024-05-03T06:31:16","guid":{"rendered":"https:\/\/elfsight.com\/it\/?page_id=3947"},"modified":"2025-03-21T11:15:44","modified_gmt":"2025-03-21T11:15:44","slug":"iframe","status":"publish","type":"page","link":"https:\/\/elfsight.com\/it\/business-hours-widget\/iframe\/","title":{"rendered":"Business Hours &#8211; iFrame"},"content":{"rendered":"\n<div class=\"application-platform-content-item-description application-platform-content-item\" id=\"description\" data-nav-section=\"description\"> <h2>Incorpora l&#8217;orario lavorativo su iFrame con un widget Elfsight<\/h2> <p>Elfsight Business Hours per iFrame \u00e8 un semplice widget senza codice che consente di proiettare un simpatico biglietto da visita con i dati pi\u00f9 importanti riguardanti la tua organizzazione. Puoi includere informazioni sullo stato della tua attivit\u00e0 e fornire contatti per il tuo pubblico. Il widget ti consente di progettare design intuitivi, in modo che i clienti possano trovare facilmente tutte le informazioni necessarie in modo breve o pi\u00f9 dettagliato. <\/p><p>L&#8217;eccellente widget ha una gamma di modelli, cos\u00ec puoi scegliere l&#8217;opzione pi\u00f9 efficiente per il tuo sito. Ogni modello presenta impostazioni regolabili per consentirti di sviluppare un widget personalizzato con gli elementi richiesti come chat e pulsanti di condivisione che aumentano le vendite. Aggiungere l&#8217;orario di lavoro e le informazioni di contatto della tua azienda al tuo sito web \u00e8 molto semplice con Elfsight grazie a tutorial e istruzioni facili da seguire. Qualsiasi utente pu\u00f2 creare e incorporare gratuitamente il widget Orario lavorativo senza codice.<\/p> <p><b>Inserisci i dettagli dell&#8217;attivit\u00e0 nel tuo sito web per aumentare i tassi di vendita e la fidelizzazione dei clienti. Condividi facilmente le informazioni chiave sulla tua attivit\u00e0 lavorativa con il widget di Elfsight. <\/b><\/p> <p>Con questo widget aggiunto al tuo sito web iFrame, puoi rendere il tuo pubblico pi\u00f9 informato sulla tua attivit\u00e0 e realizzare pi\u00f9 vendite. Scopri alcuni dei principali vantaggi per il tuo sito web dopo aver incorporato i periodi di lavoro gratuiti al suo interno. <\/p><ul><li><b>Fai in modo che i clienti siano sempre puntuali.<\/b> Incrementa le vendite, rimanendo costantemente in contatto negli orari lavorativi indicati. I visitatori del tuo sito web noteranno la tua disponibilit\u00e0 e saranno pi\u00f9 sicuri di effettuare un acquisto di successo quando ne avranno bisogno. <\/li><li><b>Evita malintesi riguardo al tuo orario di lavoro.<\/b> Mostrare le tue condizioni di lavoro dignitose ai clienti sul sito web li render\u00e0 pi\u00f9 devoti alla tua azienda poich\u00e9 saranno in grado di pianificare una prenotazione o una visita a te. <\/li><li><b>Visualizza le informazioni di contatto in modo conveniente.<\/b> L&#8217;aggiunta delle informazioni di contatto al widget degli orari di apertura senza codice ti consente di creare una migliore comunicazione con i tuoi clienti e di accelerare le vendite. Dimostra che sei pronto a rispondere alle loro preoccupazioni sui prodotti e servizi della tua azienda, ottenendo maggiore fiducia e prestigio. <\/li><\/ul><div class=\"faq\" data-component=\"FAQ\"><div class=\"faq-item\">\r\n\t\t\t\t\t<div class=\"faq-item-question\">\r\n\t\t\t\t\t\t<h3 class=\"faq-item-question-text\">Avete altri plugin per iFrame che posso aggiungere al mio sito web?<\/h3>\r\n\r\n\t\t\t\t\t\t<div class=\"faq-item-question-icon\"><\/div>\r\n\t\t\t\t\t<\/div>\r\n\r\n\t\t\t\t\t<div class=\"faq-item-answer\">\r\n\t\t\t\t\t\t<div class=\"faq-item-answer-text\">Possiamo fornire molti plugin per eseguire qualsiasi tipo di attivit\u00e0 sul vostro sito web e incrementare le tue vendite. Ecco alcuni esempi: <a href=\"https:\/\/elfsight.com\/google-reviews-widget\/iframe\/\" target=\"_blank\" rel=\"noopener\">Google Recensioni<\/a>, <a href=\"https:\/\/elfsight.com\/whatsapp-chat-widget\/iframe\/\" target=\"_blank\" rel=\"noopener\">Chat di WhatsApp<\/a>, <a href=\"https:\/\/elfsight.com\/event-calendar-widget\/iframe\/\" target=\"_blank\" rel=\"noopener\">Calendario eventi<\/a>, <a href=\"https:\/\/elfsight.com\/countdown-timer-widget\/iframe\/\" target=\" _blank\" rel=\"noopener\">Conto alla rovescia<\/a>, <a href=\"https:\/\/elfsight.com\/qr-code-widget\/iframe\/\" target=\"_blank\" rel=\"noopener\">Codice QR<\/a>. <\/div>\r\n\t\t\t\t\t<\/div>\r\n\t\t\t\t<\/div><div class=\"faq-item\">\r\n\t\t\t\t\t<div class=\"faq-item-question\">\r\n\t\t\t\t\t\t<h3 class=\"faq-item-question-text\">Come posso trarre vantaggio dall'orario di lavoro su iFrame?<\/h3>\r\n\r\n\t\t\t\t\t\t<div class=\"faq-item-question-icon\"><\/div>\r\n\t\t\t\t\t<\/div>\r\n\r\n\t\t\t\t\t<div class=\"faq-item-answer\">\r\n\t\t\t\t\t\t<div class=\"faq-item-answer-text\">Esistono molti modi per migliorare le statistiche di conversione e gli indicatori di vendita del sito Web aggiungendo un plug-in dell&#8217;orario di lavoro. Con i modelli di Elfsight per questo fantastico plugin per siti web, \u00e8 possibile scegliere tattiche di promozione personali. Puoi visualizzare informazioni estese relative agli orari di apertura e ai modi per stabilire una comunicazione con te o semplicemente incorporare una piccola barra di stato corrente. Puoi creare schede di contatto con il plug-in Orario di lavoro e aggiungerle alle pagine del sito Web richieste per attirare l&#8217;attenzione e informare i visitatori sulla tua attivit\u00e0. <\/div>\r\n\t\t\t\t\t<\/div>\r\n\t\t\t\t<\/div><div class=\"faq-item\">\r\n\t\t\t\t\t<div class=\"faq-item-question\">\r\n\t\t\t\t\t\t<h3 class=\"faq-item-question-text\">Come incorporare gratuitamente l'orario lavorativo nei siti Web iFrame?<\/h3>\r\n\r\n\t\t\t\t\t\t<div class=\"faq-item-question-icon\"><\/div>\r\n\t\t\t\t\t<\/div>\r\n\r\n\t\t\t\t\t<div class=\"faq-item-answer\">\r\n\t\t\t\t\t\t<div class=\"faq-item-answer-text\">Incorporare un plug-in Orario lavorativo nel tuo sito Web iFrame \u00e8 un modo semplice per attirare nuovi clienti e informare loro della tua disponibilit\u00e0 a effettuare vendite o rendering Servizi. Trova alcuni tutorial sull&#8217;aggiunta del plug-in per gli orari di apertura senza codice al tuo sito web. <ol><li>Quando hai bisogno di incorporare gratuitamente un Elfsight Business Hours in iFrame, procedi al sito web di Elfsight e registrati. <\/li><li>Crea orari di apertura gratuiti adattandone l&#8217;aspetto e le impostazioni in modo che corrispondano al tema del tuo sito web iFrame. <\/li><li>Dopo aver personalizzato l&#8217;orario lavorativo, copia lo snippet di codice generato e incollalo nel tuo sito web iFrame dove desideri che il plug-in funzioni. <\/li><\/ol>Inserendo l&#8217;orario lavorativo nel tuo sito web iFrame, migliorerai sicuramente il suo aspetto visivo e motiverai la fidelizzazione sostenibile dei visitatori. Scopri i vantaggi dell&#8217;orario lavorativo di Elfsight senza alcun costo per te! <\/div>\r\n\t\t\t\t\t<\/div>\r\n\t\t\t\t<\/div><\/div><\/div><div class=\"application-platform-content-item-features application-platform-content-item\" id=\"features\" data-nav-section=\"features\"> <h2>Il widget include funzionalit\u00e0 preziose e semplici, eccone alcune:<\/h2> <ul><li>Mostra le potenzialit\u00e0 della tua azienda stato attuale<\/li><li>Facile regolazione dell&#8217;orario di lavoro <\/li><li>Configurazione per occasioni speciali<\/li><li>Indicazione della situazione in tempo reale<\/li><li>Tabella integrabile o stato salvaspazio<\/li><\/ul><p><a href=\"#demo\">Prova semplicemente questa demo per avere un&#8217;idea completa<\/a><\/p><\/div> <div class=\"application-platform-content-item-installation application-platform-content-item\" id=\"installation\" data-nav-section=\"installation\"> <h2>Come incorporo l&#8217;orario lavorativo nel mio sito web iFrame?<\/h2> <p>Segui semplicemente le linee guida riportate di seguito per incorporare il plug-in nei tuoi turni di lavoro.<\/p> <ol><li><b>Impiega il nostro editor e inizia a dare forma al tuo plugin senza codice.<\/b><br> Trova l&#8217;aspetto e le caratteristiche desiderabili dell&#8217;app e salva le modifiche. <\/li> <li><b>Ottieni il codice individuale rivelato nella finestra delle app Elfsight.<\/b><br> Dopo aver completato la configurazione del tuo plugin personale per le ore di funzionamento senza codice, copia il codice individuale dal popup emerso e salvarlo per ulteriori occasioni. <\/li> <li><b>Avvia l&#8217;applicazione del plugin sulla tua pagina web iFrame.<\/b><br> Integra il codice che hai salvato in precedenza nella tua home page e salva le modifiche. <\/li> <li><b>Fatto! L&#8217;integrazione del tuo orario lavorativo senza codice nel sito web \u00e8 stata completata.<\/b><br> Visita il tuo sito web per dare un&#8217;occhiata al funzionamento del plug-in aggiunto per gli orari di apertura. <\/li><\/ol> <p>Se hai domande o riscontri problemi, rivolgiti al nostro personale di supporto. I nostri consulenti saranno lieti di risolvere tutte le domande che potresti avere sul plugin per iFrame. <\/p> <\/div>\n","protected":false},"excerpt":{"rendered":"","protected":false},"author":9,"featured_media":0,"parent":3120,"menu_order":0,"comment_status":"closed","ping_status":"closed","template":"templates\/template-application-platform.php","meta":{"publish_to_discourse":"","publish_post_category":"","wpdc_auto_publish_overridden":"","wpdc_topic_tags":"","wpdc_pin_topic":"","wpdc_pin_until":"","discourse_post_id":"","discourse_permalink":"","wpdc_publishing_response":"","wpdc_publishing_error":"","footnotes":""},"class_list":["post-3947","page","type-page","status-publish","hentry"],"yoast_head":"<!-- This site is optimized with the Yoast SEO plugin v25.3.1 - https:\/\/yoast.com\/wordpress\/plugins\/seo\/ -->\n<title>Aggiungi orari di lavoro a iFrame: incorpora orari di lavoro rapidi sul sito<\/title>\n<meta name=\"description\" content=\"Integra un widget orario lavorativo personalizzato in iFrame per condividere lo stato della tua attivit\u00e0. Crea il tuo widget orario di lavoro personale nella demo.\" \/>\n<meta name=\"robots\" content=\"index, follow, max-snippet:-1, max-image-preview:large, max-video-preview:-1\" \/>\n<link rel=\"canonical\" href=\"https:\/\/elfsight.com\/it\/business-hours-widget\/iframe\/\" \/>\n<meta property=\"og:locale\" content=\"it_IT\" \/>\n<meta property=\"og:type\" content=\"article\" \/>\n<meta property=\"og:title\" content=\"Aggiungi orari di lavoro a iFrame: incorpora orari di lavoro rapidi sul sito\" \/>\n<meta property=\"og:description\" content=\"Integra un widget orario lavorativo personalizzato in iFrame per condividere lo stato della tua attivit\u00e0. Crea il tuo widget orario di lavoro personale nella demo.\" \/>\n<meta property=\"og:url\" content=\"https:\/\/elfsight.com\/it\/business-hours-widget\/iframe\/\" \/>\n<meta property=\"og:site_name\" content=\"Elfsight IT\" \/>\n<meta property=\"article:modified_time\" content=\"2025-03-21T11:15:44+00:00\" \/>\n<meta name=\"twitter:card\" content=\"summary_large_image\" \/>\n<meta name=\"twitter:label1\" content=\"Tempo di lettura stimato\" \/>\n\t<meta name=\"twitter:data1\" content=\"5 minuti\" \/>\n<!-- \/ Yoast SEO plugin. -->","yoast_head_json":{"title":"Aggiungi orari di lavoro a iFrame: incorpora orari di lavoro rapidi sul sito","description":"Integra un widget orario lavorativo personalizzato in iFrame per condividere lo stato della tua attivit\u00e0. Crea il tuo widget orario di lavoro personale nella demo.","robots":{"index":"index","follow":"follow","max-snippet":"max-snippet:-1","max-image-preview":"max-image-preview:large","max-video-preview":"max-video-preview:-1"},"canonical":"https:\/\/elfsight.com\/it\/business-hours-widget\/iframe\/","og_locale":"it_IT","og_type":"article","og_title":"Aggiungi orari di lavoro a iFrame: incorpora orari di lavoro rapidi sul sito","og_description":"Integra un widget orario lavorativo personalizzato in iFrame per condividere lo stato della tua attivit\u00e0. Crea il tuo widget orario di lavoro personale nella demo.","og_url":"https:\/\/elfsight.com\/it\/business-hours-widget\/iframe\/","og_site_name":"Elfsight IT","article_modified_time":"2025-03-21T11:15:44+00:00","twitter_card":"summary_large_image","twitter_misc":{"Tempo di lettura stimato":"5 minuti"},"schema":{"@context":"https:\/\/schema.org","@graph":[{"@type":"WebPage","@id":"https:\/\/elfsight.com\/it\/business-hours-widget\/iframe\/","url":"https:\/\/elfsight.com\/it\/business-hours-widget\/iframe\/","name":"Aggiungi orari di lavoro a iFrame: incorpora orari di lavoro rapidi sul sito","isPartOf":{"@id":"https:\/\/elfsight.com\/it\/#website"},"datePublished":"2024-05-03T06:31:16+00:00","dateModified":"2025-03-21T11:15:44+00:00","description":"Integra un widget orario lavorativo personalizzato in iFrame per condividere lo stato della tua attivit\u00e0. Crea il tuo widget orario di lavoro personale nella demo.","breadcrumb":{"@id":"https:\/\/elfsight.com\/it\/business-hours-widget\/iframe\/#breadcrumb"},"inLanguage":"it-IT","potentialAction":[{"@type":"ReadAction","target":["https:\/\/elfsight.com\/it\/business-hours-widget\/iframe\/"]}]},{"@type":"BreadcrumbList","@id":"https:\/\/elfsight.com\/it\/business-hours-widget\/iframe\/#breadcrumb","itemListElement":[{"@type":"ListItem","position":1,"name":"Home","item":"https:\/\/elfsight.com\/it\/"},{"@type":"ListItem","position":2,"name":"Business Hours","item":"https:\/\/elfsight.com\/it\/business-hours-widget\/"},{"@type":"ListItem","position":3,"name":"Business Hours &#8211; iFrame"}]},{"@type":"WebSite","@id":"https:\/\/elfsight.com\/it\/#website","url":"https:\/\/elfsight.com\/it\/","name":"Elfsight IT","description":"Just another Elfsight Sites site","potentialAction":[{"@type":"SearchAction","target":{"@type":"EntryPoint","urlTemplate":"https:\/\/elfsight.com\/it\/?s={search_term_string}"},"query-input":{"@type":"PropertyValueSpecification","valueRequired":true,"valueName":"search_term_string"}}],"inLanguage":"it-IT"}]}},"meta_box":{"industry":"","seo_heading":"","heading":"","description":"","cta_heading":"","cta_description":"","application":"3111","h1":"Widget Orario lavorativo iFrame","h1_caption":"Visualizza i tuoi orari di lavoro in un formato chiaro e accattivante per informare facilmente i visitatori della tua disponibilit\u00e0 nel tuo sito web iFrame.","application_category":[],"applications_title":"","applications_request_title":"","applications_request_button_text":"","hero_text":"","hero_video":"","hero_video_schema_markup":"","selling_points_title":"","selling_points_caption":"","selling_points":[],"selling_points_cta_text":"","features_title":"","features":"","ed_cta_examples_text":"","ed_cta_examples_hidden":"","ed_cta_demo_text":"","ed_cta_demo_hidden":"","why_caption":"","why_editor_title":"","why_editor_text":"","why_team_title":"","why_team_text":"","why_service_title":"","why_service_text":"","template_catalog_visible":"0","template_catalog_title":"","template_catalog_text":"","template_catalog_categories_visible":"","demo_title":"Crea il tuo widget Orario lavorativo","demo_caption":"Configura il tuo orario lavorativo e aggiungilo gratuitamente al tuo sito web iFrame!","default_faq_hidden":"","app_template_category":[],"platform":"54","template_public_id":"","codecanyon_url":"","codecanyon_item_id":"","codecanyon_price":"","pricing_caption":"","pricing_elfsight_apps_hide_column":"","pricing_elfsight_apps_url":"","pricing_codecanyon_price_caption":"","integration_category":[],"integration_request_title":"","integration_request_cta":"","integration_platform":"","integrations":[],"platform_category":[],"video_schema_markup":"","price":"da $ 0 al mese","trial":"","benefits":[{"text":"Assistenza per l'installazione gratuita"},{"text":"Supporto premium"},{"text":"Garanzia di rimborso di 14 giorni"},{"text":"Miglioramenti continui"}],"button_url":"#demo","button_target_blank":"0","button_nofollow":"0","attributes":[{"name":"Installazioni"},{"name":"Reattivo","content":"S\u00cc"},{"name":"Browser compatibili","content":"IE11, Firefox, Safari, Opera, Chrome, Edge"}],"tags":[],"tags_disable_links":"0","hide_more_platforms":"0","video_object":"","demo_hide_cta":"0","demo_hide_cloud_options":"0","pricing_title":"","pricing":[{"pricing_icon":"platform","pricing_title":"Elfsight Apps","pricing_title_caption":"Soluzione multipiattaforma","pricing_price":"da $ 0 \/ mese","pricing_price_caption":"inizia con un piano gratuito","pricing_benefits":[{"text":"Siti web illimitati"},{"text":"Supporto rapido e puntuale"},{"text":"Aiuto per l'installazione gratuito"},{"text":"Completamente personalizzabile"}],"pricing_button_text":"Aggiungi al sito web","pricing_button_url":"#demo"}],"related_apps_title":"","related_apps_hidden":"0","author":"","image":[],"title":"","job":"","social_networks":[]},"_links":{"self":[{"href":"https:\/\/elfsight.com\/it\/wp-json\/wp\/v2\/pages\/3947","targetHints":{"allow":["GET"]}}],"collection":[{"href":"https:\/\/elfsight.com\/it\/wp-json\/wp\/v2\/pages"}],"about":[{"href":"https:\/\/elfsight.com\/it\/wp-json\/wp\/v2\/types\/page"}],"author":[{"embeddable":true,"href":"https:\/\/elfsight.com\/it\/wp-json\/wp\/v2\/users\/9"}],"replies":[{"embeddable":true,"href":"https:\/\/elfsight.com\/it\/wp-json\/wp\/v2\/comments?post=3947"}],"version-history":[{"count":2,"href":"https:\/\/elfsight.com\/it\/wp-json\/wp\/v2\/pages\/3947\/revisions"}],"predecessor-version":[{"id":9611,"href":"https:\/\/elfsight.com\/it\/wp-json\/wp\/v2\/pages\/3947\/revisions\/9611"}],"up":[{"embeddable":true,"href":"https:\/\/elfsight.com\/it\/wp-json\/wp\/v2\/pages\/3120"}],"wp:attachment":[{"href":"https:\/\/elfsight.com\/it\/wp-json\/wp\/v2\/media?parent=3947"}],"curies":[{"name":"wp","href":"https:\/\/api.w.org\/{rel}","templated":true}]}}