{"id":3946,"date":"2024-05-03T06:31:15","date_gmt":"2024-05-03T06:31:15","guid":{"rendered":"https:\/\/elfsight.com\/it\/?page_id=3946"},"modified":"2025-03-21T11:22:00","modified_gmt":"2025-03-21T11:22:00","slug":"shopify","status":"publish","type":"page","link":"https:\/\/elfsight.com\/it\/business-hours-widget\/shopify\/","title":{"rendered":"Business Hours &#8211; Shopify"},"content":{"rendered":"\n<div class=\"application-platform-content-item-description application-platform-content-item\" id=\"description\" data-nav-section=\"description\"> <h2>Incorpora l&#8217;orario di lavoro su Shopify con un&#8217;app Elfsight<\/h2> <p>Elfsight Business Hours per Shopify \u00e8 un semplice widget senza codice che ti permette di comporre un attraente biglietto da visita contenente i dati pi\u00f9 significativi della tua attivit\u00e0. Puoi aggiungere informazioni sul tuo attuale stato lavorativo e abilitare i contatti per i tuoi clienti. Il widget ti consente di creare design intuitivi, in modo che i visitatori possano facilmente esplorare tutti i dati necessari brevemente o in modo pi\u00f9 dettagliato. <\/p><p>Il fantastico widget \u00e8 dotato di una gamma di modelli, cos\u00ec sei libero di scegliere l&#8217;opzione migliore per il tuo sito web. Ogni modello ha impostazioni regolabili per aiutarti a creare un widget personale con elementi come pulsanti CTA che aumentano le vendite. Incorporare gli orari di lavoro e i contatti della tua azienda nelle tue pagine \u00e8 molto semplice con il widget di Elfsight grazie a tutorial e istruzioni semplici. Qualsiasi titolare di un sito web pu\u00f2 creare e utilizzare gratuitamente il widget Orario lavorativo senza codice.<\/p><p><b>Utilizza i dettagli aziendali sul tuo sito web per aumentare i tassi di vendita e la soddisfazione del cliente. Aggiungi informazioni significative sul tuo stato lavorativo senza sforzo. <\/b><\/p> <p>Con questo widget incorporato nel sito web Shopify, puoi far conoscere al tuo pubblico la tua attivit\u00e0 e ottenere vendite regolari. Esplora alcuni dei principali vantaggi per il tuo sito web quando aggiungi il widget dell&#8217;orario di lavoro senza codice. <\/p><ul><li><b>Lascia che i tuoi clienti siano sempre tempestivi.<\/b> Incrementa le vendite, grazie alla certezza di essere in contatto nei tempi lavorativi indicati. I tuoi visitatori vedranno il tuo widget delle ore di attivit\u00e0 e diventeranno pi\u00f9 decisivi per effettuare un acquisto di successo quando ne avranno bisogno. <\/li><li><b>Evita malintesi riguardo al tuo orario di lavoro.<\/b> Mostrare i tuoi orari di lavoro dignitosi ai clienti sul sito web li render\u00e0 pi\u00f9 devoti alla tua azienda perch\u00e9 saranno in grado di pianificare un ordine o una visita a te. <\/li><li><b>Visualizza i dati di contatto in modo conveniente.<\/b> Incorpora i dettagli di contatto nel widget degli orari di apertura senza codice per stabilire una comunicazione con i visitatori del sito web e velocizzare le vendite. Dimostra che sei qui per rispondere alle loro domande sui prodotti e servizi della tua azienda, ottenendo cos\u00ec maggiore fidelizzazione e migliori vendite. <\/li><\/ul><div class=\"faq\" data-component=\"FAQ\"><div class=\"faq-item\">\r\n\t\t\t\t\t<div class=\"faq-item-question\">\r\n\t\t\t\t\t\t<h3 class=\"faq-item-question-text\">Offrite altri plugin per Shopify che posso utilizzare sul mio sito web?<\/h3>\r\n\r\n\t\t\t\t\t\t<div class=\"faq-item-question-icon\"><\/div>\r\n\t\t\t\t\t<\/div>\r\n\r\n\t\t\t\t\t<div class=\"faq-item-answer\">\r\n\t\t\t\t\t\t<div class=\"faq-item-answer-text\">Possiamo fornire molti plugin per raggiungere qualsiasi tipo di obiettivo su il tuo sito web. Verifica tu stesso: <a href=\"https:\/\/elfsight.com\/google-reviews-widget\/shopify\/\" target=\"_blank\" rel=\"noopener\">Google Recensioni<\/a>, <a href=\"https:\/\/elfsight.com\/whatsapp-chat-widget\/shopify\/\" target=\"_blank\" rel=\"noopener\">Chat di WhatsApp<\/a>, <a href=\"https:\/\/elfsight.com\/event-calendar-widget\/shopify\/\" target=\"_blank\" rel=\"noopener\">Calendario eventi<\/a>, <a href=\"https:\/\/elfsight.com\/countdown-timer-widget\/shopify\/\" target=\"_blank \" rel=\"noopener\">Conto alla rovescia<\/a>, <a href=\"https:\/\/elfsight.com\/qr-code-widget\/shopify\/\" target=\"_blank\" rel=\"noopener\">Codice QR<\/a>. <\/div>\r\n\t\t\t\t\t<\/div>\r\n\t\t\t\t<\/div><div class=\"faq-item\">\r\n\t\t\t\t\t<div class=\"faq-item-question\">\r\n\t\t\t\t\t\t<h3 class=\"faq-item-question-text\">Come posso ottenere risultati con l'orario di lavoro su Shopify?<\/h3>\r\n\r\n\t\t\t\t\t\t<div class=\"faq-item-question-icon\"><\/div>\r\n\t\t\t\t\t<\/div>\r\n\r\n\t\t\t\t\t<div class=\"faq-item-answer\">\r\n\t\t\t\t\t\t<div class=\"faq-item-answer-text\"> Puoi accedere a molti modi per migliorare i tassi di conversione e i numeri di vendita aggiungendo un plug-in dell&#8217;orario di lavoro. Con i modelli di Elfsight per questo meraviglioso plugin per siti web, puoi creare tattiche di business individuali. Puoi mostrare informazioni estese relative agli orari di attivit\u00e0 e ai modi per contattarti o semplicemente incorporare una barra di stato attuale minimalista. Puoi creare schede di contatto con il nostro plug-in Orario lavorativo e aggiungerle alle aree desiderate del sito Web per attirare l&#8217;attenzione e informare i clienti sulla tua attivit\u00e0 commerciale. <\/div>\r\n\t\t\t\t\t<\/div>\r\n\t\t\t\t<\/div><div class=\"faq-item\">\r\n\t\t\t\t\t<div class=\"faq-item-question\">\r\n\t\t\t\t\t\t<h3 class=\"faq-item-question-text\">Come incorporare gratuitamente l'orario di apertura su Shopify?<\/h3>\r\n\r\n\t\t\t\t\t\t<div class=\"faq-item-question-icon\"><\/div>\r\n\t\t\t\t\t<\/div>\r\n\r\n\t\t\t\t\t<div class=\"faq-item-answer\">\r\n\t\t\t\t\t\t<div class=\"faq-item-answer-text\">Incorporare un plug-in dell&#8217;orario di apertura nel tuo sito Web Shopify \u00e8 un modo semplice per attirare nuovi clienti e informarli sulla tua disponibilit\u00e0 a effettuare vendite o fornire servizi . Offriamo tutorial su come aggiungere il plug-in gratuito per gli orari di apertura al tuo sito web. <ol><li>Quando devi incorporare gratuitamente un Elfsight Business Hours in Shopify, visita il sito web di Elfsight e registrati.<\/li> <li>Regola il plug-in degli orari di apertura adattandone l&#8217;aspetto e le impostazioni in modo che corrispondano al tuo Shopify stile del sito web.<\/li> <li>Dopo aver modificato l&#8217;orario lavorativo, copia il codice speciale e incollalo nell&#8217;HTML del tuo sito web Shopify dove desideri che si trovi il plug-in. <\/li><\/ol>Integrando l&#8217;orario di lavoro nel tuo Shopify, migliorerai sicuramente la sua attrattiva visiva e aumenterai la fidelizzazione stabile dei visitatori. Sperimenta i vantaggi dell&#8217;orario lavorativo di Elfsight senza alcun costo per te! <\/div>\r\n\t\t\t\t\t<\/div>\r\n\t\t\t\t<\/div><\/div><\/div><div class=\"application-platform-content-item-features application-platform-content-item\" id=\"features\" data-nav-section=\"features\"> <h2>Il widget offre funzionalit\u00e0 utili, guardane alcune:<\/h2> <ul><li>Dimostra la funzionalit\u00e0 in tempo reale della tua organizzazione stato<\/li><li>Impostazione semplice del periodo lavorativo<\/li><li>Configurazione giorni festivi<\/li><li>Stato situazione attuale<\/li><li>Stato tabella inseribile o compatto<\/li><\/ul><p><a href=\"#demo\">Puoi verificare subito tutte le funzionalit\u00e0 del widget nella demo<\/a><\/p><\/div> <div class=\"application-platform-content-item-installation application-platform-content-item\" id=\"installation\" data-nav-section=\"installation\"> <h2>Come faccio ad aggiungere l&#8217;orario di apertura al mio sito web Shopify?<\/h2> <p>Basta seguire un paio di passaggi descritti di seguito per integrare il plug-in con i tuoi turni di lavoro.<\/p> <ol><li><b> Avvia il nostro editor e inizia a creare il tuo plug-in senza codice unico.<\/b><br> Scegli il design selezionato e le caratteristiche funzionali del plug-in e salva le modifiche. <\/li> <li><b>Acquisisci il codice individuale mostrato nella finestra delle App Elfsight.<\/b><br> Subito dopo aver creato la tua soluzione personale senza codice, copia il codice personale nella finestra apparsa popup e salvarlo per necessit\u00e0 successive. <\/li> <li><b>Accedi utilizzando l&#8217;app sul sito Shopify.<\/b><br> Incolla il codice che hai salvato di recente nella tua home page e applica le modifiche. <\/li> <li><b>Fatto! L&#8217;integrazione del tuo orario lavorativo senza codice \u00e8 stata completata con successo.<\/b><br> Visita il tuo sito web per esaminare il funzionamento del plug-in aggiunto per gli orari di apertura. <\/li><\/ol> <p>Se riscontri domande o affronti alcuni problemi, contatta il nostro team di assistenza clienti. Il nostro personale non vede l&#8217;ora di aiutarti con tutte le domande che potresti avere sul plug-in per Shopify.<\/p> <\/div>\n","protected":false},"excerpt":{"rendered":"","protected":false},"author":9,"featured_media":0,"parent":3120,"menu_order":0,"comment_status":"closed","ping_status":"closed","template":"templates\/template-application-platform.php","meta":{"publish_to_discourse":"","publish_post_category":"","wpdc_auto_publish_overridden":"","wpdc_topic_tags":"","wpdc_pin_topic":"","wpdc_pin_until":"","discourse_post_id":"","discourse_permalink":"","wpdc_publishing_response":"","wpdc_publishing_error":"","footnotes":""},"class_list":["post-3946","page","type-page","status-publish","hentry"],"yoast_head":"<!-- This site is optimized with the Yoast SEO plugin v25.3.1 - https:\/\/yoast.com\/wordpress\/plugins\/seo\/ -->\n<title>Aggiungi l&#039;orario lavorativo a Shopify: incorpora l&#039;orario lavorativo nel sito web<\/title>\n<meta name=\"description\" content=\"Incorpora un widget Orario lavorativo personalizzabile in Shopify per mostrare lo stato della tua attivit\u00e0. Crea le tue ore di attivit\u00e0 utilizzando la demo.\" \/>\n<meta name=\"robots\" content=\"index, follow, max-snippet:-1, max-image-preview:large, max-video-preview:-1\" \/>\n<link rel=\"canonical\" href=\"https:\/\/elfsight.com\/it\/business-hours-widget\/shopify\/\" \/>\n<meta property=\"og:locale\" content=\"it_IT\" \/>\n<meta property=\"og:type\" content=\"article\" \/>\n<meta property=\"og:title\" content=\"Aggiungi l&#039;orario lavorativo a Shopify: incorpora l&#039;orario lavorativo nel sito web\" \/>\n<meta property=\"og:description\" content=\"Incorpora un widget Orario lavorativo personalizzabile in Shopify per mostrare lo stato della tua attivit\u00e0. Crea le tue ore di attivit\u00e0 utilizzando la demo.\" \/>\n<meta property=\"og:url\" content=\"https:\/\/elfsight.com\/it\/business-hours-widget\/shopify\/\" \/>\n<meta property=\"og:site_name\" content=\"Elfsight IT\" \/>\n<meta property=\"article:modified_time\" content=\"2025-03-21T11:22:00+00:00\" \/>\n<meta name=\"twitter:card\" content=\"summary_large_image\" \/>\n<meta name=\"twitter:label1\" content=\"Tempo di lettura stimato\" \/>\n\t<meta name=\"twitter:data1\" content=\"5 minuti\" \/>\n<!-- \/ Yoast SEO plugin. -->","yoast_head_json":{"title":"Aggiungi l'orario lavorativo a Shopify: incorpora l'orario lavorativo nel sito web","description":"Incorpora un widget Orario lavorativo personalizzabile in Shopify per mostrare lo stato della tua attivit\u00e0. Crea le tue ore di attivit\u00e0 utilizzando la demo.","robots":{"index":"index","follow":"follow","max-snippet":"max-snippet:-1","max-image-preview":"max-image-preview:large","max-video-preview":"max-video-preview:-1"},"canonical":"https:\/\/elfsight.com\/it\/business-hours-widget\/shopify\/","og_locale":"it_IT","og_type":"article","og_title":"Aggiungi l'orario lavorativo a Shopify: incorpora l'orario lavorativo nel sito web","og_description":"Incorpora un widget Orario lavorativo personalizzabile in Shopify per mostrare lo stato della tua attivit\u00e0. Crea le tue ore di attivit\u00e0 utilizzando la demo.","og_url":"https:\/\/elfsight.com\/it\/business-hours-widget\/shopify\/","og_site_name":"Elfsight IT","article_modified_time":"2025-03-21T11:22:00+00:00","twitter_card":"summary_large_image","twitter_misc":{"Tempo di lettura stimato":"5 minuti"},"schema":{"@context":"https:\/\/schema.org","@graph":[{"@type":"WebPage","@id":"https:\/\/elfsight.com\/it\/business-hours-widget\/shopify\/","url":"https:\/\/elfsight.com\/it\/business-hours-widget\/shopify\/","name":"Aggiungi l'orario lavorativo a Shopify: incorpora l'orario lavorativo nel sito web","isPartOf":{"@id":"https:\/\/elfsight.com\/it\/#website"},"datePublished":"2024-05-03T06:31:15+00:00","dateModified":"2025-03-21T11:22:00+00:00","description":"Incorpora un widget Orario lavorativo personalizzabile in Shopify per mostrare lo stato della tua attivit\u00e0. Crea le tue ore di attivit\u00e0 utilizzando la demo.","breadcrumb":{"@id":"https:\/\/elfsight.com\/it\/business-hours-widget\/shopify\/#breadcrumb"},"inLanguage":"it-IT","potentialAction":[{"@type":"ReadAction","target":["https:\/\/elfsight.com\/it\/business-hours-widget\/shopify\/"]}]},{"@type":"BreadcrumbList","@id":"https:\/\/elfsight.com\/it\/business-hours-widget\/shopify\/#breadcrumb","itemListElement":[{"@type":"ListItem","position":1,"name":"Home","item":"https:\/\/elfsight.com\/it\/"},{"@type":"ListItem","position":2,"name":"Business Hours","item":"https:\/\/elfsight.com\/it\/business-hours-widget\/"},{"@type":"ListItem","position":3,"name":"Business Hours &#8211; Shopify"}]},{"@type":"WebSite","@id":"https:\/\/elfsight.com\/it\/#website","url":"https:\/\/elfsight.com\/it\/","name":"Elfsight IT","description":"Just another Elfsight Sites site","potentialAction":[{"@type":"SearchAction","target":{"@type":"EntryPoint","urlTemplate":"https:\/\/elfsight.com\/it\/?s={search_term_string}"},"query-input":{"@type":"PropertyValueSpecification","valueRequired":true,"valueName":"search_term_string"}}],"inLanguage":"it-IT"}]}},"meta_box":{"industry":"","seo_heading":"","heading":"","description":"","cta_heading":"","cta_description":"","application":"3111","h1":"Orari di apertura di Shopify","h1_caption":"Mostra i tuoi orari di lavoro in un formato chiaro e accattivante per informare facilmente i visitatori della tua disponibilit\u00e0 nel tuo sito web Shopify.","application_category":[],"applications_title":"","applications_request_title":"","applications_request_button_text":"","hero_text":"","hero_video":"","hero_video_schema_markup":"","selling_points_title":"","selling_points_caption":"","selling_points":[],"selling_points_cta_text":"","features_title":"","features":"","ed_cta_examples_text":"","ed_cta_examples_hidden":"","ed_cta_demo_text":"","ed_cta_demo_hidden":"","why_caption":"","why_editor_title":"","why_editor_text":"","why_team_title":"","why_team_text":"","why_service_title":"","why_service_text":"","template_catalog_visible":"0","template_catalog_title":"","template_catalog_text":"","template_catalog_categories_visible":"","demo_title":"Crea la tua app per l'orario lavorativo","demo_caption":"Configura il tuo orario di lavoro e aggiungilo gratuitamente al tuo sito Shopify!","default_faq_hidden":"","app_template_category":[],"platform":"42","template_public_id":"","codecanyon_url":"","codecanyon_item_id":"","codecanyon_price":"","pricing_caption":"","pricing_elfsight_apps_hide_column":"","pricing_elfsight_apps_url":"","pricing_codecanyon_price_caption":"","integration_category":[],"integration_request_title":"","integration_request_cta":"","integration_platform":"","integrations":[],"platform_category":[],"video_schema_markup":"","price":"da $ 0 al mese","trial":"","benefits":[{"text":"Servizio di installazione gratuito"},{"text":"Supporto premium"},{"text":"Garanzia di rimborso di 14 giorni"},{"text":"Aggiornamenti gratuiti a vita"}],"button_url":"#demo","button_target_blank":"0","button_nofollow":"0","attributes":[{"name":"Installazioni"},{"name":"Reattivo","content":"S\u00cc"},{"name":"Browser compatibili","content":"IE11, Firefox, Safari, Opera, Chrome, Edge"}],"tags":[],"tags_disable_links":"0","hide_more_platforms":"0","video_object":"","demo_hide_cta":"0","demo_hide_cloud_options":"0","pricing_title":"","pricing":[{"pricing_icon":"platform","pricing_title":"Elfsight Apps","pricing_title_caption":"Soluzione indipendente dalla piattaforma adatta a qualsiasi sito web","pricing_price":"da $ 0 \/ mese","pricing_price_caption":"inizia con un piano gratuito","pricing_benefits":[{"text":"Siti web illimitati"},{"text":"Assistenza clienti premium"},{"text":"Assistenza per l'installazione gratuita"},{"text":"100% personalizzabile"}],"pricing_button_text":"Aggiungi al sito web","pricing_button_url":"#demo"}],"related_apps_title":"","related_apps_hidden":"0","author":"","image":[],"title":"","job":"","social_networks":[]},"_links":{"self":[{"href":"https:\/\/elfsight.com\/it\/wp-json\/wp\/v2\/pages\/3946","targetHints":{"allow":["GET"]}}],"collection":[{"href":"https:\/\/elfsight.com\/it\/wp-json\/wp\/v2\/pages"}],"about":[{"href":"https:\/\/elfsight.com\/it\/wp-json\/wp\/v2\/types\/page"}],"author":[{"embeddable":true,"href":"https:\/\/elfsight.com\/it\/wp-json\/wp\/v2\/users\/9"}],"replies":[{"embeddable":true,"href":"https:\/\/elfsight.com\/it\/wp-json\/wp\/v2\/comments?post=3946"}],"version-history":[{"count":2,"href":"https:\/\/elfsight.com\/it\/wp-json\/wp\/v2\/pages\/3946\/revisions"}],"predecessor-version":[{"id":9616,"href":"https:\/\/elfsight.com\/it\/wp-json\/wp\/v2\/pages\/3946\/revisions\/9616"}],"up":[{"embeddable":true,"href":"https:\/\/elfsight.com\/it\/wp-json\/wp\/v2\/pages\/3120"}],"wp:attachment":[{"href":"https:\/\/elfsight.com\/it\/wp-json\/wp\/v2\/media?parent=3946"}],"curies":[{"name":"wp","href":"https:\/\/api.w.org\/{rel}","templated":true}]}}