{"id":3941,"date":"2024-05-03T06:31:14","date_gmt":"2024-05-03T06:31:14","guid":{"rendered":"https:\/\/elfsight.com\/it\/?page_id=3941"},"modified":"2025-03-21T11:25:39","modified_gmt":"2025-03-21T11:25:39","slug":"webflow","status":"publish","type":"page","link":"https:\/\/elfsight.com\/it\/business-hours-widget\/webflow\/","title":{"rendered":"Business Hours &#8211; Webflow"},"content":{"rendered":"\n<div class=\"application-platform-content-item-description application-platform-content-item\" id=\"description\" data-nav-section=\"description\"> <h2>Incorpora l&#8217;orario lavorativo su Webflow con un widget Elfsight<\/h2> <p>Elfsight Business Hours per Webflow \u00e8 un semplice widget senza codice che ti consente di costruire un bel biglietto da visita con le informazioni chiave sul tuo lavoro. Puoi condividere informazioni sul tuo stato di disponibilit\u00e0 e abilitare contatti per il tuo pubblico. Il widget ti consente di inventare design convenienti, in modo che i clienti possano trovare rapidamente tutti i dati richiesti in breve o in modo pi\u00f9 dettagliato. <\/p><p>Il fantastico widget offre una gamma di modelli, cos\u00ec sei libero di scegliere l&#8217;opzione pi\u00f9 efficiente per il tuo sito web. Ogni modello ha varie impostazioni che ti consentono di creare un widget personale con le opzioni necessarie come prenotazione e pulsanti di prenotazione che aumentano le vendite. Integrare gli orari di lavoro e i dati di contatto nelle tue pagine \u00e8 totalmente semplice con Elfsight grazie a tutorial e linee guida chiari. Qualsiasi editor di siti web pu\u00f2 creare e aggiungere gratuitamente il widget Orario lavorativo senza codice.<\/p> <p><b>Inserisci i dettagli dell&#8217;attivit\u00e0 sul tuo sito web per aumentare le vendite e la credibilit\u00e0 del cliente. Visualizza facilmente le informazioni chiave sulla tua attivit\u00e0 lavorativa. <\/b><\/p> <p>Con questo widget aggiunto al tuo sito web Webflow, puoi rendere i tuoi clienti pi\u00f9 consapevoli dei tuoi processi aziendali e ottenere pi\u00f9 vendite. Esplora alcuni dei principali vantaggi per il tuo sito web dopo aver aggiunto il widget dell&#8217;orario di lavoro senza codice. <\/p><ul><li><b>Lascia che i tuoi clienti siano sempre puntuali. <\/b> Aumenta le vendite, essendo presente sicuramente negli orari lavorativi indicati. I visitatori del tuo sito web noteranno i tuoi orari di attivit\u00e0 e saranno pi\u00f9 sicuri di effettuare un acquisto di successo quando necessario. <\/li><li><b>Evitate malintesi sul vostro orario di lavoro. <\/b> Mostrare i tuoi orari di apertura chiari ai visitatori del sito web li render\u00e0 pi\u00f9 devoti alla tua azienda poich\u00e9 saranno in grado di pianificare un ordine o una visita presso di te. <\/li><li><b>Condividi le informazioni di contatto in modo visibile. <\/b> L&#8217;aggiunta dei contatti al widget degli orari di apertura senza codice ti consente di instaurare una comunicazione con i tuoi clienti e migliorare le vendite. Dimostra che sei pronto a rispondere alle loro domande sui prodotti e servizi della tua azienda, ottenendo una maggiore fidelizzazione. <\/li><\/ul><div class=\"faq\" data-component=\"FAQ\"><div class=\"faq-item\">\r\n\t\t\t\t\t<div class=\"faq-item-question\">\r\n\t\t\t\t\t\t<h3 class=\"faq-item-question-text\">Ci sono altri plugin per Webflow che posso utilizzare sul mio sito web?<\/h3>\r\n\r\n\t\t\t\t\t\t<div class=\"faq-item-question-icon\"><\/div>\r\n\t\t\t\t\t<\/div>\r\n\r\n\t\t\t\t\t<div class=\"faq-item-answer\">\r\n\t\t\t\t\t\t<div class=\"faq-item-answer-text\">Possiamo offrirti molti plugin per raggiungere qualsiasi tipo di obiettivo sul tuo sito web e aumentare le vendite. Ad esempio: <a href=\"https:\/\/elfsight.com\/google-reviews-widget\/webflow\/\" target=\"_blank\" rel=\"noopener\">Google Recensioni<\/a>, <a href=\"https:\/\/elfsight.com\/whatsapp-chat-widget\/webflow\/\" target=\"_blank\" rel=\"noopener\">Chat di WhatsApp<\/a>, <a href=\"https:\/\/elfsight.com\/event-calendar-widget\/webflow\/\" target=\"_blank\" rel=\"noopener\">Calendario eventi<\/a>, <a href=\"https:\/\/elfsight.com\/countdown-timer-widget\/webflow\/\" target=\"_blank\" rel=\"noopener\">Conto alla rovescia<\/a>, <a href=\"https:\/\/elfsight.com\/qr-code-widget\/webflow\/\" target=\"_blank\" rel=\"noopener\">Codice QR<\/a>. <\/div>\r\n\t\t\t\t\t<\/div>\r\n\t\t\t\t<\/div><div class=\"faq-item\">\r\n\t\t\t\t\t<div class=\"faq-item-question\">\r\n\t\t\t\t\t\t<h3 class=\"faq-item-question-text\">Come posso trarre vantaggio dall'orario di lavoro su Webflow?<\/h3>\r\n\r\n\t\t\t\t\t\t<div class=\"faq-item-question-icon\"><\/div>\r\n\t\t\t\t\t<\/div>\r\n\r\n\t\t\t\t\t<div class=\"faq-item-answer\">\r\n\t\t\t\t\t\t<div class=\"faq-item-answer-text\">Hai molti modi per migliorare le statistiche di successo con un plug-in dell&#8217;orario di lavoro. Con i modelli di Elfsight per questo straordinario plugin, puoi trovare una soluzione aziendale personale. Puoi mostrare informazioni approfondite sugli orari di apertura e sui modi per contattarti o incorporare una piccola barra di stato. Puoi creare schede di contatto con il plug-in Orario di lavoro e aggiungerle alle aree preferibili del sito Web per attirare l&#8217;attenzione e informare i visitatori sulla tua attivit\u00e0 commerciale per aumentare le vendite. <\/div>\r\n\t\t\t\t\t<\/div>\r\n\t\t\t\t<\/div><div class=\"faq-item\">\r\n\t\t\t\t\t<div class=\"faq-item-question\">\r\n\t\t\t\t\t\t<h3 class=\"faq-item-question-text\">Come mettere gratuitamente il plug-in Business Hours sui siti web Webflow?<\/h3>\r\n\r\n\t\t\t\t\t\t<div class=\"faq-item-question-icon\"><\/div>\r\n\t\t\t\t\t<\/div>\r\n\r\n\t\t\t\t\t<div class=\"faq-item-answer\">\r\n\t\t\t\t\t\t<div class=\"faq-item-answer-text\">Incorporare un plug-in Business Hours nel tuo sito Web \u00e8 un modo perfetto per coinvolgere i visitatori nella comunicazione e informarli dell&#8217;orario e dello stato validi per effettuare vendere o fornire servizi. Qui puoi vedere brevi tutorial sull&#8217;aggiunta del plug-in degli orari di apertura al tuo sito web. <ol><li>Per incorporare gratuitamente un plug-in Elfsight Business Hours in Webflow, procedere al sito Web Elfsight e creare un account. <\/li><li>Regola gli orari lavorativi senza codice adattandone l&#8217;aspetto e le impostazioni per fonderli con il tema del tuo sito web Webflow. <\/li><li>Dopo aver formato l&#8217;orario lavorativo senza codice, copia lo snippet di codice specifico e incollalo nell&#8217;HTML del tuo sito web Webflow dove desideri che venga visualizzato il plug-in. <\/li><\/ol>Inserendo l&#8217;orario lavorativo nel tuo sito web Webflow, aumenterai sicuramente la sua attrattiva visiva e ispirerai il continuo coinvolgimento dei visitatori. Prova i vantaggi dell&#8217;Elfsight Business Hours senza alcun costo per te! <\/div>\r\n\t\t\t\t\t<\/div>\r\n\t\t\t\t<\/div><\/div><\/div><div class=\"application-platform-content-item-features application-platform-content-item\" id=\"features\" data-nav-section=\"features\"> <h2>Offriamo funzionalit\u00e0 utili e facili, controllane alcune:<\/h2> <ul><li>Mostra lo stato attuale della tua organizzazione <\/li><li>Semplice regolazione dell&#8217;orario<\/li><li>Configurazione di occasioni speciali<\/li><li>Stato attuale<\/li><li>Grafico inseribile o stato salvaspazio<\/li><\/ul><p><a href=\"#demo\">Prova tutte le impostazioni nella demo completamente funzionante<\/a><\/p><\/div> <div class=\"application-platform-content-item-installation application-platform-content-item\" id=\"installation\" data-nav-section=\"installation\"> <h2>Come incorporo Business Ore nel mio sito web Webflow?<\/h2> <p>Segui semplicemente le linee guida seguenti per inserire il plug-in con i tuoi periodi di lavoro.<\/p> <ol><li><b>Esegui il nostro editor e inizia a creare il tuo sito web personalizzato plugin.<\/b><br> Trova la forma e le caratteristiche adatte dell&#8217;app e salva le modifiche. <\/li> <li><b>Acquisisci il tuo codice personale incorporato rivelato nel modulo speciale su Elfsight Apps.<\/b><br> Dopo aver completato la personalizzazione della tua app, copia il codice esclusivo incorporato dalla finestra visualizzata e salvarlo per un utilizzo futuro. <\/li> <li><b>Inizia a utilizzare il plug-in sul sito web Webflow.<\/b><br> Incolla il codice copiato in precedenza nella tua pagina e applica le modifiche. <\/li> <li><b>Il gioco \u00e8 fatto! La configurazione dell&#8217;orario lavorativo senza codice \u00e8 stata completata correttamente.<\/b><br> Vai al tuo sito web per verificare come funziona l&#8217;app per gli orari di apertura aggiunti. <\/li><\/ol> <p>Se si verificano alcune complicazioni, chiedere assistenza al nostro team di assistenza clienti. I nostri consulenti non vedono l&#8217;ora di aiutarti con tutte le difficolt\u00e0 che potresti avere con il plugin per Webflow. <\/p><\/div>\n","protected":false},"excerpt":{"rendered":"","protected":false},"author":9,"featured_media":0,"parent":3120,"menu_order":0,"comment_status":"closed","ping_status":"closed","template":"templates\/template-application-platform.php","meta":{"publish_to_discourse":"","publish_post_category":"","wpdc_auto_publish_overridden":"","wpdc_topic_tags":"","wpdc_pin_topic":"","wpdc_pin_until":"","discourse_post_id":"","discourse_permalink":"","wpdc_publishing_response":"","wpdc_publishing_error":"","footnotes":""},"class_list":["post-3941","page","type-page","status-publish","hentry"],"yoast_head":"<!-- This site is optimized with the Yoast SEO plugin v25.3.1 - https:\/\/yoast.com\/wordpress\/plugins\/seo\/ -->\n<title>Aggiungi orario lavorativo al flusso web: incorpora l&#039;orario lavorativo nel sito web<\/title>\n<meta name=\"description\" content=\"Incorpora un widget Orario lavorativo personalizzabile in Webflow per mostrare lo stato della tua attivit\u00e0. Crea la tua soluzione personale nella demo.\" \/>\n<meta name=\"robots\" content=\"index, follow, max-snippet:-1, max-image-preview:large, max-video-preview:-1\" \/>\n<link rel=\"canonical\" href=\"https:\/\/elfsight.com\/it\/business-hours-widget\/webflow\/\" \/>\n<meta property=\"og:locale\" content=\"it_IT\" \/>\n<meta property=\"og:type\" content=\"article\" \/>\n<meta property=\"og:title\" content=\"Aggiungi orario lavorativo al flusso web: incorpora l&#039;orario lavorativo nel sito web\" \/>\n<meta property=\"og:description\" content=\"Incorpora un widget Orario lavorativo personalizzabile in Webflow per mostrare lo stato della tua attivit\u00e0. Crea la tua soluzione personale nella demo.\" \/>\n<meta property=\"og:url\" content=\"https:\/\/elfsight.com\/it\/business-hours-widget\/webflow\/\" \/>\n<meta property=\"og:site_name\" content=\"Elfsight IT\" \/>\n<meta property=\"article:modified_time\" content=\"2025-03-21T11:25:39+00:00\" \/>\n<meta name=\"twitter:card\" content=\"summary_large_image\" \/>\n<meta name=\"twitter:label1\" content=\"Tempo di lettura stimato\" \/>\n\t<meta name=\"twitter:data1\" content=\"5 minuti\" \/>\n<!-- \/ Yoast SEO plugin. -->","yoast_head_json":{"title":"Aggiungi orario lavorativo al flusso web: incorpora l'orario lavorativo nel sito web","description":"Incorpora un widget Orario lavorativo personalizzabile in Webflow per mostrare lo stato della tua attivit\u00e0. Crea la tua soluzione personale nella demo.","robots":{"index":"index","follow":"follow","max-snippet":"max-snippet:-1","max-image-preview":"max-image-preview:large","max-video-preview":"max-video-preview:-1"},"canonical":"https:\/\/elfsight.com\/it\/business-hours-widget\/webflow\/","og_locale":"it_IT","og_type":"article","og_title":"Aggiungi orario lavorativo al flusso web: incorpora l'orario lavorativo nel sito web","og_description":"Incorpora un widget Orario lavorativo personalizzabile in Webflow per mostrare lo stato della tua attivit\u00e0. Crea la tua soluzione personale nella demo.","og_url":"https:\/\/elfsight.com\/it\/business-hours-widget\/webflow\/","og_site_name":"Elfsight IT","article_modified_time":"2025-03-21T11:25:39+00:00","twitter_card":"summary_large_image","twitter_misc":{"Tempo di lettura stimato":"5 minuti"},"schema":{"@context":"https:\/\/schema.org","@graph":[{"@type":"WebPage","@id":"https:\/\/elfsight.com\/it\/business-hours-widget\/webflow\/","url":"https:\/\/elfsight.com\/it\/business-hours-widget\/webflow\/","name":"Aggiungi orario lavorativo al flusso web: incorpora l'orario lavorativo nel sito web","isPartOf":{"@id":"https:\/\/elfsight.com\/it\/#website"},"datePublished":"2024-05-03T06:31:14+00:00","dateModified":"2025-03-21T11:25:39+00:00","description":"Incorpora un widget Orario lavorativo personalizzabile in Webflow per mostrare lo stato della tua attivit\u00e0. Crea la tua soluzione personale nella demo.","breadcrumb":{"@id":"https:\/\/elfsight.com\/it\/business-hours-widget\/webflow\/#breadcrumb"},"inLanguage":"it-IT","potentialAction":[{"@type":"ReadAction","target":["https:\/\/elfsight.com\/it\/business-hours-widget\/webflow\/"]}]},{"@type":"BreadcrumbList","@id":"https:\/\/elfsight.com\/it\/business-hours-widget\/webflow\/#breadcrumb","itemListElement":[{"@type":"ListItem","position":1,"name":"Home","item":"https:\/\/elfsight.com\/it\/"},{"@type":"ListItem","position":2,"name":"Business Hours","item":"https:\/\/elfsight.com\/it\/business-hours-widget\/"},{"@type":"ListItem","position":3,"name":"Business Hours &#8211; Webflow"}]},{"@type":"WebSite","@id":"https:\/\/elfsight.com\/it\/#website","url":"https:\/\/elfsight.com\/it\/","name":"Elfsight IT","description":"Just another Elfsight Sites site","potentialAction":[{"@type":"SearchAction","target":{"@type":"EntryPoint","urlTemplate":"https:\/\/elfsight.com\/it\/?s={search_term_string}"},"query-input":{"@type":"PropertyValueSpecification","valueRequired":true,"valueName":"search_term_string"}}],"inLanguage":"it-IT"}]}},"meta_box":{"industry":"","seo_heading":"","heading":"","description":"","cta_heading":"","cta_description":"","application":"3111","h1":"Widget Orario lavorativo del flusso Web","h1_caption":"Visualizza i tuoi orari di lavoro in un formato chiaro e accattivante per informare i visitatori della tua disponibilit\u00e0 nel tuo sito web Webflow senza sforzo.","application_category":[],"applications_title":"","applications_request_title":"","applications_request_button_text":"","hero_text":"","hero_video":"","hero_video_schema_markup":"","selling_points_title":"","selling_points_caption":"","selling_points":[],"selling_points_cta_text":"","features_title":"","features":"","ed_cta_examples_text":"","ed_cta_examples_hidden":"","ed_cta_demo_text":"","ed_cta_demo_hidden":"","why_caption":"","why_editor_title":"","why_editor_text":"","why_team_title":"","why_team_text":"","why_service_title":"","why_service_text":"","template_catalog_visible":"0","template_catalog_title":"","template_catalog_text":"","template_catalog_categories_visible":"","demo_title":"Crea il tuo widget Orario lavorativo","demo_caption":"Configura il tuo orario lavorativo e aggiungilo gratuitamente al tuo sito web Webflow!","default_faq_hidden":"","app_template_category":[],"platform":"44","template_public_id":"","codecanyon_url":"","codecanyon_item_id":"","codecanyon_price":"","pricing_caption":"","pricing_elfsight_apps_hide_column":"","pricing_elfsight_apps_url":"","pricing_codecanyon_price_caption":"","integration_category":[],"integration_request_title":"","integration_request_cta":"","integration_platform":"","integrations":[],"platform_category":[],"video_schema_markup":"","price":"da $ 0 al mese","trial":"","benefits":[{"text":"Assistenza gratuita per l'installazione"},{"text":"Supporto premium"},{"text":"Garanzia di rimborso di 14 giorni"},{"text":"Aggiornamento regolare e gratuito"}],"button_url":"#demo","button_target_blank":"0","button_nofollow":"0","attributes":[{"name":"Installazioni"},{"name":"Reattivo","content":"S\u00cc"},{"name":"Browser compatibili","content":"IE11, Firefox, Safari, Opera, Chrome, Edge"}],"tags":[],"tags_disable_links":"0","hide_more_platforms":"0","video_object":"","demo_hide_cta":"0","demo_hide_cloud_options":"0","pricing_title":"","pricing":[{"pricing_icon":"platform","pricing_title":"Elfsight Apps","pricing_title_caption":"Software multipiattaforma che funziona su qualsiasi sito web","pricing_price":"da $ 0 \/ mese","pricing_price_caption":"inizia con un piano gratuito","pricing_benefits":[{"text":"Siti web illimitati"},{"text":"Assistenza clienti 24 ore su 24, 7 giorni su 7"},{"text":"Servizio di installazione gratuito"},{"text":"100% personalizzabile"}],"pricing_button_text":"Aggiungi al sito web","pricing_button_url":"#demo"}],"related_apps_title":"","related_apps_hidden":"0","author":"","image":[],"title":"","job":"","social_networks":[]},"_links":{"self":[{"href":"https:\/\/elfsight.com\/it\/wp-json\/wp\/v2\/pages\/3941","targetHints":{"allow":["GET"]}}],"collection":[{"href":"https:\/\/elfsight.com\/it\/wp-json\/wp\/v2\/pages"}],"about":[{"href":"https:\/\/elfsight.com\/it\/wp-json\/wp\/v2\/types\/page"}],"author":[{"embeddable":true,"href":"https:\/\/elfsight.com\/it\/wp-json\/wp\/v2\/users\/9"}],"replies":[{"embeddable":true,"href":"https:\/\/elfsight.com\/it\/wp-json\/wp\/v2\/comments?post=3941"}],"version-history":[{"count":2,"href":"https:\/\/elfsight.com\/it\/wp-json\/wp\/v2\/pages\/3941\/revisions"}],"predecessor-version":[{"id":9620,"href":"https:\/\/elfsight.com\/it\/wp-json\/wp\/v2\/pages\/3941\/revisions\/9620"}],"up":[{"embeddable":true,"href":"https:\/\/elfsight.com\/it\/wp-json\/wp\/v2\/pages\/3120"}],"wp:attachment":[{"href":"https:\/\/elfsight.com\/it\/wp-json\/wp\/v2\/media?parent=3941"}],"curies":[{"name":"wp","href":"https:\/\/api.w.org\/{rel}","templated":true}]}}