{"id":3940,"date":"2024-05-03T06:31:13","date_gmt":"2024-05-03T06:31:13","guid":{"rendered":"https:\/\/elfsight.com\/it\/?page_id=3940"},"modified":"2025-03-21T11:29:39","modified_gmt":"2025-03-21T11:29:39","slug":"wix","status":"publish","type":"page","link":"https:\/\/elfsight.com\/it\/business-hours-widget\/wix\/","title":{"rendered":"Business Hours &#8211; Wix"},"content":{"rendered":"\n<div class=\"application-platform-content-item-description application-platform-content-item\" id=\"description\" data-nav-section=\"description\"> <h2>Incorpora l&#8217;orario di lavoro su Wix con un&#8217;app Elfsight<\/h2> <p>Elfsight Business Hours per Wix \u00e8 un semplice widget senza codice che consente di costruire un simpatico biglietto da visita raffigurante i momenti pi\u00f9 importanti riguardanti la vostra attivit\u00e0. Puoi condividere informazioni sul tuo stato operativo e fornire contatti ai tuoi clienti. Il widget ti consente di creare progetti intuitivi, in modo che i visitatori possano esplorare rapidamente tutti i dati necessari in breve o in modo pi\u00f9 dettagliato. <\/p><p>Il meraviglioso widget include una serie di modelli, in modo che tu possa selezionare l&#8217;opzione migliore per il tuo sito. Ogni modello contiene impostazioni che ti consentono di creare un widget personalizzato con gli elementi necessari per aumentare le vendite. Integrare gli orari di apertura e i dettagli della tua azienda nel sito web \u00e8 facile grazie a Elfsight che offre tutorial e guide facili da seguire. Qualsiasi editor di siti web pu\u00f2 creare e aggiungere il widget gratuitamente<\/p> <p><b>Aggiungi dettagli aziendali al tuo sito web per aumentare le vendite e la fidelizzazione dei clienti. Condividi in modo chiaro le informazioni importanti sulla tua attivit\u00e0 lavorativa. <\/b><\/p><p>Con questo widget incorporato nel tuo sito Wix, informi i clienti sulla tua attivit\u00e0 e ottieni vendite regolari. Esplora alcuni dei principali vantaggi per il tuo sito web quando aggiungi il widget gratuito dell&#8217;orario di lavoro.<\/p><ul><li><b>Aiuta i clienti a essere sempre in orario.<\/b> Migliora le vendite, essendo costantemente in contatto negli orari lavorativi indicati. I visitatori del tuo sito web noteranno i tuoi orari di attivit\u00e0 e saranno pi\u00f9 sicuri di effettuare un acquisto quando ne avranno bisogno. <\/li><li><b>Evita malintesi riguardo al tuo orario di lavoro.<\/b> Mostrare i tuoi orari di lavoro in modo semplice ai clienti li render\u00e0 pi\u00f9 fedeli alla tua azienda perch\u00e9 saranno in grado di pianificare un ordine sul sito web o una visita a te. <\/li><li><b>Fornisci i dati di contatto in modo visibile.<\/b> L&#8217;aggiunta dei dati di contatto al widget Orario di lavoro senza codice ti consente di stabilire una migliore comunicazione con i tuoi clienti e di effettuare vendite pi\u00f9 velocemente. Dimostra che stai lavorando e che sei pronto a rispondere alle loro domande sui tuoi prodotti e servizi, ottenendo maggiore lealt\u00e0 e approvazione. <\/li><\/ul><div class=\"faq\" data-component=\"FAQ\"><div class=\"faq-item\">\r\n\t\t\t\t\t<div class=\"faq-item-question\">\r\n\t\t\t\t\t\t<h3 class=\"faq-item-question-text\">Ci sono altri plugin per Wix che posso avere sul mio sito web?<\/h3>\r\n\r\n\t\t\t\t\t\t<div class=\"faq-item-question-icon\"><\/div>\r\n\t\t\t\t\t<\/div>\r\n\r\n\t\t\t\t\t<div class=\"faq-item-answer\">\r\n\t\t\t\t\t\t<div class=\"faq-item-answer-text\">Possiamo fornire molti plugin per realizzare qualsiasi tipo di attivit\u00e0 sul tuo sito web: <a href=\"https:\/\/elfsight.com\/google-reviews-widget\/wix\/\" target=\"_blank\" rel=\"noopener\">Google Recensioni<\/a>, <a href=\"https:\/ \/elfsight.com\/whatsapp-chat-widget\/wix\/\" target=\"_blank\" rel=\"noopener\">Chat di WhatsApp<\/a>, <a href=\"https:\/\/elfsight.com\/event-calendar-widget\/wix\/\" target=\"_blank\" rel=\"noopener\">Calendario eventi<\/a>, <a href=\"https:\/\/elfsight.com\/countdown-timer-widget\/wix\/\" target=\"_blank\" rel=\"noopener\">Conto alla rovescia<\/a>, <a href=\"https:\/\/elfsight.com\/qr-code-widget\/wix\/\" target=\"_blank\" rel=\"noopener\">Codice QR<\/a>.<\/div>\r\n\t\t\t\t\t<\/div>\r\n\t\t\t\t<\/div><div class=\"faq-item\">\r\n\t\t\t\t\t<div class=\"faq-item-question\">\r\n\t\t\t\t\t\t<h3 class=\"faq-item-question-text\">Come posso trarre vantaggio dall'orario lavorativo sui siti web Wix?<\/h3>\r\n\r\n\t\t\t\t\t\t<div class=\"faq-item-question-icon\"><\/div>\r\n\t\t\t\t\t<\/div>\r\n\r\n\t\t\t\t\t<div class=\"faq-item-answer\">\r\n\t\t\t\t\t\t<div class=\"faq-item-answer-text\">Esistono molti scenari per migliorare i tassi di conversione e i risultati di vendita aggiungendo il plug-in Orario lavorativo. Con i modelli di Elfsight per questo meraviglioso plugin per siti web, puoi trovare tattiche di business personali. Puoi visualizzare informazioni estese sul tuo orario di lavoro e sugli strumenti per stabilire una comunicazione con te o semplicemente incorporare un popup minimalista sullo stato operativo. Puoi creare schede di contatto con il nostro plug-in e incorporarle nelle posizioni richieste del sito per attirare l&#8217;attenzione e informare tutti sulla tua attivit\u00e0 per ispirare le vendite.<\/div>\r\n\t\t\t\t\t<\/div>\r\n\t\t\t\t<\/div><div class=\"faq-item\">\r\n\t\t\t\t\t<div class=\"faq-item-question\">\r\n\t\t\t\t\t\t<h3 class=\"faq-item-question-text\">Come incorporare gratuitamente l'orario lavorativo su Wix?<\/h3>\r\n\r\n\t\t\t\t\t\t<div class=\"faq-item-question-icon\"><\/div>\r\n\t\t\t\t\t<\/div>\r\n\r\n\t\t\t\t\t<div class=\"faq-item-answer\">\r\n\t\t\t\t\t\t<div class=\"faq-item-answer-text\">Incorporare un plug-in gratuito per l&#8217;orario lavorativo nel tuo sito web Wix \u00e8 un metodo perfetto per coinvolgere i visitatori nella comunicazione e parlare loro del tuo disponibilit\u00e0 a effettuare vendite o a fornire servizi. Offriamo alcuni tutorial sull&#8217;aggiunta del plug-in degli orari di apertura al tuo sito web.<ol><li>Per aggiungere gratuitamente un&#8217;app Elfsight Business Hours a Wix, procedi al sito web di Elfsight e registrati.<\/li> <li>Crea il plugin gratuito senza codice adattandone l&#8217;aspetto e le impostazioni per fondersi con lo stile del tuo sito web Wix.<\/li> <li>Dopo aver modificato gratuitamente gli orari di apertura senza codice, copia il codice generato e incollalo nell&#8217;HTML del tuo sito web Wix dove vuoi che venga visualizzato il plugin.<\/li><\/ol>Aggiungendo il tuo orario di lavoro al tuo sito web Wix, aumenterai sicuramente il suo aspetto visivo e motiverai un coinvolgimento stabile del cliente. Scopri i vantaggi del plugin Elfsight Business Hours senza alcun costo per te!<\/div>\r\n\t\t\t\t\t<\/div>\r\n\t\t\t\t<\/div><\/div><\/div><div class=\"application-platform-content-item-features application-platform-content-item\" id=\"features\" data-nav-section=\"features\"> <h2>Esplora l&#8217;elenco delle funzionalit\u00e0 pi\u00f9 importanti:<\/h2> <ul><li>Mostra lo stato lavorativo attuale della tua azienda<\/li><li>Semplice modifica dell&#8217;orario<\/li><li>Configurazione per occasioni speciali<\/li><li>Stato attuale dell&#8217;azienda<\/li><li> Grafico degli orari lavorativi inseribile o stato di risparmio di spazio<\/li><\/ul><p><a href=\"#demo\">Prova tutte le impostazioni nella demo completamente funzionale<\/a><\/p> <\/div><div class=\"application-platform-content-item-installation application-platform-content-item\" id=\"installation\" data-nav-section=\"installation\"> <h2>Come posso incorporare l&#8217;orario di lavoro nel mio sito web Squarespace?<\/h2><p>Segui semplicemente le istruzioni seguenti per incorporare il plug-in.<\/p> <ol><li><b>Avvia il nostro editor e inizia a creare il tuo plug-in personalizzato per le ore di attivit\u00e0. <\/b><br> Specifica l&#8217;aspetto personalizzato e le caratteristiche funzionali del plugin e apporta le correzioni desiderate. <\/li> <li><b>Copia il codice personale incorporato che appare nel modulo speciale sulle app Elfsight.<\/b><br> Subito dopo aver completato la creazione del tuo plugin, copia il codice individuale nella finestra visualizzata e conservarlo per necessit\u00e0 future. <\/li> <li><b>Inizia a utilizzare l&#8217;app aggiunta sul tuo sito web.<\/b><br> Inserisci il codice che hai ricevuto in precedenza nella home page di Squarespace e salva le correzioni. <\/li> <li><b>Fatto! La configurazione del tuo orario lavorativo senza codice \u00e8 completamente completata.<\/b><br> Vai al tuo sito web per vedere in azione le prestazioni del plug-in che attira clienti e vendite. <\/li><\/ol> <p>Se dovessi contestare eventuali complicazioni con questo widget Squarespace, rivolgiti al nostro team di supporto. I nostri consulenti saranno lieti di aiutarti con tutte le difficolt\u00e0 che potresti incontrare con il widget. <\/p><\/div>\n","protected":false},"excerpt":{"rendered":"","protected":false},"author":9,"featured_media":0,"parent":3120,"menu_order":0,"comment_status":"closed","ping_status":"closed","template":"templates\/template-application-platform.php","meta":{"publish_to_discourse":"","publish_post_category":"","wpdc_auto_publish_overridden":"","wpdc_topic_tags":"","wpdc_pin_topic":"","wpdc_pin_until":"","discourse_post_id":"","discourse_permalink":"","wpdc_publishing_response":"","wpdc_publishing_error":"","footnotes":""},"class_list":["post-3940","page","type-page","status-publish","hentry"],"yoast_head":"<!-- This site is optimized with the Yoast SEO plugin v25.3.1 - https:\/\/yoast.com\/wordpress\/plugins\/seo\/ -->\n<title>Incorpora gli orari lavorativi in \u200b\u200bWix: aggiungi orari personalizzati al sito web<\/title>\n<meta name=\"description\" content=\"Metti un widget Orario lavorativo regolabile su Wix per mostrare lo stato della tua attivit\u00e0. Crea il tuo widget orario di lavoro personale nella demo.\" \/>\n<meta name=\"robots\" content=\"index, follow, max-snippet:-1, max-image-preview:large, max-video-preview:-1\" \/>\n<link rel=\"canonical\" href=\"https:\/\/elfsight.com\/it\/business-hours-widget\/wix\/\" \/>\n<meta property=\"og:locale\" content=\"it_IT\" \/>\n<meta property=\"og:type\" content=\"article\" \/>\n<meta property=\"og:title\" content=\"Incorpora gli orari lavorativi in \u200b\u200bWix: aggiungi orari personalizzati al sito web\" \/>\n<meta property=\"og:description\" content=\"Metti un widget Orario lavorativo regolabile su Wix per mostrare lo stato della tua attivit\u00e0. Crea il tuo widget orario di lavoro personale nella demo.\" \/>\n<meta property=\"og:url\" content=\"https:\/\/elfsight.com\/it\/business-hours-widget\/wix\/\" \/>\n<meta property=\"og:site_name\" content=\"Elfsight IT\" \/>\n<meta property=\"article:modified_time\" content=\"2025-03-21T11:29:39+00:00\" \/>\n<meta name=\"twitter:card\" content=\"summary_large_image\" \/>\n<meta name=\"twitter:label1\" content=\"Tempo di lettura stimato\" \/>\n\t<meta name=\"twitter:data1\" content=\"5 minuti\" \/>\n<!-- \/ Yoast SEO plugin. -->","yoast_head_json":{"title":"Incorpora gli orari lavorativi in \u200b\u200bWix: aggiungi orari personalizzati al sito web","description":"Metti un widget Orario lavorativo regolabile su Wix per mostrare lo stato della tua attivit\u00e0. Crea il tuo widget orario di lavoro personale nella demo.","robots":{"index":"index","follow":"follow","max-snippet":"max-snippet:-1","max-image-preview":"max-image-preview:large","max-video-preview":"max-video-preview:-1"},"canonical":"https:\/\/elfsight.com\/it\/business-hours-widget\/wix\/","og_locale":"it_IT","og_type":"article","og_title":"Incorpora gli orari lavorativi in \u200b\u200bWix: aggiungi orari personalizzati al sito web","og_description":"Metti un widget Orario lavorativo regolabile su Wix per mostrare lo stato della tua attivit\u00e0. Crea il tuo widget orario di lavoro personale nella demo.","og_url":"https:\/\/elfsight.com\/it\/business-hours-widget\/wix\/","og_site_name":"Elfsight IT","article_modified_time":"2025-03-21T11:29:39+00:00","twitter_card":"summary_large_image","twitter_misc":{"Tempo di lettura stimato":"5 minuti"},"schema":{"@context":"https:\/\/schema.org","@graph":[{"@type":"WebPage","@id":"https:\/\/elfsight.com\/it\/business-hours-widget\/wix\/","url":"https:\/\/elfsight.com\/it\/business-hours-widget\/wix\/","name":"Incorpora gli orari lavorativi in \u200b\u200bWix: aggiungi orari personalizzati al sito web","isPartOf":{"@id":"https:\/\/elfsight.com\/it\/#website"},"datePublished":"2024-05-03T06:31:13+00:00","dateModified":"2025-03-21T11:29:39+00:00","description":"Metti un widget Orario lavorativo regolabile su Wix per mostrare lo stato della tua attivit\u00e0. Crea il tuo widget orario di lavoro personale nella demo.","breadcrumb":{"@id":"https:\/\/elfsight.com\/it\/business-hours-widget\/wix\/#breadcrumb"},"inLanguage":"it-IT","potentialAction":[{"@type":"ReadAction","target":["https:\/\/elfsight.com\/it\/business-hours-widget\/wix\/"]}]},{"@type":"BreadcrumbList","@id":"https:\/\/elfsight.com\/it\/business-hours-widget\/wix\/#breadcrumb","itemListElement":[{"@type":"ListItem","position":1,"name":"Home","item":"https:\/\/elfsight.com\/it\/"},{"@type":"ListItem","position":2,"name":"Business Hours","item":"https:\/\/elfsight.com\/it\/business-hours-widget\/"},{"@type":"ListItem","position":3,"name":"Business Hours &#8211; Wix"}]},{"@type":"WebSite","@id":"https:\/\/elfsight.com\/it\/#website","url":"https:\/\/elfsight.com\/it\/","name":"Elfsight IT","description":"Just another Elfsight Sites site","potentialAction":[{"@type":"SearchAction","target":{"@type":"EntryPoint","urlTemplate":"https:\/\/elfsight.com\/it\/?s={search_term_string}"},"query-input":{"@type":"PropertyValueSpecification","valueRequired":true,"valueName":"search_term_string"}}],"inLanguage":"it-IT"}]}},"meta_box":{"industry":"","seo_heading":"","heading":"","description":"","cta_heading":"","cta_description":"","application":"3111","h1":"App Wix Orari di lavoro","h1_caption":"Mostra i tuoi orari di lavoro in un formato chiaro e accattivante per informare i visitatori della tua disponibilit\u00e0 nel tuo sito web Wix senza sforzo.","application_category":[],"applications_title":"","applications_request_title":"","applications_request_button_text":"","hero_text":"","hero_video":"","hero_video_schema_markup":"","selling_points_title":"","selling_points_caption":"","selling_points":[],"selling_points_cta_text":"","features_title":"","features":"","ed_cta_examples_text":"","ed_cta_examples_hidden":"","ed_cta_demo_text":"","ed_cta_demo_hidden":"","why_caption":"","why_editor_title":"","why_editor_text":"","why_team_title":"","why_team_text":"","why_service_title":"","why_service_text":"","template_catalog_visible":"0","template_catalog_title":"","template_catalog_text":"","template_catalog_categories_visible":"","demo_title":"Crea la tua app per l'orario lavorativo","demo_caption":"Configura il tuo orario lavorativo e aggiungilo gratuitamente al tuo sito Wix!","default_faq_hidden":"","app_template_category":[],"platform":"29","template_public_id":"","codecanyon_url":"","codecanyon_item_id":"","codecanyon_price":"","pricing_caption":"","pricing_elfsight_apps_hide_column":"","pricing_elfsight_apps_url":"","pricing_codecanyon_price_caption":"","integration_category":[],"integration_request_title":"","integration_request_cta":"","integration_platform":"","integrations":[],"platform_category":[],"video_schema_markup":"","price":"da $ 0 al mese","trial":"","benefits":[{"text":"Servizio di installazione gratuito"},{"text":"Supporto premium"},{"text":"Garanzia di rimborso di 14 giorni"},{"text":"Aggiornamenti gratuiti a vita"}],"button_url":"#demo","button_target_blank":"0","button_nofollow":"0","attributes":[{"name":"Installazioni"},{"name":"Reattivo","content":"S\u00cc"},{"name":"Browser compatibili","content":"IE11, Firefox, Safari, Opera, Chrome, Edge"}],"tags":[],"tags_disable_links":"0","hide_more_platforms":"0","video_object":"","demo_hide_cta":"0","demo_hide_cloud_options":"0","pricing_title":"","pricing":[{"pricing_icon":"platform","pricing_title":"Elfsight Apps","pricing_title_caption":"Software multipiattaforma che funziona su qualsiasi sito web","pricing_price":"da $ 0 \/ mese","pricing_price_caption":"inizia con un piano gratuito","pricing_benefits":[{"text":"Siti web illimitati"},{"text":"Assistenza clienti 24 ore su 24, 7 giorni su 7"},{"text":"Servizio di installazione gratuito"},{"text":"Progettazione flessibile"}],"pricing_button_text":"Aggiungi al sito web","pricing_button_url":"#demo"}],"related_apps_title":"","related_apps_hidden":"0","author":"","image":[],"title":"","job":"","social_networks":[]},"_links":{"self":[{"href":"https:\/\/elfsight.com\/it\/wp-json\/wp\/v2\/pages\/3940","targetHints":{"allow":["GET"]}}],"collection":[{"href":"https:\/\/elfsight.com\/it\/wp-json\/wp\/v2\/pages"}],"about":[{"href":"https:\/\/elfsight.com\/it\/wp-json\/wp\/v2\/types\/page"}],"author":[{"embeddable":true,"href":"https:\/\/elfsight.com\/it\/wp-json\/wp\/v2\/users\/9"}],"replies":[{"embeddable":true,"href":"https:\/\/elfsight.com\/it\/wp-json\/wp\/v2\/comments?post=3940"}],"version-history":[{"count":3,"href":"https:\/\/elfsight.com\/it\/wp-json\/wp\/v2\/pages\/3940\/revisions"}],"predecessor-version":[{"id":9624,"href":"https:\/\/elfsight.com\/it\/wp-json\/wp\/v2\/pages\/3940\/revisions\/9624"}],"up":[{"embeddable":true,"href":"https:\/\/elfsight.com\/it\/wp-json\/wp\/v2\/pages\/3120"}],"wp:attachment":[{"href":"https:\/\/elfsight.com\/it\/wp-json\/wp\/v2\/media?parent=3940"}],"curies":[{"name":"wp","href":"https:\/\/api.w.org\/{rel}","templated":true}]}}