{"id":3939,"date":"2024-05-03T06:31:12","date_gmt":"2024-05-03T06:31:12","guid":{"rendered":"https:\/\/elfsight.com\/it\/?page_id=3939"},"modified":"2025-03-21T11:30:48","modified_gmt":"2025-03-21T11:30:48","slug":"wordpress","status":"publish","type":"page","link":"https:\/\/elfsight.com\/it\/business-hours-widget\/wordpress\/","title":{"rendered":"Business Hours &#8211; WordPress"},"content":{"rendered":"\n<div class=\"application-platform-content-item-description application-platform-content-item\" id=\"description\" data-nav-section=\"description\"> <h2>Incorpora l&#8217;orario lavorativo su WordPress con un plugin Elfsight<\/h2> <p>Elfsight Business Hours per WordPress \u00e8 un semplice widget senza codice che ti permette di creare un attraente biglietto da visita contenente le informazioni chiave sulla tua attivit\u00e0. Puoi visualizzare informazioni sullo stato della tua attivit\u00e0 e fornire contatti al tuo pubblico. Il widget ti consente di creare design intuitivi, in modo che i visitatori possano facilmente esaminare tutti i dati richiesti in breve o in modo pi\u00f9 dettagliato. <\/p><p>Lo straordinario widget \u00e8 dotato di alcuni modelli, in modo che tu possa selezionare l&#8217;opzione pi\u00f9 adatta per il tuo sito web. Ogni modello presenta varie impostazioni per consentirti di creare una soluzione personale con gli elementi necessari come chat e pulsanti di condivisione che aumentano le vendite. Aggiungere l&#8217;orario di lavoro e le informazioni di contatto al tuo sito web \u00e8 molto semplice con Elfsight grazie a tutorial e linee guida semplici. Qualsiasi utente pu\u00f2 sviluppare e aggiungere gratuitamente il widget Orario lavorativo senza codice.<\/p> <p><b>Aggiungi dettagli aziendali al tuo sito web per aumentare i tassi di vendita e la credibilit\u00e0 del cliente. Condividi in modo ordinato informazioni importanti sul tuo stato lavorativo. <\/b><\/p> <p>Con questo widget aggiunto al tuo sito Web WordPress, puoi rendere i tuoi clienti pi\u00f9 consapevoli della tua attivit\u00e0 e garantire vendite migliorate. Guarda alcuni dei pi\u00f9 grandi risultati positivi per il tuo sito web dopo aver aggiunto il widget dell&#8217;orario di lavoro senza codice. <\/p><ul><li><b>Lascia che i clienti siano sempre in orario. <\/b>Incrementa le vendite, essendo presente sicuramente entro l&#8217;orario lavorativo corrispondente. I visitatori del tuo sito web ricorderanno le tue ore di attivit\u00e0 e diventeranno pi\u00f9 decisivi per effettuare un acquisto di successo quando ne avranno bisogno. <\/li><li><b>Evita malintesi riguardo al tuo orario di lavoro.<\/b> Mostrare i tuoi orari di lavoro semplici ai clienti sul sito web li render\u00e0 pi\u00f9 fedeli alla tua azienda perch\u00e9 saranno in grado di pianificare una prenotazione o una visita a te. <\/li><li><b>Fornisci le informazioni di contatto in modo chiaro.<\/b> L&#8217;aggiunta dei dettagli di contatto al widget degli orari di apertura senza codice ti consente di stabilire una migliore comunicazione con i tuoi clienti e aumentare le vendite. Dimostra che sei pronto a rispondere alle loro preoccupazioni sui prodotti e servizi della tua azienda, ottenendo cos\u00ec maggiore fiducia e rispetto. <\/li><\/ul><div class=\"faq\" data-component=\"FAQ\"><div class=\"faq-item\">\r\n\t\t\t\t\t<div class=\"faq-item-question\">\r\n\t\t\t\t\t\t<h3 class=\"faq-item-question-text\">Ci sono altri plugin per WordPress che posso incorporare nel mio sito web per aumentare le vendite?<\/h3>\r\n\r\n\t\t\t\t\t\t<div class=\"faq-item-question-icon\"><\/div>\r\n\t\t\t\t\t<\/div>\r\n\r\n\t\t\t\t\t<div class=\"faq-item-answer\">\r\n\t\t\t\t\t\t<div class=\"faq-item-answer-text\">Possiamo fornire molti plugin per soddisfare qualsiasi tipo di attivit\u00e0 sul tuo sito web. Ecco solo alcuni esempi: <a href=\"https:\/\/elfsight.com\/google-reviews-widget\/wordpress\/\" target=\"_blank\" rel=\"noopener\">Google Recensioni<\/a>, <a href=\"https:\/\/elfsight.com\/whatsapp-chat-widget\/wordpress\/\" target=\"_blank\" rel=\"noopener\">Chat di WhatsApp<\/a>, <a href=\"https:\/\/elfsight.com\/event-calendar-widget\/wordpress\/\" target=\"_blank\" rel=\"noopener\">Calendario eventi<\/a>, <a href=\"https:\/\/elfsight.com\/countdown-timer-widget\/wordpress\/\" target=\"_blank\" rel=\"noopener\">Conto alla rovescia<\/a>, <a href=\"https:\/\/elfsight.com\/qr-code-widget\/wordpress\/\" target=\"_blank\" rel=\"noopener\"> Codice QR<\/a>. <\/div>\r\n\t\t\t\t\t<\/div>\r\n\t\t\t\t<\/div><div class=\"faq-item\">\r\n\t\t\t\t\t<div class=\"faq-item-question\">\r\n\t\t\t\t\t\t<h3 class=\"faq-item-question-text\">Come posso ottenere risultati con l'orario di lavoro su WordPress?<\/h3>\r\n\r\n\t\t\t\t\t\t<div class=\"faq-item-question-icon\"><\/div>\r\n\t\t\t\t\t<\/div>\r\n\r\n\t\t\t\t\t<div class=\"faq-item-answer\">\r\n\t\t\t\t\t\t<div class=\"faq-item-answer-text\">Esistono molti modi per migliorare le statistiche di successo e gli indicatori di vendita incorporando un plugin per l&#8217;orario di lavoro. Con i modelli di Elfsight per questo straordinario plugin per siti web, \u00e8 possibile scegliere una tattica di promozione personale. Puoi mostrare informazioni estese riguardanti gli orari di apertura e le modalit\u00e0 per contattarti o semplicemente incorporare un popup di stato minimalista. Puoi creare schede di contatto con il plug-in degli orari di apertura e aggiungerle alle pagine del sito Web richieste per attirare l&#8217;attenzione e informare i clienti sulla tua attivit\u00e0 commerciale. <\/div>\r\n\t\t\t\t\t<\/div>\r\n\t\t\t\t<\/div><div class=\"faq-item\">\r\n\t\t\t\t\t<div class=\"faq-item-question\">\r\n\t\t\t\t\t\t<h3 class=\"faq-item-question-text\">Come incorporare gratuitamente l'orario lavorativo nei siti Web WordPress?<\/h3>\r\n\r\n\t\t\t\t\t\t<div class=\"faq-item-question-icon\"><\/div>\r\n\t\t\t\t\t<\/div>\r\n\r\n\t\t\t\t\t<div class=\"faq-item-answer\">\r\n\t\t\t\t\t\t<div class=\"faq-item-answer-text\">Incorporare un plug-in orario lavorativo nel tuo sito Web WordPress \u00e8 un ottimo modo per avviare la comunicazione con i clienti e informarli sulla tua disponibilit\u00e0 a effettuare vendite o fornire servizi. Qui puoi vedere brevi tutorial su come incorporare il plugin gratuito per gli orari di apertura nel tuo sito web. <ol><li>Se hai bisogno di incorporare gratuitamente Elfsight Business Hours in WordPress, vai al sito web di Elfsight e registrati. <\/li><li>Regola il plug-in gratuito per l&#8217;orario lavorativo adattandone l&#8217;aspetto e le impostazioni allo stile del tuo sito Web WordPress. <\/li><li>Dopo aver personalizzato il tuo orario lavorativo senza codice, copia il codice fornito e incollalo nel tuo sito web dove desideri che venga visualizzato il plug-in.<\/li><\/ol> Integrando il tuo orario lavorativo nel tuo sito Web WordPress, aumenterai sicuramente il suo aspetto visivo e fidelizzerai la continua fedelt\u00e0 dei visitatori. Scopri i vantaggi dell&#8217;orario lavorativo di Elfsight senza alcun costo per te! <\/div>\r\n\t\t\t\t\t<\/div>\r\n\t\t\t\t<\/div><\/div><\/div><div class=\"application-platform-content-item-features application-platform-content-item\" id=\"features\" data-nav-section=\"features\"> <h2>Le funzionalit\u00e0 widget pi\u00f9 preziose che offriamo:<\/h2> <ul><li>Dimostra lo stato attuale della tua organizzazione<\/li> <li>Regolazione della pianificazione intuitiva<\/li><li>Configurazione delle occasioni celebrative<\/li><li>Stato dell&#8217;attivit\u00e0 in tempo reale<\/li><li>Grafico integrabile o stato compatto<\/li><\/ul> <p><a href=\"#demo\">Puoi vedere cosa offre il widget provando la demo<\/a><\/p> <\/div> <div class=\"application-platform-content-item-installation application-platform-content-item\" id=\"installation\" data-nav-section=\"installation\"> <h2>Come aggiungo Orari di apertura sul mio sito Web WordPress?<\/h2> <p>Segui semplicemente le linee guida seguenti per integrare il plug-in nel tuo orario di lavoro.<\/p> <ol><li><b>Gestisci il nostro configuratore e inizia a creare il tuo no -code plugin.<\/b><br> Scegli l&#8217;aspetto personalizzato e le caratteristiche dell&#8217;app e applica le modifiche. <\/li> <li><b>Ricevi il codice di incorporamento personale che appare nella finestra delle app Elfsight.<\/b><br> Una volta completata la configurazione dell&#8217;app per gli orari di funzionamento senza codice, copia il codice personale su il popup visualizzato e conservarlo per un uso successivo. <\/li> <li><b>Inizia ad applicare il plugin sulla home page di WordPress.<\/b><br> Inserisci il codice salvato in precedenza nella tua pagina web e applica le modifiche. <\/li> <li><b>Fatto! L&#8217;incorporamento del tuo orario di lavoro senza codice \u00e8 stato eseguito completamente.<\/b><br> Vai al tuo sito web per vedere le prestazioni dell&#8217;app degli orari di lavoro aggiunti. <\/li><\/ol> <p>A condizione di dover affrontare domande o di incontrare qualche problema, non esitate a fare domanda per il nostro team di assistenza clienti. Il nostro personale sar\u00e0 entusiasta di risolvere tutti i problemi che potresti avere con il plugin per WordPress. <\/p><\/div>\n","protected":false},"excerpt":{"rendered":"","protected":false},"author":9,"featured_media":0,"parent":3120,"menu_order":0,"comment_status":"closed","ping_status":"closed","template":"templates\/template-application-platform.php","meta":{"publish_to_discourse":"","publish_post_category":"","wpdc_auto_publish_overridden":"","wpdc_topic_tags":"","wpdc_pin_topic":"","wpdc_pin_until":"","discourse_post_id":"","discourse_permalink":"","wpdc_publishing_response":"","wpdc_publishing_error":"","footnotes":""},"class_list":["post-3939","page","type-page","status-publish","hentry"],"yoast_head":"<!-- This site is optimized with the Yoast SEO plugin v25.3.1 - https:\/\/yoast.com\/wordpress\/plugins\/seo\/ -->\n<title>Aggiungi orari lavorativi a WordPress: incorpora orari gratuiti per i siti<\/title>\n<meta name=\"description\" content=\"Metti un&#039;app personalizzabile per l&#039;orario lavorativo su WordPress per condividere lo stato della tua attivit\u00e0. Crea il tuo widget delle ore di attivit\u00e0 nella demo.\" \/>\n<meta name=\"robots\" content=\"index, follow, max-snippet:-1, max-image-preview:large, max-video-preview:-1\" \/>\n<link rel=\"canonical\" href=\"https:\/\/elfsight.com\/it\/business-hours-widget\/wordpress\/\" \/>\n<meta property=\"og:locale\" content=\"it_IT\" \/>\n<meta property=\"og:type\" content=\"article\" \/>\n<meta property=\"og:title\" content=\"Aggiungi orari lavorativi a WordPress: incorpora orari gratuiti per i siti\" \/>\n<meta property=\"og:description\" content=\"Metti un&#039;app personalizzabile per l&#039;orario lavorativo su WordPress per condividere lo stato della tua attivit\u00e0. Crea il tuo widget delle ore di attivit\u00e0 nella demo.\" \/>\n<meta property=\"og:url\" content=\"https:\/\/elfsight.com\/it\/business-hours-widget\/wordpress\/\" \/>\n<meta property=\"og:site_name\" content=\"Elfsight IT\" \/>\n<meta property=\"article:modified_time\" content=\"2025-03-21T11:30:48+00:00\" \/>\n<meta name=\"twitter:card\" content=\"summary_large_image\" \/>\n<meta name=\"twitter:label1\" content=\"Tempo di lettura stimato\" \/>\n\t<meta name=\"twitter:data1\" content=\"5 minuti\" \/>\n<!-- \/ Yoast SEO plugin. -->","yoast_head_json":{"title":"Aggiungi orari lavorativi a WordPress: incorpora orari gratuiti per i siti","description":"Metti un'app personalizzabile per l'orario lavorativo su WordPress per condividere lo stato della tua attivit\u00e0. Crea il tuo widget delle ore di attivit\u00e0 nella demo.","robots":{"index":"index","follow":"follow","max-snippet":"max-snippet:-1","max-image-preview":"max-image-preview:large","max-video-preview":"max-video-preview:-1"},"canonical":"https:\/\/elfsight.com\/it\/business-hours-widget\/wordpress\/","og_locale":"it_IT","og_type":"article","og_title":"Aggiungi orari lavorativi a WordPress: incorpora orari gratuiti per i siti","og_description":"Metti un'app personalizzabile per l'orario lavorativo su WordPress per condividere lo stato della tua attivit\u00e0. Crea il tuo widget delle ore di attivit\u00e0 nella demo.","og_url":"https:\/\/elfsight.com\/it\/business-hours-widget\/wordpress\/","og_site_name":"Elfsight IT","article_modified_time":"2025-03-21T11:30:48+00:00","twitter_card":"summary_large_image","twitter_misc":{"Tempo di lettura stimato":"5 minuti"},"schema":{"@context":"https:\/\/schema.org","@graph":[{"@type":"WebPage","@id":"https:\/\/elfsight.com\/it\/business-hours-widget\/wordpress\/","url":"https:\/\/elfsight.com\/it\/business-hours-widget\/wordpress\/","name":"Aggiungi orari lavorativi a WordPress: incorpora orari gratuiti per i siti","isPartOf":{"@id":"https:\/\/elfsight.com\/it\/#website"},"datePublished":"2024-05-03T06:31:12+00:00","dateModified":"2025-03-21T11:30:48+00:00","description":"Metti un'app personalizzabile per l'orario lavorativo su WordPress per condividere lo stato della tua attivit\u00e0. Crea il tuo widget delle ore di attivit\u00e0 nella demo.","breadcrumb":{"@id":"https:\/\/elfsight.com\/it\/business-hours-widget\/wordpress\/#breadcrumb"},"inLanguage":"it-IT","potentialAction":[{"@type":"ReadAction","target":["https:\/\/elfsight.com\/it\/business-hours-widget\/wordpress\/"]}]},{"@type":"BreadcrumbList","@id":"https:\/\/elfsight.com\/it\/business-hours-widget\/wordpress\/#breadcrumb","itemListElement":[{"@type":"ListItem","position":1,"name":"Home","item":"https:\/\/elfsight.com\/it\/"},{"@type":"ListItem","position":2,"name":"Business Hours","item":"https:\/\/elfsight.com\/it\/business-hours-widget\/"},{"@type":"ListItem","position":3,"name":"Business Hours &#8211; WordPress"}]},{"@type":"WebSite","@id":"https:\/\/elfsight.com\/it\/#website","url":"https:\/\/elfsight.com\/it\/","name":"Elfsight IT","description":"Just another Elfsight Sites site","potentialAction":[{"@type":"SearchAction","target":{"@type":"EntryPoint","urlTemplate":"https:\/\/elfsight.com\/it\/?s={search_term_string}"},"query-input":{"@type":"PropertyValueSpecification","valueRequired":true,"valueName":"search_term_string"}}],"inLanguage":"it-IT"}]}},"meta_box":{"industry":"","seo_heading":"","heading":"","description":"","cta_heading":"","cta_description":"","application":"3111","h1":"Plug-in per l'orario lavorativo di WordPress","h1_caption":"Visualizza i tuoi orari di lavoro in un formato chiaro e accattivante per informare i visitatori della tua disponibilit\u00e0 nel tuo sito Web WordPress senza sforzo.","application_category":[],"applications_title":"","applications_request_title":"","applications_request_button_text":"","hero_text":"","hero_video":"","hero_video_schema_markup":"","selling_points_title":"","selling_points_caption":"","selling_points":[],"selling_points_cta_text":"","features_title":"","features":"","ed_cta_examples_text":"","ed_cta_examples_hidden":"","ed_cta_demo_text":"","ed_cta_demo_hidden":"","why_caption":"","why_editor_title":"","why_editor_text":"","why_team_title":"","why_team_text":"","why_service_title":"","why_service_text":"","template_catalog_visible":"0","template_catalog_title":"","template_catalog_text":"","template_catalog_categories_visible":"","demo_title":"Crea il tuo plug-in per l'orario lavorativo","demo_caption":"Configura il tuo orario lavorativo e aggiungilo gratuitamente al tuo sito WordPress!","default_faq_hidden":"","app_template_category":[],"platform":"28","template_public_id":"","codecanyon_url":"","codecanyon_item_id":"","codecanyon_price":"","pricing_caption":"","pricing_elfsight_apps_hide_column":"","pricing_elfsight_apps_url":"","pricing_codecanyon_price_caption":"","integration_category":[],"integration_request_title":"","integration_request_cta":"","integration_platform":"","integrations":[],"platform_category":[],"video_schema_markup":"","price":"da $ 0 al mese","trial":"","benefits":[{"text":"Servizio di installazione gratuito"},{"text":"Supporto eccezionale"},{"text":"Garanzia di rimborso di 14 giorni"},{"text":"Aggiornamenti gratuiti a vita"}],"button_url":"#demo","button_target_blank":"0","button_nofollow":"0","attributes":[{"name":"Installazioni"},{"name":"Reattivo","content":"S\u00cc"},{"name":"Browser compatibili","content":"IE11, Firefox, Safari, Opera, Chrome, Edge"}],"tags":[],"tags_disable_links":"0","hide_more_platforms":"0","video_object":"","demo_hide_cta":"0","demo_hide_cloud_options":"0","pricing_title":"","pricing":[{"pricing_icon":"platform","pricing_title":"Elfsight Apps","pricing_title_caption":"Software multipiattaforma che funziona su qualsiasi sito web","pricing_price":"da $ 0 \/ mese","pricing_price_caption":"inizia con un piano gratuito","pricing_benefits":[{"text":"Siti web illimitati"},{"text":"Assistenza clienti dedicata"},{"text":"Servizio di installazione gratuito"},{"text":"100% personalizzabile"}],"pricing_button_text":"Aggiungi al sito web","pricing_button_url":"#demo"}],"related_apps_title":"","related_apps_hidden":"0","author":"","image":[],"title":"","job":"","social_networks":[]},"_links":{"self":[{"href":"https:\/\/elfsight.com\/it\/wp-json\/wp\/v2\/pages\/3939","targetHints":{"allow":["GET"]}}],"collection":[{"href":"https:\/\/elfsight.com\/it\/wp-json\/wp\/v2\/pages"}],"about":[{"href":"https:\/\/elfsight.com\/it\/wp-json\/wp\/v2\/types\/page"}],"author":[{"embeddable":true,"href":"https:\/\/elfsight.com\/it\/wp-json\/wp\/v2\/users\/9"}],"replies":[{"embeddable":true,"href":"https:\/\/elfsight.com\/it\/wp-json\/wp\/v2\/comments?post=3939"}],"version-history":[{"count":2,"href":"https:\/\/elfsight.com\/it\/wp-json\/wp\/v2\/pages\/3939\/revisions"}],"predecessor-version":[{"id":9625,"href":"https:\/\/elfsight.com\/it\/wp-json\/wp\/v2\/pages\/3939\/revisions\/9625"}],"up":[{"embeddable":true,"href":"https:\/\/elfsight.com\/it\/wp-json\/wp\/v2\/pages\/3120"}],"wp:attachment":[{"href":"https:\/\/elfsight.com\/it\/wp-json\/wp\/v2\/media?parent=3939"}],"curies":[{"name":"wp","href":"https:\/\/api.w.org\/{rel}","templated":true}]}}