{"id":3938,"date":"2024-05-03T06:31:11","date_gmt":"2024-05-03T06:31:11","guid":{"rendered":"https:\/\/elfsight.com\/it\/?page_id=3938"},"modified":"2025-03-21T11:13:22","modified_gmt":"2025-03-21T11:13:22","slug":"joomla","status":"publish","type":"page","link":"https:\/\/elfsight.com\/it\/business-hours-widget\/joomla\/","title":{"rendered":"Business Hours &#8211; Joomla"},"content":{"rendered":"\n<div class=\"application-platform-content-item-description application-platform-content-item\" id=\"description\" data-nav-section=\"description\"> <h2>Incorpora l&#8217;orario lavorativo su Joomla con un&#8217;estensione Elfsight<\/h2> <p>Elfsight Business Hours per Joomla \u00e8 un semplice widget senza codice che abilita di proiettare un simpatico biglietto da visita raffigurante i momenti pi\u00f9 importanti riguardanti la vostra attivit\u00e0. Puoi includere informazioni sul tuo stato lavorativo e abilitare i contatti per i tuoi clienti. Il widget ti consente di creare progetti convenienti, in modo che i clienti possano esaminare rapidamente tutti i dati necessari in breve o in modo pi\u00f9 dettagliato. <\/p><p>L&#8217;eccellente widget offre alcuni modelli, in modo che tu possa selezionare l&#8217;opzione migliore per il tuo sito web. Ogni modello ha varie impostazioni per aiutarti a sviluppare un widget personale con le opzioni richieste come i pulsanti CTA che aumentano le vendite. Incorporare l&#8217;orario di lavoro e i dati di contatto nelle pagine del tuo sito web \u00e8 totalmente semplice con Elfsight grazie a tutorial e istruzioni chiari. Qualsiasi utente pu\u00f2 sviluppare e aggiungere gratuitamente il widget Orario lavorativo senza codice.<\/p> <p><b>Aggiungi dettagli aziendali alle tue pagine per aumentare le vendite e la soddisfazione del cliente. Condividi informazioni significative sul tuo stato lavorativo in modo ordinato utilizzando il widget.<\/b><\/p> <p>Con questo widget incorporato nel tuo sito Web Joomla, puoi rendere i tuoi clienti pi\u00f9 informati sulla tua attivit\u00e0 e ottenere pi\u00f9 vendite. Presta attenzione ad alcuni dei principali vantaggi per il tuo sito web dopo aver incorporato al suo interno l&#8217;orario di lavoro gratuito. <\/p><ul><li><b>Aiuta i clienti a essere sempre puntuali.<\/b> Aumenta le vendite, grazie alla presenza costante durante l&#8217;orario di lavoro corrispondente. I visitatori del tuo sito web ricorderanno gli orari di attivit\u00e0 e saranno pi\u00f9 convinti a effettuare un acquisto di successo quando saranno pronti. <\/li><li><b>Evita confusione riguardo agli orari di apertura.<\/b> Mostrare i tuoi orari di lavoro semplici ai clienti sul sito web li render\u00e0 pi\u00f9 fedeli alla tua azienda. <\/li><li><b>Condividi i contatti in modo chiaro.<\/b> L&#8217;aggiunta dei dettagli di contatto al widget degli orari di apertura senza codice ti consente di stabilire una comunicazione e migliorare le vendite. Dimostra che sei qui per rispondere alle loro preoccupazioni sui prodotti e servizi della tua azienda, ottenendo cos\u00ec maggiore fedelt\u00e0 e approvazione. <\/li><\/ul><div class=\"faq\" data-component=\"FAQ\"><div class=\"faq-item\">\r\n\t\t\t\t\t<div class=\"faq-item-question\">\r\n\t\t\t\t\t\t<h3 class=\"faq-item-question-text\">Ci sono altri plugin per Joomla che posso incorporare nel mio sito web per aumentare le vendite?<\/h3>\r\n\r\n\t\t\t\t\t\t<div class=\"faq-item-question-icon\"><\/div>\r\n\t\t\t\t\t<\/div>\r\n\r\n\t\t\t\t\t<div class=\"faq-item-answer\">\r\n\t\t\t\t\t\t<div class=\"faq-item-answer-text\">Possiamo offrirti molti plugin per realizzare qualsiasi tipo di target sul tuo sito web. Ad esempio: <a href=\"https:\/\/elfsight.com\/google-reviews-widget\/joomla\/\" target=\"_blank\" rel=\"noopener\">Google Recensioni<\/a>, <a href=\"https:\/\/elfsight.com\/whatsapp-chat-widget\/joomla\/\" target=\"_blank\" rel=\"noopener\">Chat di WhatsApp<\/a>, <a href=\"https:\/\/elfsight.com\/event-calendar-widget\/joomla\/\" target=\"_blank\" rel=\"noopener\">Calendario eventi<\/a>, <a href=\"https:\/\/elfsight.com\/countdown-timer-widget\/joomla\/\" target=\"_blank\" rel=\"noopener\">Conto alla rovescia<\/a>, <a href=\"https:\/\/elfsight.com\/qr-code-widget\/joomla\/\" target=\"_blank\" rel=\"noopener\">Codice QR<\/a>. <\/div>\r\n\t\t\t\t\t<\/div>\r\n\t\t\t\t<\/div><div class=\"faq-item\">\r\n\t\t\t\t\t<div class=\"faq-item-question\">\r\n\t\t\t\t\t\t<h3 class=\"faq-item-question-text\">Come posso utilizzare l'orario lavorativo sul sito web Joomla?<\/h3>\r\n\r\n\t\t\t\t\t\t<div class=\"faq-item-question-icon\"><\/div>\r\n\t\t\t\t\t<\/div>\r\n\r\n\t\t\t\t\t<div class=\"faq-item-answer\">\r\n\t\t\t\t\t\t<div class=\"faq-item-answer-text\"> Puoi accedere a molti modi per migliorare le statistiche di successo e le vendite aggiungendo un plug-in Orario lavorativo. Con i modelli di Elfsight per questo entusiasmante plug-in per siti Web, puoi trovare una soluzione aziendale personalizzata. Puoi visualizzare informazioni estese relative agli orari di attivit\u00e0 e agli strumenti per stabilire una comunicazione con te o semplicemente incorporare una piccola barra di stato operativo. Puoi creare schede di contatto con il plug-in Orario di lavoro e aggiungerle alle pagine del sito Web richieste per attirare l&#8217;attenzione. <\/div>\r\n\t\t\t\t\t<\/div>\r\n\t\t\t\t<\/div><div class=\"faq-item\">\r\n\t\t\t\t\t<div class=\"faq-item-question\">\r\n\t\t\t\t\t\t<h3 class=\"faq-item-question-text\">Come incorporare gratuitamente l'orario lavorativo nei siti Web Joomla?<\/h3>\r\n\r\n\t\t\t\t\t\t<div class=\"faq-item-question-icon\"><\/div>\r\n\t\t\t\t\t<\/div>\r\n\r\n\t\t\t\t\t<div class=\"faq-item-answer\">\r\n\t\t\t\t\t\t<div class=\"faq-item-answer-text\">Incorporare un plug-in Orario lavorativo nel tuo sito Web Joomla \u00e8 un ottimo modo per attirare nuovi clienti e informare loro dell&#8217;orario e dello stato validi per garantire vendere o fornire servizi. Trova alcuni tutorial sull&#8217;aggiunta del plug-in per gli orari di apertura senza codice al tuo sito web. <ol><li>Quando \u00e8 necessario incorporare un plug-in Elfsight Business Hours in Joomla, procedere al sito Web Elfsight e creare un account. <\/li><li>Regola l&#8217;orario lavorativo senza codice adattandone l&#8217;aspetto e le impostazioni in modo che corrispondano al design del tuo sito web Joomla. <\/li><li>Dopo aver personalizzato l&#8217;orario lavorativo, copia il codice generato e incollalo nell&#8217;HTML del tuo sito web Joomla dove desideri che appaia il plug-in. <\/li><\/ol>Integrando l&#8217;orario lavorativo senza codice nel tuo sito web Joomla, aumenterai sicuramente il suo aspetto visivo e fidelizzerai i visitatori in modo sostenibile. Scopri i vantaggi dell&#8217;Elfsight Business Hours senza alcun costo per te! <\/div>\r\n\t\t\t\t\t<\/div>\r\n\t\t\t\t<\/div><\/div><\/div><div class=\"application-platform-content-item-features application-platform-content-item\" id=\"features\" data-nav-section=\"features\"> <h2>Offriamo funzionalit\u00e0 utili e semplici, controlla alcune di esse:<\/h2> <ul><li>Mostra le reali potenzialit\u00e0 della tua organizzazione stato temporale<\/li><li>Configurazione calendario intuitiva<\/li><li>Configurazione eventi celebrativi<\/li><li>Stato situazione attuale<\/li><li>Tabella integrabile o stato compatto<\/li> <\/ul><p><a href=\"#demo\">Basta controllare questa demo per vedere come funziona<\/a><\/p><\/div> <div class=\"application-platform-content-item-installation application-platform-content-item\" id=\"installation\" data-nav-section=\"installation\"> <h2>Come \u00e8 possibile Inserisco l&#8217;orario lavorativo nel mio sito Joomla?<\/h2> <p>Segui semplicemente le istruzioni seguenti per inserire l&#8217;estensione con i tuoi periodi lavorativi.<\/p> <ol><li><b>Lancia il nostro configuratore e inizia a costruire il tuo plugin personalizzato. <\/b><br> Scegli il layout e le specifiche preferite del plugin e applica le correzioni. <\/li> <li><b>Acquisisci il tuo codice individuale comparendo nell&#8217;apposito modulo su Elfsight Apps. <\/b><br> Subito dopo aver terminato la configurazione del tuo plugin personale, copia il codice individuale nella casella visualizzata e conservalo per un utilizzo successivo sul tuo sito web. <\/li> <li><b>Avvia l&#8217;applicazione del plugin sul tuo sito web Joomla. <\/b><br> Aggiungi il codice salvato in precedenza nella tua home page e applica le modifiche. <\/li> <li><b>L&#8217;installazione delle tue ore di funzionamento senza codice \u00e8 stata completata con successo. <\/b><br> Visita il tuo sito web per vedere in azione le prestazioni dell&#8217;estensione dell&#8217;orario di apertura. <\/li><\/ol> <p>Nel caso in cui dovessi affrontare alcune difficolt\u00e0, non esitare a rivolgerti al nostro team di supporto. I nostri specialisti desiderano risolvere tutti i problemi che potresti avere con il prodotto per Joomla. <\/p><\/div>\n","protected":false},"excerpt":{"rendered":"","protected":false},"author":9,"featured_media":0,"parent":3120,"menu_order":0,"comment_status":"closed","ping_status":"closed","template":"templates\/template-application-platform.php","meta":{"publish_to_discourse":"","publish_post_category":"","wpdc_auto_publish_overridden":"","wpdc_topic_tags":"","wpdc_pin_topic":"","wpdc_pin_until":"","discourse_post_id":"","discourse_permalink":"","wpdc_publishing_response":"","wpdc_publishing_error":"","footnotes":""},"class_list":["post-3938","page","type-page","status-publish","hentry"],"yoast_head":"<!-- This site is optimized with the Yoast SEO plugin v25.3.1 - https:\/\/yoast.com\/wordpress\/plugins\/seo\/ -->\n<title>Aggiungi orari lavorativi a Joomla: utilizza l&#039;orario gratuito sul sito web<\/title>\n<meta name=\"description\" content=\"Aggiungi un widget Orario lavorativo personalizzabile a Joomla per presentare lo stato della tua attivit\u00e0. Crea il tuo orario di lavoro personale utilizzando la demo.\" \/>\n<meta name=\"robots\" content=\"index, follow, max-snippet:-1, max-image-preview:large, max-video-preview:-1\" \/>\n<link rel=\"canonical\" href=\"https:\/\/elfsight.com\/it\/business-hours-widget\/joomla\/\" \/>\n<meta property=\"og:locale\" content=\"it_IT\" \/>\n<meta property=\"og:type\" content=\"article\" \/>\n<meta property=\"og:title\" content=\"Aggiungi orari lavorativi a Joomla: utilizza l&#039;orario gratuito sul sito web\" \/>\n<meta property=\"og:description\" content=\"Aggiungi un widget Orario lavorativo personalizzabile a Joomla per presentare lo stato della tua attivit\u00e0. Crea il tuo orario di lavoro personale utilizzando la demo.\" \/>\n<meta property=\"og:url\" content=\"https:\/\/elfsight.com\/it\/business-hours-widget\/joomla\/\" \/>\n<meta property=\"og:site_name\" content=\"Elfsight IT\" \/>\n<meta property=\"article:modified_time\" content=\"2025-03-21T11:13:22+00:00\" \/>\n<meta name=\"twitter:card\" content=\"summary_large_image\" \/>\n<meta name=\"twitter:label1\" content=\"Tempo di lettura stimato\" \/>\n\t<meta name=\"twitter:data1\" content=\"5 minuti\" \/>\n<!-- \/ Yoast SEO plugin. -->","yoast_head_json":{"title":"Aggiungi orari lavorativi a Joomla: utilizza l'orario gratuito sul sito web","description":"Aggiungi un widget Orario lavorativo personalizzabile a Joomla per presentare lo stato della tua attivit\u00e0. Crea il tuo orario di lavoro personale utilizzando la demo.","robots":{"index":"index","follow":"follow","max-snippet":"max-snippet:-1","max-image-preview":"max-image-preview:large","max-video-preview":"max-video-preview:-1"},"canonical":"https:\/\/elfsight.com\/it\/business-hours-widget\/joomla\/","og_locale":"it_IT","og_type":"article","og_title":"Aggiungi orari lavorativi a Joomla: utilizza l'orario gratuito sul sito web","og_description":"Aggiungi un widget Orario lavorativo personalizzabile a Joomla per presentare lo stato della tua attivit\u00e0. Crea il tuo orario di lavoro personale utilizzando la demo.","og_url":"https:\/\/elfsight.com\/it\/business-hours-widget\/joomla\/","og_site_name":"Elfsight IT","article_modified_time":"2025-03-21T11:13:22+00:00","twitter_card":"summary_large_image","twitter_misc":{"Tempo di lettura stimato":"5 minuti"},"schema":{"@context":"https:\/\/schema.org","@graph":[{"@type":"WebPage","@id":"https:\/\/elfsight.com\/it\/business-hours-widget\/joomla\/","url":"https:\/\/elfsight.com\/it\/business-hours-widget\/joomla\/","name":"Aggiungi orari lavorativi a Joomla: utilizza l'orario gratuito sul sito web","isPartOf":{"@id":"https:\/\/elfsight.com\/it\/#website"},"datePublished":"2024-05-03T06:31:11+00:00","dateModified":"2025-03-21T11:13:22+00:00","description":"Aggiungi un widget Orario lavorativo personalizzabile a Joomla per presentare lo stato della tua attivit\u00e0. Crea il tuo orario di lavoro personale utilizzando la demo.","breadcrumb":{"@id":"https:\/\/elfsight.com\/it\/business-hours-widget\/joomla\/#breadcrumb"},"inLanguage":"it-IT","potentialAction":[{"@type":"ReadAction","target":["https:\/\/elfsight.com\/it\/business-hours-widget\/joomla\/"]}]},{"@type":"BreadcrumbList","@id":"https:\/\/elfsight.com\/it\/business-hours-widget\/joomla\/#breadcrumb","itemListElement":[{"@type":"ListItem","position":1,"name":"Home","item":"https:\/\/elfsight.com\/it\/"},{"@type":"ListItem","position":2,"name":"Business Hours","item":"https:\/\/elfsight.com\/it\/business-hours-widget\/"},{"@type":"ListItem","position":3,"name":"Business Hours &#8211; Joomla"}]},{"@type":"WebSite","@id":"https:\/\/elfsight.com\/it\/#website","url":"https:\/\/elfsight.com\/it\/","name":"Elfsight IT","description":"Just another Elfsight Sites site","potentialAction":[{"@type":"SearchAction","target":{"@type":"EntryPoint","urlTemplate":"https:\/\/elfsight.com\/it\/?s={search_term_string}"},"query-input":{"@type":"PropertyValueSpecification","valueRequired":true,"valueName":"search_term_string"}}],"inLanguage":"it-IT"}]}},"meta_box":{"industry":"","seo_heading":"","heading":"","description":"","cta_heading":"","cta_description":"","application":"3111","h1":"Estensione dell'orario lavorativo di Joomla","h1_caption":"Mostra i tuoi orari di lavoro in un formato chiaro e accattivante per informare i visitatori della tua disponibilit\u00e0 nel tuo sito web Joomla senza sforzo.","application_category":[],"applications_title":"","applications_request_title":"","applications_request_button_text":"","hero_text":"","hero_video":"","hero_video_schema_markup":"","selling_points_title":"","selling_points_caption":"","selling_points":[],"selling_points_cta_text":"","features_title":"","features":"","ed_cta_examples_text":"","ed_cta_examples_hidden":"","ed_cta_demo_text":"","ed_cta_demo_hidden":"","why_caption":"","why_editor_title":"","why_editor_text":"","why_team_title":"","why_team_text":"","why_service_title":"","why_service_text":"","template_catalog_visible":"0","template_catalog_title":"","template_catalog_text":"","template_catalog_categories_visible":"","demo_title":"Crea il tuo plug-in per l'orario lavorativo","demo_caption":"Configura il tuo orario lavorativo e aggiungilo gratuitamente al tuo sito Joomla!","default_faq_hidden":"","app_template_category":[],"platform":"36","template_public_id":"","codecanyon_url":"","codecanyon_item_id":"","codecanyon_price":"","pricing_caption":"","pricing_elfsight_apps_hide_column":"","pricing_elfsight_apps_url":"","pricing_codecanyon_price_caption":"","integration_category":[],"integration_request_title":"","integration_request_cta":"","integration_platform":"","integrations":[],"platform_category":[],"video_schema_markup":"","price":"da $ 0 al mese","trial":"","benefits":[{"text":"Aiuto per l'installazione gratuito"},{"text":"Supporto premium"},{"text":"Garanzia di rimborso di 14 giorni"},{"text":"Miglioramenti continui"}],"button_url":"#demo","button_target_blank":"0","button_nofollow":"0","attributes":[{"name":"Installazioni"},{"name":"Reattivo","content":"S\u00cc"},{"name":"Browser compatibili","content":"IE11, Firefox, Safari, Opera, Chrome, Edge"}],"tags":[],"tags_disable_links":"0","hide_more_platforms":"0","video_object":"","demo_hide_cta":"0","demo_hide_cloud_options":"0","pricing_title":"","pricing":[{"pricing_icon":"platform","pricing_title":"Elfsight Apps","pricing_title_caption":"Soluzione digitale indipendente dalla piattaforma adatta a qualsiasi sito web","pricing_price":"da $ 0 \/ mese","pricing_price_caption":"inizia con un piano gratuito","pricing_benefits":[{"text":"Domini illimitati"},{"text":"Supporto veloce"},{"text":"Aiuto per l'installazione gratuito"},{"text":"Progettazione flessibile"}],"pricing_button_text":"Aggiungi al sito web","pricing_button_url":"#demo"}],"related_apps_title":"","related_apps_hidden":"0","author":"","image":[],"title":"","job":"","social_networks":[]},"_links":{"self":[{"href":"https:\/\/elfsight.com\/it\/wp-json\/wp\/v2\/pages\/3938","targetHints":{"allow":["GET"]}}],"collection":[{"href":"https:\/\/elfsight.com\/it\/wp-json\/wp\/v2\/pages"}],"about":[{"href":"https:\/\/elfsight.com\/it\/wp-json\/wp\/v2\/types\/page"}],"author":[{"embeddable":true,"href":"https:\/\/elfsight.com\/it\/wp-json\/wp\/v2\/users\/9"}],"replies":[{"embeddable":true,"href":"https:\/\/elfsight.com\/it\/wp-json\/wp\/v2\/comments?post=3938"}],"version-history":[{"count":2,"href":"https:\/\/elfsight.com\/it\/wp-json\/wp\/v2\/pages\/3938\/revisions"}],"predecessor-version":[{"id":9609,"href":"https:\/\/elfsight.com\/it\/wp-json\/wp\/v2\/pages\/3938\/revisions\/9609"}],"up":[{"embeddable":true,"href":"https:\/\/elfsight.com\/it\/wp-json\/wp\/v2\/pages\/3120"}],"wp:attachment":[{"href":"https:\/\/elfsight.com\/it\/wp-json\/wp\/v2\/media?parent=3938"}],"curies":[{"name":"wp","href":"https:\/\/api.w.org\/{rel}","templated":true}]}}