{"id":3932,"date":"2024-05-03T06:31:09","date_gmt":"2024-05-03T06:31:09","guid":{"rendered":"https:\/\/elfsight.com\/it\/?page_id=3932"},"modified":"2025-03-21T11:10:58","modified_gmt":"2025-03-21T11:10:58","slug":"facebook","status":"publish","type":"page","link":"https:\/\/elfsight.com\/it\/business-hours-widget\/facebook\/","title":{"rendered":"Business Hours &#8211; Facebook Page"},"content":{"rendered":"\n<div class=\"application-platform-content-item-description application-platform-content-item\" id=\"description\" data-nav-section=\"description\"> <h2>Incorpora l&#8217;orario lavorativo nella pagina Facebook con un widget Elfsight<\/h2> <p>L&#8217;orario lavorativo Elfsight per la pagina Facebook \u00e8 un semplice senza codice widget che ti permette di creare un simpatico biglietto da visita con i dati pi\u00f9 importanti riguardanti la tua organizzazione. Puoi aggiungere informazioni sul tuo attuale stato di disponibilit\u00e0 e abilitare i contatti per i tuoi clienti. Il widget ti consente di creare design convenienti, in modo che i visitatori possano facilmente esplorare tutte le informazioni necessarie brevemente o in modo pi\u00f9 dettagliato. <\/p><p>Lo straordinario widget offre molti modelli, in modo che tu possa scegliere l&#8217;opzione pi\u00f9 adatta per il tuo sito web. Ogni modello contiene impostazioni flessibili per aiutarti a creare un widget personalizzato con le opzioni necessarie come i pulsanti CTA che aumentano le vendite. Incorporare l&#8217;orario di lavoro nel tuo sito web \u00e8 totalmente semplice con Elfsight grazie a tutorial e guide facili da seguire. Qualsiasi utente pu\u00f2 creare e aggiungere gratuitamente il widget Orario lavorativo senza codice.<\/p> <p><b>Utilizza i dettagli aziendali sul tuo sito web per migliorare le vendite e la credibilit\u00e0 dei clienti. Condividi le informazioni chiave sulla tua attivit\u00e0 lavorativa senza sforzo. <\/b><\/p> <p>Con questo widget incorporato nel sito web della tua Pagina Facebook, informerai i tuoi clienti e otterrai vendite regolari. Scopri alcuni dei migliori risultati per il tuo sito web quando incorpori al suo interno il widget dell&#8217;orario di lavoro senza codice. <\/p><ul><li><b>Lascia che i tuoi clienti siano sempre puntuali. <\/b> Aumenta le vendite, essendo presente sicuramente negli orari di lavoro corrispondenti. I visitatori del tuo sito web vedranno i tuoi orari di disponibilit\u00e0 e diventeranno pi\u00f9 sicuri di effettuare un acquisto di successo quando necessario. <\/li><li><b>Evita malintesi sugli orari delle tue attivit\u00e0. <\/b> Mostrare i tuoi periodi di lavoro semplici ai clienti sul sito web li render\u00e0 pi\u00f9 devoti alla tua organizzazione poich\u00e9 saranno in grado di pianificare un ordine o una visita presso di te. <\/li><li><b>Visualizza i dati di contatto in modo conveniente. <\/b> L&#8217;aggiunta delle informazioni di contatto al widget degli orari di apertura senza codice ti consente di creare comunicazioni e migliorare le vendite. Dimostra che sei qui per rispondere alle loro domande sui prodotti e servizi della tua azienda, ottenendo cos\u00ec maggiore fedelt\u00e0 e approvazione. <\/li><\/ul><div class=\"faq\" data-component=\"FAQ\"><div class=\"faq-item\">\r\n\t\t\t\t\t<div class=\"faq-item-question\">\r\n\t\t\t\t\t\t<h3 class=\"faq-item-question-text\">Ci sono altri plugin per la Pagina Facebook che posso incorporare nel mio sito per aumentare le vendite?<\/h3>\r\n\r\n\t\t\t\t\t\t<div class=\"faq-item-question-icon\"><\/div>\r\n\t\t\t\t\t<\/div>\r\n\r\n\t\t\t\t\t<div class=\"faq-item-answer\">\r\n\t\t\t\t\t\t<div class=\"faq-item-answer-text\">Possiamo offrirti molti plugin per raggiungere qualsiasi tipo di target sul tuo sito Verifica tu stesso: <a href=\"https:\/\/elfsight.com\/google-reviews-widget\/facebook\/\" target=\"_blank\" rel=\"noopener\">Google Recensioni<\/a>, <a href=\"https:\/\/elfsight.com\/whatsapp-chat-widget\/facebook\/\" target=\"_blank\" rel=\"noopener\">Chat di WhatsApp<\/a>, <a href=\"https:\/\/elfsight.com\/event-calendar-widget\/facebook\/\" target=\"_blank\" rel=\"noopener\">Calendario eventi<\/a>, <a href=\"https:\/\/elfsight.com\/countdown-timer-widget\/facebook\/\" target=\"_blank \" rel=\"noopener\">Conto alla rovescia<\/a>, <a href=\"https:\/\/elfsight.com\/qr-code-widget\/facebook\/\" target=\"_blank\" rel=\"noopener\">Codice QR<\/a>. <\/div>\r\n\t\t\t\t\t<\/div>\r\n\t\t\t\t<\/div><div class=\"faq-item\">\r\n\t\t\t\t\t<div class=\"faq-item-question\">\r\n\t\t\t\t\t\t<h3 class=\"faq-item-question-text\">Come posso utilizzare l'orario lavorativo sulla pagina Facebook?<\/h3>\r\n\r\n\t\t\t\t\t\t<div class=\"faq-item-question-icon\"><\/div>\r\n\t\t\t\t\t<\/div>\r\n\r\n\t\t\t\t\t<div class=\"faq-item-answer\">\r\n\t\t\t\t\t\t<div class=\"faq-item-answer-text\">Esistono molti modi per migliorare i tassi di conversione e i numeri di vendita aggiungendo un plug-in Orario lavorativo. Con i modelli di Elfsight per questo meraviglioso plugin per siti web, puoi trovare tattiche personali. Puoi visualizzare informazioni approfondite sui tuoi periodi di lavoro e sui modi per parlare con te o semplicemente utilizzare una barra di stato aziendale minimalista. Puoi creare schede di contatto con il nostro plug-in Orario lavorativo e inserirle nelle pagine del sito Web richieste per attirare l&#8217;attenzione e informare i visitatori sulla tua attivit\u00e0. <\/div>\r\n\t\t\t\t\t<\/div>\r\n\t\t\t\t<\/div><div class=\"faq-item\">\r\n\t\t\t\t\t<div class=\"faq-item-question\">\r\n\t\t\t\t\t\t<h3 class=\"faq-item-question-text\">Come incorporare gratuitamente l'orario lavorativo nei siti web della pagina Facebook?<\/h3>\r\n\r\n\t\t\t\t\t\t<div class=\"faq-item-question-icon\"><\/div>\r\n\t\t\t\t\t<\/div>\r\n\r\n\t\t\t\t\t<div class=\"faq-item-answer\">\r\n\t\t\t\t\t\t<div class=\"faq-item-answer-text\">Incorporare un plug-in dell&#8217;orario lavorativo nel sito web della tua pagina Facebook \u00e8 un metodo eccezionale per avviare la comunicazione con i clienti e informarli della tua disponibilit\u00e0 per garantire vendere o fornire servizi. Ecco i tutorial su come aggiungere il plug-in degli orari di apertura al tuo sito web. <ol><li>Per incorporare gratuitamente un plug-in Elfsight Business Hours nella pagina Facebook, procedi al sito Web Elfsight e registrati. <\/li><li>Crea il plug-in gratuito per l&#8217;orario lavorativo adattandone l&#8217;aspetto e le impostazioni in modo che corrispondano allo stile del sito web della tua pagina Facebook. <\/li><li>Dopo aver modificato l&#8217;orario lavorativo senza codice, copia il codice generato e incollalo nel sito web della tua pagina Facebook dove desideri che venga visualizzato il plug-in. <\/li><\/ol>Integrando l&#8217;orario lavorativo nel sito web della tua pagina Facebook, migliorerai sicuramente il suo aspetto visivo e coinvolgerai in modo stabile i clienti. Scopri i vantaggi dell&#8217;orario lavorativo di Elfsight senza alcun costo per te! <\/div>\r\n\t\t\t\t\t<\/div>\r\n\t\t\t\t<\/div><\/div><\/div> <div class=\"application-platform-content-item-features application-platform-content-item\" id=\"features\" data-nav-section=\"features\"> <h2>Conosci l&#8217;elenco delle funzionalit\u00e0 pi\u00f9 utili del widget:<\/h2> <ul><li>Visualizza le funzionalit\u00e0 della tua azienda disponibilit\u00e0 in tempo reale<\/li><li>Semplice regolazione dei frame di lavoro<\/li><li>Configurazione di eventi speciali<\/li><li>Stato della situazione in tempo reale<\/li><li>Tavolo inseribile o salva spazio status<\/li><\/ul><p><a href=\"#demo\">Puoi vedere quanto vale il widget provando la demo<\/a><\/p><\/div> <div class=\"application-platform-content-item- installazione application-platform-content-item\" id=\" installazione\" data-nav-section=\" installazione\"> <h2>Come posso aggiungere l&#8217;orario lavorativo al sito web della mia pagina Facebook?<\/h2> <p>Segui semplicemente le istruzioni seguenti per integrare il plug-in con il tuo orario di lavoro.<\/p> <ol><li><b>Lancia la nostra demo e inizia a creare il tuo plugin senza codice personalizzato. <\/b><br> Determina l&#8217;interfaccia e i parametri desiderati del plugin e salva le correzioni. <\/li> <li><b>Ricevi il codice individuale esposto nella finestra su Elfsight Apps. <\/b><br> Una volta completata la generazione della tua app personale per le ore di attivit\u00e0 senza codice, copia il codice esclusivo dalla casella visualizzata e conservalo per occasioni future. <\/li> <li><b>Avviare l&#8217;utilizzo dell&#8217;app sul sito della Pagina Facebook. <\/b><br> Integra il codice salvato di recente nella tua pagina web e salva le modifiche. <\/li> <li><b>L&#8217;installazione delle ore di funzionamento senza codice \u00e8 stata completata con successo. <\/b><br> Visita il tuo sito web per verificare come funziona l&#8217;app degli orari di apertura. <\/li><\/ol> <p>Se hai difficolt\u00e0, non aver paura di metterti in contatto con il nostro servizio clienti. I nostri consulenti non vedono l&#8217;ora di aiutarti con tutte le domande che potresti avere sul plugin per la Pagina Facebook. <\/p> <\/div>\n","protected":false},"excerpt":{"rendered":"","protected":false},"author":9,"featured_media":0,"parent":3120,"menu_order":0,"comment_status":"closed","ping_status":"closed","template":"templates\/template-application-platform.php","meta":{"publish_to_discourse":"","publish_post_category":"","wpdc_auto_publish_overridden":"","wpdc_topic_tags":"","wpdc_pin_topic":"","wpdc_pin_until":"","discourse_post_id":"","discourse_permalink":"","wpdc_publishing_response":"","wpdc_publishing_error":"","footnotes":""},"class_list":["post-3932","page","type-page","status-publish","hentry"],"yoast_head":"<!-- This site is optimized with the Yoast SEO plugin v25.3.1 - https:\/\/yoast.com\/wordpress\/plugins\/seo\/ -->\n<title>Aggiungi orari lavorativi alla pagina Facebook: incorpora widget senza codice<\/title>\n<meta name=\"description\" content=\"Aggiungi un&#039;app per l&#039;orario lavorativo regolabile alla pagina Facebook per mostrare lo stato della tua attivit\u00e0. Crea il tuo orario di lavoro personale nella demo.\" \/>\n<meta name=\"robots\" content=\"index, follow, max-snippet:-1, max-image-preview:large, max-video-preview:-1\" \/>\n<link rel=\"canonical\" href=\"https:\/\/elfsight.com\/it\/business-hours-widget\/facebook\/\" \/>\n<meta property=\"og:locale\" content=\"it_IT\" \/>\n<meta property=\"og:type\" content=\"article\" \/>\n<meta property=\"og:title\" content=\"Aggiungi orari lavorativi alla pagina Facebook: incorpora widget senza codice\" \/>\n<meta property=\"og:description\" content=\"Aggiungi un&#039;app per l&#039;orario lavorativo regolabile alla pagina Facebook per mostrare lo stato della tua attivit\u00e0. Crea il tuo orario di lavoro personale nella demo.\" \/>\n<meta property=\"og:url\" content=\"https:\/\/elfsight.com\/it\/business-hours-widget\/facebook\/\" \/>\n<meta property=\"og:site_name\" content=\"Elfsight IT\" \/>\n<meta property=\"article:modified_time\" content=\"2025-03-21T11:10:58+00:00\" \/>\n<meta name=\"twitter:card\" content=\"summary_large_image\" \/>\n<meta name=\"twitter:label1\" content=\"Tempo di lettura stimato\" \/>\n\t<meta name=\"twitter:data1\" content=\"5 minuti\" \/>\n<!-- \/ Yoast SEO plugin. -->","yoast_head_json":{"title":"Aggiungi orari lavorativi alla pagina Facebook: incorpora widget senza codice","description":"Aggiungi un'app per l'orario lavorativo regolabile alla pagina Facebook per mostrare lo stato della tua attivit\u00e0. Crea il tuo orario di lavoro personale nella demo.","robots":{"index":"index","follow":"follow","max-snippet":"max-snippet:-1","max-image-preview":"max-image-preview:large","max-video-preview":"max-video-preview:-1"},"canonical":"https:\/\/elfsight.com\/it\/business-hours-widget\/facebook\/","og_locale":"it_IT","og_type":"article","og_title":"Aggiungi orari lavorativi alla pagina Facebook: incorpora widget senza codice","og_description":"Aggiungi un'app per l'orario lavorativo regolabile alla pagina Facebook per mostrare lo stato della tua attivit\u00e0. Crea il tuo orario di lavoro personale nella demo.","og_url":"https:\/\/elfsight.com\/it\/business-hours-widget\/facebook\/","og_site_name":"Elfsight IT","article_modified_time":"2025-03-21T11:10:58+00:00","twitter_card":"summary_large_image","twitter_misc":{"Tempo di lettura stimato":"5 minuti"},"schema":{"@context":"https:\/\/schema.org","@graph":[{"@type":"WebPage","@id":"https:\/\/elfsight.com\/it\/business-hours-widget\/facebook\/","url":"https:\/\/elfsight.com\/it\/business-hours-widget\/facebook\/","name":"Aggiungi orari lavorativi alla pagina Facebook: incorpora widget senza codice","isPartOf":{"@id":"https:\/\/elfsight.com\/it\/#website"},"datePublished":"2024-05-03T06:31:09+00:00","dateModified":"2025-03-21T11:10:58+00:00","description":"Aggiungi un'app per l'orario lavorativo regolabile alla pagina Facebook per mostrare lo stato della tua attivit\u00e0. Crea il tuo orario di lavoro personale nella demo.","breadcrumb":{"@id":"https:\/\/elfsight.com\/it\/business-hours-widget\/facebook\/#breadcrumb"},"inLanguage":"it-IT","potentialAction":[{"@type":"ReadAction","target":["https:\/\/elfsight.com\/it\/business-hours-widget\/facebook\/"]}]},{"@type":"BreadcrumbList","@id":"https:\/\/elfsight.com\/it\/business-hours-widget\/facebook\/#breadcrumb","itemListElement":[{"@type":"ListItem","position":1,"name":"Home","item":"https:\/\/elfsight.com\/it\/"},{"@type":"ListItem","position":2,"name":"Business Hours","item":"https:\/\/elfsight.com\/it\/business-hours-widget\/"},{"@type":"ListItem","position":3,"name":"Business Hours &#8211; Facebook Page"}]},{"@type":"WebSite","@id":"https:\/\/elfsight.com\/it\/#website","url":"https:\/\/elfsight.com\/it\/","name":"Elfsight IT","description":"Just another Elfsight Sites site","potentialAction":[{"@type":"SearchAction","target":{"@type":"EntryPoint","urlTemplate":"https:\/\/elfsight.com\/it\/?s={search_term_string}"},"query-input":{"@type":"PropertyValueSpecification","valueRequired":true,"valueName":"search_term_string"}}],"inLanguage":"it-IT"}]}},"meta_box":{"industry":"","seo_heading":"","heading":"","description":"","cta_heading":"","cta_description":"","application":"3111","h1":"Widget Orari di apertura della pagina Facebook","h1_caption":"Visualizza i tuoi orari di lavoro in un formato chiaro e accattivante per informare facilmente i visitatori della tua disponibilit\u00e0 nel sito web della tua Pagina Facebook.","application_category":[],"applications_title":"","applications_request_title":"","applications_request_button_text":"","hero_text":"","hero_video":"","hero_video_schema_markup":"","selling_points_title":"","selling_points_caption":"","selling_points":[],"selling_points_cta_text":"","features_title":"","features":"","ed_cta_examples_text":"","ed_cta_examples_hidden":"","ed_cta_demo_text":"","ed_cta_demo_hidden":"","why_caption":"","why_editor_title":"","why_editor_text":"","why_team_title":"","why_team_text":"","why_service_title":"","why_service_text":"","template_catalog_visible":"0","template_catalog_title":"","template_catalog_text":"","template_catalog_categories_visible":"","demo_title":"Crea il tuo widget Orario lavorativo","demo_caption":"Configura il tuo orario di lavoro e aggiungilo gratuitamente al sito web della tua pagina Facebook!","default_faq_hidden":"","app_template_category":[],"platform":"77","template_public_id":"","codecanyon_url":"","codecanyon_item_id":"","codecanyon_price":"","pricing_caption":"","pricing_elfsight_apps_hide_column":"","pricing_elfsight_apps_url":"","pricing_codecanyon_price_caption":"","integration_category":[],"integration_request_title":"","integration_request_cta":"","integration_platform":"","integrations":[],"platform_category":[],"video_schema_markup":"","price":"da $ 0 al mese","trial":"","benefits":[{"text":"Aiuto per l'installazione gratuito"},{"text":"Supporto premium"},{"text":"Garanzia di rimborso di 14 giorni"},{"text":"Sviluppo continuo"}],"button_url":"#demo","button_target_blank":"0","button_nofollow":"0","attributes":[{"name":"Installazioni"},{"name":"Reattivo","content":"S\u00cc"},{"name":"Browser compatibili","content":"Firefox, Safari, Opera, Chrome, Edge"}],"tags":[],"tags_disable_links":"0","hide_more_platforms":"0","video_object":"","demo_hide_cta":"0","demo_hide_cloud_options":"0","pricing_title":"","pricing":[{"pricing_icon":"platform","pricing_title":"Elfsight Apps","pricing_title_caption":"Versione multipiattaforma che funziona su qualsiasi sito web","pricing_price":"da $ 0 \/ mese","pricing_price_caption":"inizia con un piano gratuito","pricing_benefits":[{"text":"Siti web illimitati"},{"text":"Supporto aziendale premium"},{"text":"Supporto per l'installazione senza costi"},{"text":"Progettazione flessibile"}],"pricing_button_text":"Aggiungi al sito web","pricing_button_url":"#demo"}],"related_apps_title":"","related_apps_hidden":"0","author":"","image":[],"title":"","job":"","social_networks":[]},"_links":{"self":[{"href":"https:\/\/elfsight.com\/it\/wp-json\/wp\/v2\/pages\/3932","targetHints":{"allow":["GET"]}}],"collection":[{"href":"https:\/\/elfsight.com\/it\/wp-json\/wp\/v2\/pages"}],"about":[{"href":"https:\/\/elfsight.com\/it\/wp-json\/wp\/v2\/types\/page"}],"author":[{"embeddable":true,"href":"https:\/\/elfsight.com\/it\/wp-json\/wp\/v2\/users\/9"}],"replies":[{"embeddable":true,"href":"https:\/\/elfsight.com\/it\/wp-json\/wp\/v2\/comments?post=3932"}],"version-history":[{"count":2,"href":"https:\/\/elfsight.com\/it\/wp-json\/wp\/v2\/pages\/3932\/revisions"}],"predecessor-version":[{"id":9607,"href":"https:\/\/elfsight.com\/it\/wp-json\/wp\/v2\/pages\/3932\/revisions\/9607"}],"up":[{"embeddable":true,"href":"https:\/\/elfsight.com\/it\/wp-json\/wp\/v2\/pages\/3120"}],"wp:attachment":[{"href":"https:\/\/elfsight.com\/it\/wp-json\/wp\/v2\/media?parent=3932"}],"curies":[{"name":"wp","href":"https:\/\/api.w.org\/{rel}","templated":true}]}}