{"id":3930,"date":"2024-05-03T06:31:07","date_gmt":"2024-05-03T06:31:07","guid":{"rendered":"https:\/\/elfsight.com\/it\/?page_id=3930"},"modified":"2025-03-21T11:08:01","modified_gmt":"2025-03-21T11:08:01","slug":"blogger","status":"publish","type":"page","link":"https:\/\/elfsight.com\/it\/business-hours-widget\/blogger\/","title":{"rendered":"Business Hours &#8211; Blogger"},"content":{"rendered":"\n<div class=\"application-platform-content-item-description application-platform-content-item\" id=\"description\" data-nav-section=\"description\"> <h2>Incorpora l&#8217;orario di lavoro su Blogger con un widget Elfsight<\/h2> <p>Elfsight Business Hours per Blogger \u00e8 un semplice widget senza codice che ti permette di proiettare un accattivante biglietto da visita contenente le principali informazioni riguardanti il \u200b\u200btuo lavoro. Puoi visualizzare informazioni sul tuo attuale stato lavorativo e abilitare i contatti per il tuo pubblico. Il widget ti consente di inventare design intuitivi, in modo che i clienti possano trovare facilmente tutti i dati richiesti in breve o pi\u00f9 in dettaglio. <\/p><p>Il fantastico widget offre alcuni modelli, cos\u00ec puoi selezionare l&#8217;opzione migliore per il tuo sito web. Ogni modello contiene impostazioni per aiutarti a creare un widget con gli elementi necessari per aumentare le vendite. Integrare l&#8217;orario di lavoro e le informazioni di contatto della tua azienda nel tuo sito web \u00e8 molto semplice con Elfsight grazie a tutorial e linee guida semplici. Qualsiasi titolare di un sito web pu\u00f2 creare e aggiungere gratuitamente il widget Orario lavorativo senza codice.<\/p> <p><b>Inserisci i dettagli dell&#8217;attivit\u00e0 sul tuo sito web per aumentare i tassi di vendita e la credibilit\u00e0 del cliente. Visualizza facilmente informazioni importanti sui tuoi periodi lavorativi. <\/b><\/p> <p>Con questo widget sul tuo sito Blogger, puoi rendere i tuoi clienti pi\u00f9 consapevoli della tua attivit\u00e0 e ottenere pi\u00f9 vendite. Scopri alcuni vantaggi chiave per il tuo sito web quando aggiungi il widget dei frame di lavoro gratuiti. <\/p><ul><li><b>Lascia che i clienti siano sempre puntuali. <\/b> Aumenta le vendite, grazie alla certezza di essere contattato negli orari lavorativi indicati. I visitatori del tuo sito web si prenderanno cura del tuo orario di lavoro e saranno pi\u00f9 sicuri di effettuare un acquisto di successo quando necessario. <\/li><li><b>Evitate malintesi sugli orari di apertura. <\/b> Mostrare i tuoi orari di lavoro chiari ai clienti sul sito web li render\u00e0 pi\u00f9 devoti al tuo marchio poich\u00e9 saranno in grado di pianificare un ordine o una visita da te. <\/li><li><b>Fornire i contatti in modo visibile. <\/b> L&#8217;aggiunta dei dati di contatto al widget degli orari di apertura senza codice ti consente di creare comunicazioni e migliorare le vendite. Dimostra che sei qui per rispondere alle loro domande sui prodotti e servizi della tua azienda, ottenendo cos\u00ec maggiore fiducia e rispetto. <\/li><\/ul><div class=\"faq\" data-component=\"FAQ\"><div class=\"faq-item\">\r\n\t\t\t\t\t<div class=\"faq-item-question\">\r\n\t\t\t\t\t\t<h3 class=\"faq-item-question-text\">Avete altri plugin per Blogger che posso avere sul mio sito web per aumentare le vendite?<\/h3>\r\n\r\n\t\t\t\t\t\t<div class=\"faq-item-question-icon\"><\/div>\r\n\t\t\t\t\t<\/div>\r\n\r\n\t\t\t\t\t<div class=\"faq-item-answer\">\r\n\t\t\t\t\t\t<div class=\"faq-item-answer-text\">Possiamo concedervi molti plugin per soddisfare qualsiasi tipo di attivit\u00e0 sul tuo sito Ecco solo alcuni esempi: <a href=\"https:\/\/elfsight.com\/google-reviews-widget\/blogger\/\" target=\"_blank\" rel=\"noopener\">Google Recensioni<\/a>, <a href=\"https:\/\/elfsight.com\/whatsapp-chat-widget\/blogger\/\" target=\"_blank\" rel=\"noopener\">Chat di WhatsApp<\/a>, <a href=\"https:\/\/elfsight.com\/event-calendar-widget\/blogger\/\" target=\"_blank\" rel=\"noopener\">Calendario eventi<\/a>, <a href=\"https:\/\/elfsight.com\/countdown-timer-widget\/blogger\/\" target=\"_blank\" rel=\"noopener\">Conto alla rovescia<\/a>, <a href=\"https:\/\/elfsight.com\/qr-code-widget\/blogger\/\" target=\"_blank\" rel=\"noopener\"> Codice QR<\/a>. <\/div>\r\n\t\t\t\t\t<\/div>\r\n\t\t\t\t<\/div><div class=\"faq-item\">\r\n\t\t\t\t\t<div class=\"faq-item-question\">\r\n\t\t\t\t\t\t<h3 class=\"faq-item-question-text\">Come posso ottenere risultati con l'orario di lavoro sul sito web di Blogger?<\/h3>\r\n\r\n\t\t\t\t\t\t<div class=\"faq-item-question-icon\"><\/div>\r\n\t\t\t\t\t<\/div>\r\n\r\n\t\t\t\t\t<div class=\"faq-item-answer\">\r\n\t\t\t\t\t\t<div class=\"faq-item-answer-text\"> Esistono molti modi per migliorare i tassi di conversione e i numeri di vendita aggiungendo un plug-in dell&#8217;orario di lavoro. Con i modelli di Elfsight per questo straordinario plugin per siti, puoi costruire una strategia aziendale individuale. Puoi visualizzare informazioni estese sugli orari di apertura e sugli strumenti per parlare con te o semplicemente incorporare una barra di stato operativo minimalista. Puoi creare schede di contatto con il plug-in Orario di lavoro e aggiungerle alle aree preferibili del sito Web per attirare l&#8217;attenzione e informare il pubblico sulla tua attivit\u00e0. <\/div>\r\n\t\t\t\t\t<\/div>\r\n\t\t\t\t<\/div><div class=\"faq-item\">\r\n\t\t\t\t\t<div class=\"faq-item-question\">\r\n\t\t\t\t\t\t<h3 class=\"faq-item-question-text\">Come incorporare gratuitamente il plug-in dell'orario di lavoro nei siti Web di Blogger?<\/h3>\r\n\r\n\t\t\t\t\t\t<div class=\"faq-item-question-icon\"><\/div>\r\n\t\t\t\t\t<\/div>\r\n\r\n\t\t\t\t\t<div class=\"faq-item-answer\">\r\n\t\t\t\t\t\t<div class=\"faq-item-answer-text\">Incorporare un plug-in dell&#8217;orario di lavoro nel sito Web di Blogger \u00e8 un modo semplice per avviare la comunicazione con i clienti e informarli della tua disponibilit\u00e0 a garantire le vendite o fornire servizi. Offriamo alcuni tutorial sull&#8217;aggiunta del plug-in per gli orari di funzionamento senza codice al tuo sito web. <ol><li>Per incorporare un Elfsight Business Hours in Blogger, procedi al sito web di Elfsight e registrati. <\/li><li>Crea orari di apertura gratuiti senza codice adattandone l&#8217;aspetto e le impostazioni al design del tuo sito web Blogger. <\/li><li>Dopo aver definito l&#8217;orario di lavoro, copia lo snippet di codice speciale e incollalo nell&#8217;HTML del tuo sito web Blogger dove desideri che appaia il plug-in. <\/li><\/ol>Inserendo l&#8217;orario lavorativo nel tuo sito web Blogger, aumenterai il suo magnetismo visivo e aumenterai il coinvolgimento continuo dei clienti. Scopri i vantaggi dell&#8217;Elfsight Business Hours senza alcun costo per te! <\/div>\r\n\t\t\t\t\t<\/div>\r\n\t\t\t\t<\/div><\/div><\/div> <div class=\"application-platform-content-item-features application-platform-content-item\" id=\"features\" data-nav-section=\"features\"> <h2>Controlla l&#8217;elenco delle funzionalit\u00e0 pi\u00f9 potenti:<\/h2> <ul><li>Mostra la disponibilit\u00e0 in tempo reale della tua azienda<\/li><li>Facile regolazione dei frame operativi<\/li><li>Configurazione dei giorni speciali<\/li><li>Indicazione dell&#8217;attivit\u00e0 commerciale corrente<\/li><li>Grafico inseribile o stato salvaspazio<\/li><\/ul><p><a href=\"#demo\">Puoi scoprire subito tutte le funzionalit\u00e0 del widget nella demo<\/a><\/p><\/div> <div class=\"application-platform-content-item-installation application-platform-content-item\" id=\"installation\" data-nav-section=\"installation\"> <h2>Come posso incorporare l&#8217;orario lavorativo nel mio sito web Blogger?<\/h2> <p>Segui semplicemente le istruzioni seguenti per integrare il plug-in con i tuoi turni di lavoro. <\/p> <ol><li><b>Utilizza la nostra demo e inizia a creare il tuo plugin senza codice personalizzato. <\/b><br> Determina l&#8217;aspetto e le funzionalit\u00e0 preferite del plugin e salva le correzioni. <\/li> <li><b>Acquisisci il tuo codice di incorporamento personale che appare nella casella delle app Elfsight. <\/b><br> Subito dopo aver configurato la soluzione per le ore di attivit\u00e0 senza codice, copia il codice esclusivo dalla finestra visualizzata e salvalo per necessit\u00e0 future. <\/li> <li><b>Avvia l&#8217;incorporamento del plugin nella pagina web di Blogger. <\/b><br> Inserisci il codice copiato di recente nel tuo sito e applica le modifiche. <\/li> <li><b>L&#8217;impostazione degli orari di funzionamento \u00e8 completamente terminata. <\/b><br> Vai al tuo sito web per vedere in azione come funziona il plug-in per gli orari di apertura aggiunti. <\/li><\/ol> <p>Se dovessi affrontare domande o riscontrare problemi, contatta il nostro personale del servizio clienti. I nostri consulenti non vedono l&#8217;ora di risolvere tutti i problemi che potresti riscontrare con il prodotto per Blogger. <\/p> <\/div>\n","protected":false},"excerpt":{"rendered":"","protected":false},"author":9,"featured_media":0,"parent":3120,"menu_order":0,"comment_status":"closed","ping_status":"closed","template":"templates\/template-application-platform.php","meta":{"publish_to_discourse":"","publish_post_category":"","wpdc_auto_publish_overridden":"","wpdc_topic_tags":"","wpdc_pin_topic":"","wpdc_pin_until":"","discourse_post_id":"","discourse_permalink":"","wpdc_publishing_response":"","wpdc_publishing_error":"","footnotes":""},"class_list":["post-3930","page","type-page","status-publish","hentry"],"yoast_head":"<!-- This site is optimized with the Yoast SEO plugin v25.3.1 - https:\/\/yoast.com\/wordpress\/plugins\/seo\/ -->\n<title>Aggiungi l&#039;orario lavorativo a Blogger: incorpora l&#039;orario lavorativo nel sito web<\/title>\n<meta name=\"description\" content=\"Metti un widget Orario lavorativo personalizzabile su Blogger per condividere il tuo stato lavorativo. Crea il tuo orario di lavoro utilizzando la demo.\" \/>\n<meta name=\"robots\" content=\"index, follow, max-snippet:-1, max-image-preview:large, max-video-preview:-1\" \/>\n<link rel=\"canonical\" href=\"https:\/\/elfsight.com\/it\/business-hours-widget\/blogger\/\" \/>\n<meta property=\"og:locale\" content=\"it_IT\" \/>\n<meta property=\"og:type\" content=\"article\" \/>\n<meta property=\"og:title\" content=\"Aggiungi l&#039;orario lavorativo a Blogger: incorpora l&#039;orario lavorativo nel sito web\" \/>\n<meta property=\"og:description\" content=\"Metti un widget Orario lavorativo personalizzabile su Blogger per condividere il tuo stato lavorativo. Crea il tuo orario di lavoro utilizzando la demo.\" \/>\n<meta property=\"og:url\" content=\"https:\/\/elfsight.com\/it\/business-hours-widget\/blogger\/\" \/>\n<meta property=\"og:site_name\" content=\"Elfsight IT\" \/>\n<meta property=\"article:modified_time\" content=\"2025-03-21T11:08:01+00:00\" \/>\n<meta name=\"twitter:card\" content=\"summary_large_image\" \/>\n<meta name=\"twitter:label1\" content=\"Tempo di lettura stimato\" \/>\n\t<meta name=\"twitter:data1\" content=\"5 minuti\" \/>\n<!-- \/ Yoast SEO plugin. -->","yoast_head_json":{"title":"Aggiungi l'orario lavorativo a Blogger: incorpora l'orario lavorativo nel sito web","description":"Metti un widget Orario lavorativo personalizzabile su Blogger per condividere il tuo stato lavorativo. Crea il tuo orario di lavoro utilizzando la demo.","robots":{"index":"index","follow":"follow","max-snippet":"max-snippet:-1","max-image-preview":"max-image-preview:large","max-video-preview":"max-video-preview:-1"},"canonical":"https:\/\/elfsight.com\/it\/business-hours-widget\/blogger\/","og_locale":"it_IT","og_type":"article","og_title":"Aggiungi l'orario lavorativo a Blogger: incorpora l'orario lavorativo nel sito web","og_description":"Metti un widget Orario lavorativo personalizzabile su Blogger per condividere il tuo stato lavorativo. Crea il tuo orario di lavoro utilizzando la demo.","og_url":"https:\/\/elfsight.com\/it\/business-hours-widget\/blogger\/","og_site_name":"Elfsight IT","article_modified_time":"2025-03-21T11:08:01+00:00","twitter_card":"summary_large_image","twitter_misc":{"Tempo di lettura stimato":"5 minuti"},"schema":{"@context":"https:\/\/schema.org","@graph":[{"@type":"WebPage","@id":"https:\/\/elfsight.com\/it\/business-hours-widget\/blogger\/","url":"https:\/\/elfsight.com\/it\/business-hours-widget\/blogger\/","name":"Aggiungi l'orario lavorativo a Blogger: incorpora l'orario lavorativo nel sito web","isPartOf":{"@id":"https:\/\/elfsight.com\/it\/#website"},"datePublished":"2024-05-03T06:31:07+00:00","dateModified":"2025-03-21T11:08:01+00:00","description":"Metti un widget Orario lavorativo personalizzabile su Blogger per condividere il tuo stato lavorativo. Crea il tuo orario di lavoro utilizzando la demo.","breadcrumb":{"@id":"https:\/\/elfsight.com\/it\/business-hours-widget\/blogger\/#breadcrumb"},"inLanguage":"it-IT","potentialAction":[{"@type":"ReadAction","target":["https:\/\/elfsight.com\/it\/business-hours-widget\/blogger\/"]}]},{"@type":"BreadcrumbList","@id":"https:\/\/elfsight.com\/it\/business-hours-widget\/blogger\/#breadcrumb","itemListElement":[{"@type":"ListItem","position":1,"name":"Home","item":"https:\/\/elfsight.com\/it\/"},{"@type":"ListItem","position":2,"name":"Business Hours","item":"https:\/\/elfsight.com\/it\/business-hours-widget\/"},{"@type":"ListItem","position":3,"name":"Business Hours &#8211; Blogger"}]},{"@type":"WebSite","@id":"https:\/\/elfsight.com\/it\/#website","url":"https:\/\/elfsight.com\/it\/","name":"Elfsight IT","description":"Just another Elfsight Sites site","potentialAction":[{"@type":"SearchAction","target":{"@type":"EntryPoint","urlTemplate":"https:\/\/elfsight.com\/it\/?s={search_term_string}"},"query-input":{"@type":"PropertyValueSpecification","valueRequired":true,"valueName":"search_term_string"}}],"inLanguage":"it-IT"}]}},"meta_box":{"industry":"","seo_heading":"","heading":"","description":"","cta_heading":"","cta_description":"","application":"3111","h1":"Widget Orari di apertura di BigCommerce","h1_caption":"Mostra i tuoi orari di lavoro in un formato chiaro e accattivante per informare facilmente i visitatori della tua disponibilit\u00e0 nel tuo sito web Blogger.","application_category":[],"applications_title":"","applications_request_title":"","applications_request_button_text":"","hero_text":"","hero_video":"","hero_video_schema_markup":"","selling_points_title":"","selling_points_caption":"","selling_points":[],"selling_points_cta_text":"","features_title":"","features":"","ed_cta_examples_text":"","ed_cta_examples_hidden":"","ed_cta_demo_text":"","ed_cta_demo_hidden":"","why_caption":"","why_editor_title":"","why_editor_text":"","why_team_title":"","why_team_text":"","why_service_title":"","why_service_text":"","template_catalog_visible":"0","template_catalog_title":"","template_catalog_text":"","template_catalog_categories_visible":"","demo_title":"Crea il tuo widget Orario lavorativo","demo_caption":"Configura il tuo orario di lavoro e aggiungilo gratuitamente al tuo sito Blogger!","default_faq_hidden":"","app_template_category":[],"platform":"33","template_public_id":"","codecanyon_url":"","codecanyon_item_id":"","codecanyon_price":"","pricing_caption":"","pricing_elfsight_apps_hide_column":"","pricing_elfsight_apps_url":"","pricing_codecanyon_price_caption":"","integration_category":[],"integration_request_title":"","integration_request_cta":"","integration_platform":"","integrations":[],"platform_category":[],"video_schema_markup":"","price":"da $ 0 al mese","trial":"","benefits":[{"text":"Servizio di installazione gratuito"},{"text":"Supporto eccezionale"},{"text":"Garanzia di rimborso di 14 giorni"},{"text":"Aggiornamento costante"}],"button_url":"#demo","button_target_blank":"0","button_nofollow":"0","attributes":[{"name":"Installazioni"},{"name":"Reattivo","content":"Pronto per i dispositivi mobili"},{"name":"Browser compatibili","content":"Chrome, Firefox, Safari, Opera, Edge"}],"tags":[],"tags_disable_links":"0","hide_more_platforms":"0","video_object":"","demo_hide_cta":"0","demo_hide_cloud_options":"0","pricing_title":"","pricing":[{"pricing_icon":"platform","pricing_title":"Elfsight Apps","pricing_title_caption":"Soluzione digitale indipendente dalla piattaforma che funziona su qualsiasi sito web","pricing_price":"da $ 0 \/ mese","pricing_price_caption":"inizia con un piano gratuito","pricing_benefits":[{"text":"Domini illimitati"},{"text":"Supporto gratuito"},{"text":"Aiuto gratuito per l'installazione"},{"text":"100% personalizzabile"}],"pricing_button_text":"Aggiungi al sito web","pricing_button_url":"#demo"}],"related_apps_title":"","related_apps_hidden":"0","author":"","image":[],"title":"","job":"","social_networks":[]},"_links":{"self":[{"href":"https:\/\/elfsight.com\/it\/wp-json\/wp\/v2\/pages\/3930","targetHints":{"allow":["GET"]}}],"collection":[{"href":"https:\/\/elfsight.com\/it\/wp-json\/wp\/v2\/pages"}],"about":[{"href":"https:\/\/elfsight.com\/it\/wp-json\/wp\/v2\/types\/page"}],"author":[{"embeddable":true,"href":"https:\/\/elfsight.com\/it\/wp-json\/wp\/v2\/users\/9"}],"replies":[{"embeddable":true,"href":"https:\/\/elfsight.com\/it\/wp-json\/wp\/v2\/comments?post=3930"}],"version-history":[{"count":2,"href":"https:\/\/elfsight.com\/it\/wp-json\/wp\/v2\/pages\/3930\/revisions"}],"predecessor-version":[{"id":9605,"href":"https:\/\/elfsight.com\/it\/wp-json\/wp\/v2\/pages\/3930\/revisions\/9605"}],"up":[{"embeddable":true,"href":"https:\/\/elfsight.com\/it\/wp-json\/wp\/v2\/pages\/3120"}],"wp:attachment":[{"href":"https:\/\/elfsight.com\/it\/wp-json\/wp\/v2\/media?parent=3930"}],"curies":[{"name":"wp","href":"https:\/\/api.w.org\/{rel}","templated":true}]}}