{"id":3924,"date":"2024-05-03T06:31:05","date_gmt":"2024-05-03T06:31:05","guid":{"rendered":"https:\/\/elfsight.com\/it\/?page_id=3924"},"modified":"2025-03-21T11:16:54","modified_gmt":"2025-03-21T11:16:54","slug":"magento","status":"publish","type":"page","link":"https:\/\/elfsight.com\/it\/business-hours-widget\/magento\/","title":{"rendered":"Business Hours &#8211; Magento"},"content":{"rendered":"\n<div class=\"application-platform-content-item-description application-platform-content-item\" id=\"description\" data-nav-section=\"description\"> <h2>Incorpora l&#8217;orario di lavoro su Magento con un&#8217;estensione Elfsight<\/h2> <p>Elfsight Business Hours per Magento \u00e8 un semplice widget senza codice che ti aiuta a costruire un biglietto da visita accattivante con le informazioni chiave sulla tua organizzazione. Puoi includere informazioni sul tuo attuale stato di disponibilit\u00e0 e fornire contatti per i tuoi clienti. Il widget ti consente di creare design accattivanti, in modo che i clienti possano esplorare facilmente tutte le informazioni richieste in breve o in modo pi\u00f9 dettagliato. <\/p><p>Lo straordinario widget \u00e8 dotato di una serie di modelli, in modo che tu possa scegliere l&#8217;opzione pi\u00f9 adatta per il tuo sito web. Ogni modello presenta varie impostazioni per aiutarti a creare un widget personalizzato con le opzioni necessarie come prenotazione e pulsanti di prenotazione che aumentano le vendite. Incorporare gli orari di lavoro e i contatti della tua azienda nel tuo sito web \u00e8 estremamente semplice con Elfsight che offre tutorial e guide facili da seguire. Qualsiasi utente pu\u00f2 creare e aggiungere gratuitamente il widget Orario lavorativo senza codice.<\/p> <p><b>Aggiungi dettagli aziendali al tuo sito web per intensificare i tassi di vendita e la fidelizzazione dei clienti. Fornisci facilmente informazioni chiave sulla tua attivit\u00e0 lavorativa. <\/b><\/p> <p>Con questo widget incorporato nel tuo sito web Magento, puoi rendere i tuoi clienti pi\u00f9 informati sulla tua attivit\u00e0 e aumentare le vendite. Esplora alcuni dei principali vantaggi per il tuo sito web dopo aver aggiunto il widget dei frame di lavoro senza codice. <\/p><ul><li><b>Aiuta i clienti a essere sempre puntuali. <\/b> Aumenta le vendite, grazie al fatto di essere sempre in contatto entro l&#8217;orario lavorativo corrispondente. I visitatori del tuo sito web vedranno i tuoi orari di apertura e diventeranno pi\u00f9 sicuri di effettuare un acquisto di successo quando necessario. <\/li><li><b>Evitate malintesi sul vostro orario di lavoro. <\/b> Mostrare i tuoi periodi di lavoro chiari ai clienti sul sito web li render\u00e0 pi\u00f9 fedeli alla tua organizzazione perch\u00e9 potranno pianificare una prenotazione o una visita presso di te. <\/li><li><b>Visualizza i dati di contatto in modo conveniente. <\/b> L&#8217;aggiunta dei dettagli di contatto al widget degli orari di apertura senza codice ti consente di effettuare le vendite pi\u00f9 velocemente. Dimostra che sei pronto a rispondere alle loro domande sui prodotti e servizi della tua azienda, ottenendo maggiore fiducia e prestigio. <\/li><\/ul><div class=\"faq\" data-component=\"FAQ\"><div class=\"faq-item\">\r\n\t\t\t\t\t<div class=\"faq-item-question\">\r\n\t\t\t\t\t\t<h3 class=\"faq-item-question-text\">Ci sono altri plugin per Magento che posso utilizzare sul mio sito per aumentare le vendite?<\/h3>\r\n\r\n\t\t\t\t\t\t<div class=\"faq-item-question-icon\"><\/div>\r\n\t\t\t\t\t<\/div>\r\n\r\n\t\t\t\t\t<div class=\"faq-item-answer\">\r\n\t\t\t\t\t\t<div class=\"faq-item-answer-text\">Possiamo fornire molti plugin per raggiungere qualsiasi tipo di obiettivo su il tuo sito. Controlla questi plugin, per favore: <a href=\"https:\/\/elfsight.com\/google-reviews-widget\/magento\/\" target=\"_blank\" rel=\"noopener\">Google Recensioni<\/a>, <a href=\"https:\/\/elfsight.com\/whatsapp-chat-widget\/magento\/\" target=\"_blank\" rel=\"noopener\">Chat di WhatsApp<\/a>, <a href=\"https:\/\/elfsight.com\/event-calendar-widget\/magento\/\" target=\"_blank\" rel=\"noopener\">Calendario eventi<\/a>, <a href=\"https:\/\/elfsight.com\/countdown-timer-widget\/magento\/\" target=\"_blank\" rel=\"noopener\">Conto alla rovescia<\/a>, <a href=\"https:\/\/elfsight.com\/qr-code-widget\/magento\/\" target=\"_blank\" rel=\"noopener\">QR Codice<\/a>. <\/div>\r\n\t\t\t\t\t<\/div>\r\n\t\t\t\t<\/div><div class=\"faq-item\">\r\n\t\t\t\t\t<div class=\"faq-item-question\">\r\n\t\t\t\t\t\t<h3 class=\"faq-item-question-text\">Come posso ottenere risultati con Business Hours su Magento?<\/h3>\r\n\r\n\t\t\t\t\t\t<div class=\"faq-item-question-icon\"><\/div>\r\n\t\t\t\t\t<\/div>\r\n\r\n\t\t\t\t\t<div class=\"faq-item-answer\">\r\n\t\t\t\t\t\t<div class=\"faq-item-answer-text\">Esistono molti scenari per migliorare i tassi di conversione e i numeri di vendita aggiungendo un plug-in Business Hours. Con i modelli di Elfsight per questo straordinario plugin per siti web, puoi scegliere una tattica aziendale personalizzata. Puoi mostrare informazioni estese sugli orari di apertura e sui modi per parlare con te o semplicemente incorporare un popup compatto sullo stato operativo. Puoi creare schede di contatto con il plug-in degli orari di apertura e aggiungerle alle aree preferibili del sito Web per attirare l&#8217;attenzione e informare i clienti sul tuo stato per aumentare le vendite. <\/div>\r\n\t\t\t\t\t<\/div>\r\n\t\t\t\t<\/div><div class=\"faq-item\">\r\n\t\t\t\t\t<div class=\"faq-item-question\">\r\n\t\t\t\t\t\t<h3 class=\"faq-item-question-text\">Come incorporare gratuitamente l'orario di lavoro nei siti Web Magento?<\/h3>\r\n\r\n\t\t\t\t\t\t<div class=\"faq-item-question-icon\"><\/div>\r\n\t\t\t\t\t<\/div>\r\n\r\n\t\t\t\t\t<div class=\"faq-item-answer\">\r\n\t\t\t\t\t\t<div class=\"faq-item-answer-text\"> L&#8217;incorporamento di un plug-in dell&#8217;orario di lavoro nel tuo sito Web Magento viene utilizzato per coinvolgere i clienti nella comunicazione e garantire le vendite. Qui puoi vedere brevi tutorial sull&#8217;aggiunta del plug-in degli orari di apertura al tuo sito web. <ol><li>Per incorporare gratuitamente un plugin Elfsight Business Hours in Magento, vai al sito web di Elfsight e crea un account. <\/li><li>Crea il plug-in gratuito per l&#8217;orario lavorativo adattandone l&#8217;aspetto e le impostazioni allo stile del tuo sito web Magento. <\/li><li>Dopo aver personalizzato il tuo orario lavorativo, copia lo snippet di codice speciale e incollalo nel tuo sito web Magento dove desideri che appaia il plug-in. <\/li><\/ol>Inserendo il tuo orario lavorativo senza codice nel tuo sito web Magento, aumenterai sicuramente il suo magnetismo visivo e aumenterai il coinvolgimento sostenibile dei clienti. Sperimenta i vantaggi dell&#8217;orario lavorativo di Elfsight senza alcun costo per te! <\/div>\r\n\t\t\t\t\t<\/div>\r\n\t\t\t\t<\/div><\/div><\/div> <div class=\"application-platform-content-item-features application-platform-content-item\" id=\"features\" data-nav-section=\"features\"> <h2>Queste sono solo alcune delle preziose funzionalit\u00e0 del widget:<\/h2> <ul><li>Visualizza la tua disponibilit\u00e0 attuale<\/li><li>Facile regolazione dei frame di lavoro<\/li><li>Configurazione per occasioni speciali<\/li><li>Stato della situazione in tempo reale<\/li><li>Tabella integrabile o stato compatto<\/li><\/ul> <p><a href=\"#demo\">Esamina tutte le opzioni di personalizzazione nella demo completa<\/a><\/p><\/div> <div class=\"application-platform-content-item-installation application-platform-content-item\" id=\"installation\" data-nav-section=\"installation\"> <h2>Come posso incorporare Business Ore di utilizzo del mio sito web Magento?<\/h2> <p>Basta soddisfare le linee guida riportate di seguito per il plug-in con il tempo di funzionamento. <\/p> <ol><li><b>Esegui il nostro editor e inizia a modellare il tuo plugin. <\/b><br> Trova il design e la funzionalit\u00e0 preferiti del plug-in e applica le correzioni. <\/li> <li><b>Ricevi il tuo codice di incorporamento individuale visualizzato nella finestra delle app Elfsight. <\/b><br> Non appena la definizione della tua soluzione personale per gli orari di attivit\u00e0 senza codice \u00e8 terminata, copia il codice personale nella casella visualizzata e conservalo per necessit\u00e0 successive. <\/li> <li><b>Avvia l&#8217;utilizzo dell&#8217;estensione sul tuo sito Magento. <\/b><br> Inserisci il codice copiato recentemente nel tuo sito e applica le modifiche. <\/li> <li><b>Fatto! L&#8217;integrazione del tuo no-code negli orari di apertura del sito web \u00e8 completamente completata. <\/b><br> Visita il tuo sito web per verificare le prestazioni dell&#8217;estensione dell&#8217;orario di apertura. <\/li><\/ol> <p>A condizione che tu abbia domande o incontri alcune complicazioni, sentiti libero di rivolgerti al nostro team di assistenza clienti. Il nostro personale \u00e8 ansioso di risolvere tutti i problemi che potresti avere con l&#8217;estensione per Magento. <\/p><\/div>\n","protected":false},"excerpt":{"rendered":"","protected":false},"author":9,"featured_media":0,"parent":3120,"menu_order":0,"comment_status":"closed","ping_status":"closed","template":"templates\/template-application-platform.php","meta":{"publish_to_discourse":"","publish_post_category":"","wpdc_auto_publish_overridden":"","wpdc_topic_tags":"","wpdc_pin_topic":"","wpdc_pin_until":"","discourse_post_id":"","discourse_permalink":"","wpdc_publishing_response":"","wpdc_publishing_error":"","footnotes":""},"class_list":["post-3924","page","type-page","status-publish","hentry"],"yoast_head":"<!-- This site is optimized with the Yoast SEO plugin v25.3.1 - https:\/\/yoast.com\/wordpress\/plugins\/seo\/ -->\n<title>Aggiungi orari lavorativi a Magento: incorpora estensioni gratuite per i siti<\/title>\n<meta name=\"description\" content=\"Aggiungi un widget Orario lavorativo personalizzabile a Magento per presentare lo stato della tua attivit\u00e0. Crea il tuo widget orario di lavoro personale nella demo.\" \/>\n<meta name=\"robots\" content=\"index, follow, max-snippet:-1, max-image-preview:large, max-video-preview:-1\" \/>\n<link rel=\"canonical\" href=\"https:\/\/elfsight.com\/it\/business-hours-widget\/magento\/\" \/>\n<meta property=\"og:locale\" content=\"it_IT\" \/>\n<meta property=\"og:type\" content=\"article\" \/>\n<meta property=\"og:title\" content=\"Aggiungi orari lavorativi a Magento: incorpora estensioni gratuite per i siti\" \/>\n<meta property=\"og:description\" content=\"Aggiungi un widget Orario lavorativo personalizzabile a Magento per presentare lo stato della tua attivit\u00e0. Crea il tuo widget orario di lavoro personale nella demo.\" \/>\n<meta property=\"og:url\" content=\"https:\/\/elfsight.com\/it\/business-hours-widget\/magento\/\" \/>\n<meta property=\"og:site_name\" content=\"Elfsight IT\" \/>\n<meta property=\"article:modified_time\" content=\"2025-03-21T11:16:54+00:00\" \/>\n<meta name=\"twitter:card\" content=\"summary_large_image\" \/>\n<meta name=\"twitter:label1\" content=\"Tempo di lettura stimato\" \/>\n\t<meta name=\"twitter:data1\" content=\"5 minuti\" \/>\n<!-- \/ Yoast SEO plugin. -->","yoast_head_json":{"title":"Aggiungi orari lavorativi a Magento: incorpora estensioni gratuite per i siti","description":"Aggiungi un widget Orario lavorativo personalizzabile a Magento per presentare lo stato della tua attivit\u00e0. Crea il tuo widget orario di lavoro personale nella demo.","robots":{"index":"index","follow":"follow","max-snippet":"max-snippet:-1","max-image-preview":"max-image-preview:large","max-video-preview":"max-video-preview:-1"},"canonical":"https:\/\/elfsight.com\/it\/business-hours-widget\/magento\/","og_locale":"it_IT","og_type":"article","og_title":"Aggiungi orari lavorativi a Magento: incorpora estensioni gratuite per i siti","og_description":"Aggiungi un widget Orario lavorativo personalizzabile a Magento per presentare lo stato della tua attivit\u00e0. Crea il tuo widget orario di lavoro personale nella demo.","og_url":"https:\/\/elfsight.com\/it\/business-hours-widget\/magento\/","og_site_name":"Elfsight IT","article_modified_time":"2025-03-21T11:16:54+00:00","twitter_card":"summary_large_image","twitter_misc":{"Tempo di lettura stimato":"5 minuti"},"schema":{"@context":"https:\/\/schema.org","@graph":[{"@type":"WebPage","@id":"https:\/\/elfsight.com\/it\/business-hours-widget\/magento\/","url":"https:\/\/elfsight.com\/it\/business-hours-widget\/magento\/","name":"Aggiungi orari lavorativi a Magento: incorpora estensioni gratuite per i siti","isPartOf":{"@id":"https:\/\/elfsight.com\/it\/#website"},"datePublished":"2024-05-03T06:31:05+00:00","dateModified":"2025-03-21T11:16:54+00:00","description":"Aggiungi un widget Orario lavorativo personalizzabile a Magento per presentare lo stato della tua attivit\u00e0. Crea il tuo widget orario di lavoro personale nella demo.","breadcrumb":{"@id":"https:\/\/elfsight.com\/it\/business-hours-widget\/magento\/#breadcrumb"},"inLanguage":"it-IT","potentialAction":[{"@type":"ReadAction","target":["https:\/\/elfsight.com\/it\/business-hours-widget\/magento\/"]}]},{"@type":"BreadcrumbList","@id":"https:\/\/elfsight.com\/it\/business-hours-widget\/magento\/#breadcrumb","itemListElement":[{"@type":"ListItem","position":1,"name":"Home","item":"https:\/\/elfsight.com\/it\/"},{"@type":"ListItem","position":2,"name":"Business Hours","item":"https:\/\/elfsight.com\/it\/business-hours-widget\/"},{"@type":"ListItem","position":3,"name":"Business Hours &#8211; Magento"}]},{"@type":"WebSite","@id":"https:\/\/elfsight.com\/it\/#website","url":"https:\/\/elfsight.com\/it\/","name":"Elfsight IT","description":"Just another Elfsight Sites site","potentialAction":[{"@type":"SearchAction","target":{"@type":"EntryPoint","urlTemplate":"https:\/\/elfsight.com\/it\/?s={search_term_string}"},"query-input":{"@type":"PropertyValueSpecification","valueRequired":true,"valueName":"search_term_string"}}],"inLanguage":"it-IT"}]}},"meta_box":{"industry":"","seo_heading":"","heading":"","description":"","cta_heading":"","cta_description":"","application":"3111","h1":"Estensione dell'orario lavorativo di Magento","h1_caption":"Mostra i tuoi orari di lavoro in un formato chiaro e accattivante per informare i visitatori della tua disponibilit\u00e0 nel tuo sito web Magento senza sforzo.","application_category":[],"applications_title":"","applications_request_title":"","applications_request_button_text":"","hero_text":"","hero_video":"","hero_video_schema_markup":"","selling_points_title":"","selling_points_caption":"","selling_points":[],"selling_points_cta_text":"","features_title":"","features":"","ed_cta_examples_text":"","ed_cta_examples_hidden":"","ed_cta_demo_text":"","ed_cta_demo_hidden":"","why_caption":"","why_editor_title":"","why_editor_text":"","why_team_title":"","why_team_text":"","why_service_title":"","why_service_text":"","template_catalog_visible":"0","template_catalog_title":"","template_catalog_text":"","template_catalog_categories_visible":"","demo_title":"Crea la tua estensione dell'orario lavorativo","demo_caption":"Configura il tuo orario lavorativo e aggiungilo gratuitamente al tuo sito Magento!","default_faq_hidden":"","app_template_category":[],"platform":"39","template_public_id":"","codecanyon_url":"","codecanyon_item_id":"","codecanyon_price":"","pricing_caption":"","pricing_elfsight_apps_hide_column":"","pricing_elfsight_apps_url":"","pricing_codecanyon_price_caption":"","integration_category":[],"integration_request_title":"","integration_request_cta":"","integration_platform":"","integrations":[],"platform_category":[],"video_schema_markup":"","price":"da $ 0 al mese","trial":"","benefits":[{"text":"Servizio di installazione gratuito"},{"text":"Assistenza clienti con esperienza"},{"text":"Garanzia di rimborso di 14 giorni"},{"text":"Sviluppo continuo"}],"button_url":"#demo","button_target_blank":"0","button_nofollow":"0","attributes":[{"name":"Installazioni"},{"name":"Reattivo","content":"S\u00cc"},{"name":"Browser compatibili","content":"Firefox, Safari, Opera, Chrome, Edge"}],"tags":[],"tags_disable_links":"0","hide_more_platforms":"0","video_object":"","demo_hide_cta":"0","demo_hide_cloud_options":"0","pricing_title":"","pricing":[{"pricing_icon":"platform","pricing_title":"Elfsight Apps","pricing_title_caption":"Software multipiattaforma adatto a qualsiasi sito web","pricing_price":"da $ 0 \/ mese","pricing_price_caption":"inizia con un piano gratuito","pricing_benefits":[{"text":"Siti web illimitati"},{"text":"Supporto professionale"},{"text":"Supporto gratuito per l'installazione"},{"text":"100% personalizzabile"}],"pricing_button_text":"Aggiungi al sito web","pricing_button_url":"#demo"}],"related_apps_title":"","related_apps_hidden":"0","author":"","image":[],"title":"","job":"","social_networks":[]},"_links":{"self":[{"href":"https:\/\/elfsight.com\/it\/wp-json\/wp\/v2\/pages\/3924","targetHints":{"allow":["GET"]}}],"collection":[{"href":"https:\/\/elfsight.com\/it\/wp-json\/wp\/v2\/pages"}],"about":[{"href":"https:\/\/elfsight.com\/it\/wp-json\/wp\/v2\/types\/page"}],"author":[{"embeddable":true,"href":"https:\/\/elfsight.com\/it\/wp-json\/wp\/v2\/users\/9"}],"replies":[{"embeddable":true,"href":"https:\/\/elfsight.com\/it\/wp-json\/wp\/v2\/comments?post=3924"}],"version-history":[{"count":2,"href":"https:\/\/elfsight.com\/it\/wp-json\/wp\/v2\/pages\/3924\/revisions"}],"predecessor-version":[{"id":9612,"href":"https:\/\/elfsight.com\/it\/wp-json\/wp\/v2\/pages\/3924\/revisions\/9612"}],"up":[{"embeddable":true,"href":"https:\/\/elfsight.com\/it\/wp-json\/wp\/v2\/pages\/3120"}],"wp:attachment":[{"href":"https:\/\/elfsight.com\/it\/wp-json\/wp\/v2\/media?parent=3924"}],"curies":[{"name":"wp","href":"https:\/\/api.w.org\/{rel}","templated":true}]}}