{"id":3922,"date":"2024-05-03T06:31:03","date_gmt":"2024-05-03T06:31:03","guid":{"rendered":"https:\/\/elfsight.com\/it\/?page_id=3922"},"modified":"2025-03-21T11:09:22","modified_gmt":"2025-03-21T11:09:22","slug":"drupal","status":"publish","type":"page","link":"https:\/\/elfsight.com\/it\/business-hours-widget\/drupal\/","title":{"rendered":"Business Hours &#8211; Drupal"},"content":{"rendered":"\n<div class=\"application-platform-content-item-description application-platform-content-item\" id=\"description\" data-nav-section=\"description\"> <h2>Incorpora l&#8217;orario lavorativo su Drupal con un modulo Elfsight<\/h2> <p>Elfsight Business Hours per Drupal \u00e8 un semplice widget senza codice che consente di progettare un simpatico biglietto da visita contenente i momenti chiave riguardanti il \u200b\u200bvostro lavoro. Puoi condividere informazioni sul tuo attuale stato di disponibilit\u00e0 e fornire contatti ai tuoi clienti. Il widget ti consente di inventare design accattivanti, in modo che i visitatori possano trovare facilmente tutte le informazioni necessarie in breve o pi\u00f9 in dettaglio. <\/p><p>Il meraviglioso widget offre una serie di modelli, cos\u00ec sei libero di selezionare l&#8217;opzione pi\u00f9 adatta per il tuo sito web. Ogni modello contiene impostazioni regolabili per aiutarti a creare un widget personale con le opzioni richieste come i pulsanti di ordine e registrazione che aumentano le vendite. Aggiungere l&#8217;orario di lavoro e le informazioni di contatto della tua azienda al tuo sito web \u00e8 facile con Elfsight grazie a tutorial chiari. Qualsiasi utente pu\u00f2 creare e incorporare gratuitamente il widget degli orari di apertura senza codice<\/p> <p><b>Utilizza i dettagli aziendali sul tuo sito web per migliorare le vendite e la soddisfazione del cliente. Condividi facilmente informazioni importanti sul tuo stato lavorativo. <\/b><\/p> <p>Con questo widget incorporato nel tuo sito Drupal, puoi rendere i tuoi clienti pi\u00f9 informati sul tuo programma aziendale e ottenere pi\u00f9 vendite. Scopri alcuni dei principali vantaggi per il tuo sito web quando aggiungi il widget dei frame di lavoro senza codice. <\/p><ul><li><b>Lascia che i tuoi clienti siano sempre puntuali. <\/b> Incrementa le vendite, rimanendo costantemente in contatto durante l&#8217;orario lavorativo indicato. I visitatori del tuo sito web vedranno i tuoi orari di apertura e saranno pi\u00f9 decisivi per effettuare un acquisto di successo quando ne avranno bisogno. <\/li><li><b>Evita confusione riguardo al tuo orario di lavoro. <\/b> Mostrare i tuoi periodi di lavoro dignitosi ai clienti sul sito web li render\u00e0 pi\u00f9 fedeli alla tua organizzazione poich\u00e9 potranno pianificare una prenotazione o una visita presso di te. <\/li><li><b>Mostra le informazioni di contatto in modo visibile. <\/b> L&#8217;aggiunta delle informazioni di contatto al widget degli orari di apertura senza codice ti consente di migliorare le vendite. Dimostra che sei qui per rispondere alle loro domande sui prodotti e servizi della tua azienda, ottenendo maggiore fiducia e approvazione. <\/li><\/ul><div class=\"faq\" data-component=\"FAQ\"><div class=\"faq-item\">\r\n\t\t\t\t\t<div class=\"faq-item-question\">\r\n\t\t\t\t\t\t<h3 class=\"faq-item-question-text\">Ci sono altri plugin per Drupal che posso aggiungere al mio sito per aumentare le vendite?<\/h3>\r\n\r\n\t\t\t\t\t\t<div class=\"faq-item-question-icon\"><\/div>\r\n\t\t\t\t\t<\/div>\r\n\r\n\t\t\t\t\t<div class=\"faq-item-answer\">\r\n\t\t\t\t\t\t<div class=\"faq-item-answer-text\">Possiamo concederti molti plugin per ottenere qualsiasi tipo di obiettivo sul tuo sito. Ad esempio: <a href=\"https:\/\/elfsight.com\/google-reviews-widget\/drupal\/\" target=\"_blank\" rel=\"noopener\">Google Recensioni<\/a>, <a href=\"https:\/\/elfsight.com\/whatsapp-chat-widget\/drupal\/\" target=\"_blank\" rel=\"noopener\">Chat di WhatsApp<\/a>, <a href=\"https:\/\/elfsight.com\/event-calendar-widget\/drupal\/\" target=\"_blank\" rel=\"noopener\">Calendario eventi<\/a>, <a href=\"https:\/\/elfsight.com\/countdown-timer-widget\/drupal\/\" target=\"_blank\" rel=\"noopener\">Conto alla rovescia<\/a>, <a href=\"https:\/\/elfsight.com\/qr-code-widget\/drupal\/\" target=\"_blank\" rel=\"noopener\">Codice QR<\/a>. <\/div>\r\n\t\t\t\t\t<\/div>\r\n\t\t\t\t<\/div><div class=\"faq-item\">\r\n\t\t\t\t\t<div class=\"faq-item-question\">\r\n\t\t\t\t\t\t<h3 class=\"faq-item-question-text\">Come posso ottenere risultati con Business Hours sul sito Drupal?<\/h3>\r\n\r\n\t\t\t\t\t\t<div class=\"faq-item-question-icon\"><\/div>\r\n\t\t\t\t\t<\/div>\r\n\r\n\t\t\t\t\t<div class=\"faq-item-answer\">\r\n\t\t\t\t\t\t<div class=\"faq-item-answer-text\">Esistono molti modi per aumentare le percentuali di successo e i risultati di vendita aggiungendo un plug-in Business Hours. Con i modelli di Elfsight per questo straordinario plugin per siti, \u00e8 possibile scegliere una soluzione aziendale individuale. Puoi visualizzare informazioni estese sugli orari di apertura o semplicemente incorporare un piccolo popup sullo stato dell&#8217;attivit\u00e0. Puoi creare schede di contatto con il plug-in Orario di lavoro e aggiungerle al sito Web per informare i clienti sulla tua attivit\u00e0. <\/div>\r\n\t\t\t\t\t<\/div>\r\n\t\t\t\t<\/div><div class=\"faq-item\">\r\n\t\t\t\t\t<div class=\"faq-item-question\">\r\n\t\t\t\t\t\t<h3 class=\"faq-item-question-text\">Come incorporare gratuitamente il plug-in Business Hours nei siti Web Drupal?<\/h3>\r\n\r\n\t\t\t\t\t\t<div class=\"faq-item-question-icon\"><\/div>\r\n\t\t\t\t\t<\/div>\r\n\r\n\t\t\t\t\t<div class=\"faq-item-answer\">\r\n\t\t\t\t\t\t<div class=\"faq-item-answer-text\">Incorporare un plug-in Business Hours nel tuo sito Web Drupal \u00e8 un modo semplice per attirare nuovi clienti e informarli sulla tua disponibilit\u00e0 per garantire vendite o offrire servizi. Ecco alcuni brevi tutorial su come aggiungere il plugin gratuito per gli orari di apertura al tuo sito web. <ol><li>Quando \u00e8 necessario incorporare un orario lavorativo senza codice Elfsight in Drupal, procedere al sito Web Elfsight e registrarsi. <\/li><li>Regola il plug-in Orario di apertura adattandone l&#8217;aspetto e le impostazioni per adattarlo al design del tuo sito Web Drupal. <\/li><li>Dopo aver modificato l&#8217;orario di lavoro, copia il codice speciale e incollalo nel tuo sito Drupal dove desideri che si trovi il plug-in. <\/li><\/ol>Inserendo l&#8217;orario lavorativo nel tuo sito Drupal, migliorerai sicuramente il suo aspetto visivo e ispirerai un coinvolgimento stabile dei clienti. Prova i vantaggi dell&#8217;Elfsight Business Hours senza alcun costo per te! <\/div>\r\n\t\t\t\t\t<\/div>\r\n\t\t\t\t<\/div><\/div><\/div> <div class=\"application-platform-content-item-features application-platform-content-item\" id=\"features\" data-nav-section=\"features\"> <h2>Le funzionalit\u00e0 widget pi\u00f9 importanti offerte<\/h2> <ul><li>Mostra lo stato attuale della tua azienda<\/li><li>Cancella regolazione del periodo lavorativo<\/li><li>Configurazione dei giorni festivi<\/li><li>Indicazione dell&#8217;attivit\u00e0 in tempo reale<\/li><li>Griglia inseribile o stato efficiente in termini di spazio<\/li><\/ul><p><a href=\"#demo\">Esamina tutte le opzioni di personalizzazione nella demo completa<\/a><\/p><\/div> <div class=\"application-platform-content-item-installation application-platform-content-item\" id=\"installation\" data-nav-section=\"installation\"> <h2>Come incorporo l&#8217;orario lavorativo nel mio sito web Drupal?<\/h2> <p>Segui semplicemente le linee guida di seguito per il plugin con i tuoi turni operativi. <\/p> <ol><li><b>Utilizza il nostro editor e inizia a dare forma al tuo plugin personalizzato. <\/b><br> Trova l&#8217;interfaccia e gli aspetti selezionati del plugin e applica le correzioni. <\/li> <li><b>Ricevi il tuo codice di incorporamento univoco che appare nel modulo speciale sulle app Elfsight. <\/b><br> Subito dopo aver completato la creazione della tua soluzione personale per le ore di attivit\u00e0 senza codice, copia il codice personale nel popup visualizzato e salvalo per un utilizzo futuro sul sito web. <\/li> <li><b>Inizia a utilizzare il plugin sul tuo sito Drupal. <\/b><br> Inserisci il codice copiato in precedenza nella tua pagina e applica le modifiche. <\/li> <li><b>L&#8217;impostazione dell&#8217;orario lavorativo senza codice \u00e8 stata completata. <\/b><br> Visita il tuo sito web per verificare il rendimento degli orari di apertura aggiunti. <\/li><\/ol> <p>In caso di difficolt\u00e0, sentiti libero di rivolgerti al nostro personale del servizio clienti. I nostri specialisti non vedono l&#8217;ora di risolvere tutte le domande che potresti avere con l&#8217;app per Drupal. <\/p><\/div>\n","protected":false},"excerpt":{"rendered":"","protected":false},"author":9,"featured_media":0,"parent":3120,"menu_order":0,"comment_status":"closed","ping_status":"closed","template":"templates\/template-application-platform.php","meta":{"publish_to_discourse":"","publish_post_category":"","wpdc_auto_publish_overridden":"","wpdc_topic_tags":"","wpdc_pin_topic":"","wpdc_pin_until":"","discourse_post_id":"","discourse_permalink":"","wpdc_publishing_response":"","wpdc_publishing_error":"","footnotes":""},"class_list":["post-3922","page","type-page","status-publish","hentry"],"yoast_head":"<!-- This site is optimized with the Yoast SEO plugin v25.3.1 - https:\/\/yoast.com\/wordpress\/plugins\/seo\/ -->\n<title>Aggiungi l&#039;orario lavorativo a Drupal: incorpora l&#039;orario lavorativo per i siti web<\/title>\n<meta name=\"description\" content=\"Metti un widget Orario lavorativo personalizzabile su Drupal per presentare lo stato della tua attivit\u00e0. Crea il tuo widget dell&#039;orario di lavoro con la demo.\" \/>\n<meta name=\"robots\" content=\"index, follow, max-snippet:-1, max-image-preview:large, max-video-preview:-1\" \/>\n<link rel=\"canonical\" href=\"https:\/\/elfsight.com\/it\/business-hours-widget\/drupal\/\" \/>\n<meta property=\"og:locale\" content=\"it_IT\" \/>\n<meta property=\"og:type\" content=\"article\" \/>\n<meta property=\"og:title\" content=\"Aggiungi l&#039;orario lavorativo a Drupal: incorpora l&#039;orario lavorativo per i siti web\" \/>\n<meta property=\"og:description\" content=\"Metti un widget Orario lavorativo personalizzabile su Drupal per presentare lo stato della tua attivit\u00e0. Crea il tuo widget dell&#039;orario di lavoro con la demo.\" \/>\n<meta property=\"og:url\" content=\"https:\/\/elfsight.com\/it\/business-hours-widget\/drupal\/\" \/>\n<meta property=\"og:site_name\" content=\"Elfsight IT\" \/>\n<meta property=\"article:modified_time\" content=\"2025-03-21T11:09:22+00:00\" \/>\n<meta name=\"twitter:card\" content=\"summary_large_image\" \/>\n<meta name=\"twitter:label1\" content=\"Tempo di lettura stimato\" \/>\n\t<meta name=\"twitter:data1\" content=\"5 minuti\" \/>\n<!-- \/ Yoast SEO plugin. -->","yoast_head_json":{"title":"Aggiungi l'orario lavorativo a Drupal: incorpora l'orario lavorativo per i siti web","description":"Metti un widget Orario lavorativo personalizzabile su Drupal per presentare lo stato della tua attivit\u00e0. Crea il tuo widget dell'orario di lavoro con la demo.","robots":{"index":"index","follow":"follow","max-snippet":"max-snippet:-1","max-image-preview":"max-image-preview:large","max-video-preview":"max-video-preview:-1"},"canonical":"https:\/\/elfsight.com\/it\/business-hours-widget\/drupal\/","og_locale":"it_IT","og_type":"article","og_title":"Aggiungi l'orario lavorativo a Drupal: incorpora l'orario lavorativo per i siti web","og_description":"Metti un widget Orario lavorativo personalizzabile su Drupal per presentare lo stato della tua attivit\u00e0. Crea il tuo widget dell'orario di lavoro con la demo.","og_url":"https:\/\/elfsight.com\/it\/business-hours-widget\/drupal\/","og_site_name":"Elfsight IT","article_modified_time":"2025-03-21T11:09:22+00:00","twitter_card":"summary_large_image","twitter_misc":{"Tempo di lettura stimato":"5 minuti"},"schema":{"@context":"https:\/\/schema.org","@graph":[{"@type":"WebPage","@id":"https:\/\/elfsight.com\/it\/business-hours-widget\/drupal\/","url":"https:\/\/elfsight.com\/it\/business-hours-widget\/drupal\/","name":"Aggiungi l'orario lavorativo a Drupal: incorpora l'orario lavorativo per i siti web","isPartOf":{"@id":"https:\/\/elfsight.com\/it\/#website"},"datePublished":"2024-05-03T06:31:03+00:00","dateModified":"2025-03-21T11:09:22+00:00","description":"Metti un widget Orario lavorativo personalizzabile su Drupal per presentare lo stato della tua attivit\u00e0. Crea il tuo widget dell'orario di lavoro con la demo.","breadcrumb":{"@id":"https:\/\/elfsight.com\/it\/business-hours-widget\/drupal\/#breadcrumb"},"inLanguage":"it-IT","potentialAction":[{"@type":"ReadAction","target":["https:\/\/elfsight.com\/it\/business-hours-widget\/drupal\/"]}]},{"@type":"BreadcrumbList","@id":"https:\/\/elfsight.com\/it\/business-hours-widget\/drupal\/#breadcrumb","itemListElement":[{"@type":"ListItem","position":1,"name":"Home","item":"https:\/\/elfsight.com\/it\/"},{"@type":"ListItem","position":2,"name":"Business Hours","item":"https:\/\/elfsight.com\/it\/business-hours-widget\/"},{"@type":"ListItem","position":3,"name":"Business Hours &#8211; Drupal"}]},{"@type":"WebSite","@id":"https:\/\/elfsight.com\/it\/#website","url":"https:\/\/elfsight.com\/it\/","name":"Elfsight IT","description":"Just another Elfsight Sites site","potentialAction":[{"@type":"SearchAction","target":{"@type":"EntryPoint","urlTemplate":"https:\/\/elfsight.com\/it\/?s={search_term_string}"},"query-input":{"@type":"PropertyValueSpecification","valueRequired":true,"valueName":"search_term_string"}}],"inLanguage":"it-IT"}]}},"meta_box":{"industry":"","seo_heading":"","heading":"","description":"","cta_heading":"","cta_description":"","application":"3111","h1":"Modulo Drupal Orario lavorativo","h1_caption":"Visualizza i tuoi orari di lavoro in un formato chiaro e accattivante per informare i visitatori della tua disponibilit\u00e0 nel tuo sito Drupal senza sforzo.","application_category":[],"applications_title":"","applications_request_title":"","applications_request_button_text":"","hero_text":"","hero_video":"","hero_video_schema_markup":"","selling_points_title":"","selling_points_caption":"","selling_points":[],"selling_points_cta_text":"","features_title":"","features":"","ed_cta_examples_text":"","ed_cta_examples_hidden":"","ed_cta_demo_text":"","ed_cta_demo_hidden":"","why_caption":"","why_editor_title":"","why_editor_text":"","why_team_title":"","why_team_text":"","why_service_title":"","why_service_text":"","template_catalog_visible":"0","template_catalog_title":"","template_catalog_text":"","template_catalog_categories_visible":"","demo_title":"Crea il tuo modulo Orario lavorativo","demo_caption":"Configura il tuo orario di lavoro e aggiungilo gratuitamente al tuo sito Drupal!","default_faq_hidden":"","app_template_category":[],"platform":"34","template_public_id":"","codecanyon_url":"","codecanyon_item_id":"","codecanyon_price":"","pricing_caption":"","pricing_elfsight_apps_hide_column":"","pricing_elfsight_apps_url":"","pricing_codecanyon_price_caption":"","integration_category":[],"integration_request_title":"","integration_request_cta":"","integration_platform":"","integrations":[],"platform_category":[],"video_schema_markup":"","price":"da $ 0 al mese","trial":"","benefits":[{"text":"Servizio di installazione gratuito"},{"text":"Servizio clienti professionale"},{"text":"Garanzia di rimborso di 14 giorni"},{"text":"Sviluppo continuo"}],"button_url":"#demo","button_target_blank":"0","button_nofollow":"0","attributes":[{"name":"Installazioni"},{"name":"Reattivo","content":"Il meglio per i dispositivi mobili"},{"name":"Browser compatibili","content":"Safari, Edge, Opera, Firefox, Chrome"}],"tags":[],"tags_disable_links":"0","hide_more_platforms":"0","video_object":"","demo_hide_cta":"0","demo_hide_cloud_options":"0","pricing_title":"","pricing":[{"pricing_icon":"platform","pricing_title":"Elfsight Apps","pricing_title_caption":"Soluzione indipendente dalla piattaforma adatta a qualsiasi sito web","pricing_price":"da $ 0 \/ mese","pricing_price_caption":"inizia con un piano gratuito","pricing_benefits":[{"text":"Siti web illimitati"},{"text":"Assistenza clienti veloce"},{"text":"Servizio di installazione gratuito"},{"text":"Completamente personalizzabile"}],"pricing_button_text":"Aggiungi al sito web","pricing_button_url":"#demo"}],"related_apps_title":"","related_apps_hidden":"0","author":"","image":[],"title":"","job":"","social_networks":[]},"_links":{"self":[{"href":"https:\/\/elfsight.com\/it\/wp-json\/wp\/v2\/pages\/3922","targetHints":{"allow":["GET"]}}],"collection":[{"href":"https:\/\/elfsight.com\/it\/wp-json\/wp\/v2\/pages"}],"about":[{"href":"https:\/\/elfsight.com\/it\/wp-json\/wp\/v2\/types\/page"}],"author":[{"embeddable":true,"href":"https:\/\/elfsight.com\/it\/wp-json\/wp\/v2\/users\/9"}],"replies":[{"embeddable":true,"href":"https:\/\/elfsight.com\/it\/wp-json\/wp\/v2\/comments?post=3922"}],"version-history":[{"count":2,"href":"https:\/\/elfsight.com\/it\/wp-json\/wp\/v2\/pages\/3922\/revisions"}],"predecessor-version":[{"id":9606,"href":"https:\/\/elfsight.com\/it\/wp-json\/wp\/v2\/pages\/3922\/revisions\/9606"}],"up":[{"embeddable":true,"href":"https:\/\/elfsight.com\/it\/wp-json\/wp\/v2\/pages\/3120"}],"wp:attachment":[{"href":"https:\/\/elfsight.com\/it\/wp-json\/wp\/v2\/media?parent=3922"}],"curies":[{"name":"wp","href":"https:\/\/api.w.org\/{rel}","templated":true}]}}