{"id":3916,"date":"2024-05-03T06:31:01","date_gmt":"2024-05-03T06:31:01","guid":{"rendered":"https:\/\/elfsight.com\/it\/?page_id=3916"},"modified":"2025-03-21T11:20:44","modified_gmt":"2025-03-21T11:20:44","slug":"opencart","status":"publish","type":"page","link":"https:\/\/elfsight.com\/it\/business-hours-widget\/opencart\/","title":{"rendered":"Business Hours &#8211; OpenCart"},"content":{"rendered":"\n<div class=\"application-platform-content-item-description application-platform-content-item\" id=\"description\" data-nav-section=\"description\"><h2>Incorpora l&#8217;orario lavorativo in OpenCart con un&#8217;estensione Elfsight<\/h2> <p>Elfsight Business Hours per OpenCart \u00e8 un semplice widget senza codice che consente di costruire un simpatico biglietto da visita con i dettagli pi\u00f9 significativi riguardanti la tua attivit\u00e0. Puoi aggiungere informazioni sul tuo attuale stato operativo e fornire contatti per il tuo pubblico. Il widget ti consente di progettare design accattivanti, in modo che i clienti possano esaminare rapidamente tutte le informazioni necessarie in breve o in modo pi\u00f9 dettagliato. <\/p><p>Il widget include una serie di modelli, in modo che tu possa scegliere l&#8217;opzione migliore per il tuo sito web. Ogni modello contiene impostazioni che ti consentono di creare un widget con le opzioni necessarie come i pulsanti CTA che aumentano le vendite. Incorporare gli orari di lavoro e i contatti della tua azienda nelle pagine del tuo sito web \u00e8 molto semplice con Elfsight che offre tutorial sul widget. Qualsiasi titolare di un sito web pu\u00f2 creare e incorporare gratuitamente il widget degli orari di apertura senza codice.<\/p> <p><b>Aggiungi dettagli aziendali al tuo sito web per aumentare le vendite e la credibilit\u00e0 dei clienti. Visualizza in modo ordinato informazioni significative sulla tua attivit\u00e0 lavorativa. <\/b><\/p> <p>Con questo widget incorporato nel tuo sito web OpenCart, puoi rendere i tuoi clienti pi\u00f9 informati sulla tua attivit\u00e0 commerciale e ottenere vendite regolari. Dai un&#8217;occhiata ad alcuni dei principali vantaggi per il tuo sito web dopo aver incorporato al suo interno il widget dei frame di lavoro senza codice. <\/p><ul><li><b>Aiuta i clienti a essere sempre puntuali. <\/b> Incrementa le vendite, rimanendo costantemente in contatto durante i periodi lavorativi indicati. I visitatori del tuo sito web vedranno i tuoi orari di apertura e avranno pi\u00f9 sicurezza per effettuare un acquisto di successo quando saranno pronti. <\/li><li><b>Evita confusione riguardo al tuo orario di lavoro. <\/b> Mostrare i tuoi periodi di lavoro semplici ai clienti sul sito web li render\u00e0 pi\u00f9 devoti alla tua organizzazione poich\u00e9 saranno in grado di pianificare un ordine o una visita presso di te. <\/li><li><b>Mostra i dati di contatto in modo chiaro. <\/b> L&#8217;aggiunta delle informazioni di contatto al widget degli orari di apertura senza codice ti consente di stabilire una migliore comunicazione con i tuoi clienti e di aumentare le vendite. Dimostra che sei pronto a rispondere alle loro domande sui prodotti e servizi della tua azienda, ottenendo maggiore fiducia e approvazione. <\/li><\/ul><div class=\"faq\" data-component=\"FAQ\"><div class=\"faq-item\">\r\n\t\t\t\t\t<div class=\"faq-item-question\">\r\n\t\t\t\t\t\t<h3 class=\"faq-item-question-text\">Ci sono altri plugin per OpenCart che posso avere sul mio sito?<\/h3>\r\n\r\n\t\t\t\t\t\t<div class=\"faq-item-question-icon\"><\/div>\r\n\t\t\t\t\t<\/div>\r\n\r\n\t\t\t\t\t<div class=\"faq-item-answer\">\r\n\t\t\t\t\t\t<div class=\"faq-item-answer-text\">Possiamo fornire molti plugin per raggiungere qualsiasi tipo di obiettivo sul tuo sito. Ad esempio: <a href=\"https:\/\/elfsight.com\/google-reviews-widget\/opencart\/\" target=\"_blank\" rel=\"noopener\">Google Recensioni<\/a>, <a href=\"https:\/\/elfsight.com\/whatsapp-chat-widget\/opencart\/\" target=\"_blank\" rel=\"noopener\">Chat di WhatsApp<\/a>, <a href=\"https:\/\/elfsight.com\/event-calendar-widget\/opencart\/\" target=\"_blank\" rel=\"noopener\">Calendario eventi<\/a>, <a href=\"https:\/\/elfsight.com\/countdown-timer-widget\/opencart\/\" target=\"_blank\" rel=\"noopener\">Conto alla rovescia<\/a>, <a href=\"https:\/\/elfsight.com\/qr-code-widget\/opencart\/\" target=\"_blank\" rel=\"noopener\">Codice QR.<\/a> <\/div>\r\n\t\t\t\t\t<\/div>\r\n\t\t\t\t<\/div><div class=\"faq-item\">\r\n\t\t\t\t\t<div class=\"faq-item-question\">\r\n\t\t\t\t\t\t<h3 class=\"faq-item-question-text\">Come posso ottenere risultati con l'orario di lavoro sul sito Web OpenCart?<\/h3>\r\n\r\n\t\t\t\t\t\t<div class=\"faq-item-question-icon\"><\/div>\r\n\t\t\t\t\t<\/div>\r\n\r\n\t\t\t\t\t<div class=\"faq-item-answer\">\r\n\t\t\t\t\t\t<div class=\"faq-item-answer-text\"> Accedi a molti scenari per migliorare le percentuali di successo e i risultati di vendita aggiungendo un plug-in dell&#8217;orario di lavoro. Con i modelli di Elfsight per questo meraviglioso plugin per siti, \u00e8 possibile scegliere una tattica aziendale individuale. Puoi mostrare informazioni estese sul tuo orario di lavoro e sui modi per contattarti o semplicemente incorporare un popup compatto sullo stato operativo. Puoi creare schede di contatto con il nostro plug-in Orario lavorativo e aggiungerle alle pagine del sito Web richieste per attirare l&#8217;attenzione e informare i clienti sulla tua attivit\u00e0 per ispirare le vendite. <\/div>\r\n\t\t\t\t\t<\/div>\r\n\t\t\t\t<\/div><div class=\"faq-item\">\r\n\t\t\t\t\t<div class=\"faq-item-question\">\r\n\t\t\t\t\t\t<h3 class=\"faq-item-question-text\">Come incorporare gratuitamente l'orario lavorativo senza codice nei siti Web OpenCart?<\/h3>\r\n\r\n\t\t\t\t\t\t<div class=\"faq-item-question-icon\"><\/div>\r\n\t\t\t\t\t<\/div>\r\n\r\n\t\t\t\t\t<div class=\"faq-item-answer\">\r\n\t\t\t\t\t\t<div class=\"faq-item-answer-text\"> Incorporare un plug-in orario lavorativo nel tuo sito Web OpenCart \u00e8 un modo perfetto per avviare la comunicazione con i clienti e informare loro del tuo tempo valido e lo status per effettuare vendite o fornire servizi. Ecco alcuni brevi tutorial su come aggiungere il plugin gratuito per gli orari di apertura al tuo sito web. <ol><li>Per incorporare gratuitamente un plug-in Elfsight Business Hours in OpenCart, procedi al sito Web Elfsight e registrati. <\/li><li>Crea il plug-in gratuito per l&#8217;orario di lavoro adattandone l&#8217;aspetto e le impostazioni in modo che corrispondano al design del tuo sito web. <\/li><li>Dopo aver modificato l&#8217;orario lavorativo, copia lo snippet di codice fornito e incollalo nel tuo sito web dove desideri che venga visualizzato il plug-in. <\/li><\/ol>Inserendo il tuo orario di lavoro nel tuo sito web OpenCart, fidelizzerai la continua fedelt\u00e0 dei visitatori. Scopri i vantaggi del plugin Elfsight Business Hours senza alcun costo per te! <\/div>\r\n\t\t\t\t\t<\/div>\r\n\t\t\t\t<\/div><\/div><\/div> <div class=\"application-platform-content-item-features application-platform-content-item\" id=\"features\" data-nav-section=\"features\"> <h2>Studia l&#8217;elenco delle funzionalit\u00e0 pi\u00f9 importanti:<\/h2> <ul><li>Dimostra la disponibilit\u00e0 in tempo reale della tua organizzazione<\/li><li>Configurazione semplice dell&#8217;orario<\/li><li>Configurazione eventi celebrativi<\/li><li>Indicazione dello stato in tempo reale<\/li><li>Grafico incorporabile o stato compatto<\/li><\/ul><p><a href=\"#demo\">Puoi vedere quanto vale il widget provando la demo<\/a><\/p><\/div> <div class=\"application-platform-content-item-installation application-platform-content-item\" id=\"installation\" data-nav-section=\"installation\"> <h2>Come puoi Aggiungo l&#8217;orario lavorativo al mio sito Web OpenCart?<\/h2> <p>Segui semplicemente i passaggi descritti di seguito per integrare il plug-in con i tuoi turni operativi. <\/p> <ol><li><b>Utilizza il nostro configuratore e inizia a creare il tuo plugin personalizzato. <\/b><br> Specifica il layout preferibile e le specifiche del plugin e applica le correzioni. <\/li> <li><b>Acquisisci il codice individuale esposto nell&#8217;apposito form su Elfsight Apps. <\/b><br> Subito dopo che la generazione della tua app per le ore di attivit\u00e0 senza codice \u00e8 terminata, copia il codice individuale dalla casella visualizzata e conservalo per il futuro. <\/li> <li><b>Inizia a utilizzare il plug-in sulle tue pagine OpenCart. <\/b><br> Incorpora il codice che hai copiato in precedenza nel tuo sito e salva le correzioni. <\/li> <li><b>Il gioco \u00e8 fatto! L&#8217;incorporazione del tuo orario lavorativo senza codice \u00e8 completamente terminata. <\/b><br> Vai al tuo sito web per vedere in azione il lavoro dell&#8217;app per gli orari di apertura aggiunti. <\/li><\/ol> <p>Se hai domande o incontri ostacoli, non esitare a rivolgerti al nostro personale di supporto. Il nostro personale sar\u00e0 entusiasta di aiutarti con tutti i problemi che potresti avere con il prodotto per OpenCart. <\/p><\/div>\n","protected":false},"excerpt":{"rendered":"","protected":false},"author":9,"featured_media":0,"parent":3120,"menu_order":0,"comment_status":"closed","ping_status":"closed","template":"templates\/template-application-platform.php","meta":{"publish_to_discourse":"","publish_post_category":"","wpdc_auto_publish_overridden":"","wpdc_topic_tags":"","wpdc_pin_topic":"","wpdc_pin_until":"","discourse_post_id":"","discourse_permalink":"","wpdc_publishing_response":"","wpdc_publishing_error":"","footnotes":""},"class_list":["post-3916","page","type-page","status-publish","hentry"],"yoast_head":"<!-- This site is optimized with the Yoast SEO plugin v25.3.1 - https:\/\/yoast.com\/wordpress\/plugins\/seo\/ -->\n<title>Aggiungi orari lavorativi a OpenCart: incorpora orari gratuiti senza codice<\/title>\n<meta name=\"description\" content=\"Integra un widget Orario lavorativo personalizzabile in OpenCart per condividere lo stato della tua attivit\u00e0. Crea il tuo orario di lavoro nella demo.\" \/>\n<meta name=\"robots\" content=\"index, follow, max-snippet:-1, max-image-preview:large, max-video-preview:-1\" \/>\n<link rel=\"canonical\" href=\"https:\/\/elfsight.com\/it\/business-hours-widget\/opencart\/\" \/>\n<meta property=\"og:locale\" content=\"it_IT\" \/>\n<meta property=\"og:type\" content=\"article\" \/>\n<meta property=\"og:title\" content=\"Aggiungi orari lavorativi a OpenCart: incorpora orari gratuiti senza codice\" \/>\n<meta property=\"og:description\" content=\"Integra un widget Orario lavorativo personalizzabile in OpenCart per condividere lo stato della tua attivit\u00e0. Crea il tuo orario di lavoro nella demo.\" \/>\n<meta property=\"og:url\" content=\"https:\/\/elfsight.com\/it\/business-hours-widget\/opencart\/\" \/>\n<meta property=\"og:site_name\" content=\"Elfsight IT\" \/>\n<meta property=\"article:modified_time\" content=\"2025-03-21T11:20:44+00:00\" \/>\n<meta name=\"twitter:card\" content=\"summary_large_image\" \/>\n<meta name=\"twitter:label1\" content=\"Tempo di lettura stimato\" \/>\n\t<meta name=\"twitter:data1\" content=\"5 minuti\" \/>\n<!-- \/ Yoast SEO plugin. -->","yoast_head_json":{"title":"Aggiungi orari lavorativi a OpenCart: incorpora orari gratuiti senza codice","description":"Integra un widget Orario lavorativo personalizzabile in OpenCart per condividere lo stato della tua attivit\u00e0. Crea il tuo orario di lavoro nella demo.","robots":{"index":"index","follow":"follow","max-snippet":"max-snippet:-1","max-image-preview":"max-image-preview:large","max-video-preview":"max-video-preview:-1"},"canonical":"https:\/\/elfsight.com\/it\/business-hours-widget\/opencart\/","og_locale":"it_IT","og_type":"article","og_title":"Aggiungi orari lavorativi a OpenCart: incorpora orari gratuiti senza codice","og_description":"Integra un widget Orario lavorativo personalizzabile in OpenCart per condividere lo stato della tua attivit\u00e0. Crea il tuo orario di lavoro nella demo.","og_url":"https:\/\/elfsight.com\/it\/business-hours-widget\/opencart\/","og_site_name":"Elfsight IT","article_modified_time":"2025-03-21T11:20:44+00:00","twitter_card":"summary_large_image","twitter_misc":{"Tempo di lettura stimato":"5 minuti"},"schema":{"@context":"https:\/\/schema.org","@graph":[{"@type":"WebPage","@id":"https:\/\/elfsight.com\/it\/business-hours-widget\/opencart\/","url":"https:\/\/elfsight.com\/it\/business-hours-widget\/opencart\/","name":"Aggiungi orari lavorativi a OpenCart: incorpora orari gratuiti senza codice","isPartOf":{"@id":"https:\/\/elfsight.com\/it\/#website"},"datePublished":"2024-05-03T06:31:01+00:00","dateModified":"2025-03-21T11:20:44+00:00","description":"Integra un widget Orario lavorativo personalizzabile in OpenCart per condividere lo stato della tua attivit\u00e0. Crea il tuo orario di lavoro nella demo.","breadcrumb":{"@id":"https:\/\/elfsight.com\/it\/business-hours-widget\/opencart\/#breadcrumb"},"inLanguage":"it-IT","potentialAction":[{"@type":"ReadAction","target":["https:\/\/elfsight.com\/it\/business-hours-widget\/opencart\/"]}]},{"@type":"BreadcrumbList","@id":"https:\/\/elfsight.com\/it\/business-hours-widget\/opencart\/#breadcrumb","itemListElement":[{"@type":"ListItem","position":1,"name":"Home","item":"https:\/\/elfsight.com\/it\/"},{"@type":"ListItem","position":2,"name":"Business Hours","item":"https:\/\/elfsight.com\/it\/business-hours-widget\/"},{"@type":"ListItem","position":3,"name":"Business Hours &#8211; OpenCart"}]},{"@type":"WebSite","@id":"https:\/\/elfsight.com\/it\/#website","url":"https:\/\/elfsight.com\/it\/","name":"Elfsight IT","description":"Just another Elfsight Sites site","potentialAction":[{"@type":"SearchAction","target":{"@type":"EntryPoint","urlTemplate":"https:\/\/elfsight.com\/it\/?s={search_term_string}"},"query-input":{"@type":"PropertyValueSpecification","valueRequired":true,"valueName":"search_term_string"}}],"inLanguage":"it-IT"}]}},"meta_box":{"industry":"","seo_heading":"","heading":"","description":"","cta_heading":"","cta_description":"","application":"3111","h1":"Estensione dell'orario lavorativo di OpenCart","h1_caption":"Visualizza i tuoi orari di lavoro in un formato chiaro e accattivante per informare i visitatori della tua disponibilit\u00e0 nel tuo sito Web Opencart senza sforzo.","application_category":[],"applications_title":"","applications_request_title":"","applications_request_button_text":"","hero_text":"","hero_video":"","hero_video_schema_markup":"","selling_points_title":"","selling_points_caption":"","selling_points":[],"selling_points_cta_text":"","features_title":"","features":"","ed_cta_examples_text":"","ed_cta_examples_hidden":"","ed_cta_demo_text":"","ed_cta_demo_hidden":"","why_caption":"","why_editor_title":"","why_editor_text":"","why_team_title":"","why_team_text":"","why_service_title":"","why_service_text":"","template_catalog_visible":"0","template_catalog_title":"","template_catalog_text":"","template_catalog_categories_visible":"","demo_title":"Crea la tua estensione dell'orario lavorativo","demo_caption":"Configura il tuo orario lavorativo e aggiungilo gratuitamente al tuo sito Web OpenCart!","default_faq_hidden":"","app_template_category":[],"platform":"41","template_public_id":"","codecanyon_url":"","codecanyon_item_id":"","codecanyon_price":"","pricing_caption":"","pricing_elfsight_apps_hide_column":"","pricing_elfsight_apps_url":"","pricing_codecanyon_price_caption":"","integration_category":[],"integration_request_title":"","integration_request_cta":"","integration_platform":"","integrations":[],"platform_category":[],"video_schema_markup":"","price":"da $ 0 al mese","trial":"","benefits":[{"text":"Assistenza per l'installazione gratuita"},{"text":"Servizio clienti professionale"},{"text":"Garanzia di rimborso di 14 giorni"},{"text":"Miglioramenti gratuiti continui"}],"button_url":"#demo","button_target_blank":"0","button_nofollow":"0","attributes":[{"name":"Installazioni"},{"name":"Reattivo","content":"S\u00cc"},{"name":"Browser compatibili","content":"Firefox, Safari, Opera, Chrome, Edge"}],"tags":[],"tags_disable_links":"0","hide_more_platforms":"0","video_object":"","demo_hide_cta":"0","demo_hide_cloud_options":"0","pricing_title":"","pricing":[{"pricing_icon":"platform","pricing_title":"Elfsight Apps","pricing_title_caption":"Software multipiattaforma adatto a qualsiasi sito web","pricing_price":"da $ 0 \/ mese","pricing_price_caption":"inizia con un piano gratuito","pricing_benefits":[{"text":"Siti web illimitati"},{"text":"Supporto aziendale gratuito"},{"text":"Supporto gratuito per l'installazione"},{"text":"100% personalizzabile"}],"pricing_button_text":"Aggiungi al sito web","pricing_button_url":"#demo"}],"related_apps_title":"","related_apps_hidden":"0","author":"","image":[],"title":"","job":"","social_networks":[]},"_links":{"self":[{"href":"https:\/\/elfsight.com\/it\/wp-json\/wp\/v2\/pages\/3916","targetHints":{"allow":["GET"]}}],"collection":[{"href":"https:\/\/elfsight.com\/it\/wp-json\/wp\/v2\/pages"}],"about":[{"href":"https:\/\/elfsight.com\/it\/wp-json\/wp\/v2\/types\/page"}],"author":[{"embeddable":true,"href":"https:\/\/elfsight.com\/it\/wp-json\/wp\/v2\/users\/9"}],"replies":[{"embeddable":true,"href":"https:\/\/elfsight.com\/it\/wp-json\/wp\/v2\/comments?post=3916"}],"version-history":[{"count":2,"href":"https:\/\/elfsight.com\/it\/wp-json\/wp\/v2\/pages\/3916\/revisions"}],"predecessor-version":[{"id":9615,"href":"https:\/\/elfsight.com\/it\/wp-json\/wp\/v2\/pages\/3916\/revisions\/9615"}],"up":[{"embeddable":true,"href":"https:\/\/elfsight.com\/it\/wp-json\/wp\/v2\/pages\/3120"}],"wp:attachment":[{"href":"https:\/\/elfsight.com\/it\/wp-json\/wp\/v2\/media?parent=3916"}],"curies":[{"name":"wp","href":"https:\/\/api.w.org\/{rel}","templated":true}]}}