{"id":3915,"date":"2024-05-03T06:31:00","date_gmt":"2024-05-03T06:31:00","guid":{"rendered":"https:\/\/elfsight.com\/it\/?page_id=3915"},"modified":"2025-03-21T11:14:34","modified_gmt":"2025-03-21T11:14:34","slug":"jquery","status":"publish","type":"page","link":"https:\/\/elfsight.com\/it\/business-hours-widget\/jquery\/","title":{"rendered":"Business Hours &#8211; jQuery"},"content":{"rendered":"\n<div class=\"application-platform-content-item-description application-platform-content-item\" id=\"description\" data-nav-section=\"description\"><h2>Incorpora l&#8217;orario lavorativo in jQuery con un plugin Elfsight<\/h2> <p>Elfsight Business Hours per jQuery \u00e8 un semplice widget senza codice che ti aiuta a creare un simpatico biglietto da visita contenente i dati pi\u00f9 significativi del tuo lavoro. Puoi condividere informazioni sul tuo stato di disponibilit\u00e0 e abilitare contatti per i tuoi clienti. Il widget ti consente di progettare progetti convenienti, in modo che i visitatori possano esaminare rapidamente tutte le informazioni necessarie brevemente o pi\u00f9 in dettaglio. <\/p><p>Lo straordinario widget include alcuni modelli, in modo che tu possa scegliere l&#8217;opzione pi\u00f9 adatta per il tuo sito web. Ogni modello presenta impostazioni flessibili per aiutarti a creare un widget personale con le opzioni necessarie che aumentano le vendite. Incorporare l&#8217;orario di lavoro nelle pagine del tuo sito web \u00e8 totalmente semplice con Elfsight che offre tutorial chiari sul widget. Qualsiasi editor di siti web pu\u00f2 sviluppare e aggiungere gratuitamente il widget Orario di apertura senza codice.<\/p> <p><b>Aggiungi dettagli aziendali al tuo sito web per intensificare le vendite e la fidelizzazione dei clienti. Fornisci chiaramente le informazioni chiave sul tuo stato lavorativo. <\/b><\/p> <p>Con questo widget incorporato nel tuo sito web jQuery, informi i clienti sul tuo programma aziendale assicurando pi\u00f9 vendite. Presta attenzione ad alcuni dei vantaggi pi\u00f9 tipici del tuo sito web quando inserisci il widget dei frame di lavoro gratuiti. <\/p><ul><li><b>Aiuta i clienti a essere sempre puntuali. <\/b> Aumenta le vendite, grazie al costante contatto all&#8217;interno dei rispettivi ambiti lavorativi. I visitatori del tuo sito web terranno conto delle tue ore di attivit\u00e0 e diventeranno pi\u00f9 decisivi per effettuare un acquisto di successo quando necessario. <\/li><li><b>Evita confusione riguardo al tuo orario di lavoro. <\/b> Fornire i tuoi orari di lavoro corretti ai clienti sul sito web li render\u00e0 pi\u00f9 devoti alla tua azienda poich\u00e9 saranno in grado di pianificare una prenotazione o una visita presso di te. <\/li><li><b>Fornire i contatti in modo chiaro. <\/b> L&#8217;aggiunta dei dati di contatto al widget degli orari di apertura senza codice ti consente di stabilire comunicazioni ed effettuare vendite pi\u00f9 velocemente. Dimostra che sei qui per rispondere alle loro domande sui prodotti e servizi della tua azienda, ottenendo cos\u00ec maggiore lealt\u00e0 e rispetto. <\/li><\/ul><div class=\"faq\" data-component=\"FAQ\"><div class=\"faq-item\">\r\n\t\t\t\t\t<div class=\"faq-item-question\">\r\n\t\t\t\t\t\t<h3 class=\"faq-item-question-text\">Offrite altri plugin per jQuery che posso incorporare nel mio sito web?<\/h3>\r\n\r\n\t\t\t\t\t\t<div class=\"faq-item-question-icon\"><\/div>\r\n\t\t\t\t\t<\/div>\r\n\r\n\t\t\t\t\t<div class=\"faq-item-answer\">\r\n\t\t\t\t\t\t<div class=\"faq-item-answer-text\">Possiamo offrirvi molti plugin per raggiungere qualsiasi tipo di obiettivo su il tuo sito. Verifica tu stesso: <a href=\"https:\/\/elfsight.com\/google-reviews-widget\/jquery\/\" target=\"_blank\" rel=\"noopener\">Google Recensioni<\/a>, <a href=\"https:\/\/elfsight.com\/whatsapp-chat-widget\/jquery\/\" target=\"_blank\" rel=\"noopener\">Chat di WhatsApp<\/a>, <a href=\"https:\/\/elfsight.com\/event-calendar-widget\/jquery\/\" target=\"_blank\" rel=\"noopener\">Calendario eventi<\/a>, <a href=\"https:\/\/elfsight.com\/countdown-timer-widget\/jquery\/\" target=\"_blank \" rel=\"noopener\">Conto alla rovescia<\/a>, <a href=\"https:\/\/elfsight.com\/qr-code-widget\/jquery\/\" target=\"_blank\" rel=\"noopener\">Codice QR<\/a>. <\/div>\r\n\t\t\t\t\t<\/div>\r\n\t\t\t\t<\/div><div class=\"faq-item\">\r\n\t\t\t\t\t<div class=\"faq-item-question\">\r\n\t\t\t\t\t\t<h3 class=\"faq-item-question-text\">Come posso utilizzare Business Hours su jQuery?<\/h3>\r\n\r\n\t\t\t\t\t\t<div class=\"faq-item-question-icon\"><\/div>\r\n\t\t\t\t\t<\/div>\r\n\r\n\t\t\t\t\t<div class=\"faq-item-answer\">\r\n\t\t\t\t\t\t<div class=\"faq-item-answer-text\">Esistono molti scenari per migliorare le percentuali di successo e i risultati di vendita aggiungendo un plug-in Business Hours. Con i modelli di Elfsight per questo fantastico plugin per siti, puoi scegliere una strategia aziendale personale. Puoi dimostrare informazioni dettagliate sul tuo orario di lavoro e sugli strumenti per stabilire una comunicazione con te o semplicemente incorporare una barra di stato attuale minimalista. Puoi creare schede di contatto con il plug-in Orario di lavoro e aggiungerle alle aree preferibili del sito Web per attirare l&#8217;attenzione e informare tutti sul tuo stato per ispirare le vendite. <\/div>\r\n\t\t\t\t\t<\/div>\r\n\t\t\t\t<\/div><div class=\"faq-item\">\r\n\t\t\t\t\t<div class=\"faq-item-question\">\r\n\t\t\t\t\t\t<h3 class=\"faq-item-question-text\">Come incorporare gratuitamente l'orario lavorativo nei siti Web jQuery?<\/h3>\r\n\r\n\t\t\t\t\t\t<div class=\"faq-item-question-icon\"><\/div>\r\n\t\t\t\t\t<\/div>\r\n\r\n\t\t\t\t\t<div class=\"faq-item-answer\">\r\n\t\t\t\t\t\t<div class=\"faq-item-answer-text\"> Incorporare un plug-in Orario lavorativo nel tuo sito Web jQuery \u00e8 un ottimo metodo per coinvolgere i clienti nella comunicazione e informarli della tua disponibilit\u00e0 a garantire vendite o rendere servizi. Trova i tutorial su come aggiungere il plug-in gratuito per gli orari di apertura senza codice al tuo sito web. <ol><li>Per incorporare gratuitamente un plugin Elfsight Business Hours in jQuery, vai al sito web di Elfsight e crea un account. <\/li><li>Crea il plug-in gratuito per l&#8217;orario lavorativo senza codice adattandone l&#8217;aspetto e le impostazioni per fonderlo con lo stile del tuo sito web. <\/li><li>Dopo aver modificato l&#8217;orario lavorativo, copia lo snippet di codice specifico e incollalo nell&#8217;HTML del tuo sito web dove desideri che venga visualizzato il plug-in. <\/li><\/ol>Inserendo l&#8217;orario lavorativo nel tuo sito web jQuery, migliorerai il suo aspetto visivo e motiverai il coinvolgimento continuo dei clienti. Scopri i vantaggi del plugin Elfsight Business Hours senza alcun costo per te! <\/div>\r\n\t\t\t\t\t<\/div>\r\n\t\t\t\t<\/div><\/div><\/div> <div class=\"application-platform-content-item-features application-platform-content-item\" id=\"features\" data-nav-section=\"features\"> <h2>Queste sono solo alcune delle numerose funzionalit\u00e0 del widget:<\/h2> <ul><li>Visualizza la disponibilit\u00e0 in tempo reale della tua azienda <\/li><li>Cancella modifica dell&#8217;orario<\/li><li>Configurazione di occasioni speciali<\/li><li>Stato dell&#8217;attivit\u00e0 in tempo reale<\/li><li>Grafico inseribile o stato efficiente in termini di spazio<\/li> <\/ul><p><a href=\"#demo\">Esamina tutte le impostazioni nella demo completa<\/a><\/p> <\/div> <div class=\"application-platform-content-item-installation application-platform-content-item\" id=\"installation\" data-nav-section=\"installation\"> <h2>Come fare Aggiungere l&#8217;orario lavorativo al mio sito web jQuery?<\/h2> <p>Esegui semplicemente i passaggi presentati di seguito per accedere al plug-in con il tuo stato di funzionamento. <\/p> <ol><li><b>Utilizza la nostra demo e inizia a dare forma al tuo plugin senza codice personalizzato. <\/b><br> Trova il modulo e i parametri adatti del plugin e applica le modifiche. <\/li> <li><b>Ricevi il tuo codice individuale che viene mostrato nella finestra sulle app Elfsight. <\/b><br> Dopo aver creato il tuo plug-in personale per le ore di attivit\u00e0 senza codice, copia il codice individuale nella casella emersa e salvalo per un uso successivo. <\/li> <li><b>Inizia a utilizzare l&#8217;app sul sito jQuery. <\/b><br> Inserisci il codice che hai salvato in precedenza nella tua home page e applica le correzioni. <\/li> <li><b>Il gioco \u00e8 fatto! La configurazione dell&#8217;orario lavorativo senza codice \u00e8 stata completata con successo. <\/b><br> Vai al tuo sito per osservare il funzionamento del plugin degli orari di apertura. <\/li><\/ol> <p>Se dovessi riscontrare difficolt\u00e0, non esitare a scrivere al nostro team di supporto. I nostri consulenti saranno lieti di aiutarti con tutte le domande che potresti avere sul plugin per jQuery. <\/p> <\/div>\n","protected":false},"excerpt":{"rendered":"","protected":false},"author":9,"featured_media":0,"parent":3120,"menu_order":0,"comment_status":"closed","ping_status":"closed","template":"templates\/template-application-platform.php","meta":{"publish_to_discourse":"","publish_post_category":"","wpdc_auto_publish_overridden":"","wpdc_topic_tags":"","wpdc_pin_topic":"","wpdc_pin_until":"","discourse_post_id":"","discourse_permalink":"","wpdc_publishing_response":"","wpdc_publishing_error":"","footnotes":""},"class_list":["post-3915","page","type-page","status-publish","hentry"],"yoast_head":"<!-- This site is optimized with the Yoast SEO plugin v25.3.1 - https:\/\/yoast.com\/wordpress\/plugins\/seo\/ -->\n<title>Aggiungi orari lavorativi a jQuery: incorpora facilmente orari di lavoro gratuiti<\/title>\n<meta name=\"description\" content=\"Integra un widget Orario lavorativo personalizzabile in jQuery per presentare lo stato della tua attivit\u00e0. Crea il tuo orario di lavoro utilizzando la demo.\" \/>\n<meta name=\"robots\" content=\"index, follow, max-snippet:-1, max-image-preview:large, max-video-preview:-1\" \/>\n<link rel=\"canonical\" href=\"https:\/\/elfsight.com\/it\/business-hours-widget\/jquery\/\" \/>\n<meta property=\"og:locale\" content=\"it_IT\" \/>\n<meta property=\"og:type\" content=\"article\" \/>\n<meta property=\"og:title\" content=\"Aggiungi orari lavorativi a jQuery: incorpora facilmente orari di lavoro gratuiti\" \/>\n<meta property=\"og:description\" content=\"Integra un widget Orario lavorativo personalizzabile in jQuery per presentare lo stato della tua attivit\u00e0. Crea il tuo orario di lavoro utilizzando la demo.\" \/>\n<meta property=\"og:url\" content=\"https:\/\/elfsight.com\/it\/business-hours-widget\/jquery\/\" \/>\n<meta property=\"og:site_name\" content=\"Elfsight IT\" \/>\n<meta property=\"article:modified_time\" content=\"2025-03-21T11:14:34+00:00\" \/>\n<meta name=\"twitter:card\" content=\"summary_large_image\" \/>\n<meta name=\"twitter:label1\" content=\"Tempo di lettura stimato\" \/>\n\t<meta name=\"twitter:data1\" content=\"5 minuti\" \/>\n<!-- \/ Yoast SEO plugin. -->","yoast_head_json":{"title":"Aggiungi orari lavorativi a jQuery: incorpora facilmente orari di lavoro gratuiti","description":"Integra un widget Orario lavorativo personalizzabile in jQuery per presentare lo stato della tua attivit\u00e0. Crea il tuo orario di lavoro utilizzando la demo.","robots":{"index":"index","follow":"follow","max-snippet":"max-snippet:-1","max-image-preview":"max-image-preview:large","max-video-preview":"max-video-preview:-1"},"canonical":"https:\/\/elfsight.com\/it\/business-hours-widget\/jquery\/","og_locale":"it_IT","og_type":"article","og_title":"Aggiungi orari lavorativi a jQuery: incorpora facilmente orari di lavoro gratuiti","og_description":"Integra un widget Orario lavorativo personalizzabile in jQuery per presentare lo stato della tua attivit\u00e0. Crea il tuo orario di lavoro utilizzando la demo.","og_url":"https:\/\/elfsight.com\/it\/business-hours-widget\/jquery\/","og_site_name":"Elfsight IT","article_modified_time":"2025-03-21T11:14:34+00:00","twitter_card":"summary_large_image","twitter_misc":{"Tempo di lettura stimato":"5 minuti"},"schema":{"@context":"https:\/\/schema.org","@graph":[{"@type":"WebPage","@id":"https:\/\/elfsight.com\/it\/business-hours-widget\/jquery\/","url":"https:\/\/elfsight.com\/it\/business-hours-widget\/jquery\/","name":"Aggiungi orari lavorativi a jQuery: incorpora facilmente orari di lavoro gratuiti","isPartOf":{"@id":"https:\/\/elfsight.com\/it\/#website"},"datePublished":"2024-05-03T06:31:00+00:00","dateModified":"2025-03-21T11:14:34+00:00","description":"Integra un widget Orario lavorativo personalizzabile in jQuery per presentare lo stato della tua attivit\u00e0. Crea il tuo orario di lavoro utilizzando la demo.","breadcrumb":{"@id":"https:\/\/elfsight.com\/it\/business-hours-widget\/jquery\/#breadcrumb"},"inLanguage":"it-IT","potentialAction":[{"@type":"ReadAction","target":["https:\/\/elfsight.com\/it\/business-hours-widget\/jquery\/"]}]},{"@type":"BreadcrumbList","@id":"https:\/\/elfsight.com\/it\/business-hours-widget\/jquery\/#breadcrumb","itemListElement":[{"@type":"ListItem","position":1,"name":"Home","item":"https:\/\/elfsight.com\/it\/"},{"@type":"ListItem","position":2,"name":"Business Hours","item":"https:\/\/elfsight.com\/it\/business-hours-widget\/"},{"@type":"ListItem","position":3,"name":"Business Hours &#8211; jQuery"}]},{"@type":"WebSite","@id":"https:\/\/elfsight.com\/it\/#website","url":"https:\/\/elfsight.com\/it\/","name":"Elfsight IT","description":"Just another Elfsight Sites site","potentialAction":[{"@type":"SearchAction","target":{"@type":"EntryPoint","urlTemplate":"https:\/\/elfsight.com\/it\/?s={search_term_string}"},"query-input":{"@type":"PropertyValueSpecification","valueRequired":true,"valueName":"search_term_string"}}],"inLanguage":"it-IT"}]}},"meta_box":{"industry":"","seo_heading":"","heading":"","description":"","cta_heading":"","cta_description":"","application":"3111","h1":"Plug-in jQuery orario lavorativo","h1_caption":"Visualizza i tuoi orari di lavoro in un formato chiaro e accattivante per informare i visitatori della tua disponibilit\u00e0 nel tuo sito web jQuery senza sforzo.","application_category":[],"applications_title":"","applications_request_title":"","applications_request_button_text":"","hero_text":"","hero_video":"","hero_video_schema_markup":"","selling_points_title":"","selling_points_caption":"","selling_points":[],"selling_points_cta_text":"","features_title":"","features":"","ed_cta_examples_text":"","ed_cta_examples_hidden":"","ed_cta_demo_text":"","ed_cta_demo_hidden":"","why_caption":"","why_editor_title":"","why_editor_text":"","why_team_title":"","why_team_text":"","why_service_title":"","why_service_text":"","template_catalog_visible":"0","template_catalog_title":"","template_catalog_text":"","template_catalog_categories_visible":"","demo_title":"Crea il tuo plug-in per l'orario lavorativo","demo_caption":"Configura il tuo orario lavorativo e aggiungilo gratuitamente al tuo sito web jQuery!","default_faq_hidden":"","app_template_category":[],"platform":"37","template_public_id":"","codecanyon_url":"","codecanyon_item_id":"","codecanyon_price":"","pricing_caption":"","pricing_elfsight_apps_hide_column":"","pricing_elfsight_apps_url":"","pricing_codecanyon_price_caption":"","integration_category":[],"integration_request_title":"","integration_request_cta":"","integration_platform":"","integrations":[],"platform_category":[],"video_schema_markup":"","price":"da $ 0 al mese","trial":"","benefits":[{"text":"Servizio di installazione gratuito"},{"text":"Supporto premium"},{"text":"Garanzia di rimborso di 14 giorni"},{"text":"Miglioramenti continui"}],"button_url":"#demo","button_target_blank":"0","button_nofollow":"0","attributes":[{"name":"Installazioni"},{"name":"Reattivo","content":"S\u00cc"},{"name":"Browser compatibili","content":"Firefox, Safari, Opera, Chrome, Edge"}],"tags":[],"tags_disable_links":"0","hide_more_platforms":"0","video_object":"","demo_hide_cta":"0","demo_hide_cloud_options":"0","pricing_title":"","pricing":[{"pricing_icon":"platform","pricing_title":"Elfsight Apps","pricing_title_caption":"Software multipiattaforma che funziona su qualsiasi sito web","pricing_price":"da $ 0 \/ mese","pricing_price_caption":"inizia con un piano gratuito","pricing_benefits":[{"text":"Domini illimitati"},{"text":"Supporto professionale"},{"text":"Servizio di installazione gratuito"},{"text":"Progettazione flessibile"}],"pricing_button_text":"Aggiungi al sito web","pricing_button_url":"#demo"}],"related_apps_title":"","related_apps_hidden":"0","author":"","image":[],"title":"","job":"","social_networks":[]},"_links":{"self":[{"href":"https:\/\/elfsight.com\/it\/wp-json\/wp\/v2\/pages\/3915","targetHints":{"allow":["GET"]}}],"collection":[{"href":"https:\/\/elfsight.com\/it\/wp-json\/wp\/v2\/pages"}],"about":[{"href":"https:\/\/elfsight.com\/it\/wp-json\/wp\/v2\/types\/page"}],"author":[{"embeddable":true,"href":"https:\/\/elfsight.com\/it\/wp-json\/wp\/v2\/users\/9"}],"replies":[{"embeddable":true,"href":"https:\/\/elfsight.com\/it\/wp-json\/wp\/v2\/comments?post=3915"}],"version-history":[{"count":2,"href":"https:\/\/elfsight.com\/it\/wp-json\/wp\/v2\/pages\/3915\/revisions"}],"predecessor-version":[{"id":9610,"href":"https:\/\/elfsight.com\/it\/wp-json\/wp\/v2\/pages\/3915\/revisions\/9610"}],"up":[{"embeddable":true,"href":"https:\/\/elfsight.com\/it\/wp-json\/wp\/v2\/pages\/3120"}],"wp:attachment":[{"href":"https:\/\/elfsight.com\/it\/wp-json\/wp\/v2\/media?parent=3915"}],"curies":[{"name":"wp","href":"https:\/\/api.w.org\/{rel}","templated":true}]}}