{"id":3908,"date":"2024-05-03T06:30:57","date_gmt":"2024-05-03T06:30:57","guid":{"rendered":"https:\/\/elfsight.com\/it\/?page_id=3908"},"modified":"2024-11-11T11:17:47","modified_gmt":"2024-11-11T11:17:47","slug":"prestashop","status":"publish","type":"page","link":"https:\/\/elfsight.com\/it\/business-hours-widget\/prestashop\/","title":{"rendered":"Business Hours &#8211; PrestaShop"},"content":{"rendered":"<div class=\"application-platform-content-item-description application-platform-content-item\" id=\"description\" data-nav-section=\"description\"><h2>Incorpora l&#8217;orario di lavoro in PrestaShop con un componente aggiuntivo Elfsight<\/h2> <p>Elfsight Business Hours per PrestaShop \u00e8 un semplice widget senza codice che ti permette di costruire un biglietto da visita accattivante che riporti i momenti chiave della tua organizzazione. Puoi condividere informazioni sullo stato attuale della tua attivit\u00e0 e fornire contatti al tuo pubblico. Il widget ti consente di creare design accattivanti, in modo che i visitatori possano esplorare facilmente tutti i dati necessari in breve o in modo pi\u00f9 dettagliato. <\/p><p>L&#8217;eccellente widget dispone di modelli, in modo che tu possa scegliere l&#8217;opzione pi\u00f9 efficiente per il tuo sito web. Ogni modello contiene impostazioni regolabili per aiutarti a creare una soluzione personalizzata con le informazioni necessarie per aumentare le vendite. Integrare gli orari di lavoro e i tuoi dati di contatto nelle pagine del tuo sito web \u00e8 assolutamente semplice con Elfsight grazie a tutorial e guide chiari. Qualsiasi editor di siti web pu\u00f2 creare e incorporare gratuitamente il widget Orario di lavoro senza codice.<\/p> <p><b>Inserisci i dettagli dell&#8217;attivit\u00e0 sul tuo sito web per aumentare i tassi di vendita e la fidelizzazione dei clienti. Visualizza in modo ordinato informazioni significative sui tuoi periodi di lavoro. <\/b><\/p> <p>Con questo widget incorporato nel tuo sito web PrestaShop, puoi rendere il tuo pubblico pi\u00f9 consapevole della tua attivit\u00e0 commerciale ed effettuare vendite regolari. Scopri alcuni dei vantaggi pi\u00f9 evidenti per il tuo sito web quando incorpori il widget dei frame di lavoro senza codice. <\/p><ul><li><b>Lascia che i tuoi clienti siano sempre puntuali. <\/b> Incrementa le vendite, rimanendo sicuramente in contatto negli ambiti lavorativi indicati. I visitatori del tuo sito web vedranno i tuoi orari di attivit\u00e0 e diventeranno pi\u00f9 decisivi per effettuare un acquisto di successo quando saranno pronti. <\/li><li><b>Evitate malintesi sul vostro orario di lavoro. <\/b> Mostrare i tuoi periodi di lavoro dignitosi ai clienti sul sito web li render\u00e0 pi\u00f9 fedeli alla tua organizzazione poich\u00e9 potranno pianificare una prenotazione o una visita presso di te. <\/li><li><b>Condividi i contatti in modo chiaro. <\/b> L&#8217;aggiunta dei dettagli di contatto al widget degli orari di apertura senza codice ti consente di stabilire una migliore comunicazione con il tuo pubblico e di accelerare le vendite. Dimostra che sei qui per rispondere alle loro domande sui prodotti e servizi della tua azienda. <\/li><\/ul><div class=\"faq\" data-component=\"FAQ\"><div class=\"faq-item\">\r\n\t\t\t\t\t<div class=\"faq-item-question\">\r\n\t\t\t\t\t\t<h3 class=\"faq-item-question-text\">Ci sono altri plugin per PrestaShop che posso aggiungere al mio sito?<\/h3>\r\n\r\n\t\t\t\t\t\t<div class=\"faq-item-question-icon\"><\/div>\r\n\t\t\t\t\t<\/div>\r\n\r\n\t\t\t\t\t<div class=\"faq-item-answer\">\r\n\t\t\t\t\t\t<div class=\"faq-item-answer-text\">Possiamo offrirti molti plugin per soddisfare qualsiasi tipo di obiettivo del tuo luogo. Verifica tu stesso: <a href=\"https:\/\/elfsight.com\/google-reviews-widget\/prestashop\/\" target=\"_blank\" rel=\"noopener\">Google Recensioni<\/a>, <a href=\"https:\/\/elfsight.com\/whatsapp-chat-widget\/prestashop\/\" target=\"_blank\" rel=\"noopener\">Chat di WhatsApp<\/a>, <a href=\"https:\/\/elfsight.com\/event-calendar -widget\/prestashop\/\" target=\"_blank\" rel=\"noopener\">Calendario eventi<\/a>, <a href=\"https:\/\/elfsight.com\/countdown-timer-widget\/prestashop\/\" target=\"_blank \" rel=\"noopener\">Conto alla rovescia<\/a>, <a href=\"https:\/\/elfsight.com\/qr-code-widget\/prestashop\/\" target=\"_blank\" rel=\"noopener\">Codice QR<\/a>. <\/div>\r\n\t\t\t\t\t<\/div>\r\n\t\t\t\t<\/div><div class=\"faq-item\">\r\n\t\t\t\t\t<div class=\"faq-item-question\">\r\n\t\t\t\t\t\t<h3 class=\"faq-item-question-text\">Come posso trarre vantaggio dall'orario di lavoro su PrestaShop?<\/h3>\r\n\r\n\t\t\t\t\t\t<div class=\"faq-item-question-icon\"><\/div>\r\n\t\t\t\t\t<\/div>\r\n\r\n\t\t\t\t\t<div class=\"faq-item-answer\">\r\n\t\t\t\t\t\t<div class=\"faq-item-answer-text\">Esistono molti scenari per migliorare le statistiche di successo e i risultati di vendita aggiungendo un plug-in dell&#8217;orario di lavoro. Con i modelli di Elfsight per questo entusiasmante plugin per siti, puoi scoprire una soluzione aziendale personalizzata. Puoi mostrare informazioni estese sul tuo orario di lavoro o semplicemente incorporare un popup compatto sullo stato attuale. Puoi creare schede di contatto con il plug-in Orario di lavoro e aggiungerle alle aree richieste del sito Web per attirare l&#8217;attenzione e informare il pubblico sulla tua attivit\u00e0 per ispirare le vendite. <\/div>\r\n\t\t\t\t\t<\/div>\r\n\t\t\t\t<\/div><div class=\"faq-item\">\r\n\t\t\t\t\t<div class=\"faq-item-question\">\r\n\t\t\t\t\t\t<h3 class=\"faq-item-question-text\">Come incorporare l'orario di apertura senza codice nei siti Web PrestaShop?<\/h3>\r\n\r\n\t\t\t\t\t\t<div class=\"faq-item-question-icon\"><\/div>\r\n\t\t\t\t\t<\/div>\r\n\r\n\t\t\t\t\t<div class=\"faq-item-answer\">\r\n\t\t\t\t\t\t<div class=\"faq-item-answer-text\">Incorporare un plug-in per l&#8217;orario di apertura nel tuo sito Web PrestaShop \u00e8 un ottimo metodo per coinvolgere i clienti nella comunicazione e informarli dell&#8217;orario e dello stato validi effettuare vendite o offrire servizi. Offriamo alcuni tutorial su come aggiungere il plugin gratuito per gli orari di apertura al tuo sito web. <ol><li>Per incorporare gratuitamente un plug-in Elfsight Business Hours in PrestaShop, vai al sito Web Elfsight e crea un account. <\/li><li>Crea il plug-in gratuito per l&#8217;orario lavorativo adattandone l&#8217;aspetto e le impostazioni al design del tuo sito web. <\/li><li>Dopo aver personalizzato l&#8217;orario lavorativo, copia lo snippet di codice specifico e incollalo nel tuo sito web dove desideri che il plug-in funzioni. <\/li><\/ol>Inserendo i tuoi orari di apertura nel tuo sito web PrestaShop, aumenterai sicuramente la sua attrattiva visiva e fidelizzerai i visitatori in modo stabile. Prova i vantaggi del plug-in Elfsight Business Hours senza alcun costo per te!<\/div>\r\n\t\t\t\t\t<\/div>\r\n\t\t\t\t<\/div><\/div><\/div> <div class=\"application-platform-content-item-features application-platform-content-item\" id=\"features\" data-nav-section=\"features\"> <h2>Ecco l&#8217;elenco delle principali funzionalit\u00e0:<\/h2> <ul><li>Visualizza la disponibilit\u00e0 in tempo reale della tua azienda<\/li><li>Facile configurazione dell&#8217;orario<\/li><li>Configurazione dei giorni festivi<\/li><li>Indicazione dello stato attuale<\/li><li> Griglia integrabile o stato salvaspazio<\/li><\/ul><p><a href=\"#demo\">Prova tutte le opzioni di personalizzazione nella demo completa<\/a><\/p><\/div> [ application_platform_content_item id=&#8221;installation&#8221;] <h2>Come posso incorporare l&#8217;orario lavorativo nel mio sito web PrestaShop?<\/h2> <p>Segui semplicemente le linee guida seguenti per visualizzare l&#8217;app con il tuo stato funzionante. <\/p> <ol><li><b>Apri la nostra demo e inizia a creare il tuo plugin senza codice personalizzato. <\/b><br> Scegli il design e la funzionalit\u00e0 preferiti del plugin e applica le modifiche. <\/li> <li><b>Acquisisci il tuo codice individuale mostrato nella finestra sulle App Elfsight. <\/b><br> Non appena la configurazione della tua app per le ore di attivit\u00e0 senza codice \u00e8 completata, copia il codice esclusivo nel popup visualizzato e conservalo per necessit\u00e0 successive. <\/li> <li><b>Avvia l&#8217;utilizzo dell&#8217;app sulla home page di PrestaShop. <\/b><br> Aggiungi il codice salvato in precedenza nella tua pagina web e salva le modifiche. <\/li> <li><b>L&#8217;impostazione dell&#8217;orario lavorativo senza codice \u00e8 stata eseguita con successo. <\/b><br> Vai al tuo sito web per verificare le prestazioni del plug-in per gli orari di apertura aggiunto. <\/li><\/ol> <p>In caso di difficolt\u00e0, non esitate a fare appello al nostro personale del servizio clienti. I nostri specialisti desiderano risolvere tutti i problemi che potresti riscontrare con l&#8217;app per PrestaShop. <\/p>[\/application_platform_content_item]","protected":false},"excerpt":{"rendered":"[ application_platform_content_item id=&#8221;installation&#8221;] Come posso incorporare l&#8217;orario lavorativo nel mio sito web PrestaShop? Segui semplicemente le linee guida seguenti per visualizzare l&#8217;app con il tuo stato funzionante. Apri la nostra demo e inizia a creare il tuo plugin senza codice personalizzato. Scegli il design e la funzionalit\u00e0 preferiti del plugin&#8230;","protected":false},"author":9,"featured_media":0,"parent":3120,"menu_order":0,"comment_status":"closed","ping_status":"closed","template":"templates\/template-application-platform.php","meta":{"publish_to_discourse":"","publish_post_category":"","wpdc_auto_publish_overridden":"","wpdc_topic_tags":"","wpdc_pin_topic":"","wpdc_pin_until":"","discourse_post_id":"","discourse_permalink":"","wpdc_publishing_response":"","wpdc_publishing_error":"","footnotes":""},"class_list":["post-3908","page","type-page","status-publish","hentry"],"yoast_head":"<!-- This site is optimized with the Yoast SEO plugin v25.3.1 - https:\/\/yoast.com\/wordpress\/plugins\/seo\/ -->\n<title>Aggiungi orari di apertura a PrestaShop: incorpora contatti e orari<\/title>\n<meta name=\"description\" content=\"Aggiungi un widget Orario lavorativo personalizzabile a PrestaShop per condividere il tuo stato lavorativo. Crea il tuo widget orario di lavoro personale nella demo.\" \/>\n<meta name=\"robots\" content=\"index, follow, max-snippet:-1, max-image-preview:large, max-video-preview:-1\" \/>\n<link rel=\"canonical\" href=\"https:\/\/elfsight.com\/it\/business-hours-widget\/prestashop\/\" \/>\n<meta property=\"og:locale\" content=\"it_IT\" \/>\n<meta property=\"og:type\" content=\"article\" \/>\n<meta property=\"og:title\" content=\"Aggiungi orari di apertura a PrestaShop: incorpora contatti e orari\" \/>\n<meta property=\"og:description\" content=\"Aggiungi un widget Orario lavorativo personalizzabile a PrestaShop per condividere il tuo stato lavorativo. Crea il tuo widget orario di lavoro personale nella demo.\" \/>\n<meta property=\"og:url\" content=\"https:\/\/elfsight.com\/it\/business-hours-widget\/prestashop\/\" \/>\n<meta property=\"og:site_name\" content=\"Elfsight IT\" \/>\n<meta property=\"article:modified_time\" content=\"2024-11-11T11:17:47+00:00\" \/>\n<meta name=\"twitter:card\" content=\"summary_large_image\" \/>\n<meta name=\"twitter:label1\" content=\"Tempo di lettura stimato\" \/>\n\t<meta name=\"twitter:data1\" content=\"5 minuti\" \/>\n<!-- \/ Yoast SEO plugin. -->","yoast_head_json":{"title":"Aggiungi orari di apertura a PrestaShop: incorpora contatti e orari","description":"Aggiungi un widget Orario lavorativo personalizzabile a PrestaShop per condividere il tuo stato lavorativo. Crea il tuo widget orario di lavoro personale nella demo.","robots":{"index":"index","follow":"follow","max-snippet":"max-snippet:-1","max-image-preview":"max-image-preview:large","max-video-preview":"max-video-preview:-1"},"canonical":"https:\/\/elfsight.com\/it\/business-hours-widget\/prestashop\/","og_locale":"it_IT","og_type":"article","og_title":"Aggiungi orari di apertura a PrestaShop: incorpora contatti e orari","og_description":"Aggiungi un widget Orario lavorativo personalizzabile a PrestaShop per condividere il tuo stato lavorativo. Crea il tuo widget orario di lavoro personale nella demo.","og_url":"https:\/\/elfsight.com\/it\/business-hours-widget\/prestashop\/","og_site_name":"Elfsight IT","article_modified_time":"2024-11-11T11:17:47+00:00","twitter_card":"summary_large_image","twitter_misc":{"Tempo di lettura stimato":"5 minuti"},"schema":{"@context":"https:\/\/schema.org","@graph":[{"@type":"WebPage","@id":"https:\/\/elfsight.com\/it\/business-hours-widget\/prestashop\/","url":"https:\/\/elfsight.com\/it\/business-hours-widget\/prestashop\/","name":"Aggiungi orari di apertura a PrestaShop: incorpora contatti e orari","isPartOf":{"@id":"https:\/\/elfsight.com\/it\/#website"},"datePublished":"2024-05-03T06:30:57+00:00","dateModified":"2024-11-11T11:17:47+00:00","description":"Aggiungi un widget Orario lavorativo personalizzabile a PrestaShop per condividere il tuo stato lavorativo. Crea il tuo widget orario di lavoro personale nella demo.","breadcrumb":{"@id":"https:\/\/elfsight.com\/it\/business-hours-widget\/prestashop\/#breadcrumb"},"inLanguage":"it-IT","potentialAction":[{"@type":"ReadAction","target":["https:\/\/elfsight.com\/it\/business-hours-widget\/prestashop\/"]}]},{"@type":"BreadcrumbList","@id":"https:\/\/elfsight.com\/it\/business-hours-widget\/prestashop\/#breadcrumb","itemListElement":[{"@type":"ListItem","position":1,"name":"Home","item":"https:\/\/elfsight.com\/it\/"},{"@type":"ListItem","position":2,"name":"Business Hours","item":"https:\/\/elfsight.com\/it\/business-hours-widget\/"},{"@type":"ListItem","position":3,"name":"Business Hours &#8211; PrestaShop"}]},{"@type":"WebSite","@id":"https:\/\/elfsight.com\/it\/#website","url":"https:\/\/elfsight.com\/it\/","name":"Elfsight IT","description":"Just another Elfsight Sites site","potentialAction":[{"@type":"SearchAction","target":{"@type":"EntryPoint","urlTemplate":"https:\/\/elfsight.com\/it\/?s={search_term_string}"},"query-input":{"@type":"PropertyValueSpecification","valueRequired":true,"valueName":"search_term_string"}}],"inLanguage":"it-IT"}]}},"meta_box":{"industry":"","seo_heading":"","heading":"","description":"","cta_heading":"","cta_description":"","application":"3111","h1":"Componente aggiuntivo dell'orario lavorativo di PrestaShop","h1_caption":"Visualizza i tuoi orari di lavoro in un formato chiaro e accattivante per informare i visitatori della tua disponibilit\u00e0 nel tuo sito web Prestashop senza sforzo.","application_category":[],"applications_title":"","applications_request_title":"","applications_request_button_text":"","hero_text":"","hero_video":"","hero_video_schema_markup":"","selling_points_title":"","selling_points_caption":"","selling_points":[],"selling_points_cta_text":"","features_title":"","features":"","ed_cta_examples_text":"","ed_cta_examples_hidden":"","ed_cta_demo_text":"","ed_cta_demo_hidden":"","why_caption":"","why_editor_title":"","why_editor_text":"","why_team_title":"","why_team_text":"","why_service_title":"","why_service_text":"","template_catalog_visible":"","template_catalog_title":"","template_catalog_text":"","template_catalog_categories_visible":"","demo_title":"Crea il tuo componente aggiuntivo per l'orario lavorativo","demo_caption":"Configura il tuo orario di apertura e aggiungilo gratuitamente al tuo sito PrestaShop!","default_faq_hidden":"","app_template_category":[],"platform":"1023","template_public_id":"","codecanyon_url":"","codecanyon_item_id":"","codecanyon_price":"","pricing_caption":"","pricing_elfsight_apps_hide_column":"","pricing_elfsight_apps_url":"","pricing_codecanyon_price_caption":"","integration_category":[],"integration_request_title":"","integration_request_cta":"","integration_platform":"","integrations":[],"platform_category":[],"video_schema_markup":"","price":"da $ 0 al mese","trial":"","benefits":[{"text":"Assistenza gratuita per l'installazione"},{"text":"Assistenza clienti con esperienza"},{"text":"Garanzia di rimborso di 14 giorni"},{"text":"Aggiornamento costante"}],"button_url":"#demo","button_target_blank":"","button_nofollow":"","attributes":[{"name":"Installazioni"},{"name":"Reattivo","content":"S\u00cc"},{"name":"Browser compatibili","content":"Chrome, Firefox, Safari, Opera, Edge"}],"tags":[],"tags_disable_links":"","hide_more_platforms":"","video_object":"","demo_hide_cta":"","demo_hide_cloud_options":"","pricing_title":"","pricing":[{"pricing_icon":"platform","pricing_title":"Elfsight Apps","pricing_title_caption":"Versione multipiattaforma che funziona su qualsiasi sito web","pricing_price":"da $ 0 \/ mese","pricing_price_caption":"inizia con un piano gratuito","pricing_benefits":[{"text":"Siti web illimitati"},{"text":"Assistenza clienti premium"},{"text":"Supporto gratuito per l'installazione"},{"text":"100% personalizzabile"}],"pricing_button_text":"Aggiungi al sito web","pricing_button_url":"#demo"}],"related_apps_title":"","related_apps_hidden":"","author":"","image":[],"title":"","job":"","social_networks":[]},"_links":{"self":[{"href":"https:\/\/elfsight.com\/it\/wp-json\/wp\/v2\/pages\/3908","targetHints":{"allow":["GET"]}}],"collection":[{"href":"https:\/\/elfsight.com\/it\/wp-json\/wp\/v2\/pages"}],"about":[{"href":"https:\/\/elfsight.com\/it\/wp-json\/wp\/v2\/types\/page"}],"author":[{"embeddable":true,"href":"https:\/\/elfsight.com\/it\/wp-json\/wp\/v2\/users\/9"}],"replies":[{"embeddable":true,"href":"https:\/\/elfsight.com\/it\/wp-json\/wp\/v2\/comments?post=3908"}],"version-history":[{"count":1,"href":"https:\/\/elfsight.com\/it\/wp-json\/wp\/v2\/pages\/3908\/revisions"}],"predecessor-version":[{"id":3912,"href":"https:\/\/elfsight.com\/it\/wp-json\/wp\/v2\/pages\/3908\/revisions\/3912"}],"up":[{"embeddable":true,"href":"https:\/\/elfsight.com\/it\/wp-json\/wp\/v2\/pages\/3120"}],"wp:attachment":[{"href":"https:\/\/elfsight.com\/it\/wp-json\/wp\/v2\/media?parent=3908"}],"curies":[{"name":"wp","href":"https:\/\/api.w.org\/{rel}","templated":true}]}}