{"id":3907,"date":"2024-05-03T06:30:56","date_gmt":"2024-05-03T06:30:56","guid":{"rendered":"https:\/\/elfsight.com\/it\/?page_id=3907"},"modified":"2025-03-19T14:12:26","modified_gmt":"2025-03-19T14:12:26","slug":"wordpress","status":"publish","type":"page","link":"https:\/\/elfsight.com\/it\/booking-reviews-widget\/wordpress\/","title":{"rendered":"Booking Reviews &#8211; WordPress"},"content":{"rendered":"\n<div class=\"application-platform-content-item-description application-platform-content-item\" id=\"description\" data-nav-section=\"description\"> <h2>Incorpora recensioni di prenotazione su WordPress con il widget Elfsight<\/h2> <p>Se hai bisogno di rivelare la tua alta valutazione da parte dei clienti e convincere il sito web visitatori che il tuo posto \u00e8 popolare per visitare, Elfsight Booking Reviews \u00e8 giusto per te. Con l&#8217;aiuto del nostro widget, mostrerai rapidamente le recensioni dei clienti di Booking sul tuo sito web con i dettagli sui loro autori, utilizzerai i filtri per mostrare solo quelle buone, aggiungerai valutazioni e un pulsante di reindirizzamento che porter\u00e0 le persone alla tua pagina di prenotazione, dove potranno pubblica un&#8217;altra recensione. <\/p> <div class=\"faq\" data-component=\"FAQ\"><div class=\"faq-item\">\r\n\t\t\t\t\t<div class=\"faq-item-question\">\r\n\t\t\t\t\t\t<h3 class=\"faq-item-question-text\">Dove posso integrare questo plugin sul mio sito<\/h3>\r\n\r\n\t\t\t\t\t\t<div class=\"faq-item-question-icon\"><\/div>\r\n\t\t\t\t\t<\/div>\r\n\r\n\t\t\t\t\t<div class=\"faq-item-answer\">\r\n\t\t\t\t\t\t<div class=\"faq-item-answer-text\"> <p>Puoi visualizzare il widget di recensione in qualsiasi pagina del tuo sito web o inserirlo nel modello del sito web, in questo caso verr\u00e0 visualizzato su tutte le pagine. Le recensioni faranno un buon lavoro sulle pagine dei prodotti o sulla pagina Chi siamo, i luoghi in cui desideri dimostrare la tua valutazione elevata. <\/p> <\/div>\r\n\t\t\t\t\t<\/div>\r\n\t\t\t\t<\/div><div class=\"faq-item\">\r\n\t\t\t\t\t<div class=\"faq-item-question\">\r\n\t\t\t\t\t\t<h3 class=\"faq-item-question-text\">Quali vantaggi mi dar\u00e0?<\/h3>\r\n\r\n\t\t\t\t\t\t<div class=\"faq-item-question-icon\"><\/div>\r\n\t\t\t\t\t<\/div>\r\n\r\n\t\t\t\t\t<div class=\"faq-item-answer\">\r\n\t\t\t\t\t\t<div class=\"faq-item-answer-text\"> <p>Le recensioni di persone reali sono della massima affidabilit\u00e0 per i clienti del tuo sito web e mostrano loro che la tua attivit\u00e0 \u00e8 affidabile. Una valutazione elevata e impressioni eccellenti possono contribuire ad aumentare gli acquisti sul tuo sito web. Inoltre, il pulsante di reindirizzamento contribuir\u00e0 a ricevere pi\u00f9 recensioni dei clienti relative alla tua attivit\u00e0 su Booking.<\/p> <\/div>\r\n\t\t\t\t\t<\/div>\r\n\t\t\t\t<\/div> <div class=\"faq-item\">\r\n\t\t\t\t\t<div class=\"faq-item-question\">\r\n\t\t\t\t\t\t<h3 class=\"faq-item-question-text\">Come posso installare Booking Reviews sul mio sito WordPress?<\/h3>\r\n\r\n\t\t\t\t\t\t<div class=\"faq-item-question-icon\"><\/div>\r\n\t\t\t\t\t<\/div>\r\n\r\n\t\t\t\t\t<div class=\"faq-item-answer\">\r\n\t\t\t\t\t\t<div class=\"faq-item-answer-text\"> <p>Lo far\u00e0 solo prenditi tre minuti del tuo tempo per incorporare il widget. L&#8217;integrazione \u00e8 estremamente rapida, gratuita e senza codifica.<\/p> <ol><li>C&#8217;\u00e8 un&#8217;opzione per integrare Booking Reviews nel tuo sito web tramite il nostro servizio. Basta vedere la breve descrizione qui sotto in questa pagina.<\/li> <li>Il widget pu\u00f2 essere integrato tramite il nostro servizio o tramite il marketplace. Puoi confrontare i dettagli delle due varianti e scegliere la tua.<\/li> <\/ol> <\/div>\r\n\t\t\t\t\t<\/div>\r\n\t\t\t\t<\/div> <\/div> <\/div> <div class=\"application-platform-content-item-features application-platform-content-item\" id=\"features\" data-nav-section=\"features\"> <h2>Caratteristiche principali del widget Recensioni delle prenotazioni <\/h2> <p>Controlla l&#8217;elenco delle sue caratteristiche essenziali. Rendono efficace il nostro widget per il tuo sito web: <\/p> <ul> <li>3 filtri pronti all&#8217;uso: per tipologia, esclusione per e quantit\u00e0 di recensioni da visualizzare; <\/li> <li>Il pulsante attivo per aggiungere una recensione porta le persone alla pagina di Prenotazione; <\/li> <li>Due opzioni di scenari di rifiuto della richiesta di revisione: rivelare il messaggio o rimuovere il pulsante. <\/li> <\/ul><p><a href=\"#demo\">Scopri altre funzionalit\u00e0 nella nostra demo<\/a><\/p> <\/div> <div class=\"application-platform-content-item-installation application-platform-content-item\" id=\"installation\" data-nav-section=\"installation\"> <h2>Scopri come aggiungere le recensioni delle prenotazioni al tuo sito WordPress<\/h2><div class=\"video-container\"><iframe width=\"560\" height=\"315\" src=\"https:\/\/www.youtube.com\/embed\/RBKmBLeP-ks?si=EQchqa_Fzf25-lgV\" frameborder=\"0\" allow=\"accelerometer; autoplay; clipboard-write; encrypted-media; gyroscope; picture-in-picture; web-share\" allowfullscreen><\/iframe><\/div><p>Questi diversi passaggi sono l&#8217;unica cosa di cui hai bisogno per stabilire. <\/p> <ol><li><b>Utilizza la nostra demo gratuita e inizia a creare il tuo plugin personalizzato. <\/b><br> Scegli l&#8217;aspetto personalizzato e le funzionalit\u00e0 del plug-in e salva tutte le modifiche. <\/li> <li><b>Acquisisci il tuo codice individuale mostrato nel riquadro sulle App Elfsight. <\/b><br> Subito dopo aver terminato la generazione del plug-in, copia il codice esclusivo nella casella visualizzata e conservalo per un utilizzo futuro. <\/li> <li><b>Inizia a utilizzare il plugin sul tuo sito WordPress. <\/b><br> Inserisci il codice copiato in precedenza nella tua pagina web e salva le modifiche. <\/li> <li><b>Il gioco \u00e8 fatto! L&#8217;incorporamento \u00e8 stato eseguito con successo. <\/b><br> Vai alla tua pagina web per osservare il lavoro del plugin. <\/li><\/ol><p>Hai ancora qualcosa che ti rende insicuro? O avere problemi? Basta inviare una richiesta al nostro supporto clienti per risolvere qualsiasi problema. <\/p> <\/div>\n","protected":false},"excerpt":{"rendered":"","protected":false},"author":9,"featured_media":0,"parent":2892,"menu_order":0,"comment_status":"closed","ping_status":"closed","template":"templates\/template-application-platform.php","meta":{"publish_to_discourse":"","publish_post_category":"","wpdc_auto_publish_overridden":"","wpdc_topic_tags":"","wpdc_pin_topic":"","wpdc_pin_until":"","discourse_post_id":"","discourse_permalink":"","wpdc_publishing_response":"","wpdc_publishing_error":"","footnotes":""},"class_list":["post-3907","page","type-page","status-publish","hentry"],"yoast_head":"<!-- This site is optimized with the Yoast SEO plugin v25.3.1 - https:\/\/yoast.com\/wordpress\/plugins\/seo\/ -->\n<title>Incorpora le recensioni delle prenotazioni sul sito WordPress (in 2 minuti)<\/title>\n<meta name=\"description\" content=\"Costruisci il tuo plugin per le recensioni delle prenotazioni e aggiungilo al tuo sito WordPress in modo facile e veloce. Offriamo un servizio clienti gratuito e altri bonus.\" \/>\n<meta name=\"robots\" content=\"index, follow, max-snippet:-1, max-image-preview:large, max-video-preview:-1\" \/>\n<link rel=\"canonical\" href=\"https:\/\/elfsight.com\/it\/booking-reviews-widget\/wordpress\/\" \/>\n<meta property=\"og:locale\" content=\"it_IT\" \/>\n<meta property=\"og:type\" content=\"article\" \/>\n<meta property=\"og:title\" content=\"Incorpora le recensioni delle prenotazioni sul sito WordPress (in 2 minuti)\" \/>\n<meta property=\"og:description\" content=\"Costruisci il tuo plugin per le recensioni delle prenotazioni e aggiungilo al tuo sito WordPress in modo facile e veloce. Offriamo un servizio clienti gratuito e altri bonus.\" \/>\n<meta property=\"og:url\" content=\"https:\/\/elfsight.com\/it\/booking-reviews-widget\/wordpress\/\" \/>\n<meta property=\"og:site_name\" content=\"Elfsight IT\" \/>\n<meta property=\"article:modified_time\" content=\"2025-03-19T14:12:26+00:00\" \/>\n<meta name=\"twitter:card\" content=\"summary_large_image\" \/>\n<meta name=\"twitter:label1\" content=\"Tempo di lettura stimato\" \/>\n\t<meta name=\"twitter:data1\" content=\"3 minuti\" \/>\n<!-- \/ Yoast SEO plugin. -->","yoast_head_json":{"title":"Incorpora le recensioni delle prenotazioni sul sito WordPress (in 2 minuti)","description":"Costruisci il tuo plugin per le recensioni delle prenotazioni e aggiungilo al tuo sito WordPress in modo facile e veloce. Offriamo un servizio clienti gratuito e altri bonus.","robots":{"index":"index","follow":"follow","max-snippet":"max-snippet:-1","max-image-preview":"max-image-preview:large","max-video-preview":"max-video-preview:-1"},"canonical":"https:\/\/elfsight.com\/it\/booking-reviews-widget\/wordpress\/","og_locale":"it_IT","og_type":"article","og_title":"Incorpora le recensioni delle prenotazioni sul sito WordPress (in 2 minuti)","og_description":"Costruisci il tuo plugin per le recensioni delle prenotazioni e aggiungilo al tuo sito WordPress in modo facile e veloce. Offriamo un servizio clienti gratuito e altri bonus.","og_url":"https:\/\/elfsight.com\/it\/booking-reviews-widget\/wordpress\/","og_site_name":"Elfsight IT","article_modified_time":"2025-03-19T14:12:26+00:00","twitter_card":"summary_large_image","twitter_misc":{"Tempo di lettura stimato":"3 minuti"},"schema":{"@context":"https:\/\/schema.org","@graph":[{"@type":"WebPage","@id":"https:\/\/elfsight.com\/it\/booking-reviews-widget\/wordpress\/","url":"https:\/\/elfsight.com\/it\/booking-reviews-widget\/wordpress\/","name":"Incorpora le recensioni delle prenotazioni sul sito WordPress (in 2 minuti)","isPartOf":{"@id":"https:\/\/elfsight.com\/it\/#website"},"datePublished":"2024-05-03T06:30:56+00:00","dateModified":"2025-03-19T14:12:26+00:00","description":"Costruisci il tuo plugin per le recensioni delle prenotazioni e aggiungilo al tuo sito WordPress in modo facile e veloce. Offriamo un servizio clienti gratuito e altri bonus.","breadcrumb":{"@id":"https:\/\/elfsight.com\/it\/booking-reviews-widget\/wordpress\/#breadcrumb"},"inLanguage":"it-IT","potentialAction":[{"@type":"ReadAction","target":["https:\/\/elfsight.com\/it\/booking-reviews-widget\/wordpress\/"]}]},{"@type":"BreadcrumbList","@id":"https:\/\/elfsight.com\/it\/booking-reviews-widget\/wordpress\/#breadcrumb","itemListElement":[{"@type":"ListItem","position":1,"name":"Home","item":"https:\/\/elfsight.com\/it\/"},{"@type":"ListItem","position":2,"name":"Booking Reviews","item":"https:\/\/elfsight.com\/it\/booking-reviews-widget\/"},{"@type":"ListItem","position":3,"name":"Booking Reviews &#8211; WordPress"}]},{"@type":"WebSite","@id":"https:\/\/elfsight.com\/it\/#website","url":"https:\/\/elfsight.com\/it\/","name":"Elfsight IT","description":"Just another Elfsight Sites site","potentialAction":[{"@type":"SearchAction","target":{"@type":"EntryPoint","urlTemplate":"https:\/\/elfsight.com\/it\/?s={search_term_string}"},"query-input":{"@type":"PropertyValueSpecification","valueRequired":true,"valueName":"search_term_string"}}],"inLanguage":"it-IT"}]}},"meta_box":{"industry":"","seo_heading":"","heading":"","description":"","cta_heading":"","cta_description":"","application":"2891","h1":"Recensioni di WordPress Booking.com","h1_caption":"Visualizza le recensioni di booking.com per attirare pi\u00f9 ospiti mostrando facilmente le esperienze positive dei visitatori precedenti nel tuo sito WordPress.","application_category":[],"applications_title":"","applications_request_title":"","applications_request_button_text":"","hero_text":"","hero_video":"","hero_video_schema_markup":"","selling_points_title":"","selling_points_caption":"","selling_points":[],"selling_points_cta_text":"","features_title":"","features":"","ed_cta_examples_text":"","ed_cta_examples_hidden":"","ed_cta_demo_text":"","ed_cta_demo_hidden":"","why_caption":"","why_editor_title":"","why_editor_text":"","why_team_title":"","why_team_text":"","why_service_title":"","why_service_text":"","template_catalog_visible":"0","template_catalog_title":"","template_catalog_text":"","template_catalog_categories_visible":"","demo_title":"Crea il tuo plugin per le recensioni delle prenotazioni","demo_caption":"Configura le tue recensioni di prenotazione e aggiungile gratuitamente al tuo sito WordPress!","default_faq_hidden":"","app_template_category":[],"platform":"28","template_public_id":"","codecanyon_url":"","codecanyon_item_id":"","codecanyon_price":"","pricing_caption":"","pricing_elfsight_apps_hide_column":"","pricing_elfsight_apps_url":"","pricing_codecanyon_price_caption":"","integration_category":[],"integration_request_title":"","integration_request_cta":"","integration_platform":"","integrations":[],"platform_category":[],"video_schema_markup":"","price":"da $ 0 al mese","trial":"","benefits":[{"text":"Servizio di installazione gratuito"},{"text":"Assistenza clienti con esperienza"},{"text":"Garanzia di rimborso di 14 giorni"},{"text":"Miglioramenti futuri"}],"button_url":"#demo","button_target_blank":"0","button_nofollow":"0","attributes":[{"name":"Installazioni"},{"name":"Reattivo","content":"S\u00cc"},{"name":"Browser compatibili","content":"Firefox, Safari, Opera, Chrome, Edge"}],"tags":[],"tags_disable_links":"0","hide_more_platforms":"0","video_object":"","demo_hide_cta":"0","demo_hide_cloud_options":"0","pricing_title":"","pricing":[{"pricing_icon":"platform","pricing_title":"Elfsight Apps","pricing_title_caption":"Software multipiattaforma","pricing_price":"da $ 0 \/ mese","pricing_price_caption":"inizia con il piano gratuito","pricing_benefits":[{"text":"Siti web illimitati"},{"text":"Assistenza clienti dedicata"},{"text":"Aiuto per l'installazione gratuito"},{"text":"Offerta speciale per pi\u00f9 app"}],"pricing_button_text":"Aggiungi al sito web","pricing_button_url":"#demo"}],"related_apps_title":"","related_apps_hidden":"0","author":"","image":[],"title":"","job":"","social_networks":[]},"_links":{"self":[{"href":"https:\/\/elfsight.com\/it\/wp-json\/wp\/v2\/pages\/3907","targetHints":{"allow":["GET"]}}],"collection":[{"href":"https:\/\/elfsight.com\/it\/wp-json\/wp\/v2\/pages"}],"about":[{"href":"https:\/\/elfsight.com\/it\/wp-json\/wp\/v2\/types\/page"}],"author":[{"embeddable":true,"href":"https:\/\/elfsight.com\/it\/wp-json\/wp\/v2\/users\/9"}],"replies":[{"embeddable":true,"href":"https:\/\/elfsight.com\/it\/wp-json\/wp\/v2\/comments?post=3907"}],"version-history":[{"count":3,"href":"https:\/\/elfsight.com\/it\/wp-json\/wp\/v2\/pages\/3907\/revisions"}],"predecessor-version":[{"id":9289,"href":"https:\/\/elfsight.com\/it\/wp-json\/wp\/v2\/pages\/3907\/revisions\/9289"}],"up":[{"embeddable":true,"href":"https:\/\/elfsight.com\/it\/wp-json\/wp\/v2\/pages\/2892"}],"wp:attachment":[{"href":"https:\/\/elfsight.com\/it\/wp-json\/wp\/v2\/media?parent=3907"}],"curies":[{"name":"wp","href":"https:\/\/api.w.org\/{rel}","templated":true}]}}