{"id":3906,"date":"2024-05-03T06:30:55","date_gmt":"2024-05-03T06:30:55","guid":{"rendered":"https:\/\/elfsight.com\/it\/?page_id=3906"},"modified":"2025-03-19T14:11:01","modified_gmt":"2025-03-19T14:11:01","slug":"wix","status":"publish","type":"page","link":"https:\/\/elfsight.com\/it\/booking-reviews-widget\/wix\/","title":{"rendered":"Booking Reviews &#8211; Wix"},"content":{"rendered":"\n<div class=\"application-platform-content-item-description application-platform-content-item\" id=\"description\" data-nav-section=\"description\"> <h2>Descrizione<\/h2> <p>Se hai bisogno di rivelare il tuo apprezzamento da parte dei clienti e convincere i visitatori del sito che vale la pena acquistare le tue offerte, Elfsight Il widget Recensioni di prenotazione far\u00e0 il lavoro. Con questo widget puoi integrare le recensioni degli utenti di Booking sul tuo sito web con i dettagli sui loro autori, filtrarle per rivelare solo positive, aggiungere valutazioni e un pulsante di reindirizzamento, che porter\u00e0 gli utenti al tuo account Booking, in modo che possano lasciare il loro revisione. <\/p> <div class=\"faq\" data-component=\"FAQ\"><div class=\"faq-item\">\r\n\t\t\t\t\t<div class=\"faq-item-question\">\r\n\t\t\t\t\t\t<h3 class=\"faq-item-question-text\">Dove posso incorporare questo plugin nel mio sito<\/h3>\r\n\r\n\t\t\t\t\t\t<div class=\"faq-item-question-icon\"><\/div>\r\n\t\t\t\t\t<\/div>\r\n\r\n\t\t\t\t\t<div class=\"faq-item-answer\">\r\n\t\t\t\t\t\t<div class=\"faq-item-answer-text\"> <p>Questo widget pu\u00f2 essere visualizzato su qualsiasi pagina, dove desideri mostrare la tua valutazione elevata e popolarit\u00e0 tra i clienti. Se ne hai bisogno su tutte le pagine del sito, puoi aggiungerlo facilmente al modello del sito web. <\/p> <\/div>\r\n\t\t\t\t\t<\/div>\r\n\t\t\t\t<\/div><div class=\"faq-item\">\r\n\t\t\t\t\t<div class=\"faq-item-question\">\r\n\t\t\t\t\t\t<h3 class=\"faq-item-question-text\">Come trarr\u00f2 vantaggio dal widget?<\/h3>\r\n\r\n\t\t\t\t\t\t<div class=\"faq-item-question-icon\"><\/div>\r\n\t\t\t\t\t<\/div>\r\n\r\n\t\t\t\t\t<div class=\"faq-item-answer\">\r\n\t\t\t\t\t\t<div class=\"faq-item-answer-text\"> <p>Le recensioni di persone reali sono estremamente credibili per gli utenti del tuo sito e significano per loro che ci si pu\u00f2 fidare della tua azienda. Una valutazione elevata e testimonianze eccellenti possono aiutarti ad aumentare gli acquisti dal tuo sito. Inoltre, il pulsante di reindirizzamento pu\u00f2 contribuire a ricevere pi\u00f9 recensioni da parte degli utenti relative ai tuoi servizi su Booking. <\/p> <\/div>\r\n\t\t\t\t\t<\/div>\r\n\t\t\t\t<\/div> <div class=\"faq-item\">\r\n\t\t\t\t\t<div class=\"faq-item-question\">\r\n\t\t\t\t\t\t<h3 class=\"faq-item-question-text\">Come posso installare Booking Reviews sul mio sito Wix?<\/h3>\r\n\r\n\t\t\t\t\t\t<div class=\"faq-item-question-icon\"><\/div>\r\n\t\t\t\t\t<\/div>\r\n\r\n\t\t\t\t\t<div class=\"faq-item-answer\">\r\n\t\t\t\t\t\t<div class=\"faq-item-answer-text\"> <p>Hai solo bisogno di un minuto di tempo per iniziare a utilizzare il widget. L&#8217;incorporamento \u00e8 estremamente veloce, gratuito e privo di codifica. <\/p> <ol><li>Puoi introdurre il widget nel tuo sito direttamente attraverso il nostro servizio. Per realizzarlo, applica le istruzioni in basso in questa pagina. <\/li> <li>Il widget pu\u00f2 essere impostato tramite il nostro servizio o tramite il marketplace. Qui puoi vedere di pi\u00f9 sulle due opzioni e decidere quale \u00e8 pi\u00f9 adatta. <\/li> <\/ol> <\/div>\r\n\t\t\t\t\t<\/div>\r\n\t\t\t\t<\/div> <\/div> <\/div> <div class=\"application-platform-content-item-features application-platform-content-item\" id=\"features\" data-nav-section=\"features\"> <h2>Caratteristiche<\/h2> <p>Per avere una percezione pi\u00f9 chiara delle Recensioni delle Prenotazioni, visualizza la elenco delle sue principali caratteristiche. Rendono il nostro widget estremamente vantaggioso per il tuo negozio: <\/p> <ul> <li>3 filtri pronti all&#8217;uso: per tipo, esclusione per e quantit\u00e0 di recensioni da visualizzare; <\/li> <li> Intestazione completamente flessibile del widget; <\/li> <li>Due opzioni di scenari di rifiuto della richiesta di revisione: mostrare un messaggio personalizzato o nascondere il pulsante. <\/li> <\/ul><p><a href=\"#demo\">Controlla tutte le funzionalit\u00e0 nella demo<\/a><\/p> <\/div> <div class=\"application-platform-content-item-installation application-platform-content-item\" id=\"installation\" data-nav-section=\"installation\"> <h2>Scopri come per integrare le recensioni di prenotazione nel tuo sito Wix<\/h2> <div class=\"video-container\"><iframe width=\"560\" height=\"315\" src=\"https:\/\/www.youtube.com\/embed\/wD7ug5Fj8eI?si=_5ZMUDqe6f1E5jmI\" frameborder=\"0\" allow=\"accelerometer; autoplay; clipboard-write; encrypted-media; gyroscope; picture-in-picture; web-share\" allowfullscreen><\/iframe><\/div><p>Le seguenti azioni sono l&#8217;unica cosa che devi visualizzare. <\/p> <ol><li><b>Costruisci il tuo plugin personale per le recensioni di prenotazione<\/b><br> Con l&#8217;aiuto della nostra demo gratuita, crea un plugin con una composizione e caratteristiche funzionali selezionate. <\/li><li><b>Ricevi il codice personale per incorporare il plugin<\/b><br> Dopo aver creato il tuo widget, acquisirai il codice individuale dalla notifica popup sulle App Elfsight. Copia il codice per un ulteriore utilizzo. <\/li> <li><b>Incorpora il plugin nel tuo sito web Wix<\/b><br> Scegli il luogo in cui desideri incorporare il plugin e inserisci l\u00ec il codice copiato. Pubblica i risultati. <\/li> <li><b>Hai finito! <\/b><br> Inserisci il tuo sito web per controllare il tuo plugin. <\/li> <\/ol><p>Non sei ancora sicuro? O riscontri problemi? Basta scrivere una richiesta al nostro servizio clienti per risolvere qualsiasi problema. <\/p> <\/div>\n","protected":false},"excerpt":{"rendered":"","protected":false},"author":9,"featured_media":0,"parent":2892,"menu_order":0,"comment_status":"closed","ping_status":"closed","template":"templates\/template-application-platform.php","meta":{"publish_to_discourse":"","publish_post_category":"","wpdc_auto_publish_overridden":"","wpdc_topic_tags":"","wpdc_pin_topic":"","wpdc_pin_until":"","discourse_post_id":"","discourse_permalink":"","wpdc_publishing_response":"","wpdc_publishing_error":"","footnotes":""},"class_list":["post-3906","page","type-page","status-publish","hentry"],"yoast_head":"<!-- This site is optimized with the Yoast SEO plugin v25.3.1 - https:\/\/yoast.com\/wordpress\/plugins\/seo\/ -->\n<title>Incorpora le recensioni delle prenotazioni sul sito Wix (facile e veloce)<\/title>\n<meta name=\"description\" content=\"Con Elfsight, crea le tue recensioni di prenotazione e pubblicale rapidamente sulla tua pagina Wix. Abbiamo un servizio clienti gratuito e altri bonus.\" \/>\n<meta name=\"robots\" content=\"index, follow, max-snippet:-1, max-image-preview:large, max-video-preview:-1\" \/>\n<link rel=\"canonical\" href=\"https:\/\/elfsight.com\/it\/booking-reviews-widget\/wix\/\" \/>\n<meta property=\"og:locale\" content=\"it_IT\" \/>\n<meta property=\"og:type\" content=\"article\" \/>\n<meta property=\"og:title\" content=\"Incorpora le recensioni delle prenotazioni sul sito Wix (facile e veloce)\" \/>\n<meta property=\"og:description\" content=\"Con Elfsight, crea le tue recensioni di prenotazione e pubblicale rapidamente sulla tua pagina Wix. Abbiamo un servizio clienti gratuito e altri bonus.\" \/>\n<meta property=\"og:url\" content=\"https:\/\/elfsight.com\/it\/booking-reviews-widget\/wix\/\" \/>\n<meta property=\"og:site_name\" content=\"Elfsight IT\" \/>\n<meta property=\"article:modified_time\" content=\"2025-03-19T14:11:01+00:00\" \/>\n<meta name=\"twitter:card\" content=\"summary_large_image\" \/>\n<meta name=\"twitter:label1\" content=\"Tempo di lettura stimato\" \/>\n\t<meta name=\"twitter:data1\" content=\"3 minuti\" \/>\n<!-- \/ Yoast SEO plugin. -->","yoast_head_json":{"title":"Incorpora le recensioni delle prenotazioni sul sito Wix (facile e veloce)","description":"Con Elfsight, crea le tue recensioni di prenotazione e pubblicale rapidamente sulla tua pagina Wix. Abbiamo un servizio clienti gratuito e altri bonus.","robots":{"index":"index","follow":"follow","max-snippet":"max-snippet:-1","max-image-preview":"max-image-preview:large","max-video-preview":"max-video-preview:-1"},"canonical":"https:\/\/elfsight.com\/it\/booking-reviews-widget\/wix\/","og_locale":"it_IT","og_type":"article","og_title":"Incorpora le recensioni delle prenotazioni sul sito Wix (facile e veloce)","og_description":"Con Elfsight, crea le tue recensioni di prenotazione e pubblicale rapidamente sulla tua pagina Wix. Abbiamo un servizio clienti gratuito e altri bonus.","og_url":"https:\/\/elfsight.com\/it\/booking-reviews-widget\/wix\/","og_site_name":"Elfsight IT","article_modified_time":"2025-03-19T14:11:01+00:00","twitter_card":"summary_large_image","twitter_misc":{"Tempo di lettura stimato":"3 minuti"},"schema":{"@context":"https:\/\/schema.org","@graph":[{"@type":"WebPage","@id":"https:\/\/elfsight.com\/it\/booking-reviews-widget\/wix\/","url":"https:\/\/elfsight.com\/it\/booking-reviews-widget\/wix\/","name":"Incorpora le recensioni delle prenotazioni sul sito Wix (facile e veloce)","isPartOf":{"@id":"https:\/\/elfsight.com\/it\/#website"},"datePublished":"2024-05-03T06:30:55+00:00","dateModified":"2025-03-19T14:11:01+00:00","description":"Con Elfsight, crea le tue recensioni di prenotazione e pubblicale rapidamente sulla tua pagina Wix. Abbiamo un servizio clienti gratuito e altri bonus.","breadcrumb":{"@id":"https:\/\/elfsight.com\/it\/booking-reviews-widget\/wix\/#breadcrumb"},"inLanguage":"it-IT","potentialAction":[{"@type":"ReadAction","target":["https:\/\/elfsight.com\/it\/booking-reviews-widget\/wix\/"]}]},{"@type":"BreadcrumbList","@id":"https:\/\/elfsight.com\/it\/booking-reviews-widget\/wix\/#breadcrumb","itemListElement":[{"@type":"ListItem","position":1,"name":"Home","item":"https:\/\/elfsight.com\/it\/"},{"@type":"ListItem","position":2,"name":"Booking Reviews","item":"https:\/\/elfsight.com\/it\/booking-reviews-widget\/"},{"@type":"ListItem","position":3,"name":"Booking Reviews &#8211; Wix"}]},{"@type":"WebSite","@id":"https:\/\/elfsight.com\/it\/#website","url":"https:\/\/elfsight.com\/it\/","name":"Elfsight IT","description":"Just another Elfsight Sites site","potentialAction":[{"@type":"SearchAction","target":{"@type":"EntryPoint","urlTemplate":"https:\/\/elfsight.com\/it\/?s={search_term_string}"},"query-input":{"@type":"PropertyValueSpecification","valueRequired":true,"valueName":"search_term_string"}}],"inLanguage":"it-IT"}]}},"meta_box":{"industry":"","seo_heading":"","heading":"","description":"","cta_heading":"","cta_description":"","application":"2891","h1":"Recensioni di prenotazioni Wix","h1_caption":"Visualizza le recensioni di booking.com per attirare pi\u00f9 ospiti mostrando facilmente le esperienze positive dei visitatori precedenti nel tuo sito Wix.","application_category":[],"applications_title":"","applications_request_title":"","applications_request_button_text":"","hero_text":"","hero_video":"","hero_video_schema_markup":"","selling_points_title":"","selling_points_caption":"","selling_points":[],"selling_points_cta_text":"","features_title":"","features":"","ed_cta_examples_text":"","ed_cta_examples_hidden":"","ed_cta_demo_text":"","ed_cta_demo_hidden":"","why_caption":"","why_editor_title":"","why_editor_text":"","why_team_title":"","why_team_text":"","why_service_title":"","why_service_text":"","template_catalog_visible":"0","template_catalog_title":"","template_catalog_text":"","template_catalog_categories_visible":"","demo_title":"Crea la tua app per le recensioni delle prenotazioni","demo_caption":"Configura le tue recensioni di prenotazione e aggiungile gratuitamente al tuo sito Wix!","default_faq_hidden":"","app_template_category":[],"platform":"29","template_public_id":"","codecanyon_url":"","codecanyon_item_id":"","codecanyon_price":"","pricing_caption":"","pricing_elfsight_apps_hide_column":"","pricing_elfsight_apps_url":"","pricing_codecanyon_price_caption":"","integration_category":[],"integration_request_title":"","integration_request_cta":"","integration_platform":"","integrations":[],"platform_category":[],"video_schema_markup":"","price":"da $ 0 al mese","trial":"","benefits":[{"text":"Aiuto gratuito per l'installazione"},{"text":"Servizio clienti competente"},{"text":"Garanzia di rimborso di 14 giorni"},{"text":"Aggiornamento costante"}],"button_url":"#demo","button_target_blank":"0","button_nofollow":"0","attributes":[{"name":"Installazioni"},{"name":"Reattivo","content":"S\u00cc"},{"name":"Browser compatibili","content":"Firefox, Safari, Opera, Chrome, Edge"}],"tags":[],"tags_disable_links":"0","hide_more_platforms":"0","video_object":"","demo_hide_cta":"0","demo_hide_cloud_options":"0","pricing_title":"","pricing":[{"pricing_icon":"platform","pricing_title":"Elfsight Apps","pricing_title_caption":"Software multipiattaforma","pricing_price":"da $ 0 \/ mese","pricing_price_caption":"inizia con il piano gratuito","pricing_benefits":[{"text":"Domini illimitati"},{"text":"Supporto veloce"},{"text":"Supporto gratuito per l'installazione"},{"text":"Offerta speciale per pi\u00f9 app"}],"pricing_button_text":"Aggiungi al sito web","pricing_button_url":"#demo"}],"related_apps_title":"","related_apps_hidden":"0","author":"","image":[],"title":"","job":"","social_networks":[]},"_links":{"self":[{"href":"https:\/\/elfsight.com\/it\/wp-json\/wp\/v2\/pages\/3906","targetHints":{"allow":["GET"]}}],"collection":[{"href":"https:\/\/elfsight.com\/it\/wp-json\/wp\/v2\/pages"}],"about":[{"href":"https:\/\/elfsight.com\/it\/wp-json\/wp\/v2\/types\/page"}],"author":[{"embeddable":true,"href":"https:\/\/elfsight.com\/it\/wp-json\/wp\/v2\/users\/9"}],"replies":[{"embeddable":true,"href":"https:\/\/elfsight.com\/it\/wp-json\/wp\/v2\/comments?post=3906"}],"version-history":[{"count":3,"href":"https:\/\/elfsight.com\/it\/wp-json\/wp\/v2\/pages\/3906\/revisions"}],"predecessor-version":[{"id":9288,"href":"https:\/\/elfsight.com\/it\/wp-json\/wp\/v2\/pages\/3906\/revisions\/9288"}],"up":[{"embeddable":true,"href":"https:\/\/elfsight.com\/it\/wp-json\/wp\/v2\/pages\/2892"}],"wp:attachment":[{"href":"https:\/\/elfsight.com\/it\/wp-json\/wp\/v2\/media?parent=3906"}],"curies":[{"name":"wp","href":"https:\/\/api.w.org\/{rel}","templated":true}]}}