{"id":3901,"date":"2024-05-03T06:30:54","date_gmt":"2024-05-03T06:30:54","guid":{"rendered":"https:\/\/elfsight.com\/it\/?page_id=3901"},"modified":"2025-03-19T14:03:57","modified_gmt":"2025-03-19T14:03:57","slug":"weebly","status":"publish","type":"page","link":"https:\/\/elfsight.com\/it\/booking-reviews-widget\/weebly\/","title":{"rendered":"Booking Reviews &#8211; Weebly"},"content":{"rendered":"\n<div class=\"application-platform-content-item-description application-platform-content-item\" id=\"description\" data-nav-section=\"description\"> <h2>Descrizione<\/h2> <p>Elfsight Booking Reviews \u00e8 un widget semplice che ti consente di inserire sul tuo sito web recensioni relative al soggiorno a casa tua dagli utenti di Booking. Utilizzando questo widget, puoi applicare filtri per selezionare le recensioni negative, vantare le valutazioni in stelle e numeri di Booking, fornire informazioni sugli autori e aggiungere un pulsante che reindirizzer\u00e0 i visitatori ad aggiungere la loro recensione su Booking. Elfsight Booking Reviews ti aiuter\u00e0 a mostrare la tua perfetta prova sociale sul tuo sito web personale e ad aumentare le vendite.<\/p> <div class=\"faq\" data-component=\"FAQ\"><div class=\"faq-item\">\r\n\t\t\t\t\t<div class=\"faq-item-question\">\r\n\t\t\t\t\t\t<h3 class=\"faq-item-question-text\">Dove posso visualizzarlo<\/h3>\r\n\r\n\t\t\t\t\t\t<div class=\"faq-item-question-icon\"><\/div>\r\n\t\t\t\t\t<\/div>\r\n\r\n\t\t\t\t\t<div class=\"faq-item-answer\">\r\n\t\t\t\t\t\t<div class=\"faq-item-answer-text\"> <p>Puoi aggiungere il widget di recensione in qualsiasi pagina del sito web o aggiungilo al modello, in modo che venga visualizzato su tutte le pagine. Le recensioni faranno un buon lavoro sulle pagine dei prodotti o sulla pagina Chi siamo, dove devi dimostrare la tua alta valutazione.<\/p> <\/div>\r\n\t\t\t\t\t<\/div>\r\n\t\t\t\t<\/div><div class=\"faq-item\">\r\n\t\t\t\t\t<div class=\"faq-item-question\">\r\n\t\t\t\t\t\t<h3 class=\"faq-item-question-text\">Quali vantaggi mi dar\u00e0?<\/h3>\r\n\r\n\t\t\t\t\t\t<div class=\"faq-item-question-icon\"><\/div>\r\n\t\t\t\t\t<\/div>\r\n\r\n\t\t\t\t\t<div class=\"faq-item-answer\">\r\n\t\t\t\t\t\t<div class=\"faq-item-answer-text\"> <p>Recensioni da le persone reali sono estremamente credibili per i visitatori del tuo sito e indicano loro che la tua azienda \u00e8 un partner affidabile. Una valutazione elevata e impressioni eccellenti possono aiutare a rafforzare le vendite dal tuo sito web. Inoltre, il pulsante di reindirizzamento pu\u00f2 contribuire ad aumentare la quantit\u00e0 di recensioni dei clienti relative alla tua attivit\u00e0 su Booking.<\/p> <\/div>\r\n\t\t\t\t\t<\/div>\r\n\t\t\t\t<\/div> <div class=\"faq-item\">\r\n\t\t\t\t\t<div class=\"faq-item-question\">\r\n\t\t\t\t\t\t<h3 class=\"faq-item-question-text\">Di cosa ho bisogno per installare Booking Reviews sul mio sito Weebly?<\/h3>\r\n\r\n\t\t\t\t\t\t<div class=\"faq-item-question-icon\"><\/div>\r\n\t\t\t\t\t<\/div>\r\n\r\n\t\t\t\t\t<div class=\"faq-item-answer\">\r\n\t\t\t\t\t\t<div class=\"faq-item-answer-text\"> <p>Ti serve solo un minuto del tuo tempo per iniziare a utilizzare il widget. Il processo \u00e8 davvero rapido, gratuito e non richiede codifica.<\/p> <ol><li>C&#8217;\u00e8 un&#8217;opzione per impostare il widget sulla tua pagina web tramite il nostro servizio. Per questo, vedere una breve istruzione di seguito in questa pagina.<\/li> <li>Le recensioni di prenotazione Elfsight possono essere impostate direttamente tramite il nostro servizio o tramite il mercato. Qui puoi vedere tutti i dettagli sulle due varianti e selezionare quella pi\u00f9 adatta a te.<\/li> <\/ol> <\/div>\r\n\t\t\t\t\t<\/div>\r\n\t\t\t\t<\/div> <\/div> <\/div> <div class=\"application-platform-content-item-features application-platform-content-item\" id=\"features\" data-nav-section=\"features\"> <h2>Caratteristiche <\/h2> <p>Per comprendere meglio Booking Reviews, scopri l&#8217;elenco delle sue funzioni principali. Rendono questo widget incredibilmente efficace per il tuo negozio: <\/p> <ul> <li>Quattro layout disponibili: Elenco, Griglia, Massoneria e Slider;<\/li> <li>Il pulsante di richiesta di revisione porta gli utenti alla pagina di prenotazione; <\/li> <li>Due possibili scenari dopo il rifiuto della richiesta di revisione: visualizzare il messaggio o rimuovere il pulsante.<\/li> <\/ul><p><a href=\"#demo\">Per verificare altre funzionalit\u00e0, vedere la demo <\/a><\/p> <\/div> <div class=\"application-platform-content-item-installation application-platform-content-item\" id=\"installation\" data-nav-section=\"installation\"> <h2>Come aggiungere recensioni di prenotazione al tuo sito web Weebly<\/h2><div class=\"video-container\"><iframe width=\"560\" height=\"315\" src=\"https:\/\/www.youtube.com\/embed\/IWMpmAJg0FE?si=_-RThZPNdHQVFJ2e\" frameborder=\"0\" allow=\"accelerometer; autoplay; clipboard-write; encrypted-media; gyroscope; picture-in-picture; web-share\" allowfullscreen><\/iframe><\/div><p>I passaggi seguenti sono l&#8217;unica cosa che devi fare per averlo installato e funzionante.<\/p> <ol><li><b>Utilizza il nostro editor gratuito e inizia a creare la tua app personalizzata. <\/b><br> Determina il design desiderabile e i tratti funzionali dell&#8217;app e applica tutte le correzioni. <\/li> <li><b>Acquisisci il codice personale riportato nell&#8217;apposito form su Elfsight Apps. <\/b><br> Una volta terminata la personalizzazione della tua app personale, copia il codice nella finestra visualizzata e conservalo per un&#8217;occasione successiva. <\/li> <li><b>Inizia a utilizzare l&#8217;app sul sito Weebly. <\/b><br> Aggiungi il codice che hai salvato di recente nel tuo sito e applica le modifiche. <\/li> <li><b>Il gioco \u00e8 fatto! La configurazione \u00e8 completamente eseguita. <\/b><br> Vai alla tua pagina web per vedere il lavoro dell&#8217;app. <\/li><\/ol><p>Ancora indeciso? O riscontri problemi? Basta una singola richiesta al nostro reparto di assistenza clienti per risolvere qualsiasi problema.<\/p> <\/div>\n","protected":false},"excerpt":{"rendered":"","protected":false},"author":9,"featured_media":0,"parent":2892,"menu_order":0,"comment_status":"closed","ping_status":"closed","template":"templates\/template-application-platform.php","meta":{"publish_to_discourse":"","publish_post_category":"","wpdc_auto_publish_overridden":"","wpdc_topic_tags":"","wpdc_pin_topic":"","wpdc_pin_until":"","discourse_post_id":"","discourse_permalink":"","wpdc_publishing_response":"","wpdc_publishing_error":"","footnotes":""},"class_list":["post-3901","page","type-page","status-publish","hentry"],"yoast_head":"<!-- This site is optimized with the Yoast SEO plugin v25.3.1 - https:\/\/yoast.com\/wordpress\/plugins\/seo\/ -->\n<title>Incorpora recensioni di prenotazione sul sito Web Weebly (2025)<\/title>\n<meta name=\"description\" content=\"Con Elfsight dai forma alle tue Recensioni di Prenotazione e inseriscile velocemente nella pagina web di Weebly. Abbiamo assistenza clienti gratuita e pi\u00f9 bonus.\" \/>\n<meta name=\"robots\" content=\"index, follow, max-snippet:-1, max-image-preview:large, max-video-preview:-1\" \/>\n<link rel=\"canonical\" href=\"https:\/\/elfsight.com\/it\/booking-reviews-widget\/weebly\/\" \/>\n<meta property=\"og:locale\" content=\"it_IT\" \/>\n<meta property=\"og:type\" content=\"article\" \/>\n<meta property=\"og:title\" content=\"Incorpora recensioni di prenotazione sul sito Web Weebly (2025)\" \/>\n<meta property=\"og:description\" content=\"Con Elfsight dai forma alle tue Recensioni di Prenotazione e inseriscile velocemente nella pagina web di Weebly. Abbiamo assistenza clienti gratuita e pi\u00f9 bonus.\" \/>\n<meta property=\"og:url\" content=\"https:\/\/elfsight.com\/it\/booking-reviews-widget\/weebly\/\" \/>\n<meta property=\"og:site_name\" content=\"Elfsight IT\" \/>\n<meta property=\"article:modified_time\" content=\"2025-03-19T14:03:57+00:00\" \/>\n<meta name=\"twitter:card\" content=\"summary_large_image\" \/>\n<meta name=\"twitter:label1\" content=\"Tempo di lettura stimato\" \/>\n\t<meta name=\"twitter:data1\" content=\"3 minuti\" \/>\n<!-- \/ Yoast SEO plugin. -->","yoast_head_json":{"title":"Incorpora recensioni di prenotazione sul sito Web Weebly (2025)","description":"Con Elfsight dai forma alle tue Recensioni di Prenotazione e inseriscile velocemente nella pagina web di Weebly. Abbiamo assistenza clienti gratuita e pi\u00f9 bonus.","robots":{"index":"index","follow":"follow","max-snippet":"max-snippet:-1","max-image-preview":"max-image-preview:large","max-video-preview":"max-video-preview:-1"},"canonical":"https:\/\/elfsight.com\/it\/booking-reviews-widget\/weebly\/","og_locale":"it_IT","og_type":"article","og_title":"Incorpora recensioni di prenotazione sul sito Web Weebly (2025)","og_description":"Con Elfsight dai forma alle tue Recensioni di Prenotazione e inseriscile velocemente nella pagina web di Weebly. Abbiamo assistenza clienti gratuita e pi\u00f9 bonus.","og_url":"https:\/\/elfsight.com\/it\/booking-reviews-widget\/weebly\/","og_site_name":"Elfsight IT","article_modified_time":"2025-03-19T14:03:57+00:00","twitter_card":"summary_large_image","twitter_misc":{"Tempo di lettura stimato":"3 minuti"},"schema":{"@context":"https:\/\/schema.org","@graph":[{"@type":"WebPage","@id":"https:\/\/elfsight.com\/it\/booking-reviews-widget\/weebly\/","url":"https:\/\/elfsight.com\/it\/booking-reviews-widget\/weebly\/","name":"Incorpora recensioni di prenotazione sul sito Web Weebly (2025)","isPartOf":{"@id":"https:\/\/elfsight.com\/it\/#website"},"datePublished":"2024-05-03T06:30:54+00:00","dateModified":"2025-03-19T14:03:57+00:00","description":"Con Elfsight dai forma alle tue Recensioni di Prenotazione e inseriscile velocemente nella pagina web di Weebly. Abbiamo assistenza clienti gratuita e pi\u00f9 bonus.","breadcrumb":{"@id":"https:\/\/elfsight.com\/it\/booking-reviews-widget\/weebly\/#breadcrumb"},"inLanguage":"it-IT","potentialAction":[{"@type":"ReadAction","target":["https:\/\/elfsight.com\/it\/booking-reviews-widget\/weebly\/"]}]},{"@type":"BreadcrumbList","@id":"https:\/\/elfsight.com\/it\/booking-reviews-widget\/weebly\/#breadcrumb","itemListElement":[{"@type":"ListItem","position":1,"name":"Home","item":"https:\/\/elfsight.com\/it\/"},{"@type":"ListItem","position":2,"name":"Booking Reviews","item":"https:\/\/elfsight.com\/it\/booking-reviews-widget\/"},{"@type":"ListItem","position":3,"name":"Booking Reviews &#8211; Weebly"}]},{"@type":"WebSite","@id":"https:\/\/elfsight.com\/it\/#website","url":"https:\/\/elfsight.com\/it\/","name":"Elfsight IT","description":"Just another Elfsight Sites site","potentialAction":[{"@type":"SearchAction","target":{"@type":"EntryPoint","urlTemplate":"https:\/\/elfsight.com\/it\/?s={search_term_string}"},"query-input":{"@type":"PropertyValueSpecification","valueRequired":true,"valueName":"search_term_string"}}],"inLanguage":"it-IT"}]}},"meta_box":{"industry":"","seo_heading":"","heading":"","description":"","cta_heading":"","cta_description":"","application":"2891","h1":"Recensioni di Weebly Booking.com","h1_caption":"Visualizza le recensioni di booking.com per attirare pi\u00f9 ospiti mostrando facilmente le esperienze positive dei visitatori precedenti nel tuo sito web Weebly.","application_category":[],"applications_title":"","applications_request_title":"","applications_request_button_text":"","hero_text":"","hero_video":"","hero_video_schema_markup":"","selling_points_title":"","selling_points_caption":"","selling_points":[],"selling_points_cta_text":"","features_title":"","features":"","ed_cta_examples_text":"","ed_cta_examples_hidden":"","ed_cta_demo_text":"","ed_cta_demo_hidden":"","why_caption":"","why_editor_title":"","why_editor_text":"","why_team_title":"","why_team_text":"","why_service_title":"","why_service_text":"","template_catalog_visible":"0","template_catalog_title":"","template_catalog_text":"","template_catalog_categories_visible":"","demo_title":"Crea la tua app per le recensioni delle prenotazioni","demo_caption":"Configura le tue recensioni di prenotazione e aggiungile gratuitamente al tuo sito Web Weebly!","default_faq_hidden":"","app_template_category":[],"platform":"45","template_public_id":"","codecanyon_url":"","codecanyon_item_id":"","codecanyon_price":"","pricing_caption":"","pricing_elfsight_apps_hide_column":"","pricing_elfsight_apps_url":"","pricing_codecanyon_price_caption":"","integration_category":[],"integration_request_title":"","integration_request_cta":"","integration_platform":"","integrations":[],"platform_category":[],"video_schema_markup":"","price":"da $ 0 al mese","trial":"","benefits":[{"text":"Servizio di installazione gratuito"},{"text":"Supporto premium"},{"text":"Garanzia di rimborso di 14 giorni"},{"text":"Sviluppo continuo"}],"button_url":"#demo","button_target_blank":"0","button_nofollow":"0","attributes":[{"name":"Installazioni"},{"name":"Reattivo","content":"S\u00cc"},{"name":"Browser compatibili","content":"Chrome, Edge, Safari, Opera, Firefox"}],"tags":[],"tags_disable_links":"0","hide_more_platforms":"0","video_object":"","demo_hide_cta":"0","demo_hide_cloud_options":"0","pricing_title":"","pricing":[{"pricing_icon":"platform","pricing_title":"Elfsight Apps","pricing_title_caption":"Soluzione digitale multipiattaforma","pricing_price":"da $ 0 \/ mese","pricing_price_caption":"inizia con un piano gratuito","pricing_benefits":[{"text":"Siti web illimitati"},{"text":"Supporto aziendale gratuito"},{"text":"Servizio di installazione gratuito"},{"text":"Progettazione flessibile"}],"pricing_button_text":"Aggiungi al sito web","pricing_button_url":"#demo"}],"related_apps_title":"","related_apps_hidden":"0","author":"","image":[],"title":"","job":"","social_networks":[]},"_links":{"self":[{"href":"https:\/\/elfsight.com\/it\/wp-json\/wp\/v2\/pages\/3901","targetHints":{"allow":["GET"]}}],"collection":[{"href":"https:\/\/elfsight.com\/it\/wp-json\/wp\/v2\/pages"}],"about":[{"href":"https:\/\/elfsight.com\/it\/wp-json\/wp\/v2\/types\/page"}],"author":[{"embeddable":true,"href":"https:\/\/elfsight.com\/it\/wp-json\/wp\/v2\/users\/9"}],"replies":[{"embeddable":true,"href":"https:\/\/elfsight.com\/it\/wp-json\/wp\/v2\/comments?post=3901"}],"version-history":[{"count":3,"href":"https:\/\/elfsight.com\/it\/wp-json\/wp\/v2\/pages\/3901\/revisions"}],"predecessor-version":[{"id":9287,"href":"https:\/\/elfsight.com\/it\/wp-json\/wp\/v2\/pages\/3901\/revisions\/9287"}],"up":[{"embeddable":true,"href":"https:\/\/elfsight.com\/it\/wp-json\/wp\/v2\/pages\/2892"}],"wp:attachment":[{"href":"https:\/\/elfsight.com\/it\/wp-json\/wp\/v2\/media?parent=3901"}],"curies":[{"name":"wp","href":"https:\/\/api.w.org\/{rel}","templated":true}]}}