{"id":3900,"date":"2024-05-03T06:30:53","date_gmt":"2024-05-03T06:30:53","guid":{"rendered":"https:\/\/elfsight.com\/it\/?page_id=3900"},"modified":"2024-11-12T08:57:20","modified_gmt":"2024-11-12T08:57:20","slug":"webnode","status":"publish","type":"page","link":"https:\/\/elfsight.com\/it\/booking-reviews-widget\/webnode\/","title":{"rendered":"Booking Reviews &#8211; Webnode"},"content":{"rendered":"<div class=\"application-platform-content-item-description application-platform-content-item\" id=\"description\" data-nav-section=\"description\"> <h2>Descrizione<\/h2> <p>Se vuoi mostrare la tua valutazione elevata e convincere i visitatori del sito che vale la pena acquistare le tue offerte, Elfsight Booking Il widget Recensioni \u00e8 adatto a te. Utilizzando questo strumento, inserirai facilmente le recensioni dei clienti di Booking sul tuo sito web con informazioni sui loro autori, le filtrerai per rivelare solo le migliori, aggiungerai valutazioni e un pulsante attivo, che condurr\u00e0 gli utenti al tuo account Booking, in modo che possano condividerle. la loro recensione. <\/p> <div class=\"faq\" data-component=\"FAQ\"><div class=\"faq-item\">\r\n\t\t\t\t\t<div class=\"faq-item-question\">\r\n\t\t\t\t\t\t<h3 class=\"faq-item-question-text\">Dove posso installarlo sul mio sito<\/h3>\r\n\r\n\t\t\t\t\t\t<div class=\"faq-item-question-icon\"><\/div>\r\n\t\t\t\t\t<\/div>\r\n\r\n\t\t\t\t\t<div class=\"faq-item-answer\">\r\n\t\t\t\t\t\t<div class=\"faq-item-answer-text\"> <p>Puoi visualizzare il widget di revisione su qualsiasi pagina del sito Web o incollarlo nel modello del sito Web e verr\u00e0 visualizzato su tutte le pagine. Le recensioni possono essere efficaci sulle pagine dei prodotti o sulla pagina Chi siamo, i luoghi in cui desideri impressionare gli utenti con la tua valutazione elevata. <\/p> <\/div>\r\n\t\t\t\t\t<\/div>\r\n\t\t\t\t<\/div><div class=\"faq-item\">\r\n\t\t\t\t\t<div class=\"faq-item-question\">\r\n\t\t\t\t\t\t<h3 class=\"faq-item-question-text\">Quali vantaggi pu\u00f2 darmi?<\/h3>\r\n\r\n\t\t\t\t\t\t<div class=\"faq-item-question-icon\"><\/div>\r\n\t\t\t\t\t<\/div>\r\n\r\n\t\t\t\t\t<div class=\"faq-item-answer\">\r\n\t\t\t\t\t\t<div class=\"faq-item-answer-text\"> <p>Le recensioni scritte da persone reali sembrano estremamente credibili per i clienti del tuo sito web e indicano loro che ci si pu\u00f2 fidare della tua azienda. Una valutazione elevata e buone testimonianze possono aiutarti ad aumentare il livello degli acquisti sul tuo sito. Inoltre, il pulsante di reindirizzamento pu\u00f2 contribuire ad avere pi\u00f9 recensioni degli utenti relative alla tua attivit\u00e0 su Booking. <\/p> <\/div>\r\n\t\t\t\t\t<\/div>\r\n\t\t\t\t<\/div> <div class=\"faq-item\">\r\n\t\t\t\t\t<div class=\"faq-item-question\">\r\n\t\t\t\t\t\t<h3 class=\"faq-item-question-text\">Come posso aggiungere recensioni di prenotazione al mio sito Webnode?<\/h3>\r\n\r\n\t\t\t\t\t\t<div class=\"faq-item-question-icon\"><\/div>\r\n\t\t\t\t\t<\/div>\r\n\r\n\t\t\t\t\t<div class=\"faq-item-answer\">\r\n\t\t\t\t\t\t<div class=\"faq-item-answer-text\"> <p>Ci vorr\u00e0 solo un minuto per iniziare a utilizzare il widget. \u00c8 estremamente veloce, gratuito e senza codifica. <\/p> <ol><li>Puoi integrare il widget nel tuo sito web direttamente tramite il nostro servizio. Basta applicare le istruzioni riportate di seguito in questa pagina. <\/li> <li>Le recensioni delle prenotazioni Elfsight possono essere inserite sul nostro servizio o tramite il marketplace. Puoi leggere maggiori dettagli su queste varianti e scegliere la tua. <\/li> <\/ol> <\/div>\r\n\t\t\t\t\t<\/div>\r\n\t\t\t\t<\/div> <\/div> <\/div> <div class=\"application-platform-content-item-features application-platform-content-item\" id=\"features\" data-nav-section=\"features\"> <h2>Caratteristiche<\/h2> <p>Per avere un&#8217;idea completa delle recensioni delle prenotazioni, scopri le elenco delle sue caratteristiche pi\u00f9 importanti. Rendono il widget massimamente efficace per il tuo sito web: <\/p> <ul> <li>Quattro layout disponibili: Elenco, Griglia, Massoneria e Slider; <\/li> <li> Intestazione completamente flessibile del widget; <\/li> <li>6 elementi regolabili del widget: nome e foto dell&#8217;autore, testo del consiglio, data di condivisione, icona di prenotazione e valutazione in stelle; <\/li> <\/ul><p><a href=\"#demo\">Per vedere pi\u00f9 funzionalit\u00e0, guarda la nostra demo<\/a><\/p> <\/div> <div class=\"application-platform-content-item-installation application-platform-content-item\" id=\"installation\" data-nav-section=\"installation\"> <h2>Scopri come incorporare le recensioni delle prenotazioni nel tuo sito Webnode<\/h2> <p>Questi diversi passaggi sono l&#8217;unica cosa che devi fare per impostare il widget sulla tua pagina web. Ci vorr\u00e0 solo un minuto del tuo tempo e non una riga di codice. <\/p> <ol><li><b>Costruisci il tuo plugin unico per le recensioni di prenotazione<\/b><br> Con l&#8217;aiuto del nostro editor gratuito, genera un plugin con un aspetto personalizzato e caratteristiche funzionali. <\/li><li><b>Acquisisci il codice personale per installare il plugin<\/b><br> Dopo aver impostato il tuo widget, riceverai il tuo codice personale dalla notifica che appare sulle App Elfsight. Copia il codice per un uso futuro. <\/li> <li><b> Il plugin sul tuo sito Webnode<\/b><br> Seleziona l&#8217;area in cui vuoi posizionare il plugin e inserisci l\u00ec il codice copiato. Pubblica le modifiche. <\/li> <li><b>L&#8217;installazione \u00e8 completata<\/b><br> Vai alla tua pagina web per visualizzare le tue testimonianze. <\/li> <\/ol><p>Non sei ancora sicuro? O ti sei imbattuto in qualcosa? Basta una singola richiesta al nostro team di supporto per risolvere qualsiasi tipo di problema. <\/p> <\/div>","protected":false},"excerpt":{"rendered":"","protected":false},"author":9,"featured_media":0,"parent":2892,"menu_order":0,"comment_status":"closed","ping_status":"closed","template":"templates\/template-application-platform.php","meta":{"publish_to_discourse":"","publish_post_category":"","wpdc_auto_publish_overridden":"","wpdc_topic_tags":"","wpdc_pin_topic":"","wpdc_pin_until":"","discourse_post_id":"","discourse_permalink":"","wpdc_publishing_response":"","wpdc_publishing_error":"","footnotes":""},"class_list":["post-3900","page","type-page","status-publish","hentry"],"yoast_head":"<!-- This site is optimized with the Yoast SEO plugin v25.3.1 - https:\/\/yoast.com\/wordpress\/plugins\/seo\/ -->\n<title>Incorpora recensioni di prenotazione sul sito Webnode (gratuito e veloce)<\/title>\n<meta name=\"description\" content=\"Con Elfsight, progetta le tue recensioni di prenotazione e pubblicale rapidamente sulla tua pagina Webnode. Offriamo servizio clienti gratuito e altri bonus.\" \/>\n<meta name=\"robots\" content=\"index, follow, max-snippet:-1, max-image-preview:large, max-video-preview:-1\" \/>\n<link rel=\"canonical\" href=\"https:\/\/elfsight.com\/it\/booking-reviews-widget\/webnode\/\" \/>\n<meta property=\"og:locale\" content=\"it_IT\" \/>\n<meta property=\"og:type\" content=\"article\" \/>\n<meta property=\"og:title\" content=\"Incorpora recensioni di prenotazione sul sito Webnode (gratuito e veloce)\" \/>\n<meta property=\"og:description\" content=\"Con Elfsight, progetta le tue recensioni di prenotazione e pubblicale rapidamente sulla tua pagina Webnode. Offriamo servizio clienti gratuito e altri bonus.\" \/>\n<meta property=\"og:url\" content=\"https:\/\/elfsight.com\/it\/booking-reviews-widget\/webnode\/\" \/>\n<meta property=\"og:site_name\" content=\"Elfsight IT\" \/>\n<meta property=\"article:modified_time\" content=\"2024-11-12T08:57:20+00:00\" \/>\n<meta name=\"twitter:card\" content=\"summary_large_image\" \/>\n<meta name=\"twitter:label1\" content=\"Tempo di lettura stimato\" \/>\n\t<meta name=\"twitter:data1\" content=\"3 minuti\" \/>\n<!-- \/ Yoast SEO plugin. -->","yoast_head_json":{"title":"Incorpora recensioni di prenotazione sul sito Webnode (gratuito e veloce)","description":"Con Elfsight, progetta le tue recensioni di prenotazione e pubblicale rapidamente sulla tua pagina Webnode. Offriamo servizio clienti gratuito e altri bonus.","robots":{"index":"index","follow":"follow","max-snippet":"max-snippet:-1","max-image-preview":"max-image-preview:large","max-video-preview":"max-video-preview:-1"},"canonical":"https:\/\/elfsight.com\/it\/booking-reviews-widget\/webnode\/","og_locale":"it_IT","og_type":"article","og_title":"Incorpora recensioni di prenotazione sul sito Webnode (gratuito e veloce)","og_description":"Con Elfsight, progetta le tue recensioni di prenotazione e pubblicale rapidamente sulla tua pagina Webnode. Offriamo servizio clienti gratuito e altri bonus.","og_url":"https:\/\/elfsight.com\/it\/booking-reviews-widget\/webnode\/","og_site_name":"Elfsight IT","article_modified_time":"2024-11-12T08:57:20+00:00","twitter_card":"summary_large_image","twitter_misc":{"Tempo di lettura stimato":"3 minuti"},"schema":{"@context":"https:\/\/schema.org","@graph":[{"@type":"WebPage","@id":"https:\/\/elfsight.com\/it\/booking-reviews-widget\/webnode\/","url":"https:\/\/elfsight.com\/it\/booking-reviews-widget\/webnode\/","name":"Incorpora recensioni di prenotazione sul sito Webnode (gratuito e veloce)","isPartOf":{"@id":"https:\/\/elfsight.com\/it\/#website"},"datePublished":"2024-05-03T06:30:53+00:00","dateModified":"2024-11-12T08:57:20+00:00","description":"Con Elfsight, progetta le tue recensioni di prenotazione e pubblicale rapidamente sulla tua pagina Webnode. Offriamo servizio clienti gratuito e altri bonus.","breadcrumb":{"@id":"https:\/\/elfsight.com\/it\/booking-reviews-widget\/webnode\/#breadcrumb"},"inLanguage":"it-IT","potentialAction":[{"@type":"ReadAction","target":["https:\/\/elfsight.com\/it\/booking-reviews-widget\/webnode\/"]}]},{"@type":"BreadcrumbList","@id":"https:\/\/elfsight.com\/it\/booking-reviews-widget\/webnode\/#breadcrumb","itemListElement":[{"@type":"ListItem","position":1,"name":"Home","item":"https:\/\/elfsight.com\/it\/"},{"@type":"ListItem","position":2,"name":"Booking Reviews","item":"https:\/\/elfsight.com\/it\/booking-reviews-widget\/"},{"@type":"ListItem","position":3,"name":"Booking Reviews &#8211; Webnode"}]},{"@type":"WebSite","@id":"https:\/\/elfsight.com\/it\/#website","url":"https:\/\/elfsight.com\/it\/","name":"Elfsight IT","description":"Just another Elfsight Sites site","potentialAction":[{"@type":"SearchAction","target":{"@type":"EntryPoint","urlTemplate":"https:\/\/elfsight.com\/it\/?s={search_term_string}"},"query-input":{"@type":"PropertyValueSpecification","valueRequired":true,"valueName":"search_term_string"}}],"inLanguage":"it-IT"}]}},"meta_box":{"industry":"","seo_heading":"","heading":"","description":"","cta_heading":"","cta_description":"","application":"2891","h1":"Recensioni di Webnode Booking.com","h1_caption":"Visualizza le recensioni di booking.com per attirare pi\u00f9 ospiti mostrando facilmente le esperienze positive dei visitatori precedenti nel tuo sito Webnode.","application_category":[],"applications_title":"","applications_request_title":"","applications_request_button_text":"","hero_text":"","hero_video":"","hero_video_schema_markup":"","selling_points_title":"","selling_points_caption":"","selling_points":[],"selling_points_cta_text":"","features_title":"","features":"","ed_cta_examples_text":"","ed_cta_examples_hidden":"","ed_cta_demo_text":"","ed_cta_demo_hidden":"","why_caption":"","why_editor_title":"","why_editor_text":"","why_team_title":"","why_team_text":"","why_service_title":"","why_service_text":"","template_catalog_visible":"","template_catalog_title":"","template_catalog_text":"","template_catalog_categories_visible":"","demo_title":"Crea il tuo widget Recensioni di prenotazione","demo_caption":"Configura le tue recensioni di prenotazione e aggiungile gratuitamente al tuo sito Webnode!","default_faq_hidden":"","app_template_category":[],"platform":"47","template_public_id":"","codecanyon_url":"","codecanyon_item_id":"","codecanyon_price":"","pricing_caption":"","pricing_elfsight_apps_hide_column":"","pricing_elfsight_apps_url":"","pricing_codecanyon_price_caption":"","integration_category":[],"integration_request_title":"","integration_request_cta":"","integration_platform":"","integrations":[],"platform_category":[],"video_schema_markup":"","price":"da $ 0 al mese","trial":"","benefits":[{"text":"Assistenza gratuita per l'installazione"},{"text":"Supporto premium"},{"text":"Garanzia di rimborso di 14 giorni"},{"text":"Aggiornamenti gratuiti continui"}],"button_url":"#demo","button_target_blank":"","button_nofollow":"","attributes":[{"name":"Installazioni"},{"name":"Reattivo","content":"S\u00cc"},{"name":"Browser compatibili","content":"Edge, Chrome, Opera, Safari, Firefox"}],"tags":[],"tags_disable_links":"","hide_more_platforms":"","video_object":"","demo_hide_cta":"","demo_hide_cloud_options":"","pricing_title":"","pricing":[{"pricing_icon":"platform","pricing_title":"Elfsight Apps","pricing_title_caption":"Software multipiattaforma che funziona su qualsiasi sito","pricing_price":"da $ 0 \/ mese","pricing_price_caption":"inizia con il piano gratuito","pricing_benefits":[{"text":"Siti web illimitati"},{"text":"Supporto dedicato e puntuale"},{"text":"Servizio di installazione gratuito"},{"text":"Offerta speciale per pi\u00f9 app"}],"pricing_button_text":"Aggiungi al sito web","pricing_button_url":"#demo"}],"related_apps_title":"","related_apps_hidden":"","author":"","image":[],"title":"","job":"","social_networks":[]},"_links":{"self":[{"href":"https:\/\/elfsight.com\/it\/wp-json\/wp\/v2\/pages\/3900","targetHints":{"allow":["GET"]}}],"collection":[{"href":"https:\/\/elfsight.com\/it\/wp-json\/wp\/v2\/pages"}],"about":[{"href":"https:\/\/elfsight.com\/it\/wp-json\/wp\/v2\/types\/page"}],"author":[{"embeddable":true,"href":"https:\/\/elfsight.com\/it\/wp-json\/wp\/v2\/users\/9"}],"replies":[{"embeddable":true,"href":"https:\/\/elfsight.com\/it\/wp-json\/wp\/v2\/comments?post=3900"}],"version-history":[{"count":1,"href":"https:\/\/elfsight.com\/it\/wp-json\/wp\/v2\/pages\/3900\/revisions"}],"predecessor-version":[{"id":3904,"href":"https:\/\/elfsight.com\/it\/wp-json\/wp\/v2\/pages\/3900\/revisions\/3904"}],"up":[{"embeddable":true,"href":"https:\/\/elfsight.com\/it\/wp-json\/wp\/v2\/pages\/2892"}],"wp:attachment":[{"href":"https:\/\/elfsight.com\/it\/wp-json\/wp\/v2\/media?parent=3900"}],"curies":[{"name":"wp","href":"https:\/\/api.w.org\/{rel}","templated":true}]}}