{"id":3893,"date":"2024-05-03T06:30:50","date_gmt":"2024-05-03T06:30:50","guid":{"rendered":"https:\/\/elfsight.com\/it\/?page_id=3893"},"modified":"2025-03-19T13:58:11","modified_gmt":"2025-03-19T13:58:11","slug":"shopify","status":"publish","type":"page","link":"https:\/\/elfsight.com\/it\/booking-reviews-widget\/shopify\/","title":{"rendered":"Booking Reviews &#8211; Shopify"},"content":{"rendered":"\n<div class=\"application-platform-content-item-description application-platform-content-item\" id=\"description\" data-nav-section=\"description\"> <h2>Incorpora recensioni di prenotazione su Shopify con il widget Elfsight<\/h2> <p>Se stai cercando un modo per dimostrare la tua valutazione elevata e convincere i visitatori del sito che il tuo hotel o appartamento ha un buon rapporto qualit\u00e0-prezzo, Elfsight Booking Reviews sar\u00e0 la scelta giusta. Avendo il nostro widget, sei libero di mostrare le recensioni dei clienti di Booking.com sul tuo sito web con dettagli sui loro autori, filtrarle per mostrare solo il meglio, aggiungere valutazioni e un pulsante attivo che condurr\u00e0 le persone sulla tua pagina di prenotazione, dove potranno aggiungi una nuova recensione. <\/p> <div class=\"faq\" data-component=\"FAQ\"><div class=\"faq-item\">\r\n\t\t\t\t\t<div class=\"faq-item-question\">\r\n\t\t\t\t\t\t<h3 class=\"faq-item-question-text\">Dove posso integrare questo plugin<\/h3>\r\n\r\n\t\t\t\t\t\t<div class=\"faq-item-question-icon\"><\/div>\r\n\t\t\t\t\t<\/div>\r\n\r\n\t\t\t\t\t<div class=\"faq-item-answer\">\r\n\t\t\t\t\t\t<div class=\"faq-item-answer-text\"> <p>Puoi aggiungere il widget a qualsiasi pagina del sito, oppure incollarlo nel modello del sito, in questo caso verr\u00e0 pubblicato su tutte le pagine. Le recensioni possono funzionare bene sulle pagine dei prodotti o sulla pagina Chi siamo, i luoghi in cui devi dimostrare la tua valutazione elevata. <\/p> <\/div>\r\n\t\t\t\t\t<\/div>\r\n\t\t\t\t<\/div><div class=\"faq-item\">\r\n\t\t\t\t\t<div class=\"faq-item-question\">\r\n\t\t\t\t\t\t<h3 class=\"faq-item-question-text\">Come potrei trarne vantaggio?<\/h3>\r\n\r\n\t\t\t\t\t\t<div class=\"faq-item-question-icon\"><\/div>\r\n\t\t\t\t\t<\/div>\r\n\r\n\t\t\t\t\t<div class=\"faq-item-answer\">\r\n\t\t\t\t\t\t<div class=\"faq-item-answer-text\"> <p>Le recensioni di persone reali sono perfettamente affidabili per i visitatori del tuo sito web e dimostrano loro che la tua azienda \u00e8 un partner affidabile. Una valutazione elevata e recensioni eccellenti possono aiutarti ad aumentare le vendite sul tuo sito web. Inoltre, il pulsante di reindirizzamento pu\u00f2 contribuire ad aumentare la quantit\u00e0 di recensioni dei clienti relative alla tua attivit\u00e0 su Booking. <\/p> <\/div>\r\n\t\t\t\t\t<\/div>\r\n\t\t\t\t<\/div> <div class=\"faq-item\">\r\n\t\t\t\t\t<div class=\"faq-item-question\">\r\n\t\t\t\t\t\t<h3 class=\"faq-item-question-text\">Come posso aggiungere recensioni di prenotazione sul mio sito Web Shopify?<\/h3>\r\n\r\n\t\t\t\t\t\t<div class=\"faq-item-question-icon\"><\/div>\r\n\t\t\t\t\t<\/div>\r\n\r\n\t\t\t\t\t<div class=\"faq-item-answer\">\r\n\t\t\t\t\t\t<div class=\"faq-item-answer-text\"> <p>Ci vuole solo un minuto del tuo tempo per avere il widget attivo e funzionante. L&#8217;incorporamento \u00e8 davvero veloce, gratuito e privo di codifica. <\/p> <ol><li>Puoi impostare il widget sul tuo sito nel nostro servizio. Per questo dovrai applicare le istruzioni in basso in questa pagina. <\/li> <li>Le recensioni sulle prenotazioni Elfsight possono essere aggiunte direttamente sul nostro servizio o tramite il marketplace. Puoi confrontare i vantaggi di entrambe le varianti e scegliere la tua. <\/li> <\/ol> <\/div>\r\n\t\t\t\t\t<\/div>\r\n\t\t\t\t<\/div> <\/div> <\/div> <div class=\"application-platform-content-item-features application-platform-content-item\" id=\"features\" data-nav-section=\"features\"> <h2>Caratteristiche principali del widget Recensioni di prenotazione<\/h2> <p>Per una migliore comprensione delle recensioni di prenotazione, ecco l&#8217;elenco delle sue caratteristiche principali. Rendono il nostro widget incredibilmente efficace per la tua attivit\u00e0: <\/p> <ul> <li>Quattro layout predefiniti: Elenco, Griglia, Massoneria e Dispositivo di scorrimento; <\/li> <li> Intestazione commutabile del widget; <\/li> <li>Due scenari alternativi dopo il rifiuto della richiesta di revisione: visualizzare un messaggio di testo o nascondere il pulsante. <\/li> <\/ul><p><a href=\"#demo\">La nostra demo dal vivo ti aprir\u00e0 un elenco completo di funzionalit\u00e0<\/a><\/p> <\/div> <div class=\"application-platform-content-item-installation  application-platform-content-item\" id=\"installation \" data-nav-section=\"installation \"> <h2>Ecco come inserire le recensioni di prenotazione nel tuo negozio Shopify<\/h2> <div class=\"video-container\"><iframe width=\"560\" height=\"315\" src=\"https:\/\/www.youtube.com\/embed\/tNiLv6RMLlc?si=9Nu37r9eb-MHjww0\" frameborder=\"0\" allow=\"accelerometer; autoplay; clipboard-write; encrypted-media; gyroscope; picture-in-picture; web-share\" allowfullscreen><\/iframe><\/div><p>I seguenti passaggi sono l&#8217;unica cosa di cui hai bisogno per avere il widget attivo e funzionante.<\/p> <ol><li><b>Utilizza il nostro configuratore gratuito e inizia a dare forma alla tua app unica. <\/b><br> Determina l&#8217;interfaccia e gli aspetti adatti dell&#8217;app e salva tutte le modifiche. <\/li> <li><b>Acquisisci il codice personale mostrato nel riquadro su Elfsight Apps. <\/b><br> Una volta completata la personalizzazione della tua app, copia il codice esclusivo dal popup visualizzato e conservalo per un utilizzo futuro. <\/li> <li><b>Inizia a utilizzare l&#8217;app sul tuo sito web Shopify. <\/b><br> Inserisci il codice che hai salvato di recente nella tua pagina web e salva le modifiche. <\/li> <li><b>L&#8217;installazione \u00e8 terminata con successo. <\/b><br> Apri la tua pagina web per controllare le prestazioni dell&#8217;app. <\/li><\/ol><p>Dubbi ancora qualcosa? O hai domande? Invia semplicemente la tua richiesta al nostro supporto clienti per risolvere qualsiasi tipo di domanda. <\/p> <\/div>\n","protected":false},"excerpt":{"rendered":"","protected":false},"author":9,"featured_media":0,"parent":2892,"menu_order":0,"comment_status":"closed","ping_status":"closed","template":"templates\/template-application-platform.php","meta":{"publish_to_discourse":"","publish_post_category":"","wpdc_auto_publish_overridden":"","wpdc_topic_tags":"","wpdc_pin_topic":"","wpdc_pin_until":"","discourse_post_id":"","discourse_permalink":"","wpdc_publishing_response":"","wpdc_publishing_error":"","footnotes":""},"class_list":["post-3893","page","type-page","status-publish","hentry"],"yoast_head":"<!-- This site is optimized with the Yoast SEO plugin v25.3.1 - https:\/\/yoast.com\/wordpress\/plugins\/seo\/ -->\n<title>Incorpora le recensioni delle prenotazioni sul sito web Shopify (2026)<\/title>\n<meta name=\"description\" content=\"\u00c8 semplicissimo creare la tua app Booking Reviews e inserirla nel tuo negozio Shopify. Il servizio clienti Elfsight \u00e8 gratuito.\" \/>\n<meta name=\"robots\" content=\"index, follow, max-snippet:-1, max-image-preview:large, max-video-preview:-1\" \/>\n<link rel=\"canonical\" href=\"https:\/\/elfsight.com\/it\/booking-reviews-widget\/shopify\/\" \/>\n<meta property=\"og:locale\" content=\"it_IT\" \/>\n<meta property=\"og:type\" content=\"article\" \/>\n<meta property=\"og:title\" content=\"Incorpora le recensioni delle prenotazioni sul sito web Shopify (2026)\" \/>\n<meta property=\"og:description\" content=\"\u00c8 semplicissimo creare la tua app Booking Reviews e inserirla nel tuo negozio Shopify. Il servizio clienti Elfsight \u00e8 gratuito.\" \/>\n<meta property=\"og:url\" content=\"https:\/\/elfsight.com\/it\/booking-reviews-widget\/shopify\/\" \/>\n<meta property=\"og:site_name\" content=\"Elfsight IT\" \/>\n<meta property=\"article:modified_time\" content=\"2025-03-19T13:58:11+00:00\" \/>\n<meta name=\"twitter:card\" content=\"summary_large_image\" \/>\n<meta name=\"twitter:label1\" content=\"Tempo di lettura stimato\" \/>\n\t<meta name=\"twitter:data1\" content=\"3 minuti\" \/>\n<!-- \/ Yoast SEO plugin. -->","yoast_head_json":{"title":"Incorpora le recensioni delle prenotazioni sul sito web Shopify (2026)","description":"\u00c8 semplicissimo creare la tua app Booking Reviews e inserirla nel tuo negozio Shopify. Il servizio clienti Elfsight \u00e8 gratuito.","robots":{"index":"index","follow":"follow","max-snippet":"max-snippet:-1","max-image-preview":"max-image-preview:large","max-video-preview":"max-video-preview:-1"},"canonical":"https:\/\/elfsight.com\/it\/booking-reviews-widget\/shopify\/","og_locale":"it_IT","og_type":"article","og_title":"Incorpora le recensioni delle prenotazioni sul sito web Shopify (2026)","og_description":"\u00c8 semplicissimo creare la tua app Booking Reviews e inserirla nel tuo negozio Shopify. Il servizio clienti Elfsight \u00e8 gratuito.","og_url":"https:\/\/elfsight.com\/it\/booking-reviews-widget\/shopify\/","og_site_name":"Elfsight IT","article_modified_time":"2025-03-19T13:58:11+00:00","twitter_card":"summary_large_image","twitter_misc":{"Tempo di lettura stimato":"3 minuti"},"schema":{"@context":"https:\/\/schema.org","@graph":[{"@type":"WebPage","@id":"https:\/\/elfsight.com\/it\/booking-reviews-widget\/shopify\/","url":"https:\/\/elfsight.com\/it\/booking-reviews-widget\/shopify\/","name":"Incorpora le recensioni delle prenotazioni sul sito web Shopify (2026)","isPartOf":{"@id":"https:\/\/elfsight.com\/it\/#website"},"datePublished":"2024-05-03T06:30:50+00:00","dateModified":"2025-03-19T13:58:11+00:00","description":"\u00c8 semplicissimo creare la tua app Booking Reviews e inserirla nel tuo negozio Shopify. Il servizio clienti Elfsight \u00e8 gratuito.","breadcrumb":{"@id":"https:\/\/elfsight.com\/it\/booking-reviews-widget\/shopify\/#breadcrumb"},"inLanguage":"it-IT","potentialAction":[{"@type":"ReadAction","target":["https:\/\/elfsight.com\/it\/booking-reviews-widget\/shopify\/"]}]},{"@type":"BreadcrumbList","@id":"https:\/\/elfsight.com\/it\/booking-reviews-widget\/shopify\/#breadcrumb","itemListElement":[{"@type":"ListItem","position":1,"name":"Home","item":"https:\/\/elfsight.com\/it\/"},{"@type":"ListItem","position":2,"name":"Booking Reviews","item":"https:\/\/elfsight.com\/it\/booking-reviews-widget\/"},{"@type":"ListItem","position":3,"name":"Booking Reviews &#8211; Shopify"}]},{"@type":"WebSite","@id":"https:\/\/elfsight.com\/it\/#website","url":"https:\/\/elfsight.com\/it\/","name":"Elfsight IT","description":"Just another Elfsight Sites site","potentialAction":[{"@type":"SearchAction","target":{"@type":"EntryPoint","urlTemplate":"https:\/\/elfsight.com\/it\/?s={search_term_string}"},"query-input":{"@type":"PropertyValueSpecification","valueRequired":true,"valueName":"search_term_string"}}],"inLanguage":"it-IT"}]}},"meta_box":{"industry":"","seo_heading":"","heading":"","description":"","cta_heading":"","cta_description":"","application":"2891","h1":"Shopify Booking.com Recensioni","h1_caption":"Visualizza le recensioni di booking.com per attirare pi\u00f9 ospiti mostrando facilmente le esperienze positive dei visitatori precedenti nel tuo sito web Shopify.","application_category":[],"applications_title":"","applications_request_title":"","applications_request_button_text":"","hero_text":"","hero_video":"","hero_video_schema_markup":"","selling_points_title":"","selling_points_caption":"","selling_points":[],"selling_points_cta_text":"","features_title":"","features":"","ed_cta_examples_text":"","ed_cta_examples_hidden":"","ed_cta_demo_text":"","ed_cta_demo_hidden":"","why_caption":"","why_editor_title":"","why_editor_text":"","why_team_title":"","why_team_text":"","why_service_title":"","why_service_text":"","template_catalog_visible":"0","template_catalog_title":"","template_catalog_text":"","template_catalog_categories_visible":"","demo_title":"Crea la tua app per le recensioni delle prenotazioni","demo_caption":"Configura le tue recensioni di prenotazione e aggiungile gratuitamente al tuo sito Shopify!","default_faq_hidden":"","app_template_category":[],"platform":"42","template_public_id":"","codecanyon_url":"","codecanyon_item_id":"","codecanyon_price":"","pricing_caption":"","pricing_elfsight_apps_hide_column":"","pricing_elfsight_apps_url":"","pricing_codecanyon_price_caption":"","integration_category":[],"integration_request_title":"","integration_request_cta":"","integration_platform":"","integrations":[],"platform_category":[],"video_schema_markup":"","price":"da $ 0 al mese","trial":"","benefits":[{"text":"Servizio di installazione gratuito"},{"text":"Supporto premium"},{"text":"Garanzia di rimborso di 14 giorni"},{"text":"Aggiornamenti gratuiti continui"}],"button_url":"#demo","button_target_blank":"0","button_nofollow":"0","attributes":[{"name":"Installazioni"},{"name":"Reattivo","content":"S\u00cc"},{"name":"Browser compatibili","content":"IE11, Firefox, Safari, Opera, Chrome, Edge"}],"tags":[],"tags_disable_links":"0","hide_more_platforms":"0","video_object":"","demo_hide_cta":"0","demo_hide_cloud_options":"0","pricing_title":"","pricing":[{"pricing_icon":"cloud","pricing_title":"Elfsight Apps","pricing_title_caption":"Versione multipiattaforma che funziona su qualsiasi sito web","pricing_price":"da $ 0 \/ mese","pricing_price_caption":"inizia con il piano gratuito","pricing_benefits":[{"text":"Siti web illimitati"},{"text":"Supporto premium"},{"text":"Servizio di installazione gratuito"},{"text":"Offerta speciale per pi\u00f9 app"}],"pricing_button_text":"Aggiungi al sito web","pricing_button_url":"#demo"}],"related_apps_title":"","related_apps_hidden":"0","author":"","image":[],"title":"","job":"","social_networks":[]},"_links":{"self":[{"href":"https:\/\/elfsight.com\/it\/wp-json\/wp\/v2\/pages\/3893","targetHints":{"allow":["GET"]}}],"collection":[{"href":"https:\/\/elfsight.com\/it\/wp-json\/wp\/v2\/pages"}],"about":[{"href":"https:\/\/elfsight.com\/it\/wp-json\/wp\/v2\/types\/page"}],"author":[{"embeddable":true,"href":"https:\/\/elfsight.com\/it\/wp-json\/wp\/v2\/users\/9"}],"replies":[{"embeddable":true,"href":"https:\/\/elfsight.com\/it\/wp-json\/wp\/v2\/comments?post=3893"}],"version-history":[{"count":3,"href":"https:\/\/elfsight.com\/it\/wp-json\/wp\/v2\/pages\/3893\/revisions"}],"predecessor-version":[{"id":9283,"href":"https:\/\/elfsight.com\/it\/wp-json\/wp\/v2\/pages\/3893\/revisions\/9283"}],"up":[{"embeddable":true,"href":"https:\/\/elfsight.com\/it\/wp-json\/wp\/v2\/pages\/2892"}],"wp:attachment":[{"href":"https:\/\/elfsight.com\/it\/wp-json\/wp\/v2\/media?parent=3893"}],"curies":[{"name":"wp","href":"https:\/\/api.w.org\/{rel}","templated":true}]}}