{"id":3892,"date":"2024-05-03T06:30:49","date_gmt":"2024-05-03T06:30:49","guid":{"rendered":"https:\/\/elfsight.com\/it\/?page_id=3892"},"modified":"2024-11-12T08:57:12","modified_gmt":"2024-11-12T08:57:12","slug":"opencart","status":"publish","type":"page","link":"https:\/\/elfsight.com\/it\/booking-reviews-widget\/opencart\/","title":{"rendered":"Booking Reviews &#8211; OpenCart"},"content":{"rendered":"<div class=\"application-platform-content-item-description application-platform-content-item\" id=\"description\" data-nav-section=\"description\"> <h2>Descrizione<\/h2> <p>Se stai cercando un modo per dimostrare la tua alta valutazione da parte dei clienti e convincere i visitatori del sito che il tuo alloggio vale la pena visitarlo, Elfsight Booking Reviews far\u00e0 il lavoro. Con il nostro strumento, inserirai rapidamente le recensioni dei clienti di Booking sul tuo sito web con informazioni sui loro autori, utilizzerai filtri per mostrare solo commenti positivi, aggiungerai valutazioni e un pulsante di reindirizzamento che porter\u00e0 gli utenti sulla tua pagina di Booking, in modo che possano pubblicare una nuova revisione. <\/p> <div class=\"faq\" data-component=\"FAQ\"><div class=\"faq-item\">\r\n\t\t\t\t\t<div class=\"faq-item-question\">\r\n\t\t\t\t\t\t<h3 class=\"faq-item-question-text\">Dove posso incorporare questo plugin sul mio sito<\/h3>\r\n\r\n\t\t\t\t\t\t<div class=\"faq-item-question-icon\"><\/div>\r\n\t\t\t\t\t<\/div>\r\n\r\n\t\t\t\t\t<div class=\"faq-item-answer\">\r\n\t\t\t\t\t\t<div class=\"faq-item-answer-text\"> <p>Puoi incorporare il widget in qualsiasi pagina del tuo sito web o inserirlo nel modello, in questo caso lo far\u00e0 essere rivelato in tutte le pagine. Le recensioni faranno un buon lavoro sulle pagine dei prodotti o sulla pagina Chi siamo, dove vorresti mostrare la tua valutazione elevata. <\/p> <\/div>\r\n\t\t\t\t\t<\/div>\r\n\t\t\t\t<\/div><div class=\"faq-item\">\r\n\t\t\t\t\t<div class=\"faq-item-question\">\r\n\t\t\t\t\t\t<h3 class=\"faq-item-question-text\">Come posso trarre vantaggio dalle recensioni di prenotazione?<\/h3>\r\n\r\n\t\t\t\t\t\t<div class=\"faq-item-question-icon\"><\/div>\r\n\t\t\t\t\t<\/div>\r\n\r\n\t\t\t\t\t<div class=\"faq-item-answer\">\r\n\t\t\t\t\t\t<div class=\"faq-item-answer-text\"> <p>Le recensioni scritte da persone reali sono perfettamente credibili per i visitatori del tuo sito web e dimostrano loro che ci si pu\u00f2 fidare della tua azienda. Una valutazione elevata e buone recensioni possono aiutare a rafforzare il livello di vendita sul tuo sito web. Inoltre, il pulsante attivo pu\u00f2 contribuire a ricevere pi\u00f9 recensioni da parte dei clienti sulla tua attivit\u00e0 su Booking. <\/p> <\/div>\r\n\t\t\t\t\t<\/div>\r\n\t\t\t\t<\/div> <div class=\"faq-item\">\r\n\t\t\t\t\t<div class=\"faq-item-question\">\r\n\t\t\t\t\t\t<h3 class=\"faq-item-question-text\">Di cosa ho bisogno per aggiungere recensioni di prenotazione al mio sito Web OpenCart?<\/h3>\r\n\r\n\t\t\t\t\t\t<div class=\"faq-item-question-icon\"><\/div>\r\n\t\t\t\t\t<\/div>\r\n\r\n\t\t\t\t\t<div class=\"faq-item-answer\">\r\n\t\t\t\t\t\t<div class=\"faq-item-answer-text\"> <p>Ci vorranno tre minuti del tuo tempo per impostare il widget. L&#8217;aggiunta \u00e8 super rapida, gratuita e non comporta la codifica. <\/p> <ol><li>Puoi inserire Recensioni di Prenotazione sul sito web nel nostro servizio. Per questo, \u00e8 necessario seguire la breve descrizione in basso in questa pagina. <\/li> <li>Elfsight Booking Reviews pu\u00f2 essere integrato tramite il nostro servizio o tramite il marketplace. Qui puoi leggere maggiori dettagli sulle due opzioni e selezionare quella pi\u00f9 adatta. <\/li> <\/ol> <\/div>\r\n\t\t\t\t\t<\/div>\r\n\t\t\t\t<\/div> <\/div> <\/div> <div class=\"application-platform-content-item-features application-platform-content-item\" id=\"features\" data-nav-section=\"features\"> <h2>Caratteristiche<\/h2> <p>Per ottenere una percezione pi\u00f9 chiara del widget, puoi consultare l&#8217;elenco delle sue funzioni principali. Rendono il widget efficiente per la tua attivit\u00e0: <\/p> <ul> <li>4 layout predefiniti: Elenco, Griglia, Massoneria e Slider; <\/li> <li>Il pulsante per richiedere una recensione indirizza i visitatori alla tua pagina di Prenotazione; <\/li> <li>6 elementi regolabili del widget: nome dell&#8217;autore e immagine, testo del consiglio, data, icona di prenotazione e valutazione in stelle; <\/li> <\/ul><p><a href=\"#demo\">Scopri altre funzionalit\u00e0 nella demo<\/a><\/p> <\/div> <div class=\"application-platform-content-item-installation application-platform-content-item\" id=\"installation\" data-nav-section=\"installation\"> <h2> Scopri come incorporare le recensioni delle prenotazioni nella tua pagina OpenCart<\/h2> <p>Queste diverse azioni sono l&#8217;unica cosa che devi eseguire per incorporare il widget Recensioni sul tuo sito. <\/p> <ol><li><b>Lancia la nostra demo gratuita e inizia a dare forma alla tua estensione personalizzata. <\/b><br> Trova la forma e i tratti funzionali desiderati dell&#8217;estensione e salva tutte le correzioni. <\/li> <li><b>Acquisisci il tuo codice univoco mostrato nel riquadro su Elfsight Apps. <\/b><br> Dopo aver completato la creazione della tua estensione, copia il codice personale dal popup emerso e salvalo per un&#8217;occasione successiva. <\/li> <li><b>Inizia a utilizzare l&#8217;estensione sul sito OpenCart. <\/b><br> Incorpora il codice che hai copiato in precedenza nel tuo sito e applica le modifiche. <\/li> <li><b>L&#8217;installazione \u00e8 completamente eseguita. <\/b><br> Vai alla tua pagina web per dare un&#8217;occhiata al funzionamento dell&#8217;estensione. <\/li><\/ol><p>Non riesci ancora a decidere? O riscontri problemi? Invia semplicemente la tua richiesta al nostro team di supporto per aiutarti con ogni problema. <\/p> <\/div>","protected":false},"excerpt":{"rendered":"","protected":false},"author":9,"featured_media":0,"parent":2892,"menu_order":0,"comment_status":"closed","ping_status":"closed","template":"templates\/template-application-platform.php","meta":{"publish_to_discourse":"","publish_post_category":"","wpdc_auto_publish_overridden":"","wpdc_topic_tags":"","wpdc_pin_topic":"","wpdc_pin_until":"","discourse_post_id":"","discourse_permalink":"","wpdc_publishing_response":"","wpdc_publishing_error":"","footnotes":""},"class_list":["post-3892","page","type-page","status-publish","hentry"],"yoast_head":"<!-- This site is optimized with the Yoast SEO plugin v25.3.1 - https:\/\/yoast.com\/wordpress\/plugins\/seo\/ -->\n<title>Incorpora recensioni di prenotazione sul sito Web OpenCart (gratuito e veloce)<\/title>\n<meta name=\"description\" content=\"\u00c8 semplicissimo creare la tua estensione Recensioni di prenotazione e aggiungerla sul sito OpenCart. Il supporto client Elfsight \u00e8 gratuito.\" \/>\n<meta name=\"robots\" content=\"index, follow, max-snippet:-1, max-image-preview:large, max-video-preview:-1\" \/>\n<link rel=\"canonical\" href=\"https:\/\/elfsight.com\/it\/booking-reviews-widget\/opencart\/\" \/>\n<meta property=\"og:locale\" content=\"it_IT\" \/>\n<meta property=\"og:type\" content=\"article\" \/>\n<meta property=\"og:title\" content=\"Incorpora recensioni di prenotazione sul sito Web OpenCart (gratuito e veloce)\" \/>\n<meta property=\"og:description\" content=\"\u00c8 semplicissimo creare la tua estensione Recensioni di prenotazione e aggiungerla sul sito OpenCart. Il supporto client Elfsight \u00e8 gratuito.\" \/>\n<meta property=\"og:url\" content=\"https:\/\/elfsight.com\/it\/booking-reviews-widget\/opencart\/\" \/>\n<meta property=\"og:site_name\" content=\"Elfsight IT\" \/>\n<meta property=\"article:modified_time\" content=\"2024-11-12T08:57:12+00:00\" \/>\n<meta name=\"twitter:card\" content=\"summary_large_image\" \/>\n<meta name=\"twitter:label1\" content=\"Tempo di lettura stimato\" \/>\n\t<meta name=\"twitter:data1\" content=\"3 minuti\" \/>\n<!-- \/ Yoast SEO plugin. -->","yoast_head_json":{"title":"Incorpora recensioni di prenotazione sul sito Web OpenCart (gratuito e veloce)","description":"\u00c8 semplicissimo creare la tua estensione Recensioni di prenotazione e aggiungerla sul sito OpenCart. Il supporto client Elfsight \u00e8 gratuito.","robots":{"index":"index","follow":"follow","max-snippet":"max-snippet:-1","max-image-preview":"max-image-preview:large","max-video-preview":"max-video-preview:-1"},"canonical":"https:\/\/elfsight.com\/it\/booking-reviews-widget\/opencart\/","og_locale":"it_IT","og_type":"article","og_title":"Incorpora recensioni di prenotazione sul sito Web OpenCart (gratuito e veloce)","og_description":"\u00c8 semplicissimo creare la tua estensione Recensioni di prenotazione e aggiungerla sul sito OpenCart. Il supporto client Elfsight \u00e8 gratuito.","og_url":"https:\/\/elfsight.com\/it\/booking-reviews-widget\/opencart\/","og_site_name":"Elfsight IT","article_modified_time":"2024-11-12T08:57:12+00:00","twitter_card":"summary_large_image","twitter_misc":{"Tempo di lettura stimato":"3 minuti"},"schema":{"@context":"https:\/\/schema.org","@graph":[{"@type":"WebPage","@id":"https:\/\/elfsight.com\/it\/booking-reviews-widget\/opencart\/","url":"https:\/\/elfsight.com\/it\/booking-reviews-widget\/opencart\/","name":"Incorpora recensioni di prenotazione sul sito Web OpenCart (gratuito e veloce)","isPartOf":{"@id":"https:\/\/elfsight.com\/it\/#website"},"datePublished":"2024-05-03T06:30:49+00:00","dateModified":"2024-11-12T08:57:12+00:00","description":"\u00c8 semplicissimo creare la tua estensione Recensioni di prenotazione e aggiungerla sul sito OpenCart. Il supporto client Elfsight \u00e8 gratuito.","breadcrumb":{"@id":"https:\/\/elfsight.com\/it\/booking-reviews-widget\/opencart\/#breadcrumb"},"inLanguage":"it-IT","potentialAction":[{"@type":"ReadAction","target":["https:\/\/elfsight.com\/it\/booking-reviews-widget\/opencart\/"]}]},{"@type":"BreadcrumbList","@id":"https:\/\/elfsight.com\/it\/booking-reviews-widget\/opencart\/#breadcrumb","itemListElement":[{"@type":"ListItem","position":1,"name":"Home","item":"https:\/\/elfsight.com\/it\/"},{"@type":"ListItem","position":2,"name":"Booking Reviews","item":"https:\/\/elfsight.com\/it\/booking-reviews-widget\/"},{"@type":"ListItem","position":3,"name":"Booking Reviews &#8211; OpenCart"}]},{"@type":"WebSite","@id":"https:\/\/elfsight.com\/it\/#website","url":"https:\/\/elfsight.com\/it\/","name":"Elfsight IT","description":"Just another Elfsight Sites site","potentialAction":[{"@type":"SearchAction","target":{"@type":"EntryPoint","urlTemplate":"https:\/\/elfsight.com\/it\/?s={search_term_string}"},"query-input":{"@type":"PropertyValueSpecification","valueRequired":true,"valueName":"search_term_string"}}],"inLanguage":"it-IT"}]}},"meta_box":{"industry":"","seo_heading":"","heading":"","description":"","cta_heading":"","cta_description":"","application":"2891","h1":"Recensioni di OpenCart Booking.com","h1_caption":"Visualizza le recensioni di booking.com per attirare pi\u00f9 ospiti mostrando facilmente le esperienze positive dei visitatori precedenti nel tuo sito web Opencart.","application_category":[],"applications_title":"","applications_request_title":"","applications_request_button_text":"","hero_text":"","hero_video":"","hero_video_schema_markup":"","selling_points_title":"","selling_points_caption":"","selling_points":[],"selling_points_cta_text":"","features_title":"","features":"","ed_cta_examples_text":"","ed_cta_examples_hidden":"","ed_cta_demo_text":"","ed_cta_demo_hidden":"","why_caption":"","why_editor_title":"","why_editor_text":"","why_team_title":"","why_team_text":"","why_service_title":"","why_service_text":"","template_catalog_visible":"","template_catalog_title":"","template_catalog_text":"","template_catalog_categories_visible":"","demo_title":"Crea la tua estensione per le recensioni delle prenotazioni","demo_caption":"Configura le tue recensioni di prenotazione e aggiungile gratuitamente al tuo sito Web OpenCart!","default_faq_hidden":"","app_template_category":[],"platform":"41","template_public_id":"","codecanyon_url":"","codecanyon_item_id":"","codecanyon_price":"","pricing_caption":"","pricing_elfsight_apps_hide_column":"","pricing_elfsight_apps_url":"","pricing_codecanyon_price_caption":"","integration_category":[],"integration_request_title":"","integration_request_cta":"","integration_platform":"","integrations":[],"platform_category":[],"video_schema_markup":"","price":"da $ 0 al mese","trial":"","benefits":[{"text":"Servizio di installazione gratuito"},{"text":"Assistenza clienti con esperienza"},{"text":"Garanzia di rimborso di 14 giorni"},{"text":"Aggiornamenti futuri"}],"button_url":"#demo","button_target_blank":"","button_nofollow":"","attributes":[{"name":"Installazioni"},{"name":"Reattivo","content":"S\u00cc"},{"name":"Browser compatibili","content":"Firefox, Safari, Opera, Chrome, Edge"}],"tags":[],"tags_disable_links":"","hide_more_platforms":"","video_object":"","demo_hide_cta":"","demo_hide_cloud_options":"","pricing_title":"","pricing":[{"pricing_icon":"platform","pricing_title":"Elfsight Apps","pricing_title_caption":"Soluzione digitale multipiattaforma che funziona su qualsiasi sito web","pricing_price":"da $ 0 \/ mese","pricing_price_caption":"inizia con il piano gratuito","pricing_benefits":[{"text":"Domini illimitati"},{"text":"Supporto professionale e puntuale"},{"text":"Aiuto per l'installazione gratuito"},{"text":"100% personalizzabile"}],"pricing_button_text":"Aggiungi al sito web","pricing_button_url":"#demo"}],"related_apps_title":"","related_apps_hidden":"","author":"","image":[],"title":"","job":"","social_networks":[]},"_links":{"self":[{"href":"https:\/\/elfsight.com\/it\/wp-json\/wp\/v2\/pages\/3892","targetHints":{"allow":["GET"]}}],"collection":[{"href":"https:\/\/elfsight.com\/it\/wp-json\/wp\/v2\/pages"}],"about":[{"href":"https:\/\/elfsight.com\/it\/wp-json\/wp\/v2\/types\/page"}],"author":[{"embeddable":true,"href":"https:\/\/elfsight.com\/it\/wp-json\/wp\/v2\/users\/9"}],"replies":[{"embeddable":true,"href":"https:\/\/elfsight.com\/it\/wp-json\/wp\/v2\/comments?post=3892"}],"version-history":[{"count":1,"href":"https:\/\/elfsight.com\/it\/wp-json\/wp\/v2\/pages\/3892\/revisions"}],"predecessor-version":[{"id":3896,"href":"https:\/\/elfsight.com\/it\/wp-json\/wp\/v2\/pages\/3892\/revisions\/3896"}],"up":[{"embeddable":true,"href":"https:\/\/elfsight.com\/it\/wp-json\/wp\/v2\/pages\/2892"}],"wp:attachment":[{"href":"https:\/\/elfsight.com\/it\/wp-json\/wp\/v2\/media?parent=3892"}],"curies":[{"name":"wp","href":"https:\/\/api.w.org\/{rel}","templated":true}]}}