{"id":3885,"date":"2024-05-03T06:30:46","date_gmt":"2024-05-03T06:30:46","guid":{"rendered":"https:\/\/elfsight.com\/it\/?page_id=3885"},"modified":"2024-11-12T08:57:12","modified_gmt":"2024-11-12T08:57:12","slug":"magento","status":"publish","type":"page","link":"https:\/\/elfsight.com\/it\/booking-reviews-widget\/magento\/","title":{"rendered":"Booking Reviews &#8211; Magento"},"content":{"rendered":"<div class=\"application-platform-content-item-description application-platform-content-item\" id=\"description\" data-nav-section=\"description\"> <h2>Descrizione<\/h2> <p>Elfsight Booking Reviews \u00e8 uno strumento utile che ti consente di incorporare nel tuo sito web le recensioni delle tue offerte da parte degli utenti di prenotazione. Utilizzando il nostro widget, sarai in grado di applicare filtri per eliminare le recensioni indesiderate, vantare le tue valutazioni in stelle e numeri da Booking, aggiungere informazioni sugli autori e integrare un pulsante che reindirizzer\u00e0 i visitatori a pubblicare un&#8217;altra recensione su Booking. Il widget Elfsight Booking Reviews ti aiuter\u00e0 a mostrare la tua elevata prova sociale sul sito e ad aumentare le vendite. <\/p> <div class=\"faq\" data-component=\"FAQ\"><div class=\"faq-item\">\r\n\t\t\t\t\t<div class=\"faq-item-question\">\r\n\t\t\t\t\t\t<h3 class=\"faq-item-question-text\">Dove posso incorporare questo plugin nel mio sito<\/h3>\r\n\r\n\t\t\t\t\t\t<div class=\"faq-item-question-icon\"><\/div>\r\n\t\t\t\t\t<\/div>\r\n\r\n\t\t\t\t\t<div class=\"faq-item-answer\">\r\n\t\t\t\t\t\t<div class=\"faq-item-answer-text\"> <p>Il widget pu\u00f2 essere visualizzato su qualsiasi pagina, dove desideri dimostrare la tua alta valutazione e popolarit\u00e0 tra i clienti. Se ne hai bisogno su tutte le pagine del sito, puoi semplicemente inserirlo nel modello del sito web. <\/p> <\/div>\r\n\t\t\t\t\t<\/div>\r\n\t\t\t\t<\/div><div class=\"faq-item\">\r\n\t\t\t\t\t<div class=\"faq-item-question\">\r\n\t\t\t\t\t\t<h3 class=\"faq-item-question-text\">Quali sono i vantaggi di avere questo plugin per me?<\/h3>\r\n\r\n\t\t\t\t\t\t<div class=\"faq-item-question-icon\"><\/div>\r\n\t\t\t\t\t<\/div>\r\n\r\n\t\t\t\t\t<div class=\"faq-item-answer\">\r\n\t\t\t\t\t\t<div class=\"faq-item-answer-text\"> <p>Le recensioni di persone reali sembrano perfettamente credibili per i clienti del tuo sito web e indicano loro che la tua azienda \u00e8 affidabile. Una valutazione elevata e impressioni positive possono aiutarti ad aumentare gli acquisti dal tuo sito. Inoltre, il pulsante di reindirizzamento pu\u00f2 contribuire a pi\u00f9 recensioni dei clienti relative alla tua attivit\u00e0 su Booking. <\/p> <\/div>\r\n\t\t\t\t\t<\/div>\r\n\t\t\t\t<\/div> <div class=\"faq-item\">\r\n\t\t\t\t\t<div class=\"faq-item-question\">\r\n\t\t\t\t\t\t<h3 class=\"faq-item-question-text\">Come posso aggiungere le recensioni delle prenotazioni al mio sito Magento?<\/h3>\r\n\r\n\t\t\t\t\t\t<div class=\"faq-item-question-icon\"><\/div>\r\n\t\t\t\t\t<\/div>\r\n\r\n\t\t\t\t\t<div class=\"faq-item-answer\">\r\n\t\t\t\t\t\t<div class=\"faq-item-answer-text\"> <p>Avrai bisogno solo di tre minuti del tuo tempo per avere il widget attivo e funzionante. L&#8217;integrazione \u00e8 super veloce, gratuita e senza codifica. <\/p> <ol><li>C&#8217;\u00e8 un&#8217;opzione per introdurre il widget nel sito tramite il nostro servizio. Per questo, segui i passaggi della breve descrizione in questa pagina. <\/li> <li>Il widget pu\u00f2 essere incorporato direttamente nel nostro servizio o tramite il marketplace. Qui puoi vedere pi\u00f9 di queste opzioni e selezionare la tua. <\/li> <\/ol> <\/div>\r\n\t\t\t\t\t<\/div>\r\n\t\t\t\t<\/div> <\/div> <\/div> <div class=\"application-platform-content-item-features application-platform-content-item\" id=\"features\" data-nav-section=\"features\"> <h2>Caratteristiche<\/h2> <p>Per avere una percezione pi\u00f9 chiara delle recensioni delle prenotazioni, scopri l&#8217;elenco delle principali funzionalit\u00e0. Rendono questo widget estremamente efficiente per te:<\/p> <ul> <li>Quattro layout: Elenco, Griglia, Massoneria e Dispositivo di scorrimento; <\/li> <li>Un&#8217;opzione per controllare la visualizzazione dell&#8217;intestazione del widget; <\/li> <li>Due opzioni di scenari dopo il rifiuto della richiesta di revisione: rivelare il messaggio o nascondere il pulsante.<\/li> <\/ul><p><a href=\"#demo\">Scopri tutte le funzionalit\u00e0 nella demo dal vivo <\/a><\/p><\/div> <div class=\"application-platform-content-item-installation application-platform-content-item\" id=\"installation\" data-nav-section=\"installation\"> <h2>Vediamo come aggiungere le recensioni di prenotazione al tuo negozio Magento<\/h2> <p>I seguenti passaggi sono l&#8217;unica cosa che \u00e8 necessario integrare.<\/p> <ol><li><b>Utilizza il nostro configuratore gratuito e inizia a creare la tua estensione Recensioni personalizzata. <\/b><br> Scegli la disposizione e le caratteristiche funzionali desiderate dell&#8217;estensione e salva tutte le modifiche. <\/li> <li><b>Ottieni il codice individuale rivelato nella finestra delle app Elfsight. <\/b><br> Subito dopo aver creato la tua estensione personale, copia il codice personale dal popup visualizzato e salvalo per ulteriori necessit\u00e0. <\/li> <li><b>Avvia l&#8217;applicazione dell&#8217;estensione sul tuo sito Magento. <\/b><br> Incorpora il codice che hai copiato in precedenza nel tuo sito e applica i miglioramenti. <\/li> <li><b>Il gioco \u00e8 fatto! La configurazione \u00e8 completamente completata. <\/b><br> Visita la tua pagina web per verificare come funziona l&#8217;estensione. <\/li><\/ol><p>Non riesci ancora a decidere? O riscontri problemi? Basta una sola richiesta al nostro servizio clienti per risolvere qualsiasi tipo di problema. <\/p> <\/div>","protected":false},"excerpt":{"rendered":"","protected":false},"author":9,"featured_media":0,"parent":2892,"menu_order":0,"comment_status":"closed","ping_status":"closed","template":"templates\/template-application-platform.php","meta":{"publish_to_discourse":"","publish_post_category":"","wpdc_auto_publish_overridden":"","wpdc_topic_tags":"","wpdc_pin_topic":"","wpdc_pin_until":"","discourse_post_id":"","discourse_permalink":"","wpdc_publishing_response":"","wpdc_publishing_error":"","footnotes":""},"class_list":["post-3885","page","type-page","status-publish","hentry"],"yoast_head":"<!-- This site is optimized with the Yoast SEO plugin v25.3.1 - https:\/\/yoast.com\/wordpress\/plugins\/seo\/ -->\n<title>Incorpora recensioni di prenotazione sul sito web Magento (2025)<\/title>\n<meta name=\"description\" content=\"Con Elfsight dai forma alla tua estensione Booking Reviews e inseriscila velocemente sul tuo sito Magento. Abbiamo un servizio clienti gratuito e pi\u00f9 bonus.\" \/>\n<meta name=\"robots\" content=\"index, follow, max-snippet:-1, max-image-preview:large, max-video-preview:-1\" \/>\n<link rel=\"canonical\" href=\"https:\/\/elfsight.com\/it\/booking-reviews-widget\/magento\/\" \/>\n<meta property=\"og:locale\" content=\"it_IT\" \/>\n<meta property=\"og:type\" content=\"article\" \/>\n<meta property=\"og:title\" content=\"Incorpora recensioni di prenotazione sul sito web Magento (2025)\" \/>\n<meta property=\"og:description\" content=\"Con Elfsight dai forma alla tua estensione Booking Reviews e inseriscila velocemente sul tuo sito Magento. Abbiamo un servizio clienti gratuito e pi\u00f9 bonus.\" \/>\n<meta property=\"og:url\" content=\"https:\/\/elfsight.com\/it\/booking-reviews-widget\/magento\/\" \/>\n<meta property=\"og:site_name\" content=\"Elfsight IT\" \/>\n<meta property=\"article:modified_time\" content=\"2024-11-12T08:57:12+00:00\" \/>\n<meta name=\"twitter:card\" content=\"summary_large_image\" \/>\n<meta name=\"twitter:label1\" content=\"Tempo di lettura stimato\" \/>\n\t<meta name=\"twitter:data1\" content=\"3 minuti\" \/>\n<!-- \/ Yoast SEO plugin. -->","yoast_head_json":{"title":"Incorpora recensioni di prenotazione sul sito web Magento (2025)","description":"Con Elfsight dai forma alla tua estensione Booking Reviews e inseriscila velocemente sul tuo sito Magento. Abbiamo un servizio clienti gratuito e pi\u00f9 bonus.","robots":{"index":"index","follow":"follow","max-snippet":"max-snippet:-1","max-image-preview":"max-image-preview:large","max-video-preview":"max-video-preview:-1"},"canonical":"https:\/\/elfsight.com\/it\/booking-reviews-widget\/magento\/","og_locale":"it_IT","og_type":"article","og_title":"Incorpora recensioni di prenotazione sul sito web Magento (2025)","og_description":"Con Elfsight dai forma alla tua estensione Booking Reviews e inseriscila velocemente sul tuo sito Magento. Abbiamo un servizio clienti gratuito e pi\u00f9 bonus.","og_url":"https:\/\/elfsight.com\/it\/booking-reviews-widget\/magento\/","og_site_name":"Elfsight IT","article_modified_time":"2024-11-12T08:57:12+00:00","twitter_card":"summary_large_image","twitter_misc":{"Tempo di lettura stimato":"3 minuti"},"schema":{"@context":"https:\/\/schema.org","@graph":[{"@type":"WebPage","@id":"https:\/\/elfsight.com\/it\/booking-reviews-widget\/magento\/","url":"https:\/\/elfsight.com\/it\/booking-reviews-widget\/magento\/","name":"Incorpora recensioni di prenotazione sul sito web Magento (2025)","isPartOf":{"@id":"https:\/\/elfsight.com\/it\/#website"},"datePublished":"2024-05-03T06:30:46+00:00","dateModified":"2024-11-12T08:57:12+00:00","description":"Con Elfsight dai forma alla tua estensione Booking Reviews e inseriscila velocemente sul tuo sito Magento. Abbiamo un servizio clienti gratuito e pi\u00f9 bonus.","breadcrumb":{"@id":"https:\/\/elfsight.com\/it\/booking-reviews-widget\/magento\/#breadcrumb"},"inLanguage":"it-IT","potentialAction":[{"@type":"ReadAction","target":["https:\/\/elfsight.com\/it\/booking-reviews-widget\/magento\/"]}]},{"@type":"BreadcrumbList","@id":"https:\/\/elfsight.com\/it\/booking-reviews-widget\/magento\/#breadcrumb","itemListElement":[{"@type":"ListItem","position":1,"name":"Home","item":"https:\/\/elfsight.com\/it\/"},{"@type":"ListItem","position":2,"name":"Booking Reviews","item":"https:\/\/elfsight.com\/it\/booking-reviews-widget\/"},{"@type":"ListItem","position":3,"name":"Booking Reviews &#8211; Magento"}]},{"@type":"WebSite","@id":"https:\/\/elfsight.com\/it\/#website","url":"https:\/\/elfsight.com\/it\/","name":"Elfsight IT","description":"Just another Elfsight Sites site","potentialAction":[{"@type":"SearchAction","target":{"@type":"EntryPoint","urlTemplate":"https:\/\/elfsight.com\/it\/?s={search_term_string}"},"query-input":{"@type":"PropertyValueSpecification","valueRequired":true,"valueName":"search_term_string"}}],"inLanguage":"it-IT"}]}},"meta_box":{"industry":"","seo_heading":"","heading":"","description":"","cta_heading":"","cta_description":"","application":"2891","h1":"Recensioni di Magento Booking.com","h1_caption":"Visualizza le recensioni di booking.com per attirare pi\u00f9 ospiti mostrando facilmente le esperienze positive dei visitatori precedenti nel tuo sito web Magento.","application_category":[],"applications_title":"","applications_request_title":"","applications_request_button_text":"","hero_text":"","hero_video":"","hero_video_schema_markup":"","selling_points_title":"","selling_points_caption":"","selling_points":[],"selling_points_cta_text":"","features_title":"","features":"","ed_cta_examples_text":"","ed_cta_examples_hidden":"","ed_cta_demo_text":"","ed_cta_demo_hidden":"","why_caption":"","why_editor_title":"","why_editor_text":"","why_team_title":"","why_team_text":"","why_service_title":"","why_service_text":"","template_catalog_visible":"","template_catalog_title":"","template_catalog_text":"","template_catalog_categories_visible":"","demo_title":"Crea la tua estensione per le recensioni delle prenotazioni","demo_caption":"Configura le tue recensioni di prenotazione e aggiungile gratuitamente al tuo sito Magento!","default_faq_hidden":"","app_template_category":[],"platform":"39","template_public_id":"","codecanyon_url":"","codecanyon_item_id":"","codecanyon_price":"","pricing_caption":"","pricing_elfsight_apps_hide_column":"","pricing_elfsight_apps_url":"","pricing_codecanyon_price_caption":"","integration_category":[],"integration_request_title":"","integration_request_cta":"","integration_platform":"","integrations":[],"platform_category":[],"video_schema_markup":"","price":"da $ 0 al mese","trial":"","benefits":[{"text":"Servizio di installazione gratuito"},{"text":"Servizio clienti efficace"},{"text":"Garanzia di rimborso di 14 giorni"},{"text":"Miglioramenti gratuiti continui"}],"button_url":"#demo","button_target_blank":"","button_nofollow":"","attributes":[{"name":"Installazioni"},{"name":"Reattivo","content":"S\u00cc"},{"name":"Browser compatibili","content":"IE11, Firefox, Safari, Opera, Chrome, Edge"}],"tags":[],"tags_disable_links":"","hide_more_platforms":"","video_object":"","demo_hide_cta":"","demo_hide_cloud_options":"","pricing_title":"","pricing":[{"pricing_icon":"platform","pricing_title":"Elfsight Apps","pricing_title_caption":"Software indipendente dalla piattaforma che funziona su qualsiasi sito","pricing_price":"da $ 0 \/ mese","pricing_price_caption":"inizia con un piano gratuito","pricing_benefits":[{"text":"Domini illimitati"},{"text":"Assistenza clienti gratuita"},{"text":"Servizio di installazione gratuito"},{"text":"Progettazione flessibile"}],"pricing_button_text":"Aggiungi al sito web","pricing_button_url":"#demo"}],"related_apps_title":"","related_apps_hidden":"","author":"","image":[],"title":"","job":"","social_networks":[]},"_links":{"self":[{"href":"https:\/\/elfsight.com\/it\/wp-json\/wp\/v2\/pages\/3885","targetHints":{"allow":["GET"]}}],"collection":[{"href":"https:\/\/elfsight.com\/it\/wp-json\/wp\/v2\/pages"}],"about":[{"href":"https:\/\/elfsight.com\/it\/wp-json\/wp\/v2\/types\/page"}],"author":[{"embeddable":true,"href":"https:\/\/elfsight.com\/it\/wp-json\/wp\/v2\/users\/9"}],"replies":[{"embeddable":true,"href":"https:\/\/elfsight.com\/it\/wp-json\/wp\/v2\/comments?post=3885"}],"version-history":[{"count":1,"href":"https:\/\/elfsight.com\/it\/wp-json\/wp\/v2\/pages\/3885\/revisions"}],"predecessor-version":[{"id":3889,"href":"https:\/\/elfsight.com\/it\/wp-json\/wp\/v2\/pages\/3885\/revisions\/3889"}],"up":[{"embeddable":true,"href":"https:\/\/elfsight.com\/it\/wp-json\/wp\/v2\/pages\/2892"}],"wp:attachment":[{"href":"https:\/\/elfsight.com\/it\/wp-json\/wp\/v2\/media?parent=3885"}],"curies":[{"name":"wp","href":"https:\/\/api.w.org\/{rel}","templated":true}]}}