{"id":3884,"date":"2024-05-03T06:30:45","date_gmt":"2024-05-03T06:30:45","guid":{"rendered":"https:\/\/elfsight.com\/it\/?page_id=3884"},"modified":"2024-11-12T08:40:57","modified_gmt":"2024-11-12T08:40:57","slug":"jquery","status":"publish","type":"page","link":"https:\/\/elfsight.com\/it\/booking-reviews-widget\/jquery\/","title":{"rendered":"Booking Reviews &#8211; jQuery"},"content":{"rendered":"<div class=\"application-platform-content-item-description application-platform-content-item\" id=\"description\" data-nav-section=\"description\"> <h2>Descrizione<\/h2> <p>Se stai cercando un modo per vantarti della tua valutazione elevata e convincere i visitatori del sito che il tuo posto vale visitando, Elfsight Booking Reviews fa al caso tuo. Con il nostro strumento, inserirai rapidamente le recensioni dei clienti di Booking sul tuo sito con informazioni sui loro autori, utilizzerai filtri per rivelare solo quelle buone, aggiungerai valutazioni e un pulsante attivo, che porter\u00e0 gli utenti sul tuo account Booking, dove potranno pubblicare le loro recensioni. revisione. <\/p> <div class=\"faq\" data-component=\"FAQ\"><div class=\"faq-item\">\r\n\t\t\t\t\t<div class=\"faq-item-question\">\r\n\t\t\t\t\t\t<h3 class=\"faq-item-question-text\">Dove posso installare questo plugin<\/h3>\r\n\r\n\t\t\t\t\t\t<div class=\"faq-item-question-icon\"><\/div>\r\n\t\t\t\t\t<\/div>\r\n\r\n\t\t\t\t\t<div class=\"faq-item-answer\">\r\n\t\t\t\t\t\t<div class=\"faq-item-answer-text\"> <p>Il nostro widget pu\u00f2 essere inserito in qualsiasi pagina, dove desideri vantare il tuo alto apprezzamento e popolarit\u00e0 tra i clienti. Se desideri pubblicare il widget su tutte le pagine del tuo sito, puoi aggiungerlo facilmente al modello del sito web. <\/p> <\/div>\r\n\t\t\t\t\t<\/div>\r\n\t\t\t\t<\/div><div class=\"faq-item\">\r\n\t\t\t\t\t<div class=\"faq-item-question\">\r\n\t\t\t\t\t\t<h3 class=\"faq-item-question-text\">Come posso trarre vantaggio dal widget?<\/h3>\r\n\r\n\t\t\t\t\t\t<div class=\"faq-item-question-icon\"><\/div>\r\n\t\t\t\t\t<\/div>\r\n\r\n\t\t\t\t\t<div class=\"faq-item-answer\">\r\n\t\t\t\t\t\t<div class=\"faq-item-answer-text\"> <p>Le recensioni di persone reali sono perfettamente credibili per gli utenti del tuo sito web e dimostrano loro che la tua azienda \u00e8 un partner affidabile. Una valutazione elevata e recensioni eccellenti possono aiutarti ad aumentare il livello degli acquisti dal tuo sito. Inoltre, il pulsante attivo pu\u00f2 contribuire ad avere pi\u00f9 recensioni degli utenti relative alla tua attivit\u00e0 su Booking. <\/p> <\/div>\r\n\t\t\t\t\t<\/div>\r\n\t\t\t\t<\/div> <div class=\"faq-item\">\r\n\t\t\t\t\t<div class=\"faq-item-question\">\r\n\t\t\t\t\t\t<h3 class=\"faq-item-question-text\">Come posso aggiungere recensioni di prenotazione al mio sito web jQuery?<\/h3>\r\n\r\n\t\t\t\t\t\t<div class=\"faq-item-question-icon\"><\/div>\r\n\t\t\t\t\t<\/div>\r\n\r\n\t\t\t\t\t<div class=\"faq-item-answer\">\r\n\t\t\t\t\t\t<div class=\"faq-item-answer-text\"> <p>Ci vorranno un paio di minuti del tuo tempo per iniziare a utilizzare il widget. L&#8217;aggiunta \u00e8 davvero rapida, gratuita e senza codifica. <\/p> <ol><li>Puoi posizionare il widget sul tuo sito web tramite il nostro servizio. Basta controllare la breve descrizione di seguito in questa pagina. <\/li> <li>Il widget pu\u00f2 essere introdotto direttamente sul nostro servizio o sul marketplace. Qui puoi confrontare i pro e i contro di entrambe le varianti e scegliere la tua. <\/li> <\/ol> <\/div>\r\n\t\t\t\t\t<\/div>\r\n\t\t\t\t<\/div> <\/div> <\/div> <div class=\"application-platform-content-item-features application-platform-content-item\" id=\"features\" data-nav-section=\"features\"> <h2>Caratteristiche<\/h2> <p>Per ottenere una percezione completa del widget, ecco le elenco delle sue caratteristiche pi\u00f9 importanti. Rendono questo widget incredibilmente efficiente per la tua promozione: <\/p> <ul> <li>4 layout pronti all&#8217;uso: Elenco, Griglia, Massoneria e Slider; <\/li> <li>Il pulsante di richiesta di revisione indirizza i clienti alla pagina di prenotazione; <\/li> <li>Due possibili scenari di rifiuto della richiesta di revisione: mostrare un messaggio personalizzato o nascondere il pulsante. <\/li> <\/ul><p><a href=\"#demo\">La demo dal vivo ti mostrer\u00e0 un elenco completo di funzionalit\u00e0<\/a><\/p> <\/div> <div class=\"application-platform-content-item-installation application-platform-content-item\" id=\"installation\" data-nav-section=\"installation\"> <h2>Scopri come incollare le recensioni di prenotazione nel tuo sito web jQuery<\/h2> <p> Un paio di azioni rapide sono l&#8217;unica cosa che devi fare. <\/p> <ol><li><b>Crea il tuo plugin personalizzato per le recensioni di prenotazione<\/b><br> Utilizzando il nostro editor gratuito, crea un plugin con l&#8217;aspetto e le funzioni preferibili. <\/li><li><b>Copia il codice personale per pubblicare il plugin<\/b><br> Dopo aver creato il tuo widget, riceverai il codice di installazione dalla notifica popup su Elfsight Apps. Copia questo codice per un utilizzo futuro. <\/li> <li><b>Aggiungi il plugin al tuo sito web jQuery<\/b><br> Scegli l&#8217;area in cui desideri posizionare il plugin e aggiungi l\u00ec il codice salvato. Salva i risultati. <\/li> <li><b>L&#8217;installazione \u00e8 completata<\/b><br> Vai al tuo sito, per visualizzare il tuo lavoro. <\/li> <\/ol><p>Non riesci ancora a prendere una decisione? Oppure hai domande da porre? Scrivi semplicemente una richiesta al nostro team di assistenza clienti e risolveranno ogni domanda. <\/p> <\/div>","protected":false},"excerpt":{"rendered":"","protected":false},"author":9,"featured_media":0,"parent":2892,"menu_order":0,"comment_status":"closed","ping_status":"closed","template":"templates\/template-application-platform.php","meta":{"publish_to_discourse":"","publish_post_category":"","wpdc_auto_publish_overridden":"","wpdc_topic_tags":"","wpdc_pin_topic":"","wpdc_pin_until":"","discourse_post_id":"","discourse_permalink":"","wpdc_publishing_response":"","wpdc_publishing_error":"","footnotes":""},"class_list":["post-3884","page","type-page","status-publish","hentry"],"yoast_head":"<!-- This site is optimized with the Yoast SEO plugin v25.3.1 - https:\/\/yoast.com\/wordpress\/plugins\/seo\/ -->\n<title>Incorpora le recensioni delle prenotazioni sul sito web jQuery (gratuito e veloce)<\/title>\n<meta name=\"description\" content=\"Con Elfsight, crea il tuo plug-in Booking Reviews e posizionalo rapidamente sul sito Web jQuery. Offriamo supporto clienti gratuito e pi\u00f9 bonus.\" \/>\n<meta name=\"robots\" content=\"index, follow, max-snippet:-1, max-image-preview:large, max-video-preview:-1\" \/>\n<link rel=\"canonical\" href=\"https:\/\/elfsight.com\/it\/booking-reviews-widget\/jquery\/\" \/>\n<meta property=\"og:locale\" content=\"it_IT\" \/>\n<meta property=\"og:type\" content=\"article\" \/>\n<meta property=\"og:title\" content=\"Incorpora le recensioni delle prenotazioni sul sito web jQuery (gratuito e veloce)\" \/>\n<meta property=\"og:description\" content=\"Con Elfsight, crea il tuo plug-in Booking Reviews e posizionalo rapidamente sul sito Web jQuery. Offriamo supporto clienti gratuito e pi\u00f9 bonus.\" \/>\n<meta property=\"og:url\" content=\"https:\/\/elfsight.com\/it\/booking-reviews-widget\/jquery\/\" \/>\n<meta property=\"og:site_name\" content=\"Elfsight IT\" \/>\n<meta property=\"article:modified_time\" content=\"2024-11-12T08:40:57+00:00\" \/>\n<meta name=\"twitter:card\" content=\"summary_large_image\" \/>\n<meta name=\"twitter:label1\" content=\"Tempo di lettura stimato\" \/>\n\t<meta name=\"twitter:data1\" content=\"3 minuti\" \/>\n<!-- \/ Yoast SEO plugin. -->","yoast_head_json":{"title":"Incorpora le recensioni delle prenotazioni sul sito web jQuery (gratuito e veloce)","description":"Con Elfsight, crea il tuo plug-in Booking Reviews e posizionalo rapidamente sul sito Web jQuery. Offriamo supporto clienti gratuito e pi\u00f9 bonus.","robots":{"index":"index","follow":"follow","max-snippet":"max-snippet:-1","max-image-preview":"max-image-preview:large","max-video-preview":"max-video-preview:-1"},"canonical":"https:\/\/elfsight.com\/it\/booking-reviews-widget\/jquery\/","og_locale":"it_IT","og_type":"article","og_title":"Incorpora le recensioni delle prenotazioni sul sito web jQuery (gratuito e veloce)","og_description":"Con Elfsight, crea il tuo plug-in Booking Reviews e posizionalo rapidamente sul sito Web jQuery. Offriamo supporto clienti gratuito e pi\u00f9 bonus.","og_url":"https:\/\/elfsight.com\/it\/booking-reviews-widget\/jquery\/","og_site_name":"Elfsight IT","article_modified_time":"2024-11-12T08:40:57+00:00","twitter_card":"summary_large_image","twitter_misc":{"Tempo di lettura stimato":"3 minuti"},"schema":{"@context":"https:\/\/schema.org","@graph":[{"@type":"WebPage","@id":"https:\/\/elfsight.com\/it\/booking-reviews-widget\/jquery\/","url":"https:\/\/elfsight.com\/it\/booking-reviews-widget\/jquery\/","name":"Incorpora le recensioni delle prenotazioni sul sito web jQuery (gratuito e veloce)","isPartOf":{"@id":"https:\/\/elfsight.com\/it\/#website"},"datePublished":"2024-05-03T06:30:45+00:00","dateModified":"2024-11-12T08:40:57+00:00","description":"Con Elfsight, crea il tuo plug-in Booking Reviews e posizionalo rapidamente sul sito Web jQuery. Offriamo supporto clienti gratuito e pi\u00f9 bonus.","breadcrumb":{"@id":"https:\/\/elfsight.com\/it\/booking-reviews-widget\/jquery\/#breadcrumb"},"inLanguage":"it-IT","potentialAction":[{"@type":"ReadAction","target":["https:\/\/elfsight.com\/it\/booking-reviews-widget\/jquery\/"]}]},{"@type":"BreadcrumbList","@id":"https:\/\/elfsight.com\/it\/booking-reviews-widget\/jquery\/#breadcrumb","itemListElement":[{"@type":"ListItem","position":1,"name":"Home","item":"https:\/\/elfsight.com\/it\/"},{"@type":"ListItem","position":2,"name":"Booking Reviews","item":"https:\/\/elfsight.com\/it\/booking-reviews-widget\/"},{"@type":"ListItem","position":3,"name":"Booking Reviews &#8211; jQuery"}]},{"@type":"WebSite","@id":"https:\/\/elfsight.com\/it\/#website","url":"https:\/\/elfsight.com\/it\/","name":"Elfsight IT","description":"Just another Elfsight Sites site","potentialAction":[{"@type":"SearchAction","target":{"@type":"EntryPoint","urlTemplate":"https:\/\/elfsight.com\/it\/?s={search_term_string}"},"query-input":{"@type":"PropertyValueSpecification","valueRequired":true,"valueName":"search_term_string"}}],"inLanguage":"it-IT"}]}},"meta_box":{"industry":"","seo_heading":"","heading":"","description":"","cta_heading":"","cta_description":"","application":"2891","h1":"Recensioni di jQuery Booking.com","h1_caption":"Visualizza le recensioni di booking.com per attirare pi\u00f9 ospiti mostrando facilmente le esperienze positive dei visitatori precedenti nel tuo sito web jQuery.","application_category":[],"applications_title":"","applications_request_title":"","applications_request_button_text":"","hero_text":"","hero_video":"","hero_video_schema_markup":"","selling_points_title":"","selling_points_caption":"","selling_points":[],"selling_points_cta_text":"","features_title":"","features":"","ed_cta_examples_text":"","ed_cta_examples_hidden":"","ed_cta_demo_text":"","ed_cta_demo_hidden":"","why_caption":"","why_editor_title":"","why_editor_text":"","why_team_title":"","why_team_text":"","why_service_title":"","why_service_text":"","template_catalog_visible":"","template_catalog_title":"","template_catalog_text":"","template_catalog_categories_visible":"","demo_title":"Crea il tuo plugin per le recensioni delle prenotazioni","demo_caption":"Configura le tue recensioni di prenotazione e aggiungile gratuitamente al tuo sito jQuery!","default_faq_hidden":"","app_template_category":[],"platform":"37","template_public_id":"","codecanyon_url":"","codecanyon_item_id":"","codecanyon_price":"","pricing_caption":"","pricing_elfsight_apps_hide_column":"","pricing_elfsight_apps_url":"","pricing_codecanyon_price_caption":"","integration_category":[],"integration_request_title":"","integration_request_cta":"","integration_platform":"","integrations":[],"platform_category":[],"video_schema_markup":"","price":"da $ 0 al mese","trial":"","benefits":[{"text":"Aiuto gratuito per l'installazione"},{"text":"Servizio clienti efficace"},{"text":"Garanzia di rimborso di 14 giorni"},{"text":"Aggiornamento costante"}],"button_url":"#demo","button_target_blank":"","button_nofollow":"","attributes":[{"name":"Installazioni"},{"name":"Reattivo","content":"S\u00cc"},{"name":"Browser compatibili","content":"Firefox, Safari, Opera, Chrome, Edge"}],"tags":[],"tags_disable_links":"","hide_more_platforms":"","video_object":"","demo_hide_cta":"","demo_hide_cloud_options":"","pricing_title":"","pricing":[{"pricing_icon":"platform","pricing_title":"Elfsight Apps","pricing_title_caption":"Soluzione digitale multipiattaforma che funziona su qualsiasi sito","pricing_price":"da $ 0 \/ mese","pricing_price_caption":"inizia con un piano gratuito","pricing_benefits":[{"text":"Domini illimitati"},{"text":"Supporto aziendale gratuito e ben documentato"},{"text":"Aiuto gratuito per l'installazione"},{"text":"Progettazione flessibile"}],"pricing_button_text":"Aggiungi al sito web","pricing_button_url":"#demo"}],"related_apps_title":"","related_apps_hidden":"","author":"","image":[],"title":"","job":"","social_networks":[]},"_links":{"self":[{"href":"https:\/\/elfsight.com\/it\/wp-json\/wp\/v2\/pages\/3884","targetHints":{"allow":["GET"]}}],"collection":[{"href":"https:\/\/elfsight.com\/it\/wp-json\/wp\/v2\/pages"}],"about":[{"href":"https:\/\/elfsight.com\/it\/wp-json\/wp\/v2\/types\/page"}],"author":[{"embeddable":true,"href":"https:\/\/elfsight.com\/it\/wp-json\/wp\/v2\/users\/9"}],"replies":[{"embeddable":true,"href":"https:\/\/elfsight.com\/it\/wp-json\/wp\/v2\/comments?post=3884"}],"version-history":[{"count":1,"href":"https:\/\/elfsight.com\/it\/wp-json\/wp\/v2\/pages\/3884\/revisions"}],"predecessor-version":[{"id":3888,"href":"https:\/\/elfsight.com\/it\/wp-json\/wp\/v2\/pages\/3884\/revisions\/3888"}],"up":[{"embeddable":true,"href":"https:\/\/elfsight.com\/it\/wp-json\/wp\/v2\/pages\/2892"}],"wp:attachment":[{"href":"https:\/\/elfsight.com\/it\/wp-json\/wp\/v2\/media?parent=3884"}],"curies":[{"name":"wp","href":"https:\/\/api.w.org\/{rel}","templated":true}]}}