{"id":3883,"date":"2024-05-03T06:30:44","date_gmt":"2024-05-03T06:30:44","guid":{"rendered":"https:\/\/elfsight.com\/it\/?page_id=3883"},"modified":"2025-03-19T11:52:41","modified_gmt":"2025-03-19T11:52:41","slug":"joomla","status":"publish","type":"page","link":"https:\/\/elfsight.com\/it\/booking-reviews-widget\/joomla\/","title":{"rendered":"Booking Reviews &#8211; Joomla"},"content":{"rendered":"\n<div class=\"application-platform-content-item-description application-platform-content-item\" id=\"description\" data-nav-section=\"description\"> <h2>Descrizione<\/h2> <p>Se desideri mostrare la tua valutazione elevata e convincere i visitatori del sito che le tue offerte hanno un buon rapporto qualit\u00e0-prezzo, Elfsight Booking Reviews \u00e8 la scelta giusta. Utilizzando questo widget, puoi inserire le recensioni dei clienti di Booking.com sul tuo sito con informazioni sui loro autori, filtrarle per dimostrare solo positive, mostrare valutazioni e un pulsante di reindirizzamento, che porter\u00e0 gli utenti alla tua pagina di prenotazione, dove potranno aggiungerne una pi\u00f9 recensione. <\/p> <div class=\"faq\" data-component=\"FAQ\"><div class=\"faq-item\">\r\n\t\t\t\t\t<div class=\"faq-item-question\">\r\n\t\t\t\t\t\t<h3 class=\"faq-item-question-text\">Dove posso incorporarlo nel mio sito web<\/h3>\r\n\r\n\t\t\t\t\t\t<div class=\"faq-item-question-icon\"><\/div>\r\n\t\t\t\t\t<\/div>\r\n\r\n\t\t\t\t\t<div class=\"faq-item-answer\">\r\n\t\t\t\t\t\t<div class=\"faq-item-answer-text\"> <p>Il nostro widget pu\u00f2 essere posizionato su qualsiasi pagina, dove devi vantare la tua valutazione elevata e popolarit\u00e0 tra i clienti. Se desideri pubblicare il widget su tutte le pagine del tuo sito, puoi aggiungerlo facilmente al modello del sito web. <\/p> <\/div>\r\n\t\t\t\t\t<\/div>\r\n\t\t\t\t<\/div><div class=\"faq-item\">\r\n\t\t\t\t\t<div class=\"faq-item-question\">\r\n\t\t\t\t\t\t<h3 class=\"faq-item-question-text\">Quali sono i vantaggi di averlo sul mio sito?<\/h3>\r\n\r\n\t\t\t\t\t\t<div class=\"faq-item-question-icon\"><\/div>\r\n\t\t\t\t\t<\/div>\r\n\r\n\t\t\t\t\t<div class=\"faq-item-answer\">\r\n\t\t\t\t\t\t<div class=\"faq-item-answer-text\"> <p>Le recensioni aggiunte da persone reali sono della massima affidabilit\u00e0 per i clienti del tuo sito e indicano loro che la tua attivit\u00e0 pu\u00f2 essere fidato. Una valutazione elevata e impressioni positive possono aiutare a rafforzare gli acquisti sul tuo sito web. Inoltre, il pulsante attivo contribuir\u00e0 a ricevere pi\u00f9 recensioni dei clienti relative alla tua attivit\u00e0 su Booking. <\/p> <\/div>\r\n\t\t\t\t\t<\/div>\r\n\t\t\t\t<\/div> <div class=\"faq-item\">\r\n\t\t\t\t\t<div class=\"faq-item-question\">\r\n\t\t\t\t\t\t<h3 class=\"faq-item-question-text\">Come posso incorporare le recensioni delle prenotazioni sul mio sito Joomla?<\/h3>\r\n\r\n\t\t\t\t\t\t<div class=\"faq-item-question-icon\"><\/div>\r\n\t\t\t\t\t<\/div>\r\n\r\n\t\t\t\t\t<div class=\"faq-item-answer\">\r\n\t\t\t\t\t\t<div class=\"faq-item-answer-text\"> <p>Ti servono solo due minuti del tuo tempo per configurarlo. \u00c8 molto veloce, gratuito e privo di codifica. <\/p> <ol><li>Puoi integrare il widget con il tuo sito web direttamente tramite il nostro servizio. A tale scopo, eseguire le istruzioni riportate di seguito in questa pagina. <\/li> <li>Le recensioni delle prenotazioni Elfsight possono essere incorporate tramite il nostro servizio o sul mercato. Qui puoi leggere tutti i dettagli su queste varianti e selezionarne una pi\u00f9 adatta. <\/li> <\/ol> <\/div>\r\n\t\t\t\t\t<\/div>\r\n\t\t\t\t<\/div> <\/div> <\/div> <div class=\"application-platform-content-item-features application-platform-content-item\" id=\"features\" data-nav-section=\"features\"> <h2>Caratteristiche<\/h2> <p>Per avere una migliore conoscenza del widget, ecco le elenco delle sue caratteristiche principali. Rendono il widget davvero efficiente per la tua promozione: <\/p> <ul> <li>3 varianti di filtri: per tipo, escludi per e quantit\u00e0 di recensioni da visualizzare; <\/li> <li>Il pulsante per richiedere una recensione indirizza i visitatori alla pagina di prenotazione; <\/li> <li>Due scenari alternativi dopo il rifiuto della richiesta di revisione: mostrare un messaggio personalizzato o nascondere il pulsante. <\/li> <\/ul><p><a href=\"#demo\">La nostra demo ti riveler\u00e0 un elenco completo di funzionalit\u00e0<\/a><\/p> <\/div> <div class=\"application-platform-content-item-installation application-platform-content-item\" id=\"installation\" data-nav-section=\"installation\"> <h2>Ecco come integrare le Booking Reviews al tuo sito Joomla<\/h2><div class=\"video-container\"><iframe width=\"560\" height=\"315\" src=\"https:\/\/www.youtube.com\/embed\/qBlO04hq4_k?si=V9Zu5joJs4EJ2r1J\" frameborder=\"0\" allow=\"accelerometer; autoplay; clipboard-write; encrypted-media; gyroscope; picture-in-picture; web-share\" allowfullscreen><\/iframe><\/div><p>I passaggi seguenti sono l&#8217;unica cosa di cui hai bisogno per l&#8217;integrazione. <\/p> <ol><li><b>Gestisci il nostro editor gratuito e inizia a creare la tua estensione personalizzata. <\/b><br> Determina la disposizione personalizzata e le prestazioni dell&#8217;estensione e applica tutte le modifiche. <\/li> <li><b>Copia il codice individuale mostrato nella casella sulle app Elfsight. <\/b><br> Una volta completata la personalizzazione della tua estensione personale, copia il codice nel popup visualizzato e conservalo per un utilizzo futuro. <\/li> <li><b>Accedi all&#8217;utilizzo dell&#8217;estensione sul sito Joomla. <\/b><br> Inserisci il codice salvato in precedenza nella tua pagina e applica le modifiche. <\/li> <li><b>Il gioco \u00e8 fatto! La configurazione \u00e8 completamente terminata. <\/b><br> Visita il tuo sito per dare un&#8217;occhiata al funzionamento dell&#8217;estensione. <\/li><\/ol><p>Non sei ancora sicuro? Oppure hai problemi? Basta inviare una richiesta al nostro supporto clienti per risolvere ogni domanda. <\/p> <\/div>\n","protected":false},"excerpt":{"rendered":"","protected":false},"author":9,"featured_media":0,"parent":2892,"menu_order":0,"comment_status":"closed","ping_status":"closed","template":"templates\/template-application-platform.php","meta":{"publish_to_discourse":"","publish_post_category":"","wpdc_auto_publish_overridden":"","wpdc_topic_tags":"","wpdc_pin_topic":"","wpdc_pin_until":"","discourse_post_id":"","discourse_permalink":"","wpdc_publishing_response":"","wpdc_publishing_error":"","footnotes":""},"class_list":["post-3883","page","type-page","status-publish","hentry"],"yoast_head":"<!-- This site is optimized with the Yoast SEO plugin v25.3.1 - https:\/\/yoast.com\/wordpress\/plugins\/seo\/ -->\n<title>Incorpora le recensioni delle prenotazioni sul sito Joomla (in 2 minuti)<\/title>\n<meta name=\"description\" content=\"\u00c8 semplicissimo creare la tua estensione Booking Reviews e visualizzarla sul tuo sito web Joomla. L&#039;assistenza clienti Elfsight \u00e8 gratuita.\" \/>\n<meta name=\"robots\" content=\"index, follow, max-snippet:-1, max-image-preview:large, max-video-preview:-1\" \/>\n<link rel=\"canonical\" href=\"https:\/\/elfsight.com\/it\/booking-reviews-widget\/joomla\/\" \/>\n<meta property=\"og:locale\" content=\"it_IT\" \/>\n<meta property=\"og:type\" content=\"article\" \/>\n<meta property=\"og:title\" content=\"Incorpora le recensioni delle prenotazioni sul sito Joomla (in 2 minuti)\" \/>\n<meta property=\"og:description\" content=\"\u00c8 semplicissimo creare la tua estensione Booking Reviews e visualizzarla sul tuo sito web Joomla. L&#039;assistenza clienti Elfsight \u00e8 gratuita.\" \/>\n<meta property=\"og:url\" content=\"https:\/\/elfsight.com\/it\/booking-reviews-widget\/joomla\/\" \/>\n<meta property=\"og:site_name\" content=\"Elfsight IT\" \/>\n<meta property=\"article:modified_time\" content=\"2025-03-19T11:52:41+00:00\" \/>\n<meta name=\"twitter:card\" content=\"summary_large_image\" \/>\n<meta name=\"twitter:label1\" content=\"Tempo di lettura stimato\" \/>\n\t<meta name=\"twitter:data1\" content=\"3 minuti\" \/>\n<!-- \/ Yoast SEO plugin. -->","yoast_head_json":{"title":"Incorpora le recensioni delle prenotazioni sul sito Joomla (in 2 minuti)","description":"\u00c8 semplicissimo creare la tua estensione Booking Reviews e visualizzarla sul tuo sito web Joomla. L'assistenza clienti Elfsight \u00e8 gratuita.","robots":{"index":"index","follow":"follow","max-snippet":"max-snippet:-1","max-image-preview":"max-image-preview:large","max-video-preview":"max-video-preview:-1"},"canonical":"https:\/\/elfsight.com\/it\/booking-reviews-widget\/joomla\/","og_locale":"it_IT","og_type":"article","og_title":"Incorpora le recensioni delle prenotazioni sul sito Joomla (in 2 minuti)","og_description":"\u00c8 semplicissimo creare la tua estensione Booking Reviews e visualizzarla sul tuo sito web Joomla. L'assistenza clienti Elfsight \u00e8 gratuita.","og_url":"https:\/\/elfsight.com\/it\/booking-reviews-widget\/joomla\/","og_site_name":"Elfsight IT","article_modified_time":"2025-03-19T11:52:41+00:00","twitter_card":"summary_large_image","twitter_misc":{"Tempo di lettura stimato":"3 minuti"},"schema":{"@context":"https:\/\/schema.org","@graph":[{"@type":"WebPage","@id":"https:\/\/elfsight.com\/it\/booking-reviews-widget\/joomla\/","url":"https:\/\/elfsight.com\/it\/booking-reviews-widget\/joomla\/","name":"Incorpora le recensioni delle prenotazioni sul sito Joomla (in 2 minuti)","isPartOf":{"@id":"https:\/\/elfsight.com\/it\/#website"},"datePublished":"2024-05-03T06:30:44+00:00","dateModified":"2025-03-19T11:52:41+00:00","description":"\u00c8 semplicissimo creare la tua estensione Booking Reviews e visualizzarla sul tuo sito web Joomla. L'assistenza clienti Elfsight \u00e8 gratuita.","breadcrumb":{"@id":"https:\/\/elfsight.com\/it\/booking-reviews-widget\/joomla\/#breadcrumb"},"inLanguage":"it-IT","potentialAction":[{"@type":"ReadAction","target":["https:\/\/elfsight.com\/it\/booking-reviews-widget\/joomla\/"]}]},{"@type":"BreadcrumbList","@id":"https:\/\/elfsight.com\/it\/booking-reviews-widget\/joomla\/#breadcrumb","itemListElement":[{"@type":"ListItem","position":1,"name":"Home","item":"https:\/\/elfsight.com\/it\/"},{"@type":"ListItem","position":2,"name":"Booking Reviews","item":"https:\/\/elfsight.com\/it\/booking-reviews-widget\/"},{"@type":"ListItem","position":3,"name":"Booking Reviews &#8211; Joomla"}]},{"@type":"WebSite","@id":"https:\/\/elfsight.com\/it\/#website","url":"https:\/\/elfsight.com\/it\/","name":"Elfsight IT","description":"Just another Elfsight Sites site","potentialAction":[{"@type":"SearchAction","target":{"@type":"EntryPoint","urlTemplate":"https:\/\/elfsight.com\/it\/?s={search_term_string}"},"query-input":{"@type":"PropertyValueSpecification","valueRequired":true,"valueName":"search_term_string"}}],"inLanguage":"it-IT"}]}},"meta_box":{"industry":"","seo_heading":"","heading":"","description":"","cta_heading":"","cta_description":"","application":"2891","h1":"Recensioni di Joomla Booking.com","h1_caption":"Visualizza le recensioni di booking.com per attirare pi\u00f9 ospiti mostrando facilmente le esperienze positive dei visitatori precedenti nel tuo sito web Joomla.","application_category":[],"applications_title":"","applications_request_title":"","applications_request_button_text":"","hero_text":"","hero_video":"","hero_video_schema_markup":"","selling_points_title":"","selling_points_caption":"","selling_points":[],"selling_points_cta_text":"","features_title":"","features":"","ed_cta_examples_text":"","ed_cta_examples_hidden":"","ed_cta_demo_text":"","ed_cta_demo_hidden":"","why_caption":"","why_editor_title":"","why_editor_text":"","why_team_title":"","why_team_text":"","why_service_title":"","why_service_text":"","template_catalog_visible":"0","template_catalog_title":"","template_catalog_text":"","template_catalog_categories_visible":"","demo_title":"Crea il tuo plugin per le recensioni delle prenotazioni","demo_caption":"Configura le tue recensioni di prenotazione e aggiungile gratuitamente al tuo sito Joomla!","default_faq_hidden":"","app_template_category":[],"platform":"36","template_public_id":"","codecanyon_url":"","codecanyon_item_id":"","codecanyon_price":"","pricing_caption":"","pricing_elfsight_apps_hide_column":"","pricing_elfsight_apps_url":"","pricing_codecanyon_price_caption":"","integration_category":[],"integration_request_title":"","integration_request_cta":"","integration_platform":"","integrations":[],"platform_category":[],"video_schema_markup":"","price":"da $ 0 al mese","trial":"","benefits":[{"text":"Servizio di installazione gratuito"},{"text":"Supporto premium"},{"text":"Garanzia di rimborso di 14 giorni"},{"text":"Miglioramenti gratuiti continui"}],"button_url":"#demo","button_target_blank":"0","button_nofollow":"0","attributes":[{"name":"Installazioni"},{"name":"Reattivo","content":"S\u00cc"},{"name":"Browser compatibili","content":"Firefox, Safari, Opera, Chrome, Edge"}],"tags":[],"tags_disable_links":"0","hide_more_platforms":"0","video_object":"","demo_hide_cta":"0","demo_hide_cloud_options":"0","pricing_title":"","pricing":[{"pricing_icon":"platform","pricing_title":"Elfsight Apps","pricing_title_caption":"Soluzione indipendente dalla piattaforma","pricing_price":"da $ 0 \/ mese","pricing_price_caption":"inizia con il piano gratuito","pricing_benefits":[{"text":"Domini illimitati"},{"text":"Supporto 24 ore su 24, 7 giorni su 7 e ben documentato"},{"text":"Servizio di installazione gratuito"},{"text":"Offerta speciale per pi\u00f9 app"}],"pricing_button_text":"Aggiungi al sito web","pricing_button_url":"#demo"}],"related_apps_title":"","related_apps_hidden":"0","author":"","image":[],"title":"","job":"","social_networks":[]},"_links":{"self":[{"href":"https:\/\/elfsight.com\/it\/wp-json\/wp\/v2\/pages\/3883","targetHints":{"allow":["GET"]}}],"collection":[{"href":"https:\/\/elfsight.com\/it\/wp-json\/wp\/v2\/pages"}],"about":[{"href":"https:\/\/elfsight.com\/it\/wp-json\/wp\/v2\/types\/page"}],"author":[{"embeddable":true,"href":"https:\/\/elfsight.com\/it\/wp-json\/wp\/v2\/users\/9"}],"replies":[{"embeddable":true,"href":"https:\/\/elfsight.com\/it\/wp-json\/wp\/v2\/comments?post=3883"}],"version-history":[{"count":3,"href":"https:\/\/elfsight.com\/it\/wp-json\/wp\/v2\/pages\/3883\/revisions"}],"predecessor-version":[{"id":9273,"href":"https:\/\/elfsight.com\/it\/wp-json\/wp\/v2\/pages\/3883\/revisions\/9273"}],"up":[{"embeddable":true,"href":"https:\/\/elfsight.com\/it\/wp-json\/wp\/v2\/pages\/2892"}],"wp:attachment":[{"href":"https:\/\/elfsight.com\/it\/wp-json\/wp\/v2\/media?parent=3883"}],"curies":[{"name":"wp","href":"https:\/\/api.w.org\/{rel}","templated":true}]}}