{"id":3882,"date":"2024-05-03T06:30:43","date_gmt":"2024-05-03T06:30:43","guid":{"rendered":"https:\/\/elfsight.com\/it\/?page_id=3882"},"modified":"2025-03-19T11:51:28","modified_gmt":"2025-03-19T11:51:28","slug":"elementor","status":"publish","type":"page","link":"https:\/\/elfsight.com\/it\/booking-reviews-widget\/elementor\/","title":{"rendered":"Booking Reviews &#8211; Elementor"},"content":{"rendered":"\n<div class=\"application-platform-content-item-description application-platform-content-item\" id=\"description\" data-nav-section=\"description\"> <h2>Incorpora Booking Reviews su Elementor con il widget Elfsight<\/h2> <p>Elfsight Booking Reviews \u00e8 uno strumento utile che render\u00e0 tutto pi\u00f9 semplice per incorporare nel tuo sito le recensioni sulle tue offerte pubblicate su Booking. Utilizzando questo widget, puoi utilizzare i filtri per nascondere le recensioni negative, aggiungere le valutazioni in stelle e numeri da Booking, aggiungere dettagli sugli autori e aggiungere un pulsante che porter\u00e0 i visitatori ad aggiungere una nuova recensione su Booking. Elfsight Booking Reviews ti aiuter\u00e0 a dimostrare la tua perfetta prova sociale sul tuo sito web personale e ad aumentare le vendite. <\/p> <div class=\"faq\" data-component=\"FAQ\"><div class=\"faq-item\">\r\n\t\t\t\t\t<div class=\"faq-item-question\">\r\n\t\t\t\t\t\t<h3 class=\"faq-item-question-text\">Dove posso integrare il widget<\/h3>\r\n\r\n\t\t\t\t\t\t<div class=\"faq-item-question-icon\"><\/div>\r\n\t\t\t\t\t<\/div>\r\n\r\n\t\t\t\t\t<div class=\"faq-item-answer\">\r\n\t\t\t\t\t\t<div class=\"faq-item-answer-text\"> <p>Puoi incollare il widget in qualsiasi pagina del tuo sito, oppure inserirlo nel template del sito web, in questo caso verr\u00e0 rivelato su tutte le pagine. Le recensioni sono efficaci sulle pagine dei prodotti o sulla pagina Chi siamo, dove desideri dimostrare la tua valutazione elevata. <\/p> <\/div>\r\n\t\t\t\t\t<\/div>\r\n\t\t\t\t<\/div><div class=\"faq-item\">\r\n\t\t\t\t\t<div class=\"faq-item-question\">\r\n\t\t\t\t\t\t<h3 class=\"faq-item-question-text\">Quali sono i vantaggi di avere questo plugin per me?<\/h3>\r\n\r\n\t\t\t\t\t\t<div class=\"faq-item-question-icon\"><\/div>\r\n\t\t\t\t\t<\/div>\r\n\r\n\t\t\t\t\t<div class=\"faq-item-answer\">\r\n\t\t\t\t\t\t<div class=\"faq-item-answer-text\"> <p>Le recensioni pubblicate da persone reali sono perfettamente affidabili per i clienti del tuo sito web e mostrano loro che la tua attivit\u00e0 \u00e8 affidabile. Una valutazione elevata e testimonianze eccellenti possono aiutare ad aumentare il livello di vendita sul tuo sito web. Inoltre, il pulsante di reindirizzamento pu\u00f2 contribuire ad aumentare le recensioni dei clienti sulla tua attivit\u00e0 su Booking. <\/p> <\/div>\r\n\t\t\t\t\t<\/div>\r\n\t\t\t\t<\/div> <div class=\"faq-item\">\r\n\t\t\t\t\t<div class=\"faq-item-question\">\r\n\t\t\t\t\t\t<h3 class=\"faq-item-question-text\">Di cosa ho bisogno per installare Booking Reviews sul mio sito web Elementor?<\/h3>\r\n\r\n\t\t\t\t\t\t<div class=\"faq-item-question-icon\"><\/div>\r\n\t\t\t\t\t<\/div>\r\n\r\n\t\t\t\t\t<div class=\"faq-item-answer\">\r\n\t\t\t\t\t\t<div class=\"faq-item-answer-text\"> <p>Avrai bisogno solo di un minuto di tempo per iniziare a utilizzare il widget. \u00c8 super veloce, gratuito e senza codifica. <\/p> <ol><li>C&#8217;\u00e8 un&#8217;opzione per incorporare il widget nel tuo sito tramite il nostro servizio. Per realizzarlo, controlla le istruzioni riportate di seguito in questa pagina. <\/li> <li>Le recensioni delle prenotazioni Elfsight possono essere incorporate nel nostro servizio o sul mercato. Puoi confrontare i pro e i contro di queste varianti e sceglierne una pi\u00f9 adatta. <\/li> <\/ol> <\/div>\r\n\t\t\t\t\t<\/div>\r\n\t\t\t\t<\/div> <\/div> <\/div> <div class=\"application-platform-content-item-features application-platform-content-item\" id=\"features\" data-nav-section=\"features\"> <h2>Caratteristiche principali del widget Recensioni di prenotazione<\/h2> <p>Per avere un&#8217;idea chiara delle Recensioni di Prenotazione, consulta l&#8217;elenco delle principali funzionalit\u00e0. Rendono il widget estremamente vantaggioso per te: <\/p> <ul> <li>4 layout pronti all&#8217;uso: Elenco, Griglia, Massoneria e Dispositivo di scorrimento; <\/li> <li>Un&#8217;opzione per mostrare o nascondere l&#8217;intestazione del widget; <\/li> <li>Due possibili scenari dopo il rifiuto della richiesta di revisione: mostrare il messaggio o nascondere il pulsante. <\/li> <\/ul><p><a href=\"#demo\">La demo dal vivo ti mostrer\u00e0 tutte le funzionalit\u00e0<\/a><\/p> <\/div> <div class=\"application-platform-content-item-installation application-platform-content-item\" id=\"installation\" data-nav-section=\"installation\"> <h2>Scopri come aggiungere le recensioni di prenotazione al tuo sito web Elementor<\/h2> <div class=\"video-container\"><iframe width=\"560\" height=\"315\" src=\"https:\/\/www.youtube.com\/embed\/vz3oxrr1zZM?si=1ifCpNwdz_xhKU3a\" frameborder=\"0\" allow=\"accelerometer; autoplay; clipboard-write; encrypted-media; gyroscope; picture-in-picture; web-share\" allowfullscreen><\/iframe><\/div><p>Le seguenti azioni sono l&#8217;unica cosa di cui hai bisogno per dimostrare Elfsight Booking Reviews sul tuo sito. <\/p> <ol><li><b>Progetta il tuo plugin unico per le recensioni di prenotazione<\/b><br> Utilizzando la nostra demo gratuita, configura un plugin con il layout e le funzioni selezionati. <\/li><li><b>Acquisisci il codice individuale per visualizzare il plugin<\/b><br> Dopo aver creato il tuo widget, riceverai il tuo codice personale dalla notifica che appare sulle App Elfsight. Copialo per un ulteriore utilizzo. <\/li> <li><b>Aggiungi il plugin al tuo sito web Elementor<\/b><br> Scegli il luogo in cui desideri rivelare il plugin e incolla l\u00ec il codice copiato. Salva le modifiche. <\/li> <li><b>Hai finito! <\/b><br> Vai al tuo sito web per vedere le tue testimonianze. <\/li> <\/ol><p>Ancora indeciso? O hai domande? Invia semplicemente la tua richiesta al nostro team di assistenza clienti per risolvere qualsiasi problema. <\/p> <\/div>\n","protected":false},"excerpt":{"rendered":"","protected":false},"author":9,"featured_media":0,"parent":2892,"menu_order":0,"comment_status":"closed","ping_status":"closed","template":"templates\/template-application-platform.php","meta":{"publish_to_discourse":"","publish_post_category":"","wpdc_auto_publish_overridden":"","wpdc_topic_tags":"","wpdc_pin_topic":"","wpdc_pin_until":"","discourse_post_id":"","discourse_permalink":"","wpdc_publishing_response":"","wpdc_publishing_error":"","footnotes":""},"class_list":["post-3882","page","type-page","status-publish","hentry"],"yoast_head":"<!-- This site is optimized with the Yoast SEO plugin v25.3.1 - https:\/\/yoast.com\/wordpress\/plugins\/seo\/ -->\n<title>Incorpora le recensioni delle prenotazioni sul sito web di Elementor (facile e veloce)<\/title>\n<meta name=\"description\" content=\"\u00c8 facile creare il widget Recensioni delle prenotazioni e visualizzarlo sul tuo sito Web Elementor. Il servizio clienti Elfsight \u00e8 gratuito.\" \/>\n<meta name=\"robots\" content=\"index, follow, max-snippet:-1, max-image-preview:large, max-video-preview:-1\" \/>\n<link rel=\"canonical\" href=\"https:\/\/elfsight.com\/it\/booking-reviews-widget\/elementor\/\" \/>\n<meta property=\"og:locale\" content=\"it_IT\" \/>\n<meta property=\"og:type\" content=\"article\" \/>\n<meta property=\"og:title\" content=\"Incorpora le recensioni delle prenotazioni sul sito web di Elementor (facile e veloce)\" \/>\n<meta property=\"og:description\" content=\"\u00c8 facile creare il widget Recensioni delle prenotazioni e visualizzarlo sul tuo sito Web Elementor. Il servizio clienti Elfsight \u00e8 gratuito.\" \/>\n<meta property=\"og:url\" content=\"https:\/\/elfsight.com\/it\/booking-reviews-widget\/elementor\/\" \/>\n<meta property=\"og:site_name\" content=\"Elfsight IT\" \/>\n<meta property=\"article:modified_time\" content=\"2025-03-19T11:51:28+00:00\" \/>\n<meta name=\"twitter:card\" content=\"summary_large_image\" \/>\n<meta name=\"twitter:label1\" content=\"Tempo di lettura stimato\" \/>\n\t<meta name=\"twitter:data1\" content=\"3 minuti\" \/>\n<!-- \/ Yoast SEO plugin. -->","yoast_head_json":{"title":"Incorpora le recensioni delle prenotazioni sul sito web di Elementor (facile e veloce)","description":"\u00c8 facile creare il widget Recensioni delle prenotazioni e visualizzarlo sul tuo sito Web Elementor. Il servizio clienti Elfsight \u00e8 gratuito.","robots":{"index":"index","follow":"follow","max-snippet":"max-snippet:-1","max-image-preview":"max-image-preview:large","max-video-preview":"max-video-preview:-1"},"canonical":"https:\/\/elfsight.com\/it\/booking-reviews-widget\/elementor\/","og_locale":"it_IT","og_type":"article","og_title":"Incorpora le recensioni delle prenotazioni sul sito web di Elementor (facile e veloce)","og_description":"\u00c8 facile creare il widget Recensioni delle prenotazioni e visualizzarlo sul tuo sito Web Elementor. Il servizio clienti Elfsight \u00e8 gratuito.","og_url":"https:\/\/elfsight.com\/it\/booking-reviews-widget\/elementor\/","og_site_name":"Elfsight IT","article_modified_time":"2025-03-19T11:51:28+00:00","twitter_card":"summary_large_image","twitter_misc":{"Tempo di lettura stimato":"3 minuti"},"schema":{"@context":"https:\/\/schema.org","@graph":[{"@type":"WebPage","@id":"https:\/\/elfsight.com\/it\/booking-reviews-widget\/elementor\/","url":"https:\/\/elfsight.com\/it\/booking-reviews-widget\/elementor\/","name":"Incorpora le recensioni delle prenotazioni sul sito web di Elementor (facile e veloce)","isPartOf":{"@id":"https:\/\/elfsight.com\/it\/#website"},"datePublished":"2024-05-03T06:30:43+00:00","dateModified":"2025-03-19T11:51:28+00:00","description":"\u00c8 facile creare il widget Recensioni delle prenotazioni e visualizzarlo sul tuo sito Web Elementor. Il servizio clienti Elfsight \u00e8 gratuito.","breadcrumb":{"@id":"https:\/\/elfsight.com\/it\/booking-reviews-widget\/elementor\/#breadcrumb"},"inLanguage":"it-IT","potentialAction":[{"@type":"ReadAction","target":["https:\/\/elfsight.com\/it\/booking-reviews-widget\/elementor\/"]}]},{"@type":"BreadcrumbList","@id":"https:\/\/elfsight.com\/it\/booking-reviews-widget\/elementor\/#breadcrumb","itemListElement":[{"@type":"ListItem","position":1,"name":"Home","item":"https:\/\/elfsight.com\/it\/"},{"@type":"ListItem","position":2,"name":"Booking Reviews","item":"https:\/\/elfsight.com\/it\/booking-reviews-widget\/"},{"@type":"ListItem","position":3,"name":"Booking Reviews &#8211; Elementor"}]},{"@type":"WebSite","@id":"https:\/\/elfsight.com\/it\/#website","url":"https:\/\/elfsight.com\/it\/","name":"Elfsight IT","description":"Just another Elfsight Sites site","potentialAction":[{"@type":"SearchAction","target":{"@type":"EntryPoint","urlTemplate":"https:\/\/elfsight.com\/it\/?s={search_term_string}"},"query-input":{"@type":"PropertyValueSpecification","valueRequired":true,"valueName":"search_term_string"}}],"inLanguage":"it-IT"}]}},"meta_box":{"industry":"","seo_heading":"","heading":"","description":"","cta_heading":"","cta_description":"","application":"2891","h1":"Recensioni di Elementor Booking.com","h1_caption":"Visualizza le recensioni di booking.com per attirare pi\u00f9 ospiti mostrando facilmente le esperienze positive dei visitatori precedenti nel tuo sito Web Elementor.","application_category":[],"applications_title":"","applications_request_title":"","applications_request_button_text":"","hero_text":"","hero_video":"","hero_video_schema_markup":"","selling_points_title":"","selling_points_caption":"","selling_points":[],"selling_points_cta_text":"","features_title":"","features":"","ed_cta_examples_text":"","ed_cta_examples_hidden":"","ed_cta_demo_text":"","ed_cta_demo_hidden":"","why_caption":"","why_editor_title":"","why_editor_text":"","why_team_title":"","why_team_text":"","why_service_title":"","why_service_text":"","template_catalog_visible":"0","template_catalog_title":"","template_catalog_text":"","template_catalog_categories_visible":"","demo_title":"Crea il tuo widget Recensioni di prenotazione","demo_caption":"Configura le tue recensioni di prenotazione e aggiungile gratuitamente al tuo sito Web Elementor!","default_faq_hidden":"","app_template_category":[],"platform":"68","template_public_id":"","codecanyon_url":"","codecanyon_item_id":"","codecanyon_price":"","pricing_caption":"","pricing_elfsight_apps_hide_column":"","pricing_elfsight_apps_url":"","pricing_codecanyon_price_caption":"","integration_category":[],"integration_request_title":"","integration_request_cta":"","integration_platform":"","integrations":[],"platform_category":[],"video_schema_markup":"","price":"da $ 0 al mese","trial":"","benefits":[{"text":"Servizio di installazione gratuito"},{"text":"Assistenza clienti con esperienza"},{"text":"Garanzia di rimborso di 14 giorni"},{"text":"Sviluppo continuo"}],"button_url":"#demo","button_target_blank":"0","button_nofollow":"0","attributes":[{"name":"Installazioni"},{"name":"Reattivo","content":"S\u00cc"},{"name":"Browser compatibili","content":"Firefox, Safari, Opera, Chrome, Edge"}],"tags":[],"tags_disable_links":"0","hide_more_platforms":"0","video_object":"","demo_hide_cta":"0","demo_hide_cloud_options":"0","pricing_title":"","pricing":[{"pricing_icon":"platform","pricing_title":"Elfsight Apps","pricing_title_caption":"Software indipendente dalla piattaforma","pricing_price":"da $ 0 \/ mese","pricing_price_caption":"inizia con il piano gratuito","pricing_benefits":[{"text":"Domini illimitati"},{"text":"Supporto professionale e puntuale"},{"text":"Servizio di installazione gratuito"},{"text":"Offerta speciale per pi\u00f9 app"}],"pricing_button_text":"Aggiungi al sito web","pricing_button_url":"#demo"}],"related_apps_title":"","related_apps_hidden":"0","author":"","image":[],"title":"","job":"","social_networks":[]},"_links":{"self":[{"href":"https:\/\/elfsight.com\/it\/wp-json\/wp\/v2\/pages\/3882","targetHints":{"allow":["GET"]}}],"collection":[{"href":"https:\/\/elfsight.com\/it\/wp-json\/wp\/v2\/pages"}],"about":[{"href":"https:\/\/elfsight.com\/it\/wp-json\/wp\/v2\/types\/page"}],"author":[{"embeddable":true,"href":"https:\/\/elfsight.com\/it\/wp-json\/wp\/v2\/users\/9"}],"replies":[{"embeddable":true,"href":"https:\/\/elfsight.com\/it\/wp-json\/wp\/v2\/comments?post=3882"}],"version-history":[{"count":3,"href":"https:\/\/elfsight.com\/it\/wp-json\/wp\/v2\/pages\/3882\/revisions"}],"predecessor-version":[{"id":9272,"href":"https:\/\/elfsight.com\/it\/wp-json\/wp\/v2\/pages\/3882\/revisions\/9272"}],"up":[{"embeddable":true,"href":"https:\/\/elfsight.com\/it\/wp-json\/wp\/v2\/pages\/2892"}],"wp:attachment":[{"href":"https:\/\/elfsight.com\/it\/wp-json\/wp\/v2\/media?parent=3882"}],"curies":[{"name":"wp","href":"https:\/\/api.w.org\/{rel}","templated":true}]}}