{"id":3861,"date":"2024-05-03T06:30:34","date_gmt":"2024-05-03T06:30:34","guid":{"rendered":"https:\/\/elfsight.com\/it\/?page_id=3861"},"modified":"2025-03-19T14:19:08","modified_gmt":"2025-03-19T14:19:08","slug":"google-sites","status":"publish","type":"page","link":"https:\/\/elfsight.com\/it\/booking-reviews-widget\/google-sites\/","title":{"rendered":"Booking Reviews &#8211; Google Sites"},"content":{"rendered":"\n<div class=\"application-platform-content-item-description application-platform-content-item\" id=\"description\" data-nav-section=\"description\"> <h2>Incorpora le recensioni delle prenotazioni su Google Sites con il widget Elfsight<\/h2> <p>Se hai bisogno di mostrare la tua alta valutazione da parte dei clienti e convincere visitatori del sito web che vale la pena acquistare i tuoi prodotti o servizi, Elfsight Booking Reviews per Google Sites sar\u00e0 la scelta giusta. Con il nostro strumento, sarai in grado di inserire le recensioni degli utenti di Booking sul tuo sito web con informazioni sui loro autori, ordinarle per rivelare solo quelle buone, mostrare valutazioni e pulsante di richiesta di recensione che condurr\u00e0 le persone sulla tua pagina di Booking, dove pu\u00f2 scrivere un&#8217;altra recensione. <\/p> <p><b>Con Booking Reviews, vedi lo sviluppo attivo del business e l&#8217;aumento delle vendite. <\/b><\/p> <\/div> <div class=\"application-platform-content-item-features application-platform-content-item\" id=\"features\" data-nav-section=\"features\"> <h2>Ecco le caratteristiche principali di widget: <\/h2> <ul> <li>Quattro layout predefiniti: Elenco, Griglia, Muratura e Dispositivo di scorrimento; <\/li> <li>Il pulsante per richiedere una recensione porta gli utenti alla tua pagina di Prenotazione; <\/li> <li>Due varianti di scenari dopo il rifiuto della richiesta di revisione: rivelare un messaggio di testo o nascondere il pulsante. <\/li> <\/ul><p><a href=\"#demo\">Puoi provare quanto vale il widget con l&#8217;aiuto della demo<\/a><\/p> <\/div> <div class=\"application-platform-content-item-installazione application-platform-content-item\" id=\"installazione\" data-nav-section=\"installazione\"> <h2>Come posso aggiungere recensioni di prenotazione nella mia pagina web di Google Sites? <\/h2><div class=\"video-container\"><iframe width=\"560\" height=\"315\" src=\"https:\/\/www.youtube.com\/embed\/CuzMC2vW9dk?si=tTH8tXOo9rW2rW1f\" frameborder=\"0\" allow=\"accelerometer; autoplay; clipboard-write; encrypted-media; gyroscope; picture-in-picture; web-share\" allowfullscreen><\/iframe><\/div><p>Basta applicare le istruzioni riportate di seguito per iniziare a utilizzare lo strumento. <\/p> <ol><li><b>Gestisci il nostro configuratore gratuito e inizia a creare il tuo plugin personalizzato. <\/b><br> Determina l&#8217;aspetto e la funzionalit\u00e0 adatti del plugin e salva le modifiche. <\/li> <li><b>Ricevi il tuo codice individuale rivelato nel modulo speciale sulle app Elfsight. <\/b><br> Subito dopo aver completato la generazione del tuo widget, copia il codice personale nella finestra visualizzata e conservalo per occasioni future. <\/li> <li><b>Avvia l&#8217;applicazione dello strumento sul tuo sito web di Google Sites. <\/b><br> Integra il codice copiato in precedenza nella tua pagina e salva le modifiche. <\/li> <li><b>L&#8217;installazione \u00e8 completamente eseguita. <\/b><br> Visita il tuo sito web per vedere come funziona lo strumento. <\/li><\/ol> <div class=\"tip-yellow tip\"><b>A causa delle peculiarit\u00e0 del funzionamento di Google Sites, il widget potrebbe avere un aspetto diverso dalla demo online. Ci scusiamo per gli eventuali disagi causati.<\/b><\/div><p>Se dovessi affrontare domande o incontrare alcune complicazioni, non aver paura di rivolgerti al nostro team di supporto. I nostri specialisti saranno entusiasti di risolvere tutti i problemi che potresti avere con il prodotto. <\/p> <div class=\"faq\" data-component=\"FAQ\"> <div class=\"faq-item\">\r\n\t\t\t\t\t<div class=\"faq-item-question\">\r\n\t\t\t\t\t\t<h3 class=\"faq-item-question-text\">Come posso aggiungere le recensioni di Booking.com alla mia pagina Google senza conoscenze di programmazione?<\/h3>\r\n\r\n\t\t\t\t\t\t<div class=\"faq-item-question-icon\"><\/div>\r\n\t\t\t\t\t<\/div>\r\n\r\n\t\t\t\t\t<div class=\"faq-item-answer\">\r\n\t\t\t\t\t\t<div class=\"faq-item-answer-text\"> \n<p>Con Elfsight, puoi creare facilmente un widget di recensioni di Booking.com da solo. Il processo \u00e8 molto semplice:<\/p>\n<ol>\n<li>Accedi all&#8217;editor online e crea il widget di recensioni di Booking.com che desideri per la tua pagina Google.<\/li>\n<li>Scegli uno dei modelli disponibili e personalizza le impostazioni \u2013 modifica il layout, i colori e aggiungi i tuoi contenuti, senza dover programmare.<\/li>\n<li>Salva le modifiche e copia il codice di incorporamento, che puoi facilmente inserire nella tua pagina Google.<\/li>\n<\/ol>\n<p>Grazie all&#8217;editor intuitivo, tutti gli utenti di Internet possono facilmente creare un widget di recensioni di Booking.com e integrarlo nella loro pagina Google. L&#8217;accesso all&#8217;editor \u00e8 gratuito e non \u00e8 necessario fornire informazioni di pagamento. Se dovessi incontrare problemi, il nostro supporto \u00e8 sempre a tua disposizione.<\/p>\n<\/div>\r\n\t\t\t\t\t<\/div>\r\n\t\t\t\t<\/div> <\/div>\n<\/div>\n","protected":false},"excerpt":{"rendered":"","protected":false},"author":9,"featured_media":0,"parent":2892,"menu_order":0,"comment_status":"closed","ping_status":"closed","template":"templates\/template-application-platform.php","meta":{"publish_to_discourse":"","publish_post_category":"","wpdc_auto_publish_overridden":"","wpdc_topic_tags":"","wpdc_pin_topic":"","wpdc_pin_until":"","discourse_post_id":"","discourse_permalink":"","wpdc_publishing_response":"","wpdc_publishing_error":"","footnotes":""},"class_list":["post-3861","page","type-page","status-publish","hentry"],"yoast_head":"<!-- This site is optimized with the Yoast SEO plugin v25.3.1 - https:\/\/yoast.com\/wordpress\/plugins\/seo\/ -->\n<title>Recensioni di prenotazione: aggiunta di recensioni da Booking a Google Sites (2025)<\/title>\n<meta name=\"description\" content=\"Aggiungi un plug-in reattivo per le recensioni delle prenotazioni sulla tua pagina web di Google Sites e guadagna la massima fiducia. Utilizza la demo di Elfsight per creare la tua funzionalit\u00e0 personalizzata.\" \/>\n<meta name=\"robots\" content=\"index, follow, max-snippet:-1, max-image-preview:large, max-video-preview:-1\" \/>\n<link rel=\"canonical\" href=\"https:\/\/elfsight.com\/it\/booking-reviews-widget\/google-sites\/\" \/>\n<meta property=\"og:locale\" content=\"it_IT\" \/>\n<meta property=\"og:type\" content=\"article\" \/>\n<meta property=\"og:title\" content=\"Recensioni di prenotazione: aggiunta di recensioni da Booking a Google Sites (2025)\" \/>\n<meta property=\"og:description\" content=\"Aggiungi un plug-in reattivo per le recensioni delle prenotazioni sulla tua pagina web di Google Sites e guadagna la massima fiducia. Utilizza la demo di Elfsight per creare la tua funzionalit\u00e0 personalizzata.\" \/>\n<meta property=\"og:url\" content=\"https:\/\/elfsight.com\/it\/booking-reviews-widget\/google-sites\/\" \/>\n<meta property=\"og:site_name\" content=\"Elfsight IT\" \/>\n<meta property=\"article:modified_time\" content=\"2025-03-19T14:19:08+00:00\" \/>\n<meta name=\"twitter:card\" content=\"summary_large_image\" \/>\n<meta name=\"twitter:label1\" content=\"Tempo di lettura stimato\" \/>\n\t<meta name=\"twitter:data1\" content=\"3 minuti\" \/>\n<!-- \/ Yoast SEO plugin. -->","yoast_head_json":{"title":"Recensioni di prenotazione: aggiunta di recensioni da Booking a Google Sites (2025)","description":"Aggiungi un plug-in reattivo per le recensioni delle prenotazioni sulla tua pagina web di Google Sites e guadagna la massima fiducia. Utilizza la demo di Elfsight per creare la tua funzionalit\u00e0 personalizzata.","robots":{"index":"index","follow":"follow","max-snippet":"max-snippet:-1","max-image-preview":"max-image-preview:large","max-video-preview":"max-video-preview:-1"},"canonical":"https:\/\/elfsight.com\/it\/booking-reviews-widget\/google-sites\/","og_locale":"it_IT","og_type":"article","og_title":"Recensioni di prenotazione: aggiunta di recensioni da Booking a Google Sites (2025)","og_description":"Aggiungi un plug-in reattivo per le recensioni delle prenotazioni sulla tua pagina web di Google Sites e guadagna la massima fiducia. Utilizza la demo di Elfsight per creare la tua funzionalit\u00e0 personalizzata.","og_url":"https:\/\/elfsight.com\/it\/booking-reviews-widget\/google-sites\/","og_site_name":"Elfsight IT","article_modified_time":"2025-03-19T14:19:08+00:00","twitter_card":"summary_large_image","twitter_misc":{"Tempo di lettura stimato":"3 minuti"},"schema":{"@context":"https:\/\/schema.org","@graph":[{"@type":"WebPage","@id":"https:\/\/elfsight.com\/it\/booking-reviews-widget\/google-sites\/","url":"https:\/\/elfsight.com\/it\/booking-reviews-widget\/google-sites\/","name":"Recensioni di prenotazione: aggiunta di recensioni da Booking a Google Sites (2025)","isPartOf":{"@id":"https:\/\/elfsight.com\/it\/#website"},"datePublished":"2024-05-03T06:30:34+00:00","dateModified":"2025-03-19T14:19:08+00:00","description":"Aggiungi un plug-in reattivo per le recensioni delle prenotazioni sulla tua pagina web di Google Sites e guadagna la massima fiducia. Utilizza la demo di Elfsight per creare la tua funzionalit\u00e0 personalizzata.","breadcrumb":{"@id":"https:\/\/elfsight.com\/it\/booking-reviews-widget\/google-sites\/#breadcrumb"},"inLanguage":"it-IT","potentialAction":[{"@type":"ReadAction","target":["https:\/\/elfsight.com\/it\/booking-reviews-widget\/google-sites\/"]}]},{"@type":"BreadcrumbList","@id":"https:\/\/elfsight.com\/it\/booking-reviews-widget\/google-sites\/#breadcrumb","itemListElement":[{"@type":"ListItem","position":1,"name":"Home","item":"https:\/\/elfsight.com\/it\/"},{"@type":"ListItem","position":2,"name":"Booking Reviews","item":"https:\/\/elfsight.com\/it\/booking-reviews-widget\/"},{"@type":"ListItem","position":3,"name":"Booking Reviews &#8211; Google Sites"}]},{"@type":"WebSite","@id":"https:\/\/elfsight.com\/it\/#website","url":"https:\/\/elfsight.com\/it\/","name":"Elfsight IT","description":"Just another Elfsight Sites site","potentialAction":[{"@type":"SearchAction","target":{"@type":"EntryPoint","urlTemplate":"https:\/\/elfsight.com\/it\/?s={search_term_string}"},"query-input":{"@type":"PropertyValueSpecification","valueRequired":true,"valueName":"search_term_string"}}],"inLanguage":"it-IT"}]}},"meta_box":{"industry":"","seo_heading":"","heading":"","description":"","cta_heading":"","cta_description":"","application":"2891","h1":"Widget Recensioni di Google Sites Booking.com","h1_caption":"Visualizza le recensioni di booking.com per attirare pi\u00f9 ospiti mostrando facilmente le esperienze positive dei visitatori precedenti nei tuoi siti Google.","application_category":[],"applications_title":"","applications_request_title":"","applications_request_button_text":"","hero_text":"","hero_video":"","hero_video_schema_markup":"","selling_points_title":"","selling_points_caption":"","selling_points":[],"selling_points_cta_text":"","features_title":"","features":"","ed_cta_examples_text":"","ed_cta_examples_hidden":"","ed_cta_demo_text":"","ed_cta_demo_hidden":"","why_caption":"","why_editor_title":"","why_editor_text":"","why_team_title":"","why_team_text":"","why_service_title":"","why_service_text":"","template_catalog_visible":"0","template_catalog_title":"","template_catalog_text":"","template_catalog_categories_visible":"","demo_title":"Crea il tuo widget Recensioni di prenotazione","demo_caption":"Configura le tue recensioni di prenotazione e aggiungile gratuitamente al tuo sito web di Google Sites!","default_faq_hidden":"","app_template_category":[],"platform":"105","template_public_id":"","codecanyon_url":"","codecanyon_item_id":"","codecanyon_price":"","pricing_caption":"","pricing_elfsight_apps_hide_column":"","pricing_elfsight_apps_url":"","pricing_codecanyon_price_caption":"","integration_category":[],"integration_request_title":"","integration_request_cta":"","integration_platform":"","integrations":[],"platform_category":[],"video_schema_markup":"","price":"da $ 0 al mese","trial":"","benefits":[{"text":"Assistenza gratuita per l'installazione"},{"text":"Supporto eccezionale"},{"text":"Garanzia di rimborso di 14 giorni"},{"text":"Aggiornamenti gratuiti continui"}],"button_url":"#demo","button_target_blank":"0","button_nofollow":"0","attributes":[{"name":"Installazioni"},{"name":"Reattivo","content":"S\u00cc"},{"name":"Browser compatibili","content":"Firefox, Safari, Opera, Chrome, Edge"}],"tags":[],"tags_disable_links":"0","hide_more_platforms":"0","video_object":"","demo_hide_cta":"0","demo_hide_cloud_options":"0","pricing_title":"","pricing":[{"pricing_icon":"platform","pricing_title":"Elfsight Apps","pricing_title_caption":"Soluzione multipiattaforma","pricing_price":"da $ 0 \/ mese","pricing_price_caption":"inizia con il piano gratuito","pricing_benefits":[{"text":"Numero illimitato di domini"},{"text":"Supporto professionale e puntuale"},{"text":"Servizio di installazione gratuito"},{"text":"Offerta speciale per pi\u00f9 app"}],"pricing_button_text":"Aggiungi al sito web","pricing_button_url":"#demo"}],"related_apps_title":"","related_apps_hidden":"0","author":"","image":[],"title":"","job":"","social_networks":[]},"_links":{"self":[{"href":"https:\/\/elfsight.com\/it\/wp-json\/wp\/v2\/pages\/3861","targetHints":{"allow":["GET"]}}],"collection":[{"href":"https:\/\/elfsight.com\/it\/wp-json\/wp\/v2\/pages"}],"about":[{"href":"https:\/\/elfsight.com\/it\/wp-json\/wp\/v2\/types\/page"}],"author":[{"embeddable":true,"href":"https:\/\/elfsight.com\/it\/wp-json\/wp\/v2\/users\/9"}],"replies":[{"embeddable":true,"href":"https:\/\/elfsight.com\/it\/wp-json\/wp\/v2\/comments?post=3861"}],"version-history":[{"count":3,"href":"https:\/\/elfsight.com\/it\/wp-json\/wp\/v2\/pages\/3861\/revisions"}],"predecessor-version":[{"id":9293,"href":"https:\/\/elfsight.com\/it\/wp-json\/wp\/v2\/pages\/3861\/revisions\/9293"}],"up":[{"embeddable":true,"href":"https:\/\/elfsight.com\/it\/wp-json\/wp\/v2\/pages\/2892"}],"wp:attachment":[{"href":"https:\/\/elfsight.com\/it\/wp-json\/wp\/v2\/media?parent=3861"}],"curies":[{"name":"wp","href":"https:\/\/api.w.org\/{rel}","templated":true}]}}