{"id":3858,"date":"2024-05-03T06:30:31","date_gmt":"2024-05-03T06:30:31","guid":{"rendered":"https:\/\/elfsight.com\/it\/?page_id=3858"},"modified":"2024-11-11T11:21:59","modified_gmt":"2024-11-11T11:21:59","slug":"jimdo","status":"publish","type":"page","link":"https:\/\/elfsight.com\/it\/booking-reviews-widget\/jimdo\/","title":{"rendered":"Booking Reviews &#8211; Jimdo"},"content":{"rendered":"<div class=\"application-platform-content-item-description application-platform-content-item\" id=\"description\" data-nav-section=\"description\"> <h2>Descrizione<\/h2> <p>Elfsight Booking Reviews \u00e8 un pratico widget che ti d\u00e0 l&#8217;opportunit\u00e0 di mostrare le recensioni sulla tua merce direttamente sul tuo sito da tutti i siti di recensioni pi\u00f9 noti. Utilizzando il nostro widget, potrai applicare filtri per nascondere i commenti indesiderati, esporre la tua valutazione in stelle e quantit\u00e0 direttamente dal tuo account su qualsiasi sito Web di recensioni, aggiungere dati sugli autori delle recensioni e aggiungere un pulsante CTA che provocher\u00e0 i visitatori a scrivere i loro pensieri. La nostra app Booking Reviews ti spinger\u00e0 a dimostrare la tua straordinaria prova sociale direttamente sul sito web e a iniziare a ricevere nuovi acquisti. <\/p><p><b>Inserisci recensioni di prenotazione per raggiungere i tuoi obiettivi di business! <\/b><\/p> <\/div> <div class=\"application-platform-content-item-features application-platform-content-item\" id=\"features\" data-nav-section=\"features\"> <h2>Il widget ha funzionalit\u00e0 utili e veloci, eccone alcune: <\/h2> <ul><li>Integra le recensioni dei clienti dall&#8217;account di prenotazione<\/li><li>Tre tipi di filtri: per tipo, esclusione per e quantit\u00e0 di recensioni<\/li><li>Quattro tipi di layout: Elenco, Massoneria, Slider e Griglia<\/li><li> tipi di navigazione con frecce e trascinamenti nel layout Slider<\/li><li>Imposta la velocit\u00e0 di diapositiva e la velocit\u00e0 di riproduzione automatica<\/li><li>Seleziona il tipo di impaginazione nel layout Slider<\/li><li>Pulsante di invito all&#8217;azione per ottenere nuove recensioni degli utenti sulla pagina di prenotazione<\/li><li>3 modelli di recensione: Spotlight, Bubble, Classic<\/li><li>Sei elementi flessibili delle recensioni: icona di prenotazione e nome dell&#8217;autore, data, valutazione in stelle, foto e consiglio <\/li><li>Un&#8217;opzione per modificare la dimensione del carattere del testo della recensione<\/li><\/ul><p><a href=\"#demo\">Puoi testare tutte le funzionalit\u00e0 del widget nella demo proprio qui<\/a><\/p> <\/div> <div class=\"application-platform-content-item-installation application-platform-content-item\" id=\"installation\" data-nav-section=\"installation\"> <h2>Come aggiungere recensioni di prenotazione al mio sito Jimdo? <\/h2> <p>Segui semplicemente le linee guida seguenti per inserire lo strumento. <\/p> <ol><li><b>Lancia il nostro configuratore gratuito e inizia a dare forma al tuo widget personalizzato. <\/b><br> Determina l&#8217;aspetto personalizzato e la funzionalit\u00e0 del widget e salva le modifiche. <\/li> <li><b>Acquisisci il tuo codice personale che appare nell&#8217;apposito modulo su Elfsight Apps. <\/b><br> Una volta completata la configurazione del tuo widget, copia il codice personale nella casella visualizzata e salvalo per un uso futuro. <\/li> <li><b>Inizia a utilizzare il widget sul tuo sito Jimdo. <\/b><br> Inserisci il codice copiato in precedenza nella tua home page e applica le modifiche. <\/li> <li><b>Il gioco \u00e8 fatto! La configurazione \u00e8 stata eseguita con successo. <\/b><br> Vai alla tua pagina per vedere il funzionamento del widget. <\/li><\/ol> <p>Se riscontri qualche problema, non esitare a rivolgerti al nostro personale del servizio clienti. Il nostro personale non vede l&#8217;ora di aiutarti con tutte le domande che potresti avere sullo strumento. <\/p><div class=\"faq\" data-component=\"FAQ\"> <div class=\"faq-item\">\r\n\t\t\t\t\t<div class=\"faq-item-question\">\r\n\t\t\t\t\t\t<h3 class=\"faq-item-question-text\">Come aggiungere recensioni Amazon al mio sito web Jimdo senza competenze di programmazione?<\/h3>\r\n\r\n\t\t\t\t\t\t<div class=\"faq-item-question-icon\"><\/div>\r\n\t\t\t\t\t<\/div>\r\n\r\n\t\t\t\t\t<div class=\"faq-item-answer\">\r\n\t\t\t\t\t\t<div class=\"faq-item-answer-text\"> <p>Elfsight fornisce una soluzione SaaS che ti consente di creare tu stesso un widget Amazon Reviews, scopri quanto \u00e8 facile il processo \u00e8: lavora direttamente nell&#8217;editor online per creare un widget di recensioni Amazon che vorresti vedere sul tuo sito Jimdo. Scegli uno dei modelli predefiniti e regola le impostazioni di Amazon Reviews, aggiungi i tuoi contenuti, modifica il layout e la combinazione di colori senza competenze di codifica. Salva le recensioni di Amazon e copia il codice di installazione, che potrai semplicemente incorporare nel tuo sito Jimdo senza acquistare una versione a pagamento. Con il nostro editor intuitivo qualsiasi utente di Internet pu\u00f2 creare widget di recensioni Amazon online e incorporarlo facilmente nel proprio sito Web Jimdo. Non \u00e8 necessario pagare o inserire le credenziali della carta per accedere al servizio. In caso di problemi in qualsiasi momento, non esitate a contattare il nostro team di supporto tecnico.<\/p> <\/div>\r\n\t\t\t\t\t<\/div>\r\n\t\t\t\t<\/div> <\/div> <\/div>","protected":false},"excerpt":{"rendered":"","protected":false},"author":9,"featured_media":0,"parent":2892,"menu_order":0,"comment_status":"closed","ping_status":"closed","template":"templates\/template-application-platform.php","meta":{"publish_to_discourse":"","publish_post_category":"","wpdc_auto_publish_overridden":"","wpdc_topic_tags":"","wpdc_pin_topic":"","wpdc_pin_until":"","discourse_post_id":"","discourse_permalink":"","wpdc_publishing_response":"","wpdc_publishing_error":"","footnotes":""},"class_list":["post-3858","page","type-page","status-publish","hentry"],"yoast_head":"<!-- This site is optimized with the Yoast SEO plugin v25.3.1 - https:\/\/yoast.com\/wordpress\/plugins\/seo\/ -->\n<title>Incorpora le recensioni delle prenotazioni sul sito Jimdo (facile e veloce)<\/title>\n<meta name=\"description\" content=\"Con Elfsight, dai forma alle tue recensioni di prenotazione e aggiungile facilmente al tuo sito Jimdo. Abbiamo supporto clienti gratuito e pi\u00f9 bonus.\" \/>\n<meta name=\"robots\" content=\"index, follow, max-snippet:-1, max-image-preview:large, max-video-preview:-1\" \/>\n<link rel=\"canonical\" href=\"https:\/\/elfsight.com\/it\/booking-reviews-widget\/jimdo\/\" \/>\n<meta property=\"og:locale\" content=\"it_IT\" \/>\n<meta property=\"og:type\" content=\"article\" \/>\n<meta property=\"og:title\" content=\"Incorpora le recensioni delle prenotazioni sul sito Jimdo (facile e veloce)\" \/>\n<meta property=\"og:description\" content=\"Con Elfsight, dai forma alle tue recensioni di prenotazione e aggiungile facilmente al tuo sito Jimdo. Abbiamo supporto clienti gratuito e pi\u00f9 bonus.\" \/>\n<meta property=\"og:url\" content=\"https:\/\/elfsight.com\/it\/booking-reviews-widget\/jimdo\/\" \/>\n<meta property=\"og:site_name\" content=\"Elfsight IT\" \/>\n<meta property=\"article:modified_time\" content=\"2024-11-11T11:21:59+00:00\" \/>\n<meta name=\"twitter:card\" content=\"summary_large_image\" \/>\n<meta name=\"twitter:label1\" content=\"Tempo di lettura stimato\" \/>\n\t<meta name=\"twitter:data1\" content=\"3 minuti\" \/>\n<!-- \/ Yoast SEO plugin. -->","yoast_head_json":{"title":"Incorpora le recensioni delle prenotazioni sul sito Jimdo (facile e veloce)","description":"Con Elfsight, dai forma alle tue recensioni di prenotazione e aggiungile facilmente al tuo sito Jimdo. Abbiamo supporto clienti gratuito e pi\u00f9 bonus.","robots":{"index":"index","follow":"follow","max-snippet":"max-snippet:-1","max-image-preview":"max-image-preview:large","max-video-preview":"max-video-preview:-1"},"canonical":"https:\/\/elfsight.com\/it\/booking-reviews-widget\/jimdo\/","og_locale":"it_IT","og_type":"article","og_title":"Incorpora le recensioni delle prenotazioni sul sito Jimdo (facile e veloce)","og_description":"Con Elfsight, dai forma alle tue recensioni di prenotazione e aggiungile facilmente al tuo sito Jimdo. Abbiamo supporto clienti gratuito e pi\u00f9 bonus.","og_url":"https:\/\/elfsight.com\/it\/booking-reviews-widget\/jimdo\/","og_site_name":"Elfsight IT","article_modified_time":"2024-11-11T11:21:59+00:00","twitter_card":"summary_large_image","twitter_misc":{"Tempo di lettura stimato":"3 minuti"},"schema":{"@context":"https:\/\/schema.org","@graph":[{"@type":"WebPage","@id":"https:\/\/elfsight.com\/it\/booking-reviews-widget\/jimdo\/","url":"https:\/\/elfsight.com\/it\/booking-reviews-widget\/jimdo\/","name":"Incorpora le recensioni delle prenotazioni sul sito Jimdo (facile e veloce)","isPartOf":{"@id":"https:\/\/elfsight.com\/it\/#website"},"datePublished":"2024-05-03T06:30:31+00:00","dateModified":"2024-11-11T11:21:59+00:00","description":"Con Elfsight, dai forma alle tue recensioni di prenotazione e aggiungile facilmente al tuo sito Jimdo. Abbiamo supporto clienti gratuito e pi\u00f9 bonus.","breadcrumb":{"@id":"https:\/\/elfsight.com\/it\/booking-reviews-widget\/jimdo\/#breadcrumb"},"inLanguage":"it-IT","potentialAction":[{"@type":"ReadAction","target":["https:\/\/elfsight.com\/it\/booking-reviews-widget\/jimdo\/"]}]},{"@type":"BreadcrumbList","@id":"https:\/\/elfsight.com\/it\/booking-reviews-widget\/jimdo\/#breadcrumb","itemListElement":[{"@type":"ListItem","position":1,"name":"Home","item":"https:\/\/elfsight.com\/it\/"},{"@type":"ListItem","position":2,"name":"Booking Reviews","item":"https:\/\/elfsight.com\/it\/booking-reviews-widget\/"},{"@type":"ListItem","position":3,"name":"Booking Reviews &#8211; Jimdo"}]},{"@type":"WebSite","@id":"https:\/\/elfsight.com\/it\/#website","url":"https:\/\/elfsight.com\/it\/","name":"Elfsight IT","description":"Just another Elfsight Sites site","potentialAction":[{"@type":"SearchAction","target":{"@type":"EntryPoint","urlTemplate":"https:\/\/elfsight.com\/it\/?s={search_term_string}"},"query-input":{"@type":"PropertyValueSpecification","valueRequired":true,"valueName":"search_term_string"}}],"inLanguage":"it-IT"}]}},"meta_box":{"industry":"","seo_heading":"","heading":"","description":"","cta_heading":"","cta_description":"","application":"2891","h1":"Widget delle recensioni di Jimdo Booking.com","h1_caption":"Visualizza le recensioni di booking.com per attirare pi\u00f9 ospiti mostrando facilmente le esperienze positive dei visitatori precedenti nel tuo sito Jimdo.","application_category":[],"applications_title":"","applications_request_title":"","applications_request_button_text":"","hero_text":"","hero_video":"","hero_video_schema_markup":"","selling_points_title":"","selling_points_caption":"","selling_points":[],"selling_points_cta_text":"","features_title":"","features":"","ed_cta_examples_text":"","ed_cta_examples_hidden":"","ed_cta_demo_text":"","ed_cta_demo_hidden":"","why_caption":"","why_editor_title":"","why_editor_text":"","why_team_title":"","why_team_text":"","why_service_title":"","why_service_text":"","template_catalog_visible":"","template_catalog_title":"","template_catalog_text":"","template_catalog_categories_visible":"","demo_title":"Crea il tuo widget Recensioni di prenotazione","demo_caption":"Configura le tue recensioni di prenotazione e aggiungile gratuitamente al tuo sito Jimdo!","default_faq_hidden":"","app_template_category":[],"platform":"55","template_public_id":"","codecanyon_url":"","codecanyon_item_id":"","codecanyon_price":"","pricing_caption":"","pricing_elfsight_apps_hide_column":"","pricing_elfsight_apps_url":"","pricing_codecanyon_price_caption":"","integration_category":[],"integration_request_title":"","integration_request_cta":"","integration_platform":"","integrations":[],"platform_category":[],"video_schema_markup":"","price":"da $ 0 al mese","trial":"","benefits":[{"text":"Servizio di installazione gratuito"},{"text":"Servizio clienti competente"},{"text":"Garanzia di rimborso di 14 giorni"},{"text":"Sviluppo continuo"}],"button_url":"#demo","button_target_blank":"","button_nofollow":"","attributes":[{"name":"Installazioni"},{"name":"Reattivo","content":"S\u00cc"},{"name":"Browser compatibili","content":"IE11, Firefox, Safari, Opera, Chrome, Edge"}],"tags":[],"tags_disable_links":"","hide_more_platforms":"","video_object":"","demo_hide_cta":"","demo_hide_cloud_options":"","pricing_title":"","pricing":[{"pricing_icon":"platform","pricing_title":"Elfsight Apps","pricing_title_caption":"Soluzione multipiattaforma","pricing_price":"da $ 0 \/ mese","pricing_price_caption":"inizia con il piano gratuito","pricing_benefits":[{"text":"Siti web illimitati"},{"text":"Supporto premium e puntuale"},{"text":"Supporto per l'installazione senza costi"},{"text":"Progettazione flessibile"}],"pricing_button_text":"Aggiungi al sito web","pricing_button_url":"#demo"}],"related_apps_title":"","related_apps_hidden":"","author":"","image":[],"title":"","job":"","social_networks":[]},"_links":{"self":[{"href":"https:\/\/elfsight.com\/it\/wp-json\/wp\/v2\/pages\/3858","targetHints":{"allow":["GET"]}}],"collection":[{"href":"https:\/\/elfsight.com\/it\/wp-json\/wp\/v2\/pages"}],"about":[{"href":"https:\/\/elfsight.com\/it\/wp-json\/wp\/v2\/types\/page"}],"author":[{"embeddable":true,"href":"https:\/\/elfsight.com\/it\/wp-json\/wp\/v2\/users\/9"}],"replies":[{"embeddable":true,"href":"https:\/\/elfsight.com\/it\/wp-json\/wp\/v2\/comments?post=3858"}],"version-history":[{"count":1,"href":"https:\/\/elfsight.com\/it\/wp-json\/wp\/v2\/pages\/3858\/revisions"}],"predecessor-version":[{"id":3862,"href":"https:\/\/elfsight.com\/it\/wp-json\/wp\/v2\/pages\/3858\/revisions\/3862"}],"up":[{"embeddable":true,"href":"https:\/\/elfsight.com\/it\/wp-json\/wp\/v2\/pages\/2892"}],"wp:attachment":[{"href":"https:\/\/elfsight.com\/it\/wp-json\/wp\/v2\/media?parent=3858"}],"curies":[{"name":"wp","href":"https:\/\/api.w.org\/{rel}","templated":true}]}}