{"id":3851,"date":"2024-05-03T06:30:28","date_gmt":"2024-05-03T06:30:28","guid":{"rendered":"https:\/\/elfsight.com\/it\/?page_id=3851"},"modified":"2025-03-21T10:34:17","modified_gmt":"2025-03-21T10:34:17","slug":"blogger","status":"publish","type":"page","link":"https:\/\/elfsight.com\/it\/before-and-after-slider-widget\/blogger\/","title":{"rendered":"Before and After Slider &#8211; Blogger"},"content":{"rendered":"\n<div class=\"application-platform-content-item-description application-platform-content-item\" id=\"description\" data-nav-section=\"description\"> <h2>Descrizione<\/h2> <p> Before and After Slider di Elfsight ti aiuter\u00e0 a configurare sorprendenti immagini di vendita per il tuo sito web. I visitatori potranno esplorare tutti i risultati che presenti i tuoi prodotti o servizi. Carica semplicemente due foto su Before and After Slider per Blogger e appariranno con un divisore che si sposta per consentire il confronto. Puoi aggiungere diapositive illimitate e aggiungere didascalie ed etichette. La direzione di scorrimento pu\u00f2 essere orizzontale o verticale ed \u00e8 possibile impostare il rapporto immagine pi\u00f9 appropriato. I tuoi visitatori acquisteranno sicuramente, non appena scopriranno l&#8217;effettiva efficienza| delle tue offerte! <\/p> <p><b>Rendi il tuo sito web pi\u00f9 efficace per i target dell&#8217;e-commerce con foto del prima e del dopo<\/b><\/p> <\/div> <div class=\"application-platform-content-item-features application-platform-content-item\" id=\"features\" data-nav-section=\"features\"> <h2>Trova di seguito le caratteristiche essenziali del widget: <\/h2> <ul><li>Forma un numero qualsiasi di coppie di foto Prima e Dopo<\/li> <li>Aggiungi didascalie con formattazione del testo a ciascuna foto<\/li><li>Due layout pronti: Elenco e Carosello<\/li><li>Spostamento orizzontale o verticale del divisore<\/li><li>Cliccando e trascinando o semplicemente passando con il mouse per spostare il divisore<\/li><li>Scorri sui dispositivi touch screen<\/li><\/ul><p><a href=\"#demo\">Puoi verificare quale widget vale la pena provare la demo<\/a><\/p> <\/div> <div class=\"application-platform-content-item-installation application-platform-content-item\" id=\"installation\" data-nav-section=\"installation\"> <h2>Come posso aggiungere lo slider Prima e Dopo sul mio sito Blogger? <\/h2> <div class=\"video-container\"><iframe width=\"560\" height=\"315\" src=\"https:\/\/www.youtube.com\/embed\/NRiliAwAMxI?si=ILLuA33K9t7bp2KA\" frameborder=\"0\" allow=\"accelerometer; autoplay; clipboard-write; encrypted-media; gyroscope; picture-in-picture; web-share\" allowfullscreen><\/iframe><\/div><p>Basta applicare le istruzioni seguenti per iniziare a utilizzare il plug-in. <\/p> <ol><li><b>Utilizza il nostro editor gratuito e inizia a creare il tuo strumento personalizzato. <\/b><br> Scegli l&#8217;interfaccia e i parametri selezionati del widget e applica le correzioni. <\/li> <li><b>Copia il tuo codice individuale che appare nella vedova delle App Elfsight<\/b><br> Una volta terminata la creazione del tuo strumento personale, copia il codice esclusivo dalla casella che appare e salvalo per esigenze future. <\/li> <li><b>Avvia l&#8217;utilizzo del widget sul tuo sito web Blogger<\/b><br> Implementa il codice salvato di recente nel tuo sito web e applica le modifiche. <\/li> <li><b>L&#8217;installazione \u00e8 stata completata<\/b><br> Vai al tuo sito web per verificare il funzionamento dello strumento. <\/li><\/ol> <p>Se hai domande o incontri difficolt\u00e0, non aver paura di rivolgerti al nostro team di assistenza clienti. Il nostro personale \u00e8 desideroso di aiutarti con tutte le difficolt\u00e0 che potresti avere sullo strumento. <\/p><div class=\"faq\" data-component=\"FAQ\"><div class=\"faq-item\">\r\n\t\t\t\t\t<div class=\"faq-item-question\">\r\n\t\t\t\t\t\t<h3 class=\"faq-item-question-text\">Come posso aggiungere uno slider Prima e dopo al mio sito web Blogger senza competenze di programmazione?<\/h3>\r\n\r\n\t\t\t\t\t\t<div class=\"faq-item-question-icon\"><\/div>\r\n\t\t\t\t\t<\/div>\r\n\r\n\t\t\t\t\t<div class=\"faq-item-answer\">\r\n\t\t\t\t\t\t<div class=\"faq-item-answer-text\"> <p>Elfsight fornisce una soluzione SaaS che ti consente di creare tu stesso un widget slider Prima e Dopo , scopri quanto \u00e8 semplice il processo: lavora direttamente nell&#8217;editor online per creare un widget slider Prima e Dopo che vorresti vedere sul tuo sito web Blogger. Scegli uno dei modelli predefiniti e regola le impostazioni del cursore Prima e dopo, aggiungi i tuoi contenuti, modifica il layout e i colori senza alcuna abilit\u00e0 di codifica. Salva lo slider Prima e dopo e copia il codice di installazione, in modo da poterlo aggiungere facilmente al tuo sito Blogger senza acquistare una versione a pagamento. Con il nostro editor intuitivo qualsiasi utente di Internet pu\u00f2 creare widget slider Prima e dopo online e incorporarlo facilmente nel proprio sito Web Blogger. Non \u00e8 necessario pagare n\u00e9 inserire le credenziali della carta per accedere al servizio. In caso di problemi in qualsiasi momento, non esitate a contattare il nostro team di supporto tecnico.<\/p> <\/div>\r\n\t\t\t\t\t<\/div>\r\n\t\t\t\t<\/div> <\/div> <\/div>\n","protected":false},"excerpt":{"rendered":"","protected":false},"author":9,"featured_media":0,"parent":1747,"menu_order":0,"comment_status":"closed","ping_status":"closed","template":"templates\/template-application-platform.php","meta":{"publish_to_discourse":"","publish_post_category":"","wpdc_auto_publish_overridden":"","wpdc_topic_tags":"","wpdc_pin_topic":"","wpdc_pin_until":"","discourse_post_id":"","discourse_permalink":"","wpdc_publishing_response":"","wpdc_publishing_error":"","footnotes":""},"class_list":["post-3851","page","type-page","status-publish","hentry"],"yoast_head":"<!-- This site is optimized with the Yoast SEO plugin v25.3.1 - https:\/\/yoast.com\/wordpress\/plugins\/seo\/ -->\n<title>Dispositivo di scorrimento delle immagini prima e dopo reattivo per il sito Web di Blogger<\/title>\n<meta name=\"description\" content=\"Configura lo slider Prima e Dopo sul tuo sito web Blogger. Prova la demo Elfsight completamente funzionante e configura il tuo widget personalizzato in appena un paio di secondi.\" \/>\n<meta name=\"robots\" content=\"index, follow, max-snippet:-1, max-image-preview:large, max-video-preview:-1\" \/>\n<link rel=\"canonical\" href=\"https:\/\/elfsight.com\/it\/before-and-after-slider-widget\/blogger\/\" \/>\n<meta property=\"og:locale\" content=\"it_IT\" \/>\n<meta property=\"og:type\" content=\"article\" \/>\n<meta property=\"og:title\" content=\"Dispositivo di scorrimento delle immagini prima e dopo reattivo per il sito Web di Blogger\" \/>\n<meta property=\"og:description\" content=\"Configura lo slider Prima e Dopo sul tuo sito web Blogger. Prova la demo Elfsight completamente funzionante e configura il tuo widget personalizzato in appena un paio di secondi.\" \/>\n<meta property=\"og:url\" content=\"https:\/\/elfsight.com\/it\/before-and-after-slider-widget\/blogger\/\" \/>\n<meta property=\"og:site_name\" content=\"Elfsight IT\" \/>\n<meta property=\"article:modified_time\" content=\"2025-03-21T10:34:17+00:00\" \/>\n<meta name=\"twitter:card\" content=\"summary_large_image\" \/>\n<meta name=\"twitter:label1\" content=\"Tempo di lettura stimato\" \/>\n\t<meta name=\"twitter:data1\" content=\"3 minuti\" \/>\n<!-- \/ Yoast SEO plugin. -->","yoast_head_json":{"title":"Dispositivo di scorrimento delle immagini prima e dopo reattivo per il sito Web di Blogger","description":"Configura lo slider Prima e Dopo sul tuo sito web Blogger. Prova la demo Elfsight completamente funzionante e configura il tuo widget personalizzato in appena un paio di secondi.","robots":{"index":"index","follow":"follow","max-snippet":"max-snippet:-1","max-image-preview":"max-image-preview:large","max-video-preview":"max-video-preview:-1"},"canonical":"https:\/\/elfsight.com\/it\/before-and-after-slider-widget\/blogger\/","og_locale":"it_IT","og_type":"article","og_title":"Dispositivo di scorrimento delle immagini prima e dopo reattivo per il sito Web di Blogger","og_description":"Configura lo slider Prima e Dopo sul tuo sito web Blogger. Prova la demo Elfsight completamente funzionante e configura il tuo widget personalizzato in appena un paio di secondi.","og_url":"https:\/\/elfsight.com\/it\/before-and-after-slider-widget\/blogger\/","og_site_name":"Elfsight IT","article_modified_time":"2025-03-21T10:34:17+00:00","twitter_card":"summary_large_image","twitter_misc":{"Tempo di lettura stimato":"3 minuti"},"schema":{"@context":"https:\/\/schema.org","@graph":[{"@type":"WebPage","@id":"https:\/\/elfsight.com\/it\/before-and-after-slider-widget\/blogger\/","url":"https:\/\/elfsight.com\/it\/before-and-after-slider-widget\/blogger\/","name":"Dispositivo di scorrimento delle immagini prima e dopo reattivo per il sito Web di Blogger","isPartOf":{"@id":"https:\/\/elfsight.com\/it\/#website"},"datePublished":"2024-05-03T06:30:28+00:00","dateModified":"2025-03-21T10:34:17+00:00","description":"Configura lo slider Prima e Dopo sul tuo sito web Blogger. Prova la demo Elfsight completamente funzionante e configura il tuo widget personalizzato in appena un paio di secondi.","breadcrumb":{"@id":"https:\/\/elfsight.com\/it\/before-and-after-slider-widget\/blogger\/#breadcrumb"},"inLanguage":"it-IT","potentialAction":[{"@type":"ReadAction","target":["https:\/\/elfsight.com\/it\/before-and-after-slider-widget\/blogger\/"]}]},{"@type":"BreadcrumbList","@id":"https:\/\/elfsight.com\/it\/before-and-after-slider-widget\/blogger\/#breadcrumb","itemListElement":[{"@type":"ListItem","position":1,"name":"Home","item":"https:\/\/elfsight.com\/it\/"},{"@type":"ListItem","position":2,"name":"Before and After Slider","item":"https:\/\/elfsight.com\/it\/before-and-after-slider-widget\/"},{"@type":"ListItem","position":3,"name":"Before and After Slider &#8211; Blogger"}]},{"@type":"WebSite","@id":"https:\/\/elfsight.com\/it\/#website","url":"https:\/\/elfsight.com\/it\/","name":"Elfsight IT","description":"Just another Elfsight Sites site","potentialAction":[{"@type":"SearchAction","target":{"@type":"EntryPoint","urlTemplate":"https:\/\/elfsight.com\/it\/?s={search_term_string}"},"query-input":{"@type":"PropertyValueSpecification","valueRequired":true,"valueName":"search_term_string"}}],"inLanguage":"it-IT"}]}},"meta_box":{"industry":"","seo_heading":"","heading":"","description":"","cta_heading":"","cta_description":"","application":"1746","h1":"Dispositivo di scorrimento Prima e Dopo per Blogger","h1_caption":"Presenta confronti tra due immagini, ideali per evidenziare trasformazioni o mostrare facilmente i vantaggi del prodotto nel tuo sito Web Blogger.","application_category":[],"applications_title":"","applications_request_title":"","applications_request_button_text":"","hero_text":"","hero_video":"","hero_video_schema_markup":"","selling_points_title":"","selling_points_caption":"","selling_points":[],"selling_points_cta_text":"","features_title":"","features":"","ed_cta_examples_text":"","ed_cta_examples_hidden":"","ed_cta_demo_text":"","ed_cta_demo_hidden":"","why_caption":"","why_editor_title":"","why_editor_text":"","why_team_title":"","why_team_text":"","why_service_title":"","why_service_text":"","template_catalog_visible":"0","template_catalog_title":"","template_catalog_text":"","template_catalog_categories_visible":"","demo_title":"Crea il tuo widget Prima e Dopo Slider","demo_caption":"Configura il tuo Slider Prima e Dopo e aggiungilo gratuitamente al tuo sito Blogger!","default_faq_hidden":"","app_template_category":[],"platform":"33","template_public_id":"","codecanyon_url":"","codecanyon_item_id":"","codecanyon_price":"","pricing_caption":"","pricing_elfsight_apps_hide_column":"","pricing_elfsight_apps_url":"","pricing_codecanyon_price_caption":"","integration_category":[],"integration_request_title":"","integration_request_cta":"","integration_platform":"","integrations":[],"platform_category":[],"video_schema_markup":"","price":"da $ 0 al mese","trial":"","benefits":[{"text":"Aiuto gratuito per l'installazione"},{"text":"Assistenza clienti con esperienza"},{"text":"Garanzia di rimborso di 14 giorni"},{"text":"Sviluppo continuo"}],"button_url":"#demo","button_target_blank":"0","button_nofollow":"0","attributes":[{"name":"Installazioni"},{"name":"Reattivo","content":"S\u00cc"},{"name":"Browser compatibili","content":"Firefox, Safari, Opera, Chrome, Edge"}],"tags":[],"tags_disable_links":"0","hide_more_platforms":"0","video_object":"","demo_hide_cta":"0","demo_hide_cloud_options":"0","pricing_title":"","pricing":[{"pricing_icon":"platform","pricing_title":"Elfsight Apps","pricing_title_caption":"Soluzione digitale multipiattaforma che funziona su qualsiasi sito web","pricing_price":"da $ 0 \/ mese","pricing_price_caption":"inizia con un piano gratuito","pricing_benefits":[{"text":"Siti web illimitati"},{"text":"Supporto aziendale rapido e ben documentato"},{"text":"Aiuto per l'installazione gratuito"},{"text":"Completamente personalizzabile"}],"pricing_button_text":"Aggiungi al sito web","pricing_button_url":"#demo"}],"related_apps_title":"","related_apps_hidden":"0","author":"","image":[],"title":"","job":"","social_networks":[]},"_links":{"self":[{"href":"https:\/\/elfsight.com\/it\/wp-json\/wp\/v2\/pages\/3851","targetHints":{"allow":["GET"]}}],"collection":[{"href":"https:\/\/elfsight.com\/it\/wp-json\/wp\/v2\/pages"}],"about":[{"href":"https:\/\/elfsight.com\/it\/wp-json\/wp\/v2\/types\/page"}],"author":[{"embeddable":true,"href":"https:\/\/elfsight.com\/it\/wp-json\/wp\/v2\/users\/9"}],"replies":[{"embeddable":true,"href":"https:\/\/elfsight.com\/it\/wp-json\/wp\/v2\/comments?post=3851"}],"version-history":[{"count":3,"href":"https:\/\/elfsight.com\/it\/wp-json\/wp\/v2\/pages\/3851\/revisions"}],"predecessor-version":[{"id":9588,"href":"https:\/\/elfsight.com\/it\/wp-json\/wp\/v2\/pages\/3851\/revisions\/9588"}],"up":[{"embeddable":true,"href":"https:\/\/elfsight.com\/it\/wp-json\/wp\/v2\/pages\/1747"}],"wp:attachment":[{"href":"https:\/\/elfsight.com\/it\/wp-json\/wp\/v2\/media?parent=3851"}],"curies":[{"name":"wp","href":"https:\/\/api.w.org\/{rel}","templated":true}]}}