{"id":3850,"date":"2024-05-03T06:30:27","date_gmt":"2024-05-03T06:30:27","guid":{"rendered":"https:\/\/elfsight.com\/it\/?page_id=3850"},"modified":"2025-03-21T10:35:22","modified_gmt":"2025-03-21T10:35:22","slug":"drupal","status":"publish","type":"page","link":"https:\/\/elfsight.com\/it\/before-and-after-slider-widget\/drupal\/","title":{"rendered":"Before and After Slider &#8211; Drupal"},"content":{"rendered":"\n<div class=\"application-platform-content-item-description application-platform-content-item\" id=\"description\" data-nav-section=\"description\"> <h2>Descrizione<\/h2> <p> Before and After Slider di Elfsight ti consente di pubblicare affascinanti immagini di vendita per il tuo sito web. Gli utenti avranno la possibilit\u00e0 di verificare tutti gli effetti dei tuoi prodotti o servizi che presenti. Basta caricare le foto prima e dopo su Before and After Slider per Drupal e verranno mostrate con un divisore che si sposta per consentire il confronto. Puoi pubblicare un numero illimitato di coppie di foto, ciascuna con la propria didascalia. L&#8217;orientamento dello scorrimento pu\u00f2 essere orizzontale o verticale e sei libero di selezionare il rapporto dell&#8217;immagine pi\u00f9 appropriato. I tuoi visitatori non sfuggiranno all&#8217;acquisto, una volta esplorata la reale efficacia| dei tuoi prodotti! <\/p> <p><b>Ottieni il meglio da prima e da after slider per raggiungere i picchi del tuo e-commerce con meno sforzo! <\/b><\/p> <\/div> <div class=\"application-platform-content-item-features application-platform-content-item\" id=\"features\" data-nav-section=\"features\"> <h2>Queste sono solo alcune delle preziose funzionalit\u00e0 del widget: <\/h2> <ul><li>Aggiungi qualsiasi quantit\u00e0 di Prima e Dopo serie di immagini<\/li> <li>Scrivi didascalie con formattazione del testo su ciascuna diapositiva<\/li><li>Due layout pronti all&#8217;uso: Elenco e Carosello<\/li><li>Direzione orizzontale o verticale del divisore <\/li><li>Cliccando e trascinando o semplicemente passando con il mouse per spostare il divisore<\/li><li>Scorri sui touch screen<\/li><\/ul><p><a href=\"#demo\">Basta controllare questa demo per avere un&#8217;idea completa<\/a><\/p> <\/div> <div class=\"application-platform-content-item-installation application-platform-content-item\" id=\"installation\" data-nav-section=\"installation\"> <h2>Come incorporo Before and After Slider nel mio Drupal? <\/h2> <div class=\"video-container\"><iframe width=\"560\" height=\"315\" src=\"https:\/\/www.youtube.com\/embed\/drf_TvdrGaI?si=7F8rq6Gy57BGgpbq\" frameborder=\"0\" allow=\"accelerometer; autoplay; clipboard-write; encrypted-media; gyroscope; picture-in-picture; web-share\" allowfullscreen><\/iframe><\/div><p>Segui semplicemente le linee guida riportate di seguito per attivare il plugin su Drupal.<\/p> <ol><li><b>Esegui il nostro editor gratuito e inizia a dare forma al tuo progetto personalizzato Modulo Slider Prima e Dopo. <\/b><br> Specifica il layout selezionato e le funzionalit\u00e0 dello strumento e salva le modifiche. <\/li> <li><b>Ricevi il tuo codice individuale rivelato nella casella delle app Elfsight. <\/b><br> Una volta terminata la generazione del tuo modulo, copia il codice personale nella casella visualizzata e salvalo per necessit\u00e0 future. <\/li> <li><b>Avvia l&#8217;utilizzo dello strumento sul tuo sito Drupal. <\/b><br> Incolla il codice copiato di recente nel tuo sito web e salva le correzioni. <\/li> <li><b>Il gioco \u00e8 fatto! L&#8217;integrazione \u00e8 completamente compiuta. <\/b><br> Vai al tuo sito per dare un&#8217;occhiata al funzionamento dello strumento. <\/li><\/ol><p>Se incontri domande o incontri qualche problema, non esitare a scrivere al nostro staff di supporto. I nostri consulenti saranno entusiasti di risolvere tutte le domande che potresti avere sul prodotto. <\/p><div class=\"faq\" data-component=\"FAQ\"><div class=\"faq-item\">\r\n\t\t\t\t\t<div class=\"faq-item-question\">\r\n\t\t\t\t\t\t<h3 class=\"faq-item-question-text\">Come aggiungere uno slider Prima e dopo al mio sito Web Drupal senza competenze di codifica?<\/h3>\r\n\r\n\t\t\t\t\t\t<div class=\"faq-item-question-icon\"><\/div>\r\n\t\t\t\t\t<\/div>\r\n\r\n\t\t\t\t\t<div class=\"faq-item-answer\">\r\n\t\t\t\t\t\t<div class=\"faq-item-answer-text\"> <p>Elfsight fornisce una soluzione SaaS che ti consente di creare tu stesso un widget slider Prima e Dopo, scopri quanto \u00e8 semplice il processo: lavora direttamente nell&#8217;editor online per creare un widget slider Prima e Dopo che vorresti vedere sul tuo sito Drupal. Scegli uno dei modelli predefiniti e regola le impostazioni del cursore Prima e dopo, aggiungi i tuoi contenuti, modifica il layout e i colori senza alcuna abilit\u00e0 di codifica. Salva lo slider Prima e dopo e copia il codice di installazione, che potrai semplicemente incorporare nel tuo sito Drupal senza acquistare una versione a pagamento. Con il nostro editor intuitivo qualsiasi utente di Internet pu\u00f2 creare widget slider Prima e dopo online e incorporarlo facilmente nel proprio sito Web Drupal. Non \u00e8 necessario pagare n\u00e9 inserire le credenziali della carta per accedere al servizio. In caso di problemi in qualsiasi momento, non esitate a contattare il nostro team di supporto tecnico.<\/p> <\/div>\r\n\t\t\t\t\t<\/div>\r\n\t\t\t\t<\/div> <\/div> <\/div>\n","protected":false},"excerpt":{"rendered":"","protected":false},"author":9,"featured_media":0,"parent":1747,"menu_order":0,"comment_status":"closed","ping_status":"closed","template":"templates\/template-application-platform.php","meta":{"publish_to_discourse":"","publish_post_category":"","wpdc_auto_publish_overridden":"","wpdc_topic_tags":"","wpdc_pin_topic":"","wpdc_pin_until":"","discourse_post_id":"","discourse_permalink":"","wpdc_publishing_response":"","wpdc_publishing_error":"","footnotes":""},"class_list":["post-3850","page","type-page","status-publish","hentry"],"yoast_head":"<!-- This site is optimized with the Yoast SEO plugin v25.3.1 - https:\/\/yoast.com\/wordpress\/plugins\/seo\/ -->\n<title>Slider Prima e Dopo per il sito Drupal (gratuito e veloce!)<\/title>\n<meta name=\"description\" content=\"Widget Shape Before and After Slider sul tuo sito Drupal. Demo Elfsight utilmente funzionale e crea il tuo plugin personalizzato in appena un paio di minuti\" \/>\n<meta name=\"robots\" content=\"index, follow, max-snippet:-1, max-image-preview:large, max-video-preview:-1\" \/>\n<link rel=\"canonical\" href=\"https:\/\/elfsight.com\/it\/before-and-after-slider-widget\/drupal\/\" \/>\n<meta property=\"og:locale\" content=\"it_IT\" \/>\n<meta property=\"og:type\" content=\"article\" \/>\n<meta property=\"og:title\" content=\"Slider Prima e Dopo per il sito Drupal (gratuito e veloce!)\" \/>\n<meta property=\"og:description\" content=\"Widget Shape Before and After Slider sul tuo sito Drupal. Demo Elfsight utilmente funzionale e crea il tuo plugin personalizzato in appena un paio di minuti\" \/>\n<meta property=\"og:url\" content=\"https:\/\/elfsight.com\/it\/before-and-after-slider-widget\/drupal\/\" \/>\n<meta property=\"og:site_name\" content=\"Elfsight IT\" \/>\n<meta property=\"article:modified_time\" content=\"2025-03-21T10:35:22+00:00\" \/>\n<meta name=\"twitter:card\" content=\"summary_large_image\" \/>\n<meta name=\"twitter:label1\" content=\"Tempo di lettura stimato\" \/>\n\t<meta name=\"twitter:data1\" content=\"3 minuti\" \/>\n<!-- \/ Yoast SEO plugin. -->","yoast_head_json":{"title":"Slider Prima e Dopo per il sito Drupal (gratuito e veloce!)","description":"Widget Shape Before and After Slider sul tuo sito Drupal. Demo Elfsight utilmente funzionale e crea il tuo plugin personalizzato in appena un paio di minuti","robots":{"index":"index","follow":"follow","max-snippet":"max-snippet:-1","max-image-preview":"max-image-preview:large","max-video-preview":"max-video-preview:-1"},"canonical":"https:\/\/elfsight.com\/it\/before-and-after-slider-widget\/drupal\/","og_locale":"it_IT","og_type":"article","og_title":"Slider Prima e Dopo per il sito Drupal (gratuito e veloce!)","og_description":"Widget Shape Before and After Slider sul tuo sito Drupal. Demo Elfsight utilmente funzionale e crea il tuo plugin personalizzato in appena un paio di minuti","og_url":"https:\/\/elfsight.com\/it\/before-and-after-slider-widget\/drupal\/","og_site_name":"Elfsight IT","article_modified_time":"2025-03-21T10:35:22+00:00","twitter_card":"summary_large_image","twitter_misc":{"Tempo di lettura stimato":"3 minuti"},"schema":{"@context":"https:\/\/schema.org","@graph":[{"@type":"WebPage","@id":"https:\/\/elfsight.com\/it\/before-and-after-slider-widget\/drupal\/","url":"https:\/\/elfsight.com\/it\/before-and-after-slider-widget\/drupal\/","name":"Slider Prima e Dopo per il sito Drupal (gratuito e veloce!)","isPartOf":{"@id":"https:\/\/elfsight.com\/it\/#website"},"datePublished":"2024-05-03T06:30:27+00:00","dateModified":"2025-03-21T10:35:22+00:00","description":"Widget Shape Before and After Slider sul tuo sito Drupal. Demo Elfsight utilmente funzionale e crea il tuo plugin personalizzato in appena un paio di minuti","breadcrumb":{"@id":"https:\/\/elfsight.com\/it\/before-and-after-slider-widget\/drupal\/#breadcrumb"},"inLanguage":"it-IT","potentialAction":[{"@type":"ReadAction","target":["https:\/\/elfsight.com\/it\/before-and-after-slider-widget\/drupal\/"]}]},{"@type":"BreadcrumbList","@id":"https:\/\/elfsight.com\/it\/before-and-after-slider-widget\/drupal\/#breadcrumb","itemListElement":[{"@type":"ListItem","position":1,"name":"Home","item":"https:\/\/elfsight.com\/it\/"},{"@type":"ListItem","position":2,"name":"Before and After Slider","item":"https:\/\/elfsight.com\/it\/before-and-after-slider-widget\/"},{"@type":"ListItem","position":3,"name":"Before and After Slider &#8211; Drupal"}]},{"@type":"WebSite","@id":"https:\/\/elfsight.com\/it\/#website","url":"https:\/\/elfsight.com\/it\/","name":"Elfsight IT","description":"Just another Elfsight Sites site","potentialAction":[{"@type":"SearchAction","target":{"@type":"EntryPoint","urlTemplate":"https:\/\/elfsight.com\/it\/?s={search_term_string}"},"query-input":{"@type":"PropertyValueSpecification","valueRequired":true,"valueName":"search_term_string"}}],"inLanguage":"it-IT"}]}},"meta_box":{"industry":"","seo_heading":"","heading":"","description":"","cta_heading":"","cta_description":"","application":"1746","h1":"Dispositivo di scorrimento prima e dopo per Drupal","h1_caption":"Presenta confronti tra due immagini, ideali per evidenziare trasformazioni o mostrare facilmente i vantaggi del prodotto nel tuo sito Web Drupal.","application_category":[],"applications_title":"","applications_request_title":"","applications_request_button_text":"","hero_text":"","hero_video":"","hero_video_schema_markup":"","selling_points_title":"","selling_points_caption":"","selling_points":[],"selling_points_cta_text":"","features_title":"","features":"","ed_cta_examples_text":"","ed_cta_examples_hidden":"","ed_cta_demo_text":"","ed_cta_demo_hidden":"","why_caption":"","why_editor_title":"","why_editor_text":"","why_team_title":"","why_team_text":"","why_service_title":"","why_service_text":"","template_catalog_visible":"0","template_catalog_title":"","template_catalog_text":"","template_catalog_categories_visible":"","demo_title":"Crea il tuo modulo Prima e Dopo Slider","demo_caption":"Configura il tuo Slider Prima e Dopo e aggiungilo gratuitamente al tuo sito Drupal!","default_faq_hidden":"","app_template_category":[],"platform":"34","template_public_id":"","codecanyon_url":"","codecanyon_item_id":"","codecanyon_price":"","pricing_caption":"","pricing_elfsight_apps_hide_column":"","pricing_elfsight_apps_url":"","pricing_codecanyon_price_caption":"","integration_category":[],"integration_request_title":"","integration_request_cta":"","integration_platform":"","integrations":[],"platform_category":[],"video_schema_markup":"","price":"da $ 0 al mese","trial":"","benefits":[{"text":"Assistenza per l'installazione gratuita"},{"text":"Supporto premium"},{"text":"Garanzia di rimborso di 14 giorni"},{"text":"Sviluppo continuo"}],"button_url":"#demo","button_target_blank":"0","button_nofollow":"0","attributes":[{"name":"Installazioni"},{"name":"Reattivo","content":"S\u00cc"},{"name":"Browser compatibili","content":"Firefox, Safari, Opera, Chrome, Edge"}],"tags":[],"tags_disable_links":"0","hide_more_platforms":"0","video_object":"","demo_hide_cta":"0","demo_hide_cloud_options":"0","pricing_title":"","pricing":[{"pricing_icon":"platform","pricing_title":"Elfsight Apps","pricing_title_caption":"Soluzione digitale indipendente dalla piattaforma","pricing_price":"da $ 0 \/ mese","pricing_price_caption":"inizia con il piano gratuito","pricing_benefits":[{"text":"Siti web illimitati"},{"text":"Assistenza clienti gratuita"},{"text":"Assistenza per l'installazione gratuita"},{"text":"Offerta a tempo limitato per pi\u00f9 app"}],"pricing_button_text":"Aggiungi al sito web","pricing_button_url":"#demo"}],"related_apps_title":"","related_apps_hidden":"0","author":"","image":[],"title":"","job":"","social_networks":[]},"_links":{"self":[{"href":"https:\/\/elfsight.com\/it\/wp-json\/wp\/v2\/pages\/3850","targetHints":{"allow":["GET"]}}],"collection":[{"href":"https:\/\/elfsight.com\/it\/wp-json\/wp\/v2\/pages"}],"about":[{"href":"https:\/\/elfsight.com\/it\/wp-json\/wp\/v2\/types\/page"}],"author":[{"embeddable":true,"href":"https:\/\/elfsight.com\/it\/wp-json\/wp\/v2\/users\/9"}],"replies":[{"embeddable":true,"href":"https:\/\/elfsight.com\/it\/wp-json\/wp\/v2\/comments?post=3850"}],"version-history":[{"count":3,"href":"https:\/\/elfsight.com\/it\/wp-json\/wp\/v2\/pages\/3850\/revisions"}],"predecessor-version":[{"id":9589,"href":"https:\/\/elfsight.com\/it\/wp-json\/wp\/v2\/pages\/3850\/revisions\/9589"}],"up":[{"embeddable":true,"href":"https:\/\/elfsight.com\/it\/wp-json\/wp\/v2\/pages\/1747"}],"wp:attachment":[{"href":"https:\/\/elfsight.com\/it\/wp-json\/wp\/v2\/media?parent=3850"}],"curies":[{"name":"wp","href":"https:\/\/api.w.org\/{rel}","templated":true}]}}