{"id":3845,"date":"2024-05-03T06:30:26","date_gmt":"2024-05-03T06:30:26","guid":{"rendered":"https:\/\/elfsight.com\/it\/?page_id=3845"},"modified":"2024-11-12T08:26:52","modified_gmt":"2024-11-12T08:26:52","slug":"facebook","status":"publish","type":"page","link":"https:\/\/elfsight.com\/it\/before-and-after-slider-widget\/facebook\/","title":{"rendered":"Before and After Slider &#8211; Facebook Page"},"content":{"rendered":"<div class=\"application-platform-content-item-description application-platform-content-item\" id=\"description\" data-nav-section=\"description\"> <h2>Descrizione<\/h2> <p> Lo Slider Prima e Dopo di Elfsight ti consente di comporre incredibili foto efficaci in termini di vendite per il tuo sito. I clienti possono scoprire tutti i cambiamenti introdotti dai tuoi prodotti o servizi. Carica semplicemente due immagini su Before and After Slider per la pagina Facebook e appariranno con un divisore mobile per consentire il confronto. Puoi aggiungere diapositive illimitate e scrivere didascalie ed etichette. La direzione del divisore pu\u00f2 essere orizzontale o verticale ed \u00e8 possibile impostare il miglior rapporto immagine. I tuoi clienti non potranno fare a meno di acquistare, non appena ne cattureranno la reale efficacia| dei tuoi prodotti! <\/p> <p><b>Utilizzare prima &amp; dopo il cursore per raggiungere i tuoi obiettivi di e-commerce! <\/b><\/p> <\/div> <div class=\"application-platform-content-item-features application-platform-content-item\" id=\"features\" data-nav-section=\"features\"> <h2>Di seguito sono riportate le funzionalit\u00e0 centrali del widget: <\/h2> <ul><li>Dimostrare qualsiasi quantit\u00e0 di coppie Prima e Dopo di immagini<\/li> <li>Inserisci didascalie con opzioni di formattazione del testo in ciascuna immagine<\/li><li>Due layout pronti: Elenco e Carosello<\/li><li>Orientamento orizzontale o verticale del divisore<\/li><li>Cliccando e trascinando o semplicemente passando con il mouse per spostare il divisore<\/li><li>Scorri sui touch screen<\/li><\/ul><p><a href=\"#demo\">Esplora tutte le opzioni di personalizzazione per intero demo in primo piano<\/a><\/p> <\/div> <div class=\"application-platform-content-item-installation application-platform-content-item\" id=\"installation\" data-nav-section=\"installation\"> <h2>Come posso incorporare Before and After Slider sul mio Drupal? <\/h2> <p>Segui semplicemente le linee guida seguenti per integrare il plugin. <\/p> <ol><li><b>Utilizza il nostro editor gratuito e inizia a creare il tuo widget personalizzato. <\/b><br> Trova l&#8217;interfaccia e le caratteristiche funzionali adatte dello strumento e applica le correzioni. <\/li> <li><b>Acquisisci il tuo codice personale che viene mostrato nella vedova delle app Elfsight<\/b><br> Dopo aver completato la configurazione del tuo plugin, copia il codice esclusivo nella casella visualizzata e salva per un utilizzo futuro. <\/li> <li><b>Accedi utilizzando il widget sulla pagina web della Pagina Facebook<\/b><br> Incolla il codice che hai salvato di recente nella tua home page e salva le modifiche. <\/li> <li><b>Fatto! L&#8217;integrazione \u00e8 completamente terminata<\/b><br> Visita la tua pagina per osservare come sta funzionando il widget. <\/li><\/ol> <p>A condizione di affrontare domande o affrontare alcuni ostacoli, sentiti libero di fare appello al nostro team di supporto. I nostri consulenti saranno felici di risolvere tutti i problemi che potresti avere sul widget. <\/p> <div class=\"faq\" data-component=\"FAQ\"><div class=\"faq-item\">\r\n\t\t\t\t\t<div class=\"faq-item-question\">\r\n\t\t\t\t\t\t<h3 class=\"faq-item-question-text\">Come aggiungere lo slider Prima e dopo al sito Web della mia pagina Facebook senza competenze di codifica?<\/h3>\r\n\r\n\t\t\t\t\t\t<div class=\"faq-item-question-icon\"><\/div>\r\n\t\t\t\t\t<\/div>\r\n\r\n\t\t\t\t\t<div class=\"faq-item-answer\">\r\n\t\t\t\t\t\t<div class=\"faq-item-answer-text\"> <p>Elfsight fornisce una soluzione SaaS che ti consente di creare tu stesso un widget dello slider Prima e Dopo, scopri quanto \u00e8 semplice il processo: lavora direttamente nell&#8217;editor online per creare un widget slider Prima e Dopo che vorresti vedere sul sito web della tua Pagina Facebook. Scegli uno dei modelli predefiniti e regola le impostazioni del cursore Prima e dopo, aggiungi i tuoi contenuti, modifica il layout e i colori senza alcuna abilit\u00e0 di codifica. Salva lo slider Prima e dopo e copia il codice di installazione, che potrai incollare facilmente nel sito della tua Pagina Facebook senza dover acquistare un abbonamento a pagamento. Con il nostro editor intuitivo qualsiasi utente di Internet pu\u00f2 creare widget slider Prima e dopo online e incorporarlo facilmente nel sito Web della propria pagina Facebook. Non \u00e8 necessario pagare n\u00e9 inserire le credenziali della carta per accedere al servizio. In caso di problemi in qualsiasi momento, non esitare a contattare il nostro team di supporto tecnico.<\/p> <\/div>\r\n\t\t\t\t\t<\/div>\r\n\t\t\t\t<\/div> <\/div><\/div>","protected":false},"excerpt":{"rendered":"","protected":false},"author":9,"featured_media":0,"parent":1747,"menu_order":0,"comment_status":"closed","ping_status":"closed","template":"templates\/template-application-platform.php","meta":{"publish_to_discourse":"","publish_post_category":"","wpdc_auto_publish_overridden":"","wpdc_topic_tags":"","wpdc_pin_topic":"","wpdc_pin_until":"","discourse_post_id":"","discourse_permalink":"","wpdc_publishing_response":"","wpdc_publishing_error":"","footnotes":""},"class_list":["post-3845","page","type-page","status-publish","hentry"],"yoast_head":"<!-- This site is optimized with the Yoast SEO plugin v25.3.1 - https:\/\/yoast.com\/wordpress\/plugins\/seo\/ -->\n<title>Dispositivo di scorrimento delle immagini prima e dopo reattivo per il sito Web della pagina Facebook<\/title>\n<meta name=\"description\" content=\"Configura il widget Prima e Dopo Slider sul sito web della tua Pagina Facebook. Controlla la demo gratuita di Elfsight e configura il tuo plugin personalizzato in soli 2 minuti.\" \/>\n<meta name=\"robots\" content=\"index, follow, max-snippet:-1, max-image-preview:large, max-video-preview:-1\" \/>\n<link rel=\"canonical\" href=\"https:\/\/elfsight.com\/it\/before-and-after-slider-widget\/facebook\/\" \/>\n<meta property=\"og:locale\" content=\"it_IT\" \/>\n<meta property=\"og:type\" content=\"article\" \/>\n<meta property=\"og:title\" content=\"Dispositivo di scorrimento delle immagini prima e dopo reattivo per il sito Web della pagina Facebook\" \/>\n<meta property=\"og:description\" content=\"Configura il widget Prima e Dopo Slider sul sito web della tua Pagina Facebook. Controlla la demo gratuita di Elfsight e configura il tuo plugin personalizzato in soli 2 minuti.\" \/>\n<meta property=\"og:url\" content=\"https:\/\/elfsight.com\/it\/before-and-after-slider-widget\/facebook\/\" \/>\n<meta property=\"og:site_name\" content=\"Elfsight IT\" \/>\n<meta property=\"article:modified_time\" content=\"2024-11-12T08:26:52+00:00\" \/>\n<meta name=\"twitter:card\" content=\"summary_large_image\" \/>\n<meta name=\"twitter:label1\" content=\"Tempo di lettura stimato\" \/>\n\t<meta name=\"twitter:data1\" content=\"3 minuti\" \/>\n<!-- \/ Yoast SEO plugin. -->","yoast_head_json":{"title":"Dispositivo di scorrimento delle immagini prima e dopo reattivo per il sito Web della pagina Facebook","description":"Configura il widget Prima e Dopo Slider sul sito web della tua Pagina Facebook. Controlla la demo gratuita di Elfsight e configura il tuo plugin personalizzato in soli 2 minuti.","robots":{"index":"index","follow":"follow","max-snippet":"max-snippet:-1","max-image-preview":"max-image-preview:large","max-video-preview":"max-video-preview:-1"},"canonical":"https:\/\/elfsight.com\/it\/before-and-after-slider-widget\/facebook\/","og_locale":"it_IT","og_type":"article","og_title":"Dispositivo di scorrimento delle immagini prima e dopo reattivo per il sito Web della pagina Facebook","og_description":"Configura il widget Prima e Dopo Slider sul sito web della tua Pagina Facebook. Controlla la demo gratuita di Elfsight e configura il tuo plugin personalizzato in soli 2 minuti.","og_url":"https:\/\/elfsight.com\/it\/before-and-after-slider-widget\/facebook\/","og_site_name":"Elfsight IT","article_modified_time":"2024-11-12T08:26:52+00:00","twitter_card":"summary_large_image","twitter_misc":{"Tempo di lettura stimato":"3 minuti"},"schema":{"@context":"https:\/\/schema.org","@graph":[{"@type":"WebPage","@id":"https:\/\/elfsight.com\/it\/before-and-after-slider-widget\/facebook\/","url":"https:\/\/elfsight.com\/it\/before-and-after-slider-widget\/facebook\/","name":"Dispositivo di scorrimento delle immagini prima e dopo reattivo per il sito Web della pagina Facebook","isPartOf":{"@id":"https:\/\/elfsight.com\/it\/#website"},"datePublished":"2024-05-03T06:30:26+00:00","dateModified":"2024-11-12T08:26:52+00:00","description":"Configura il widget Prima e Dopo Slider sul sito web della tua Pagina Facebook. Controlla la demo gratuita di Elfsight e configura il tuo plugin personalizzato in soli 2 minuti.","breadcrumb":{"@id":"https:\/\/elfsight.com\/it\/before-and-after-slider-widget\/facebook\/#breadcrumb"},"inLanguage":"it-IT","potentialAction":[{"@type":"ReadAction","target":["https:\/\/elfsight.com\/it\/before-and-after-slider-widget\/facebook\/"]}]},{"@type":"BreadcrumbList","@id":"https:\/\/elfsight.com\/it\/before-and-after-slider-widget\/facebook\/#breadcrumb","itemListElement":[{"@type":"ListItem","position":1,"name":"Home","item":"https:\/\/elfsight.com\/it\/"},{"@type":"ListItem","position":2,"name":"Before and After Slider","item":"https:\/\/elfsight.com\/it\/before-and-after-slider-widget\/"},{"@type":"ListItem","position":3,"name":"Before and After Slider &#8211; Facebook Page"}]},{"@type":"WebSite","@id":"https:\/\/elfsight.com\/it\/#website","url":"https:\/\/elfsight.com\/it\/","name":"Elfsight IT","description":"Just another Elfsight Sites site","potentialAction":[{"@type":"SearchAction","target":{"@type":"EntryPoint","urlTemplate":"https:\/\/elfsight.com\/it\/?s={search_term_string}"},"query-input":{"@type":"PropertyValueSpecification","valueRequired":true,"valueName":"search_term_string"}}],"inLanguage":"it-IT"}]}},"meta_box":{"industry":"","seo_heading":"","heading":"","description":"","cta_heading":"","cta_description":"","application":"1746","h1":"Slider prima e dopo per la pagina Facebook","h1_caption":"Presenta confronti tra due immagini, ideali per evidenziare trasformazioni o mostrare facilmente i vantaggi del prodotto nel sito Web della tua pagina Facebook.","application_category":[],"applications_title":"","applications_request_title":"","applications_request_button_text":"","hero_text":"","hero_video":"","hero_video_schema_markup":"","selling_points_title":"","selling_points_caption":"","selling_points":[],"selling_points_cta_text":"","features_title":"","features":"","ed_cta_examples_text":"","ed_cta_examples_hidden":"","ed_cta_demo_text":"","ed_cta_demo_hidden":"","why_caption":"","why_editor_title":"","why_editor_text":"","why_team_title":"","why_team_text":"","why_service_title":"","why_service_text":"","template_catalog_visible":"","template_catalog_title":"","template_catalog_text":"","template_catalog_categories_visible":"","demo_title":"Crea il tuo widget Prima e Dopo Slider","demo_caption":"Configura il tuo Slider Prima e Dopo e aggiungilo gratuitamente al sito della tua Pagina Facebook!","default_faq_hidden":"","app_template_category":[],"platform":"77","template_public_id":"","codecanyon_url":"","codecanyon_item_id":"","codecanyon_price":"","pricing_caption":"","pricing_elfsight_apps_hide_column":"","pricing_elfsight_apps_url":"","pricing_codecanyon_price_caption":"","integration_category":[],"integration_request_title":"","integration_request_cta":"","integration_platform":"","integrations":[],"platform_category":[],"video_schema_markup":"","price":"da $ 0 al mese","trial":"","benefits":[{"text":"Servizio di installazione gratuito"},{"text":"Supporto eccezionale"},{"text":"Garanzia di rimborso di 14 giorni"},{"text":"Aggiornamenti gratuiti continui"}],"button_url":"#demo","button_target_blank":"","button_nofollow":"","attributes":[{"name":"Installazioni"},{"name":"Reattivo","content":"S\u00cc"},{"name":"Browser compatibili","content":"Chrome, Safari, Opera, Firefox, Edge"}],"tags":[],"tags_disable_links":"","hide_more_platforms":"","video_object":"","demo_hide_cta":"","demo_hide_cloud_options":"","pricing_title":"","pricing":[{"pricing_icon":"platform","pricing_title":"Elfsight Apps","pricing_title_caption":"Versione indipendente dalla piattaforma che funziona su qualsiasi sito web","pricing_price":"da $ 0 \/ mese","pricing_price_caption":"inizia con il piano gratuito","pricing_benefits":[{"text":"Siti web illimitati"},{"text":"Assistenza clienti professionale"},{"text":"Supporto gratuito per l'installazione"},{"text":"100% personalizzabile"}],"pricing_button_text":"Aggiungi al sito web","pricing_button_url":"#demo"}],"related_apps_title":"","related_apps_hidden":"","author":"","image":[],"title":"","job":"","social_networks":[]},"_links":{"self":[{"href":"https:\/\/elfsight.com\/it\/wp-json\/wp\/v2\/pages\/3845","targetHints":{"allow":["GET"]}}],"collection":[{"href":"https:\/\/elfsight.com\/it\/wp-json\/wp\/v2\/pages"}],"about":[{"href":"https:\/\/elfsight.com\/it\/wp-json\/wp\/v2\/types\/page"}],"author":[{"embeddable":true,"href":"https:\/\/elfsight.com\/it\/wp-json\/wp\/v2\/users\/9"}],"replies":[{"embeddable":true,"href":"https:\/\/elfsight.com\/it\/wp-json\/wp\/v2\/comments?post=3845"}],"version-history":[{"count":1,"href":"https:\/\/elfsight.com\/it\/wp-json\/wp\/v2\/pages\/3845\/revisions"}],"predecessor-version":[{"id":3849,"href":"https:\/\/elfsight.com\/it\/wp-json\/wp\/v2\/pages\/3845\/revisions\/3849"}],"up":[{"embeddable":true,"href":"https:\/\/elfsight.com\/it\/wp-json\/wp\/v2\/pages\/1747"}],"wp:attachment":[{"href":"https:\/\/elfsight.com\/it\/wp-json\/wp\/v2\/media?parent=3845"}],"curies":[{"name":"wp","href":"https:\/\/api.w.org\/{rel}","templated":true}]}}