{"id":3844,"date":"2024-05-03T06:30:25","date_gmt":"2024-05-03T06:30:25","guid":{"rendered":"https:\/\/elfsight.com\/it\/?page_id=3844"},"modified":"2025-03-21T10:36:39","modified_gmt":"2025-03-21T10:36:39","slug":"elementor","status":"publish","type":"page","link":"https:\/\/elfsight.com\/it\/before-and-after-slider-widget\/elementor\/","title":{"rendered":"Before and After Slider &#8211; Elementor"},"content":{"rendered":"\n<div class=\"application-platform-content-item-description application-platform-content-item\" id=\"description\" data-nav-section=\"description\"> <h2>Incorpora Before and After Slider su Elementor con il widget Elfsight<\/h2> <p> Before and After Slider di Elfsight ti aiuter\u00e0 a comporre impressionanti immagini efficaci in termini di vendita per il tuo sito. I visitatori avranno la possibilit\u00e0 di vedere immediatamente tutti i risultati introdotti dai tuoi prodotti o servizi. Carica semplicemente le foto prima e dopo su Before and After Slider per Elementor e usciranno con un divisore mobile per verificare la differenza. Puoi creare set illimitati di foto e scrivere didascalie ed etichette. La direzione di scorrimento offre due opzioni: orizzontale o verticale e sei libero di impostare il rapporto dell&#8217;immagine pi\u00f9 adatto. I tuoi visitatori ordineranno sicuramente, una volta acquisito il risultato effettivo| dei tuoi prodotti! <\/p> <p><b>Con il dispositivo di scorrimento del confronto, avvia una forte crescita del business e un aumento delle vendite <\/b><\/p> <\/div> <div class=\"application-platform-content-item-features application-platform-content-item\" id=\"features\" data-nav-section=\"features\"> <h2>Le funzionalit\u00e0 di base del widget includono<\/h2> <ul><li>Crea qualsiasi quantit\u00e0 di serie di immagini Prima e Dopo<\/li> <li>Aggiungi didascalie con opzioni di formattazione del testo a ciascuna immagine<\/li><li>Due layout: Elenco e Carosello<\/li><li>Orientamento orizzontale o verticale del divisore<\/li><li>Fare clic e trascinare o semplicemente passare il mouse per spostare il divisore<\/li><li>Scorrimento sui dispositivi touch screen<\/li><\/ul><p><a href=\"#demo\">Puoi vedere cosa offre il widget utilizzando la demo<\/a><\/p> <\/div> <div class=\"application-platform-content-item-installation application-platform-content-item\" id=\"installation\" data-nav-section=\"installation\"> <h2>Come posso incorporare Before e Dopo Slider sul mio Elementor? <\/h2> <div class=\"video-container\"><iframe width=\"560\" height=\"315\" src=\"https:\/\/www.youtube.com\/embed\/71qTR1PGTjI?si=UVKZXxtwwCYooykv\" frameborder=\"0\" allow=\"accelerometer; autoplay; clipboard-write; encrypted-media; gyroscope; picture-in-picture; web-share\" allowfullscreen><\/iframe><\/div><p>Segui semplicemente i passaggi indicati di seguito per incorporare il widget. <\/p> <ol><li><b>Gestisci il nostro configuratore gratuito e inizia a creare il tuo strumento personalizzato. <\/b><br> Trova l&#8217;aspetto e le caratteristiche adatte del widget e applica le modifiche. <\/li> <li><b>Ottieni il codice univoco che appare nel box delle App Elfsight<\/b><br> Subito dopo aver completato la configurazione del tuo strumento, copia il codice esclusivo nella finestra visualizzata e conservalo per uso futuro. <\/li> <li><b>Avvia l&#8217;utilizzo dello strumento sulla tua pagina web Elementor<\/b><br> Integra il codice che hai salvato in precedenza nella tua home page e salva le modifiche. <\/li> <li><b>L&#8217;installazione \u00e8 completamente terminata<\/b><br> Vai alla tua pagina per vedere come sta funzionando lo strumento. <\/li><\/ol> <p>Se incontri domande o incontri difficolt\u00e0, non aver paura di metterti in contatto con il nostro team di assistenza clienti. I nostri consulenti non vedono l&#8217;ora di aiutarti con tutte le domande che potresti avere sul widget. <\/p> <div class=\"faq\" data-component=\"FAQ\"><div class=\"faq-item\">\r\n\t\t\t\t\t<div class=\"faq-item-question\">\r\n\t\t\t\t\t\t<h3 class=\"faq-item-question-text\">Come aggiungere uno slider Prima e dopo al mio sito Web Elementor senza competenze di codifica?<\/h3>\r\n\r\n\t\t\t\t\t\t<div class=\"faq-item-question-icon\"><\/div>\r\n\t\t\t\t\t<\/div>\r\n\r\n\t\t\t\t\t<div class=\"faq-item-answer\">\r\n\t\t\t\t\t\t<div class=\"faq-item-answer-text\"> <p>Elfsight fornisce una soluzione SaaS che ti consente di creare tu stesso un widget slider Prima e Dopo, scopri quanto \u00e8 semplice il processo: lavora direttamente nell&#8217;editor online per creare un widget slider Prima e Dopo che vorresti vedere sul tuo sito web Elementor. Scegli uno dei modelli predefiniti e regola le impostazioni del cursore Prima e dopo, aggiungi i tuoi contenuti, modifica il layout e i colori senza competenze di codifica. Salva lo slider Prima e dopo e copia il suo codice di installazione, che puoi facilmente incorporare nel tuo sito Web Elementor senza acquistare un abbonamento a pagamento. Con il nostro editor intuitivo qualsiasi utente di Internet pu\u00f2 creare widget di scorrimento Prima e dopo online e incorporarlo facilmente nel proprio sito Web Elementor. Non \u00e8 necessario pagare n\u00e9 inserire le credenziali della carta per accedere al servizio. In caso di problemi in qualsiasi momento, non esitare a contattare il nostro team di supporto tecnico.<\/p> <\/div>\r\n\t\t\t\t\t<\/div>\r\n\t\t\t\t<\/div> <\/div><\/div>\n","protected":false},"excerpt":{"rendered":"","protected":false},"author":9,"featured_media":0,"parent":1747,"menu_order":0,"comment_status":"closed","ping_status":"closed","template":"templates\/template-application-platform.php","meta":{"publish_to_discourse":"","publish_post_category":"","wpdc_auto_publish_overridden":"","wpdc_topic_tags":"","wpdc_pin_topic":"","wpdc_pin_until":"","discourse_post_id":"","discourse_permalink":"","wpdc_publishing_response":"","wpdc_publishing_error":"","footnotes":""},"class_list":["post-3844","page","type-page","status-publish","hentry"],"yoast_head":"<!-- This site is optimized with the Yoast SEO plugin v25.3.1 - https:\/\/yoast.com\/wordpress\/plugins\/seo\/ -->\n<title>Slider Prima e Dopo per il sito Web Elementor (gratuito e veloce!)<\/title>\n<meta name=\"description\" content=\"Incorpora il widget Before and After Slider sul tuo sito web Elementor. Dai un&#039;occhiata alla demo di Elfsight e crea il tuo plugin personalizzato in pochi clic\" \/>\n<meta name=\"robots\" content=\"index, follow, max-snippet:-1, max-image-preview:large, max-video-preview:-1\" \/>\n<link rel=\"canonical\" href=\"https:\/\/elfsight.com\/it\/before-and-after-slider-widget\/elementor\/\" \/>\n<meta property=\"og:locale\" content=\"it_IT\" \/>\n<meta property=\"og:type\" content=\"article\" \/>\n<meta property=\"og:title\" content=\"Slider Prima e Dopo per il sito Web Elementor (gratuito e veloce!)\" \/>\n<meta property=\"og:description\" content=\"Incorpora il widget Before and After Slider sul tuo sito web Elementor. Dai un&#039;occhiata alla demo di Elfsight e crea il tuo plugin personalizzato in pochi clic\" \/>\n<meta property=\"og:url\" content=\"https:\/\/elfsight.com\/it\/before-and-after-slider-widget\/elementor\/\" \/>\n<meta property=\"og:site_name\" content=\"Elfsight IT\" \/>\n<meta property=\"article:modified_time\" content=\"2025-03-21T10:36:39+00:00\" \/>\n<meta name=\"twitter:card\" content=\"summary_large_image\" \/>\n<meta name=\"twitter:label1\" content=\"Tempo di lettura stimato\" \/>\n\t<meta name=\"twitter:data1\" content=\"3 minuti\" \/>\n<!-- \/ Yoast SEO plugin. -->","yoast_head_json":{"title":"Slider Prima e Dopo per il sito Web Elementor (gratuito e veloce!)","description":"Incorpora il widget Before and After Slider sul tuo sito web Elementor. Dai un'occhiata alla demo di Elfsight e crea il tuo plugin personalizzato in pochi clic","robots":{"index":"index","follow":"follow","max-snippet":"max-snippet:-1","max-image-preview":"max-image-preview:large","max-video-preview":"max-video-preview:-1"},"canonical":"https:\/\/elfsight.com\/it\/before-and-after-slider-widget\/elementor\/","og_locale":"it_IT","og_type":"article","og_title":"Slider Prima e Dopo per il sito Web Elementor (gratuito e veloce!)","og_description":"Incorpora il widget Before and After Slider sul tuo sito web Elementor. Dai un'occhiata alla demo di Elfsight e crea il tuo plugin personalizzato in pochi clic","og_url":"https:\/\/elfsight.com\/it\/before-and-after-slider-widget\/elementor\/","og_site_name":"Elfsight IT","article_modified_time":"2025-03-21T10:36:39+00:00","twitter_card":"summary_large_image","twitter_misc":{"Tempo di lettura stimato":"3 minuti"},"schema":{"@context":"https:\/\/schema.org","@graph":[{"@type":"WebPage","@id":"https:\/\/elfsight.com\/it\/before-and-after-slider-widget\/elementor\/","url":"https:\/\/elfsight.com\/it\/before-and-after-slider-widget\/elementor\/","name":"Slider Prima e Dopo per il sito Web Elementor (gratuito e veloce!)","isPartOf":{"@id":"https:\/\/elfsight.com\/it\/#website"},"datePublished":"2024-05-03T06:30:25+00:00","dateModified":"2025-03-21T10:36:39+00:00","description":"Incorpora il widget Before and After Slider sul tuo sito web Elementor. Dai un'occhiata alla demo di Elfsight e crea il tuo plugin personalizzato in pochi clic","breadcrumb":{"@id":"https:\/\/elfsight.com\/it\/before-and-after-slider-widget\/elementor\/#breadcrumb"},"inLanguage":"it-IT","potentialAction":[{"@type":"ReadAction","target":["https:\/\/elfsight.com\/it\/before-and-after-slider-widget\/elementor\/"]}]},{"@type":"BreadcrumbList","@id":"https:\/\/elfsight.com\/it\/before-and-after-slider-widget\/elementor\/#breadcrumb","itemListElement":[{"@type":"ListItem","position":1,"name":"Home","item":"https:\/\/elfsight.com\/it\/"},{"@type":"ListItem","position":2,"name":"Before and After Slider","item":"https:\/\/elfsight.com\/it\/before-and-after-slider-widget\/"},{"@type":"ListItem","position":3,"name":"Before and After Slider &#8211; Elementor"}]},{"@type":"WebSite","@id":"https:\/\/elfsight.com\/it\/#website","url":"https:\/\/elfsight.com\/it\/","name":"Elfsight IT","description":"Just another Elfsight Sites site","potentialAction":[{"@type":"SearchAction","target":{"@type":"EntryPoint","urlTemplate":"https:\/\/elfsight.com\/it\/?s={search_term_string}"},"query-input":{"@type":"PropertyValueSpecification","valueRequired":true,"valueName":"search_term_string"}}],"inLanguage":"it-IT"}]}},"meta_box":{"industry":"","seo_heading":"","heading":"","description":"","cta_heading":"","cta_description":"","application":"1746","h1":"Dispositivo di scorrimento prima e dopo per Elementor","h1_caption":"Presenta confronti tra due immagini, ideali per evidenziare trasformazioni o mostrare facilmente i vantaggi del prodotto nel tuo sito Web Elementor.","application_category":[],"applications_title":"","applications_request_title":"","applications_request_button_text":"","hero_text":"","hero_video":"","hero_video_schema_markup":"","selling_points_title":"","selling_points_caption":"","selling_points":[],"selling_points_cta_text":"","features_title":"","features":"","ed_cta_examples_text":"","ed_cta_examples_hidden":"","ed_cta_demo_text":"","ed_cta_demo_hidden":"","why_caption":"","why_editor_title":"","why_editor_text":"","why_team_title":"","why_team_text":"","why_service_title":"","why_service_text":"","template_catalog_visible":"0","template_catalog_title":"","template_catalog_text":"","template_catalog_categories_visible":"","demo_title":"Crea il tuo widget Prima e Dopo Slider","demo_caption":"Configura il tuo dispositivo di scorrimento Prima e Dopo e aggiungilo gratuitamente al tuo sito Web Elementor!","default_faq_hidden":"","app_template_category":[],"platform":"68","template_public_id":"","codecanyon_url":"","codecanyon_item_id":"","codecanyon_price":"","pricing_caption":"","pricing_elfsight_apps_hide_column":"","pricing_elfsight_apps_url":"","pricing_codecanyon_price_caption":"","integration_category":[],"integration_request_title":"","integration_request_cta":"","integration_platform":"","integrations":[],"platform_category":[],"video_schema_markup":"","price":"da $ 0 al mese","trial":"","benefits":[{"text":"Aiuto per l'installazione gratuito"},{"text":"Assistenza clienti con esperienza"},{"text":"Garanzia di rimborso di 14 giorni"},{"text":"Miglioramenti continui"}],"button_url":"#demo","button_target_blank":"0","button_nofollow":"0","attributes":[{"name":"Installazioni"},{"name":"Reattivo","content":"S\u00cc"},{"name":"Browser compatibili","content":"Firefox, Safari, Opera, Chrome, Edge"}],"tags":[],"tags_disable_links":"0","hide_more_platforms":"0","video_object":"","demo_hide_cta":"0","demo_hide_cloud_options":"0","pricing_title":"","pricing":[{"pricing_icon":"platform","pricing_title":"Elfsight Apps","pricing_title_caption":"Versione multipiattaforma che funziona su qualsiasi sito web","pricing_price":"da $ 0 \/ mese","pricing_price_caption":"inizia con il piano gratuito","pricing_benefits":[{"text":"Siti web illimitati"},{"text":"Assistenza clienti gratuita"},{"text":"Servizio di installazione gratuito"},{"text":"Ottimo affare per pi\u00f9 app"}],"pricing_button_text":"Aggiungi al sito web","pricing_button_url":"#demo"}],"related_apps_title":"","related_apps_hidden":"0","author":"","image":[],"title":"","job":"","social_networks":[]},"_links":{"self":[{"href":"https:\/\/elfsight.com\/it\/wp-json\/wp\/v2\/pages\/3844","targetHints":{"allow":["GET"]}}],"collection":[{"href":"https:\/\/elfsight.com\/it\/wp-json\/wp\/v2\/pages"}],"about":[{"href":"https:\/\/elfsight.com\/it\/wp-json\/wp\/v2\/types\/page"}],"author":[{"embeddable":true,"href":"https:\/\/elfsight.com\/it\/wp-json\/wp\/v2\/users\/9"}],"replies":[{"embeddable":true,"href":"https:\/\/elfsight.com\/it\/wp-json\/wp\/v2\/comments?post=3844"}],"version-history":[{"count":3,"href":"https:\/\/elfsight.com\/it\/wp-json\/wp\/v2\/pages\/3844\/revisions"}],"predecessor-version":[{"id":9590,"href":"https:\/\/elfsight.com\/it\/wp-json\/wp\/v2\/pages\/3844\/revisions\/9590"}],"up":[{"embeddable":true,"href":"https:\/\/elfsight.com\/it\/wp-json\/wp\/v2\/pages\/1747"}],"wp:attachment":[{"href":"https:\/\/elfsight.com\/it\/wp-json\/wp\/v2\/media?parent=3844"}],"curies":[{"name":"wp","href":"https:\/\/api.w.org\/{rel}","templated":true}]}}