{"id":3843,"date":"2024-05-03T06:30:24","date_gmt":"2024-05-03T06:30:24","guid":{"rendered":"https:\/\/elfsight.com\/it\/?page_id=3843"},"modified":"2025-03-21T10:37:55","modified_gmt":"2025-03-21T10:37:55","slug":"joomla","status":"publish","type":"page","link":"https:\/\/elfsight.com\/it\/before-and-after-slider-widget\/joomla\/","title":{"rendered":"Before and After Slider &#8211; Joomla"},"content":{"rendered":"\n<div class=\"application-platform-content-item-description application-platform-content-item\" id=\"description\" data-nav-section=\"description\"> <h2>Descrizione<\/h2> <p> Before and After Slider di Elfsight ti consente di mostrare allettanti immagini promozionali per il tuo sito web. I visitatori potranno esplorare tutti i risultati ottenuti dai tuoi beni o servizi. Carica semplicemente le foto prima e dopo su Before and After Slider per Joomla e verranno visualizzate con un divisore che pu\u00f2 essere spostato per vedere la differenza. Puoi creare set illimitati di foto, ognuna con la propria didascalia. L&#8217;orientamento scorrevole offre due opzioni: orizzontale o verticale e sei libero di scegliere il rapporto dell&#8217;immagine pi\u00f9 adatto. I tuoi clienti non avranno altra scelta se non quella di effettuare un acquisto, una volta che vedranno il risultato effettivo delle tue offerte! <\/p> <p><b>Con il dispositivo di scorrimento prima &#8211; dopo, avvia uno sviluppo aziendale pi\u00f9 rapido e aumenta le vendite <\/b><\/p> <\/div> <div class=\"application-platform-content-item-features application-platform-content-item\" id=\"features\" data-nav-section=\"features\"> <h2>Questi sono solo alcuni delle molteplici funzionalit\u00e0 del widget: <\/h2> <ul><li>Mostra un numero qualsiasi di coppie di foto Prima e Dopo<\/li> <li>Crea didascalie con formattazione del testo per ciascuna immagine<\/li><li>Due funzioni integrate layout: Elenco e Carosello<\/li><li>Direzione orizzontale o verticale del divisore<\/li><li>Fare clic e trascinare o semplicemente passare con il mouse per spostare il divisore<\/li><li>Scorrimento sui dispositivi touch<\/li><\/ul><p><a href=\"#demo\">Puoi sentire se il widget fa per te utilizzando la demo<\/a><\/p> <\/div> <div class=\"application-platform-content-item-installation application-platform-content-item\" id=\"installation\" data-nav-section=\"installation\"> <h2>Come faccio ad aggiungere lo slider Prima e Dopo nel mio sito Joomla? <\/h2><div class=\"video-container\"><iframe width=\"560\" height=\"315\" src=\"https:\/\/www.youtube.com\/embed\/_NgU1VbVP2U?si=M-WGzJdKGGUpBWmW\" frameborder=\"0\" allow=\"accelerometer; autoplay; clipboard-write; encrypted-media; gyroscope; picture-in-picture; web-share\" allowfullscreen><\/iframe><\/div> <p>Basta seguire i passaggi descritti di seguito per integrare il widget. <\/p> <ol><li><b>Apri il nostro configuratore gratuito e inizia a costruire la tua estensione personalizzata. <\/b><br> Scegli l&#8217;aspetto e la funzionalit\u00e0 preferiti dell&#8217;estensione e salva tutte le modifiche. <\/li> <li><b>Copia il tuo codice personale rivelato nel box su Elfsight Apps. <\/b><br> Subito dopo aver completato la personalizzazione dell&#8217;estensione Comparison Slider, copia il codice nel popup emerso e conservalo per un utilizzo futuro. <\/li> <li><b>Avviare l&#8217;utilizzo dell&#8217;estensione sul sito Joomla. <\/b><br> Inserisci il codice che hai salvato di recente nel tuo sito e applica i miglioramenti. <\/li> <li><b>Fatto! La configurazione \u00e8 stata eseguita con successo. <\/b><br> Apri il tuo sito per dare un&#8217;occhiata a come funziona l&#8217;estensione. <\/li><\/ol><p>Se hai contestato richieste o hai riscontrato difficolt\u00e0, non esitare a contattare il nostro personale del servizio clienti. Il nostro personale non vede l&#8217;ora di aiutarti con tutte le domande che potresti avere sul plugin. <\/p> <div class=\"faq\" data-component=\"FAQ\"><div class=\"faq-item\">\r\n\t\t\t\t\t<div class=\"faq-item-question\">\r\n\t\t\t\t\t\t<h3 class=\"faq-item-question-text\">Come aggiungere uno slider Prima e dopo al mio sito Web Joomla senza competenze di codifica?<\/h3>\r\n\r\n\t\t\t\t\t\t<div class=\"faq-item-question-icon\"><\/div>\r\n\t\t\t\t\t<\/div>\r\n\r\n\t\t\t\t\t<div class=\"faq-item-answer\">\r\n\t\t\t\t\t\t<div class=\"faq-item-answer-text\"> <p>Elfsight fornisce una soluzione SaaS che ti consente di creare tu stesso un widget slider Prima e Dopo, scopri quanto \u00e8 semplice il processo: lavora direttamente nell&#8217;editor online per creare un widget slider Prima e Dopo che vorresti vedere sul tuo sito web Joomla. Scegli uno dei modelli predefiniti e regola le impostazioni del cursore Prima e dopo, aggiungi i tuoi contenuti, modifica il layout e i colori senza alcuna abilit\u00e0 di codifica. Salva lo slider Prima e Dopo e copia il codice di installazione, cos\u00ec potrai aggiungerlo semplicemente al tuo sito Joomla senza acquistare un piano a pagamento. Con il nostro editor intuitivo qualsiasi utente di Internet pu\u00f2 creare widget slider Prima e dopo online e incorporarlo facilmente nel proprio sito Web Joomla. Non \u00e8 necessario pagare n\u00e9 inserire le credenziali della carta per accedere al servizio. In caso di problemi in qualsiasi momento, non esitare a contattare il nostro team di supporto tecnico.<\/p> <\/div>\r\n\t\t\t\t\t<\/div>\r\n\t\t\t\t<\/div> <\/div><\/div>\n","protected":false},"excerpt":{"rendered":"","protected":false},"author":9,"featured_media":0,"parent":1747,"menu_order":0,"comment_status":"closed","ping_status":"closed","template":"templates\/template-application-platform.php","meta":{"publish_to_discourse":"","publish_post_category":"","wpdc_auto_publish_overridden":"","wpdc_topic_tags":"","wpdc_pin_topic":"","wpdc_pin_until":"","discourse_post_id":"","discourse_permalink":"","wpdc_publishing_response":"","wpdc_publishing_error":"","footnotes":""},"class_list":["post-3843","page","type-page","status-publish","hentry"],"yoast_head":"<!-- This site is optimized with the Yoast SEO plugin v25.3.1 - https:\/\/yoast.com\/wordpress\/plugins\/seo\/ -->\n<title>Slider immagini prima e dopo per il sito Web Joomla (gratuito e veloce)<\/title>\n<meta name=\"description\" content=\"Mostra il widget Before and After Slider sul tuo sito web Joomla. Prova la demo Elfsight completamente funzionante e modella il tuo widget personalizzato in appena un paio di secondi.\" \/>\n<meta name=\"robots\" content=\"index, follow, max-snippet:-1, max-image-preview:large, max-video-preview:-1\" \/>\n<link rel=\"canonical\" href=\"https:\/\/elfsight.com\/it\/before-and-after-slider-widget\/joomla\/\" \/>\n<meta property=\"og:locale\" content=\"it_IT\" \/>\n<meta property=\"og:type\" content=\"article\" \/>\n<meta property=\"og:title\" content=\"Slider immagini prima e dopo per il sito Web Joomla (gratuito e veloce)\" \/>\n<meta property=\"og:description\" content=\"Mostra il widget Before and After Slider sul tuo sito web Joomla. Prova la demo Elfsight completamente funzionante e modella il tuo widget personalizzato in appena un paio di secondi.\" \/>\n<meta property=\"og:url\" content=\"https:\/\/elfsight.com\/it\/before-and-after-slider-widget\/joomla\/\" \/>\n<meta property=\"og:site_name\" content=\"Elfsight IT\" \/>\n<meta property=\"article:modified_time\" content=\"2025-03-21T10:37:55+00:00\" \/>\n<meta name=\"twitter:card\" content=\"summary_large_image\" \/>\n<meta name=\"twitter:label1\" content=\"Tempo di lettura stimato\" \/>\n\t<meta name=\"twitter:data1\" content=\"3 minuti\" \/>\n<!-- \/ Yoast SEO plugin. -->","yoast_head_json":{"title":"Slider immagini prima e dopo per il sito Web Joomla (gratuito e veloce)","description":"Mostra il widget Before and After Slider sul tuo sito web Joomla. Prova la demo Elfsight completamente funzionante e modella il tuo widget personalizzato in appena un paio di secondi.","robots":{"index":"index","follow":"follow","max-snippet":"max-snippet:-1","max-image-preview":"max-image-preview:large","max-video-preview":"max-video-preview:-1"},"canonical":"https:\/\/elfsight.com\/it\/before-and-after-slider-widget\/joomla\/","og_locale":"it_IT","og_type":"article","og_title":"Slider immagini prima e dopo per il sito Web Joomla (gratuito e veloce)","og_description":"Mostra il widget Before and After Slider sul tuo sito web Joomla. Prova la demo Elfsight completamente funzionante e modella il tuo widget personalizzato in appena un paio di secondi.","og_url":"https:\/\/elfsight.com\/it\/before-and-after-slider-widget\/joomla\/","og_site_name":"Elfsight IT","article_modified_time":"2025-03-21T10:37:55+00:00","twitter_card":"summary_large_image","twitter_misc":{"Tempo di lettura stimato":"3 minuti"},"schema":{"@context":"https:\/\/schema.org","@graph":[{"@type":"WebPage","@id":"https:\/\/elfsight.com\/it\/before-and-after-slider-widget\/joomla\/","url":"https:\/\/elfsight.com\/it\/before-and-after-slider-widget\/joomla\/","name":"Slider immagini prima e dopo per il sito Web Joomla (gratuito e veloce)","isPartOf":{"@id":"https:\/\/elfsight.com\/it\/#website"},"datePublished":"2024-05-03T06:30:24+00:00","dateModified":"2025-03-21T10:37:55+00:00","description":"Mostra il widget Before and After Slider sul tuo sito web Joomla. Prova la demo Elfsight completamente funzionante e modella il tuo widget personalizzato in appena un paio di secondi.","breadcrumb":{"@id":"https:\/\/elfsight.com\/it\/before-and-after-slider-widget\/joomla\/#breadcrumb"},"inLanguage":"it-IT","potentialAction":[{"@type":"ReadAction","target":["https:\/\/elfsight.com\/it\/before-and-after-slider-widget\/joomla\/"]}]},{"@type":"BreadcrumbList","@id":"https:\/\/elfsight.com\/it\/before-and-after-slider-widget\/joomla\/#breadcrumb","itemListElement":[{"@type":"ListItem","position":1,"name":"Home","item":"https:\/\/elfsight.com\/it\/"},{"@type":"ListItem","position":2,"name":"Before and After Slider","item":"https:\/\/elfsight.com\/it\/before-and-after-slider-widget\/"},{"@type":"ListItem","position":3,"name":"Before and After Slider &#8211; Joomla"}]},{"@type":"WebSite","@id":"https:\/\/elfsight.com\/it\/#website","url":"https:\/\/elfsight.com\/it\/","name":"Elfsight IT","description":"Just another Elfsight Sites site","potentialAction":[{"@type":"SearchAction","target":{"@type":"EntryPoint","urlTemplate":"https:\/\/elfsight.com\/it\/?s={search_term_string}"},"query-input":{"@type":"PropertyValueSpecification","valueRequired":true,"valueName":"search_term_string"}}],"inLanguage":"it-IT"}]}},"meta_box":{"industry":"","seo_heading":"","heading":"","description":"","cta_heading":"","cta_description":"","application":"1746","h1":"Slider prima e dopo per Joomla","h1_caption":"Presenta confronti tra due immagini, ideali per evidenziare trasformazioni o mostrare facilmente i vantaggi del prodotto nel tuo sito Web Joomla.","application_category":[],"applications_title":"","applications_request_title":"","applications_request_button_text":"","hero_text":"","hero_video":"","hero_video_schema_markup":"","selling_points_title":"","selling_points_caption":"","selling_points":[],"selling_points_cta_text":"","features_title":"","features":"","ed_cta_examples_text":"","ed_cta_examples_hidden":"","ed_cta_demo_text":"","ed_cta_demo_hidden":"","why_caption":"","why_editor_title":"","why_editor_text":"","why_team_title":"","why_team_text":"","why_service_title":"","why_service_text":"","template_catalog_visible":"0","template_catalog_title":"","template_catalog_text":"","template_catalog_categories_visible":"","demo_title":"Crea il tuo plugin Before and After Slider","demo_caption":"Configura il tuo Slider Prima e Dopo e aggiungilo gratuitamente al tuo sito Joomla!","default_faq_hidden":"","app_template_category":[],"platform":"36","template_public_id":"","codecanyon_url":"","codecanyon_item_id":"","codecanyon_price":"","pricing_caption":"","pricing_elfsight_apps_hide_column":"","pricing_elfsight_apps_url":"","pricing_codecanyon_price_caption":"","integration_category":[],"integration_request_title":"","integration_request_cta":"","integration_platform":"","integrations":[],"platform_category":[],"video_schema_markup":"","price":"da $ 0 al mese","trial":"","benefits":[{"text":"Servizio clienti efficace"},{"text":"Supporto premium"},{"text":"Garanzia di rimborso di 14 giorni"},{"text":"Sviluppo continuo"}],"button_url":"#demo","button_target_blank":"0","button_nofollow":"0","attributes":[{"name":"Installazioni"},{"name":"Reattivo","content":"S\u00cc"},{"name":"Browser compatibili","content":"IE11, Firefox, Safari, Opera, Chrome, Edge"}],"tags":[],"tags_disable_links":"0","hide_more_platforms":"0","video_object":"","demo_hide_cta":"0","demo_hide_cloud_options":"0","pricing_title":"","pricing":[{"pricing_icon":"platform","pricing_title":"Elfsight Apps","pricing_title_caption":"Soluzione digitale multipiattaforma","pricing_price":"da $ 0 \/ mese","pricing_price_caption":"inizia con il piano gratuito","pricing_benefits":[{"text":"Siti web illimitati"},{"text":"Supporto 24 ore su 24, 7 giorni su 7"},{"text":"Assistenza per l'installazione gratuita"},{"text":"Offerta speciale per pi\u00f9 app"}],"pricing_button_text":"Aggiungi al sito web","pricing_button_url":"#demo"}],"related_apps_title":"","related_apps_hidden":"0","author":"","image":[],"title":"","job":"","social_networks":[]},"_links":{"self":[{"href":"https:\/\/elfsight.com\/it\/wp-json\/wp\/v2\/pages\/3843","targetHints":{"allow":["GET"]}}],"collection":[{"href":"https:\/\/elfsight.com\/it\/wp-json\/wp\/v2\/pages"}],"about":[{"href":"https:\/\/elfsight.com\/it\/wp-json\/wp\/v2\/types\/page"}],"author":[{"embeddable":true,"href":"https:\/\/elfsight.com\/it\/wp-json\/wp\/v2\/users\/9"}],"replies":[{"embeddable":true,"href":"https:\/\/elfsight.com\/it\/wp-json\/wp\/v2\/comments?post=3843"}],"version-history":[{"count":3,"href":"https:\/\/elfsight.com\/it\/wp-json\/wp\/v2\/pages\/3843\/revisions"}],"predecessor-version":[{"id":9591,"href":"https:\/\/elfsight.com\/it\/wp-json\/wp\/v2\/pages\/3843\/revisions\/9591"}],"up":[{"embeddable":true,"href":"https:\/\/elfsight.com\/it\/wp-json\/wp\/v2\/pages\/1747"}],"wp:attachment":[{"href":"https:\/\/elfsight.com\/it\/wp-json\/wp\/v2\/media?parent=3843"}],"curies":[{"name":"wp","href":"https:\/\/api.w.org\/{rel}","templated":true}]}}