{"id":3842,"date":"2024-05-03T06:30:23","date_gmt":"2024-05-03T06:30:23","guid":{"rendered":"https:\/\/elfsight.com\/it\/?page_id=3842"},"modified":"2024-11-12T08:26:52","modified_gmt":"2024-11-12T08:26:52","slug":"jquery","status":"publish","type":"page","link":"https:\/\/elfsight.com\/it\/before-and-after-slider-widget\/jquery\/","title":{"rendered":"Before and After Slider &#8211; jQuery"},"content":{"rendered":"<div class=\"application-platform-content-item-description application-platform-content-item\" id=\"description\" data-nav-section=\"description\"> <h2>Descrizione<\/h2> <p> Before and After Slider di Elfsight ti consentir\u00e0 di creare fantastiche immagini di vendita per il tuo sito web. I clienti potranno esplorare tutti i cambiamenti introdotti dai tuoi beni o servizi. Carica semplicemente le immagini prima e dopo su Before and After Slider per jQuery e verranno mostrate con un divisore che pu\u00f2 essere spostato per individuare la modifica. Puoi creare un numero illimitato di diapositive, ognuna con la propria didascalia. L&#8217;orientamento del divisore offre due opzioni: orizzontale o verticale ed \u00e8 possibile selezionare il rapporto immagine pi\u00f9 adatto. I tuoi visitatori acquisteranno sicuramente, quando ne scopriranno l&#8217;effettiva efficacia| delle tue offerte! <\/p> <p><b>Inserisci prima &amp; dopo il dispositivo di scorrimento per raggiungere le sfide aziendali pi\u00f9 rapidamente! <\/b><\/p> <\/div> <div class=\"application-platform-content-item-features application-platform-content-item\" id=\"features\" data-nav-section=\"features\"> <h2>Visualizza l&#8217;elenco delle funzionalit\u00e0 pi\u00f9 preziose: <\/h2> <ul><li>Aggiungi un numero qualsiasi di set Prima e Dopo di immagini<\/li> <li>Aggiungi didascalie con formattazione del testo a ciascuna immagine<\/li><li>Due layout: Elenco e Carosello<\/li><li>Orientamento orizzontale o verticale del divisore<\/li><li>Cliccando e trascinando o semplicemente passando con il mouse per spostare il divisore<\/li><li>Scorrendo sui touch screen<\/li><\/ul><p><a href=\"#demo\">Puoi scoprire se il widget \u00e8 per con l&#8217;aiuto della demo<\/a><\/p> <\/div> <div class=\"application-platform-content-item-installation application-platform-content-item\" id=\"installation\" data-nav-section=\"installation\"> <h2>Come aggiungere il Comparison Slider sul mio sito web jQuery? <\/h2> <p>Basta seguire i seguenti passaggi descritti di seguito per attivare il widget. <\/p> <ol><li><b>Apri il nostro editor gratuito e inizia a creare il tuo plugin personalizzato. <\/b><br> Specifica il layout preferibile e le caratteristiche funzionali del widget e applica le modifiche. <\/li> <li><b>Acquisisci il codice univoco che appare nel riquadro delle App Elfsight<\/b><br> Subito dopo aver completato la configurazione del tuo plugin, copia il codice personale nella finestra visualizzata e salvalo per occasione successiva. <\/li> <li><b>Inizia a utilizzare lo strumento sul tuo sito web jQuery<\/b><br> Integra il codice salvato in precedenza nel tuo sito web e applica le correzioni. <\/li> <li><b>Fatto! L&#8217;integrazione \u00e8 completata<\/b><br> Vai alla tua pagina web per esaminare il funzionamento del plugin. <\/li><\/ol> <p>Se affronti domande o incontri ostacoli, non esitare a candidarti per il nostro personale di supporto. Il nostro personale sar\u00e0 entusiasta di risolvere tutti i problemi che potresti avere sul widget. <\/p> <\/div><div class=\"faq\" data-component=\"FAQ\"><div class=\"faq-item\">\r\n\t\t\t\t\t<div class=\"faq-item-question\">\r\n\t\t\t\t\t\t<h3 class=\"faq-item-question-text\">In che modo posso incorporare uno slider Prima e Dopo nel mio sito jQuery?<\/h3>\r\n\r\n\t\t\t\t\t\t<div class=\"faq-item-question-icon\"><\/div>\r\n\t\t\t\t\t<\/div>\r\n\r\n\t\t\t\t\t<div class=\"faq-item-answer\">\r\n\t\t\t\t\t\t<div class=\"faq-item-answer-text\"><p>Le fondamenta del viene eseguito all&#8217;interno del servizio Elfsight e non \u00e8 necessario imparare a programmare. Utilizza la demo attiva per dare forma al tuo strumento, acquisire il codice e integrarlo nel tuo sito. <\/p><\/div>\r\n\t\t\t\t\t<\/div>\r\n\t\t\t\t<\/div><div class=\"faq-item\">\r\n\t\t\t\t\t<div class=\"faq-item-question\">\r\n\t\t\t\t\t\t<h3 class=\"faq-item-question-text\">I migliori esempi di utilizzo dell'integrazione del confronto delle immagini<\/h3>\r\n\r\n\t\t\t\t\t\t<div class=\"faq-item-question-icon\"><\/div>\r\n\t\t\t\t\t<\/div>\r\n\r\n\t\t\t\t\t<div class=\"faq-item-answer\">\r\n\t\t\t\t\t\t<div class=\"faq-item-answer-text\"><p>Ti forniremo molte opportunit\u00e0 di regolazione: widget su vasta scala da incorporare nel sezione contenuti, plugin mobili per funzionalit\u00e0 di scorrimento, layout per pi\u00e8 di pagina, intestazione e tutti i tipi di possibilit\u00e0 verticali per barre laterali e menu. <\/p><\/div>\r\n\t\t\t\t\t<\/div>\r\n\t\t\t\t<\/div><div class=\"faq-item\">\r\n\t\t\t\t\t<div class=\"faq-item-question\">\r\n\t\t\t\t\t\t<h3 class=\"faq-item-question-text\">Esiste un'opzione per creare un confronto di prodotti o un elenco di lavori tramite l'agenzia del tuo editore?<\/h3>\r\n\r\n\t\t\t\t\t\t<div class=\"faq-item-question-icon\"><\/div>\r\n\t\t\t\t\t<\/div>\r\n\r\n\t\t\t\t\t<div class=\"faq-item-answer\">\r\n\t\t\t\t\t\t<div class=\"faq-item-answer-text\"><p>Sei libero di creare qualsiasi modifiche del widget. Ci sono molti layout applicabili nell&#8217;editor e tutti possono essere facilmente personalizzati secondo le tue esigenze. <\/p><\/div>\r\n\t\t\t\t\t<\/div>\r\n\t\t\t\t<\/div><\/div>","protected":false},"excerpt":{"rendered":"","protected":false},"author":9,"featured_media":0,"parent":1747,"menu_order":0,"comment_status":"closed","ping_status":"closed","template":"templates\/template-application-platform.php","meta":{"publish_to_discourse":"","publish_post_category":"","wpdc_auto_publish_overridden":"","wpdc_topic_tags":"","wpdc_pin_topic":"","wpdc_pin_until":"","discourse_post_id":"","discourse_permalink":"","wpdc_publishing_response":"","wpdc_publishing_error":"","footnotes":""},"class_list":["post-3842","page","type-page","status-publish","hentry"],"yoast_head":"<!-- This site is optimized with the Yoast SEO plugin v25.3.1 - https:\/\/yoast.com\/wordpress\/plugins\/seo\/ -->\n<title>Slider immagine prima e dopo reattivo per il sito Web jQuery<\/title>\n<meta name=\"description\" content=\"Configura il widget Before e After Slider sul tuo sito web jQuery. Controlla la demo Elfsight completamente funzionante e crea il tuo plugin personalizzato in soli 2 clic.\" \/>\n<meta name=\"robots\" content=\"index, follow, max-snippet:-1, max-image-preview:large, max-video-preview:-1\" \/>\n<link rel=\"canonical\" href=\"https:\/\/elfsight.com\/it\/before-and-after-slider-widget\/jquery\/\" \/>\n<meta property=\"og:locale\" content=\"it_IT\" \/>\n<meta property=\"og:type\" content=\"article\" \/>\n<meta property=\"og:title\" content=\"Slider immagine prima e dopo reattivo per il sito Web jQuery\" \/>\n<meta property=\"og:description\" content=\"Configura il widget Before e After Slider sul tuo sito web jQuery. Controlla la demo Elfsight completamente funzionante e crea il tuo plugin personalizzato in soli 2 clic.\" \/>\n<meta property=\"og:url\" content=\"https:\/\/elfsight.com\/it\/before-and-after-slider-widget\/jquery\/\" \/>\n<meta property=\"og:site_name\" content=\"Elfsight IT\" \/>\n<meta property=\"article:modified_time\" content=\"2024-11-12T08:26:52+00:00\" \/>\n<meta name=\"twitter:card\" content=\"summary_large_image\" \/>\n<meta name=\"twitter:label1\" content=\"Tempo di lettura stimato\" \/>\n\t<meta name=\"twitter:data1\" content=\"3 minuti\" \/>\n<!-- \/ Yoast SEO plugin. -->","yoast_head_json":{"title":"Slider immagine prima e dopo reattivo per il sito Web jQuery","description":"Configura il widget Before e After Slider sul tuo sito web jQuery. Controlla la demo Elfsight completamente funzionante e crea il tuo plugin personalizzato in soli 2 clic.","robots":{"index":"index","follow":"follow","max-snippet":"max-snippet:-1","max-image-preview":"max-image-preview:large","max-video-preview":"max-video-preview:-1"},"canonical":"https:\/\/elfsight.com\/it\/before-and-after-slider-widget\/jquery\/","og_locale":"it_IT","og_type":"article","og_title":"Slider immagine prima e dopo reattivo per il sito Web jQuery","og_description":"Configura il widget Before e After Slider sul tuo sito web jQuery. Controlla la demo Elfsight completamente funzionante e crea il tuo plugin personalizzato in soli 2 clic.","og_url":"https:\/\/elfsight.com\/it\/before-and-after-slider-widget\/jquery\/","og_site_name":"Elfsight IT","article_modified_time":"2024-11-12T08:26:52+00:00","twitter_card":"summary_large_image","twitter_misc":{"Tempo di lettura stimato":"3 minuti"},"schema":{"@context":"https:\/\/schema.org","@graph":[{"@type":"WebPage","@id":"https:\/\/elfsight.com\/it\/before-and-after-slider-widget\/jquery\/","url":"https:\/\/elfsight.com\/it\/before-and-after-slider-widget\/jquery\/","name":"Slider immagine prima e dopo reattivo per il sito Web jQuery","isPartOf":{"@id":"https:\/\/elfsight.com\/it\/#website"},"datePublished":"2024-05-03T06:30:23+00:00","dateModified":"2024-11-12T08:26:52+00:00","description":"Configura il widget Before e After Slider sul tuo sito web jQuery. Controlla la demo Elfsight completamente funzionante e crea il tuo plugin personalizzato in soli 2 clic.","breadcrumb":{"@id":"https:\/\/elfsight.com\/it\/before-and-after-slider-widget\/jquery\/#breadcrumb"},"inLanguage":"it-IT","potentialAction":[{"@type":"ReadAction","target":["https:\/\/elfsight.com\/it\/before-and-after-slider-widget\/jquery\/"]}]},{"@type":"BreadcrumbList","@id":"https:\/\/elfsight.com\/it\/before-and-after-slider-widget\/jquery\/#breadcrumb","itemListElement":[{"@type":"ListItem","position":1,"name":"Home","item":"https:\/\/elfsight.com\/it\/"},{"@type":"ListItem","position":2,"name":"Before and After Slider","item":"https:\/\/elfsight.com\/it\/before-and-after-slider-widget\/"},{"@type":"ListItem","position":3,"name":"Before and After Slider &#8211; jQuery"}]},{"@type":"WebSite","@id":"https:\/\/elfsight.com\/it\/#website","url":"https:\/\/elfsight.com\/it\/","name":"Elfsight IT","description":"Just another Elfsight Sites site","potentialAction":[{"@type":"SearchAction","target":{"@type":"EntryPoint","urlTemplate":"https:\/\/elfsight.com\/it\/?s={search_term_string}"},"query-input":{"@type":"PropertyValueSpecification","valueRequired":true,"valueName":"search_term_string"}}],"inLanguage":"it-IT"}]}},"meta_box":{"industry":"","seo_heading":"","heading":"","description":"","cta_heading":"","cta_description":"","application":"1746","h1":"Dispositivo di scorrimento prima e dopo per jQuery","h1_caption":"Presenta confronti tra due immagini, ideali per evidenziare trasformazioni o mostrare facilmente i vantaggi del prodotto nel tuo sito Web jQuery.","application_category":[],"applications_title":"","applications_request_title":"","applications_request_button_text":"","hero_text":"","hero_video":"","hero_video_schema_markup":"","selling_points_title":"","selling_points_caption":"","selling_points":[],"selling_points_cta_text":"","features_title":"","features":"","ed_cta_examples_text":"","ed_cta_examples_hidden":"","ed_cta_demo_text":"","ed_cta_demo_hidden":"","why_caption":"","why_editor_title":"","why_editor_text":"","why_team_title":"","why_team_text":"","why_service_title":"","why_service_text":"","template_catalog_visible":"","template_catalog_title":"","template_catalog_text":"","template_catalog_categories_visible":"","demo_title":"Crea il tuo plugin Before and After Slider","demo_caption":"Configura il tuo dispositivo di scorrimento Prima e Dopo e aggiungilo gratuitamente al tuo sito Web jQuery!","default_faq_hidden":"","app_template_category":[],"platform":"37","template_public_id":"","codecanyon_url":"","codecanyon_item_id":"","codecanyon_price":"","pricing_caption":"","pricing_elfsight_apps_hide_column":"","pricing_elfsight_apps_url":"","pricing_codecanyon_price_caption":"","integration_category":[],"integration_request_title":"","integration_request_cta":"","integration_platform":"","integrations":[],"platform_category":[],"video_schema_markup":"","price":"da $ 0 al mese","trial":"","benefits":[{"text":"Assistenza gratuita per l'installazione"},{"text":"Servizio clienti professionale"},{"text":"Garanzia di rimborso di 14 giorni"},{"text":"Aggiornamenti gratuiti a vita"}],"button_url":"#demo","button_target_blank":"","button_nofollow":"","attributes":[{"name":"Installazioni"},{"name":"Reattivo","content":"S\u00cc"},{"name":"Browser compatibili","content":"IE11, Firefox, Safari, Opera, Chrome, Edge"}],"tags":[],"tags_disable_links":"","hide_more_platforms":"","video_object":"","demo_hide_cta":"","demo_hide_cloud_options":"","pricing_title":"","pricing":[{"pricing_icon":"platform","pricing_title":"Elfsight Apps","pricing_title_caption":"Software multipiattaforma adatto a qualsiasi sito web","pricing_price":"da $ 0 \/ mese","pricing_price_caption":"inizia con un piano gratuito","pricing_benefits":[{"text":"Domini illimitati"},{"text":"Supporto 24 ore su 24, 7 giorni su 7"},{"text":"Assistenza gratuita per l'installazione"},{"text":"Completamente personalizzabile"}],"pricing_button_text":"Aggiungi al sito web","pricing_button_url":"#demo"}],"related_apps_title":"","related_apps_hidden":"","author":"","image":[],"title":"","job":"","social_networks":[]},"_links":{"self":[{"href":"https:\/\/elfsight.com\/it\/wp-json\/wp\/v2\/pages\/3842","targetHints":{"allow":["GET"]}}],"collection":[{"href":"https:\/\/elfsight.com\/it\/wp-json\/wp\/v2\/pages"}],"about":[{"href":"https:\/\/elfsight.com\/it\/wp-json\/wp\/v2\/types\/page"}],"author":[{"embeddable":true,"href":"https:\/\/elfsight.com\/it\/wp-json\/wp\/v2\/users\/9"}],"replies":[{"embeddable":true,"href":"https:\/\/elfsight.com\/it\/wp-json\/wp\/v2\/comments?post=3842"}],"version-history":[{"count":1,"href":"https:\/\/elfsight.com\/it\/wp-json\/wp\/v2\/pages\/3842\/revisions"}],"predecessor-version":[{"id":3846,"href":"https:\/\/elfsight.com\/it\/wp-json\/wp\/v2\/pages\/3842\/revisions\/3846"}],"up":[{"embeddable":true,"href":"https:\/\/elfsight.com\/it\/wp-json\/wp\/v2\/pages\/1747"}],"wp:attachment":[{"href":"https:\/\/elfsight.com\/it\/wp-json\/wp\/v2\/media?parent=3842"}],"curies":[{"name":"wp","href":"https:\/\/api.w.org\/{rel}","templated":true}]}}