{"id":3837,"date":"2024-05-03T06:30:22","date_gmt":"2024-05-03T06:30:22","guid":{"rendered":"https:\/\/elfsight.com\/it\/?page_id=3837"},"modified":"2024-11-12T08:26:44","modified_gmt":"2024-11-12T08:26:44","slug":"iframe","status":"publish","type":"page","link":"https:\/\/elfsight.com\/it\/before-and-after-slider-widget\/iframe\/","title":{"rendered":"Before and After Slider &#8211; iFrame"},"content":{"rendered":"<div class=\"application-platform-content-item-description application-platform-content-item\" id=\"description\" data-nav-section=\"description\"> <h2>Incorpora Before and After Slider su iFrame con il widget Elfsight<\/h2> <p> Before and After Slider di Elfsight ti consente di comporre promozioni sorprendenti immagini per il tuo sito. I clienti possono esplorare tutti i risultati ottenuti dai tuoi prodotti o servizi. Carica semplicemente le foto prima e dopo su Before and After Slider per iFrame e verranno mostrate con un divisore mobile per vedere il cambiamento. Puoi creare un numero illimitato di coppie di foto, ognuna con la propria didascalia. La direzione del divisore pu\u00f2 essere orizzontale o verticale ed \u00e8 possibile impostare il miglior rapporto immagine. I tuoi utenti non si sottrarranno all&#8217;acquisto non appena avranno colto il risultato reale| delle tue offerte! <\/p> <p><b>Con il dispositivo di scorrimento prima &#8211; dopo, osserva una solida crescita del business e pi\u00f9 vendite <\/b><\/p> <\/div> <div class=\"application-platform-content-item-features application-platform-content-item\" id=\"features\" data-nav-section=\"features\"> <h2>Questi sono solo alcuni delle potenti funzionalit\u00e0 del widget: <\/h2> <ul><li>Dimostra un numero illimitato di serie di immagini Prima e Dopo<\/li> <li>Aggiungi didascalie con impostazioni di formattazione del testo a ciascun set<\/li><li>Due layout: Elenco e carosello<\/li><li>Spostamento orizzontale o verticale del divisore<\/li><li>Cliccando e trascinando o semplicemente passando con il mouse per spostare il divisore<\/li><li>Scorrimento sui dispositivi touch screen<\/li> <\/ul><p><a href=\"#demo\">Puoi esplorare tutte le funzionalit\u00e0 del widget nella demo proprio qui<\/a><\/p> <\/div> <div class=\"application-platform-content-item-installation application-platform-content-item\" id=\"installation\" data-nav-section=\"installation\"> <h2>Come posso aggiungere Before e After Slider nel mio sito web iFrame? <\/h2> <p>Basta applicare le istruzioni seguenti per aggiungere lo strumento. <\/p> <ol><li><b>Lancia il nostro editor gratuito e inizia a creare il tuo plugin unico. <\/b><br> Specifica il modulo personalizzato e i parametri del plugin e applica le modifiche. <\/li> <li><b>Ricevi il tuo codice personale che appare nella casella delle App Elfsight<\/b><br> Una volta completata la creazione del tuo plugin personale, copia il codice personale nella casella emersa e conservalo per un uso successivo. <\/li> <li><b>Accedi utilizzando il widget sul tuo sito web iFrame<\/b><br> Incolla il codice che hai salvato di recente nel tuo sito web e applica le modifiche. <\/li> <li><b>La configurazione \u00e8 terminata<\/b><br> Vai al tuo sito web per verificare le prestazioni del widget. <\/li><\/ol> <p>Se hai domande o incontri qualsiasi complicazione, non esitare a scrivere al nostro personale del servizio clienti. I nostri specialisti sono ansiosi di risolvere tutte le difficolt\u00e0 che potresti avere sul plugin. <\/p> <div class=\"faq\" data-component=\"FAQ\"><div class=\"faq-item\">\r\n\t\t\t\t\t<div class=\"faq-item-question\">\r\n\t\t\t\t\t\t<h3 class=\"faq-item-question-text\">Come posso aggiungere uno slider Prima e Dopo al mio sito web iFrame senza competenze di codifica?<\/h3>\r\n\r\n\t\t\t\t\t\t<div class=\"faq-item-question-icon\"><\/div>\r\n\t\t\t\t\t<\/div>\r\n\r\n\t\t\t\t\t<div class=\"faq-item-answer\">\r\n\t\t\t\t\t\t<div class=\"faq-item-answer-text\"> <p>Elfsight fornisce una soluzione SaaS che ti consente di creare tu stesso un widget slider Prima e Dopo , scopri quanto \u00e8 semplice il processo: lavora direttamente nell&#8217;editor online per creare un widget slider Prima e Dopo che vorresti vedere sul tuo sito web iFrame. Scegli uno dei modelli predefiniti e regola le impostazioni del cursore Prima e dopo, aggiungi i tuoi contenuti, modifica il layout e i colori senza alcuna abilit\u00e0 di codifica. Salva lo slider Prima e dopo e copia il codice di installazione, che potrai incollare facilmente nel tuo sito iFrame senza acquistare un abbonamento a pagamento. Con il nostro editor intuitivo qualsiasi utente di Internet pu\u00f2 creare widget slider Prima e dopo online e incorporarlo facilmente nel proprio sito Web iFrame. Non \u00e8 necessario pagare n\u00e9 inserire le credenziali della carta per accedere al servizio. In caso di problemi in qualsiasi momento, non esitare a contattare il nostro team di supporto tecnico.<\/p> <\/div>\r\n\t\t\t\t\t<\/div>\r\n\t\t\t\t<\/div> <\/div><\/div>","protected":false},"excerpt":{"rendered":"","protected":false},"author":9,"featured_media":0,"parent":1747,"menu_order":0,"comment_status":"closed","ping_status":"closed","template":"templates\/template-application-platform.php","meta":{"publish_to_discourse":"","publish_post_category":"","wpdc_auto_publish_overridden":"","wpdc_topic_tags":"","wpdc_pin_topic":"","wpdc_pin_until":"","discourse_post_id":"","discourse_permalink":"","wpdc_publishing_response":"","wpdc_publishing_error":"","footnotes":""},"class_list":["post-3837","page","type-page","status-publish","hentry"],"yoast_head":"<!-- This site is optimized with the Yoast SEO plugin v25.3.1 - https:\/\/yoast.com\/wordpress\/plugins\/seo\/ -->\n<title>Slider immagine reattivo prima e dopo per il sito Web iFrame<\/title>\n<meta name=\"description\" content=\"Inserisci un accattivante widget Before and After Slider sul tuo sito web iFrame. Dai un&#039;occhiata alla demo gratuita di Elfsight e progetta il tuo widget personalizzato in soli 2 secondi\" \/>\n<meta name=\"robots\" content=\"index, follow, max-snippet:-1, max-image-preview:large, max-video-preview:-1\" \/>\n<link rel=\"canonical\" href=\"https:\/\/elfsight.com\/it\/before-and-after-slider-widget\/iframe\/\" \/>\n<meta property=\"og:locale\" content=\"it_IT\" \/>\n<meta property=\"og:type\" content=\"article\" \/>\n<meta property=\"og:title\" content=\"Slider immagine reattivo prima e dopo per il sito Web iFrame\" \/>\n<meta property=\"og:description\" content=\"Inserisci un accattivante widget Before and After Slider sul tuo sito web iFrame. Dai un&#039;occhiata alla demo gratuita di Elfsight e progetta il tuo widget personalizzato in soli 2 secondi\" \/>\n<meta property=\"og:url\" content=\"https:\/\/elfsight.com\/it\/before-and-after-slider-widget\/iframe\/\" \/>\n<meta property=\"og:site_name\" content=\"Elfsight IT\" \/>\n<meta property=\"article:modified_time\" content=\"2024-11-12T08:26:44+00:00\" \/>\n<meta name=\"twitter:card\" content=\"summary_large_image\" \/>\n<meta name=\"twitter:label1\" content=\"Tempo di lettura stimato\" \/>\n\t<meta name=\"twitter:data1\" content=\"3 minuti\" \/>\n<!-- \/ Yoast SEO plugin. -->","yoast_head_json":{"title":"Slider immagine reattivo prima e dopo per il sito Web iFrame","description":"Inserisci un accattivante widget Before and After Slider sul tuo sito web iFrame. Dai un'occhiata alla demo gratuita di Elfsight e progetta il tuo widget personalizzato in soli 2 secondi","robots":{"index":"index","follow":"follow","max-snippet":"max-snippet:-1","max-image-preview":"max-image-preview:large","max-video-preview":"max-video-preview:-1"},"canonical":"https:\/\/elfsight.com\/it\/before-and-after-slider-widget\/iframe\/","og_locale":"it_IT","og_type":"article","og_title":"Slider immagine reattivo prima e dopo per il sito Web iFrame","og_description":"Inserisci un accattivante widget Before and After Slider sul tuo sito web iFrame. Dai un'occhiata alla demo gratuita di Elfsight e progetta il tuo widget personalizzato in soli 2 secondi","og_url":"https:\/\/elfsight.com\/it\/before-and-after-slider-widget\/iframe\/","og_site_name":"Elfsight IT","article_modified_time":"2024-11-12T08:26:44+00:00","twitter_card":"summary_large_image","twitter_misc":{"Tempo di lettura stimato":"3 minuti"},"schema":{"@context":"https:\/\/schema.org","@graph":[{"@type":"WebPage","@id":"https:\/\/elfsight.com\/it\/before-and-after-slider-widget\/iframe\/","url":"https:\/\/elfsight.com\/it\/before-and-after-slider-widget\/iframe\/","name":"Slider immagine reattivo prima e dopo per il sito Web iFrame","isPartOf":{"@id":"https:\/\/elfsight.com\/it\/#website"},"datePublished":"2024-05-03T06:30:22+00:00","dateModified":"2024-11-12T08:26:44+00:00","description":"Inserisci un accattivante widget Before and After Slider sul tuo sito web iFrame. Dai un'occhiata alla demo gratuita di Elfsight e progetta il tuo widget personalizzato in soli 2 secondi","breadcrumb":{"@id":"https:\/\/elfsight.com\/it\/before-and-after-slider-widget\/iframe\/#breadcrumb"},"inLanguage":"it-IT","potentialAction":[{"@type":"ReadAction","target":["https:\/\/elfsight.com\/it\/before-and-after-slider-widget\/iframe\/"]}]},{"@type":"BreadcrumbList","@id":"https:\/\/elfsight.com\/it\/before-and-after-slider-widget\/iframe\/#breadcrumb","itemListElement":[{"@type":"ListItem","position":1,"name":"Home","item":"https:\/\/elfsight.com\/it\/"},{"@type":"ListItem","position":2,"name":"Before and After Slider","item":"https:\/\/elfsight.com\/it\/before-and-after-slider-widget\/"},{"@type":"ListItem","position":3,"name":"Before and After Slider &#8211; iFrame"}]},{"@type":"WebSite","@id":"https:\/\/elfsight.com\/it\/#website","url":"https:\/\/elfsight.com\/it\/","name":"Elfsight IT","description":"Just another Elfsight Sites site","potentialAction":[{"@type":"SearchAction","target":{"@type":"EntryPoint","urlTemplate":"https:\/\/elfsight.com\/it\/?s={search_term_string}"},"query-input":{"@type":"PropertyValueSpecification","valueRequired":true,"valueName":"search_term_string"}}],"inLanguage":"it-IT"}]}},"meta_box":{"industry":"","seo_heading":"","heading":"","description":"","cta_heading":"","cta_description":"","application":"1746","h1":"Dispositivo di scorrimento prima e dopo per iFrame","h1_caption":"Presenta confronti tra due immagini, ideali per evidenziare trasformazioni o mostrare facilmente i vantaggi del prodotto nel tuo sito Web iFrame.","application_category":[],"applications_title":"","applications_request_title":"","applications_request_button_text":"","hero_text":"","hero_video":"","hero_video_schema_markup":"","selling_points_title":"","selling_points_caption":"","selling_points":[],"selling_points_cta_text":"","features_title":"","features":"","ed_cta_examples_text":"","ed_cta_examples_hidden":"","ed_cta_demo_text":"","ed_cta_demo_hidden":"","why_caption":"","why_editor_title":"","why_editor_text":"","why_team_title":"","why_team_text":"","why_service_title":"","why_service_text":"","template_catalog_visible":"","template_catalog_title":"","template_catalog_text":"","template_catalog_categories_visible":"","demo_title":"Crea il tuo widget Prima e Dopo Slider","demo_caption":"Configura il tuo Slider Prima e Dopo e aggiungilo gratuitamente al tuo sito iFrame!","default_faq_hidden":"","app_template_category":[],"platform":"54","template_public_id":"","codecanyon_url":"","codecanyon_item_id":"","codecanyon_price":"","pricing_caption":"","pricing_elfsight_apps_hide_column":"","pricing_elfsight_apps_url":"","pricing_codecanyon_price_caption":"","integration_category":[],"integration_request_title":"","integration_request_cta":"","integration_platform":"","integrations":[],"platform_category":[],"video_schema_markup":"","price":"da $ 0 al mese","trial":"","benefits":[{"text":"Aiuto per l'installazione gratuito"},{"text":"Servizio clienti competente"},{"text":"Garanzia di rimborso di 14 giorni"},{"text":"Futuri miglioramenti gratuiti"}],"button_url":"#demo","button_target_blank":"","button_nofollow":"","attributes":[{"name":"Installazioni"},{"name":"Reattivo","content":"S\u00cc"},{"name":"Browser compatibili","content":"IE11, Firefox, Safari, Opera, Chrome, Edge"}],"tags":[],"tags_disable_links":"","hide_more_platforms":"","video_object":"","demo_hide_cta":"","demo_hide_cloud_options":"","pricing_title":"","pricing":[{"pricing_icon":"platform","pricing_title":"Elfsight Apps","pricing_title_caption":"Versione multipiattaforma","pricing_price":"da $ 0 \/ mese","pricing_price_caption":"inizia con il piano gratuito","pricing_benefits":[{"text":"Siti web illimitati"},{"text":"Assistenza clienti professionale"},{"text":"Supporto gratuito per l'installazione"},{"text":"Offerta speciale per pi\u00f9 app"}],"pricing_button_text":"Aggiungi al sito web","pricing_button_url":"#demo"}],"related_apps_title":"","related_apps_hidden":"","author":"","image":[],"title":"","job":"","social_networks":[]},"_links":{"self":[{"href":"https:\/\/elfsight.com\/it\/wp-json\/wp\/v2\/pages\/3837","targetHints":{"allow":["GET"]}}],"collection":[{"href":"https:\/\/elfsight.com\/it\/wp-json\/wp\/v2\/pages"}],"about":[{"href":"https:\/\/elfsight.com\/it\/wp-json\/wp\/v2\/types\/page"}],"author":[{"embeddable":true,"href":"https:\/\/elfsight.com\/it\/wp-json\/wp\/v2\/users\/9"}],"replies":[{"embeddable":true,"href":"https:\/\/elfsight.com\/it\/wp-json\/wp\/v2\/comments?post=3837"}],"version-history":[{"count":1,"href":"https:\/\/elfsight.com\/it\/wp-json\/wp\/v2\/pages\/3837\/revisions"}],"predecessor-version":[{"id":3841,"href":"https:\/\/elfsight.com\/it\/wp-json\/wp\/v2\/pages\/3837\/revisions\/3841"}],"up":[{"embeddable":true,"href":"https:\/\/elfsight.com\/it\/wp-json\/wp\/v2\/pages\/1747"}],"wp:attachment":[{"href":"https:\/\/elfsight.com\/it\/wp-json\/wp\/v2\/media?parent=3837"}],"curies":[{"name":"wp","href":"https:\/\/api.w.org\/{rel}","templated":true}]}}