{"id":3836,"date":"2024-05-03T06:30:21","date_gmt":"2024-05-03T06:30:21","guid":{"rendered":"https:\/\/elfsight.com\/it\/?page_id=3836"},"modified":"2024-11-12T08:26:44","modified_gmt":"2024-11-12T08:26:44","slug":"magento","status":"publish","type":"page","link":"https:\/\/elfsight.com\/it\/before-and-after-slider-widget\/magento\/","title":{"rendered":"Before and After Slider &#8211; Magento"},"content":{"rendered":"<div class=\"application-platform-content-item-description application-platform-content-item\" id=\"description\" data-nav-section=\"description\"> <h2>Descrizione<\/h2> <p> Before and After Slider di Elfsight ti consente di comporre immagini impressionanti ed efficienti in termini di vendite per il tuo sito. I visitatori possono scoprire tutti gli effetti introdotti dai tuoi beni o servizi. Carica semplicemente le foto prima e dopo su Before and After Slider per Magento e appariranno con un divisore che si muove per consentire il confronto. Puoi incorporare un numero illimitato di foto e scrivere didascalie ed etichette. La direzione del divisore offre due opzioni: orizzontale o verticale ed \u00e8 possibile selezionare il miglior rapporto immagine. I tuoi clienti effettueranno sicuramente un acquisto, quando scopriranno l&#8217;effettiva efficienza dei tuoi prodotti! <\/p> <p><b>Con il cursore prima &#8211; dopo, ottieni uno sviluppo aziendale pi\u00f9 rapido e pi\u00f9 vendite <\/b><\/p> <\/div> <div class=\"application-platform-content-item-features application-platform-content-item\" id=\"features\" data-nav-section=\"features\"> <h2>Ecco le caratteristiche fondamentali del widget: <\/h2> <ul><li>Aggiungi un numero illimitato di serie di immagini Prima e Dopo<\/li> <li>Inserisci didascalie con impostazioni di formattazione del testo in ciascuna foto<\/li><li>Due utilizza i layout: Elenco e Carosello<\/li><li>Spostamento orizzontale o verticale del divisore<\/li><li>Cliccando e trascinando o semplicemente passando con il mouse per spostare il divisore<\/li><li>Scorri sui dispositivi touch screen<\/li><\/ul><p><a href=\"#demo\">Controlla questa demo per vedere come funziona<\/a><\/p> <\/div> <div class=\"application-platform-content-item-installation application-platform-content-item\" id=\"installation\" data-nav-section=\"installation\"> <h2>Come posso aggiungere lo slider Prima e Dopo nel mio Magento? <\/h2> <p>Segui semplicemente le linee guida seguenti per integrare lo strumento. <\/p> <ol><li><b>Utilizza il nostro configuratore gratuito e inizia a dare forma alla tua estensione personalizzata. <\/b><br> Specifica l&#8217;interfaccia personalizzata e le specifiche dell&#8217;estensione e applica tutte le correzioni. <\/li> <li><b>Ottieni il tuo codice univoco che appare nell&#8217;apposito modulo su Elfsight Apps. <\/b><br> Non appena la creazione della tua estensione \u00e8 terminata, copia il tuo codice nella casella emersa e salvalo per necessit\u00e0 future. <\/li> <li><b>Inizia a utilizzare l&#8217;estensione sul tuo sito web Magento. <\/b><br> Incorpora il codice che hai copiato in precedenza nel tuo sito e applica le correzioni. <\/li> <li><b>Fatto! L&#8217;integrazione \u00e8 completamente eseguita. <\/b><br> Vai al tuo sito web per vedere come funziona l&#8217;estensione. <\/li><\/ol><p>A condizione di affrontare domande o incontrare eventuali problemi, rivolgersi al nostro personale del servizio clienti. I nostri consulenti non vedono l&#8217;ora di risolvere tutte le domande che potresti avere sul prodotto. <\/p> <\/div><div class=\"faq\" data-component=\"FAQ\"><div class=\"faq-item\">\r\n\t\t\t\t\t<div class=\"faq-item-question\">\r\n\t\t\t\t\t\t<h3 class=\"faq-item-question-text\">Come posso incorporare uno slider Prima e Dopo nel mio sito Magento?<\/h3>\r\n\r\n\t\t\t\t\t\t<div class=\"faq-item-question-icon\"><\/div>\r\n\t\t\t\t\t<\/div>\r\n\r\n\t\t\t\t\t<div class=\"faq-item-answer\">\r\n\t\t\t\t\t\t<div class=\"faq-item-answer-text\"><p>La creazione dello strumento viene eseguito all&#8217;interno del servizio Elfsight e non \u00e8 necessario imparare a programmare. Applica la demo attiva per personalizzare il tuo widget, acquisisci il codice e aggiungilo al tuo sito. <\/p><\/div>\r\n\t\t\t\t\t<\/div>\r\n\t\t\t\t<\/div><div class=\"faq-item\">\r\n\t\t\t\t\t<div class=\"faq-item-question\">\r\n\t\t\t\t\t\t<h3 class=\"faq-item-question-text\">I modi migliori per utilizzare l'integrazione del cursore di confronto<\/h3>\r\n\r\n\t\t\t\t\t\t<div class=\"faq-item-question-icon\"><\/div>\r\n\t\t\t\t\t<\/div>\r\n\r\n\t\t\t\t\t<div class=\"faq-item-answer\">\r\n\t\t\t\t\t\t<div class=\"faq-item-answer-text\"><p>Abbiamo tantissime possibilit\u00e0 di regolazione: widget a grandezza naturale da aggiungere nella sezione dei contenuti, mobili plugin con opportunit\u00e0 di scorrimento, layout per il pi\u00e8 di pagina del tuo sito web, intestazione e tutte le varianti delle possibilit\u00e0 verticali per le barre laterali e i menu del sito web. <\/p><\/div>\r\n\t\t\t\t\t<\/div>\r\n\t\t\t\t<\/div><div class=\"faq-item\">\r\n\t\t\t\t\t<div class=\"faq-item-question\">\r\n\t\t\t\t\t\t<h3 class=\"faq-item-question-text\">Posso creare un ritocco o un confronto tra prodotti tramite l'agenzia dell'editore?<\/h3>\r\n\r\n\t\t\t\t\t\t<div class=\"faq-item-question-icon\"><\/div>\r\n\t\t\t\t\t<\/div>\r\n\r\n\t\t\t\t\t<div class=\"faq-item-answer\">\r\n\t\t\t\t\t\t<div class=\"faq-item-answer-text\"><p>Puoi modellare qualsiasi modifica del widget. Ci sono molti layout applicabili nell&#8217;editor e tutti possono essere facilmente personalizzati proprio come ti manca. <\/p><\/div>\r\n\t\t\t\t\t<\/div>\r\n\t\t\t\t<\/div><\/div>","protected":false},"excerpt":{"rendered":"","protected":false},"author":9,"featured_media":0,"parent":1747,"menu_order":0,"comment_status":"closed","ping_status":"closed","template":"templates\/template-application-platform.php","meta":{"publish_to_discourse":"","publish_post_category":"","wpdc_auto_publish_overridden":"","wpdc_topic_tags":"","wpdc_pin_topic":"","wpdc_pin_until":"","discourse_post_id":"","discourse_permalink":"","wpdc_publishing_response":"","wpdc_publishing_error":"","footnotes":""},"class_list":["post-3836","page","type-page","status-publish","hentry"],"yoast_head":"<!-- This site is optimized with the Yoast SEO plugin v25.3.1 - https:\/\/yoast.com\/wordpress\/plugins\/seo\/ -->\n<title>Slider immagine responsivo prima e dopo per il sito Web Magento<\/title>\n<meta name=\"description\" content=\"Mostra un accattivante widget Before and After Slider sul tuo sito web Magento. Utilizza la demo gratuita di Elfsight e crea il tuo widget personalizzato in pochi minuti\" \/>\n<meta name=\"robots\" content=\"index, follow, max-snippet:-1, max-image-preview:large, max-video-preview:-1\" \/>\n<link rel=\"canonical\" href=\"https:\/\/elfsight.com\/it\/before-and-after-slider-widget\/magento\/\" \/>\n<meta property=\"og:locale\" content=\"it_IT\" \/>\n<meta property=\"og:type\" content=\"article\" \/>\n<meta property=\"og:title\" content=\"Slider immagine responsivo prima e dopo per il sito Web Magento\" \/>\n<meta property=\"og:description\" content=\"Mostra un accattivante widget Before and After Slider sul tuo sito web Magento. Utilizza la demo gratuita di Elfsight e crea il tuo widget personalizzato in pochi minuti\" \/>\n<meta property=\"og:url\" content=\"https:\/\/elfsight.com\/it\/before-and-after-slider-widget\/magento\/\" \/>\n<meta property=\"og:site_name\" content=\"Elfsight IT\" \/>\n<meta property=\"article:modified_time\" content=\"2024-11-12T08:26:44+00:00\" \/>\n<meta name=\"twitter:card\" content=\"summary_large_image\" \/>\n<meta name=\"twitter:label1\" content=\"Tempo di lettura stimato\" \/>\n\t<meta name=\"twitter:data1\" content=\"3 minuti\" \/>\n<!-- \/ Yoast SEO plugin. -->","yoast_head_json":{"title":"Slider immagine responsivo prima e dopo per il sito Web Magento","description":"Mostra un accattivante widget Before and After Slider sul tuo sito web Magento. Utilizza la demo gratuita di Elfsight e crea il tuo widget personalizzato in pochi minuti","robots":{"index":"index","follow":"follow","max-snippet":"max-snippet:-1","max-image-preview":"max-image-preview:large","max-video-preview":"max-video-preview:-1"},"canonical":"https:\/\/elfsight.com\/it\/before-and-after-slider-widget\/magento\/","og_locale":"it_IT","og_type":"article","og_title":"Slider immagine responsivo prima e dopo per il sito Web Magento","og_description":"Mostra un accattivante widget Before and After Slider sul tuo sito web Magento. Utilizza la demo gratuita di Elfsight e crea il tuo widget personalizzato in pochi minuti","og_url":"https:\/\/elfsight.com\/it\/before-and-after-slider-widget\/magento\/","og_site_name":"Elfsight IT","article_modified_time":"2024-11-12T08:26:44+00:00","twitter_card":"summary_large_image","twitter_misc":{"Tempo di lettura stimato":"3 minuti"},"schema":{"@context":"https:\/\/schema.org","@graph":[{"@type":"WebPage","@id":"https:\/\/elfsight.com\/it\/before-and-after-slider-widget\/magento\/","url":"https:\/\/elfsight.com\/it\/before-and-after-slider-widget\/magento\/","name":"Slider immagine responsivo prima e dopo per il sito Web Magento","isPartOf":{"@id":"https:\/\/elfsight.com\/it\/#website"},"datePublished":"2024-05-03T06:30:21+00:00","dateModified":"2024-11-12T08:26:44+00:00","description":"Mostra un accattivante widget Before and After Slider sul tuo sito web Magento. Utilizza la demo gratuita di Elfsight e crea il tuo widget personalizzato in pochi minuti","breadcrumb":{"@id":"https:\/\/elfsight.com\/it\/before-and-after-slider-widget\/magento\/#breadcrumb"},"inLanguage":"it-IT","potentialAction":[{"@type":"ReadAction","target":["https:\/\/elfsight.com\/it\/before-and-after-slider-widget\/magento\/"]}]},{"@type":"BreadcrumbList","@id":"https:\/\/elfsight.com\/it\/before-and-after-slider-widget\/magento\/#breadcrumb","itemListElement":[{"@type":"ListItem","position":1,"name":"Home","item":"https:\/\/elfsight.com\/it\/"},{"@type":"ListItem","position":2,"name":"Before and After Slider","item":"https:\/\/elfsight.com\/it\/before-and-after-slider-widget\/"},{"@type":"ListItem","position":3,"name":"Before and After Slider &#8211; Magento"}]},{"@type":"WebSite","@id":"https:\/\/elfsight.com\/it\/#website","url":"https:\/\/elfsight.com\/it\/","name":"Elfsight IT","description":"Just another Elfsight Sites site","potentialAction":[{"@type":"SearchAction","target":{"@type":"EntryPoint","urlTemplate":"https:\/\/elfsight.com\/it\/?s={search_term_string}"},"query-input":{"@type":"PropertyValueSpecification","valueRequired":true,"valueName":"search_term_string"}}],"inLanguage":"it-IT"}]}},"meta_box":{"industry":"","seo_heading":"","heading":"","description":"","cta_heading":"","cta_description":"","application":"1746","h1":"Slider prima e dopo per Magento","h1_caption":"Presenta confronti tra due immagini, ideali per evidenziare trasformazioni o mostrare i vantaggi del prodotto nel tuo sito Web Magento senza sforzo.","application_category":[],"applications_title":"","applications_request_title":"","applications_request_button_text":"","hero_text":"","hero_video":"","hero_video_schema_markup":"","selling_points_title":"","selling_points_caption":"","selling_points":[],"selling_points_cta_text":"","features_title":"","features":"","ed_cta_examples_text":"","ed_cta_examples_hidden":"","ed_cta_demo_text":"","ed_cta_demo_hidden":"","why_caption":"","why_editor_title":"","why_editor_text":"","why_team_title":"","why_team_text":"","why_service_title":"","why_service_text":"","template_catalog_visible":"","template_catalog_title":"","template_catalog_text":"","template_catalog_categories_visible":"","demo_title":"Crea la tua estensione Before and After Slider","demo_caption":"Configura il tuo Slider Prima e Dopo e aggiungilo gratuitamente al tuo sito Magento!","default_faq_hidden":"","app_template_category":[],"platform":"39","template_public_id":"","codecanyon_url":"","codecanyon_item_id":"","codecanyon_price":"","pricing_caption":"","pricing_elfsight_apps_hide_column":"","pricing_elfsight_apps_url":"","pricing_codecanyon_price_caption":"","integration_category":[],"integration_request_title":"","integration_request_cta":"","integration_platform":"","integrations":[],"platform_category":[],"video_schema_markup":"","price":"da $ 0 al mese","trial":"","benefits":[{"text":"Aiuto gratuito per l'installazione"},{"text":"Servizio clienti competente"},{"text":"Garanzia di rimborso di 14 giorni"},{"text":"Sviluppo continuo"}],"button_url":"#demo","button_target_blank":"","button_nofollow":"","attributes":[{"name":"Installazioni"},{"name":"Reattivo","content":"S\u00cc"},{"name":"Browser compatibili","content":"Firefox, Safari, Opera, Chrome, Edge"}],"tags":[],"tags_disable_links":"","hide_more_platforms":"","video_object":"","demo_hide_cta":"","demo_hide_cloud_options":"","pricing_title":"","pricing":[{"pricing_icon":"platform","pricing_title":"Elfsight Apps","pricing_title_caption":"Software multipiattaforma adatto a qualsiasi sito web","pricing_price":"da $ 0 \/ mese","pricing_price_caption":"inizia con un piano gratuito","pricing_benefits":[{"text":"Siti web illimitati"},{"text":"Supporto gratuito e ben documentato"},{"text":"Supporto gratuito per l'installazione"},{"text":"Progettazione flessibile"}],"pricing_button_text":"Aggiungi al sito web","pricing_button_url":"#demo"}],"related_apps_title":"","related_apps_hidden":"","author":"","image":[],"title":"","job":"","social_networks":[]},"_links":{"self":[{"href":"https:\/\/elfsight.com\/it\/wp-json\/wp\/v2\/pages\/3836","targetHints":{"allow":["GET"]}}],"collection":[{"href":"https:\/\/elfsight.com\/it\/wp-json\/wp\/v2\/pages"}],"about":[{"href":"https:\/\/elfsight.com\/it\/wp-json\/wp\/v2\/types\/page"}],"author":[{"embeddable":true,"href":"https:\/\/elfsight.com\/it\/wp-json\/wp\/v2\/users\/9"}],"replies":[{"embeddable":true,"href":"https:\/\/elfsight.com\/it\/wp-json\/wp\/v2\/comments?post=3836"}],"version-history":[{"count":1,"href":"https:\/\/elfsight.com\/it\/wp-json\/wp\/v2\/pages\/3836\/revisions"}],"predecessor-version":[{"id":3840,"href":"https:\/\/elfsight.com\/it\/wp-json\/wp\/v2\/pages\/3836\/revisions\/3840"}],"up":[{"embeddable":true,"href":"https:\/\/elfsight.com\/it\/wp-json\/wp\/v2\/pages\/1747"}],"wp:attachment":[{"href":"https:\/\/elfsight.com\/it\/wp-json\/wp\/v2\/media?parent=3836"}],"curies":[{"name":"wp","href":"https:\/\/api.w.org\/{rel}","templated":true}]}}