{"id":3835,"date":"2024-05-03T06:30:20","date_gmt":"2024-05-03T06:30:20","guid":{"rendered":"https:\/\/elfsight.com\/it\/?page_id=3835"},"modified":"2025-03-21T10:50:20","modified_gmt":"2025-03-21T10:50:20","slug":"html","status":"publish","type":"page","link":"https:\/\/elfsight.com\/it\/before-and-after-slider-widget\/html\/","title":{"rendered":"Before and After Slider &#8211; HTML"},"content":{"rendered":"\n<div class=\"application-platform-content-item-description application-platform-content-item\" id=\"description\" data-nav-section=\"description\"> <h2>Descrizione<\/h2> <p> Before and After Slider di Elfsight ti aiuter\u00e0 a comporre allettanti foto efficaci in termini di vendite per il tuo sito web. I clienti possono scoprire tutti gli effetti che portano i tuoi beni o servizi. Basta caricare due foto su Before e After Slider per HTML e verranno mostrate con un divisore che si sposta per osservare il cambiamento. Puoi incorporare un numero illimitato di diapositive, ognuna con la propria didascalia. La direzione del divisore pu\u00f2 essere orizzontale o verticale ed \u00e8 possibile scegliere il miglior rapporto immagine. I tuoi utenti non avranno altra scelta se non quella di effettuare un acquisto, non appena vedranno il risultato reale| dei tuoi prodotti! <\/p> <p><b>Lancia prima &amp; dopo il cursore per raggiungere i picchi di business in modo pi\u00f9 efficiente! <\/b><\/p> <\/div> <div class=\"application-platform-content-item-features application-platform-content-item\" id=\"features\" data-nav-section=\"features\"> <h2>Offriamo funzionalit\u00e0 pratiche e semplici, controllane alcune: <\/h2> <ul><li>Modella un numero qualsiasi di Prima e Dopo coppie di immagini<\/li> <li>Inserisci didascalie con impostazioni di formattazione del testo in ciascuna diapositiva<\/li><li>Due layout: Elenco e Carosello<\/li><li>Spostamento orizzontale o verticale del divisore<\/li> <li>Cliccando e trascinando o semplicemente passando con il mouse per spostare il divisore<\/li><li>Scorrendo sui dispositivi touch<\/li><\/ul><p><a href=\"#demo\">Prova tutta la personalizzazione funzionalit\u00e0 nella demo completamente funzionante<\/a><\/p> <\/div> <div class=\"application-platform-content-item-installation application-platform-content-item\" id=\"installation\" data-nav-section=\"installation\"> <h2>Come incorporo Before and After Slider nel mio sito Web HTML?<\/h2> <div class=\"video-container\"><iframe width=\"560\" height=\"315\" src=\"https:\/\/www.youtube.com\/embed\/YkoX3lNPpuc?si=iQ2tibPAAH1LCmc-\" frameborder=\"0\" allow=\"accelerometer; autoplay; clipboard-write; encrypted-media; gyroscope; picture-in-picture; web-share\" allowfullscreen><\/iframe><\/div><p>Segui semplicemente le linee guida riportate di seguito per inserire il plugin. <\/p> <ol><li><b>Esegui il nostro configuratore gratuito e inizia a dare forma al tuo widget personalizzato. <\/b><br> Trova la forma e le funzionalit\u00e0 preferibili dello strumento e applica le modifiche. <\/li> <li><b>Copia il tuo codice individuale che appare nella vedova su Elfsight Apps<\/b><br> Non appena terminata la personalizzazione del tuo strumento personale, copia il codice esclusivo nella finestra che appare e conserva per ulteriori necessit\u00e0. <\/li> <li><b>Inizia a utilizzare lo strumento sulla tua home page HTML<\/b><br> Inserisci il codice che hai copiato di recente nella tua pagina web e applica le modifiche. <\/li> <li><b>Il gioco \u00e8 fatto! L&#8217;integrazione \u00e8 completamente completata<\/b><br> Vai alla tua pagina per vedere come funziona il plugin. <\/li><\/ol> <p>Se hai domande o affronti alcune complicazioni, sentiti libero di scrivere al nostro team di supporto. I nostri consulenti sono desiderosi di aiutarti con tutte le domande che potresti avere sul prodotto. <\/p> <\/div><div class=\"faq\" data-component=\"FAQ\"><div class=\"faq-item\">\r\n\t\t\t\t\t<div class=\"faq-item-question\">\r\n\t\t\t\t\t\t<h3 class=\"faq-item-question-text\">In che modo posso aggiungere uno slider Prima e Dopo al mio sito Web HTML?<\/h3>\r\n\r\n\t\t\t\t\t\t<div class=\"faq-item-question-icon\"><\/div>\r\n\t\t\t\t\t<\/div>\r\n\r\n\t\t\t\t\t<div class=\"faq-item-answer\">\r\n\t\t\t\t\t\t<div class=\"faq-item-answer-text\"><p>La creazione del widget viene eseguito all&#8217;interno del sito Web Elfsight e non \u00e8 necessario codificarlo. Apri la nostra demo online per formare il tuo widget personale, ottieni il codice e inseriscilo nel tuo sito. <\/p><\/div>\r\n\t\t\t\t\t<\/div>\r\n\t\t\t\t<\/div><div class=\"faq-item\">\r\n\t\t\t\t\t<div class=\"faq-item-question\">\r\n\t\t\t\t\t\t<h3 class=\"faq-item-question-text\">I migliori esempi di utilizzo dell'integrazione di Before &amp; After Image Slider<\/h3>\r\n\r\n\t\t\t\t\t\t<div class=\"faq-item-question-icon\"><\/div>\r\n\t\t\t\t\t<\/div>\r\n\r\n\t\t\t\t\t<div class=\"faq-item-answer\">\r\n\t\t\t\t\t\t<div class=\"faq-item-answer-text\"><p>Ti garantiamo tantissime opzioni di personalizzazione: widget a grandezza naturale da implementare in l&#8217;area del contenuto, plugin mobili con funzionalit\u00e0 di scorrimento, miniature per il pi\u00e8 di pagina, sezione principale e tutti i tipi di opportunit\u00e0 verticali per barre laterali e menu. <\/p><\/div>\r\n\t\t\t\t\t<\/div>\r\n\t\t\t\t<\/div><div class=\"faq-item\">\r\n\t\t\t\t\t<div class=\"faq-item-question\">\r\n\t\t\t\t\t\t<h3 class=\"faq-item-question-text\">Posso creare un ritocco o un semplice cursore di confronto con l'aiuto del tuo editor?<\/h3>\r\n\r\n\t\t\t\t\t\t<div class=\"faq-item-question-icon\"><\/div>\r\n\t\t\t\t\t<\/div>\r\n\r\n\t\t\t\t\t<div class=\"faq-item-answer\">\r\n\t\t\t\t\t\t<div class=\"faq-item-answer-text\"><p>Puoi apportare qualsiasi modifica al widget. Ci sono tantissimi layout a tua disposizione nell&#8217;editor e tutti possono essere rapidamente modificati secondo le tue esigenze. <\/p><\/div>\r\n\t\t\t\t\t<\/div>\r\n\t\t\t\t<\/div><\/div>\n","protected":false},"excerpt":{"rendered":"","protected":false},"author":9,"featured_media":0,"parent":1747,"menu_order":0,"comment_status":"closed","ping_status":"closed","template":"templates\/template-application-platform.php","meta":{"publish_to_discourse":"","publish_post_category":"","wpdc_auto_publish_overridden":"","wpdc_topic_tags":"","wpdc_pin_topic":"","wpdc_pin_until":"","discourse_post_id":"","discourse_permalink":"","wpdc_publishing_response":"","wpdc_publishing_error":"","footnotes":""},"class_list":["post-3835","page","type-page","status-publish","hentry"],"yoast_head":"<!-- This site is optimized with the Yoast SEO plugin v25.3.1 - https:\/\/yoast.com\/wordpress\/plugins\/seo\/ -->\n<title>Slider immagine reattivo prima e dopo per il sito Web HTML<\/title>\n<meta name=\"description\" content=\"Inserisci il widget Prima e Dopo Slider sul tuo sito web HTML. Prova la demo di Elfsight slider comparativo e crea il tuo widget personalizzato in soli 2 minuti.\" \/>\n<meta name=\"robots\" content=\"index, follow, max-snippet:-1, max-image-preview:large, max-video-preview:-1\" \/>\n<link rel=\"canonical\" href=\"https:\/\/elfsight.com\/it\/before-and-after-slider-widget\/html\/\" \/>\n<meta property=\"og:locale\" content=\"it_IT\" \/>\n<meta property=\"og:type\" content=\"article\" \/>\n<meta property=\"og:title\" content=\"Slider immagine reattivo prima e dopo per il sito Web HTML\" \/>\n<meta property=\"og:description\" content=\"Inserisci il widget Prima e Dopo Slider sul tuo sito web HTML. Prova la demo di Elfsight slider comparativo e crea il tuo widget personalizzato in soli 2 minuti.\" \/>\n<meta property=\"og:url\" content=\"https:\/\/elfsight.com\/it\/before-and-after-slider-widget\/html\/\" \/>\n<meta property=\"og:site_name\" content=\"Elfsight IT\" \/>\n<meta property=\"article:modified_time\" content=\"2025-03-21T10:50:20+00:00\" \/>\n<meta name=\"twitter:card\" content=\"summary_large_image\" \/>\n<meta name=\"twitter:label1\" content=\"Tempo di lettura stimato\" \/>\n\t<meta name=\"twitter:data1\" content=\"3 minuti\" \/>\n<!-- \/ Yoast SEO plugin. -->","yoast_head_json":{"title":"Slider immagine reattivo prima e dopo per il sito Web HTML","description":"Inserisci il widget Prima e Dopo Slider sul tuo sito web HTML. Prova la demo di Elfsight slider comparativo e crea il tuo widget personalizzato in soli 2 minuti.","robots":{"index":"index","follow":"follow","max-snippet":"max-snippet:-1","max-image-preview":"max-image-preview:large","max-video-preview":"max-video-preview:-1"},"canonical":"https:\/\/elfsight.com\/it\/before-and-after-slider-widget\/html\/","og_locale":"it_IT","og_type":"article","og_title":"Slider immagine reattivo prima e dopo per il sito Web HTML","og_description":"Inserisci il widget Prima e Dopo Slider sul tuo sito web HTML. Prova la demo di Elfsight slider comparativo e crea il tuo widget personalizzato in soli 2 minuti.","og_url":"https:\/\/elfsight.com\/it\/before-and-after-slider-widget\/html\/","og_site_name":"Elfsight IT","article_modified_time":"2025-03-21T10:50:20+00:00","twitter_card":"summary_large_image","twitter_misc":{"Tempo di lettura stimato":"3 minuti"},"schema":{"@context":"https:\/\/schema.org","@graph":[{"@type":"WebPage","@id":"https:\/\/elfsight.com\/it\/before-and-after-slider-widget\/html\/","url":"https:\/\/elfsight.com\/it\/before-and-after-slider-widget\/html\/","name":"Slider immagine reattivo prima e dopo per il sito Web HTML","isPartOf":{"@id":"https:\/\/elfsight.com\/it\/#website"},"datePublished":"2024-05-03T06:30:20+00:00","dateModified":"2025-03-21T10:50:20+00:00","description":"Inserisci il widget Prima e Dopo Slider sul tuo sito web HTML. Prova la demo di Elfsight slider comparativo e crea il tuo widget personalizzato in soli 2 minuti.","breadcrumb":{"@id":"https:\/\/elfsight.com\/it\/before-and-after-slider-widget\/html\/#breadcrumb"},"inLanguage":"it-IT","potentialAction":[{"@type":"ReadAction","target":["https:\/\/elfsight.com\/it\/before-and-after-slider-widget\/html\/"]}]},{"@type":"BreadcrumbList","@id":"https:\/\/elfsight.com\/it\/before-and-after-slider-widget\/html\/#breadcrumb","itemListElement":[{"@type":"ListItem","position":1,"name":"Home","item":"https:\/\/elfsight.com\/it\/"},{"@type":"ListItem","position":2,"name":"Before and After Slider","item":"https:\/\/elfsight.com\/it\/before-and-after-slider-widget\/"},{"@type":"ListItem","position":3,"name":"Before and After Slider &#8211; HTML"}]},{"@type":"WebSite","@id":"https:\/\/elfsight.com\/it\/#website","url":"https:\/\/elfsight.com\/it\/","name":"Elfsight IT","description":"Just another Elfsight Sites site","potentialAction":[{"@type":"SearchAction","target":{"@type":"EntryPoint","urlTemplate":"https:\/\/elfsight.com\/it\/?s={search_term_string}"},"query-input":{"@type":"PropertyValueSpecification","valueRequired":true,"valueName":"search_term_string"}}],"inLanguage":"it-IT"}]}},"meta_box":{"industry":"","seo_heading":"","heading":"","description":"","cta_heading":"","cta_description":"","application":"1746","h1":"Slider prima e dopo per HTML","h1_caption":"Presenta confronti tra due immagini, ideali per evidenziare trasformazioni o mostrare facilmente i vantaggi del prodotto nel tuo sito Web HTML.","application_category":[],"applications_title":"","applications_request_title":"","applications_request_button_text":"","hero_text":"","hero_video":"","hero_video_schema_markup":"","selling_points_title":"","selling_points_caption":"","selling_points":[],"selling_points_cta_text":"","features_title":"","features":"","ed_cta_examples_text":"","ed_cta_examples_hidden":"","ed_cta_demo_text":"","ed_cta_demo_hidden":"","why_caption":"","why_editor_title":"","why_editor_text":"","why_team_title":"","why_team_text":"","why_service_title":"","why_service_text":"","template_catalog_visible":"0","template_catalog_title":"","template_catalog_text":"","template_catalog_categories_visible":"","demo_title":"Crea il tuo widget Prima e Dopo Slider","demo_caption":"Configura il tuo Slider Prima e Dopo e aggiungilo gratuitamente al tuo sito Web HTML!","default_faq_hidden":"","app_template_category":[],"platform":"35","template_public_id":"","codecanyon_url":"","codecanyon_item_id":"","codecanyon_price":"","pricing_caption":"","pricing_elfsight_apps_hide_column":"","pricing_elfsight_apps_url":"","pricing_codecanyon_price_caption":"","integration_category":[],"integration_request_title":"","integration_request_cta":"","integration_platform":"","integrations":[],"platform_category":[],"video_schema_markup":"","price":"da $ 0 al mese","trial":"","benefits":[{"text":"Servizio di installazione gratuito"},{"text":"Assistenza clienti con esperienza"},{"text":"Garanzia di rimborso di 14 giorni"},{"text":"Sviluppo continuo"}],"button_url":"#demo","button_target_blank":"0","button_nofollow":"0","attributes":[{"name":"Installazioni"},{"name":"Reattivo","content":"S\u00cc"},{"name":"Browser compatibili","content":"Firefox, Safari, Opera, Chrome, Edge"}],"tags":[],"tags_disable_links":"0","hide_more_platforms":"0","video_object":"","demo_hide_cta":"0","demo_hide_cloud_options":"0","pricing_title":"","pricing":[{"pricing_icon":"platform","pricing_title":"Elfsight Apps","pricing_title_caption":"Software multipiattaforma","pricing_price":"da $ 0 \/ mese","pricing_price_caption":"inizia con il piano gratuito","pricing_benefits":[{"text":"Domini illimitati"},{"text":"Assistenza gratuita e puntuale"},{"text":"Aiuto per l'installazione gratuito"},{"text":"Ottimo affare per pi\u00f9 app"}],"pricing_button_text":"Aggiungi al sito web","pricing_button_url":"#demo"}],"related_apps_title":"","related_apps_hidden":"0","author":"","image":[],"title":"","job":"","social_networks":[]},"_links":{"self":[{"href":"https:\/\/elfsight.com\/it\/wp-json\/wp\/v2\/pages\/3835","targetHints":{"allow":["GET"]}}],"collection":[{"href":"https:\/\/elfsight.com\/it\/wp-json\/wp\/v2\/pages"}],"about":[{"href":"https:\/\/elfsight.com\/it\/wp-json\/wp\/v2\/types\/page"}],"author":[{"embeddable":true,"href":"https:\/\/elfsight.com\/it\/wp-json\/wp\/v2\/users\/9"}],"replies":[{"embeddable":true,"href":"https:\/\/elfsight.com\/it\/wp-json\/wp\/v2\/comments?post=3835"}],"version-history":[{"count":3,"href":"https:\/\/elfsight.com\/it\/wp-json\/wp\/v2\/pages\/3835\/revisions"}],"predecessor-version":[{"id":9593,"href":"https:\/\/elfsight.com\/it\/wp-json\/wp\/v2\/pages\/3835\/revisions\/9593"}],"up":[{"embeddable":true,"href":"https:\/\/elfsight.com\/it\/wp-json\/wp\/v2\/pages\/1747"}],"wp:attachment":[{"href":"https:\/\/elfsight.com\/it\/wp-json\/wp\/v2\/media?parent=3835"}],"curies":[{"name":"wp","href":"https:\/\/api.w.org\/{rel}","templated":true}]}}