{"id":3826,"date":"2024-05-03T06:30:15","date_gmt":"2024-05-03T06:30:15","guid":{"rendered":"https:\/\/elfsight.com\/it\/?page_id=3826"},"modified":"2025-03-21T10:54:03","modified_gmt":"2025-03-21T10:54:03","slug":"webflow","status":"publish","type":"page","link":"https:\/\/elfsight.com\/it\/before-and-after-slider-widget\/webflow\/","title":{"rendered":"Before and After Slider &#8211; Webflow"},"content":{"rendered":"\n<div class=\"application-platform-content-item-description application-platform-content-item\" id=\"description\" data-nav-section=\"description\"> <h2>Incorpora Before and After Slider su Webflow con il widget Elfsight<\/h2> <p> Before and After Slider di Elfsight ti consente di pubblicare vendite sorprendenti immagini per il tuo sito. Gli utenti possono vedere in un colpo solo tutte le modifiche che i tuoi prodotti o servizi introducono. Basta caricare due immagini su Before e After Slider per Webflow e verranno mostrate con un divisore mobile per osservare la differenza. Puoi creare diapositive illimitate e aggiungere didascalie ed etichette. L&#8217;orientamento del divisore offre due opzioni: orizzontale o verticale e puoi scegliere il miglior rapporto immagine. I tuoi visitatori non sfuggiranno all&#8217;acquisto quando scopriranno il risultato effettivo| dei tuoi prodotti! <\/p> <p><b>Inserisci prima &amp; dopo il cursore per raggiungere i tuoi obiettivi di e-commerce pi\u00f9 velocemente! <\/b><\/p> <\/div> <div class=\"application-platform-content-item-features application-platform-content-item\" id=\"features\" data-nav-section=\"features\"> <h2>Di seguito sono riportate le funzionalit\u00e0 di base del widget: <\/h2> <ul><li>Forma illimitate coppie di immagini Prima e Dopo<\/li> <li>Aggiungi didascalie con opzioni di formattazione del testo a ciascuna diapositiva<\/li><li>Due layout: elenco e carosello<\/li><li>Orientamento orizzontale o verticale del divisore<\/li><li>Fai clic su e trascina o passa semplicemente il mouse per spostare il divisore<\/li><li>Scorri sui dispositivi touch screen<\/li><\/ul><p><a href=\"#demo\">Prova questa demo per comprenderne la funzionalit\u00e0 del widget<\/a><\/p> <\/div> <div class=\"application-platform-content-item-installation application-platform-content-item\" id=\"installation\" data-nav-section=\"installation\"> <h2>Come incorporare Before and After Slider nel mio sito web Webflow? <\/h2><div class=\"video-container\"><iframe width=\"560\" height=\"315\" src=\"https:\/\/www.youtube.com\/embed\/hEd6vYElvlc?si=NhBcJuE0OvBfo05R\" frameborder=\"0\" allow=\"accelerometer; autoplay; clipboard-write; encrypted-media; gyroscope; picture-in-picture; web-share\" allowfullscreen><\/iframe><\/div><p>\u00c8 sufficiente eseguire diversi passaggi presentati di seguito per integrare lo strumento. <\/p> <ol><li><b>Utilizza il nostro editor gratuito e inizia a creare il tuo plugin personalizzato. <\/b><br> Determina la forma e gli aspetti preferibili del widget e salva le modifiche. <\/li> <li><b>Ricevi il tuo codice univoco rivelato nel box su Elfsight Apps<\/b><br> Non appena terminata la generazione del tuo strumento personale, copia il codice esclusivo dal box emerso e conservalo per un utilizzo successivo. <\/li> <li><b>Avvia l&#8217;utilizzo del plugin sul sito Webflow<\/b><br> Aggiungi il codice salvato in precedenza nella tua home page e salva le correzioni. <\/li> <li><b>Il gioco \u00e8 fatto! La configurazione \u00e8 completata<\/b><br> Visita la tua pagina web per verificare le prestazioni dello strumento. <\/li><\/ol> <p>Se riscontri domande o incontri difficolt\u00e0, scrivi al nostro personale del servizio clienti. Il nostro personale \u00e8 desideroso di aiutarti con tutte le difficolt\u00e0 che potresti avere sul plugin. <\/p> <div class=\"faq\" data-component=\"FAQ\"><div class=\"faq-item\">\r\n\t\t\t\t\t<div class=\"faq-item-question\">\r\n\t\t\t\t\t\t<h3 class=\"faq-item-question-text\">Come aggiungere uno slider Prima e dopo al mio sito web Webflow senza competenze di codifica?<\/h3>\r\n\r\n\t\t\t\t\t\t<div class=\"faq-item-question-icon\"><\/div>\r\n\t\t\t\t\t<\/div>\r\n\r\n\t\t\t\t\t<div class=\"faq-item-answer\">\r\n\t\t\t\t\t\t<div class=\"faq-item-answer-text\"> <p>Elfsight fornisce una soluzione SaaS che ti consente di creare tu stesso un widget slider Prima e Dopo, scopri quanto \u00e8 semplice il processo: lavora direttamente nell&#8217;editor online per creare un widget slider Prima e Dopo che vorresti vedere sul tuo sito web Webflow. Scegli uno dei modelli predefiniti e regola le impostazioni del cursore Prima e dopo, aggiungi i tuoi contenuti, modifica il layout e i colori senza alcuna abilit\u00e0 di codifica. Salva lo slider Prima e dopo e copia il codice di installazione, che potrai incollare facilmente nel tuo sito Webflow senza acquistare un abbonamento a pagamento. Con il nostro editor intuitivo qualsiasi utente di Internet pu\u00f2 creare widget di scorrimento Prima e dopo online e incorporarlo facilmente nel proprio sito Web Flow. Non \u00e8 necessario pagare n\u00e9 inserire le credenziali della carta per accedere al servizio. In caso di problemi in qualsiasi momento, non esitare a contattare il nostro team di supporto tecnico.<\/p> <\/div>\r\n\t\t\t\t\t<\/div>\r\n\t\t\t\t<\/div> <\/div><\/div>\n","protected":false},"excerpt":{"rendered":"","protected":false},"author":9,"featured_media":0,"parent":1747,"menu_order":0,"comment_status":"closed","ping_status":"closed","template":"templates\/template-application-platform.php","meta":{"publish_to_discourse":"","publish_post_category":"","wpdc_auto_publish_overridden":"","wpdc_topic_tags":"","wpdc_pin_topic":"","wpdc_pin_until":"","discourse_post_id":"","discourse_permalink":"","wpdc_publishing_response":"","wpdc_publishing_error":"","footnotes":""},"class_list":["post-3826","page","type-page","status-publish","hentry"],"yoast_head":"<!-- This site is optimized with the Yoast SEO plugin v25.3.1 - https:\/\/yoast.com\/wordpress\/plugins\/seo\/ -->\n<title>Slider Prima e Dopo per il sito web Webflow (gratuito e veloce!)<\/title>\n<meta name=\"description\" content=\"Incorpora un widget flessibile Prima e Dopo Slider sul tuo sito web Webflow. Prova la demo Elfsight completamente funzionale e modella il tuo cursore di confronto personalizzato.\" \/>\n<meta name=\"robots\" content=\"index, follow, max-snippet:-1, max-image-preview:large, max-video-preview:-1\" \/>\n<link rel=\"canonical\" href=\"https:\/\/elfsight.com\/it\/before-and-after-slider-widget\/webflow\/\" \/>\n<meta property=\"og:locale\" content=\"it_IT\" \/>\n<meta property=\"og:type\" content=\"article\" \/>\n<meta property=\"og:title\" content=\"Slider Prima e Dopo per il sito web Webflow (gratuito e veloce!)\" \/>\n<meta property=\"og:description\" content=\"Incorpora un widget flessibile Prima e Dopo Slider sul tuo sito web Webflow. Prova la demo Elfsight completamente funzionale e modella il tuo cursore di confronto personalizzato.\" \/>\n<meta property=\"og:url\" content=\"https:\/\/elfsight.com\/it\/before-and-after-slider-widget\/webflow\/\" \/>\n<meta property=\"og:site_name\" content=\"Elfsight IT\" \/>\n<meta property=\"article:modified_time\" content=\"2025-03-21T10:54:03+00:00\" \/>\n<meta name=\"twitter:card\" content=\"summary_large_image\" \/>\n<meta name=\"twitter:label1\" content=\"Tempo di lettura stimato\" \/>\n\t<meta name=\"twitter:data1\" content=\"3 minuti\" \/>\n<!-- \/ Yoast SEO plugin. -->","yoast_head_json":{"title":"Slider Prima e Dopo per il sito web Webflow (gratuito e veloce!)","description":"Incorpora un widget flessibile Prima e Dopo Slider sul tuo sito web Webflow. Prova la demo Elfsight completamente funzionale e modella il tuo cursore di confronto personalizzato.","robots":{"index":"index","follow":"follow","max-snippet":"max-snippet:-1","max-image-preview":"max-image-preview:large","max-video-preview":"max-video-preview:-1"},"canonical":"https:\/\/elfsight.com\/it\/before-and-after-slider-widget\/webflow\/","og_locale":"it_IT","og_type":"article","og_title":"Slider Prima e Dopo per il sito web Webflow (gratuito e veloce!)","og_description":"Incorpora un widget flessibile Prima e Dopo Slider sul tuo sito web Webflow. Prova la demo Elfsight completamente funzionale e modella il tuo cursore di confronto personalizzato.","og_url":"https:\/\/elfsight.com\/it\/before-and-after-slider-widget\/webflow\/","og_site_name":"Elfsight IT","article_modified_time":"2025-03-21T10:54:03+00:00","twitter_card":"summary_large_image","twitter_misc":{"Tempo di lettura stimato":"3 minuti"},"schema":{"@context":"https:\/\/schema.org","@graph":[{"@type":"WebPage","@id":"https:\/\/elfsight.com\/it\/before-and-after-slider-widget\/webflow\/","url":"https:\/\/elfsight.com\/it\/before-and-after-slider-widget\/webflow\/","name":"Slider Prima e Dopo per il sito web Webflow (gratuito e veloce!)","isPartOf":{"@id":"https:\/\/elfsight.com\/it\/#website"},"datePublished":"2024-05-03T06:30:15+00:00","dateModified":"2025-03-21T10:54:03+00:00","description":"Incorpora un widget flessibile Prima e Dopo Slider sul tuo sito web Webflow. Prova la demo Elfsight completamente funzionale e modella il tuo cursore di confronto personalizzato.","breadcrumb":{"@id":"https:\/\/elfsight.com\/it\/before-and-after-slider-widget\/webflow\/#breadcrumb"},"inLanguage":"it-IT","potentialAction":[{"@type":"ReadAction","target":["https:\/\/elfsight.com\/it\/before-and-after-slider-widget\/webflow\/"]}]},{"@type":"BreadcrumbList","@id":"https:\/\/elfsight.com\/it\/before-and-after-slider-widget\/webflow\/#breadcrumb","itemListElement":[{"@type":"ListItem","position":1,"name":"Home","item":"https:\/\/elfsight.com\/it\/"},{"@type":"ListItem","position":2,"name":"Before and After Slider","item":"https:\/\/elfsight.com\/it\/before-and-after-slider-widget\/"},{"@type":"ListItem","position":3,"name":"Before and After Slider &#8211; Webflow"}]},{"@type":"WebSite","@id":"https:\/\/elfsight.com\/it\/#website","url":"https:\/\/elfsight.com\/it\/","name":"Elfsight IT","description":"Just another Elfsight Sites site","potentialAction":[{"@type":"SearchAction","target":{"@type":"EntryPoint","urlTemplate":"https:\/\/elfsight.com\/it\/?s={search_term_string}"},"query-input":{"@type":"PropertyValueSpecification","valueRequired":true,"valueName":"search_term_string"}}],"inLanguage":"it-IT"}]}},"meta_box":{"industry":"","seo_heading":"","heading":"","description":"","cta_heading":"","cta_description":"","application":"1746","h1":"Dispositivo di scorrimento prima e dopo per Webflow","h1_caption":"Presenta confronti tra due immagini, ideali per evidenziare trasformazioni o mostrare facilmente i vantaggi del prodotto nel tuo sito Web Webflow.","application_category":[],"applications_title":"","applications_request_title":"","applications_request_button_text":"","hero_text":"","hero_video":"","hero_video_schema_markup":"","selling_points_title":"","selling_points_caption":"","selling_points":[],"selling_points_cta_text":"","features_title":"","features":"","ed_cta_examples_text":"","ed_cta_examples_hidden":"","ed_cta_demo_text":"","ed_cta_demo_hidden":"","why_caption":"","why_editor_title":"","why_editor_text":"","why_team_title":"","why_team_text":"","why_service_title":"","why_service_text":"","template_catalog_visible":"0","template_catalog_title":"","template_catalog_text":"","template_catalog_categories_visible":"","demo_title":"Crea il tuo widget Prima e Dopo Slider","demo_caption":"Configura il tuo dispositivo di scorrimento Prima e Dopo e aggiungilo gratuitamente al tuo sito Webflow!","default_faq_hidden":"","app_template_category":[],"platform":"44","template_public_id":"","codecanyon_url":"","codecanyon_item_id":"","codecanyon_price":"","pricing_caption":"","pricing_elfsight_apps_hide_column":"","pricing_elfsight_apps_url":"","pricing_codecanyon_price_caption":"","integration_category":[],"integration_request_title":"","integration_request_cta":"","integration_platform":"","integrations":[],"platform_category":[],"video_schema_markup":"","price":"da $ 0 al mese","trial":"","benefits":[{"text":"Aiuto per l'installazione gratuito"},{"text":"Supporto eccezionale"},{"text":"Garanzia di rimborso di 14 giorni"},{"text":"Miglioramenti continui"}],"button_url":"#demo","button_target_blank":"0","button_nofollow":"0","attributes":[{"name":"Installazioni"},{"name":"Reattivo","content":"Completamente adattivo"},{"name":"Browser compatibili","content":"Safari, Firefox, Edge, Opera, Chrome"}],"tags":[],"tags_disable_links":"0","hide_more_platforms":"0","video_object":"","demo_hide_cta":"0","demo_hide_cloud_options":"0","pricing_title":"","pricing":[{"pricing_icon":"platform","pricing_title":"Elfsight Apps","pricing_title_caption":"Software multipiattaforma adatto a qualsiasi sito web","pricing_price":"da $ 0 \/ mese","pricing_price_caption":"inizia con il piano gratuito","pricing_benefits":[{"text":"Numero illimitato di siti web"},{"text":"Supporto professionale"},{"text":"Servizio di installazione gratuito"},{"text":"Offerta speciale per pi\u00f9 app"}],"pricing_button_text":"Aggiungi al sito web","pricing_button_url":"#demo"}],"related_apps_title":"","related_apps_hidden":"0","author":"","image":[],"title":"","job":"","social_networks":[]},"_links":{"self":[{"href":"https:\/\/elfsight.com\/it\/wp-json\/wp\/v2\/pages\/3826","targetHints":{"allow":["GET"]}}],"collection":[{"href":"https:\/\/elfsight.com\/it\/wp-json\/wp\/v2\/pages"}],"about":[{"href":"https:\/\/elfsight.com\/it\/wp-json\/wp\/v2\/types\/page"}],"author":[{"embeddable":true,"href":"https:\/\/elfsight.com\/it\/wp-json\/wp\/v2\/users\/9"}],"replies":[{"embeddable":true,"href":"https:\/\/elfsight.com\/it\/wp-json\/wp\/v2\/comments?post=3826"}],"version-history":[{"count":3,"href":"https:\/\/elfsight.com\/it\/wp-json\/wp\/v2\/pages\/3826\/revisions"}],"predecessor-version":[{"id":9596,"href":"https:\/\/elfsight.com\/it\/wp-json\/wp\/v2\/pages\/3826\/revisions\/9596"}],"up":[{"embeddable":true,"href":"https:\/\/elfsight.com\/it\/wp-json\/wp\/v2\/pages\/1747"}],"wp:attachment":[{"href":"https:\/\/elfsight.com\/it\/wp-json\/wp\/v2\/media?parent=3826"}],"curies":[{"name":"wp","href":"https:\/\/api.w.org\/{rel}","templated":true}]}}