{"id":3821,"date":"2024-05-03T06:30:14","date_gmt":"2024-05-03T06:30:14","guid":{"rendered":"https:\/\/elfsight.com\/it\/?page_id=3821"},"modified":"2025-03-21T10:55:46","modified_gmt":"2025-03-21T10:55:46","slug":"webnode","status":"publish","type":"page","link":"https:\/\/elfsight.com\/it\/before-and-after-slider-widget\/webnode\/","title":{"rendered":"Before and After Slider &#8211; Webnode"},"content":{"rendered":"\n<div class=\"application-platform-content-item-description application-platform-content-item\" id=\"description\" data-nav-section=\"description\"> <h2>Descrizione<\/h2> <p> Lo Slider Prima e Dopo di Elfsight ti consente di mostrare immagini impressionanti ed efficienti in termini di vendite per il tuo sito web. I clienti possono esplorare tutte le alterazioni introdotte dai tuoi beni o servizi. Basta caricare due foto su Before e After Slider per Webnode e saranno dotate di un divisore che pu\u00f2 essere spostato per osservare la differenza. Puoi pubblicare diapositive illimitate e scrivere didascalie ed etichette. L&#8217;orientamento dello scorrimento pu\u00f2 essere orizzontale o verticale ed \u00e8 possibile scegliere il rapporto dell&#8217;immagine pi\u00f9 adatto. I tuoi clienti effettueranno sicuramente un acquisto quando cattureranno il risultato reale delle tue offerte! <\/p> <p><b>Inserisci prima &amp; after slider per raggiungere i tuoi obiettivi di e-commerce con meno sforzo! <\/b><\/p> <\/div> <div class=\"application-platform-content-item-features application-platform-content-item\" id=\"features\" data-nav-section=\"features\"> <h2>Le funzionalit\u00e0 del widget pi\u00f9 popolari contengono<\/h2> <ul><li>Mostra un numero illimitato di coppie di foto Prima e Dopo<\/li> <li>Inserisci didascalie con opzioni di formattazione del testo in ciascun set<\/li><li>Due layout integrati: elenco e carosello<\/li><li>Spostamento orizzontale o verticale del divisore<\/li><li>Fai clic e trascina o passa semplicemente il mouse per spostare il divisore<\/li><li>Scorri sui touch screen<\/li><\/ul><p><a href=\"#demo\">Puoi verificare tutte le funzionalit\u00e0 del widget in la demo in questa pagina<\/a><\/p> <\/div> <div class=\"application-platform-content-item-installation application-platform-content-item\" id=\"installation\" data-nav-section=\"installation\"> <h2>Come posso aggiungere Before e After Slider sul mio sito Webnode? <\/h2> <p>Segui semplicemente le linee guida seguenti per inserire il plugin. <\/p> <ol><li><b>Gestisci il nostro configuratore gratuito e inizia a creare il tuo strumento personalizzato. <\/b><br> Specifica l&#8217;aspetto e le opzioni preferibili del widget e salva le modifiche. <\/li> <li><b>Ottieni il tuo codice univoco mostrato nell&#8217;apposito modulo su Elfsight Apps<\/b><br> Una volta terminata la personalizzazione del tuo plugin personale, copia il codice esclusivo nella finestra apparsa e salvalo per ulteriore necessit\u00e0. <\/li> <li><b>Accedi utilizzando lo strumento sul tuo sito Webnode<\/b><br> Incorpora il codice salvato di recente nella tua pagina e applica le correzioni. <\/li> <li><b>L&#8217;installazione \u00e8 completamente terminata<\/b><br> Vai alla tua pagina web per esaminare come funziona il plugin. <\/li><\/ol> <p>Se affronti richieste o incontri qualche problema, non esitare a contattare il nostro personale di supporto. Il nostro personale non vede l&#8217;ora di risolvere tutte le domande che potresti avere sul widget. <\/p> <div class=\"faq\" data-component=\"FAQ\"><div class=\"faq-item\">\r\n\t\t\t\t\t<div class=\"faq-item-question\">\r\n\t\t\t\t\t\t<h3 class=\"faq-item-question-text\">Come aggiungere uno slider Prima e Dopo al mio sito web Webnode senza competenze di programmazione?<\/h3>\r\n\r\n\t\t\t\t\t\t<div class=\"faq-item-question-icon\"><\/div>\r\n\t\t\t\t\t<\/div>\r\n\r\n\t\t\t\t\t<div class=\"faq-item-answer\">\r\n\t\t\t\t\t\t<div class=\"faq-item-answer-text\"> <p>Elfsight fornisce una soluzione SaaS che ti consente di creare tu stesso un widget slider Prima e Dopo, scopri quanto \u00e8 semplice il processo: lavora direttamente nell&#8217;editor online per creare un widget slider Prima e Dopo che vorresti vedere sul tuo sito Webnode. Scegli uno dei modelli predefiniti e regola le impostazioni del cursore Prima e dopo, aggiungi i tuoi contenuti, modifica il layout e i colori senza alcuna abilit\u00e0 di codifica. Salva lo slider Prima e dopo e copia il codice di installazione, che potrai aggiungere nel tuo sito Webnode senza dover acquistare un abbonamento a pagamento. Con il nostro editor intuitivo qualsiasi utente di Internet pu\u00f2 creare widget slider Prima e dopo online e incorporarlo facilmente nel proprio sito Webnode. Non \u00e8 necessario pagare o inserire le credenziali della carta per accedere al servizio. In caso di problemi in qualsiasi momento, non esitare a contattare il nostro team di supporto tecnico.<\/p> <\/div>\r\n\t\t\t\t\t<\/div>\r\n\t\t\t\t<\/div> <\/div><\/div>\n","protected":false},"excerpt":{"rendered":"","protected":false},"author":9,"featured_media":0,"parent":1747,"menu_order":0,"comment_status":"closed","ping_status":"closed","template":"templates\/template-application-platform.php","meta":{"publish_to_discourse":"","publish_post_category":"","wpdc_auto_publish_overridden":"","wpdc_topic_tags":"","wpdc_pin_topic":"","wpdc_pin_until":"","discourse_post_id":"","discourse_permalink":"","wpdc_publishing_response":"","wpdc_publishing_error":"","footnotes":""},"class_list":["post-3821","page","type-page","status-publish","hentry"],"yoast_head":"<!-- This site is optimized with the Yoast SEO plugin v25.3.1 - https:\/\/yoast.com\/wordpress\/plugins\/seo\/ -->\n<title>Dispositivo di scorrimento immagini prima e dopo reattivo per il sito Web Muse<\/title>\n<meta name=\"description\" content=\"Crea il widget Slider Prima e Dopo sul tuo sito Webnode. Prova la demo gratuita di Elfsight e progetta il tuo widget personalizzato in appena un paio di secondi\" \/>\n<meta name=\"robots\" content=\"index, follow, max-snippet:-1, max-image-preview:large, max-video-preview:-1\" \/>\n<link rel=\"canonical\" href=\"https:\/\/elfsight.com\/it\/before-and-after-slider-widget\/webnode\/\" \/>\n<meta property=\"og:locale\" content=\"it_IT\" \/>\n<meta property=\"og:type\" content=\"article\" \/>\n<meta property=\"og:title\" content=\"Dispositivo di scorrimento immagini prima e dopo reattivo per il sito Web Muse\" \/>\n<meta property=\"og:description\" content=\"Crea il widget Slider Prima e Dopo sul tuo sito Webnode. Prova la demo gratuita di Elfsight e progetta il tuo widget personalizzato in appena un paio di secondi\" \/>\n<meta property=\"og:url\" content=\"https:\/\/elfsight.com\/it\/before-and-after-slider-widget\/webnode\/\" \/>\n<meta property=\"og:site_name\" content=\"Elfsight IT\" \/>\n<meta property=\"article:modified_time\" content=\"2025-03-21T10:55:46+00:00\" \/>\n<meta name=\"twitter:card\" content=\"summary_large_image\" \/>\n<meta name=\"twitter:label1\" content=\"Tempo di lettura stimato\" \/>\n\t<meta name=\"twitter:data1\" content=\"3 minuti\" \/>\n<!-- \/ Yoast SEO plugin. -->","yoast_head_json":{"title":"Dispositivo di scorrimento immagini prima e dopo reattivo per il sito Web Muse","description":"Crea il widget Slider Prima e Dopo sul tuo sito Webnode. Prova la demo gratuita di Elfsight e progetta il tuo widget personalizzato in appena un paio di secondi","robots":{"index":"index","follow":"follow","max-snippet":"max-snippet:-1","max-image-preview":"max-image-preview:large","max-video-preview":"max-video-preview:-1"},"canonical":"https:\/\/elfsight.com\/it\/before-and-after-slider-widget\/webnode\/","og_locale":"it_IT","og_type":"article","og_title":"Dispositivo di scorrimento immagini prima e dopo reattivo per il sito Web Muse","og_description":"Crea il widget Slider Prima e Dopo sul tuo sito Webnode. Prova la demo gratuita di Elfsight e progetta il tuo widget personalizzato in appena un paio di secondi","og_url":"https:\/\/elfsight.com\/it\/before-and-after-slider-widget\/webnode\/","og_site_name":"Elfsight IT","article_modified_time":"2025-03-21T10:55:46+00:00","twitter_card":"summary_large_image","twitter_misc":{"Tempo di lettura stimato":"3 minuti"},"schema":{"@context":"https:\/\/schema.org","@graph":[{"@type":"WebPage","@id":"https:\/\/elfsight.com\/it\/before-and-after-slider-widget\/webnode\/","url":"https:\/\/elfsight.com\/it\/before-and-after-slider-widget\/webnode\/","name":"Dispositivo di scorrimento immagini prima e dopo reattivo per il sito Web Muse","isPartOf":{"@id":"https:\/\/elfsight.com\/it\/#website"},"datePublished":"2024-05-03T06:30:14+00:00","dateModified":"2025-03-21T10:55:46+00:00","description":"Crea il widget Slider Prima e Dopo sul tuo sito Webnode. Prova la demo gratuita di Elfsight e progetta il tuo widget personalizzato in appena un paio di secondi","breadcrumb":{"@id":"https:\/\/elfsight.com\/it\/before-and-after-slider-widget\/webnode\/#breadcrumb"},"inLanguage":"it-IT","potentialAction":[{"@type":"ReadAction","target":["https:\/\/elfsight.com\/it\/before-and-after-slider-widget\/webnode\/"]}]},{"@type":"BreadcrumbList","@id":"https:\/\/elfsight.com\/it\/before-and-after-slider-widget\/webnode\/#breadcrumb","itemListElement":[{"@type":"ListItem","position":1,"name":"Home","item":"https:\/\/elfsight.com\/it\/"},{"@type":"ListItem","position":2,"name":"Before and After Slider","item":"https:\/\/elfsight.com\/it\/before-and-after-slider-widget\/"},{"@type":"ListItem","position":3,"name":"Before and After Slider &#8211; Webnode"}]},{"@type":"WebSite","@id":"https:\/\/elfsight.com\/it\/#website","url":"https:\/\/elfsight.com\/it\/","name":"Elfsight IT","description":"Just another Elfsight Sites site","potentialAction":[{"@type":"SearchAction","target":{"@type":"EntryPoint","urlTemplate":"https:\/\/elfsight.com\/it\/?s={search_term_string}"},"query-input":{"@type":"PropertyValueSpecification","valueRequired":true,"valueName":"search_term_string"}}],"inLanguage":"it-IT"}]}},"meta_box":{"industry":"","seo_heading":"","heading":"","description":"","cta_heading":"","cta_description":"","application":"1746","h1":"Slider Prima e Dopo per Webnode","h1_caption":"Presenta confronti tra due immagini, ideali per evidenziare trasformazioni o mostrare i vantaggi del prodotto nel tuo sito Webnode senza sforzo.","application_category":[],"applications_title":"","applications_request_title":"","applications_request_button_text":"","hero_text":"","hero_video":"","hero_video_schema_markup":"","selling_points_title":"","selling_points_caption":"","selling_points":[],"selling_points_cta_text":"","features_title":"","features":"","ed_cta_examples_text":"","ed_cta_examples_hidden":"","ed_cta_demo_text":"","ed_cta_demo_hidden":"","why_caption":"","why_editor_title":"","why_editor_text":"","why_team_title":"","why_team_text":"","why_service_title":"","why_service_text":"","template_catalog_visible":"0","template_catalog_title":"","template_catalog_text":"","template_catalog_categories_visible":"","demo_title":"Crea il tuo widget Prima e Dopo Slider","demo_caption":"Configura il tuo Slider Prima e Dopo e aggiungilo gratuitamente al tuo sito Webnode!","default_faq_hidden":"","app_template_category":[],"platform":"47","template_public_id":"","codecanyon_url":"","codecanyon_item_id":"","codecanyon_price":"","pricing_caption":"","pricing_elfsight_apps_hide_column":"","pricing_elfsight_apps_url":"","pricing_codecanyon_price_caption":"","integration_category":[],"integration_request_title":"","integration_request_cta":"","integration_platform":"","integrations":[],"platform_category":[],"video_schema_markup":"","price":"da $ 0 al mese","trial":"","benefits":[{"text":"Assistenza per l'installazione gratuita"},{"text":"Servizio clienti competente"},{"text":"Garanzia di rimborso di 14 giorni"},{"text":"Miglioramenti futuri"}],"button_url":"#demo","button_target_blank":"0","button_nofollow":"0","attributes":[{"name":"Installazioni"},{"name":"Reattivo","content":"S\u00cc"},{"name":"Browser compatibili","content":"Firefox, Safari, Opera, Chrome, Edge"}],"tags":[],"tags_disable_links":"0","hide_more_platforms":"0","video_object":"","demo_hide_cta":"0","demo_hide_cloud_options":"0","pricing_title":"","pricing":[{"pricing_icon":"platform","pricing_title":"Elfsight Apps","pricing_title_caption":"Soluzione indipendente dalla piattaforma che funziona su qualsiasi sito","pricing_price":"da $ 0 \/ mese","pricing_price_caption":"inizia con il piano gratuito","pricing_benefits":[{"text":"Siti web illimitati"},{"text":"Supporto rapido e puntuale"},{"text":"Supporto gratuito per l'installazione"},{"text":"Offerta speciale per pi\u00f9 app"}],"pricing_button_text":"Aggiungi al sito web","pricing_button_url":"#demo"}],"related_apps_title":"","related_apps_hidden":"0","author":"","image":[],"title":"","job":"","social_networks":[]},"_links":{"self":[{"href":"https:\/\/elfsight.com\/it\/wp-json\/wp\/v2\/pages\/3821","targetHints":{"allow":["GET"]}}],"collection":[{"href":"https:\/\/elfsight.com\/it\/wp-json\/wp\/v2\/pages"}],"about":[{"href":"https:\/\/elfsight.com\/it\/wp-json\/wp\/v2\/types\/page"}],"author":[{"embeddable":true,"href":"https:\/\/elfsight.com\/it\/wp-json\/wp\/v2\/users\/9"}],"replies":[{"embeddable":true,"href":"https:\/\/elfsight.com\/it\/wp-json\/wp\/v2\/comments?post=3821"}],"version-history":[{"count":2,"href":"https:\/\/elfsight.com\/it\/wp-json\/wp\/v2\/pages\/3821\/revisions"}],"predecessor-version":[{"id":9597,"href":"https:\/\/elfsight.com\/it\/wp-json\/wp\/v2\/pages\/3821\/revisions\/9597"}],"up":[{"embeddable":true,"href":"https:\/\/elfsight.com\/it\/wp-json\/wp\/v2\/pages\/1747"}],"wp:attachment":[{"href":"https:\/\/elfsight.com\/it\/wp-json\/wp\/v2\/media?parent=3821"}],"curies":[{"name":"wp","href":"https:\/\/api.w.org\/{rel}","templated":true}]}}