{"id":3803,"date":"2024-05-03T06:30:04","date_gmt":"2024-05-03T06:30:04","guid":{"rendered":"https:\/\/elfsight.com\/it\/?page_id=3803"},"modified":"2024-11-12T07:56:46","modified_gmt":"2024-11-12T07:56:46","slug":"blogger","status":"publish","type":"page","link":"https:\/\/elfsight.com\/it\/banner-widget\/blogger\/","title":{"rendered":"Banner &#8211; Blogger"},"content":{"rendered":"<div class=\"application-platform-content-item-description application-platform-content-item\" id=\"description\" data-nav-section=\"description\"> <h2>Descrizione<\/h2> <p>Il widget Elfsight Banner per Blogger \u00e8 una funzionalit\u00e0 altamente regolabile. Attualmente hai la possibilit\u00e0 di creare un banner promozionale per qualsiasi obiettivo. Tutto quello che devi fare \u00e8 scegliere un&#8217;immagine di sfondo, il tipo di sfondo, decidere la sua posizione, allegare il titolo e il testo. Non dimenticare di allegare un pulsante CTA, un elemento essenziale di qualsiasi banner promozionale. E ovviamente sei libero di adattare il design generale del widget nel modo che preferisci. <\/p> <p><b>Applicando il nostro banner accattivante sul tuo sito web, rafforza le tue offerte e i tuoi servizi, motivando pi\u00f9 utenti a effettuare un acquisto<\/b><\/p> <\/div> <div class=\"application-platform-content-item-features application-platform-content-item\" id=\"features\" data-nav-section=\"features\"> <h2>Consulta l&#8217;elenco delle funzionalit\u00e0 pi\u00f9 potenti: <\/h2> <ul><li>Carica immagini e video. <\/li><li>Aggiungi link, la tua email o il tuo telefono <\/li><li>Allega titolo e testo. <\/li><li>Costruisci il tuo pulsante CTA. <\/li><li>Lascia che il pulsante venga riempito o delineato. <\/li><\/ul><p><a href=\"#demo\">Prova semplicemente questa demo per avere un&#8217;idea completa<\/a><\/p> <\/div> <div class=\"application-platform-content-item-installation application-platform-content-item\" id=\"installation\" data-nav-section=\"installation\"> <h2>Come posso aggiungere banner al mio sito Blogger? <\/h2> <p>Segui semplicemente le linee guida seguenti per incorporare il widget. <\/p> <ol><li><b>Utilizza il nostro configuratore gratuito e inizia a creare il tuo widget personalizzato. <\/b><br> Determina il design selezionato e le specifiche del plugin e applica le modifiche. <\/li> <li><b>Acquisisci il codice univoco rivelato nell&#8217;apposito modulo su Elfsight Apps. <\/b><br> Subito dopo aver terminato la configurazione del tuo plugin, copia il codice personale nella finestra visualizzata e salvalo per necessit\u00e0 future. <\/li> <li><b>Inizia a utilizzare il widget sul sito web di \u043f\u043b\u0430\u0442\u0444\u043e\u0440\u043c\u0430. <\/b><br> Implementa il codice che hai copiato di recente nella tua home page e applica le modifiche. <\/li> <li><b>L&#8217;installazione \u00e8 terminata con successo. <\/b><br> Vai al tuo sito web per visualizzare il funzionamento del plugin. <\/li><\/ol> <p>A condizione di affrontare domande o affrontare eventuali ostacoli, non esitare a metterti in contatto con il nostro personale di supporto. Il nostro personale \u00e8 ansioso di risolvere tutti i problemi che potresti avere con il prodotto. <\/p> <div class=\"faq\" data-component=\"FAQ\"> <div class=\"faq-item\">\r\n\t\t\t\t\t<div class=\"faq-item-question\">\r\n\t\t\t\t\t\t<h3 class=\"faq-item-question-text\">Come posso aggiungere Banner al mio sito Blogger senza competenze di programmazione?<\/h3>\r\n\r\n\t\t\t\t\t\t<div class=\"faq-item-question-icon\"><\/div>\r\n\t\t\t\t\t<\/div>\r\n\r\n\t\t\t\t\t<div class=\"faq-item-answer\">\r\n\t\t\t\t\t\t<div class=\"faq-item-answer-text\"> <p>Elfsight fornisce una soluzione SaaS che ti consente di creare tu stesso un widget Banner, scopri quanto \u00e8 semplice il processo : lavora direttamente nell&#8217;editor online per creare un widget banner che vorresti vedere sul tuo sito Blogger. Scegli uno dei modelli predefiniti e regola le impostazioni del banner, aggiungi i tuoi contenuti, modifica il layout e la combinazione di colori senza alcuna competenza di codifica. Salva il Banner e copia il suo codice di installazione, che potrai includere facilmente nel tuo sito Blogger senza acquistare un piano a pagamento. Con il nostro editor intuitivo qualsiasi utente di Internet pu\u00f2 creare widget banner online e incorporarlo facilmente nel proprio sito Web Blogger. Non \u00e8 necessario pagare o inserire le credenziali della carta per accedere al servizio. In caso di problemi in qualsiasi momento, non esitate a contattare il nostro team di supporto tecnico.<\/p> <\/div>\r\n\t\t\t\t\t<\/div>\r\n\t\t\t\t<\/div> <\/div> <\/div>","protected":false},"excerpt":{"rendered":"","protected":false},"author":9,"featured_media":0,"parent":2468,"menu_order":0,"comment_status":"closed","ping_status":"closed","template":"templates\/template-application-platform.php","meta":{"publish_to_discourse":"","publish_post_category":"","wpdc_auto_publish_overridden":"","wpdc_topic_tags":"","wpdc_pin_topic":"","wpdc_pin_until":"","discourse_post_id":"","discourse_permalink":"","wpdc_publishing_response":"","wpdc_publishing_error":"","footnotes":""},"class_list":["post-3803","page","type-page","status-publish","hentry"],"yoast_head":"<!-- This site is optimized with the Yoast SEO plugin v25.3.1 - https:\/\/yoast.com\/wordpress\/plugins\/seo\/ -->\n<title>Aggiungi il widget Banner al sito web di Blogger. Veloce e gratuito (2025)<\/title>\n<meta name=\"description\" content=\"Integra un plug-in Blogger Banner di facile utilizzo sul sito web. Utilizza la demo di Elfsight e modifica il tuo splendido banner in pochi minuti\" \/>\n<meta name=\"robots\" content=\"index, follow, max-snippet:-1, max-image-preview:large, max-video-preview:-1\" \/>\n<link rel=\"canonical\" href=\"https:\/\/elfsight.com\/it\/banner-widget\/blogger\/\" \/>\n<meta property=\"og:locale\" content=\"it_IT\" \/>\n<meta property=\"og:type\" content=\"article\" \/>\n<meta property=\"og:title\" content=\"Aggiungi il widget Banner al sito web di Blogger. Veloce e gratuito (2025)\" \/>\n<meta property=\"og:description\" content=\"Integra un plug-in Blogger Banner di facile utilizzo sul sito web. Utilizza la demo di Elfsight e modifica il tuo splendido banner in pochi minuti\" \/>\n<meta property=\"og:url\" content=\"https:\/\/elfsight.com\/it\/banner-widget\/blogger\/\" \/>\n<meta property=\"og:site_name\" content=\"Elfsight IT\" \/>\n<meta property=\"article:modified_time\" content=\"2024-11-12T07:56:46+00:00\" \/>\n<meta name=\"twitter:card\" content=\"summary_large_image\" \/>\n<meta name=\"twitter:label1\" content=\"Tempo di lettura stimato\" \/>\n\t<meta name=\"twitter:data1\" content=\"2 minuti\" \/>\n<!-- \/ Yoast SEO plugin. -->","yoast_head_json":{"title":"Aggiungi il widget Banner al sito web di Blogger. Veloce e gratuito (2025)","description":"Integra un plug-in Blogger Banner di facile utilizzo sul sito web. Utilizza la demo di Elfsight e modifica il tuo splendido banner in pochi minuti","robots":{"index":"index","follow":"follow","max-snippet":"max-snippet:-1","max-image-preview":"max-image-preview:large","max-video-preview":"max-video-preview:-1"},"canonical":"https:\/\/elfsight.com\/it\/banner-widget\/blogger\/","og_locale":"it_IT","og_type":"article","og_title":"Aggiungi il widget Banner al sito web di Blogger. Veloce e gratuito (2025)","og_description":"Integra un plug-in Blogger Banner di facile utilizzo sul sito web. Utilizza la demo di Elfsight e modifica il tuo splendido banner in pochi minuti","og_url":"https:\/\/elfsight.com\/it\/banner-widget\/blogger\/","og_site_name":"Elfsight IT","article_modified_time":"2024-11-12T07:56:46+00:00","twitter_card":"summary_large_image","twitter_misc":{"Tempo di lettura stimato":"2 minuti"},"schema":{"@context":"https:\/\/schema.org","@graph":[{"@type":"WebPage","@id":"https:\/\/elfsight.com\/it\/banner-widget\/blogger\/","url":"https:\/\/elfsight.com\/it\/banner-widget\/blogger\/","name":"Aggiungi il widget Banner al sito web di Blogger. Veloce e gratuito (2025)","isPartOf":{"@id":"https:\/\/elfsight.com\/it\/#website"},"datePublished":"2024-05-03T06:30:04+00:00","dateModified":"2024-11-12T07:56:46+00:00","description":"Integra un plug-in Blogger Banner di facile utilizzo sul sito web. Utilizza la demo di Elfsight e modifica il tuo splendido banner in pochi minuti","breadcrumb":{"@id":"https:\/\/elfsight.com\/it\/banner-widget\/blogger\/#breadcrumb"},"inLanguage":"it-IT","potentialAction":[{"@type":"ReadAction","target":["https:\/\/elfsight.com\/it\/banner-widget\/blogger\/"]}]},{"@type":"BreadcrumbList","@id":"https:\/\/elfsight.com\/it\/banner-widget\/blogger\/#breadcrumb","itemListElement":[{"@type":"ListItem","position":1,"name":"Home","item":"https:\/\/elfsight.com\/it\/"},{"@type":"ListItem","position":2,"name":"Banner","item":"https:\/\/elfsight.com\/it\/banner-widget\/"},{"@type":"ListItem","position":3,"name":"Banner &#8211; Blogger"}]},{"@type":"WebSite","@id":"https:\/\/elfsight.com\/it\/#website","url":"https:\/\/elfsight.com\/it\/","name":"Elfsight IT","description":"Just another Elfsight Sites site","potentialAction":[{"@type":"SearchAction","target":{"@type":"EntryPoint","urlTemplate":"https:\/\/elfsight.com\/it\/?s={search_term_string}"},"query-input":{"@type":"PropertyValueSpecification","valueRequired":true,"valueName":"search_term_string"}}],"inLanguage":"it-IT"}]}},"meta_box":{"industry":"","seo_heading":"","heading":"","description":"","cta_heading":"","cta_description":"","application":"2467","h1":"Widget banner del blogger","h1_caption":"Visualizza banner personalizzabili sul tuo sito web per promuovere offerte, annunciare eventi o attirare facilmente l'attenzione su contenuti chiave nel tuo sito web Blogger.","application_category":[],"applications_title":"","applications_request_title":"","applications_request_button_text":"","hero_text":"","hero_video":"","hero_video_schema_markup":"","selling_points_title":"","selling_points_caption":"","selling_points":[],"selling_points_cta_text":"","features_title":"","features":"","ed_cta_examples_text":"","ed_cta_examples_hidden":"","ed_cta_demo_text":"","ed_cta_demo_hidden":"","why_caption":"","why_editor_title":"","why_editor_text":"","why_team_title":"","why_team_text":"","why_service_title":"","why_service_text":"","template_catalog_visible":"","template_catalog_title":"","template_catalog_text":"","template_catalog_categories_visible":"","demo_title":"Crea il tuo widget Banner","demo_caption":"Configura il tuo banner e aggiungilo gratuitamente al tuo sito Blogger!","default_faq_hidden":"","app_template_category":[],"platform":"33","template_public_id":"","codecanyon_url":"","codecanyon_item_id":"","codecanyon_price":"","pricing_caption":"","pricing_elfsight_apps_hide_column":"","pricing_elfsight_apps_url":"","pricing_codecanyon_price_caption":"","integration_category":[],"integration_request_title":"","integration_request_cta":"","integration_platform":"","integrations":[],"platform_category":[],"video_schema_markup":"","price":"da $ 0 al mese","trial":"","benefits":[{"text":"Aiuto gratuito per l'installazione"},{"text":"Servizio clienti professionale"},{"text":"Garanzia di rimborso di 14 giorni"},{"text":"Sviluppo continuo"}],"button_url":"#demo","button_target_blank":"","button_nofollow":"","attributes":[{"name":"Installazioni"},{"name":"Reattivo","content":"S\u00cc"},{"name":"Browser compatibili","content":"Firefox, Safari, Opera, Chrome, Edge"}],"tags":[],"tags_disable_links":"","hide_more_platforms":"","video_object":"","demo_hide_cta":"","demo_hide_cloud_options":"","pricing_title":"","pricing":[{"pricing_icon":"platform","pricing_title":"Elfsight Apps","pricing_title_caption":"Soluzione digitale indipendente dalla piattaforma","pricing_price":"da $ 0 \/ mese","pricing_price_caption":"inizia con un piano gratuito","pricing_benefits":[{"text":"Siti web illimitati"},{"text":"Assistenza clienti professionale e ben documentata"},{"text":"Assistenza gratuita per l'installazione"},{"text":"Progettazione flessibile"}],"pricing_button_text":"Aggiungi al sito web","pricing_button_url":"#demo"}],"related_apps_title":"","related_apps_hidden":"","author":"","image":[],"title":"","job":"","social_networks":[]},"_links":{"self":[{"href":"https:\/\/elfsight.com\/it\/wp-json\/wp\/v2\/pages\/3803","targetHints":{"allow":["GET"]}}],"collection":[{"href":"https:\/\/elfsight.com\/it\/wp-json\/wp\/v2\/pages"}],"about":[{"href":"https:\/\/elfsight.com\/it\/wp-json\/wp\/v2\/types\/page"}],"author":[{"embeddable":true,"href":"https:\/\/elfsight.com\/it\/wp-json\/wp\/v2\/users\/9"}],"replies":[{"embeddable":true,"href":"https:\/\/elfsight.com\/it\/wp-json\/wp\/v2\/comments?post=3803"}],"version-history":[{"count":1,"href":"https:\/\/elfsight.com\/it\/wp-json\/wp\/v2\/pages\/3803\/revisions"}],"predecessor-version":[{"id":3807,"href":"https:\/\/elfsight.com\/it\/wp-json\/wp\/v2\/pages\/3803\/revisions\/3807"}],"up":[{"embeddable":true,"href":"https:\/\/elfsight.com\/it\/wp-json\/wp\/v2\/pages\/2468"}],"wp:attachment":[{"href":"https:\/\/elfsight.com\/it\/wp-json\/wp\/v2\/media?parent=3803"}],"curies":[{"name":"wp","href":"https:\/\/api.w.org\/{rel}","templated":true}]}}