{"id":3797,"date":"2024-05-03T06:30:02","date_gmt":"2024-05-03T06:30:02","guid":{"rendered":"https:\/\/elfsight.com\/it\/?page_id=3797"},"modified":"2024-11-12T07:56:46","modified_gmt":"2024-11-12T07:56:46","slug":"bigcommerce","status":"publish","type":"page","link":"https:\/\/elfsight.com\/it\/banner-widget\/bigcommerce\/","title":{"rendered":"Banner &#8211; BigCommerce"},"content":{"rendered":"<div class=\"application-platform-content-item-description application-platform-content-item\" id=\"description\" data-nav-section=\"description\"> <h2>Descrizione<\/h2> <p>L&#8217;app Elfsight Banner per BigCommerce \u00e8 una funzionalit\u00e0 estremamente regolabile. Ora hai la possibilit\u00e0 di creare un banner promozionale per qualsiasi obiettivo. Tutto ci\u00f2 che serve \u00e8 selezionare un&#8217;immagine di sfondo, il tipo di sfondo, impostarne la posizione, allegare il titolo e la didascalia. Ricordati di allegare un pulsante CTA, un elemento centrale di qualsiasi banner promozionale. E ovviamente puoi modificare il design generale del widget nel modo che preferisci. <\/p> <p><b>Utilizzando il banner accattivante sulle pagine del tuo sito web, rafforza le tue offerte e i tuoi servizi, convincendo pi\u00f9 visitatori del sito web a effettuare un acquisto<\/b><\/p> <\/div> <div class=\"application-platform-content-item- features application-platform-content-item\" id=\" features\" data-nav-section=\" features\"> <h2>Il widget offre funzionalit\u00e0 utili e facili, eccone alcune: <\/h2> <ul><li>Carica immagini e video. <\/li><li>Allega link, email o telefono <\/li><li>Aggiungi titolo e testo. <\/li><li>Crea un pulsante CTA. <\/li><li>Consenti al tuo pulsante di essere compilato o delineato. <\/li><\/ul><p><a href=\"#demo\">Puoi scoprire il valore del widget utilizzando la demo<\/a><\/p> <\/div> <div class=\"application-platform-content-item-installation application-platform-content-item\" id=\"installation\" data-nav-section=\"installation\"> <h2>Come posso incorporare Banner nel mio sito web BigCommerce? <\/h2> <p>Segui semplicemente questi passaggi descritti di seguito per attivare il widget. <\/p> <ol><li><b>Utilizza il nostro editor gratuito e inizia a creare la tua app personalizzata. <\/b><br> Scegli la forma e le opzioni preferite del widget e salva le correzioni. <\/li> <li><b>Acquisisci il tuo codice univoco rivelato nella casella su Elfsight Apps. <\/b><br> Una volta completata la personalizzazione del tuo widget, copia il codice individuale nella finestra emersa e salvalo per un utilizzo futuro. <\/li> <li><b>Avvia l&#8217;utilizzo del widget sul tuo sito web BigCommerce. <\/b><br> Aggiungi il codice salvato di recente nel tuo sito web e salva i miglioramenti. <\/li> <li><b>Il gioco \u00e8 fatto! L&#8217;integrazione \u00e8 stata completata con successo. <\/b><br> Vai al tuo sito web per osservare come funziona l&#8217;app. <\/li><\/ol> <p>Se riscontri delle difficolt\u00e0, non esitare a scrivere al nostro team di supporto. I nostri specialisti non vedono l&#8217;ora di risolvere tutte le domande che potresti avere con il plugin. <\/p> <div class=\"faq\" data-component=\"FAQ\"> <div class=\"faq-item\">\r\n\t\t\t\t\t<div class=\"faq-item-question\">\r\n\t\t\t\t\t\t<h3 class=\"faq-item-question-text\">Come posso aggiungere Banner al mio sito web BigCommerce senza competenze di programmazione?<\/h3>\r\n\r\n\t\t\t\t\t\t<div class=\"faq-item-question-icon\"><\/div>\r\n\t\t\t\t\t<\/div>\r\n\r\n\t\t\t\t\t<div class=\"faq-item-answer\">\r\n\t\t\t\t\t\t<div class=\"faq-item-answer-text\"> <p>Elfsight fornisce una soluzione SaaS che ti consente di creare tu stesso un widget Banner, scopri quanto \u00e8 semplice il processo : lavora direttamente nell&#8217;editor online per creare un widget banner che vorresti vedere sul tuo sito BigCommerce. Scegli uno dei modelli predefiniti e regola le impostazioni del banner, aggiungi i tuoi contenuti, modifica il layout e la combinazione di colori senza competenze di codifica. Salva il Banner e copia il suo codice di installazione, che potrai semplicemente aggiungere nel tuo sito BigCommerce senza bisogno di acquistare una versione a pagamento. Con il nostro editor intuitivo qualsiasi utente di Internet pu\u00f2 creare widget Banner online e incorporarlo facilmente nel proprio sito Web BigCommerce. Non \u00e8 necessario pagare o inserire le credenziali della carta per accedere al servizio. In caso di problemi in qualsiasi momento, non esitate a contattare il nostro team di supporto tecnico.<\/p> <\/div>\r\n\t\t\t\t\t<\/div>\r\n\t\t\t\t<\/div> <\/div> <\/div>","protected":false},"excerpt":{"rendered":"","protected":false},"author":9,"featured_media":0,"parent":2468,"menu_order":0,"comment_status":"closed","ping_status":"closed","template":"templates\/template-application-platform.php","meta":{"publish_to_discourse":"","publish_post_category":"","wpdc_auto_publish_overridden":"","wpdc_topic_tags":"","wpdc_pin_topic":"","wpdc_pin_until":"","discourse_post_id":"","discourse_permalink":"","wpdc_publishing_response":"","wpdc_publishing_error":"","footnotes":""},"class_list":["post-3797","page","type-page","status-publish","hentry"],"yoast_head":"<!-- This site is optimized with the Yoast SEO plugin v25.3.1 - https:\/\/yoast.com\/wordpress\/plugins\/seo\/ -->\n<title>Aggiungi l&#039;app Banner al sito web BigCommerce. Veloce e gratuito (2025)<\/title>\n<meta name=\"description\" content=\"Inserisci un&#039;app BigCommerce Banner facile da gestire sul tuo sito web. Prova la pratica demo di Elfsight e crea il tuo affascinante banner in due minuti\" \/>\n<meta name=\"robots\" content=\"index, follow, max-snippet:-1, max-image-preview:large, max-video-preview:-1\" \/>\n<link rel=\"canonical\" href=\"https:\/\/elfsight.com\/it\/banner-widget\/bigcommerce\/\" \/>\n<meta property=\"og:locale\" content=\"it_IT\" \/>\n<meta property=\"og:type\" content=\"article\" \/>\n<meta property=\"og:title\" content=\"Aggiungi l&#039;app Banner al sito web BigCommerce. Veloce e gratuito (2025)\" \/>\n<meta property=\"og:description\" content=\"Inserisci un&#039;app BigCommerce Banner facile da gestire sul tuo sito web. Prova la pratica demo di Elfsight e crea il tuo affascinante banner in due minuti\" \/>\n<meta property=\"og:url\" content=\"https:\/\/elfsight.com\/it\/banner-widget\/bigcommerce\/\" \/>\n<meta property=\"og:site_name\" content=\"Elfsight IT\" \/>\n<meta property=\"article:modified_time\" content=\"2024-11-12T07:56:46+00:00\" \/>\n<meta name=\"twitter:card\" content=\"summary_large_image\" \/>\n<meta name=\"twitter:label1\" content=\"Tempo di lettura stimato\" \/>\n\t<meta name=\"twitter:data1\" content=\"2 minuti\" \/>\n<!-- \/ Yoast SEO plugin. -->","yoast_head_json":{"title":"Aggiungi l'app Banner al sito web BigCommerce. Veloce e gratuito (2025)","description":"Inserisci un'app BigCommerce Banner facile da gestire sul tuo sito web. Prova la pratica demo di Elfsight e crea il tuo affascinante banner in due minuti","robots":{"index":"index","follow":"follow","max-snippet":"max-snippet:-1","max-image-preview":"max-image-preview:large","max-video-preview":"max-video-preview:-1"},"canonical":"https:\/\/elfsight.com\/it\/banner-widget\/bigcommerce\/","og_locale":"it_IT","og_type":"article","og_title":"Aggiungi l'app Banner al sito web BigCommerce. Veloce e gratuito (2025)","og_description":"Inserisci un'app BigCommerce Banner facile da gestire sul tuo sito web. Prova la pratica demo di Elfsight e crea il tuo affascinante banner in due minuti","og_url":"https:\/\/elfsight.com\/it\/banner-widget\/bigcommerce\/","og_site_name":"Elfsight IT","article_modified_time":"2024-11-12T07:56:46+00:00","twitter_card":"summary_large_image","twitter_misc":{"Tempo di lettura stimato":"2 minuti"},"schema":{"@context":"https:\/\/schema.org","@graph":[{"@type":"WebPage","@id":"https:\/\/elfsight.com\/it\/banner-widget\/bigcommerce\/","url":"https:\/\/elfsight.com\/it\/banner-widget\/bigcommerce\/","name":"Aggiungi l'app Banner al sito web BigCommerce. Veloce e gratuito (2025)","isPartOf":{"@id":"https:\/\/elfsight.com\/it\/#website"},"datePublished":"2024-05-03T06:30:02+00:00","dateModified":"2024-11-12T07:56:46+00:00","description":"Inserisci un'app BigCommerce Banner facile da gestire sul tuo sito web. Prova la pratica demo di Elfsight e crea il tuo affascinante banner in due minuti","breadcrumb":{"@id":"https:\/\/elfsight.com\/it\/banner-widget\/bigcommerce\/#breadcrumb"},"inLanguage":"it-IT","potentialAction":[{"@type":"ReadAction","target":["https:\/\/elfsight.com\/it\/banner-widget\/bigcommerce\/"]}]},{"@type":"BreadcrumbList","@id":"https:\/\/elfsight.com\/it\/banner-widget\/bigcommerce\/#breadcrumb","itemListElement":[{"@type":"ListItem","position":1,"name":"Home","item":"https:\/\/elfsight.com\/it\/"},{"@type":"ListItem","position":2,"name":"Banner","item":"https:\/\/elfsight.com\/it\/banner-widget\/"},{"@type":"ListItem","position":3,"name":"Banner &#8211; BigCommerce"}]},{"@type":"WebSite","@id":"https:\/\/elfsight.com\/it\/#website","url":"https:\/\/elfsight.com\/it\/","name":"Elfsight IT","description":"Just another Elfsight Sites site","potentialAction":[{"@type":"SearchAction","target":{"@type":"EntryPoint","urlTemplate":"https:\/\/elfsight.com\/it\/?s={search_term_string}"},"query-input":{"@type":"PropertyValueSpecification","valueRequired":true,"valueName":"search_term_string"}}],"inLanguage":"it-IT"}]}},"meta_box":{"industry":"","seo_heading":"","heading":"","description":"","cta_heading":"","cta_description":"","application":"2467","h1":"Applicazione Banner BigCommerce","h1_caption":"Visualizza banner personalizzabili sul tuo sito web per promuovere offerte, annunciare eventi o attirare l'attenzione sui contenuti chiave nel tuo sito web BigCommerce senza sforzo.","application_category":[],"applications_title":"","applications_request_title":"","applications_request_button_text":"","hero_text":"","hero_video":"","hero_video_schema_markup":"","selling_points_title":"","selling_points_caption":"","selling_points":[],"selling_points_cta_text":"","features_title":"","features":"","ed_cta_examples_text":"","ed_cta_examples_hidden":"","ed_cta_demo_text":"","ed_cta_demo_hidden":"","why_caption":"","why_editor_title":"","why_editor_text":"","why_team_title":"","why_team_text":"","why_service_title":"","why_service_text":"","template_catalog_visible":"","template_catalog_title":"","template_catalog_text":"","template_catalog_categories_visible":"","demo_title":"Crea la tua app Banner","demo_caption":"Configura il tuo Banner e aggiungilo gratuitamente al tuo sito BigCommerce!","default_faq_hidden":"","app_template_category":[],"platform":"32","template_public_id":"","codecanyon_url":"","codecanyon_item_id":"","codecanyon_price":"","pricing_caption":"","pricing_elfsight_apps_hide_column":"","pricing_elfsight_apps_url":"","pricing_codecanyon_price_caption":"","integration_category":[],"integration_request_title":"","integration_request_cta":"","integration_platform":"","integrations":[],"platform_category":[],"video_schema_markup":"","price":"da $ 0 al mese","trial":"","benefits":[{"text":"Assistenza per l'installazione gratuita"},{"text":"Servizio clienti competente"},{"text":"Garanzia di rimborso di 14 giorni"},{"text":"Sviluppo continuo"}],"button_url":"#demo","button_target_blank":"","button_nofollow":"","attributes":[{"name":"Installazioni"},{"name":"Reattivo","content":"S\u00cc"},{"name":"Browser compatibili","content":"Safari, Firefox, Chrome, Opera, Edge"}],"tags":[],"tags_disable_links":"","hide_more_platforms":"","video_object":"","demo_hide_cta":"","demo_hide_cloud_options":"","pricing_title":"","pricing":[{"pricing_icon":"platform","pricing_title":"Elfsight Apps","pricing_title_caption":"Software indipendente dalla piattaforma adatto a qualsiasi sito web","pricing_price":"da $ 0 \/ mese","pricing_price_caption":"inizia con un piano gratuito","pricing_benefits":[{"text":"Domini illimitati"},{"text":"Assistenza clienti premium e ben documentata"},{"text":"Servizio di installazione gratuito"},{"text":"Progettazione flessibile"}],"pricing_button_text":"Aggiungi al sito web","pricing_button_url":"#demo"}],"related_apps_title":"","related_apps_hidden":"","author":"","image":[],"title":"","job":"","social_networks":[]},"_links":{"self":[{"href":"https:\/\/elfsight.com\/it\/wp-json\/wp\/v2\/pages\/3797","targetHints":{"allow":["GET"]}}],"collection":[{"href":"https:\/\/elfsight.com\/it\/wp-json\/wp\/v2\/pages"}],"about":[{"href":"https:\/\/elfsight.com\/it\/wp-json\/wp\/v2\/types\/page"}],"author":[{"embeddable":true,"href":"https:\/\/elfsight.com\/it\/wp-json\/wp\/v2\/users\/9"}],"replies":[{"embeddable":true,"href":"https:\/\/elfsight.com\/it\/wp-json\/wp\/v2\/comments?post=3797"}],"version-history":[{"count":1,"href":"https:\/\/elfsight.com\/it\/wp-json\/wp\/v2\/pages\/3797\/revisions"}],"predecessor-version":[{"id":3801,"href":"https:\/\/elfsight.com\/it\/wp-json\/wp\/v2\/pages\/3797\/revisions\/3801"}],"up":[{"embeddable":true,"href":"https:\/\/elfsight.com\/it\/wp-json\/wp\/v2\/pages\/2468"}],"wp:attachment":[{"href":"https:\/\/elfsight.com\/it\/wp-json\/wp\/v2\/media?parent=3797"}],"curies":[{"name":"wp","href":"https:\/\/api.w.org\/{rel}","templated":true}]}}