{"id":3796,"date":"2024-05-03T06:30:01","date_gmt":"2024-05-03T06:30:01","guid":{"rendered":"https:\/\/elfsight.com\/it\/?page_id=3796"},"modified":"2024-11-12T07:56:38","modified_gmt":"2024-11-12T07:56:38","slug":"drupal","status":"publish","type":"page","link":"https:\/\/elfsight.com\/it\/banner-widget\/drupal\/","title":{"rendered":"Banner &#8211; Drupal"},"content":{"rendered":"<div class=\"application-platform-content-item-description application-platform-content-item\" id=\"description\" data-nav-section=\"description\"> <h2>Descrizione<\/h2> <p>Il modulo Elfsight Banner per Drupal \u00e8 una funzionalit\u00e0 altamente personalizzabile. Ora hai la possibilit\u00e0 di creare un banner promozionale per quasi tutti gli obiettivi. Tutto quello che devi fare \u00e8 scegliere un&#8217;immagine di sfondo, il tipo di sfondo, determinarne la posizione, aggiungere il titolo e la didascalia. Non dimenticare di allegare un pulsante di invito all&#8217;azione, un elemento centrale di qualsiasi banner promozionale. E sicuramente puoi adattare i colori del widget nel modo che preferisci. <\/p> <p><b>Tramite il banner accattivante sulle pagine del tuo sito web, promuovi i tuoi prodotti e servizi, inducendo pi\u00f9 visitatori a effettuare un acquisto<\/b><\/p> <\/div> <div class=\"application-platform-content-item-caratteristiche application-platform-content-item\" id=\"caratteristiche\" data-nav-section=\"caratteristiche\"> <h2>Offriamo funzionalit\u00e0 potenti e semplici, guardane alcune: <\/h2> <ul><li>Carica foto e video adatti. <\/li><li>Allega link, email o numero di telefono<\/li><li>Aggiungi titolo e testo della didascalia. <\/li><li>Crea il tuo pulsante CTA. <\/li><li>Lascia che il tuo pulsante venga riempito o delineato. <\/li><\/ul><p><a href=\"#demo\">Puoi esplorare come funziona il modulo con l&#8217;aiuto della demo<\/a><\/p> <\/div> <div class=\"application-platform-content-item- installazione application-platform-content-item\" id=\" installazione\" data-nav-section=\" installazione\"> <h2>Come aggiungere Banner nel mio sito Drupal? <\/h2> <p>Segui semplicemente le linee guida seguenti per aggiungere lo strumento. <\/p> <ol><li><b>Esegui il nostro configuratore gratuito e inizia a formare il tuo modulo. <\/b><br> Scegli il design e i parametri adatti dello strumento e applica le modifiche. <\/li> <li><b>Ricevi il tuo codice individuale visualizzato nella finestra delle app Elfsight. <\/b><br> Non appena terminata la configurazione del tuo strumento, copia il codice esclusivo dalla casella emersa e salvalo per ulteriori necessit\u00e0. <\/li> <li><b>Avviare l&#8217;utilizzo del modulo sul sito Drupal. <\/b><br> Inserisci il codice che hai salvato di recente nella tua home page e salva le correzioni. <\/li> <li><b>L&#8217;installazione \u00e8 stata completata con successo. <\/b><br> Visita la tua pagina per visualizzare il funzionamento del modulo. <\/li><\/ol> <p>A condizione che tu abbia domande o incontri qualche difficolt\u00e0, non esitare a fare domanda per il nostro team di supporto. Il nostro personale sar\u00e0 lieto di aiutarti con tutti i problemi che potresti avere con il plugin. <\/p> <div class=\"faq\" data-component=\"FAQ\"> <div class=\"faq-item\">\r\n\t\t\t\t\t<div class=\"faq-item-question\">\r\n\t\t\t\t\t\t<h3 class=\"faq-item-question-text\">Come aggiungere Banner al mio sito Drupal senza competenze di programmazione?<\/h3>\r\n\r\n\t\t\t\t\t\t<div class=\"faq-item-question-icon\"><\/div>\r\n\t\t\t\t\t<\/div>\r\n\r\n\t\t\t\t\t<div class=\"faq-item-answer\">\r\n\t\t\t\t\t\t<div class=\"faq-item-answer-text\"> <p>Elfsight fornisce una soluzione SaaS che ti consente di creare tu stesso un widget Banner, guarda quanto \u00e8 semplice il processo: Lavora direttamente nell&#8217;Editor online per creare un widget Banner che vorresti vedere sul tuo sito Drupal. Scegli uno dei modelli predefiniti e regola le impostazioni del banner, aggiungi i tuoi contenuti, modifica il layout e la combinazione di colori senza competenze di codifica. Salva il Banner e copia il suo codice di installazione, che potrai incorporare facilmente nel tuo sito Drupal senza acquistare un piano a pagamento. Con il nostro editor intuitivo qualsiasi utente di Internet pu\u00f2 creare widget banner online e incorporarli facilmente nel proprio sito Web Drupal. Non \u00e8 necessario pagare o inserire le credenziali della carta per accedere al servizio. In caso di problemi in qualsiasi momento, non esitate a contattare il nostro team di supporto tecnico.<\/p> <\/div>\r\n\t\t\t\t\t<\/div>\r\n\t\t\t\t<\/div> <\/div> <\/div>","protected":false},"excerpt":{"rendered":"","protected":false},"author":9,"featured_media":0,"parent":2468,"menu_order":0,"comment_status":"closed","ping_status":"closed","template":"templates\/template-application-platform.php","meta":{"publish_to_discourse":"","publish_post_category":"","wpdc_auto_publish_overridden":"","wpdc_topic_tags":"","wpdc_pin_topic":"","wpdc_pin_until":"","discourse_post_id":"","discourse_permalink":"","wpdc_publishing_response":"","wpdc_publishing_error":"","footnotes":""},"class_list":["post-3796","page","type-page","status-publish","hentry"],"yoast_head":"<!-- This site is optimized with the Yoast SEO plugin v25.3.1 - https:\/\/yoast.com\/wordpress\/plugins\/seo\/ -->\n<title>Incorpora il modulo Banner nel sito Web Drupal. Veloce e gratuito (2025)<\/title>\n<meta name=\"description\" content=\"Incorpora un modulo Drupal Banner facile da gestire sul tuo sito web. Prova la pratica demo di Elfsight e modifica il tuo banner unico in pochi clic\" \/>\n<meta name=\"robots\" content=\"index, follow, max-snippet:-1, max-image-preview:large, max-video-preview:-1\" \/>\n<link rel=\"canonical\" href=\"https:\/\/elfsight.com\/it\/banner-widget\/drupal\/\" \/>\n<meta property=\"og:locale\" content=\"it_IT\" \/>\n<meta property=\"og:type\" content=\"article\" \/>\n<meta property=\"og:title\" content=\"Incorpora il modulo Banner nel sito Web Drupal. Veloce e gratuito (2025)\" \/>\n<meta property=\"og:description\" content=\"Incorpora un modulo Drupal Banner facile da gestire sul tuo sito web. Prova la pratica demo di Elfsight e modifica il tuo banner unico in pochi clic\" \/>\n<meta property=\"og:url\" content=\"https:\/\/elfsight.com\/it\/banner-widget\/drupal\/\" \/>\n<meta property=\"og:site_name\" content=\"Elfsight IT\" \/>\n<meta property=\"article:modified_time\" content=\"2024-11-12T07:56:38+00:00\" \/>\n<meta name=\"twitter:card\" content=\"summary_large_image\" \/>\n<meta name=\"twitter:label1\" content=\"Tempo di lettura stimato\" \/>\n\t<meta name=\"twitter:data1\" content=\"2 minuti\" \/>\n<!-- \/ Yoast SEO plugin. -->","yoast_head_json":{"title":"Incorpora il modulo Banner nel sito Web Drupal. Veloce e gratuito (2025)","description":"Incorpora un modulo Drupal Banner facile da gestire sul tuo sito web. Prova la pratica demo di Elfsight e modifica il tuo banner unico in pochi clic","robots":{"index":"index","follow":"follow","max-snippet":"max-snippet:-1","max-image-preview":"max-image-preview:large","max-video-preview":"max-video-preview:-1"},"canonical":"https:\/\/elfsight.com\/it\/banner-widget\/drupal\/","og_locale":"it_IT","og_type":"article","og_title":"Incorpora il modulo Banner nel sito Web Drupal. Veloce e gratuito (2025)","og_description":"Incorpora un modulo Drupal Banner facile da gestire sul tuo sito web. Prova la pratica demo di Elfsight e modifica il tuo banner unico in pochi clic","og_url":"https:\/\/elfsight.com\/it\/banner-widget\/drupal\/","og_site_name":"Elfsight IT","article_modified_time":"2024-11-12T07:56:38+00:00","twitter_card":"summary_large_image","twitter_misc":{"Tempo di lettura stimato":"2 minuti"},"schema":{"@context":"https:\/\/schema.org","@graph":[{"@type":"WebPage","@id":"https:\/\/elfsight.com\/it\/banner-widget\/drupal\/","url":"https:\/\/elfsight.com\/it\/banner-widget\/drupal\/","name":"Incorpora il modulo Banner nel sito Web Drupal. Veloce e gratuito (2025)","isPartOf":{"@id":"https:\/\/elfsight.com\/it\/#website"},"datePublished":"2024-05-03T06:30:01+00:00","dateModified":"2024-11-12T07:56:38+00:00","description":"Incorpora un modulo Drupal Banner facile da gestire sul tuo sito web. Prova la pratica demo di Elfsight e modifica il tuo banner unico in pochi clic","breadcrumb":{"@id":"https:\/\/elfsight.com\/it\/banner-widget\/drupal\/#breadcrumb"},"inLanguage":"it-IT","potentialAction":[{"@type":"ReadAction","target":["https:\/\/elfsight.com\/it\/banner-widget\/drupal\/"]}]},{"@type":"BreadcrumbList","@id":"https:\/\/elfsight.com\/it\/banner-widget\/drupal\/#breadcrumb","itemListElement":[{"@type":"ListItem","position":1,"name":"Home","item":"https:\/\/elfsight.com\/it\/"},{"@type":"ListItem","position":2,"name":"Banner","item":"https:\/\/elfsight.com\/it\/banner-widget\/"},{"@type":"ListItem","position":3,"name":"Banner &#8211; Drupal"}]},{"@type":"WebSite","@id":"https:\/\/elfsight.com\/it\/#website","url":"https:\/\/elfsight.com\/it\/","name":"Elfsight IT","description":"Just another Elfsight Sites site","potentialAction":[{"@type":"SearchAction","target":{"@type":"EntryPoint","urlTemplate":"https:\/\/elfsight.com\/it\/?s={search_term_string}"},"query-input":{"@type":"PropertyValueSpecification","valueRequired":true,"valueName":"search_term_string"}}],"inLanguage":"it-IT"}]}},"meta_box":{"industry":"","seo_heading":"","heading":"","description":"","cta_heading":"","cta_description":"","application":"2467","h1":"Modulo Banner Drupal","h1_caption":"Visualizza banner personalizzabili sul tuo sito web per promuovere offerte, annunciare eventi o attirare l'attenzione sui contenuti chiave del tuo sito web Drupal senza sforzo.","application_category":[],"applications_title":"","applications_request_title":"","applications_request_button_text":"","hero_text":"","hero_video":"","hero_video_schema_markup":"","selling_points_title":"","selling_points_caption":"","selling_points":[],"selling_points_cta_text":"","features_title":"","features":"","ed_cta_examples_text":"","ed_cta_examples_hidden":"","ed_cta_demo_text":"","ed_cta_demo_hidden":"","why_caption":"","why_editor_title":"","why_editor_text":"","why_team_title":"","why_team_text":"","why_service_title":"","why_service_text":"","template_catalog_visible":"","template_catalog_title":"","template_catalog_text":"","template_catalog_categories_visible":"","demo_title":"Crea il tuo modulo Banner","demo_caption":"Configura il tuo Banner e aggiungilo gratuitamente al tuo sito Drupal!","default_faq_hidden":"","app_template_category":[],"platform":"34","template_public_id":"","codecanyon_url":"","codecanyon_item_id":"","codecanyon_price":"","pricing_caption":"","pricing_elfsight_apps_hide_column":"","pricing_elfsight_apps_url":"","pricing_codecanyon_price_caption":"","integration_category":[],"integration_request_title":"","integration_request_cta":"","integration_platform":"","integrations":[],"platform_category":[],"video_schema_markup":"","price":"da $ 0 al mese","trial":"","benefits":[{"text":"Assistenza per l'installazione gratuita"},{"text":"Supporto eccezionale"},{"text":"Garanzia di rimborso di 14 giorni"},{"text":"Aggiornamento costante"}],"button_url":"#demo","button_target_blank":"","button_nofollow":"","attributes":[{"name":"Installazioni"},{"name":"Reattivo","content":"S\u00cc"},{"name":"Browser compatibili","content":"Firefox, Safari, Opera, Chrome, Edge"}],"tags":[],"tags_disable_links":"","hide_more_platforms":"","video_object":"","demo_hide_cta":"","demo_hide_cloud_options":"","pricing_title":"","pricing":[{"pricing_icon":"platform","pricing_title":"Elfsight Apps","pricing_title_caption":"Soluzione digitale indipendente dalla piattaforma","pricing_price":"da $ 0 \/ mese","pricing_price_caption":"inizia con un piano gratuito","pricing_benefits":[{"text":"Siti web illimitati"},{"text":"Supporto aziendale gratuito"},{"text":"Servizio di installazione gratuito"},{"text":"Completamente personalizzabile"}],"pricing_button_text":"Aggiungi al sito web","pricing_button_url":"#demo"}],"related_apps_title":"","related_apps_hidden":"","author":"","image":[],"title":"","job":"","social_networks":[]},"_links":{"self":[{"href":"https:\/\/elfsight.com\/it\/wp-json\/wp\/v2\/pages\/3796","targetHints":{"allow":["GET"]}}],"collection":[{"href":"https:\/\/elfsight.com\/it\/wp-json\/wp\/v2\/pages"}],"about":[{"href":"https:\/\/elfsight.com\/it\/wp-json\/wp\/v2\/types\/page"}],"author":[{"embeddable":true,"href":"https:\/\/elfsight.com\/it\/wp-json\/wp\/v2\/users\/9"}],"replies":[{"embeddable":true,"href":"https:\/\/elfsight.com\/it\/wp-json\/wp\/v2\/comments?post=3796"}],"version-history":[{"count":1,"href":"https:\/\/elfsight.com\/it\/wp-json\/wp\/v2\/pages\/3796\/revisions"}],"predecessor-version":[{"id":3800,"href":"https:\/\/elfsight.com\/it\/wp-json\/wp\/v2\/pages\/3796\/revisions\/3800"}],"up":[{"embeddable":true,"href":"https:\/\/elfsight.com\/it\/wp-json\/wp\/v2\/pages\/2468"}],"wp:attachment":[{"href":"https:\/\/elfsight.com\/it\/wp-json\/wp\/v2\/media?parent=3796"}],"curies":[{"name":"wp","href":"https:\/\/api.w.org\/{rel}","templated":true}]}}