{"id":3789,"date":"2024-05-03T06:29:58","date_gmt":"2024-05-03T06:29:58","guid":{"rendered":"https:\/\/elfsight.com\/it\/?page_id=3789"},"modified":"2024-11-12T07:56:38","modified_gmt":"2024-11-12T07:56:38","slug":"joomla","status":"publish","type":"page","link":"https:\/\/elfsight.com\/it\/banner-widget\/joomla\/","title":{"rendered":"Banner &#8211; Joomla"},"content":{"rendered":"<div class=\"application-platform-content-item-description application-platform-content-item\" id=\"description\" data-nav-section=\"description\"> <h2>Descrizione<\/h2> <p>L&#8217;estensione Elfsight Banner per Joomla \u00e8 una funzionalit\u00e0 altamente personalizzabile. Attualmente hai la possibilit\u00e0 di creare un banner promozionale per qualsiasi obiettivo. Tutto ci\u00f2 che serve \u00e8 selezionare un&#8217;immagine di sfondo, il tipo di sfondo, decidere la sua posizione, allegare titolo e didascalia. Non dimenticare di aggiungere un pulsante CTA, una parte cruciale di qualsiasi banner. E sicuramente sei libero di regolare i colori del widget nel modo in cui funziona per te. <\/p> <p><b>Utilizzando il nostro attraente banner sulle pagine del tuo sito web, promuovi i tuoi prodotti e servizi, ispirando pi\u00f9 utenti del sito web a effettuare un acquisto<\/b><\/p> <\/div> <div class=\"application-platform-content-item- funzionalit\u00e0 application-platform-content-item\" id=\" funzionalit\u00e0\" data-nav-section=\" funzionalit\u00e0\"> <h2>Queste sono solo alcune delle funzionalit\u00e0 del widget: <\/h2> <ul><li>Carica foto e video. <\/li><li>Aggiungi link, la tua email o numero di telefono<\/li><li>Aggiungi titolo e testo della didascalia. <\/li><li>Crea un pulsante CTA. <\/li><li>Lascia che il tuo pulsante venga riempito o delineato. <\/li><\/ul><p><a href=\"#demo\">Prova questa demo per vedere come funziona<\/a><\/p> <\/div> <div class=\"application-platform-content-item-installation application-platform-content-item\" id=\"installation\" data-nav-section=\"installation\"> <h2>Come posso incorporare Banner nel mio sito web Joomla? <\/h2> <p>Segui semplicemente le linee guida seguenti per incorporare l&#8217;estensione. <\/p> <ol><li><b>Utilizza la nostra demo gratuita e inizia a creare la tua estensione. <\/b><br> Specifica l&#8217;interfaccia e le opzioni desiderate del widget e salva le correzioni. <\/li> <li><b>Copia il tuo codice individuale che appare nel riquadro delle App Elfsight. <\/b><br> Subito dopo aver completato la configurazione del tuo strumento, copia il codice esclusivo nel popup emerso e salvalo per un ulteriore utilizzo. <\/li> <li><b>Accedi utilizzando lo strumento sul tuo sito web per Joomla. <\/b><br> Inserisci il codice salvato in precedenza nel tuo sito e salva le modifiche. <\/li> <li><b>Fatto! L&#8217;integrazione \u00e8 stata eseguita con successo. <\/b><br> Vai al tuo sito web per verificare come funziona l&#8217;estensione. <\/li><\/ol> <p>Se incontri difficolt\u00e0, contatta il nostro personale del servizio clienti. I nostri specialisti saranno entusiasti di risolvere tutti i problemi che potresti avere con il widget. <\/p> <div class=\"faq\" data-component=\"FAQ\"> <div class=\"faq-item\">\r\n\t\t\t\t\t<div class=\"faq-item-question\">\r\n\t\t\t\t\t\t<h3 class=\"faq-item-question-text\">Come posso aggiungere Banner al mio sito web Joomla senza competenze di programmazione?<\/h3>\r\n\r\n\t\t\t\t\t\t<div class=\"faq-item-question-icon\"><\/div>\r\n\t\t\t\t\t<\/div>\r\n\r\n\t\t\t\t\t<div class=\"faq-item-answer\">\r\n\t\t\t\t\t\t<div class=\"faq-item-answer-text\"> <p>Elfsight fornisce una soluzione SaaS che ti consente di creare tu stesso un widget Banner, guarda quanto \u00e8 semplice il processo : lavora direttamente nell&#8217;editor online per creare un widget banner che vorresti vedere sul tuo sito Joomla. Scegli uno dei modelli predefiniti e regola le impostazioni del banner, aggiungi i tuoi contenuti, modifica il layout e i colori senza alcuna abilit\u00e0 di codifica. Salva il Banner e copia il suo codice di installazione, che potrai incorporare nel tuo sito Joomla senza acquistare un piano a pagamento. Con il nostro editor intuitivo qualsiasi utente di Internet pu\u00f2 creare widget banner online e incorporarlo facilmente nel proprio sito Web Joomla. Non \u00e8 necessario pagare o inserire le credenziali della carta per accedere al servizio. In caso di problemi in qualsiasi momento, non esitate a contattare il nostro team di supporto tecnico.<\/p> <\/div>\r\n\t\t\t\t\t<\/div>\r\n\t\t\t\t<\/div> <\/div> <\/div>","protected":false},"excerpt":{"rendered":"","protected":false},"author":9,"featured_media":0,"parent":2468,"menu_order":0,"comment_status":"closed","ping_status":"closed","template":"templates\/template-application-platform.php","meta":{"publish_to_discourse":"","publish_post_category":"","wpdc_auto_publish_overridden":"","wpdc_topic_tags":"","wpdc_pin_topic":"","wpdc_pin_until":"","discourse_post_id":"","discourse_permalink":"","wpdc_publishing_response":"","wpdc_publishing_error":"","footnotes":""},"class_list":["post-3789","page","type-page","status-publish","hentry"],"yoast_head":"<!-- This site is optimized with the Yoast SEO plugin v25.3.1 - https:\/\/yoast.com\/wordpress\/plugins\/seo\/ -->\n<title>Aggiungi l&#039;estensione Banner al sito Web Joomla. Veloce e gratuito (2025)<\/title>\n<meta name=\"description\" content=\"Inserisci nella tua pagina un&#039;estensione banner ottimizzata per dispositivi mobili per Joomla. Utilizza la pratica demo di Elfsight e genera il tuo fantastico banner in due clic\" \/>\n<meta name=\"robots\" content=\"index, follow, max-snippet:-1, max-image-preview:large, max-video-preview:-1\" \/>\n<link rel=\"canonical\" href=\"https:\/\/elfsight.com\/it\/banner-widget\/joomla\/\" \/>\n<meta property=\"og:locale\" content=\"it_IT\" \/>\n<meta property=\"og:type\" content=\"article\" \/>\n<meta property=\"og:title\" content=\"Aggiungi l&#039;estensione Banner al sito Web Joomla. Veloce e gratuito (2025)\" \/>\n<meta property=\"og:description\" content=\"Inserisci nella tua pagina un&#039;estensione banner ottimizzata per dispositivi mobili per Joomla. Utilizza la pratica demo di Elfsight e genera il tuo fantastico banner in due clic\" \/>\n<meta property=\"og:url\" content=\"https:\/\/elfsight.com\/it\/banner-widget\/joomla\/\" \/>\n<meta property=\"og:site_name\" content=\"Elfsight IT\" \/>\n<meta property=\"article:modified_time\" content=\"2024-11-12T07:56:38+00:00\" \/>\n<meta name=\"twitter:card\" content=\"summary_large_image\" \/>\n<meta name=\"twitter:label1\" content=\"Tempo di lettura stimato\" \/>\n\t<meta name=\"twitter:data1\" content=\"2 minuti\" \/>\n<!-- \/ Yoast SEO plugin. -->","yoast_head_json":{"title":"Aggiungi l'estensione Banner al sito Web Joomla. Veloce e gratuito (2025)","description":"Inserisci nella tua pagina un'estensione banner ottimizzata per dispositivi mobili per Joomla. Utilizza la pratica demo di Elfsight e genera il tuo fantastico banner in due clic","robots":{"index":"index","follow":"follow","max-snippet":"max-snippet:-1","max-image-preview":"max-image-preview:large","max-video-preview":"max-video-preview:-1"},"canonical":"https:\/\/elfsight.com\/it\/banner-widget\/joomla\/","og_locale":"it_IT","og_type":"article","og_title":"Aggiungi l'estensione Banner al sito Web Joomla. Veloce e gratuito (2025)","og_description":"Inserisci nella tua pagina un'estensione banner ottimizzata per dispositivi mobili per Joomla. Utilizza la pratica demo di Elfsight e genera il tuo fantastico banner in due clic","og_url":"https:\/\/elfsight.com\/it\/banner-widget\/joomla\/","og_site_name":"Elfsight IT","article_modified_time":"2024-11-12T07:56:38+00:00","twitter_card":"summary_large_image","twitter_misc":{"Tempo di lettura stimato":"2 minuti"},"schema":{"@context":"https:\/\/schema.org","@graph":[{"@type":"WebPage","@id":"https:\/\/elfsight.com\/it\/banner-widget\/joomla\/","url":"https:\/\/elfsight.com\/it\/banner-widget\/joomla\/","name":"Aggiungi l'estensione Banner al sito Web Joomla. Veloce e gratuito (2025)","isPartOf":{"@id":"https:\/\/elfsight.com\/it\/#website"},"datePublished":"2024-05-03T06:29:58+00:00","dateModified":"2024-11-12T07:56:38+00:00","description":"Inserisci nella tua pagina un'estensione banner ottimizzata per dispositivi mobili per Joomla. Utilizza la pratica demo di Elfsight e genera il tuo fantastico banner in due clic","breadcrumb":{"@id":"https:\/\/elfsight.com\/it\/banner-widget\/joomla\/#breadcrumb"},"inLanguage":"it-IT","potentialAction":[{"@type":"ReadAction","target":["https:\/\/elfsight.com\/it\/banner-widget\/joomla\/"]}]},{"@type":"BreadcrumbList","@id":"https:\/\/elfsight.com\/it\/banner-widget\/joomla\/#breadcrumb","itemListElement":[{"@type":"ListItem","position":1,"name":"Home","item":"https:\/\/elfsight.com\/it\/"},{"@type":"ListItem","position":2,"name":"Banner","item":"https:\/\/elfsight.com\/it\/banner-widget\/"},{"@type":"ListItem","position":3,"name":"Banner &#8211; Joomla"}]},{"@type":"WebSite","@id":"https:\/\/elfsight.com\/it\/#website","url":"https:\/\/elfsight.com\/it\/","name":"Elfsight IT","description":"Just another Elfsight Sites site","potentialAction":[{"@type":"SearchAction","target":{"@type":"EntryPoint","urlTemplate":"https:\/\/elfsight.com\/it\/?s={search_term_string}"},"query-input":{"@type":"PropertyValueSpecification","valueRequired":true,"valueName":"search_term_string"}}],"inLanguage":"it-IT"}]}},"meta_box":{"industry":"","seo_heading":"","heading":"","description":"","cta_heading":"","cta_description":"","application":"2467","h1":"Estensione banner Joomla","h1_caption":"Visualizza banner personalizzabili sul tuo sito web per promuovere offerte, annunciare eventi o attirare l'attenzione sui contenuti chiave del tuo sito web Joomla senza sforzo.","application_category":[],"applications_title":"","applications_request_title":"","applications_request_button_text":"","hero_text":"","hero_video":"","hero_video_schema_markup":"","selling_points_title":"","selling_points_caption":"","selling_points":[],"selling_points_cta_text":"","features_title":"","features":"","ed_cta_examples_text":"","ed_cta_examples_hidden":"","ed_cta_demo_text":"","ed_cta_demo_hidden":"","why_caption":"","why_editor_title":"","why_editor_text":"","why_team_title":"","why_team_text":"","why_service_title":"","why_service_text":"","template_catalog_visible":"","template_catalog_title":"","template_catalog_text":"","template_catalog_categories_visible":"","demo_title":"Crea il tuo plug-in Banner","demo_caption":"Configura il tuo Banner e aggiungilo gratuitamente al tuo sito Joomla!","default_faq_hidden":"","app_template_category":[],"platform":"36","template_public_id":"","codecanyon_url":"","codecanyon_item_id":"","codecanyon_price":"","pricing_caption":"","pricing_elfsight_apps_hide_column":"","pricing_elfsight_apps_url":"","pricing_codecanyon_price_caption":"","integration_category":[],"integration_request_title":"","integration_request_cta":"","integration_platform":"","integrations":[],"platform_category":[],"video_schema_markup":"","price":"da $ 0 al mese","trial":"","benefits":[{"text":"Servizio di installazione gratuito"},{"text":"Supporto premium"},{"text":"Garanzia di rimborso di 14 giorni"},{"text":"Aggiornamenti gratuiti continui"}],"button_url":"#demo","button_target_blank":"","button_nofollow":"","attributes":[{"name":"Installazioni"},{"name":"Reattivo","content":"S\u00cc"},{"name":"Browser compatibili","content":"Firefox, Safari, Opera, Chrome, Edge"}],"tags":[],"tags_disable_links":"","hide_more_platforms":"","video_object":"","demo_hide_cta":"","demo_hide_cloud_options":"","pricing_title":"","pricing":[{"pricing_icon":"platform","pricing_title":"Elfsight Apps","pricing_title_caption":"Soluzione digitale multipiattaforma che funziona su qualsiasi sito","pricing_price":"da $ 0 \/ mese","pricing_price_caption":"inizia con un piano gratuito","pricing_benefits":[{"text":"Siti web illimitati"},{"text":"Supporto premium, puntuale e ben documentato"},{"text":"Aiuto per l'installazione gratuito"},{"text":"100% personalizzabile"}],"pricing_button_text":"Aggiungi al sito web","pricing_button_url":"#demo"}],"related_apps_title":"","related_apps_hidden":"","author":"","image":[],"title":"","job":"","social_networks":[]},"_links":{"self":[{"href":"https:\/\/elfsight.com\/it\/wp-json\/wp\/v2\/pages\/3789","targetHints":{"allow":["GET"]}}],"collection":[{"href":"https:\/\/elfsight.com\/it\/wp-json\/wp\/v2\/pages"}],"about":[{"href":"https:\/\/elfsight.com\/it\/wp-json\/wp\/v2\/types\/page"}],"author":[{"embeddable":true,"href":"https:\/\/elfsight.com\/it\/wp-json\/wp\/v2\/users\/9"}],"replies":[{"embeddable":true,"href":"https:\/\/elfsight.com\/it\/wp-json\/wp\/v2\/comments?post=3789"}],"version-history":[{"count":1,"href":"https:\/\/elfsight.com\/it\/wp-json\/wp\/v2\/pages\/3789\/revisions"}],"predecessor-version":[{"id":3793,"href":"https:\/\/elfsight.com\/it\/wp-json\/wp\/v2\/pages\/3789\/revisions\/3793"}],"up":[{"embeddable":true,"href":"https:\/\/elfsight.com\/it\/wp-json\/wp\/v2\/pages\/2468"}],"wp:attachment":[{"href":"https:\/\/elfsight.com\/it\/wp-json\/wp\/v2\/media?parent=3789"}],"curies":[{"name":"wp","href":"https:\/\/api.w.org\/{rel}","templated":true}]}}