{"id":3786,"date":"2024-05-03T06:29:55","date_gmt":"2024-05-03T06:29:55","guid":{"rendered":"https:\/\/elfsight.com\/it\/?page_id=3786"},"modified":"2024-11-12T07:56:30","modified_gmt":"2024-11-12T07:56:30","slug":"iframe","status":"publish","type":"page","link":"https:\/\/elfsight.com\/it\/banner-widget\/iframe\/","title":{"rendered":"Banner &#8211; iFrame"},"content":{"rendered":"<div class=\"application-platform-content-item-description application-platform-content-item\" id=\"description\" data-nav-section=\"description\"> <h2>Incorpora banner su iFrame con il widget Elfsight<\/h2> <p>Il widget Elfsight Banner per iFrame \u00e8 una funzionalit\u00e0 altamente personalizzabile. Ora hai la possibilit\u00e0 di creare un banner promozionale per quasi tutti gli obiettivi. Tutto quello che devi fare \u00e8 scegliere un&#8217;immagine di sfondo, il tipo di sfondo, impostarne la posizione, allegare il titolo e la didascalia. Ricordati di aggiungere un pulsante di invito all&#8217;azione, un elemento essenziale di qualsiasi banner. E sicuramente puoi modificare il design generale del widget nel modo di cui hai bisogno. <\/p> <p><b>Utilizzando il banner accattivante sul tuo sito web, promuovi i tuoi prodotti e servizi, motivando pi\u00f9 visitatori del sito web a effettuare un acquisto<\/b><\/p> <\/div> <div class=\"application-platform-content-item-features  application-platform-content-item\" id=\"features \" data-nav-section=\"features \"> <h2>Di seguito troverai le principali funzionalit\u00e0 del widget: <\/h2> <ul><li>Carica immagini e video. <\/li><li>Allega link, email o telefono <\/li><li>Allega titolo e testo della didascalia. <\/li><li>Costruisci un pulsante CTA. <\/li><li>Lascia che il pulsante venga riempito o delineato. <\/li><\/ul><p><a href=\"#demo\">Prova semplicemente questa demo per vedere come funziona<\/a><\/p> <\/div> <div class=\"application-platform-content-item-installation application-platform-content-item\" id=\"installation\" data-nav-section=\"installation\"> <h2>Come faccio ad aggiungere banner sul mio sito web iFrame? <\/h2> <p>Basta applicare le istruzioni seguenti per attivare il widget. <\/p> <ol><li><b>Lancia la nostra demo gratuita e inizia a creare il tuo widget unico. <\/b><br> Scegli l&#8217;interfaccia e le funzionalit\u00e0 preferite dello strumento e salva le modifiche. <\/li> <li><b>Ricevi il codice individuale mostrato nell&#8217;apposito modulo su Elfsight Apps. <\/b><br> Subito dopo aver completato la creazione del tuo strumento, copia il codice esclusivo nel popup visualizzato e conservalo per occasioni future. <\/li> <li><b>Inizia a utilizzare il widget sul tuo sito iFrame. <\/b><br> Integra il codice che hai salvato di recente nel tuo sito web e applica le modifiche. <\/li> <li><b>Fatto! L&#8217;integrazione \u00e8 completamente compiuta. <\/b><br> Visita la tua pagina per verificare il funzionamento dello strumento. <\/li><\/ol> <p>In caso di difficolt\u00e0, non aver paura di rivolgerti al nostro personale del servizio clienti. I nostri specialisti desiderano risolvere tutti i problemi che potresti riscontrare con lo strumento. <\/p> <div class=\"faq\" data-component=\"FAQ\"> <div class=\"faq-item\">\r\n\t\t\t\t\t<div class=\"faq-item-question\">\r\n\t\t\t\t\t\t<h3 class=\"faq-item-question-text\">Come aggiungere Banner al mio sito web iFrame senza competenze di codifica?<\/h3>\r\n\r\n\t\t\t\t\t\t<div class=\"faq-item-question-icon\"><\/div>\r\n\t\t\t\t\t<\/div>\r\n\r\n\t\t\t\t\t<div class=\"faq-item-answer\">\r\n\t\t\t\t\t\t<div class=\"faq-item-answer-text\"> <p>Elfsight fornisce una soluzione SaaS che ti consente di creare tu stesso un widget Banner, scopri quanto \u00e8 semplice il processo: Lavora direttamente nell&#8217;Editor online per creare un widget Banner che vorresti vedere sul tuo sito iFrame. Scegli uno dei modelli predefiniti e regola le impostazioni del banner, aggiungi i tuoi contenuti, modifica il layout e la combinazione di colori senza competenze di codifica. Salva il Banner e copia il suo codice di installazione, che potrai aggiungere facilmente nel tuo sito iFrame senza acquistare una versione a pagamento. Con il nostro editor intuitivo qualsiasi utente di Internet pu\u00f2 creare widget banner online e incorporarlo facilmente nel proprio sito Web iFrame. Non \u00e8 necessario pagare o inserire le credenziali della carta per accedere al servizio. In caso di problemi in qualsiasi momento, non esitate a contattare il nostro team di supporto tecnico.<\/p> <\/div>\r\n\t\t\t\t\t<\/div>\r\n\t\t\t\t<\/div> <\/div> <\/div>","protected":false},"excerpt":{"rendered":"","protected":false},"author":9,"featured_media":0,"parent":2468,"menu_order":0,"comment_status":"closed","ping_status":"closed","template":"templates\/template-application-platform.php","meta":{"publish_to_discourse":"","publish_post_category":"","wpdc_auto_publish_overridden":"","wpdc_topic_tags":"","wpdc_pin_topic":"","wpdc_pin_until":"","discourse_post_id":"","discourse_permalink":"","wpdc_publishing_response":"","wpdc_publishing_error":"","footnotes":""},"class_list":["post-3786","page","type-page","status-publish","hentry"],"yoast_head":"<!-- This site is optimized with the Yoast SEO plugin v25.3.1 - https:\/\/yoast.com\/wordpress\/plugins\/seo\/ -->\n<title>Incorpora il widget Banner nel sito web iFrame. Veloce e gratuito (2025)<\/title>\n<meta name=\"description\" content=\"Aggiungi un widget iFrame Banner intuitivo sul tuo sito web. Prova la pratica demo di Elfsight e genera il tuo elegante banner in pochi clic\" \/>\n<meta name=\"robots\" content=\"index, follow, max-snippet:-1, max-image-preview:large, max-video-preview:-1\" \/>\n<link rel=\"canonical\" href=\"https:\/\/elfsight.com\/it\/banner-widget\/iframe\/\" \/>\n<meta property=\"og:locale\" content=\"it_IT\" \/>\n<meta property=\"og:type\" content=\"article\" \/>\n<meta property=\"og:title\" content=\"Incorpora il widget Banner nel sito web iFrame. Veloce e gratuito (2025)\" \/>\n<meta property=\"og:description\" content=\"Aggiungi un widget iFrame Banner intuitivo sul tuo sito web. Prova la pratica demo di Elfsight e genera il tuo elegante banner in pochi clic\" \/>\n<meta property=\"og:url\" content=\"https:\/\/elfsight.com\/it\/banner-widget\/iframe\/\" \/>\n<meta property=\"og:site_name\" content=\"Elfsight IT\" \/>\n<meta property=\"article:modified_time\" content=\"2024-11-12T07:56:30+00:00\" \/>\n<meta name=\"twitter:card\" content=\"summary_large_image\" \/>\n<meta name=\"twitter:label1\" content=\"Tempo di lettura stimato\" \/>\n\t<meta name=\"twitter:data1\" content=\"2 minuti\" \/>\n<!-- \/ Yoast SEO plugin. -->","yoast_head_json":{"title":"Incorpora il widget Banner nel sito web iFrame. Veloce e gratuito (2025)","description":"Aggiungi un widget iFrame Banner intuitivo sul tuo sito web. Prova la pratica demo di Elfsight e genera il tuo elegante banner in pochi clic","robots":{"index":"index","follow":"follow","max-snippet":"max-snippet:-1","max-image-preview":"max-image-preview:large","max-video-preview":"max-video-preview:-1"},"canonical":"https:\/\/elfsight.com\/it\/banner-widget\/iframe\/","og_locale":"it_IT","og_type":"article","og_title":"Incorpora il widget Banner nel sito web iFrame. Veloce e gratuito (2025)","og_description":"Aggiungi un widget iFrame Banner intuitivo sul tuo sito web. Prova la pratica demo di Elfsight e genera il tuo elegante banner in pochi clic","og_url":"https:\/\/elfsight.com\/it\/banner-widget\/iframe\/","og_site_name":"Elfsight IT","article_modified_time":"2024-11-12T07:56:30+00:00","twitter_card":"summary_large_image","twitter_misc":{"Tempo di lettura stimato":"2 minuti"},"schema":{"@context":"https:\/\/schema.org","@graph":[{"@type":"WebPage","@id":"https:\/\/elfsight.com\/it\/banner-widget\/iframe\/","url":"https:\/\/elfsight.com\/it\/banner-widget\/iframe\/","name":"Incorpora il widget Banner nel sito web iFrame. Veloce e gratuito (2025)","isPartOf":{"@id":"https:\/\/elfsight.com\/it\/#website"},"datePublished":"2024-05-03T06:29:55+00:00","dateModified":"2024-11-12T07:56:30+00:00","description":"Aggiungi un widget iFrame Banner intuitivo sul tuo sito web. Prova la pratica demo di Elfsight e genera il tuo elegante banner in pochi clic","breadcrumb":{"@id":"https:\/\/elfsight.com\/it\/banner-widget\/iframe\/#breadcrumb"},"inLanguage":"it-IT","potentialAction":[{"@type":"ReadAction","target":["https:\/\/elfsight.com\/it\/banner-widget\/iframe\/"]}]},{"@type":"BreadcrumbList","@id":"https:\/\/elfsight.com\/it\/banner-widget\/iframe\/#breadcrumb","itemListElement":[{"@type":"ListItem","position":1,"name":"Home","item":"https:\/\/elfsight.com\/it\/"},{"@type":"ListItem","position":2,"name":"Banner","item":"https:\/\/elfsight.com\/it\/banner-widget\/"},{"@type":"ListItem","position":3,"name":"Banner &#8211; iFrame"}]},{"@type":"WebSite","@id":"https:\/\/elfsight.com\/it\/#website","url":"https:\/\/elfsight.com\/it\/","name":"Elfsight IT","description":"Just another Elfsight Sites site","potentialAction":[{"@type":"SearchAction","target":{"@type":"EntryPoint","urlTemplate":"https:\/\/elfsight.com\/it\/?s={search_term_string}"},"query-input":{"@type":"PropertyValueSpecification","valueRequired":true,"valueName":"search_term_string"}}],"inLanguage":"it-IT"}]}},"meta_box":{"industry":"","seo_heading":"","heading":"","description":"","cta_heading":"","cta_description":"","application":"2467","h1":"Widget banner iFrame","h1_caption":"Visualizza banner personalizzabili sul tuo sito web per promuovere offerte, annunciare eventi o attirare l'attenzione sui contenuti chiave del tuo sito web iFrame senza sforzo.","application_category":[],"applications_title":"","applications_request_title":"","applications_request_button_text":"","hero_text":"","hero_video":"","hero_video_schema_markup":"","selling_points_title":"","selling_points_caption":"","selling_points":[],"selling_points_cta_text":"","features_title":"","features":"","ed_cta_examples_text":"","ed_cta_examples_hidden":"","ed_cta_demo_text":"","ed_cta_demo_hidden":"","why_caption":"","why_editor_title":"","why_editor_text":"","why_team_title":"","why_team_text":"","why_service_title":"","why_service_text":"","template_catalog_visible":"","template_catalog_title":"","template_catalog_text":"","template_catalog_categories_visible":"","demo_title":"Crea il tuo widget Banner","demo_caption":"Configura il tuo Banner e aggiungilo gratuitamente al tuo sito iFrame!","default_faq_hidden":"","app_template_category":[],"platform":"54","template_public_id":"","codecanyon_url":"","codecanyon_item_id":"","codecanyon_price":"","pricing_caption":"","pricing_elfsight_apps_hide_column":"","pricing_elfsight_apps_url":"","pricing_codecanyon_price_caption":"","integration_category":[],"integration_request_title":"","integration_request_cta":"","integration_platform":"","integrations":[],"platform_category":[],"video_schema_markup":"","price":"da $ 0 al mese","trial":"","benefits":[{"text":"Servizio di installazione gratuito"},{"text":"Assistenza clienti competente"},{"text":"Garanzia di rimborso di 14 giorni"},{"text":"Sviluppo continuo"}],"button_url":"#demo","button_target_blank":"","button_nofollow":"","attributes":[{"name":"Installazioni"},{"name":"Reattivo","content":"S\u00cc"},{"name":"Browser compatibili","content":"IE11, Firefox, Safari, Opera, Chrome, Edge"}],"tags":[],"tags_disable_links":"","hide_more_platforms":"","video_object":"","demo_hide_cta":"","demo_hide_cloud_options":"","pricing_title":"","pricing":[{"pricing_icon":"platform","pricing_title":"Elfsight Apps","pricing_title_caption":"Soluzione digitale multipiattaforma","pricing_price":"da $ 0 \/ mese","pricing_price_caption":"inizia con un piano gratuito","pricing_benefits":[{"text":"Domini illimitati"},{"text":"Supporto rapido e puntuale e ben documentato"},{"text":"Servizio di installazione gratuito"},{"text":"100% personalizzabile"}],"pricing_button_text":"Aggiungi al sito web","pricing_button_url":"#demo"}],"related_apps_title":"","related_apps_hidden":"","author":"","image":[],"title":"","job":"","social_networks":[]},"_links":{"self":[{"href":"https:\/\/elfsight.com\/it\/wp-json\/wp\/v2\/pages\/3786","targetHints":{"allow":["GET"]}}],"collection":[{"href":"https:\/\/elfsight.com\/it\/wp-json\/wp\/v2\/pages"}],"about":[{"href":"https:\/\/elfsight.com\/it\/wp-json\/wp\/v2\/types\/page"}],"author":[{"embeddable":true,"href":"https:\/\/elfsight.com\/it\/wp-json\/wp\/v2\/users\/9"}],"replies":[{"embeddable":true,"href":"https:\/\/elfsight.com\/it\/wp-json\/wp\/v2\/comments?post=3786"}],"version-history":[{"count":1,"href":"https:\/\/elfsight.com\/it\/wp-json\/wp\/v2\/pages\/3786\/revisions"}],"predecessor-version":[{"id":3790,"href":"https:\/\/elfsight.com\/it\/wp-json\/wp\/v2\/pages\/3786\/revisions\/3790"}],"up":[{"embeddable":true,"href":"https:\/\/elfsight.com\/it\/wp-json\/wp\/v2\/pages\/2468"}],"wp:attachment":[{"href":"https:\/\/elfsight.com\/it\/wp-json\/wp\/v2\/media?parent=3786"}],"curies":[{"name":"wp","href":"https:\/\/api.w.org\/{rel}","templated":true}]}}