{"id":3778,"date":"2024-05-03T06:29:51","date_gmt":"2024-05-03T06:29:51","guid":{"rendered":"https:\/\/elfsight.com\/it\/?page_id=3778"},"modified":"2024-11-12T07:56:22","modified_gmt":"2024-11-12T07:56:22","slug":"opencart","status":"publish","type":"page","link":"https:\/\/elfsight.com\/it\/banner-widget\/opencart\/","title":{"rendered":"Banner &#8211; OpenCart"},"content":{"rendered":"<div class=\"application-platform-content-item-description application-platform-content-item\" id=\"description\" data-nav-section=\"description\"> <h2>Descrizione<\/h2> <p>L&#8217;estensione Elfsight Banner per OpenCart \u00e8 una funzionalit\u00e0 altamente personalizzabile. Attualmente hai la possibilit\u00e0 di creare un banner promozionale per qualsiasi obiettivo. Tutto quello che devi fare \u00e8 selezionare un&#8217;immagine di sfondo, il tipo di sfondo, decidere la sua posizione, aggiungere il titolo e il testo. Non dimenticare di aggiungere un pulsante di invito all&#8217;azione, un elemento centrale di qualsiasi banner promozionale. E ovviamente sei libero di regolare i colori del widget nel modo che preferisci. <\/p> <p><b>Tramite il banner accattivante sul tuo sito web, promuovi i tuoi prodotti e servizi, spingendo pi\u00f9 visitatori a effettuare un acquisto<\/b><\/p> <\/div> <div class=\"application-platform-content-item- features application-platform-content-item\" id=\" features\" data-nav-section=\" features\"> <h2>Queste sono solo alcune delle varie funzionalit\u00e0 del widget: <\/h2> <ul><li>Carica foto e video. <\/li><li>Aggiungi link, email o telefono <\/li><li>Allega titolo e testo. <\/li><li>Crea un pulsante CTA. <\/li><li>Consenti al tuo pulsante di essere compilato o delineato. <\/li><\/ul><p><a href=\"#demo\">Puoi scoprire tutte le funzionalit\u00e0 del widget nella demo in questa pagina<\/a><\/p> <\/div> <div class=\"application-platform-content-item-installazione application-platform-content-item\" id=\"installazione\" data-nav-section=\"installazione\"> <h2>Come posso aggiungere Banner al mio sito Web OpenCart? <\/h2> <p>Basta seguire questi passaggi indicati di seguito per attivare lo strumento. <\/p> <ol><li><b>Apri la nostra demo gratuita e inizia a creare la tua estensione personalizzata. <\/b><br> Scegli il layout e i tratti funzionali desiderati dell&#8217;estensione e salva le modifiche. <\/li> <li><b>Ricevi il tuo codice individuale che viene mostrato nella finestra sulle app Elfsight. <\/b><br> Una volta terminata la creazione del tuo widget, copia il codice esclusivo dalla finestra visualizzata e conservalo per un utilizzo successivo. <\/li> <li><b>Inizia a utilizzare il widget sul sito Web OpenCart. <\/b><br> Incolla il codice che hai salvato di recente nella tua pagina e salva i miglioramenti. <\/li> <li><b>L&#8217;installazione \u00e8 stata completata. <\/b><br> Visita il tuo sito per vedere in azione il funzionamento dello strumento. <\/li><\/ol> <p>Se hai domande o incontri difficolt\u00e0, non esitare a contattare il nostro staff di supporto. Il nostro personale sar\u00e0 lieto di risolvere tutte le domande che potresti avere con il widget. <\/p> <div class=\"faq\" data-component=\"FAQ\"> <div class=\"faq-item\">\r\n\t\t\t\t\t<div class=\"faq-item-question\">\r\n\t\t\t\t\t\t<h3 class=\"faq-item-question-text\">Come aggiungere Banner al mio sito Web OpenCart senza competenze di codifica?<\/h3>\r\n\r\n\t\t\t\t\t\t<div class=\"faq-item-question-icon\"><\/div>\r\n\t\t\t\t\t<\/div>\r\n\r\n\t\t\t\t\t<div class=\"faq-item-answer\">\r\n\t\t\t\t\t\t<div class=\"faq-item-answer-text\"> <p>Elfsight fornisce una soluzione SaaS che ti consente di creare tu stesso un widget Banner, scopri quanto \u00e8 semplice il processo: Lavora direttamente nell&#8217;editor online per creare un widget banner che vorresti vedere sul tuo sito web OpenCart. Scegli uno dei modelli predefiniti e regola le impostazioni del banner, aggiungi i tuoi contenuti, modifica il layout e la combinazione di colori senza alcuna competenza di codifica. Salva il Banner e copia il suo codice di installazione, che potrai incollare facilmente nel tuo sito OpenCart senza acquistare una versione a pagamento. Con il nostro editor intuitivo qualsiasi utente di Internet pu\u00f2 creare widget Banner online e incorporarlo facilmente nel proprio sito Web OpenCart. Non \u00e8 necessario pagare o inserire le credenziali della carta per accedere al servizio. In caso di problemi in qualsiasi momento, non esitate a contattare il nostro team di supporto tecnico.<\/p> <\/div>\r\n\t\t\t\t\t<\/div>\r\n\t\t\t\t<\/div> <\/div> <\/div>","protected":false},"excerpt":{"rendered":"","protected":false},"author":9,"featured_media":0,"parent":2468,"menu_order":0,"comment_status":"closed","ping_status":"closed","template":"templates\/template-application-platform.php","meta":{"publish_to_discourse":"","publish_post_category":"","wpdc_auto_publish_overridden":"","wpdc_topic_tags":"","wpdc_pin_topic":"","wpdc_pin_until":"","discourse_post_id":"","discourse_permalink":"","wpdc_publishing_response":"","wpdc_publishing_error":"","footnotes":""},"class_list":["post-3778","page","type-page","status-publish","hentry"],"yoast_head":"<!-- This site is optimized with the Yoast SEO plugin v25.3.1 - https:\/\/yoast.com\/wordpress\/plugins\/seo\/ -->\n<title>Aggiungi l&#039;estensione Banner al sito Web OpenCart. Gratuito e veloce (2026)<\/title>\n<meta name=\"description\" content=\"Aggiungi un&#039;estensione banner OpenCart reattiva sulla pagina. Prova la pratica demo di Elfsight e modifica il tuo affascinante Banner in due minuti\" \/>\n<meta name=\"robots\" content=\"index, follow, max-snippet:-1, max-image-preview:large, max-video-preview:-1\" \/>\n<link rel=\"canonical\" href=\"https:\/\/elfsight.com\/it\/banner-widget\/opencart\/\" \/>\n<meta property=\"og:locale\" content=\"it_IT\" \/>\n<meta property=\"og:type\" content=\"article\" \/>\n<meta property=\"og:title\" content=\"Aggiungi l&#039;estensione Banner al sito Web OpenCart. Gratuito e veloce (2026)\" \/>\n<meta property=\"og:description\" content=\"Aggiungi un&#039;estensione banner OpenCart reattiva sulla pagina. Prova la pratica demo di Elfsight e modifica il tuo affascinante Banner in due minuti\" \/>\n<meta property=\"og:url\" content=\"https:\/\/elfsight.com\/it\/banner-widget\/opencart\/\" \/>\n<meta property=\"og:site_name\" content=\"Elfsight IT\" \/>\n<meta property=\"article:modified_time\" content=\"2024-11-12T07:56:22+00:00\" \/>\n<meta name=\"twitter:card\" content=\"summary_large_image\" \/>\n<meta name=\"twitter:label1\" content=\"Tempo di lettura stimato\" \/>\n\t<meta name=\"twitter:data1\" content=\"2 minuti\" \/>\n<!-- \/ Yoast SEO plugin. -->","yoast_head_json":{"title":"Aggiungi l'estensione Banner al sito Web OpenCart. Gratuito e veloce (2026)","description":"Aggiungi un'estensione banner OpenCart reattiva sulla pagina. Prova la pratica demo di Elfsight e modifica il tuo affascinante Banner in due minuti","robots":{"index":"index","follow":"follow","max-snippet":"max-snippet:-1","max-image-preview":"max-image-preview:large","max-video-preview":"max-video-preview:-1"},"canonical":"https:\/\/elfsight.com\/it\/banner-widget\/opencart\/","og_locale":"it_IT","og_type":"article","og_title":"Aggiungi l'estensione Banner al sito Web OpenCart. Gratuito e veloce (2026)","og_description":"Aggiungi un'estensione banner OpenCart reattiva sulla pagina. Prova la pratica demo di Elfsight e modifica il tuo affascinante Banner in due minuti","og_url":"https:\/\/elfsight.com\/it\/banner-widget\/opencart\/","og_site_name":"Elfsight IT","article_modified_time":"2024-11-12T07:56:22+00:00","twitter_card":"summary_large_image","twitter_misc":{"Tempo di lettura stimato":"2 minuti"},"schema":{"@context":"https:\/\/schema.org","@graph":[{"@type":"WebPage","@id":"https:\/\/elfsight.com\/it\/banner-widget\/opencart\/","url":"https:\/\/elfsight.com\/it\/banner-widget\/opencart\/","name":"Aggiungi l'estensione Banner al sito Web OpenCart. Gratuito e veloce (2026)","isPartOf":{"@id":"https:\/\/elfsight.com\/it\/#website"},"datePublished":"2024-05-03T06:29:51+00:00","dateModified":"2024-11-12T07:56:22+00:00","description":"Aggiungi un'estensione banner OpenCart reattiva sulla pagina. Prova la pratica demo di Elfsight e modifica il tuo affascinante Banner in due minuti","breadcrumb":{"@id":"https:\/\/elfsight.com\/it\/banner-widget\/opencart\/#breadcrumb"},"inLanguage":"it-IT","potentialAction":[{"@type":"ReadAction","target":["https:\/\/elfsight.com\/it\/banner-widget\/opencart\/"]}]},{"@type":"BreadcrumbList","@id":"https:\/\/elfsight.com\/it\/banner-widget\/opencart\/#breadcrumb","itemListElement":[{"@type":"ListItem","position":1,"name":"Home","item":"https:\/\/elfsight.com\/it\/"},{"@type":"ListItem","position":2,"name":"Banner","item":"https:\/\/elfsight.com\/it\/banner-widget\/"},{"@type":"ListItem","position":3,"name":"Banner &#8211; OpenCart"}]},{"@type":"WebSite","@id":"https:\/\/elfsight.com\/it\/#website","url":"https:\/\/elfsight.com\/it\/","name":"Elfsight IT","description":"Just another Elfsight Sites site","potentialAction":[{"@type":"SearchAction","target":{"@type":"EntryPoint","urlTemplate":"https:\/\/elfsight.com\/it\/?s={search_term_string}"},"query-input":{"@type":"PropertyValueSpecification","valueRequired":true,"valueName":"search_term_string"}}],"inLanguage":"it-IT"}]}},"meta_box":{"industry":"","seo_heading":"","heading":"","description":"","cta_heading":"","cta_description":"","application":"2467","h1":"Estensione banner OpenCart","h1_caption":"Visualizza banner personalizzabili sul tuo sito web per promuovere offerte, annunciare eventi o attirare l'attenzione sui contenuti chiave nel tuo sito web Opencart senza sforzo.","application_category":[],"applications_title":"","applications_request_title":"","applications_request_button_text":"","hero_text":"","hero_video":"","hero_video_schema_markup":"","selling_points_title":"","selling_points_caption":"","selling_points":[],"selling_points_cta_text":"","features_title":"","features":"","ed_cta_examples_text":"","ed_cta_examples_hidden":"","ed_cta_demo_text":"","ed_cta_demo_hidden":"","why_caption":"","why_editor_title":"","why_editor_text":"","why_team_title":"","why_team_text":"","why_service_title":"","why_service_text":"","template_catalog_visible":"","template_catalog_title":"","template_catalog_text":"","template_catalog_categories_visible":"","demo_title":"Crea la tua estensione Banner","demo_caption":"Configura il tuo banner e aggiungilo gratuitamente al tuo sito OpenCart!","default_faq_hidden":"","app_template_category":[],"platform":"41","template_public_id":"","codecanyon_url":"","codecanyon_item_id":"","codecanyon_price":"","pricing_caption":"","pricing_elfsight_apps_hide_column":"","pricing_elfsight_apps_url":"","pricing_codecanyon_price_caption":"","integration_category":[],"integration_request_title":"","integration_request_cta":"","integration_platform":"","integrations":[],"platform_category":[],"video_schema_markup":"","price":"da $ 0 al mese","trial":"","benefits":[{"text":"Assistenza gratuita per l'installazione"},{"text":"Supporto eccezionale"},{"text":"Garanzia di rimborso di 14 giorni"},{"text":"Sviluppo continuo"}],"button_url":"#demo","button_target_blank":"","button_nofollow":"","attributes":[{"name":"Installazioni"},{"name":"Reattivo","content":"S\u00cc"},{"name":"Browser compatibili","content":"Firefox, Safari, Opera, Chrome, Edge"}],"tags":[],"tags_disable_links":"","hide_more_platforms":"","video_object":"","demo_hide_cta":"","demo_hide_cloud_options":"","pricing_title":"","pricing":[{"pricing_icon":"platform","pricing_title":"Elfsight Apps","pricing_title_caption":"Software multipiattaforma","pricing_price":"da $ 0 \/ mese","pricing_price_caption":"inizia con un piano gratuito","pricing_benefits":[{"text":"Domini illimitati"},{"text":"Supporto rapido e puntuale e ben documentato"},{"text":"Supporto per l'installazione senza costi"},{"text":"100% personalizzabile"}],"pricing_button_text":"Aggiungi al sito web","pricing_button_url":"#demo"}],"related_apps_title":"","related_apps_hidden":"","author":"","image":[],"title":"","job":"","social_networks":[]},"_links":{"self":[{"href":"https:\/\/elfsight.com\/it\/wp-json\/wp\/v2\/pages\/3778","targetHints":{"allow":["GET"]}}],"collection":[{"href":"https:\/\/elfsight.com\/it\/wp-json\/wp\/v2\/pages"}],"about":[{"href":"https:\/\/elfsight.com\/it\/wp-json\/wp\/v2\/types\/page"}],"author":[{"embeddable":true,"href":"https:\/\/elfsight.com\/it\/wp-json\/wp\/v2\/users\/9"}],"replies":[{"embeddable":true,"href":"https:\/\/elfsight.com\/it\/wp-json\/wp\/v2\/comments?post=3778"}],"version-history":[{"count":1,"href":"https:\/\/elfsight.com\/it\/wp-json\/wp\/v2\/pages\/3778\/revisions"}],"predecessor-version":[{"id":3782,"href":"https:\/\/elfsight.com\/it\/wp-json\/wp\/v2\/pages\/3778\/revisions\/3782"}],"up":[{"embeddable":true,"href":"https:\/\/elfsight.com\/it\/wp-json\/wp\/v2\/pages\/2468"}],"wp:attachment":[{"href":"https:\/\/elfsight.com\/it\/wp-json\/wp\/v2\/media?parent=3778"}],"curies":[{"name":"wp","href":"https:\/\/api.w.org\/{rel}","templated":true}]}}