{"id":3772,"date":"2024-05-03T06:29:49","date_gmt":"2024-05-03T06:29:49","guid":{"rendered":"https:\/\/elfsight.com\/it\/?page_id=3772"},"modified":"2026-01-20T09:31:24","modified_gmt":"2026-01-20T09:31:24","slug":"squarespace","status":"publish","type":"page","link":"https:\/\/elfsight.com\/it\/banner-widget\/squarespace\/","title":{"rendered":"Banner &#8211; Squarespace"},"content":{"rendered":"<div class=\"application-platform-content-item-description application-platform-content-item\" id=\"description\" data-nav-section=\"description\"> <h2>Incorpora banner su Squarespace con il widget Elfsight<\/h2> <p>Il plugin Elfsight Banner per Squarespace \u00e8 una funzionalit\u00e0 altamente personalizzabile. Ora hai la possibilit\u00e0 di creare un banner promozionale per qualsiasi scopo. Tutto quello che devi fare \u00e8 scegliere un&#8217;immagine di sfondo, il tipo di sfondo, decidere la sua posizione, aggiungere il titolo e il testo. Ricorda di aggiungere un pulsante CTA, una parte essenziale di qualsiasi banner. E sicuramente sei libero di modificare il design generale del widget nel modo in cui funziona per te. <\/p> <p><b>Applicando il nostro banner accattivante sulle pagine del tuo sito web, rafforza le tue offerte e i tuoi servizi, spingendo pi\u00f9 utenti a effettuare un acquisto<\/b><\/p> <\/div> <div class=\"application-platform-content-item-features  application-platform-content-item\" id=\"features \" data-nav-section=\"features \"> <h2>Di seguito trovi le caratteristiche fondamentali del widget: <\/h2> <ul><li>Carica foto e video. <\/li><li>Allega link, email o telefono <\/li><li>Allega titolo e testo. <\/li><li>Crea un pulsante CTA. <\/li><li>Consenti al tuo pulsante di essere riempito o delineato. <\/li><\/ul><p><a href=\"#demo\">Puoi verificare quanto vale il plugin utilizzando la demo<\/a><\/p> <\/div> <div class=\"application-platform-content-item-installation application-platform-content-item\" id=\"installation\" data-nav-section=\"installation\"> <h2>Come incorporare Banner nel mio sito Squarespace? <\/h2> <div class=\"video-container\">\n<iframe width=\"720\" height=\"405\" src=\"https:\/\/www.youtube.com\/embed\/S4nquvgPPW4?si=jvHkOt_daWvziMxM\" frameborder=\"0\" allowfullscreen=\"\"><\/iframe>\n<\/div><p>Segui semplicemente questi passaggi presentati di seguito per aggiungere il plugin. <\/p> <ol><li><b>Apri il nostro editor gratuito e inizia a creare il tuo plugin personalizzato. <\/b><br> Determina l&#8217;aspetto e gli aspetti preferiti del plugin e salva le correzioni. <\/li> <li><b>Ricevi il codice individuale che viene mostrato nella finestra sulle App Elfsight. <\/b><br> Una volta completata la creazione del tuo widget personale, copia il codice personale nella finestra emersa e salvalo per necessit\u00e0 future. <\/li> <li><b>Inizia a utilizzare lo strumento sul tuo sito Squarespace. <\/b><br> Inserisci il codice salvato di recente nel tuo sito web e applica le modifiche. <\/li> <li><b>L&#8217;installazione \u00e8 completamente terminata. <\/b><br> Visita il tuo sito per dare un&#8217;occhiata alle prestazioni dello strumento. <\/li><\/ol> <p>A condizione di gestire richieste o affrontare eventuali problemi, non aver paura di contattare il nostro team di supporto. I nostri specialisti sono ansiosi di risolvere tutti i problemi che potresti riscontrare con il plugin. <\/p> <div class=\"faq\" data-component=\"FAQ\"> <div class=\"faq-item\">\r\n\t\t\t\t\t<div class=\"faq-item-question\">\r\n\t\t\t\t\t\t<h3 class=\"faq-item-question-text\">Come posso aggiungere Banner al mio sito web Squarespace senza competenze di programmazione?<\/h3>\r\n\r\n\t\t\t\t\t\t<div class=\"faq-item-question-icon\"><\/div>\r\n\t\t\t\t\t<\/div>\r\n\r\n\t\t\t\t\t<div class=\"faq-item-answer\">\r\n\t\t\t\t\t\t<div class=\"faq-item-answer-text\"> <p>Elfsight fornisce una soluzione SaaS che ti consente di creare tu stesso un widget Banner, scopri quanto \u00e8 semplice il processo : lavora direttamente nell&#8217;editor online per creare un widget banner che vorresti vedere sul tuo sito web Squarespace. Scegli uno dei modelli predefiniti e regola le impostazioni del banner, aggiungi i tuoi contenuti, modifica il layout e la combinazione di colori senza alcuna competenza di codifica. Salva il Banner e copia il suo codice di installazione, che potrai facilmente incorporare nel tuo sito Squarespace senza acquistare un abbonamento a pagamento. Con il nostro editor intuitivo qualsiasi utente di Internet pu\u00f2 creare widget banner online e incorporarlo facilmente nel proprio sito web Squarespace. Non \u00e8 necessario pagare o inserire le credenziali della carta per accedere al servizio. In caso di problemi in qualsiasi momento, non esitate a contattare il nostro team di supporto tecnico.<\/p> <\/div>\r\n\t\t\t\t\t<\/div>\r\n\t\t\t\t<\/div> <\/div> <\/div>","protected":false},"excerpt":{"rendered":"","protected":false},"author":9,"featured_media":0,"parent":2468,"menu_order":0,"comment_status":"closed","ping_status":"closed","template":"templates\/template-application-platform.php","meta":{"publish_to_discourse":"","publish_post_category":"","wpdc_auto_publish_overridden":"","wpdc_topic_tags":"","wpdc_pin_topic":"","wpdc_pin_until":"","discourse_post_id":"","discourse_permalink":"","wpdc_publishing_response":"","wpdc_publishing_error":"","footnotes":""},"class_list":["post-3772","page","type-page","status-publish","hentry"],"yoast_head":"<!-- This site is optimized with the Yoast SEO plugin v25.3.1 - https:\/\/yoast.com\/wordpress\/plugins\/seo\/ -->\n<title>Incorpora il plugin Banner nel sito web di Squarespace. Veloce e gratuito ( 2025 )<\/title>\n<meta name=\"description\" content=\"Aggiungi un plug-in Squarespace Banner facile da gestire sul sito. Prova la pratica demo di Elfsight e crea il tuo straordinario banner in tre minuti\" \/>\n<meta name=\"robots\" content=\"index, follow, max-snippet:-1, max-image-preview:large, max-video-preview:-1\" \/>\n<link rel=\"canonical\" href=\"https:\/\/elfsight.com\/it\/banner-widget\/squarespace\/\" \/>\n<meta property=\"og:locale\" content=\"it_IT\" \/>\n<meta property=\"og:type\" content=\"article\" \/>\n<meta property=\"og:title\" content=\"Incorpora il plugin Banner nel sito web di Squarespace. Veloce e gratuito ( 2025 )\" \/>\n<meta property=\"og:description\" content=\"Aggiungi un plug-in Squarespace Banner facile da gestire sul sito. Prova la pratica demo di Elfsight e crea il tuo straordinario banner in tre minuti\" \/>\n<meta property=\"og:url\" content=\"https:\/\/elfsight.com\/it\/banner-widget\/squarespace\/\" \/>\n<meta property=\"og:site_name\" content=\"Elfsight IT\" \/>\n<meta property=\"article:modified_time\" content=\"2026-01-20T09:31:24+00:00\" \/>\n<meta name=\"twitter:card\" content=\"summary_large_image\" \/>\n<meta name=\"twitter:label1\" content=\"Tempo di lettura stimato\" \/>\n\t<meta name=\"twitter:data1\" content=\"3 minuti\" \/>\n<!-- \/ Yoast SEO plugin. -->","yoast_head_json":{"title":"Incorpora il plugin Banner nel sito web di Squarespace. Veloce e gratuito ( 2025 )","description":"Aggiungi un plug-in Squarespace Banner facile da gestire sul sito. Prova la pratica demo di Elfsight e crea il tuo straordinario banner in tre minuti","robots":{"index":"index","follow":"follow","max-snippet":"max-snippet:-1","max-image-preview":"max-image-preview:large","max-video-preview":"max-video-preview:-1"},"canonical":"https:\/\/elfsight.com\/it\/banner-widget\/squarespace\/","og_locale":"it_IT","og_type":"article","og_title":"Incorpora il plugin Banner nel sito web di Squarespace. Veloce e gratuito ( 2025 )","og_description":"Aggiungi un plug-in Squarespace Banner facile da gestire sul sito. Prova la pratica demo di Elfsight e crea il tuo straordinario banner in tre minuti","og_url":"https:\/\/elfsight.com\/it\/banner-widget\/squarespace\/","og_site_name":"Elfsight IT","article_modified_time":"2026-01-20T09:31:24+00:00","twitter_card":"summary_large_image","twitter_misc":{"Tempo di lettura stimato":"3 minuti"},"schema":{"@context":"https:\/\/schema.org","@graph":[{"@type":"WebPage","@id":"https:\/\/elfsight.com\/it\/banner-widget\/squarespace\/","url":"https:\/\/elfsight.com\/it\/banner-widget\/squarespace\/","name":"Incorpora il plugin Banner nel sito web di Squarespace. Veloce e gratuito ( 2025 )","isPartOf":{"@id":"https:\/\/elfsight.com\/it\/#website"},"datePublished":"2024-05-03T06:29:49+00:00","dateModified":"2026-01-20T09:31:24+00:00","description":"Aggiungi un plug-in Squarespace Banner facile da gestire sul sito. Prova la pratica demo di Elfsight e crea il tuo straordinario banner in tre minuti","breadcrumb":{"@id":"https:\/\/elfsight.com\/it\/banner-widget\/squarespace\/#breadcrumb"},"inLanguage":"it-IT","potentialAction":[{"@type":"ReadAction","target":["https:\/\/elfsight.com\/it\/banner-widget\/squarespace\/"]}]},{"@type":"BreadcrumbList","@id":"https:\/\/elfsight.com\/it\/banner-widget\/squarespace\/#breadcrumb","itemListElement":[{"@type":"ListItem","position":1,"name":"Home","item":"https:\/\/elfsight.com\/it\/"},{"@type":"ListItem","position":2,"name":"Banner","item":"https:\/\/elfsight.com\/it\/banner-widget\/"},{"@type":"ListItem","position":3,"name":"Banner &#8211; Squarespace"}]},{"@type":"WebSite","@id":"https:\/\/elfsight.com\/it\/#website","url":"https:\/\/elfsight.com\/it\/","name":"Elfsight IT","description":"Just another Elfsight Sites site","potentialAction":[{"@type":"SearchAction","target":{"@type":"EntryPoint","urlTemplate":"https:\/\/elfsight.com\/it\/?s={search_term_string}"},"query-input":{"@type":"PropertyValueSpecification","valueRequired":true,"valueName":"search_term_string"}}],"inLanguage":"it-IT"}]}},"meta_box":{"industry":"","seo_heading":"","heading":"","description":"","cta_heading":"","cta_description":"","application":"2467","h1":"Plug-in Banner di Squarespace","h1_caption":"Visualizza banner personalizzabili sul tuo sito web per promuovere offerte, annunciare eventi o attirare facilmente l'attenzione sui contenuti chiave nel tuo sito web Squarespace.","application_category":[],"applications_title":"","applications_request_title":"","applications_request_button_text":"","hero_text":"","hero_video":"","hero_video_schema_markup":"","selling_points_title":"","selling_points_caption":"","selling_points":[],"selling_points_cta_text":"","features_title":"","features":"","ed_cta_examples_text":"","ed_cta_examples_hidden":"","ed_cta_demo_text":"","ed_cta_demo_hidden":"","why_caption":"","why_editor_title":"","why_editor_text":"","why_team_title":"","why_team_text":"","why_service_title":"","why_service_text":"","template_catalog_visible":"0","template_catalog_title":"","template_catalog_text":"","template_catalog_categories_visible":"","demo_title":"Crea il tuo plug-in Banner","demo_caption":"Configura il tuo banner e aggiungilo gratuitamente al tuo sito web Squarespace!","default_faq_hidden":"","app_template_category":[],"platform":"43","template_public_id":"","codecanyon_url":"","codecanyon_item_id":"","codecanyon_price":"","pricing_caption":"","pricing_elfsight_apps_hide_column":"","pricing_elfsight_apps_url":"","pricing_codecanyon_price_caption":"","integration_category":[],"integration_request_title":"","integration_request_cta":"","integration_platform":"","integrations":[],"platform_category":[],"video_schema_markup":"","price":"da $ 0 al mese","trial":"","benefits":[{"text":"Assistenza per l'installazione gratuita"},{"text":"Servizio clienti efficace"},{"text":"Garanzia di rimborso di 14 giorni"},{"text":"Miglioramenti futuri"}],"button_url":"#demo","button_target_blank":"0","button_nofollow":"0","attributes":[{"name":"Installazioni"},{"name":"Reattivo","content":"S\u00cc"},{"name":"Browser compatibili","content":"Opera, Edge, Firefox, Chrome, Safari"}],"tags":[],"tags_disable_links":"0","hide_more_platforms":"0","video_object":"","demo_hide_cta":"0","demo_hide_cloud_options":"0","pricing_title":"","pricing":[{"pricing_icon":"platform","pricing_title":"Elfsight Apps","pricing_title_caption":"Soluzione digitale multipiattaforma","pricing_price":"da $ 0 \/ mese","pricing_price_caption":"inizia con un piano gratuito","pricing_benefits":[{"text":"Domini illimitati"},{"text":"Supporto aziendale professionale e ben documentato"},{"text":"Supporto gratuito per l'installazione"},{"text":"Completamente personalizzabile"}],"pricing_button_text":"Aggiungi al sito web","pricing_button_url":"#demo"}],"related_apps_title":"","related_apps_hidden":"0","author":"","image":[],"title":"","job":"","social_networks":[]},"_links":{"self":[{"href":"https:\/\/elfsight.com\/it\/wp-json\/wp\/v2\/pages\/3772","targetHints":{"allow":["GET"]}}],"collection":[{"href":"https:\/\/elfsight.com\/it\/wp-json\/wp\/v2\/pages"}],"about":[{"href":"https:\/\/elfsight.com\/it\/wp-json\/wp\/v2\/types\/page"}],"author":[{"embeddable":true,"href":"https:\/\/elfsight.com\/it\/wp-json\/wp\/v2\/users\/9"}],"replies":[{"embeddable":true,"href":"https:\/\/elfsight.com\/it\/wp-json\/wp\/v2\/comments?post=3772"}],"version-history":[{"count":2,"href":"https:\/\/elfsight.com\/it\/wp-json\/wp\/v2\/pages\/3772\/revisions"}],"predecessor-version":[{"id":10591,"href":"https:\/\/elfsight.com\/it\/wp-json\/wp\/v2\/pages\/3772\/revisions\/10591"}],"up":[{"embeddable":true,"href":"https:\/\/elfsight.com\/it\/wp-json\/wp\/v2\/pages\/2468"}],"wp:attachment":[{"href":"https:\/\/elfsight.com\/it\/wp-json\/wp\/v2\/media?parent=3772"}],"curies":[{"name":"wp","href":"https:\/\/api.w.org\/{rel}","templated":true}]}}