{"id":3771,"date":"2024-05-03T06:29:48","date_gmt":"2024-05-03T06:29:48","guid":{"rendered":"https:\/\/elfsight.com\/it\/?page_id=3771"},"modified":"2024-11-12T07:56:14","modified_gmt":"2024-11-12T07:56:14","slug":"webflow","status":"publish","type":"page","link":"https:\/\/elfsight.com\/it\/banner-widget\/webflow\/","title":{"rendered":"Banner &#8211; Webflow"},"content":{"rendered":"<div class=\"application-platform-content-item-description application-platform-content-item\" id=\"description\" data-nav-section=\"description\"> <h2>Incorpora banner su Webflow con il widget Elfsight<\/h2> <p>Il widget Elfsight Banner per Webflow \u00e8 una funzionalit\u00e0 estremamente personalizzabile. Attualmente hai la possibilit\u00e0 di creare un banner promozionale per qualsiasi obiettivo. Tutto quello che devi fare \u00e8 scegliere un&#8217;immagine di sfondo, il tipo di sfondo, impostarne la posizione, aggiungere il titolo e il testo. Ricordati di allegare un pulsante CTA: una parte essenziale di qualsiasi banner promozionale. E sicuramente sei libero di modificare i colori del widget nel modo che preferisci. <\/p> <p><b>Grazie al nostro accattivante banner sul tuo sito web, rafforza i tuoi prodotti e servizi, convincendo pi\u00f9 visitatori del sito web a effettuare un acquisto<\/b><\/p> <\/div> <div class=\"application-platform-content-item-features application-platform-content-item\" id=\"features\" data-nav-section=\"features\"> <h2>Ecco le caratteristiche fondamentali del widget: <\/h2> <ul><li>Carica foto e video. <\/li><li>Aggiungi link, email o telefono <\/li><li>Allega titolo e testo. <\/li><li>Forma il tuo pulsante CTA. <\/li><li>Consenti al pulsante di essere riempito o delineato. <\/li><\/ul><p><a href=\"#demo\">Puoi testare tutte le funzionalit\u00e0 del widget nella demo <\/a><\/p> <\/div> <div class=\"application-platform-content-item-installation  application-platform-content-item\" id=\"installation \" data-nav-section=\"installation \"> <h2>Come incorporare Banner nel mio sito web Webflow? <\/h2> <p>Segui semplicemente questi passaggi presentati di seguito per incorporare il widget. <\/p> <ol><li><b>Esegui la nostra demo gratuita e inizia a creare il tuo widget personalizzato. <\/b><br> Scegli la forma personalizzata e le caratteristiche del widget e salva le correzioni. <\/li> <li><b>Copia il tuo codice individuale rivelato nella casella su Elfsight Apps. <\/b><br> Una volta terminata la creazione del tuo strumento personale, copia il codice individuale nel popup emerso e conservalo per necessit\u00e0 successive. <\/li> <li><b>Inizia a utilizzare il widget sul sito Webflow. <\/b><br> Aggiungi il codice che hai copiato di recente nel tuo sito e salva le modifiche. <\/li> <li><b>Il gioco \u00e8 fatto! La configurazione \u00e8 completamente completata. <\/b><br> Vai al tuo sito per esaminare il funzionamento dello strumento. <\/li><\/ol> <p>Se riscontri complicazioni, non esitare a metterti in contatto con il nostro team di supporto. I nostri consulenti saranno lieti di risolvere tutte le difficolt\u00e0 che potresti avere con il widget. <\/p> <div class=\"faq\" data-component=\"FAQ\"> <div class=\"faq-item\">\r\n\t\t\t\t\t<div class=\"faq-item-question\">\r\n\t\t\t\t\t\t<h3 class=\"faq-item-question-text\">Come posso aggiungere Banner al mio sito Webflow senza competenze di programmazione?<\/h3>\r\n\r\n\t\t\t\t\t\t<div class=\"faq-item-question-icon\"><\/div>\r\n\t\t\t\t\t<\/div>\r\n\r\n\t\t\t\t\t<div class=\"faq-item-answer\">\r\n\t\t\t\t\t\t<div class=\"faq-item-answer-text\"> <p>Elfsight fornisce una soluzione SaaS che ti consente di creare tu stesso un widget Banner, scopri quanto \u00e8 semplice il processo : lavora direttamente nell&#8217;editor online per creare un widget banner che vorresti vedere sul tuo sito web Webflow. Scegli uno dei modelli predefiniti e regola le impostazioni del banner, aggiungi i tuoi contenuti, modifica il layout e la combinazione di colori senza competenze di codifica. Salva il Banner e copia il suo codice di installazione, che potrai facilmente incorporare nel tuo sito Webflow senza dover acquistare un abbonamento a pagamento. Con il nostro editor intuitivo qualsiasi utente di Internet pu\u00f2 creare widget banner online e incorporarlo facilmente nel proprio sito Web Flow. Non \u00e8 necessario pagare o inserire le credenziali della carta per accedere al servizio. In caso di problemi in qualsiasi momento, non esitate a contattare il nostro team di supporto tecnico.<\/p> <\/div>\r\n\t\t\t\t\t<\/div>\r\n\t\t\t\t<\/div> <\/div> <\/div>","protected":false},"excerpt":{"rendered":"","protected":false},"author":9,"featured_media":0,"parent":2468,"menu_order":0,"comment_status":"closed","ping_status":"closed","template":"templates\/template-application-platform.php","meta":{"publish_to_discourse":"","publish_post_category":"","wpdc_auto_publish_overridden":"","wpdc_topic_tags":"","wpdc_pin_topic":"","wpdc_pin_until":"","discourse_post_id":"","discourse_permalink":"","wpdc_publishing_response":"","wpdc_publishing_error":"","footnotes":""},"class_list":["post-3771","page","type-page","status-publish","hentry"],"yoast_head":"<!-- This site is optimized with the Yoast SEO plugin v25.3.1 - https:\/\/yoast.com\/wordpress\/plugins\/seo\/ -->\n<title>Integra il widget Banner nel sito Web Webflow. Veloce e gratuito (2025)<\/title>\n<meta name=\"description\" content=\"Aggiungi un widget Webflow Banner facile da gestire sul sito web. Utilizza la pratica demo di Elfsight e genera il tuo splendido banner in un paio di minuti\" \/>\n<meta name=\"robots\" content=\"index, follow, max-snippet:-1, max-image-preview:large, max-video-preview:-1\" \/>\n<link rel=\"canonical\" href=\"https:\/\/elfsight.com\/it\/banner-widget\/webflow\/\" \/>\n<meta property=\"og:locale\" content=\"it_IT\" \/>\n<meta property=\"og:type\" content=\"article\" \/>\n<meta property=\"og:title\" content=\"Integra il widget Banner nel sito Web Webflow. Veloce e gratuito (2025)\" \/>\n<meta property=\"og:description\" content=\"Aggiungi un widget Webflow Banner facile da gestire sul sito web. Utilizza la pratica demo di Elfsight e genera il tuo splendido banner in un paio di minuti\" \/>\n<meta property=\"og:url\" content=\"https:\/\/elfsight.com\/it\/banner-widget\/webflow\/\" \/>\n<meta property=\"og:site_name\" content=\"Elfsight IT\" \/>\n<meta property=\"article:modified_time\" content=\"2024-11-12T07:56:14+00:00\" \/>\n<meta name=\"twitter:card\" content=\"summary_large_image\" \/>\n<meta name=\"twitter:label1\" content=\"Tempo di lettura stimato\" \/>\n\t<meta name=\"twitter:data1\" content=\"2 minuti\" \/>\n<!-- \/ Yoast SEO plugin. -->","yoast_head_json":{"title":"Integra il widget Banner nel sito Web Webflow. Veloce e gratuito (2025)","description":"Aggiungi un widget Webflow Banner facile da gestire sul sito web. Utilizza la pratica demo di Elfsight e genera il tuo splendido banner in un paio di minuti","robots":{"index":"index","follow":"follow","max-snippet":"max-snippet:-1","max-image-preview":"max-image-preview:large","max-video-preview":"max-video-preview:-1"},"canonical":"https:\/\/elfsight.com\/it\/banner-widget\/webflow\/","og_locale":"it_IT","og_type":"article","og_title":"Integra il widget Banner nel sito Web Webflow. Veloce e gratuito (2025)","og_description":"Aggiungi un widget Webflow Banner facile da gestire sul sito web. Utilizza la pratica demo di Elfsight e genera il tuo splendido banner in un paio di minuti","og_url":"https:\/\/elfsight.com\/it\/banner-widget\/webflow\/","og_site_name":"Elfsight IT","article_modified_time":"2024-11-12T07:56:14+00:00","twitter_card":"summary_large_image","twitter_misc":{"Tempo di lettura stimato":"2 minuti"},"schema":{"@context":"https:\/\/schema.org","@graph":[{"@type":"WebPage","@id":"https:\/\/elfsight.com\/it\/banner-widget\/webflow\/","url":"https:\/\/elfsight.com\/it\/banner-widget\/webflow\/","name":"Integra il widget Banner nel sito Web Webflow. Veloce e gratuito (2025)","isPartOf":{"@id":"https:\/\/elfsight.com\/it\/#website"},"datePublished":"2024-05-03T06:29:48+00:00","dateModified":"2024-11-12T07:56:14+00:00","description":"Aggiungi un widget Webflow Banner facile da gestire sul sito web. Utilizza la pratica demo di Elfsight e genera il tuo splendido banner in un paio di minuti","breadcrumb":{"@id":"https:\/\/elfsight.com\/it\/banner-widget\/webflow\/#breadcrumb"},"inLanguage":"it-IT","potentialAction":[{"@type":"ReadAction","target":["https:\/\/elfsight.com\/it\/banner-widget\/webflow\/"]}]},{"@type":"BreadcrumbList","@id":"https:\/\/elfsight.com\/it\/banner-widget\/webflow\/#breadcrumb","itemListElement":[{"@type":"ListItem","position":1,"name":"Home","item":"https:\/\/elfsight.com\/it\/"},{"@type":"ListItem","position":2,"name":"Banner","item":"https:\/\/elfsight.com\/it\/banner-widget\/"},{"@type":"ListItem","position":3,"name":"Banner &#8211; Webflow"}]},{"@type":"WebSite","@id":"https:\/\/elfsight.com\/it\/#website","url":"https:\/\/elfsight.com\/it\/","name":"Elfsight IT","description":"Just another Elfsight Sites site","potentialAction":[{"@type":"SearchAction","target":{"@type":"EntryPoint","urlTemplate":"https:\/\/elfsight.com\/it\/?s={search_term_string}"},"query-input":{"@type":"PropertyValueSpecification","valueRequired":true,"valueName":"search_term_string"}}],"inLanguage":"it-IT"}]}},"meta_box":{"industry":"","seo_heading":"","heading":"","description":"","cta_heading":"","cta_description":"","application":"2467","h1":"Widget banner flusso web","h1_caption":"Visualizza banner personalizzabili sul tuo sito Web per promuovere offerte, annunciare eventi o attirare l'attenzione sui contenuti chiave nel tuo sito Web Webflow senza sforzo.","application_category":[],"applications_title":"","applications_request_title":"","applications_request_button_text":"","hero_text":"","hero_video":"","hero_video_schema_markup":"","selling_points_title":"","selling_points_caption":"","selling_points":[],"selling_points_cta_text":"","features_title":"","features":"","ed_cta_examples_text":"","ed_cta_examples_hidden":"","ed_cta_demo_text":"","ed_cta_demo_hidden":"","why_caption":"","why_editor_title":"","why_editor_text":"","why_team_title":"","why_team_text":"","why_service_title":"","why_service_text":"","template_catalog_visible":"","template_catalog_title":"","template_catalog_text":"","template_catalog_categories_visible":"","demo_title":"Crea il tuo widget Banner","demo_caption":"Configura il tuo banner e aggiungilo gratuitamente al tuo sito Webflow!","default_faq_hidden":"","app_template_category":[],"platform":"44","template_public_id":"","codecanyon_url":"","codecanyon_item_id":"","codecanyon_price":"","pricing_caption":"","pricing_elfsight_apps_hide_column":"","pricing_elfsight_apps_url":"","pricing_codecanyon_price_caption":"","integration_category":[],"integration_request_title":"","integration_request_cta":"","integration_platform":"","integrations":[],"platform_category":[],"video_schema_markup":"","price":"da $ 0 al mese","trial":"","benefits":[{"text":"Aiuto per l'installazione gratuito"},{"text":"Servizio clienti efficace"},{"text":"Garanzia di rimborso di 14 giorni"},{"text":"Miglioramenti regolari"}],"button_url":"#demo","button_target_blank":"","button_nofollow":"","attributes":[{"name":"Installazioni"},{"name":"Reattivo","content":"S\u00cc"},{"name":"Browser compatibili","content":"Firefox, Safari, Opera, Chrome, Edge"}],"tags":[],"tags_disable_links":"","hide_more_platforms":"","video_object":"","demo_hide_cta":"","demo_hide_cloud_options":"","pricing_title":"","pricing":[{"pricing_icon":"platform","pricing_title":"Elfsight Apps","pricing_title_caption":"Soluzione digitale multipiattaforma che funziona su qualsiasi sito","pricing_price":"da $ 0 \/ mese","pricing_price_caption":"inizia con un piano gratuito","pricing_benefits":[{"text":"Siti web illimitati"},{"text":"Assistenza gratuita e puntuale"},{"text":"Servizio di installazione gratuito"},{"text":"Completamente personalizzabile"}],"pricing_button_text":"Aggiungi al sito web","pricing_button_url":"#demo"}],"related_apps_title":"","related_apps_hidden":"","author":"","image":[],"title":"","job":"","social_networks":[]},"_links":{"self":[{"href":"https:\/\/elfsight.com\/it\/wp-json\/wp\/v2\/pages\/3771","targetHints":{"allow":["GET"]}}],"collection":[{"href":"https:\/\/elfsight.com\/it\/wp-json\/wp\/v2\/pages"}],"about":[{"href":"https:\/\/elfsight.com\/it\/wp-json\/wp\/v2\/types\/page"}],"author":[{"embeddable":true,"href":"https:\/\/elfsight.com\/it\/wp-json\/wp\/v2\/users\/9"}],"replies":[{"embeddable":true,"href":"https:\/\/elfsight.com\/it\/wp-json\/wp\/v2\/comments?post=3771"}],"version-history":[{"count":1,"href":"https:\/\/elfsight.com\/it\/wp-json\/wp\/v2\/pages\/3771\/revisions"}],"predecessor-version":[{"id":3775,"href":"https:\/\/elfsight.com\/it\/wp-json\/wp\/v2\/pages\/3771\/revisions\/3775"}],"up":[{"embeddable":true,"href":"https:\/\/elfsight.com\/it\/wp-json\/wp\/v2\/pages\/2468"}],"wp:attachment":[{"href":"https:\/\/elfsight.com\/it\/wp-json\/wp\/v2\/media?parent=3771"}],"curies":[{"name":"wp","href":"https:\/\/api.w.org\/{rel}","templated":true}]}}