{"id":3770,"date":"2024-05-03T06:29:47","date_gmt":"2024-05-03T06:29:47","guid":{"rendered":"https:\/\/elfsight.com\/it\/?page_id=3770"},"modified":"2024-11-12T07:56:14","modified_gmt":"2024-11-12T07:56:14","slug":"webnode","status":"publish","type":"page","link":"https:\/\/elfsight.com\/it\/banner-widget\/webnode\/","title":{"rendered":"Banner &#8211; Webnode"},"content":{"rendered":"<div class=\"application-platform-content-item-description application-platform-content-item\" id=\"description\" data-nav-section=\"description\"> <h2>Descrizione<\/h2> <p>Il widget Elfsight Banner per Webnode \u00e8 una funzionalit\u00e0 estremamente personalizzabile. Ora hai la possibilit\u00e0 di creare un banner promozionale per quasi tutti gli obiettivi. Tutto quello che devi fare \u00e8 scegliere un&#8217;immagine di sfondo, il tipo di sfondo, determinarne la posizione, aggiungere il titolo e la didascalia. Ricordati di aggiungere un pulsante di invito all&#8217;azione, un elemento centrale di qualsiasi banner. E ovviamente puoi modificare il design generale del widget nel modo che preferisci. <\/p> <p><b>Utilizzando il nostro attraente banner sulle pagine del tuo sito web, promuovi i tuoi prodotti e servizi, spingendo pi\u00f9 utenti del sito web a effettuare un acquisto<\/b><\/p> <\/div> <div class=\"application-platform-content-item- funzionalit\u00e0 application-platform-content-item\" id=\" funzionalit\u00e0\" data-nav-section=\" funzionalit\u00e0\"> <h2>Consulta l&#8217;elenco delle funzionalit\u00e0 pi\u00f9 importanti: <\/h2> <ul><li>Carica immagini e video adatti. <\/li><li>Aggiungi link, email o telefono <\/li><li>Aggiungi titolo e testo. <\/li><li>Crea un pulsante CTA. <\/li><li>Consenti al pulsante di essere riempito o delineato. <\/li><\/ul><p><a href=\"#demo\">Puoi verificare tutte le funzionalit\u00e0 del widget nella demo <\/a><\/p> <\/div> <div class=\"application-platform-content-item- installazione application-platform-content-item\" id=\" installazione\" data-nav-section=\" installazione\"> <h2>Come aggiungo un banner sul mio sito Webnode? <\/h2> <p>Basta applicare le istruzioni seguenti per inserire lo strumento. <\/p> <ol><li><b>Gestisci il nostro configuratore gratuito e inizia a costruire il tuo widget personalizzato. <\/b><br> Scegli il modulo selezionato e le opzioni del widget e applica le modifiche. <\/li> <li><b>Copia il tuo codice personale esposto nell&#8217;apposito form su Elfsight Apps. <\/b><br> Subito dopo aver terminato la configurazione del tuo widget, copia il codice personale dal riquadro visualizzato e conservalo per ulteriori necessit\u00e0. <\/li> <li><b>Accedi all&#8217;utilizzo del widget sul tuo sito Webnode. <\/b><br> Integra il codice copiato in precedenza nella tua home page e applica le modifiche. <\/li> <li><b>La configurazione \u00e8 completamente completata. <\/b><br> Visita il tuo sito web per osservare il funzionamento dello strumento. <\/li><\/ol> <p>A condizione che si verifichino domande o si incontrino difficolt\u00e0, non esitate a rivolgersi al nostro team di supporto. I nostri consulenti saranno lieti di aiutarti con tutti i problemi che potresti avere con lo strumento. <\/p> <div class=\"faq\" data-component=\"FAQ\"> <div class=\"faq-item\">\r\n\t\t\t\t\t<div class=\"faq-item-question\">\r\n\t\t\t\t\t\t<h3 class=\"faq-item-question-text\">Come aggiungere Banner al mio sito Webnode senza competenze di programmazione?<\/h3>\r\n\r\n\t\t\t\t\t\t<div class=\"faq-item-question-icon\"><\/div>\r\n\t\t\t\t\t<\/div>\r\n\r\n\t\t\t\t\t<div class=\"faq-item-answer\">\r\n\t\t\t\t\t\t<div class=\"faq-item-answer-text\"> <p>Elfsight fornisce una soluzione SaaS che ti consente di creare tu stesso un widget Banner, guarda quanto \u00e8 semplice il processo: Lavora direttamente nell&#8217;Editor online per creare un widget Banner che vorresti vedere sul tuo sito Webnode. Scegli uno dei modelli predefiniti e regola le impostazioni del banner, aggiungi i tuoi contenuti, modifica il layout e la combinazione di colori senza competenze di codifica. Salva il Banner e copia il suo codice di installazione, che potrai incollare facilmente nel tuo sito Webnode senza acquistare un piano a pagamento. Con il nostro editor intuitivo qualsiasi utente di Internet pu\u00f2 creare widget banner online e incorporarlo facilmente nel proprio sito Webnode. Non \u00e8 necessario pagare o inserire le credenziali della carta per accedere al servizio. In caso di problemi in qualsiasi momento, non esitate a contattare il nostro team di supporto tecnico.<\/p> <\/div>\r\n\t\t\t\t\t<\/div>\r\n\t\t\t\t<\/div> <\/div> <\/div>","protected":false},"excerpt":{"rendered":"","protected":false},"author":9,"featured_media":0,"parent":2468,"menu_order":0,"comment_status":"closed","ping_status":"closed","template":"templates\/template-application-platform.php","meta":{"publish_to_discourse":"","publish_post_category":"","wpdc_auto_publish_overridden":"","wpdc_topic_tags":"","wpdc_pin_topic":"","wpdc_pin_until":"","discourse_post_id":"","discourse_permalink":"","wpdc_publishing_response":"","wpdc_publishing_error":"","footnotes":""},"class_list":["post-3770","page","type-page","status-publish","hentry"],"yoast_head":"<!-- This site is optimized with the Yoast SEO plugin v25.3.1 - https:\/\/yoast.com\/wordpress\/plugins\/seo\/ -->\n<title>Aggiungi il widget Banner al sito Webnode. Veloce e gratuito (2025)<\/title>\n<meta name=\"description\" content=\"Inserisci un widget Banner Webnode ottimizzato per dispositivi mobili sul tuo sito web. Utilizza la pratica demo di Elfsight e crea il tuo straordinario banner in due clic\" \/>\n<meta name=\"robots\" content=\"index, follow, max-snippet:-1, max-image-preview:large, max-video-preview:-1\" \/>\n<link rel=\"canonical\" href=\"https:\/\/elfsight.com\/it\/banner-widget\/webnode\/\" \/>\n<meta property=\"og:locale\" content=\"it_IT\" \/>\n<meta property=\"og:type\" content=\"article\" \/>\n<meta property=\"og:title\" content=\"Aggiungi il widget Banner al sito Webnode. Veloce e gratuito (2025)\" \/>\n<meta property=\"og:description\" content=\"Inserisci un widget Banner Webnode ottimizzato per dispositivi mobili sul tuo sito web. Utilizza la pratica demo di Elfsight e crea il tuo straordinario banner in due clic\" \/>\n<meta property=\"og:url\" content=\"https:\/\/elfsight.com\/it\/banner-widget\/webnode\/\" \/>\n<meta property=\"og:site_name\" content=\"Elfsight IT\" \/>\n<meta property=\"article:modified_time\" content=\"2024-11-12T07:56:14+00:00\" \/>\n<meta name=\"twitter:card\" content=\"summary_large_image\" \/>\n<meta name=\"twitter:label1\" content=\"Tempo di lettura stimato\" \/>\n\t<meta name=\"twitter:data1\" content=\"2 minuti\" \/>\n<!-- \/ Yoast SEO plugin. -->","yoast_head_json":{"title":"Aggiungi il widget Banner al sito Webnode. Veloce e gratuito (2025)","description":"Inserisci un widget Banner Webnode ottimizzato per dispositivi mobili sul tuo sito web. Utilizza la pratica demo di Elfsight e crea il tuo straordinario banner in due clic","robots":{"index":"index","follow":"follow","max-snippet":"max-snippet:-1","max-image-preview":"max-image-preview:large","max-video-preview":"max-video-preview:-1"},"canonical":"https:\/\/elfsight.com\/it\/banner-widget\/webnode\/","og_locale":"it_IT","og_type":"article","og_title":"Aggiungi il widget Banner al sito Webnode. Veloce e gratuito (2025)","og_description":"Inserisci un widget Banner Webnode ottimizzato per dispositivi mobili sul tuo sito web. Utilizza la pratica demo di Elfsight e crea il tuo straordinario banner in due clic","og_url":"https:\/\/elfsight.com\/it\/banner-widget\/webnode\/","og_site_name":"Elfsight IT","article_modified_time":"2024-11-12T07:56:14+00:00","twitter_card":"summary_large_image","twitter_misc":{"Tempo di lettura stimato":"2 minuti"},"schema":{"@context":"https:\/\/schema.org","@graph":[{"@type":"WebPage","@id":"https:\/\/elfsight.com\/it\/banner-widget\/webnode\/","url":"https:\/\/elfsight.com\/it\/banner-widget\/webnode\/","name":"Aggiungi il widget Banner al sito Webnode. Veloce e gratuito (2025)","isPartOf":{"@id":"https:\/\/elfsight.com\/it\/#website"},"datePublished":"2024-05-03T06:29:47+00:00","dateModified":"2024-11-12T07:56:14+00:00","description":"Inserisci un widget Banner Webnode ottimizzato per dispositivi mobili sul tuo sito web. Utilizza la pratica demo di Elfsight e crea il tuo straordinario banner in due clic","breadcrumb":{"@id":"https:\/\/elfsight.com\/it\/banner-widget\/webnode\/#breadcrumb"},"inLanguage":"it-IT","potentialAction":[{"@type":"ReadAction","target":["https:\/\/elfsight.com\/it\/banner-widget\/webnode\/"]}]},{"@type":"BreadcrumbList","@id":"https:\/\/elfsight.com\/it\/banner-widget\/webnode\/#breadcrumb","itemListElement":[{"@type":"ListItem","position":1,"name":"Home","item":"https:\/\/elfsight.com\/it\/"},{"@type":"ListItem","position":2,"name":"Banner","item":"https:\/\/elfsight.com\/it\/banner-widget\/"},{"@type":"ListItem","position":3,"name":"Banner &#8211; Webnode"}]},{"@type":"WebSite","@id":"https:\/\/elfsight.com\/it\/#website","url":"https:\/\/elfsight.com\/it\/","name":"Elfsight IT","description":"Just another Elfsight Sites site","potentialAction":[{"@type":"SearchAction","target":{"@type":"EntryPoint","urlTemplate":"https:\/\/elfsight.com\/it\/?s={search_term_string}"},"query-input":{"@type":"PropertyValueSpecification","valueRequired":true,"valueName":"search_term_string"}}],"inLanguage":"it-IT"}]}},"meta_box":{"industry":"","seo_heading":"","heading":"","description":"","cta_heading":"","cta_description":"","application":"2467","h1":"Widget Banner di Webnode","h1_caption":"Visualizza banner personalizzabili sul tuo sito web per promuovere offerte, annunciare eventi o attirare l'attenzione su contenuti chiave nel tuo sito web Webnode senza sforzo.","application_category":[],"applications_title":"","applications_request_title":"","applications_request_button_text":"","hero_text":"","hero_video":"","hero_video_schema_markup":"","selling_points_title":"","selling_points_caption":"","selling_points":[],"selling_points_cta_text":"","features_title":"","features":"","ed_cta_examples_text":"","ed_cta_examples_hidden":"","ed_cta_demo_text":"","ed_cta_demo_hidden":"","why_caption":"","why_editor_title":"","why_editor_text":"","why_team_title":"","why_team_text":"","why_service_title":"","why_service_text":"","template_catalog_visible":"","template_catalog_title":"","template_catalog_text":"","template_catalog_categories_visible":"","demo_title":"Crea il tuo widget Banner","demo_caption":"Configura il tuo Banner e aggiungilo gratuitamente al tuo sito Webnode!","default_faq_hidden":"","app_template_category":[],"platform":"47","template_public_id":"","codecanyon_url":"","codecanyon_item_id":"","codecanyon_price":"","pricing_caption":"","pricing_elfsight_apps_hide_column":"","pricing_elfsight_apps_url":"","pricing_codecanyon_price_caption":"","integration_category":[],"integration_request_title":"","integration_request_cta":"","integration_platform":"","integrations":[],"platform_category":[],"video_schema_markup":"","price":"da $ 0 al mese","trial":"","benefits":[{"text":"Servizio di installazione gratuito"},{"text":"Supporto eccezionale"},{"text":"Garanzia di rimborso di 14 giorni"},{"text":"Aggiornamento costante"}],"button_url":"#demo","button_target_blank":"","button_nofollow":"","attributes":[{"name":"Installazioni"},{"name":"Reattivo","content":"S\u00cc"},{"name":"Browser compatibili","content":"Firefox, Safari, Opera, Chrome, Edge"}],"tags":[],"tags_disable_links":"","hide_more_platforms":"","video_object":"","demo_hide_cta":"","demo_hide_cloud_options":"","pricing_title":"","pricing":[{"pricing_icon":"platform","pricing_title":"Elfsight Apps","pricing_title_caption":"Soluzione multipiattaforma che funziona su qualsiasi sito","pricing_price":"da $ 0 \/ mese","pricing_price_caption":"inizia con un piano gratuito","pricing_benefits":[{"text":"Siti web illimitati"},{"text":"Supporto dedicato"},{"text":"Assistenza gratuita per l'installazione"},{"text":"Progettazione flessibile"}],"pricing_button_text":"Aggiungi al sito web","pricing_button_url":"#demo"}],"related_apps_title":"","related_apps_hidden":"","author":"","image":[],"title":"","job":"","social_networks":[]},"_links":{"self":[{"href":"https:\/\/elfsight.com\/it\/wp-json\/wp\/v2\/pages\/3770","targetHints":{"allow":["GET"]}}],"collection":[{"href":"https:\/\/elfsight.com\/it\/wp-json\/wp\/v2\/pages"}],"about":[{"href":"https:\/\/elfsight.com\/it\/wp-json\/wp\/v2\/types\/page"}],"author":[{"embeddable":true,"href":"https:\/\/elfsight.com\/it\/wp-json\/wp\/v2\/users\/9"}],"replies":[{"embeddable":true,"href":"https:\/\/elfsight.com\/it\/wp-json\/wp\/v2\/comments?post=3770"}],"version-history":[{"count":1,"href":"https:\/\/elfsight.com\/it\/wp-json\/wp\/v2\/pages\/3770\/revisions"}],"predecessor-version":[{"id":3774,"href":"https:\/\/elfsight.com\/it\/wp-json\/wp\/v2\/pages\/3770\/revisions\/3774"}],"up":[{"embeddable":true,"href":"https:\/\/elfsight.com\/it\/wp-json\/wp\/v2\/pages\/2468"}],"wp:attachment":[{"href":"https:\/\/elfsight.com\/it\/wp-json\/wp\/v2\/media?parent=3770"}],"curies":[{"name":"wp","href":"https:\/\/api.w.org\/{rel}","templated":true}]}}