{"id":3754,"date":"2024-05-03T06:29:39","date_gmt":"2024-05-03T06:29:39","guid":{"rendered":"https:\/\/elfsight.com\/it\/?page_id=3754"},"modified":"2024-11-11T11:20:08","modified_gmt":"2024-11-11T11:20:08","slug":"jimdo","status":"publish","type":"page","link":"https:\/\/elfsight.com\/it\/banner-widget\/jimdo\/","title":{"rendered":"Banner &#8211; Jimdo"},"content":{"rendered":"<div class=\"application-platform-content-item-description application-platform-content-item\" id=\"description\" data-nav-section=\"description\"> <h2>Descrizione<\/h2> <p>Il widget Elfsight Banner \u00e8 un widget altamente personalizzabile per Jimdo. Attualmente hai l&#8217;opportunit\u00e0 di creare un banner promozionale per qualsiasi obiettivo. Tutto ci\u00f2 che serve \u00e8 scegliere un&#8217;immagine di sfondo, il tipo di sfondo, decidere la sua posizione, allegare il titolo e il testo. Non dimenticare di aggiungere un pulsante CTA, una parte essenziale di qualsiasi banner promozionale. E sicuramente sei libero di modificare il design generale del widget nel modo in cui funziona per te. <\/p> <p><b>Per mezzo del nostro accattivante banner sul tuo sito web, promuovi le tue offerte e i tuoi servizi, ispirando pi\u00f9 utenti del sito web a effettuare un acquisto<\/b><\/p> <p><b>Realizza il tuo sito web pi\u00f9 efficiente per le attivit\u00e0 aziendali con l&#8217;aiuto di Jimdo<\/b><\/p> <\/div> <div class=\"application-platform-content-item-features application-platform-content-item\" id=\"features\" data-nav-section=\"features\"> <h2>Queste sono solo alcune delle varie funzionalit\u00e0 del widget: <\/h2> <ul><li>Carica foto e video. <\/li><li>Aggiungi link, email o telefono <\/li><li>Aggiungi titolo e testo della didascalia. <\/li><li>Crea il tuo pulsante CTA. <\/li><li>Lascia che il tuo pulsante venga riempito o delineato. <\/li><\/ul><p><a href=\"#demo\">Prova questa demo per vedere quanto vale il widget<\/a><\/p> <\/div> <div class=\"application-platform-content-item-installation application-platform-content-item\" id=\"installation\" data-nav-section=\"installation\"> <h2>Come posso incorporare un banner nel mio sito Jimdo? <\/h2> <p>Basta seguire le linee guida riportate di seguito per inserire il widget. <\/p> <ol><li><b>Utilizza la nostra demo gratuita e inizia a dare forma al tuo widget personalizzato. <\/b><br> Specifica il design e le specifiche desiderabili del widget e salva le correzioni. <\/li> <li><b>Ottieni il codice individuale esposto nella finestra su Elfsight Apps. <\/b><br> Subito dopo aver completato la configurazione del tuo widget, copia il codice personale dal popup emerso e conservalo per un utilizzo futuro. <\/li> <li><b>Inizia a utilizzare lo strumento sulla pagina web Jimdo. <\/b><br> Inserisci il codice copiato in precedenza nella tua home page e applica le modifiche. <\/li> <li><b>La configurazione \u00e8 completamente completata. <\/b><br> Visita il tuo sito per vedere in azione come funziona il widget. <\/li><\/ol> <p>Se hai qualche difficolt\u00e0, non esitare a rivolgerti al nostro personale di supporto. I nostri consulenti saranno felici di risolvere tutte le domande che potresti avere con il widget. <\/p> <div class=\"faq\" data-component=\"FAQ\"> <div class=\"faq-item\">\r\n\t\t\t\t\t<div class=\"faq-item-question\">\r\n\t\t\t\t\t\t<h3 class=\"faq-item-question-text\">Come posso aggiungere Banner al mio sito web Jimdo senza competenze di programmazione?<\/h3>\r\n\r\n\t\t\t\t\t\t<div class=\"faq-item-question-icon\"><\/div>\r\n\t\t\t\t\t<\/div>\r\n\r\n\t\t\t\t\t<div class=\"faq-item-answer\">\r\n\t\t\t\t\t\t<div class=\"faq-item-answer-text\"> <p>Elfsight fornisce una soluzione SaaS che ti consente di creare tu stesso un widget Banner, scopri quanto \u00e8 semplice il processo : lavora direttamente nell&#8217;editor online per creare un widget banner che vorresti vedere sul tuo sito Jimdo. Scegli uno dei modelli predefiniti e regola le impostazioni del banner, aggiungi i tuoi contenuti, modifica il layout e i colori senza alcuna abilit\u00e0 di codifica. Salva il Banner e copia il suo codice di installazione, che potrai incollare nel tuo sito Jimdo senza acquistare una versione a pagamento. Con il nostro editor intuitivo qualsiasi utente di Internet pu\u00f2 creare widget banner online e incorporarlo facilmente nel proprio sito Jimdo. Non \u00e8 necessario pagare o inserire le credenziali della carta per accedere al servizio. In caso di problemi in qualsiasi momento, non esitate a contattare il nostro team di supporto tecnico.<\/p> <\/div>\r\n\t\t\t\t\t<\/div>\r\n\t\t\t\t<\/div> <\/div> <\/div>","protected":false},"excerpt":{"rendered":"","protected":false},"author":9,"featured_media":0,"parent":2468,"menu_order":0,"comment_status":"closed","ping_status":"closed","template":"templates\/template-application-platform.php","meta":{"publish_to_discourse":"","publish_post_category":"","wpdc_auto_publish_overridden":"","wpdc_topic_tags":"","wpdc_pin_topic":"","wpdc_pin_until":"","discourse_post_id":"","discourse_permalink":"","wpdc_publishing_response":"","wpdc_publishing_error":"","footnotes":""},"class_list":["post-3754","page","type-page","status-publish","hentry"],"yoast_head":"<!-- This site is optimized with the Yoast SEO plugin v25.3.1 - https:\/\/yoast.com\/wordpress\/plugins\/seo\/ -->\n<title>Incorpora il widget Banner nel sito web Jimdo. Veloce e gratuito (2026)<\/title>\n<meta name=\"description\" content=\"Aggiungi un widget Jimdo Banner facile da gestire sul sito. Prova la pratica demo di Elfsight e crea il tuo straordinario banner in tre minuti.\" \/>\n<meta name=\"robots\" content=\"index, follow, max-snippet:-1, max-image-preview:large, max-video-preview:-1\" \/>\n<link rel=\"canonical\" href=\"https:\/\/elfsight.com\/it\/banner-widget\/jimdo\/\" \/>\n<meta property=\"og:locale\" content=\"it_IT\" \/>\n<meta property=\"og:type\" content=\"article\" \/>\n<meta property=\"og:title\" content=\"Incorpora il widget Banner nel sito web Jimdo. Veloce e gratuito (2026)\" \/>\n<meta property=\"og:description\" content=\"Aggiungi un widget Jimdo Banner facile da gestire sul sito. Prova la pratica demo di Elfsight e crea il tuo straordinario banner in tre minuti.\" \/>\n<meta property=\"og:url\" content=\"https:\/\/elfsight.com\/it\/banner-widget\/jimdo\/\" \/>\n<meta property=\"og:site_name\" content=\"Elfsight IT\" \/>\n<meta property=\"article:modified_time\" content=\"2024-11-11T11:20:08+00:00\" \/>\n<meta name=\"twitter:card\" content=\"summary_large_image\" \/>\n<meta name=\"twitter:label1\" content=\"Tempo di lettura stimato\" \/>\n\t<meta name=\"twitter:data1\" content=\"3 minuti\" \/>\n<!-- \/ Yoast SEO plugin. -->","yoast_head_json":{"title":"Incorpora il widget Banner nel sito web Jimdo. Veloce e gratuito (2026)","description":"Aggiungi un widget Jimdo Banner facile da gestire sul sito. Prova la pratica demo di Elfsight e crea il tuo straordinario banner in tre minuti.","robots":{"index":"index","follow":"follow","max-snippet":"max-snippet:-1","max-image-preview":"max-image-preview:large","max-video-preview":"max-video-preview:-1"},"canonical":"https:\/\/elfsight.com\/it\/banner-widget\/jimdo\/","og_locale":"it_IT","og_type":"article","og_title":"Incorpora il widget Banner nel sito web Jimdo. Veloce e gratuito (2026)","og_description":"Aggiungi un widget Jimdo Banner facile da gestire sul sito. Prova la pratica demo di Elfsight e crea il tuo straordinario banner in tre minuti.","og_url":"https:\/\/elfsight.com\/it\/banner-widget\/jimdo\/","og_site_name":"Elfsight IT","article_modified_time":"2024-11-11T11:20:08+00:00","twitter_card":"summary_large_image","twitter_misc":{"Tempo di lettura stimato":"3 minuti"},"schema":{"@context":"https:\/\/schema.org","@graph":[{"@type":"WebPage","@id":"https:\/\/elfsight.com\/it\/banner-widget\/jimdo\/","url":"https:\/\/elfsight.com\/it\/banner-widget\/jimdo\/","name":"Incorpora il widget Banner nel sito web Jimdo. Veloce e gratuito (2026)","isPartOf":{"@id":"https:\/\/elfsight.com\/it\/#website"},"datePublished":"2024-05-03T06:29:39+00:00","dateModified":"2024-11-11T11:20:08+00:00","description":"Aggiungi un widget Jimdo Banner facile da gestire sul sito. Prova la pratica demo di Elfsight e crea il tuo straordinario banner in tre minuti.","breadcrumb":{"@id":"https:\/\/elfsight.com\/it\/banner-widget\/jimdo\/#breadcrumb"},"inLanguage":"it-IT","potentialAction":[{"@type":"ReadAction","target":["https:\/\/elfsight.com\/it\/banner-widget\/jimdo\/"]}]},{"@type":"BreadcrumbList","@id":"https:\/\/elfsight.com\/it\/banner-widget\/jimdo\/#breadcrumb","itemListElement":[{"@type":"ListItem","position":1,"name":"Home","item":"https:\/\/elfsight.com\/it\/"},{"@type":"ListItem","position":2,"name":"Banner","item":"https:\/\/elfsight.com\/it\/banner-widget\/"},{"@type":"ListItem","position":3,"name":"Banner &#8211; Jimdo"}]},{"@type":"WebSite","@id":"https:\/\/elfsight.com\/it\/#website","url":"https:\/\/elfsight.com\/it\/","name":"Elfsight IT","description":"Just another Elfsight Sites site","potentialAction":[{"@type":"SearchAction","target":{"@type":"EntryPoint","urlTemplate":"https:\/\/elfsight.com\/it\/?s={search_term_string}"},"query-input":{"@type":"PropertyValueSpecification","valueRequired":true,"valueName":"search_term_string"}}],"inLanguage":"it-IT"}]}},"meta_box":{"industry":"","seo_heading":"","heading":"","description":"","cta_heading":"","cta_description":"","application":"2467","h1":"Widget Banner Jimdo","h1_caption":"Visualizza banner personalizzabili sul tuo sito web per promuovere offerte, annunciare eventi o attirare l'attenzione su contenuti chiave nel tuo sito Jimdo in tutta semplicit\u00e0.","application_category":[],"applications_title":"","applications_request_title":"","applications_request_button_text":"","hero_text":"","hero_video":"","hero_video_schema_markup":"","selling_points_title":"","selling_points_caption":"","selling_points":[],"selling_points_cta_text":"","features_title":"","features":"","ed_cta_examples_text":"","ed_cta_examples_hidden":"","ed_cta_demo_text":"","ed_cta_demo_hidden":"","why_caption":"","why_editor_title":"","why_editor_text":"","why_team_title":"","why_team_text":"","why_service_title":"","why_service_text":"","template_catalog_visible":"","template_catalog_title":"","template_catalog_text":"","template_catalog_categories_visible":"","demo_title":"Crea il tuo widget Banner","demo_caption":"Configura il tuo Banner e aggiungilo gratuitamente al tuo sito Jimdo!","default_faq_hidden":"","app_template_category":[],"platform":"55","template_public_id":"","codecanyon_url":"","codecanyon_item_id":"","codecanyon_price":"","pricing_caption":"","pricing_elfsight_apps_hide_column":"","pricing_elfsight_apps_url":"","pricing_codecanyon_price_caption":"","integration_category":[],"integration_request_title":"","integration_request_cta":"","integration_platform":"","integrations":[],"platform_category":[],"video_schema_markup":"","price":"da $ 0 al mese","trial":"","benefits":[{"text":"Assistenza gratuita per l'installazione"},{"text":"Servizio clienti eccezionale"},{"text":"Garanzia di rimborso di 14 giorni"},{"text":"Miglioramenti gratuiti continui"}],"button_url":"#demo","button_target_blank":"","button_nofollow":"","attributes":[{"name":"Installazioni"},{"name":"Reattivo","content":"S\u00cc"},{"name":"Browser compatibili","content":"Opera, Safari, Firefox, Edge, Chrome"}],"tags":[],"tags_disable_links":"","hide_more_platforms":"","video_object":"","demo_hide_cta":"","demo_hide_cloud_options":"","pricing_title":"","pricing":[{"pricing_icon":"platform","pricing_title":"Elfsight Apps","pricing_title_caption":"Soluzione indipendente dalla piattaforma adatta a qualsiasi sito","pricing_price":"da $ 0 \/ mese","pricing_price_caption":"inizia con un piano gratuito","pricing_benefits":[{"text":"Siti web illimitati"},{"text":"Assistenza clienti gratuita"},{"text":"Aiuto per l'installazione gratuito"},{"text":"100% personalizzabile"}],"pricing_button_text":"Aggiungi al sito web","pricing_button_url":"#demo"}],"related_apps_title":"","related_apps_hidden":"","author":"","image":[],"title":"","job":"","social_networks":[]},"_links":{"self":[{"href":"https:\/\/elfsight.com\/it\/wp-json\/wp\/v2\/pages\/3754","targetHints":{"allow":["GET"]}}],"collection":[{"href":"https:\/\/elfsight.com\/it\/wp-json\/wp\/v2\/pages"}],"about":[{"href":"https:\/\/elfsight.com\/it\/wp-json\/wp\/v2\/types\/page"}],"author":[{"embeddable":true,"href":"https:\/\/elfsight.com\/it\/wp-json\/wp\/v2\/users\/9"}],"replies":[{"embeddable":true,"href":"https:\/\/elfsight.com\/it\/wp-json\/wp\/v2\/comments?post=3754"}],"version-history":[{"count":1,"href":"https:\/\/elfsight.com\/it\/wp-json\/wp\/v2\/pages\/3754\/revisions"}],"predecessor-version":[{"id":3758,"href":"https:\/\/elfsight.com\/it\/wp-json\/wp\/v2\/pages\/3754\/revisions\/3758"}],"up":[{"embeddable":true,"href":"https:\/\/elfsight.com\/it\/wp-json\/wp\/v2\/pages\/2468"}],"wp:attachment":[{"href":"https:\/\/elfsight.com\/it\/wp-json\/wp\/v2\/media?parent=3754"}],"curies":[{"name":"wp","href":"https:\/\/api.w.org\/{rel}","templated":true}]}}